{"id":102,"date":"2019-07-17T16:04:09","date_gmt":"2019-07-17T14:04:09","guid":{"rendered":"http:\/\/hetzelsponheuer.de\/de\/?page_id=102"},"modified":"2025-11-25T11:05:54","modified_gmt":"2025-11-25T10:05:54","slug":"impressum","status":"publish","type":"page","link":"https:\/\/hetzelsponheuer.de\/de\/info\/impressum\/","title":{"rendered":"Impressum"},"content":{"rendered":"<div class=\"langhash\" data-val=\"#imprint\"><\/div>\n\n<div class=\"row x-4 md-3-6-3 sm-0-12-0 wp-block-lazyblock-inner-block lazyblock-inner-block-Z2vHaDo\">\n<div class=\"col wp-block-lazyblock-inner-block lazyblock-inner-block-ZotJ10\">\n<div class=\"bg grey wp-block-lazyblock-inner-block lazyblock-inner-block-2cFvX4\">\n\n<p>  <\/p>\n\n<\/div>\n<\/div>\n\n<div class=\"col wp-block-lazyblock-inner-block lazyblock-inner-block-biHKg\">\n<div class=\"bg grey wp-block-lazyblock-inner-block lazyblock-inner-block-1DaNdq\">\n\n<p>     <\/p>\n\n<\/div>\n<\/div>\n\n<div class=\"col wp-block-lazyblock-inner-block lazyblock-inner-block-1kRP5U\">\n<div class=\"bg grey wp-block-lazyblock-inner-block lazyblock-inner-block-1UwPll\">\n\n<p>  <\/p>\n\n<\/div>\n<\/div>\n<\/div>\n\n<div class=\"row x-24 md-3-9 sm-0-12 wp-block-lazyblock-inner-block lazyblock-inner-block-qgFB8\">\n<div class=\"col wp-block-lazyblock-inner-block lazyblock-inner-block-2rewoT\">\n<div class=\"wp-block-lazyblock-inner-block lazyblock-inner-block-Z21LrxE\">\n\n<p>  <\/p>\n\n<\/div>\n<\/div>\n\n<div class=\"col wp-block-lazyblock-inner-block lazyblock-inner-block-2mxEjm\">\n<div class=\"head wp-block-lazyblock-inner-block lazyblock-inner-block-ZWeyf3\">\n\n<h2 class=\"wp-block-heading h1\">Impressum<\/h2>\n\n<\/div>\n<\/div>\n<\/div>\n\n<div class=\"row x-24 md-3-6-3 sm-0-12-0 wp-block-lazyblock-inner-block lazyblock-inner-block-Pr0Ob\">\n<div class=\"col wp-block-lazyblock-inner-block lazyblock-inner-block-Z26MQrf\">\n<div class=\"wp-block-lazyblock-inner-block lazyblock-inner-block-Z2umuP8\">\n\n<h3 class=\"wp-block-heading\">&#8211;<\/h3>\n\n\n\n<h4 class=\"wp-block-heading\">Hetzel + Sponheuer GmbH &amp; Co. KG<\/h4>\n\n\n\n<p>Nordsternstra\u00dfe 65<br>45329 Essen&nbsp;<br>fon <a href=\"tel:+49 201 3646-01\">+49 201 3646-01&nbsp;<\/a><br>fax +49 201 3646-111<br>www.hetzelsponheuer.de<br><a href=\"mailto:info@hetzelsponheuer.de\">info@hetzelsponheuer.de<\/a><\/p>\n\n\n\n<h4 class=\"wp-block-heading\">Registergericht<\/h4>\n\n\n\n<p>Amtsgericht Essen<br>Registernummer:&nbsp;<br>HRA 517<\/p>\n\n\n\n<h4 class=\"wp-block-heading\">Pers\u00f6nlich haftende Gesellschafterin<\/h4>\n\n\n\n<p>Hetzel &amp; Co.&nbsp;Verwaltungs GmbH<\/p>\n\n\n\n<h4 class=\"wp-block-heading\">Registergericht<\/h4>\n\n\n\n<p>Amtsgericht Essen<br>Registernummer:&nbsp;<br>HRB 19610<\/p>\n\n\n\n<h4 class=\"wp-block-heading\">Gesch\u00e4ftsf\u00fchrung<\/h4>\n\n\n\n<p class=\"no-margin\">Dipl.-Ing. Uwe Steinfeld&nbsp;<\/p>\n\n\n\n<h4 class=\"wp-block-heading\">Zust\u00e4ndige Kammer<\/h4>\n\n\n\n<p>Handwerkskammer&nbsp;<br>D\u00fcsseldorf<\/p>\n\n\n\n<h4 class=\"wp-block-heading\">Berufsrechtliche&nbsp;<br>Regelungen<\/h4>\n\n\n\n<p>Handwerksordnung<\/p>\n\n\n\n<h4 class=\"wp-block-heading\">Umsatzsteuer-<br>Identifikationsnummer<\/h4>\n\n\n\n<p>DE119681150<\/p>\n\n<\/div>\n<\/div>\n\n<div class=\"col wp-block-lazyblock-inner-block lazyblock-inner-block-Z2un5F3\">\n<div class=\"wp-block-lazyblock-inner-block lazyblock-inner-block-Z22G5x\">\n\n<h3 class=\"wp-block-heading\">Rechtliche Hinweise<\/h3>\n\n\n\n<h4 class=\"wp-block-heading\">Verantwortlich im Sinne des Pressegesetzes<\/h4>\n\n\n\n<p>Verantwortlich im Sinne des Pressegesetzes ist die Firma&nbsp;<br>Hetzel + Sponheuer GmbH &amp; Co. KG, Nordsternstra\u00dfe 65 in Essen.<\/p>\n\n\n\n<h4 class=\"wp-block-heading\">Inhalt des Onlineangebotes<\/h4>\n\n\n\n<p>Die Hetzel + Sponheuer GmbH &amp; Co. KG \u00fcbernimmt keinerlei Gew\u00e4hr f\u00fcr die Aktualit\u00e4t, Korrektheit, Vollst\u00e4ndigkeit oder Qualit\u00e4t der bereitgestellten Informationen. Haftungsanspr\u00fcche gegen die Hetzel + Sponheuer GmbH &amp; Co. KG, welche sich auf Sch\u00e4den materieller oder ideeller Art beziehen, die durch die Nutzung oder Nichtnutzung der dargebotenen Informationen bzw. durch die Nutzung fehlerhafter und unvollst\u00e4ndiger Informationen verursacht wurden, sind grunds\u00e4tzlich ausgeschlossen, sofern seitens der Hetzel + Sponheuer GmbH &amp; Co. KG kein nachweislich vors\u00e4tzliches oder grob fahrl\u00e4ssiges Verschulden vorliegt. Alle Angebote sind freibleibend und unverbindlich. Die Hetzel + Sponheuer GmbH &amp; Co. KG beh\u00e4lt es sich ausdr\u00fccklich vor, Teile der Seiten oder das gesamte Angebot ohne gesonderte Ank\u00fcndigung zu ver\u00e4ndern, zu erg\u00e4nzen, zu l\u00f6schen oder die Ver\u00f6ffentlichung zeitweise oder endg\u00fcltig einzustellen.&nbsp;<\/p>\n\n\n\n<p>Die Inhalte dieser Internetseiten sprechen Frauen und M\u00e4nner gleicherma\u00dfen an. Zur besseren Lesbarkeit wird nur die m\u00e4nnliche Sprachform verwendet. Die Bezeichnungen &#8220;Kunde&#8221;, &#8220;Mitarbeiter&#8221;, &#8220;Student&#8221; oder \u00e4hnlich, sind deshalb als geschlechtsneutral anzusehen.&nbsp;<\/p>\n\n\n\n<h4 class=\"wp-block-heading\">Verweise und Links<\/h4>\n\n\n\n<p>Bei direkten oder indirekten Verweisen auf fremde Internetseiten (&#8220;Links&#8221;), die ausserhalb des Verantwortungsbereiches der Hetzel + Sponheuer GmbH &amp; Co. KG Gruppe liegen, w\u00fcrde eine Haftungsverpflichtung ausschliesslich in dem Fall in Kraft treten, in dem die Hetzel + Sponheuer GmbH &amp; Co. KG von den Inhalten Kenntnis hat und es technisch m\u00f6glich und zumutbar w\u00e4re, die Nutzung im Falle rechtswidriger Inhalte zu verhindern. Die Hetzel + Sponheuer GmbH &amp; Co. KG erkl\u00e4rt daher ausdr\u00fccklich, dass zum Zeitpunkt der Linksetzung die entsprechenden verlinkten Seiten frei von illegalen Inhalten waren. Sie hat keinerlei Einfluss auf die aktuelle und zuk\u00fcnftige Gestaltung und auf die Inhalte der gelinkten \/ verkn\u00fcpften Seiten. Deshalb distanziert sie sich sich hiermit ausdr\u00fccklich von allen Inhalten aller verkn\u00fcpften Seiten, die nach der Linksetzung ver\u00e4ndert wurden. Diese Feststellung gilt f\u00fcr alle innerhalb des eigenen Internetangebotes gesetzten Links und Verweise. F\u00fcr illegale, fehlerhafte oder unvollst\u00e4ndige Inhalte und insbesondere f\u00fcr Sch\u00e4den, die aus der Nutzung oder Nichtnutzung solcherart dargebotener Informationen entstehen, haftet allein der Anbieter der Seite, auf welche verwiesen wurde, nicht derjenige, der \u00fcber Links auf die jeweilige Ver\u00f6ffentlichung lediglich verweist.&nbsp;<\/p>\n\n\n\n<h4 class=\"wp-block-heading\">Urheber- und Kennzeichenrecht<\/h4>\n\n\n\n<p>Die Hetzel + Sponheuer GmbH &amp; Co. KG ist bestrebt, in allen Publikationen die Urheberrechte der verwendeten Grafiken und Texte zu beachten, von ihnen selbst erstellte Grafiken und Texte zu nutzen oder auf lizenzfreie Grafiken und Texte zur\u00fcckzugreifen. Alle innerhalb des Internetangebotes genannten und ggf. durch Dritte gesch\u00fctzten Marken- und Warenzeichen unterliegen uneingeschr\u00e4nkt den Bestimmungen des jeweils g\u00fcltigen Kennzeichenrechts und den Besitzrechten der jeweiligen eingetragenen Eigent\u00fcmer. Allein aufgrund der blo\u00dfen Nennung ist nicht der Schluss zu ziehen, dass Markenzeichen nicht durch Rechte Dritter gesch\u00fctzt sind. Das Copyright f\u00fcr ver\u00f6ffentlichte, vom Autor selbst erstellte Objekte bleibt allein beim Autor der Seiten. Eine Vervielf\u00e4ltigung oder Verwendung solcher Grafiken und Texte in anderen elektronischen oder gedruckten Publikationen ist ohne ausdr\u00fcckliche Zustimmung des Autors nicht gestattet. Sollte sich auf den jeweiligen Seiten dennoch eine ungekennzeichnete, aber durch fremdes Copyright gesch\u00fctzte Grafik oder Text befinden, so konnte das Copyright vom Autor nicht festgestellt werden. Im Falle einer solchen unbeabsichtigten Copyrightverletzung wird der Autor das entsprechende Objekt nach Benachrichtigung aus seiner Publikation entfernen bzw. mit dem entsprechenden Copyright kenntlich machen.<\/p>\n\n\n\n<h3 class=\"wp-block-heading\">Datenschutz<\/h3>\n\n\n\n<p>Sofern innerhalb des Internetangebotes die M\u00f6glichkeit zur Eingabe pers\u00f6nlicher oder gesch\u00e4ftlicher Daten (E-Mail-Adressen, Namen, Anschriften) besteht, erfolgt die Preisgabe dieser Daten seitens des Nutzers auf ausdr\u00fccklich freiwilliger Basis.<\/p>\n\n\n\n<h4 class=\"wp-block-heading\">Personenbezogene Daten<\/h4>\n\n\n\n<p>\u00dcber unsere Website erfassen wir keine personenbezogenen Daten wie Namen, Anschriften, Telefonnummern oder E-Mail-Adressen. Die Erhebung, Verarbeitung und Nutzung personenbezogener Daten geschieht ausschlie\u00dflich zweckgebunden unter Beachtung der geltenden datenschutzrechtlichen Vorschriften. In keinem Fall werden erhobene Daten verkauft oder aus anderen Gr\u00fcnden an Dritte weitergegeben.<\/p>\n\n\n\n<h4 class=\"wp-block-heading\">Auskunftsrecht<\/h4>\n\n\n\n<p>Sie haben jederzeit das Recht auf Auskunft \u00fcber die bez\u00fcglich Ihrer Person gespeicherten Daten, deren Herkunft sowie den Zweck der Speicherung. Wenn Sie Daten berichtigen, l\u00f6schen oder einsehen m\u00f6chten, senden Sie uns eine E-Mail an&nbsp;<a href=\"mailto:datenschutz@hetzelsponheuer.de\">&gt;&nbsp;datenschutz@hetzelsponheuer.de<\/a>&nbsp;.<\/p>\n\n\n\n<h3 class=\"wp-block-heading\">Rechtswirksamkeit dieses Haftungsausschlusses<\/h3>\n\n\n\n<p>Dieser Haftungsausschluss ist als Teil des Internetangebotes zu betrachten, von dem aus auf diese Seite verwiesen wurde. Sofern Teile oder einzelne Formulierungen dieses Textes der geltenden Rechtslage nicht, nicht mehr oder nicht vollst\u00e4ndig entsprechen sollten, bleiben die \u00fcbrigen Teile des Dokumentes in ihrem Inhalt und ihrer G\u00fcltigkeit davon unber\u00fchrt.<\/p>\n\n<\/div>\n<\/div>\n\n<div class=\"col wp-block-lazyblock-inner-block lazyblock-inner-block-ZUBa2O\">\n<div class=\"wp-block-lazyblock-inner-block lazyblock-inner-block-hMjcp\">\n\n<p><h4 class=\"wp-block-heading\">Grafik Design Konzeption<\/h4><\/p>\n\n\n\n<ul class=\"link grey\">\n<li><a href=\"https:\/\/klein-wiele.com\/#?portfolio\/referenzen\/hetzelsponheuer-cd\" target=\"_blank\" rel=\"noreferrer noopener\">klein-wiele=grafik+design<\/a><\/li>\n\n\n\n<li><\/li>\n<\/ul>\n\n\n\n<h4 class=\"wp-block-heading\">Texte<\/h4>\n\n\n\n<ul class=\"link grey\">\n<li><a rel=\"noreferrer noopener\" href=\"https:\/\/hetzelsponheuer.de\/\" target=\"_blank\">Hetzel + Sponheuer GmbH &amp; Co. KG<\/a><\/li>\n\n\n\n<li><a rel=\"noreferrer noopener\" href=\"http:\/\/www.designertexte.de\/\" target=\"_blank\">designertexte.de<\/a><br>Sabine Reichel-Starker<\/li>\n<\/ul>\n\n\n\n<h4 class=\"wp-block-heading\">Fotos<\/h4>\n\n\n\n<ul class=\"no-margin link grey\">\n<li><a>Astrid Theisen<\/a><\/li>\n<\/ul>\n\n\n\n<ul class=\"link grey\">\n<li><a href=\"http:\/\/www.foto-metelmann.de\/\" target=\"_blank\" rel=\"noreferrer noopener\">Ulrich Metelmann, Ratingen<br>www.foto-metelmann.de<\/a><\/li>\n\n\n\n<li><a href=\"http:\/\/www.format-seifert.de\/\" target=\"_blank\" rel=\"noreferrer noopener\">Susanne Seifert, Dortmund<br>www.format-seifert.de<\/a><\/li>\n\n\n\n<li><a href=\"http:\/\/www.kratz-photographie.de\/\" target=\"_blank\" rel=\"noreferrer noopener\">Markus Kratz<br>www.kratz-photographie.de<\/a><\/li>\n\n\n\n<li><a href=\"https:\/\/www.nielinger.de\/\" target=\"_blank\" rel=\"noreferrer noopener\">Christian Nielinger<br>www.nielinger.de<\/a><\/li>\n<\/ul>\n\n<\/div>\n<\/div>\n<\/div>","protected":false},"excerpt":{"rendered":"","protected":false},"author":1,"featured_media":0,"parent":100,"menu_order":3,"comment_status":"closed","ping_status":"closed","template":"page-fullwidth.php","meta":{"footnotes":""},"yoast_head":"<!-- This site is optimized with the Yoast SEO plugin v22.6 - https:\/\/yoast.com\/wordpress\/plugins\/seo\/ -->\n<title>Info \u00b7 Impressum mit Kontaktdaten \u00b7 Hetzel+Sponheuer \u00b7 Essen<\/title>\n<meta name=\"description\" content=\"Das Impressum, Kontaktdaten, Verantwortlicher im Sinne des Pressegesetzes, Rechtliche Hinweise, Urheber- und Kennzeichnungsrechte, ...\" \/>\n<meta name=\"robots\" content=\"index, follow, max-snippet:-1, max-image-preview:large, max-video-preview:-1\" \/>\n<link rel=\"canonical\" href=\"https:\/\/hetzelsponheuer.de\/de\/info\/impressum\/\" \/>\n<meta property=\"og:locale\" content=\"de_DE\" \/>\n<meta property=\"og:type\" content=\"article\" \/>\n<meta property=\"og:title\" content=\"Info \u00b7 Impressum mit Kontaktdaten \u00b7 Hetzel+Sponheuer \u00b7 Essen\" \/>\n<meta property=\"og:description\" content=\"Das Impressum, Kontaktdaten, Verantwortlicher im Sinne des Pressegesetzes, Rechtliche Hinweise, Urheber- und Kennzeichnungsrechte, ...\" \/>\n<meta property=\"og:url\" content=\"https:\/\/hetzelsponheuer.de\/de\/info\/impressum\/\" \/>\n<meta property=\"og:site_name\" content=\"Hetzel+Sponheuer \u00b7 de\" \/>\n<meta property=\"article:modified_time\" content=\"2025-11-25T10:05:54+00:00\" \/>\n<meta name=\"twitter:card\" content=\"summary_large_image\" \/>\n<meta name=\"twitter:label1\" content=\"Gesch\u00e4tzte Lesezeit\" \/>\n\t<meta name=\"twitter:data1\" content=\"4\u00a0Minuten\" \/>\n<script type=\"application\/ld+json\" class=\"yoast-schema-graph\">{\"@context\":\"https:\/\/schema.org\",\"@graph\":[{\"@type\":\"WebPage\",\"@id\":\"https:\/\/hetzelsponheuer.de\/de\/info\/impressum\/\",\"url\":\"https:\/\/hetzelsponheuer.de\/de\/info\/impressum\/\",\"name\":\"Info \u00b7 Impressum mit Kontaktdaten \u00b7 Hetzel+Sponheuer \u00b7 Essen\",\"isPartOf\":{\"@id\":\"https:\/\/hetzelsponheuer.de\/de\/#website\"},\"datePublished\":\"2019-07-17T14:04:09+00:00\",\"dateModified\":\"2025-11-25T10:05:54+00:00\",\"description\":\"Das Impressum, Kontaktdaten, Verantwortlicher im Sinne des Pressegesetzes, Rechtliche Hinweise, Urheber- und Kennzeichnungsrechte, ...\",\"breadcrumb\":{\"@id\":\"https:\/\/hetzelsponheuer.de\/de\/info\/impressum\/#breadcrumb\"},\"inLanguage\":\"de\",\"potentialAction\":[{\"@type\":\"ReadAction\",\"target\":[\"https:\/\/hetzelsponheuer.de\/de\/info\/impressum\/\"]}]},{\"@type\":\"BreadcrumbList\",\"@id\":\"https:\/\/hetzelsponheuer.de\/de\/info\/impressum\/#breadcrumb\",\"itemListElement\":[{\"@type\":\"ListItem\",\"position\":1,\"name\":\"Startseite\",\"item\":\"https:\/\/hetzelsponheuer.de\/de\/\"},{\"@type\":\"ListItem\",\"position\":2,\"name\":\"Info\",\"item\":\"https:\/\/hetzelsponheuer.de\/de\/info\/\"},{\"@type\":\"ListItem\",\"position\":3,\"name\":\"Impressum\"}]},{\"@type\":\"WebSite\",\"@id\":\"https:\/\/hetzelsponheuer.de\/de\/#website\",\"url\":\"https:\/\/hetzelsponheuer.de\/de\/\",\"name\":\"Hetzel+Sponheuer \u00b7 de\",\"description\":\"L\u00f6sungen f\u00fcr Ihr Bauprojekt\",\"publisher\":{\"@id\":\"https:\/\/hetzelsponheuer.de\/de\/#organization\"},\"inLanguage\":\"de\"},{\"@type\":\"Organization\",\"@id\":\"https:\/\/hetzelsponheuer.de\/de\/#organization\",\"name\":\"Hetzel+Sponheuer GmbH & Co. KG\",\"url\":\"https:\/\/hetzelsponheuer.de\/de\/\",\"logo\":{\"@type\":\"ImageObject\",\"inLanguage\":\"de\",\"@id\":\"https:\/\/hetzelsponheuer.de\/de\/#\/schema\/logo\/image\/\",\"url\":\"https:\/\/hetzelsponheuer.de\/en\/wp-content\/uploads\/sites\/2\/2020\/02\/logo_hetzelsponheuer.png\",\"contentUrl\":\"https:\/\/hetzelsponheuer.de\/en\/wp-content\/uploads\/sites\/2\/2020\/02\/logo_hetzelsponheuer.png\",\"width\":360,\"height\":24,\"caption\":\"Hetzel+Sponheuer GmbH & Co. KG\"},\"image\":{\"@id\":\"https:\/\/hetzelsponheuer.de\/de\/#\/schema\/logo\/image\/\"},\"sameAs\":[\"https:\/\/www.linkedin.com\/company\/hetzel-sponheuer-gmbh-&amp;-co.-kg\"]}]}<\/script>\n<!-- \/ Yoast SEO plugin. -->","yoast_head_json":{"title":"Info \u00b7 Impressum mit Kontaktdaten \u00b7 Hetzel+Sponheuer \u00b7 Essen","description":"Das Impressum, Kontaktdaten, Verantwortlicher im Sinne des Pressegesetzes, Rechtliche Hinweise, Urheber- und Kennzeichnungsrechte, ...","robots":{"index":"index","follow":"follow","max-snippet":"max-snippet:-1","max-image-preview":"max-image-preview:large","max-video-preview":"max-video-preview:-1"},"canonical":"https:\/\/hetzelsponheuer.de\/de\/info\/impressum\/","og_locale":"de_DE","og_type":"article","og_title":"Info \u00b7 Impressum mit Kontaktdaten \u00b7 Hetzel+Sponheuer \u00b7 Essen","og_description":"Das Impressum, Kontaktdaten, Verantwortlicher im Sinne des Pressegesetzes, Rechtliche Hinweise, Urheber- und Kennzeichnungsrechte, ...","og_url":"https:\/\/hetzelsponheuer.de\/de\/info\/impressum\/","og_site_name":"Hetzel+Sponheuer \u00b7 de","article_modified_time":"2025-11-25T10:05:54+00:00","twitter_card":"summary_large_image","twitter_misc":{"Gesch\u00e4tzte Lesezeit":"4\u00a0Minuten"},"schema":{"@context":"https:\/\/schema.org","@graph":[{"@type":"WebPage","@id":"https:\/\/hetzelsponheuer.de\/de\/info\/impressum\/","url":"https:\/\/hetzelsponheuer.de\/de\/info\/impressum\/","name":"Info \u00b7 Impressum mit Kontaktdaten \u00b7 Hetzel+Sponheuer \u00b7 Essen","isPartOf":{"@id":"https:\/\/hetzelsponheuer.de\/de\/#website"},"datePublished":"2019-07-17T14:04:09+00:00","dateModified":"2025-11-25T10:05:54+00:00","description":"Das Impressum, Kontaktdaten, Verantwortlicher im Sinne des Pressegesetzes, Rechtliche Hinweise, Urheber- und Kennzeichnungsrechte, ...","breadcrumb":{"@id":"https:\/\/hetzelsponheuer.de\/de\/info\/impressum\/#breadcrumb"},"inLanguage":"de","potentialAction":[{"@type":"ReadAction","target":["https:\/\/hetzelsponheuer.de\/de\/info\/impressum\/"]}]},{"@type":"BreadcrumbList","@id":"https:\/\/hetzelsponheuer.de\/de\/info\/impressum\/#breadcrumb","itemListElement":[{"@type":"ListItem","position":1,"name":"Startseite","item":"https:\/\/hetzelsponheuer.de\/de\/"},{"@type":"ListItem","position":2,"name":"Info","item":"https:\/\/hetzelsponheuer.de\/de\/info\/"},{"@type":"ListItem","position":3,"name":"Impressum"}]},{"@type":"WebSite","@id":"https:\/\/hetzelsponheuer.de\/de\/#website","url":"https:\/\/hetzelsponheuer.de\/de\/","name":"Hetzel+Sponheuer \u00b7 de","description":"L\u00f6sungen f\u00fcr Ihr Bauprojekt","publisher":{"@id":"https:\/\/hetzelsponheuer.de\/de\/#organization"},"inLanguage":"de"},{"@type":"Organization","@id":"https:\/\/hetzelsponheuer.de\/de\/#organization","name":"Hetzel+Sponheuer GmbH & Co. KG","url":"https:\/\/hetzelsponheuer.de\/de\/","logo":{"@type":"ImageObject","inLanguage":"de","@id":"https:\/\/hetzelsponheuer.de\/de\/#\/schema\/logo\/image\/","url":"https:\/\/hetzelsponheuer.de\/en\/wp-content\/uploads\/sites\/2\/2020\/02\/logo_hetzelsponheuer.png","contentUrl":"https:\/\/hetzelsponheuer.de\/en\/wp-content\/uploads\/sites\/2\/2020\/02\/logo_hetzelsponheuer.png","width":360,"height":24,"caption":"Hetzel+Sponheuer GmbH & Co. KG"},"image":{"@id":"https:\/\/hetzelsponheuer.de\/de\/#\/schema\/logo\/image\/"},"sameAs":["https:\/\/www.linkedin.com\/company\/hetzel-sponheuer-gmbh-&amp;-co.-kg"]}]}},"_links":{"self":[{"href":"https:\/\/hetzelsponheuer.de\/de\/wp-json\/wp\/v2\/pages\/102"}],"collection":[{"href":"https:\/\/hetzelsponheuer.de\/de\/wp-json\/wp\/v2\/pages"}],"about":[{"href":"https:\/\/hetzelsponheuer.de\/de\/wp-json\/wp\/v2\/types\/page"}],"author":[{"embeddable":true,"href":"https:\/\/hetzelsponheuer.de\/de\/wp-json\/wp\/v2\/users\/1"}],"replies":[{"embeddable":true,"href":"https:\/\/hetzelsponheuer.de\/de\/wp-json\/wp\/v2\/comments?post=102"}],"version-history":[{"count":3,"href":"https:\/\/hetzelsponheuer.de\/de\/wp-json\/wp\/v2\/pages\/102\/revisions"}],"predecessor-version":[{"id":6264,"href":"https:\/\/hetzelsponheuer.de\/de\/wp-json\/wp\/v2\/pages\/102\/revisions\/6264"}],"up":[{"embeddable":true,"href":"https:\/\/hetzelsponheuer.de\/de\/wp-json\/wp\/v2\/pages\/100"}],"wp:attachment":[{"href":"https:\/\/hetzelsponheuer.de\/de\/wp-json\/wp\/v2\/media?parent=102"}],"curies":[{"name":"wp","href":"https:\/\/api.w.org\/{rel}","templated":true}]}}