{"id":134,"date":"2019-07-17T19:08:54","date_gmt":"2019-07-17T17:08:54","guid":{"rendered":"http:\/\/hetzelsponheuer.de\/de\/?page_id=134"},"modified":"2021-01-22T14:01:28","modified_gmt":"2021-01-22T13:01:28","slug":"ansprechpartner","status":"publish","type":"page","link":"https:\/\/hetzelsponheuer.de\/de\/unternehmen\/ansprechpartner\/","title":{"rendered":"Ansprechpartner"},"content":{"rendered":"<div class=\"langhash\" data-val=\"#contact-persons\"><\/div>\n\n<div class=\"row x-4 md-3-6-3 sm-0-12-0 wp-block-lazyblock-inner-block lazyblock-inner-block-Z1zeGGi\">\n<div class=\"col wp-block-lazyblock-inner-block lazyblock-inner-block-ZpKt9v\">\n<div class=\"bg blue wp-block-lazyblock-inner-block lazyblock-inner-block-1067Xw\">\n\n<p>  <\/p>\n\n<\/div>\n<\/div>\n\n<div class=\"col wp-block-lazyblock-inner-block lazyblock-inner-block-SbhiU\">\n<div class=\"bg  wp-block-lazyblock-inner-block lazyblock-inner-block-Z2qqBF0\">\n\n<p>     <\/p>\n\n<\/div>\n<\/div>\n\n<div class=\"col wp-block-lazyblock-inner-block lazyblock-inner-block-1klddY\">\n<div class=\"bg wp-block-lazyblock-inner-block lazyblock-inner-block-2hBkyS\">\n\n<p>  <\/p>\n\n<\/div>\n<\/div>\n<\/div>\n\n<div class=\"row x-24 md-3-9 sm-0-12 wp-block-lazyblock-inner-block lazyblock-inner-block-Z2hreKO\">\n<div class=\"col wp-block-lazyblock-inner-block lazyblock-inner-block-Z1wpaj0\">\n<div class=\"wp-block-lazyblock-inner-block lazyblock-inner-block-Z2ioSGD\">\n\n<p>  <\/p>\n\n<\/div>\n<\/div>\n\n<div class=\"col wp-block-lazyblock-inner-block lazyblock-inner-block-Z1QD9zY\">\n<div class=\"head wp-block-lazyblock-inner-block lazyblock-inner-block-4SEDi\">\n\n<p class=\"topline grey scroll\"><a href=\"#unternehmensprofil\">UNTERNEHMEN<\/a> \u00b7 Ansprechpartner<\/p>\n\n\n\n<h2 class=\"h1 wp-block-heading\">Kompetenz <span class=\"grey\">hat Gesichter<\/span><\/h2>\n\n<\/div>\n<\/div>\n<\/div>\n\n<div class=\"row x-24 md-3-6-3 sm-0-12-0 wp-block-lazyblock-inner-block lazyblock-inner-block-20F9q\">\n<div class=\"col wp-block-lazyblock-inner-block lazyblock-inner-block-1d53a5\">\n<div class=\"wp-block-lazyblock-inner-block lazyblock-inner-block-1M0nN8\">\n\n<p class=\"md-right pl-24 color\"><strong>Durch Kompetenz\u00advielfalt \u2013 gerade auch mit dem vernetzten Know-how im &#8220;Netzwerk Bau&#8221; sind wir in der Lage den gesamten Lebens\u00adzyklus von Geb\u00e4uden zu begleiten. Durch unsere Organi\u00adsation in kunden\u00adspezi\u00adfische Bauteams (Gesch\u00e4fts\u00adfelder) grenzen wir uns deutlich von vielen Wett\u00adbewerbern ab<\/strong>.<\/p>\n\n<\/div>\n<\/div>\n\n<div class=\"col wp-block-lazyblock-inner-block lazyblock-inner-block-ZjXFyY\">\n<div class=\"wp-block-lazyblock-inner-block lazyblock-inner-block-Z1VPGvJ\">\n<div class=\"display-posts-listing grid\"><div class=\"listing-item\"><a class=\"ajx\" data-post-type=\"mitarbeiter\" data-display=\"fancybox\" href=\"https:\/\/hetzelsponheuer.de\/de\/mitarbeiter\/dirk-aschenbeck\"><span class=\"image\"><img width=\"400\" height=\"400\" src=\"https:\/\/hetzelsponheuer.de\/de\/wp-content\/uploads\/sites\/2\/2019\/12\/aschenbeck_19_06.jpg\" class=\"attachment-medium size-medium wp-post-image\" alt=\"Ansprechpartner\" decoding=\"async\" srcset=\"https:\/\/hetzelsponheuer.de\/de\/wp-content\/uploads\/sites\/2\/2019\/12\/aschenbeck_19_06.jpg 400w, https:\/\/hetzelsponheuer.de\/de\/wp-content\/uploads\/sites\/2\/2019\/12\/aschenbeck_19_06-200x200.jpg 200w\" sizes=\"(max-width: 400px) 100vw, 400px\" \/><\/span> <\/a><a class=\"ajx\" data-post-type=\"mitarbeiter\" data-display=\"fancybox\" href=\"https:\/\/hetzelsponheuer.de\/de\/mitarbeiter\/dirk-aschenbeck\"><span class=\"title\">Aschenbeck, Dirk<\/span><\/a><\/div><div class=\"listing-item\"><a class=\"ajx\" data-post-type=\"mitarbeiter\" data-display=\"fancybox\" href=\"https:\/\/hetzelsponheuer.de\/de\/mitarbeiter\/stephan-berndt\"><span class=\"image\"><img width=\"400\" height=\"400\" src=\"https:\/\/hetzelsponheuer.de\/de\/wp-content\/uploads\/sites\/2\/2019\/12\/berndt_19_17.jpg\" class=\"attachment-medium size-medium wp-post-image\" alt=\"Ansprechpartner\" decoding=\"async\" srcset=\"https:\/\/hetzelsponheuer.de\/de\/wp-content\/uploads\/sites\/2\/2019\/12\/berndt_19_17.jpg 400w, https:\/\/hetzelsponheuer.de\/de\/wp-content\/uploads\/sites\/2\/2019\/12\/berndt_19_17-200x200.jpg 200w\" sizes=\"(max-width: 400px) 100vw, 400px\" \/><\/span> <\/a><a class=\"ajx\" data-post-type=\"mitarbeiter\" data-display=\"fancybox\" href=\"https:\/\/hetzelsponheuer.de\/de\/mitarbeiter\/stephan-berndt\"><span class=\"title\">Berndt, Stephan<\/span><\/a><\/div><div class=\"listing-item\"><a class=\"ajx\" data-post-type=\"mitarbeiter\" data-display=\"fancybox\" href=\"https:\/\/hetzelsponheuer.de\/de\/mitarbeiter\/markus-ender\"><span class=\"image\"><img width=\"400\" height=\"400\" src=\"https:\/\/hetzelsponheuer.de\/de\/wp-content\/uploads\/sites\/2\/2019\/12\/ender_19_11.jpg\" class=\"attachment-medium size-medium wp-post-image\" alt=\"Ansprechpartner\" decoding=\"async\" srcset=\"https:\/\/hetzelsponheuer.de\/de\/wp-content\/uploads\/sites\/2\/2019\/12\/ender_19_11.jpg 400w, https:\/\/hetzelsponheuer.de\/de\/wp-content\/uploads\/sites\/2\/2019\/12\/ender_19_11-200x200.jpg 200w\" sizes=\"(max-width: 400px) 100vw, 400px\" \/><\/span> <\/a><a class=\"ajx\" data-post-type=\"mitarbeiter\" data-display=\"fancybox\" href=\"https:\/\/hetzelsponheuer.de\/de\/mitarbeiter\/markus-ender\"><span class=\"title\">Ender, Markus<\/span><\/a><\/div><div class=\"listing-item\"><a class=\"ajx\" data-post-type=\"mitarbeiter\" data-display=\"fancybox\" href=\"https:\/\/hetzelsponheuer.de\/de\/mitarbeiter\/carsten-haddick\"><span class=\"image\"><img width=\"400\" height=\"400\" src=\"https:\/\/hetzelsponheuer.de\/de\/wp-content\/uploads\/sites\/2\/2019\/12\/haddick_19_13.jpg\" class=\"attachment-medium size-medium wp-post-image\" alt=\"Ansprechpartner\" decoding=\"async\" srcset=\"https:\/\/hetzelsponheuer.de\/de\/wp-content\/uploads\/sites\/2\/2019\/12\/haddick_19_13.jpg 400w, https:\/\/hetzelsponheuer.de\/de\/wp-content\/uploads\/sites\/2\/2019\/12\/haddick_19_13-200x200.jpg 200w\" sizes=\"(max-width: 400px) 100vw, 400px\" \/><\/span> <\/a><a class=\"ajx\" data-post-type=\"mitarbeiter\" data-display=\"fancybox\" href=\"https:\/\/hetzelsponheuer.de\/de\/mitarbeiter\/carsten-haddick\"><span class=\"title\">Haddick, Carsten<\/span><\/a><\/div><div class=\"listing-item\"><a class=\"ajx\" data-post-type=\"mitarbeiter\" data-display=\"fancybox\" href=\"https:\/\/hetzelsponheuer.de\/de\/mitarbeiter\/nicole-hoymann\"><span class=\"image\"><img width=\"400\" height=\"400\" src=\"https:\/\/hetzelsponheuer.de\/de\/wp-content\/uploads\/sites\/2\/2019\/12\/hoymann_19_36.jpg\" class=\"attachment-medium size-medium wp-post-image\" alt=\"Ansprechpartner\" decoding=\"async\" srcset=\"https:\/\/hetzelsponheuer.de\/de\/wp-content\/uploads\/sites\/2\/2019\/12\/hoymann_19_36.jpg 400w, https:\/\/hetzelsponheuer.de\/de\/wp-content\/uploads\/sites\/2\/2019\/12\/hoymann_19_36-200x200.jpg 200w\" sizes=\"(max-width: 400px) 100vw, 400px\" \/><\/span> <\/a><a class=\"ajx\" data-post-type=\"mitarbeiter\" data-display=\"fancybox\" href=\"https:\/\/hetzelsponheuer.de\/de\/mitarbeiter\/nicole-hoymann\"><span class=\"title\">Hoymann, Nicole<\/span><\/a><\/div><div class=\"listing-item\"><a class=\"ajx\" data-post-type=\"mitarbeiter\" data-display=\"fancybox\" href=\"https:\/\/hetzelsponheuer.de\/de\/mitarbeiter\/steven-schramm\"><span class=\"image\"><img width=\"400\" height=\"400\" src=\"https:\/\/hetzelsponheuer.de\/de\/wp-content\/uploads\/sites\/2\/2024\/04\/ap_schramm_steven.jpg\" class=\"attachment-medium size-medium wp-post-image\" alt=\"Steven Schramm\" decoding=\"async\" srcset=\"https:\/\/hetzelsponheuer.de\/de\/wp-content\/uploads\/sites\/2\/2024\/04\/ap_schramm_steven.jpg 400w, https:\/\/hetzelsponheuer.de\/de\/wp-content\/uploads\/sites\/2\/2024\/04\/ap_schramm_steven-200x200.jpg 200w\" sizes=\"(max-width: 400px) 100vw, 400px\" \/><\/span> <\/a><a class=\"ajx\" data-post-type=\"mitarbeiter\" data-display=\"fancybox\" href=\"https:\/\/hetzelsponheuer.de\/de\/mitarbeiter\/steven-schramm\"><span class=\"title\">Schramm, Steven<\/span><\/a><\/div><div class=\"listing-item\"><a class=\"ajx\" data-post-type=\"mitarbeiter\" data-display=\"fancybox\" href=\"https:\/\/hetzelsponheuer.de\/de\/mitarbeiter\/philipp-siebels\"><span class=\"image\"><img width=\"400\" height=\"400\" src=\"https:\/\/hetzelsponheuer.de\/de\/wp-content\/uploads\/sites\/2\/2019\/12\/siebels_19_08.jpg\" class=\"attachment-medium size-medium wp-post-image\" alt=\"Ansprechpartner\" decoding=\"async\" srcset=\"https:\/\/hetzelsponheuer.de\/de\/wp-content\/uploads\/sites\/2\/2019\/12\/siebels_19_08.jpg 400w, https:\/\/hetzelsponheuer.de\/de\/wp-content\/uploads\/sites\/2\/2019\/12\/siebels_19_08-200x200.jpg 200w\" sizes=\"(max-width: 400px) 100vw, 400px\" \/><\/span> <\/a><a class=\"ajx\" data-post-type=\"mitarbeiter\" data-display=\"fancybox\" href=\"https:\/\/hetzelsponheuer.de\/de\/mitarbeiter\/philipp-siebels\"><span class=\"title\">Siebels, Philipp<\/span><\/a><\/div><\/div>\n\n\n\n<p>   <\/p>\n\n<\/div>\n<\/div>\n\n<div class=\"col wp-block-lazyblock-inner-block lazyblock-inner-block-ZchfXo\">\n<div class=\"wp-block-lazyblock-inner-block lazyblock-inner-block-Az4sv\">\n\n<h4 class=\"wp-block-heading\">Unternehmen<\/h4>\n\n\n<div class=\"menu-main-menu-container\"><ul id=\"menu-main-menu\" class=\"grey scroll\"><li id=\"menu-item-70\" class=\"menu-item \"><a href=\"#unternehmensprofil\">Unternehmensprofil<\/a><\/li>\n<li id=\"menu-item-4854\" class=\"menu-item \"><a href=\"#standorte\">Standorte<\/a><\/li>\n<li id=\"menu-item-75\" class=\"menu-item \"><a href=\"#geschaeftsfuehrung-und-beirat\">Gesch\u00e4ftsf\u00fchrung und Beirat<\/a><\/li>\n<li id=\"menu-item-137\" class=\"menu-item \"><a href=\"#ansprechpartner\">Ansprechpartner<\/a><\/li>\n<li id=\"menu-item-147\" class=\"menu-item \"><a href=\"#qualitaetsmanagement\">Qualit\u00e4tsmanagement<\/a><\/li>\n<li id=\"menu-item-205\" class=\"menu-item \"><a href=\"#netzwerk-bau\">Netzwerk Bau<\/a><\/li>\n<li id=\"menu-item-210\" class=\"menu-item \"><a href=\"#karriere\">Karriere<\/a><\/li>\n<\/ul><\/div>\n\n\n\n<p>   <\/p>\n\n<\/div>\n<\/div>\n<\/div>","protected":false},"excerpt":{"rendered":"","protected":false},"author":1,"featured_media":0,"parent":49,"menu_order":4,"comment_status":"closed","ping_status":"closed","template":"page-fullwidth.php","meta":{"footnotes":""},"yoast_head":"<!-- This site is optimized with the Yoast SEO plugin v22.6 - https:\/\/yoast.com\/wordpress\/plugins\/seo\/ -->\n<title>Unternehmen \u00b7 Ansprechpartner \u00b7 Hetzel+Sponheuer \u00b7 Essen<\/title>\n<meta name=\"description\" content=\"Die Ansprechpartner bei Hetzel+Sponheuer GmbH &amp; Co. KG, die Ihnen weitere Informationen \u00fcber spezielle Leistungen f\u00fcr Ihre Bauprojekte geben k\u00f6nnen.\" \/>\n<meta name=\"robots\" content=\"index, follow, max-snippet:-1, max-image-preview:large, max-video-preview:-1\" \/>\n<link rel=\"canonical\" href=\"https:\/\/hetzelsponheuer.de\/de\/unternehmen\/ansprechpartner\/\" \/>\n<meta property=\"og:locale\" content=\"de_DE\" \/>\n<meta property=\"og:type\" content=\"article\" \/>\n<meta property=\"og:title\" content=\"Unternehmen \u00b7 Ansprechpartner \u00b7 Hetzel+Sponheuer \u00b7 Essen\" \/>\n<meta property=\"og:description\" content=\"Die Ansprechpartner bei Hetzel+Sponheuer GmbH &amp; Co. KG, die Ihnen weitere Informationen \u00fcber spezielle Leistungen f\u00fcr Ihre Bauprojekte geben k\u00f6nnen.\" \/>\n<meta property=\"og:url\" content=\"https:\/\/hetzelsponheuer.de\/de\/unternehmen\/ansprechpartner\/\" \/>\n<meta property=\"og:site_name\" content=\"Hetzel+Sponheuer \u00b7 de\" \/>\n<meta property=\"article:modified_time\" content=\"2021-01-22T13:01:28+00:00\" \/>\n<meta name=\"twitter:card\" content=\"summary_large_image\" \/>\n<meta name=\"twitter:label1\" content=\"Gesch\u00e4tzte Lesezeit\" \/>\n\t<meta name=\"twitter:data1\" content=\"1\u00a0Minute\" \/>\n<script type=\"application\/ld+json\" class=\"yoast-schema-graph\">{\"@context\":\"https:\/\/schema.org\",\"@graph\":[{\"@type\":\"WebPage\",\"@id\":\"https:\/\/hetzelsponheuer.de\/de\/unternehmen\/ansprechpartner\/\",\"url\":\"https:\/\/hetzelsponheuer.de\/de\/unternehmen\/ansprechpartner\/\",\"name\":\"Unternehmen \u00b7 Ansprechpartner \u00b7 Hetzel+Sponheuer \u00b7 Essen\",\"isPartOf\":{\"@id\":\"https:\/\/hetzelsponheuer.de\/de\/#website\"},\"datePublished\":\"2019-07-17T17:08:54+00:00\",\"dateModified\":\"2021-01-22T13:01:28+00:00\",\"description\":\"Die Ansprechpartner bei Hetzel+Sponheuer GmbH & Co. KG, die Ihnen weitere Informationen \u00fcber spezielle Leistungen f\u00fcr Ihre Bauprojekte geben k\u00f6nnen.\",\"breadcrumb\":{\"@id\":\"https:\/\/hetzelsponheuer.de\/de\/unternehmen\/ansprechpartner\/#breadcrumb\"},\"inLanguage\":\"de\",\"potentialAction\":[{\"@type\":\"ReadAction\",\"target\":[\"https:\/\/hetzelsponheuer.de\/de\/unternehmen\/ansprechpartner\/\"]}]},{\"@type\":\"BreadcrumbList\",\"@id\":\"https:\/\/hetzelsponheuer.de\/de\/unternehmen\/ansprechpartner\/#breadcrumb\",\"itemListElement\":[{\"@type\":\"ListItem\",\"position\":1,\"name\":\"Startseite\",\"item\":\"https:\/\/hetzelsponheuer.de\/de\/\"},{\"@type\":\"ListItem\",\"position\":2,\"name\":\"Unternehmen\",\"item\":\"https:\/\/hetzelsponheuer.de\/de\/unternehmen\/\"},{\"@type\":\"ListItem\",\"position\":3,\"name\":\"Ansprechpartner\"}]},{\"@type\":\"WebSite\",\"@id\":\"https:\/\/hetzelsponheuer.de\/de\/#website\",\"url\":\"https:\/\/hetzelsponheuer.de\/de\/\",\"name\":\"Hetzel+Sponheuer \u00b7 de\",\"description\":\"L\u00f6sungen f\u00fcr Ihr Bauprojekt\",\"publisher\":{\"@id\":\"https:\/\/hetzelsponheuer.de\/de\/#organization\"},\"inLanguage\":\"de\"},{\"@type\":\"Organization\",\"@id\":\"https:\/\/hetzelsponheuer.de\/de\/#organization\",\"name\":\"Hetzel+Sponheuer GmbH & Co. KG\",\"url\":\"https:\/\/hetzelsponheuer.de\/de\/\",\"logo\":{\"@type\":\"ImageObject\",\"inLanguage\":\"de\",\"@id\":\"https:\/\/hetzelsponheuer.de\/de\/#\/schema\/logo\/image\/\",\"url\":\"https:\/\/hetzelsponheuer.de\/en\/wp-content\/uploads\/sites\/2\/2020\/02\/logo_hetzelsponheuer.png\",\"contentUrl\":\"https:\/\/hetzelsponheuer.de\/en\/wp-content\/uploads\/sites\/2\/2020\/02\/logo_hetzelsponheuer.png\",\"width\":360,\"height\":24,\"caption\":\"Hetzel+Sponheuer GmbH & Co. KG\"},\"image\":{\"@id\":\"https:\/\/hetzelsponheuer.de\/de\/#\/schema\/logo\/image\/\"},\"sameAs\":[\"https:\/\/www.linkedin.com\/company\/hetzel-sponheuer-gmbh-&amp;-co.-kg\"]}]}<\/script>\n<!-- \/ Yoast SEO plugin. -->","yoast_head_json":{"title":"Unternehmen \u00b7 Ansprechpartner \u00b7 Hetzel+Sponheuer \u00b7 Essen","description":"Die Ansprechpartner bei Hetzel+Sponheuer GmbH & Co. KG, die Ihnen weitere Informationen \u00fcber spezielle Leistungen f\u00fcr Ihre Bauprojekte geben k\u00f6nnen.","robots":{"index":"index","follow":"follow","max-snippet":"max-snippet:-1","max-image-preview":"max-image-preview:large","max-video-preview":"max-video-preview:-1"},"canonical":"https:\/\/hetzelsponheuer.de\/de\/unternehmen\/ansprechpartner\/","og_locale":"de_DE","og_type":"article","og_title":"Unternehmen \u00b7 Ansprechpartner \u00b7 Hetzel+Sponheuer \u00b7 Essen","og_description":"Die Ansprechpartner bei Hetzel+Sponheuer GmbH & Co. KG, die Ihnen weitere Informationen \u00fcber spezielle Leistungen f\u00fcr Ihre Bauprojekte geben k\u00f6nnen.","og_url":"https:\/\/hetzelsponheuer.de\/de\/unternehmen\/ansprechpartner\/","og_site_name":"Hetzel+Sponheuer \u00b7 de","article_modified_time":"2021-01-22T13:01:28+00:00","twitter_card":"summary_large_image","twitter_misc":{"Gesch\u00e4tzte Lesezeit":"1\u00a0Minute"},"schema":{"@context":"https:\/\/schema.org","@graph":[{"@type":"WebPage","@id":"https:\/\/hetzelsponheuer.de\/de\/unternehmen\/ansprechpartner\/","url":"https:\/\/hetzelsponheuer.de\/de\/unternehmen\/ansprechpartner\/","name":"Unternehmen \u00b7 Ansprechpartner \u00b7 Hetzel+Sponheuer \u00b7 Essen","isPartOf":{"@id":"https:\/\/hetzelsponheuer.de\/de\/#website"},"datePublished":"2019-07-17T17:08:54+00:00","dateModified":"2021-01-22T13:01:28+00:00","description":"Die Ansprechpartner bei Hetzel+Sponheuer GmbH & Co. KG, die Ihnen weitere Informationen \u00fcber spezielle Leistungen f\u00fcr Ihre Bauprojekte geben k\u00f6nnen.","breadcrumb":{"@id":"https:\/\/hetzelsponheuer.de\/de\/unternehmen\/ansprechpartner\/#breadcrumb"},"inLanguage":"de","potentialAction":[{"@type":"ReadAction","target":["https:\/\/hetzelsponheuer.de\/de\/unternehmen\/ansprechpartner\/"]}]},{"@type":"BreadcrumbList","@id":"https:\/\/hetzelsponheuer.de\/de\/unternehmen\/ansprechpartner\/#breadcrumb","itemListElement":[{"@type":"ListItem","position":1,"name":"Startseite","item":"https:\/\/hetzelsponheuer.de\/de\/"},{"@type":"ListItem","position":2,"name":"Unternehmen","item":"https:\/\/hetzelsponheuer.de\/de\/unternehmen\/"},{"@type":"ListItem","position":3,"name":"Ansprechpartner"}]},{"@type":"WebSite","@id":"https:\/\/hetzelsponheuer.de\/de\/#website","url":"https:\/\/hetzelsponheuer.de\/de\/","name":"Hetzel+Sponheuer \u00b7 de","description":"L\u00f6sungen f\u00fcr Ihr Bauprojekt","publisher":{"@id":"https:\/\/hetzelsponheuer.de\/de\/#organization"},"inLanguage":"de"},{"@type":"Organization","@id":"https:\/\/hetzelsponheuer.de\/de\/#organization","name":"Hetzel+Sponheuer GmbH & Co. KG","url":"https:\/\/hetzelsponheuer.de\/de\/","logo":{"@type":"ImageObject","inLanguage":"de","@id":"https:\/\/hetzelsponheuer.de\/de\/#\/schema\/logo\/image\/","url":"https:\/\/hetzelsponheuer.de\/en\/wp-content\/uploads\/sites\/2\/2020\/02\/logo_hetzelsponheuer.png","contentUrl":"https:\/\/hetzelsponheuer.de\/en\/wp-content\/uploads\/sites\/2\/2020\/02\/logo_hetzelsponheuer.png","width":360,"height":24,"caption":"Hetzel+Sponheuer GmbH & Co. KG"},"image":{"@id":"https:\/\/hetzelsponheuer.de\/de\/#\/schema\/logo\/image\/"},"sameAs":["https:\/\/www.linkedin.com\/company\/hetzel-sponheuer-gmbh-&amp;-co.-kg"]}]}},"_links":{"self":[{"href":"https:\/\/hetzelsponheuer.de\/de\/wp-json\/wp\/v2\/pages\/134"}],"collection":[{"href":"https:\/\/hetzelsponheuer.de\/de\/wp-json\/wp\/v2\/pages"}],"about":[{"href":"https:\/\/hetzelsponheuer.de\/de\/wp-json\/wp\/v2\/types\/page"}],"author":[{"embeddable":true,"href":"https:\/\/hetzelsponheuer.de\/de\/wp-json\/wp\/v2\/users\/1"}],"replies":[{"embeddable":true,"href":"https:\/\/hetzelsponheuer.de\/de\/wp-json\/wp\/v2\/comments?post=134"}],"version-history":[{"count":3,"href":"https:\/\/hetzelsponheuer.de\/de\/wp-json\/wp\/v2\/pages\/134\/revisions"}],"predecessor-version":[{"id":5683,"href":"https:\/\/hetzelsponheuer.de\/de\/wp-json\/wp\/v2\/pages\/134\/revisions\/5683"}],"up":[{"embeddable":true,"href":"https:\/\/hetzelsponheuer.de\/de\/wp-json\/wp\/v2\/pages\/49"}],"wp:attachment":[{"href":"https:\/\/hetzelsponheuer.de\/de\/wp-json\/wp\/v2\/media?parent=134"}],"curies":[{"name":"wp","href":"https:\/\/api.w.org\/{rel}","templated":true}]}}