{"id":143,"date":"2019-07-17T19:55:01","date_gmt":"2019-07-17T17:55:01","guid":{"rendered":"http:\/\/hetzelsponheuer.de\/de\/?page_id=143"},"modified":"2022-12-05T15:40:25","modified_gmt":"2022-12-05T14:40:25","slug":"qualitaetsmanagement","status":"publish","type":"page","link":"https:\/\/hetzelsponheuer.de\/de\/unternehmen\/qualitaetsmanagement\/","title":{"rendered":"Qualit\u00e4tsmanagement"},"content":{"rendered":"<div class=\"langhash\" data-val=\"#quality-management\"><\/div>\n\n<div class=\"banner row x-4 md-3-6-3 sm-0-12-0 wp-block-lazyblock-inner-block lazyblock-inner-block-Zk8qV0\">\n<div class=\"col wp-block-lazyblock-inner-block lazyblock-inner-block-Z1uM91t\">\n<div class=\"bg blue wp-block-lazyblock-inner-block lazyblock-inner-block-ZS6OCV\">\n\n<p>  <\/p>\n\n<\/div>\n<\/div>\n\n<div class=\"col wp-block-lazyblock-inner-block lazyblock-inner-block-Z21itJB\">\n<div class=\"bg grey img wp-block-lazyblock-inner-block lazyblock-inner-block-ZsBWbD\">\n\n<figure class=\"wp-block-image\"><img decoding=\"async\" loading=\"lazy\" width=\"754\" height=\"654\" src=\"https:\/\/hetzelsponheuer.de\/de\/wp-content\/uploads\/sites\/2\/2019\/09\/qms-1611-mitte.jpg\" alt=\"Hetzel+Sponheuer QMS\" class=\"wp-image-4066\" srcset=\"https:\/\/hetzelsponheuer.de\/de\/wp-content\/uploads\/sites\/2\/2019\/09\/qms-1611-mitte.jpg 754w, https:\/\/hetzelsponheuer.de\/de\/wp-content\/uploads\/sites\/2\/2019\/09\/qms-1611-mitte-400x347.jpg 400w\" sizes=\"(max-width: 754px) 100vw, 754px\" \/><\/figure>\n\n<\/div>\n<\/div>\n\n<div class=\"col wp-block-lazyblock-inner-block lazyblock-inner-block-Z1mC4nf\">\n<div class=\"bg grey img wp-block-lazyblock-inner-block lazyblock-inner-block-Z1LH0Ny\">\n\n<figure class=\"wp-block-image\"><img decoding=\"async\" loading=\"lazy\" width=\"373\" height=\"654\" src=\"https:\/\/hetzelsponheuer.de\/de\/wp-content\/uploads\/sites\/2\/2019\/09\/qms-1611-rechts.jpg\" alt=\"Hetzel+Sponheuer QMS\" class=\"wp-image-4067\" srcset=\"https:\/\/hetzelsponheuer.de\/de\/wp-content\/uploads\/sites\/2\/2019\/09\/qms-1611-rechts.jpg 373w, https:\/\/hetzelsponheuer.de\/de\/wp-content\/uploads\/sites\/2\/2019\/09\/qms-1611-rechts-228x400.jpg 228w\" sizes=\"(max-width: 373px) 100vw, 373px\" \/><\/figure>\n\n<\/div>\n<\/div>\n<\/div>\n\n<div class=\"row x-24 md-3-9 sm-0-12 wp-block-lazyblock-inner-block lazyblock-inner-block-ZO7Rku\">\n<div class=\"col wp-block-lazyblock-inner-block lazyblock-inner-block-Z233eos\">\n<div class=\"wp-block-lazyblock-inner-block lazyblock-inner-block-ZoGaH2\">\n\n<p>  <\/p>\n\n<\/div>\n<\/div>\n\n<div class=\"col wp-block-lazyblock-inner-block lazyblock-inner-block-Z2bHbEw\">\n<div class=\"head wp-block-lazyblock-inner-block lazyblock-inner-block-Z18vWTU\">\n\n<p class=\"topline grey scroll\"><a href=\"#unternehmensprofil\">UNTERNEHMEN<\/a> \u00b7 Qualit\u00e4tsmanagement<\/p>\n\n\n\n<h2 class=\"h1 wp-block-heading\">Qualit\u00e4t mit System<\/h2>\n\n<\/div>\n<\/div>\n<\/div>\n\n<div class=\"row x-24 md-3-6-3 sm-0-12-0 wp-block-lazyblock-inner-block lazyblock-inner-block-1mvmOa\">\n<div class=\"col wp-block-lazyblock-inner-block lazyblock-inner-block-238LTN\">\n<div class=\"wp-block-lazyblock-inner-block lazyblock-inner-block-1FXlfQ\">\n\n<p>  <\/p>\n\n<\/div>\n<\/div>\n\n<div class=\"col wp-block-lazyblock-inner-block lazyblock-inner-block-CEnid\">\n<div class=\"wp-block-lazyblock-inner-block lazyblock-inner-block-Zifpnf\">\n\n<p class=\"color\"><strong>Wir verf\u00fcgen \u00fcber ein zertifiziertes Qualit\u00e4tsmanagementsystem, das alle wesentlichen Prozesse im Unternehmen durchleuchtet und auch f\u00fcr Sie transparent macht. Ein System, das nach DIN EN ISO 9001:2015 zertifiziert ist.<\/strong><\/p>\n\n\n\n<p>Unsere Mitarbeiter haben \u00fcber das Intranet jederzeit Zugriff auf das QM-Handbuch. Dieses Handbuch beschreibt die effiziente Organisation unserer Bauleistungen, Bauabl\u00e4ufe und Kommunikationswege. F\u00fchrungsprozesse (z.B. Projektleitung) und Aufgaben der unterst\u00fctzenden Bereiche (z.B. Baulogistik, Lieferantensystem). Die Wirksamkeit der Prozesse und Effizienz der unternehmerischen Gesamtleistungen wird st\u00e4ndig \u00fcberpr\u00fcft, um Ziele wie 100 % Kundenzufriedenheit und hohes Vertrauen in Gewerke und Dienstleistungen zu erreichen.<\/p>\n\n\n\n<p>Die Gesamtverantwortung liegt bei der Gesch\u00e4ftsf\u00fchrung.<\/p>\n\n\n\n<h3 class=\"h4 wp-block-heading\">Qualit\u00e4tsmanagement f\u00fcr perfekte L\u00f6sungen<\/h3>\n\n\n\n<p class=\"fade-link\">Ein Bereich unseres Qualit\u00e4tsmanagements betrifft die&nbsp;<a href=\"..\/loesungen\">HETZEL L\u00f6sungen<\/a>. Diese optimierten, branchenorientierten Leistungspakete stellen sehr unterschiedliche Anforderungen an eine zufriedenstellende Gesamtleistung. Dienstleistungen und Gewerke werden hier individuell geplant und organisiert. F\u00fcr die operativen Aufgaben in diesen Bereichen sind Mitarbeiter mit einem klar definierten Leistungsprofil besch\u00e4ftigt.<\/p>\n\n\n\n<div style=\"height:24px\" aria-hidden=\"true\" class=\"wp-block-spacer\"><\/div>\n\n\n<div class=\"grid md-col-3-3-6-row-1 wp-block-lazyblock-inner-block lazyblock-inner-block-Z1T6jsz\">\n<div class=\"bg grey wp-block-lazyblock-inner-block lazyblock-inner-block-ZiclYM\">\n\n<p><strong>Julia Pietrasch<\/strong><br><em>Beauftragte<\/em><br><em>Qualit\u00e4ts\u00admanage\u00adment<\/em><\/p>\n\n<\/div>\n\n<div class=\"bg grey img wp-block-lazyblock-inner-block lazyblock-inner-block-1msgSr\">\n\n<figure class=\"wp-block-image size-full x50y20\"><img decoding=\"async\" loading=\"lazy\" width=\"400\" height=\"400\" src=\"https:\/\/hetzelsponheuer.de\/de\/wp-content\/uploads\/sites\/2\/2022\/12\/qm-pietrasch_julia.jpg\" alt=\"Julia Pietrasch\" class=\"wp-image-5901\" srcset=\"https:\/\/hetzelsponheuer.de\/de\/wp-content\/uploads\/sites\/2\/2022\/12\/qm-pietrasch_julia.jpg 400w, https:\/\/hetzelsponheuer.de\/de\/wp-content\/uploads\/sites\/2\/2022\/12\/qm-pietrasch_julia-200x200.jpg 200w\" sizes=\"(max-width: 400px) 100vw, 400px\" \/><\/figure>\n\n<\/div>\n\n<div class=\"bg grey wp-block-lazyblock-inner-block lazyblock-inner-block-20LzsW\">\n\n<p><em>&#8220;Qualit\u00e4t muss selbst\u00adverst\u00e4nd\u00adlich sein. F\u00fcr uns bedeutet daher Qualit\u00e4t, dass alle immer das Richtige tun \u2013 auch wenn keiner zuschaut.<\/em>&#8220;<\/p>\n\n<\/div>\n<\/div>\n\n\n<div style=\"height:24px\" aria-hidden=\"true\" class=\"wp-block-spacer\"><\/div>\n\n\n\n<h3 class=\"h4 wp-block-heading\">Qualit\u00e4ts-, Kosten- und Terminsicherheit<\/h3>\n\n\n\n<p>spielen gerade bei den L\u00f6sungen eine gro\u00dfe Rolle. Hier ist ein ablauforientiertes System installiert, das auf die verschiedenen Anforderungen reagiert. Aufgaben sind klar verteilt, Abl\u00e4ufe strukturiert beschrieben, Wechselwirkungen sind erkannt und dokumentiert. Unser Qualit\u00e4tsmanagement formuliert Analysen und Strategien, um bei auftretenden Problemstellungen gegensteuern zu k\u00f6nnen, ohne improvisieren zu m\u00fcssen. Die notwendige Dokumentation der Abl\u00e4ufe und Ma\u00dfnahmen ist durch die EDV und im speziellen durch unser Intranet (QM-Handbuch) unterst\u00fctzt.<\/p>\n\n\n\n<h3 class=\"h4 wp-block-heading\">Qualit\u00e4tssicherung durch qualifizierte Mitarbeiter<\/h3>\n\n\n\n<p class=\"fade-link\">Handwerkliche Geschicklichkeit und au\u00dferordentliche Sorgfalt der Mitarbeiter sind hauptverantwortlich f\u00fcr die hohe Qualit\u00e4t der&nbsp;<a href=\"..\/leistungen\">HETZEL Leistungen<\/a>. Das Qualit\u00e4tsmanagement unterst\u00fctzt sie bei der Entscheidungsfindung in schwierigen Situationen auf der Baustelle. Die Erfahrungen des einzelnen Mitarbeiters k\u00f6nnen dabei in eine neue Handlungsanweisung einflie\u00dfen. Ein dynamischer Prozess, der die Qualit\u00e4t erh\u00f6ht und von dem der Kunde profitiert.<\/p>\n\n\n\n<p>Komplexe Bauprojekte erfordern Mitarbeiter, die durch Ausbildung, Weiterbildung, Fertigkeiten und Erfahrung qualifiziert sind. Unsere Mitarbeiter nehmen daher regelm\u00e4\u00dfig an Weiterbildungen teil. In den eigenen Betriebsr\u00e4umen, der ehemaligen Zeche &#8220;Fritz-Heinrich&#8221;, finden interne Seminare und Schulungen statt. Die Hetzel + Sponheuer GmbH betreibt zudem eine permanente externe Mitarbeiter-Qualifizierung im Rahmen eines st\u00e4ndigen, an aktuelle Themen angelehnten, Qualifizierungsprogramms. So wird das Bildungsangebot von Verb\u00e4nden und Organisationen, bei denen unsere Unternehmung Mitglied ist, regelm\u00e4\u00dfig wahrgenommen.<\/p>\n\n\n\n<p>Neben einer fundierten Ausbildung zum Meister im Handwerk oder zum Dipl.-Bauingenieur erwerben die Mitarbeiter st\u00e4ndig weitere Qualifikationen wie SIVV-Scheine, Ausbildung zum Sicherheitsingenieur und vieles mehr. Sie werden durch eine umfassende Fachbibliothek zu allen relevanten Fragen und ein Intranet-Fachinformationssystem unterst\u00fctzt.&nbsp;<\/p>\n\n\n\n<p>Durch regelm\u00e4\u00dfige interne Audits wird die Umsetzung und Fortf\u00fchrung der hohen Qualit\u00e4t gesichert.<\/p>\n\n\n\n<p>Mit einem Pr\u00e4qualifizierungsverfahren ist es erstmals gelungen, einen bundesweit einheitlichen Standard f\u00fcr Eignungspr\u00fcfungen nach VOB zu setzen.&nbsp;<\/p>\n\n\n\n<p><strong>Die Hetzel + Sponheuer GmbH &amp; Co. KG ist f\u00fcr folgende Leistungsbereiche qualifiziert:<\/strong><\/p>\n\n\n\n<p>111-08 Betonerhaltungsarbeiten<br>611-02 umfassende Bauleistung: Bauen im Bestand<\/p>\n\n\n\n<div style=\"height:40px\" aria-hidden=\"true\" class=\"wp-block-spacer\"><\/div>\n\n<\/div>\n<\/div>\n\n<div class=\"col wp-block-lazyblock-inner-block lazyblock-inner-block-nPAkg\">\n<div class=\"wp-block-lazyblock-inner-block lazyblock-inner-block-2hEwWi\">\n\n<h4 class=\"wp-block-heading\">Unternehmen<\/h4>\n\n\n<div class=\"menu-main-menu-container\"><ul id=\"menu-main-menu\" class=\"grey scroll\"><li id=\"menu-item-70\" class=\"menu-item \"><a href=\"#unternehmensprofil\">Unternehmensprofil<\/a><\/li>\n<li id=\"menu-item-4854\" class=\"menu-item \"><a href=\"#standorte\">Standorte<\/a><\/li>\n<li id=\"menu-item-75\" class=\"menu-item \"><a href=\"#geschaeftsfuehrung-und-beirat\">Gesch\u00e4ftsf\u00fchrung und Beirat<\/a><\/li>\n<li id=\"menu-item-137\" class=\"menu-item \"><a href=\"#ansprechpartner\">Ansprechpartner<\/a><\/li>\n<li id=\"menu-item-147\" class=\"menu-item \"><a href=\"#qualitaetsmanagement\">Qualit\u00e4tsmanagement<\/a><\/li>\n<li id=\"menu-item-205\" class=\"menu-item \"><a href=\"#netzwerk-bau\">Netzwerk Bau<\/a><\/li>\n<li id=\"menu-item-210\" class=\"menu-item \"><a href=\"#karriere\">Karriere<\/a><\/li>\n<\/ul><\/div>\n\n\n\n<h4 class=\"wp-block-heading\">Ihr Ansprechpartner<\/h4>\n\n\n\n<ul class=\"ajx grey link\"><li><a data-display=\"fancybox\" data-post-type=\"mitarbeiter\" href=\"https:\/\/hetzelsponheuer.de\/de\/mitarbeiter\/julia-pietrasch\">Julia Pietrasch<br>Beauftragte Qualit\u00e4tsmanagement<\/a><\/li><\/ul>\n\n\n\n<h4 class=\"wp-block-heading\">Zertifizierungen und Qualifikationen<\/h4>\n\n\n\n<ul class=\"link grey\"><li><a rel=\"noreferrer noopener\" href=\"https:\/\/hetzelsponheuer.de\/download\/qm_zertifikat_de_2015.pdf\" target=\"_blank\">Qualit\u00e4tsmanagement<br>Zertifizierung T\u00dcV Nord<br>DIN EN ISO 9001:2015<\/a><\/li><li><a rel=\"noreferrer noopener\" href=\"http:\/\/www.pq-verein.de\/\" target=\"_blank\">Gef\u00fchrt in der Liste der Pr\u00e4qualifizierten Betriebe<\/a><\/li><li><a rel=\"noreferrer noopener\" href=\"http:\/\/www.bgib.de\/\" target=\"_blank\">Inhaber RAL G\u00fctezeichen Instandsetzung von Betonbauwerken<\/a><\/li><\/ul>\n\n\n\n<h4 class=\"wp-block-heading\">Mitgliedschaften<\/h4>\n\n\n\n<ul class=\"link grey\"><li><a href=\"http:\/\/www.wta.de\/\" target=\"_blank\" rel=\"noreferrer noopener\">Mitglied des Wissenschaftlich-Technischen Arbeitskreises f\u00fcr Denkmalpflege und Bauwerkssanierung.<\/a><\/li><li><a href=\"http:\/\/www.hdt-essen.de\/\" target=\"_blank\" rel=\"noreferrer noopener\">Mitglied im Haus der Technik e.V. Essen\/Au\u00dfeninstitut der Rhein.-Westf. Technischen Hochschule, Aachen.<\/a><\/li><li><a href=\"http:\/\/www.lib-nrw.de\/\" target=\"_blank\" rel=\"noreferrer noopener\">Mitglied in der Landesg\u00fctegemeinschaft Instandsetzung von Betonbauwerken NRW e.V.<br>Mitgliedsbetrieb mit g\u00fcte\u00fcberwachten Baustellen.<\/a><\/li><li><a href=\"http:\/\/www.rwtuev.de\/\" target=\"_blank\" rel=\"noreferrer noopener\">Zulassung als Fachbetrieb nach dem Wasserhaushaltsgesetz \u00a7 19.<\/a><\/li><\/ul>\n\n\n\n<p>  <\/p>\n\n<\/div>\n<\/div>\n<\/div>","protected":false},"excerpt":{"rendered":"","protected":false},"author":1,"featured_media":0,"parent":49,"menu_order":5,"comment_status":"closed","ping_status":"closed","template":"page-fullwidth.php","meta":{"footnotes":""},"yoast_head":"<!-- This site is optimized with the Yoast SEO plugin v22.6 - https:\/\/yoast.com\/wordpress\/plugins\/seo\/ -->\n<title>Unternehmen \u00b7 Qualit\u00e4tsmanagement \u00b7 Hetzel+Sponheuer \u00b7 Essen<\/title>\n<meta name=\"description\" content=\"Vertrauen Sie auf das Hetzel+Sponheuer Qualit\u00e4tsmanagement, das Ihnen Sicherheit bei Planung und Realisierung Ihrer Bauprojekte garantiert ...\" \/>\n<meta name=\"robots\" content=\"index, follow, max-snippet:-1, max-image-preview:large, max-video-preview:-1\" \/>\n<link rel=\"canonical\" href=\"https:\/\/hetzelsponheuer.de\/de\/unternehmen\/qualitaetsmanagement\/\" \/>\n<meta property=\"og:locale\" content=\"de_DE\" \/>\n<meta property=\"og:type\" content=\"article\" \/>\n<meta property=\"og:title\" content=\"Unternehmen \u00b7 Qualit\u00e4tsmanagement \u00b7 Hetzel+Sponheuer \u00b7 Essen\" \/>\n<meta property=\"og:description\" content=\"Vertrauen Sie auf das Hetzel+Sponheuer Qualit\u00e4tsmanagement, das Ihnen Sicherheit bei Planung und Realisierung Ihrer Bauprojekte garantiert ...\" \/>\n<meta property=\"og:url\" content=\"https:\/\/hetzelsponheuer.de\/de\/unternehmen\/qualitaetsmanagement\/\" \/>\n<meta property=\"og:site_name\" content=\"Hetzel+Sponheuer \u00b7 de\" \/>\n<meta property=\"article:modified_time\" content=\"2022-12-05T14:40:25+00:00\" \/>\n<meta property=\"og:image\" content=\"https:\/\/hetzelsponheuer.de\/de\/wp-content\/uploads\/sites\/2\/2019\/09\/qms-1611-mitte.jpg\" \/>\n<meta name=\"twitter:card\" content=\"summary_large_image\" \/>\n<script type=\"application\/ld+json\" class=\"yoast-schema-graph\">{\"@context\":\"https:\/\/schema.org\",\"@graph\":[{\"@type\":\"WebPage\",\"@id\":\"https:\/\/hetzelsponheuer.de\/de\/unternehmen\/qualitaetsmanagement\/\",\"url\":\"https:\/\/hetzelsponheuer.de\/de\/unternehmen\/qualitaetsmanagement\/\",\"name\":\"Unternehmen \u00b7 Qualit\u00e4tsmanagement \u00b7 Hetzel+Sponheuer \u00b7 Essen\",\"isPartOf\":{\"@id\":\"https:\/\/hetzelsponheuer.de\/de\/#website\"},\"primaryImageOfPage\":{\"@id\":\"https:\/\/hetzelsponheuer.de\/de\/unternehmen\/qualitaetsmanagement\/#primaryimage\"},\"image\":{\"@id\":\"https:\/\/hetzelsponheuer.de\/de\/unternehmen\/qualitaetsmanagement\/#primaryimage\"},\"thumbnailUrl\":\"https:\/\/hetzelsponheuer.de\/de\/wp-content\/uploads\/sites\/2\/2019\/09\/qms-1611-mitte.jpg\",\"datePublished\":\"2019-07-17T17:55:01+00:00\",\"dateModified\":\"2022-12-05T14:40:25+00:00\",\"description\":\"Vertrauen Sie auf das Hetzel+Sponheuer Qualit\u00e4tsmanagement, das Ihnen Sicherheit bei Planung und Realisierung Ihrer Bauprojekte garantiert ...\",\"breadcrumb\":{\"@id\":\"https:\/\/hetzelsponheuer.de\/de\/unternehmen\/qualitaetsmanagement\/#breadcrumb\"},\"inLanguage\":\"de\",\"potentialAction\":[{\"@type\":\"ReadAction\",\"target\":[\"https:\/\/hetzelsponheuer.de\/de\/unternehmen\/qualitaetsmanagement\/\"]}]},{\"@type\":\"ImageObject\",\"inLanguage\":\"de\",\"@id\":\"https:\/\/hetzelsponheuer.de\/de\/unternehmen\/qualitaetsmanagement\/#primaryimage\",\"url\":\"https:\/\/hetzelsponheuer.de\/de\/wp-content\/uploads\/sites\/2\/2019\/09\/qms-1611-mitte.jpg\",\"contentUrl\":\"https:\/\/hetzelsponheuer.de\/de\/wp-content\/uploads\/sites\/2\/2019\/09\/qms-1611-mitte.jpg\",\"width\":754,\"height\":654,\"caption\":\"QMS Essen\"},{\"@type\":\"BreadcrumbList\",\"@id\":\"https:\/\/hetzelsponheuer.de\/de\/unternehmen\/qualitaetsmanagement\/#breadcrumb\",\"itemListElement\":[{\"@type\":\"ListItem\",\"position\":1,\"name\":\"Startseite\",\"item\":\"https:\/\/hetzelsponheuer.de\/de\/\"},{\"@type\":\"ListItem\",\"position\":2,\"name\":\"Unternehmen\",\"item\":\"https:\/\/hetzelsponheuer.de\/de\/unternehmen\/\"},{\"@type\":\"ListItem\",\"position\":3,\"name\":\"Qualit\u00e4tsmanagement\"}]},{\"@type\":\"WebSite\",\"@id\":\"https:\/\/hetzelsponheuer.de\/de\/#website\",\"url\":\"https:\/\/hetzelsponheuer.de\/de\/\",\"name\":\"Hetzel+Sponheuer \u00b7 de\",\"description\":\"L\u00f6sungen f\u00fcr Ihr Bauprojekt\",\"publisher\":{\"@id\":\"https:\/\/hetzelsponheuer.de\/de\/#organization\"},\"inLanguage\":\"de\"},{\"@type\":\"Organization\",\"@id\":\"https:\/\/hetzelsponheuer.de\/de\/#organization\",\"name\":\"Hetzel+Sponheuer GmbH & Co. KG\",\"url\":\"https:\/\/hetzelsponheuer.de\/de\/\",\"logo\":{\"@type\":\"ImageObject\",\"inLanguage\":\"de\",\"@id\":\"https:\/\/hetzelsponheuer.de\/de\/#\/schema\/logo\/image\/\",\"url\":\"https:\/\/hetzelsponheuer.de\/en\/wp-content\/uploads\/sites\/2\/2020\/02\/logo_hetzelsponheuer.png\",\"contentUrl\":\"https:\/\/hetzelsponheuer.de\/en\/wp-content\/uploads\/sites\/2\/2020\/02\/logo_hetzelsponheuer.png\",\"width\":360,\"height\":24,\"caption\":\"Hetzel+Sponheuer GmbH & Co. KG\"},\"image\":{\"@id\":\"https:\/\/hetzelsponheuer.de\/de\/#\/schema\/logo\/image\/\"},\"sameAs\":[\"https:\/\/www.linkedin.com\/company\/hetzel-sponheuer-gmbh-&amp;-co.-kg\"]}]}<\/script>\n<!-- \/ Yoast SEO plugin. -->","yoast_head_json":{"title":"Unternehmen \u00b7 Qualit\u00e4tsmanagement \u00b7 Hetzel+Sponheuer \u00b7 Essen","description":"Vertrauen Sie auf das Hetzel+Sponheuer Qualit\u00e4tsmanagement, das Ihnen Sicherheit bei Planung und Realisierung Ihrer Bauprojekte garantiert ...","robots":{"index":"index","follow":"follow","max-snippet":"max-snippet:-1","max-image-preview":"max-image-preview:large","max-video-preview":"max-video-preview:-1"},"canonical":"https:\/\/hetzelsponheuer.de\/de\/unternehmen\/qualitaetsmanagement\/","og_locale":"de_DE","og_type":"article","og_title":"Unternehmen \u00b7 Qualit\u00e4tsmanagement \u00b7 Hetzel+Sponheuer \u00b7 Essen","og_description":"Vertrauen Sie auf das Hetzel+Sponheuer Qualit\u00e4tsmanagement, das Ihnen Sicherheit bei Planung und Realisierung Ihrer Bauprojekte garantiert ...","og_url":"https:\/\/hetzelsponheuer.de\/de\/unternehmen\/qualitaetsmanagement\/","og_site_name":"Hetzel+Sponheuer \u00b7 de","article_modified_time":"2022-12-05T14:40:25+00:00","og_image":[{"url":"https:\/\/hetzelsponheuer.de\/de\/wp-content\/uploads\/sites\/2\/2019\/09\/qms-1611-mitte.jpg"}],"twitter_card":"summary_large_image","schema":{"@context":"https:\/\/schema.org","@graph":[{"@type":"WebPage","@id":"https:\/\/hetzelsponheuer.de\/de\/unternehmen\/qualitaetsmanagement\/","url":"https:\/\/hetzelsponheuer.de\/de\/unternehmen\/qualitaetsmanagement\/","name":"Unternehmen \u00b7 Qualit\u00e4tsmanagement \u00b7 Hetzel+Sponheuer \u00b7 Essen","isPartOf":{"@id":"https:\/\/hetzelsponheuer.de\/de\/#website"},"primaryImageOfPage":{"@id":"https:\/\/hetzelsponheuer.de\/de\/unternehmen\/qualitaetsmanagement\/#primaryimage"},"image":{"@id":"https:\/\/hetzelsponheuer.de\/de\/unternehmen\/qualitaetsmanagement\/#primaryimage"},"thumbnailUrl":"https:\/\/hetzelsponheuer.de\/de\/wp-content\/uploads\/sites\/2\/2019\/09\/qms-1611-mitte.jpg","datePublished":"2019-07-17T17:55:01+00:00","dateModified":"2022-12-05T14:40:25+00:00","description":"Vertrauen Sie auf das Hetzel+Sponheuer Qualit\u00e4tsmanagement, das Ihnen Sicherheit bei Planung und Realisierung Ihrer Bauprojekte garantiert ...","breadcrumb":{"@id":"https:\/\/hetzelsponheuer.de\/de\/unternehmen\/qualitaetsmanagement\/#breadcrumb"},"inLanguage":"de","potentialAction":[{"@type":"ReadAction","target":["https:\/\/hetzelsponheuer.de\/de\/unternehmen\/qualitaetsmanagement\/"]}]},{"@type":"ImageObject","inLanguage":"de","@id":"https:\/\/hetzelsponheuer.de\/de\/unternehmen\/qualitaetsmanagement\/#primaryimage","url":"https:\/\/hetzelsponheuer.de\/de\/wp-content\/uploads\/sites\/2\/2019\/09\/qms-1611-mitte.jpg","contentUrl":"https:\/\/hetzelsponheuer.de\/de\/wp-content\/uploads\/sites\/2\/2019\/09\/qms-1611-mitte.jpg","width":754,"height":654,"caption":"QMS Essen"},{"@type":"BreadcrumbList","@id":"https:\/\/hetzelsponheuer.de\/de\/unternehmen\/qualitaetsmanagement\/#breadcrumb","itemListElement":[{"@type":"ListItem","position":1,"name":"Startseite","item":"https:\/\/hetzelsponheuer.de\/de\/"},{"@type":"ListItem","position":2,"name":"Unternehmen","item":"https:\/\/hetzelsponheuer.de\/de\/unternehmen\/"},{"@type":"ListItem","position":3,"name":"Qualit\u00e4tsmanagement"}]},{"@type":"WebSite","@id":"https:\/\/hetzelsponheuer.de\/de\/#website","url":"https:\/\/hetzelsponheuer.de\/de\/","name":"Hetzel+Sponheuer \u00b7 de","description":"L\u00f6sungen f\u00fcr Ihr Bauprojekt","publisher":{"@id":"https:\/\/hetzelsponheuer.de\/de\/#organization"},"inLanguage":"de"},{"@type":"Organization","@id":"https:\/\/hetzelsponheuer.de\/de\/#organization","name":"Hetzel+Sponheuer GmbH & Co. KG","url":"https:\/\/hetzelsponheuer.de\/de\/","logo":{"@type":"ImageObject","inLanguage":"de","@id":"https:\/\/hetzelsponheuer.de\/de\/#\/schema\/logo\/image\/","url":"https:\/\/hetzelsponheuer.de\/en\/wp-content\/uploads\/sites\/2\/2020\/02\/logo_hetzelsponheuer.png","contentUrl":"https:\/\/hetzelsponheuer.de\/en\/wp-content\/uploads\/sites\/2\/2020\/02\/logo_hetzelsponheuer.png","width":360,"height":24,"caption":"Hetzel+Sponheuer GmbH & Co. KG"},"image":{"@id":"https:\/\/hetzelsponheuer.de\/de\/#\/schema\/logo\/image\/"},"sameAs":["https:\/\/www.linkedin.com\/company\/hetzel-sponheuer-gmbh-&amp;-co.-kg"]}]}},"_links":{"self":[{"href":"https:\/\/hetzelsponheuer.de\/de\/wp-json\/wp\/v2\/pages\/143"}],"collection":[{"href":"https:\/\/hetzelsponheuer.de\/de\/wp-json\/wp\/v2\/pages"}],"about":[{"href":"https:\/\/hetzelsponheuer.de\/de\/wp-json\/wp\/v2\/types\/page"}],"author":[{"embeddable":true,"href":"https:\/\/hetzelsponheuer.de\/de\/wp-json\/wp\/v2\/users\/1"}],"replies":[{"embeddable":true,"href":"https:\/\/hetzelsponheuer.de\/de\/wp-json\/wp\/v2\/comments?post=143"}],"version-history":[{"count":3,"href":"https:\/\/hetzelsponheuer.de\/de\/wp-json\/wp\/v2\/pages\/143\/revisions"}],"predecessor-version":[{"id":5909,"href":"https:\/\/hetzelsponheuer.de\/de\/wp-json\/wp\/v2\/pages\/143\/revisions\/5909"}],"up":[{"embeddable":true,"href":"https:\/\/hetzelsponheuer.de\/de\/wp-json\/wp\/v2\/pages\/49"}],"wp:attachment":[{"href":"https:\/\/hetzelsponheuer.de\/de\/wp-json\/wp\/v2\/media?parent=143"}],"curies":[{"name":"wp","href":"https:\/\/api.w.org\/{rel}","templated":true}]}}