{"id":199,"date":"2019-07-18T11:55:34","date_gmt":"2019-07-18T09:55:34","guid":{"rendered":"http:\/\/hetzelsponheuer.de\/de\/?page_id=199"},"modified":"2024-01-02T11:40:36","modified_gmt":"2024-01-02T10:40:36","slug":"netzwerk-bau","status":"publish","type":"page","link":"https:\/\/hetzelsponheuer.de\/de\/unternehmen\/netzwerk-bau\/","title":{"rendered":"Netzwerk Bau"},"content":{"rendered":"<div class=\"langhash\" data-val=\"#netzwerk-bau\"><\/div>\n\n<div class=\"row x-4 md-3-6-3 sm-0-12-0 wp-block-lazyblock-inner-block lazyblock-inner-block-Z1QKdAh\">\n<div class=\"col wp-block-lazyblock-inner-block lazyblock-inner-block-25E6e7\">\n<div class=\"bg blue wp-block-lazyblock-inner-block lazyblock-inner-block-2rKwNQ\">\n\n<p>  <\/p>\n\n<\/div>\n<\/div>\n\n<div class=\"col wp-block-lazyblock-inner-block lazyblock-inner-block-Z2qqAWz\">\n<div class=\"bg grey wp-block-lazyblock-inner-block lazyblock-inner-block-10gbKj\">\n\n<p>     <\/p>\n\n<\/div>\n<\/div>\n\n<div class=\"col wp-block-lazyblock-inner-block lazyblock-inner-block-21k9zx\">\n<div class=\"bg grey wp-block-lazyblock-inner-block lazyblock-inner-block-1DXB0J\">\n\n<p>  <\/p>\n\n<\/div>\n<\/div>\n<\/div>\n\n<div class=\"row x-24 md-3-9 sm-0-12 wp-block-lazyblock-inner-block lazyblock-inner-block-Z2tGcoS\">\n<div class=\"col wp-block-lazyblock-inner-block lazyblock-inner-block-23sTLq\">\n<div class=\"wp-block-lazyblock-inner-block lazyblock-inner-block-2nq936\">\n\n<p>  <\/p>\n\n<\/div>\n<\/div>\n\n<div class=\"col wp-block-lazyblock-inner-block lazyblock-inner-block-Z2gEiN4\">\n<div class=\"head wp-block-lazyblock-inner-block lazyblock-inner-block-1WI2Dz\">\n\n<p class=\"topline grey scroll\"><a href=\"#unternehmensprofil\">UNTERNEHMEN<\/a> \u00b7 Netzwerk Bau<\/p>\n\n\n\n<h2 class=\"wp-block-heading h1\">Partner\u00adschaftlich Vernetzt<\/h2>\n\n<\/div>\n<\/div>\n<\/div>\n\n<div class=\"row x-24 md-3-6-3 sm-0-12-0 wp-block-lazyblock-inner-block lazyblock-inner-block-B3WBR\">\n<div class=\"col wp-block-lazyblock-inner-block lazyblock-inner-block-Z1q7auF\">\n<div class=\"wp-block-lazyblock-inner-block lazyblock-inner-block-2ntCh9\">\n\n<p class=\"md-right color\">Wir bieten ein komplettes Netzwerk an leistungs\u00adf\u00e4higen Partnern und Sachverst\u00e4n\u00addigen, die das komplexe Aufgaben\u00adspektrum bei Planung, Steuerung und Durch\u00adf\u00fchrung Ihres Bau\u00adprojektes sinnvoll erg\u00e4nzen.<\/p>\n\n<\/div>\n<\/div>\n\n<div class=\"col wp-block-lazyblock-inner-block lazyblock-inner-block-21PsMQ\">\n<div class=\"wp-block-lazyblock-inner-block lazyblock-inner-block-185vS7\">\n\n<p>Das &#8220;Netzwerk Bau&#8221; ist eine Initiative der Hetzel + Sponheuer GmbH &amp; Co. KG, die bei unseren Partnern bekannt ist und allen einen hohen Nutzen bietet. Sie profitieren vom &#8220;Netzwerk Bau&#8221; durch<\/p>\n\n\n\n<ul>\n<li>die sinnvolle Verkn\u00fcpfung des st\u00e4ndig wachsenden Fachwissens f\u00fcr den praxisorientierten Einsatz.<\/li>\n\n\n\n<li>die kontinuierliche Verbesserung von Bauweisen und Bautechniken \u2013 technologisch, \u00f6konomisch und \u00f6kologisch.<\/li>\n\n\n\n<li>die Erfahrungen von Experten, die neue M\u00f6glichkeiten er\u00f6ffnen und gemeinsam Innovationen vorantreiben.<\/li>\n<\/ul>\n\n\n\n<h3 class=\"wp-block-heading h4\">Partner im &#8220;Netzwerk Bau&#8221;<\/h3>\n\n\n\n<p>Neben interessierten Bauherren und Auftraggebern beteiligen sich vor allem auch materialbezogene Spezial-Adressen aus Forschung, Herstellung und Handwerk, sowie Bausachverst\u00e4ndige, Architekten und Designer, \u00d6kologen, Psychologen und Juristen am Netzwerk Bau.<\/p>\n\n\n\n<p>Unsere Unternehmung \u00fcbernimmt als Partner im &#8220;Netzwerk Bau&#8221; Projektanalysen, -beratung und -management bis hin zur Baudienstleistung. Je nach Projekt vermitteln wir die geeigneten Experten und arbeiten mit diesen eng zusammen.<\/p>\n\n<\/div>\n\n\n<div style=\"height:80px\" aria-hidden=\"true\" class=\"wp-block-spacer\"><\/div>\n\n\n<div class=\"btns row x-4 xs-4-4-4 wp-block-lazyblock-inner-block lazyblock-inner-block-1DNgfg\">\n<div class=\"col wp-block-lazyblock-inner-block lazyblock-inner-block-Fvytt\">\n<div class=\"bg btn grey wp-block-lazyblock-inner-block lazyblock-inner-block-QcDks\">\n\n<p class=\"fade-link\"><a href=\"..\/nachunternehmereinkauf\">Nach\u00adunter\u00adnehmer\u00adeinkauf<\/a><\/p>\n\n<\/div>\n<\/div>\n\n<div class=\"col wp-block-lazyblock-inner-block lazyblock-inner-block-1B6cfy\">\n<div class=\"bg btn grey wp-block-lazyblock-inner-block lazyblock-inner-block-1DGKpS\">\n\n<p class=\"fade-link\"><a href=\"..\/compliance\">Compliance<\/a><\/p>\n\n<\/div>\n<\/div>\n\n<div class=\"col wp-block-lazyblock-inner-block lazyblock-inner-block-yXXaI\">\n<div class=\"bg btn grey wp-block-lazyblock-inner-block lazyblock-inner-block-Z1riDPm\">\n\n<p class=\"fade-link\"><a href=\"..\/leitbild\">Leitbild<\/a><\/p>\n\n<\/div>\n<\/div>\n<\/div>\n\n\n<div style=\"height:40px\" aria-hidden=\"true\" class=\"wp-block-spacer\"><\/div>\n\n<\/div>\n\n<div class=\"col wp-block-lazyblock-inner-block lazyblock-inner-block-eMiEq\">\n<div class=\"wp-block-lazyblock-inner-block lazyblock-inner-block-ZMq9cz\">\n\n<h4 class=\"wp-block-heading\">Unternehmen<\/h4>\n\n\n<div class=\"menu-main-menu-container\"><ul id=\"menu-main-menu\" class=\"grey scroll\"><li id=\"menu-item-70\" class=\"menu-item \"><a href=\"#unternehmensprofil\">Unternehmensprofil<\/a><\/li>\n<li id=\"menu-item-4854\" class=\"menu-item \"><a href=\"#standorte\">Standorte<\/a><\/li>\n<li id=\"menu-item-75\" class=\"menu-item \"><a href=\"#geschaeftsfuehrung-und-beirat\">Gesch\u00e4ftsf\u00fchrung und Beirat<\/a><\/li>\n<li id=\"menu-item-137\" class=\"menu-item \"><a href=\"#ansprechpartner\">Ansprechpartner<\/a><\/li>\n<li id=\"menu-item-147\" class=\"menu-item \"><a href=\"#qualitaetsmanagement\">Qualit\u00e4tsmanagement<\/a><\/li>\n<li id=\"menu-item-205\" class=\"menu-item \"><a href=\"#netzwerk-bau\">Netzwerk Bau<\/a><\/li>\n<li id=\"menu-item-210\" class=\"menu-item \"><a href=\"#karriere\">Karriere<\/a><\/li>\n<\/ul><\/div>\n\n\n\n<h4 class=\"wp-block-heading\">Ihr Ansprechpartner<\/h4>\n\n\n\n<ul class=\"link grey ajx\">\n<li><a href=\"https:\/\/hetzelsponheuer.de\/de\/mitarbeiter\/uwe-steinfeld\" data-post-type=\"mitarbeiter\" data-display=\"fancybox\">Uwe Steinfeld<\/a><br>Gesch\u00e4ftsf\u00fchrer<\/li>\n<\/ul>\n\n\n\n<h4 class=\"wp-block-heading\">Links und Mitgliedschaften<\/h4>\n\n\n\n<ul class=\"link grey\">\n<li><a rel=\"noreferrer noopener\" href=\"http:\/\/www.denkmalschutz.de\/\" target=\"_blank\">Deutsche Stiftung Denkmalschutz<\/a><\/li>\n\n\n\n<li><a rel=\"noreferrer noopener\" href=\"http:\/\/www.wta.de\/\" target=\"_blank\">Wissenschaftlich-Technischer Arbeitskreis f\u00fcr Denkmalpflege und Bauwerkssanierung<\/a><\/li>\n\n\n\n<li><a rel=\"noreferrer noopener\" href=\"http:\/\/www.hdt-essen.de\/\" target=\"_blank\">Haus der Technik<\/a><br>Au\u00dfeninstitut der&nbsp;<br>Rhein.-Westf. Technischen Hochschule Aachen<\/li>\n\n\n\n<li><a href=\"https:\/\/www.lib-nrw.de\/\" target=\"_blank\" rel=\"noreferrer noopener\">Landesg\u00fctegemeinschaft Instandsetzung von Betonbauwerken NRW e.V.<\/a><\/li>\n\n\n\n<li><a rel=\"noreferrer noopener\" href=\"http:\/\/www.sv-witt.de\/\" target=\"_blank\">Sachverst\u00e4ndigenb\u00fcro Horst C. Witt, M\u00fclheim<\/a><\/li>\n\n\n\n<li><a rel=\"noreferrer noopener\" href=\"http:\/\/www.invers-essen.de\/\" target=\"_blank\">Invers &#8211; Industrie-vermessung &amp; Systeme, Essen<\/a><\/li>\n<\/ul>\n\n<\/div>\n<\/div>\n<\/div>","protected":false},"excerpt":{"rendered":"","protected":false},"author":1,"featured_media":0,"parent":49,"menu_order":6,"comment_status":"closed","ping_status":"closed","template":"page-fullwidth.php","meta":{"footnotes":""},"yoast_head":"<!-- This site is optimized with the Yoast SEO plugin v22.6 - https:\/\/yoast.com\/wordpress\/plugins\/seo\/ -->\n<title>Unternehmen \u00b7 Netzwerk Bau \u00b7 Hetzel+Sponheuer \u00b7 Essen<\/title>\n<meta name=\"description\" content=\"Das Netzwerk Bau besteht aus wissenschaftlich, technisch und handwerklich spezialisierten Mitgliedern, deren Leistungen die Baul\u00f6sungen sinnvoll erg\u00e4nzen ...\" \/>\n<meta name=\"robots\" content=\"index, follow, max-snippet:-1, max-image-preview:large, max-video-preview:-1\" \/>\n<link rel=\"canonical\" href=\"https:\/\/hetzelsponheuer.de\/de\/unternehmen\/netzwerk-bau\/\" \/>\n<meta property=\"og:locale\" content=\"de_DE\" \/>\n<meta property=\"og:type\" content=\"article\" \/>\n<meta property=\"og:title\" content=\"Unternehmen \u00b7 Netzwerk Bau \u00b7 Hetzel+Sponheuer \u00b7 Essen\" \/>\n<meta property=\"og:description\" content=\"Das Netzwerk Bau besteht aus wissenschaftlich, technisch und handwerklich spezialisierten Mitgliedern, deren Leistungen die Baul\u00f6sungen sinnvoll erg\u00e4nzen ...\" \/>\n<meta property=\"og:url\" content=\"https:\/\/hetzelsponheuer.de\/de\/unternehmen\/netzwerk-bau\/\" \/>\n<meta property=\"og:site_name\" content=\"Hetzel+Sponheuer \u00b7 de\" \/>\n<meta property=\"article:modified_time\" content=\"2024-01-02T10:40:36+00:00\" \/>\n<meta name=\"twitter:card\" content=\"summary_large_image\" \/>\n<meta name=\"twitter:label1\" content=\"Gesch\u00e4tzte Lesezeit\" \/>\n\t<meta name=\"twitter:data1\" content=\"1\u00a0Minute\" \/>\n<script type=\"application\/ld+json\" class=\"yoast-schema-graph\">{\"@context\":\"https:\/\/schema.org\",\"@graph\":[{\"@type\":\"WebPage\",\"@id\":\"https:\/\/hetzelsponheuer.de\/de\/unternehmen\/netzwerk-bau\/\",\"url\":\"https:\/\/hetzelsponheuer.de\/de\/unternehmen\/netzwerk-bau\/\",\"name\":\"Unternehmen \u00b7 Netzwerk Bau \u00b7 Hetzel+Sponheuer \u00b7 Essen\",\"isPartOf\":{\"@id\":\"https:\/\/hetzelsponheuer.de\/de\/#website\"},\"datePublished\":\"2019-07-18T09:55:34+00:00\",\"dateModified\":\"2024-01-02T10:40:36+00:00\",\"description\":\"Das Netzwerk Bau besteht aus wissenschaftlich, technisch und handwerklich spezialisierten Mitgliedern, deren Leistungen die Baul\u00f6sungen sinnvoll erg\u00e4nzen ...\",\"breadcrumb\":{\"@id\":\"https:\/\/hetzelsponheuer.de\/de\/unternehmen\/netzwerk-bau\/#breadcrumb\"},\"inLanguage\":\"de\",\"potentialAction\":[{\"@type\":\"ReadAction\",\"target\":[\"https:\/\/hetzelsponheuer.de\/de\/unternehmen\/netzwerk-bau\/\"]}]},{\"@type\":\"BreadcrumbList\",\"@id\":\"https:\/\/hetzelsponheuer.de\/de\/unternehmen\/netzwerk-bau\/#breadcrumb\",\"itemListElement\":[{\"@type\":\"ListItem\",\"position\":1,\"name\":\"Startseite\",\"item\":\"https:\/\/hetzelsponheuer.de\/de\/\"},{\"@type\":\"ListItem\",\"position\":2,\"name\":\"Unternehmen\",\"item\":\"https:\/\/hetzelsponheuer.de\/de\/unternehmen\/\"},{\"@type\":\"ListItem\",\"position\":3,\"name\":\"Netzwerk Bau\"}]},{\"@type\":\"WebSite\",\"@id\":\"https:\/\/hetzelsponheuer.de\/de\/#website\",\"url\":\"https:\/\/hetzelsponheuer.de\/de\/\",\"name\":\"Hetzel+Sponheuer \u00b7 de\",\"description\":\"L\u00f6sungen f\u00fcr Ihr Bauprojekt\",\"publisher\":{\"@id\":\"https:\/\/hetzelsponheuer.de\/de\/#organization\"},\"inLanguage\":\"de\"},{\"@type\":\"Organization\",\"@id\":\"https:\/\/hetzelsponheuer.de\/de\/#organization\",\"name\":\"Hetzel+Sponheuer GmbH & Co. KG\",\"url\":\"https:\/\/hetzelsponheuer.de\/de\/\",\"logo\":{\"@type\":\"ImageObject\",\"inLanguage\":\"de\",\"@id\":\"https:\/\/hetzelsponheuer.de\/de\/#\/schema\/logo\/image\/\",\"url\":\"https:\/\/hetzelsponheuer.de\/en\/wp-content\/uploads\/sites\/2\/2020\/02\/logo_hetzelsponheuer.png\",\"contentUrl\":\"https:\/\/hetzelsponheuer.de\/en\/wp-content\/uploads\/sites\/2\/2020\/02\/logo_hetzelsponheuer.png\",\"width\":360,\"height\":24,\"caption\":\"Hetzel+Sponheuer GmbH & Co. KG\"},\"image\":{\"@id\":\"https:\/\/hetzelsponheuer.de\/de\/#\/schema\/logo\/image\/\"},\"sameAs\":[\"https:\/\/www.linkedin.com\/company\/hetzel-sponheuer-gmbh-&amp;-co.-kg\"]}]}<\/script>\n<!-- \/ Yoast SEO plugin. -->","yoast_head_json":{"title":"Unternehmen \u00b7 Netzwerk Bau \u00b7 Hetzel+Sponheuer \u00b7 Essen","description":"Das Netzwerk Bau besteht aus wissenschaftlich, technisch und handwerklich spezialisierten Mitgliedern, deren Leistungen die Baul\u00f6sungen sinnvoll erg\u00e4nzen ...","robots":{"index":"index","follow":"follow","max-snippet":"max-snippet:-1","max-image-preview":"max-image-preview:large","max-video-preview":"max-video-preview:-1"},"canonical":"https:\/\/hetzelsponheuer.de\/de\/unternehmen\/netzwerk-bau\/","og_locale":"de_DE","og_type":"article","og_title":"Unternehmen \u00b7 Netzwerk Bau \u00b7 Hetzel+Sponheuer \u00b7 Essen","og_description":"Das Netzwerk Bau besteht aus wissenschaftlich, technisch und handwerklich spezialisierten Mitgliedern, deren Leistungen die Baul\u00f6sungen sinnvoll erg\u00e4nzen ...","og_url":"https:\/\/hetzelsponheuer.de\/de\/unternehmen\/netzwerk-bau\/","og_site_name":"Hetzel+Sponheuer \u00b7 de","article_modified_time":"2024-01-02T10:40:36+00:00","twitter_card":"summary_large_image","twitter_misc":{"Gesch\u00e4tzte Lesezeit":"1\u00a0Minute"},"schema":{"@context":"https:\/\/schema.org","@graph":[{"@type":"WebPage","@id":"https:\/\/hetzelsponheuer.de\/de\/unternehmen\/netzwerk-bau\/","url":"https:\/\/hetzelsponheuer.de\/de\/unternehmen\/netzwerk-bau\/","name":"Unternehmen \u00b7 Netzwerk Bau \u00b7 Hetzel+Sponheuer \u00b7 Essen","isPartOf":{"@id":"https:\/\/hetzelsponheuer.de\/de\/#website"},"datePublished":"2019-07-18T09:55:34+00:00","dateModified":"2024-01-02T10:40:36+00:00","description":"Das Netzwerk Bau besteht aus wissenschaftlich, technisch und handwerklich spezialisierten Mitgliedern, deren Leistungen die Baul\u00f6sungen sinnvoll erg\u00e4nzen ...","breadcrumb":{"@id":"https:\/\/hetzelsponheuer.de\/de\/unternehmen\/netzwerk-bau\/#breadcrumb"},"inLanguage":"de","potentialAction":[{"@type":"ReadAction","target":["https:\/\/hetzelsponheuer.de\/de\/unternehmen\/netzwerk-bau\/"]}]},{"@type":"BreadcrumbList","@id":"https:\/\/hetzelsponheuer.de\/de\/unternehmen\/netzwerk-bau\/#breadcrumb","itemListElement":[{"@type":"ListItem","position":1,"name":"Startseite","item":"https:\/\/hetzelsponheuer.de\/de\/"},{"@type":"ListItem","position":2,"name":"Unternehmen","item":"https:\/\/hetzelsponheuer.de\/de\/unternehmen\/"},{"@type":"ListItem","position":3,"name":"Netzwerk Bau"}]},{"@type":"WebSite","@id":"https:\/\/hetzelsponheuer.de\/de\/#website","url":"https:\/\/hetzelsponheuer.de\/de\/","name":"Hetzel+Sponheuer \u00b7 de","description":"L\u00f6sungen f\u00fcr Ihr Bauprojekt","publisher":{"@id":"https:\/\/hetzelsponheuer.de\/de\/#organization"},"inLanguage":"de"},{"@type":"Organization","@id":"https:\/\/hetzelsponheuer.de\/de\/#organization","name":"Hetzel+Sponheuer GmbH & Co. KG","url":"https:\/\/hetzelsponheuer.de\/de\/","logo":{"@type":"ImageObject","inLanguage":"de","@id":"https:\/\/hetzelsponheuer.de\/de\/#\/schema\/logo\/image\/","url":"https:\/\/hetzelsponheuer.de\/en\/wp-content\/uploads\/sites\/2\/2020\/02\/logo_hetzelsponheuer.png","contentUrl":"https:\/\/hetzelsponheuer.de\/en\/wp-content\/uploads\/sites\/2\/2020\/02\/logo_hetzelsponheuer.png","width":360,"height":24,"caption":"Hetzel+Sponheuer GmbH & Co. KG"},"image":{"@id":"https:\/\/hetzelsponheuer.de\/de\/#\/schema\/logo\/image\/"},"sameAs":["https:\/\/www.linkedin.com\/company\/hetzel-sponheuer-gmbh-&amp;-co.-kg"]}]}},"_links":{"self":[{"href":"https:\/\/hetzelsponheuer.de\/de\/wp-json\/wp\/v2\/pages\/199"}],"collection":[{"href":"https:\/\/hetzelsponheuer.de\/de\/wp-json\/wp\/v2\/pages"}],"about":[{"href":"https:\/\/hetzelsponheuer.de\/de\/wp-json\/wp\/v2\/types\/page"}],"author":[{"embeddable":true,"href":"https:\/\/hetzelsponheuer.de\/de\/wp-json\/wp\/v2\/users\/1"}],"replies":[{"embeddable":true,"href":"https:\/\/hetzelsponheuer.de\/de\/wp-json\/wp\/v2\/comments?post=199"}],"version-history":[{"count":3,"href":"https:\/\/hetzelsponheuer.de\/de\/wp-json\/wp\/v2\/pages\/199\/revisions"}],"predecessor-version":[{"id":6023,"href":"https:\/\/hetzelsponheuer.de\/de\/wp-json\/wp\/v2\/pages\/199\/revisions\/6023"}],"up":[{"embeddable":true,"href":"https:\/\/hetzelsponheuer.de\/de\/wp-json\/wp\/v2\/pages\/49"}],"wp:attachment":[{"href":"https:\/\/hetzelsponheuer.de\/de\/wp-json\/wp\/v2\/media?parent=199"}],"curies":[{"name":"wp","href":"https:\/\/api.w.org\/{rel}","templated":true}]}}