{"id":214,"date":"2019-07-18T14:17:53","date_gmt":"2019-07-18T12:17:53","guid":{"rendered":"http:\/\/hetzelsponheuer.de\/de\/?page_id=214"},"modified":"2023-04-28T10:15:29","modified_gmt":"2023-04-28T08:15:29","slug":"wohnen-gewerbe-industrie","status":"publish","type":"page","link":"https:\/\/hetzelsponheuer.de\/de\/loesungen\/wohnen-gewerbe-industrie\/","title":{"rendered":"Wohnen Gewerbe Industrie"},"content":{"rendered":"<div class=\"langhash\" data-val=\"#residential-commercial-industrial\"><\/div>\n\n<div class=\"grid md-col-3-6-3-row-1 h360 wp-block-lazyblock-inner-block lazyblock-inner-block-2w8Tdo\">\n<div class=\"bg grey img wp-block-lazyblock-inner-block lazyblock-inner-block-Z1IN7t9\">\n\n<figure class=\"wp-block-image x100y100\"><img decoding=\"async\" loading=\"lazy\" width=\"373\" height=\"560\" src=\"https:\/\/hetzelsponheuer.de\/de\/wp-content\/uploads\/sites\/2\/2019\/09\/mu-ge-1629a-links.jpg\" alt=\"Wohnungsbau Gewerbebau Industriebau\" class=\"wp-image-3761\" srcset=\"https:\/\/hetzelsponheuer.de\/de\/wp-content\/uploads\/sites\/2\/2019\/09\/mu-ge-1629a-links.jpg 373w, https:\/\/hetzelsponheuer.de\/de\/wp-content\/uploads\/sites\/2\/2019\/09\/mu-ge-1629a-links-266x400.jpg 266w\" sizes=\"(max-width: 373px) 100vw, 373px\" \/><\/figure>\n\n<\/div>\n\n<div class=\"bg grey img wp-block-lazyblock-inner-block lazyblock-inner-block-1mHjwp\">\n\n<figure class=\"wp-block-image x100y100\"><img decoding=\"async\" loading=\"lazy\" width=\"754\" height=\"560\" src=\"https:\/\/hetzelsponheuer.de\/de\/wp-content\/uploads\/sites\/2\/2019\/09\/mu-ge-1629a-mitte.jpg\" alt=\"Wohnungsbau Gewerbebau Industriebau\" class=\"wp-image-3762\" srcset=\"https:\/\/hetzelsponheuer.de\/de\/wp-content\/uploads\/sites\/2\/2019\/09\/mu-ge-1629a-mitte.jpg 754w, https:\/\/hetzelsponheuer.de\/de\/wp-content\/uploads\/sites\/2\/2019\/09\/mu-ge-1629a-mitte-400x297.jpg 400w\" sizes=\"(max-width: 754px) 100vw, 754px\" \/><\/figure>\n\n<\/div>\n\n<div class=\"bg grey img wp-block-lazyblock-inner-block lazyblock-inner-block-Z1kbLIi\">\n\n<figure class=\"wp-block-image x0y100\"><img decoding=\"async\" loading=\"lazy\" width=\"373\" height=\"560\" src=\"https:\/\/hetzelsponheuer.de\/de\/wp-content\/uploads\/sites\/2\/2019\/09\/mu-ge-1629a-rechts.jpg\" alt=\"Wohnungsbau Gewerbebau Industriebau\" class=\"wp-image-3763\" srcset=\"https:\/\/hetzelsponheuer.de\/de\/wp-content\/uploads\/sites\/2\/2019\/09\/mu-ge-1629a-rechts.jpg 373w, https:\/\/hetzelsponheuer.de\/de\/wp-content\/uploads\/sites\/2\/2019\/09\/mu-ge-1629a-rechts-266x400.jpg 266w\" sizes=\"(max-width: 373px) 100vw, 373px\" \/><\/figure>\n\n<\/div>\n<\/div>\n\n<div class=\"row x-24 md-3-9 sm-0-12 wp-block-lazyblock-inner-block lazyblock-inner-block-167GcM\">\n<div class=\"col wp-block-lazyblock-inner-block lazyblock-inner-block-z12kd\">\n<div class=\"wp-block-lazyblock-inner-block lazyblock-inner-block-Z6pbN3\">\n\n<p>  <\/p>\n\n<\/div>\n<\/div>\n\n<div class=\"col wp-block-lazyblock-inner-block lazyblock-inner-block-Z2uglVg\">\n<div class=\"head wp-block-lazyblock-inner-block lazyblock-inner-block-Z1SM2iU\">\n\n<p class=\"topline grey scroll\"><a href=\"#intro-loesungen\">L\u00d6SUNGEN \u00b7<\/a> Wohnen Gewerbe Industrie<\/p>\n\n\n\n<h2 class=\"wp-block-heading h1\"><span class=\"grey\">Kalkulations\u00adsichere<\/span> Wert <span class=\"grey\">Anlagen<\/span><\/h2>\n\n<\/div>\n<\/div>\n<\/div>\n\n<div class=\"row x-24 md-3-6-3 sm-12-12-12 wp-block-lazyblock-inner-block lazyblock-inner-block-Z178yjz\">\n<div class=\"col wp-block-lazyblock-inner-block lazyblock-inner-block-17DDTM\">\n<div class=\"wp-block-lazyblock-inner-block lazyblock-inner-block-ZsMa54\">\n\n<p class=\"pl-24 md-right color\"><strong>Ob Industriehalle, B\u00fcrokomplex, Schule, Krankenhaus, Theater, Verkaufsraum oder Wohnanlage<\/strong>.<br><strong>Unsere L\u00f6sungen f\u00fcr das moderne Immobilien\u00admanagement bieten Solidit\u00e4t und Qualit\u00e4t und garantieren Ihnen Sicherheit, Zuverl\u00e4ssigkeit sowie Wirtschaft\u00adlichkeit in der Ausf\u00fchrung.<\/strong><\/p>\n\n\n\n<div style=\"height:24px\" aria-hidden=\"true\" class=\"wp-block-spacer\"><\/div>\n\n<\/div>\n<\/div>\n\n<div class=\"col wp-block-lazyblock-inner-block lazyblock-inner-block-ZxXBoJ\">\n<div class=\"wp-block-lazyblock-inner-block lazyblock-inner-block-Z1nJ7h9\">\n\n<p>Gesch\u00e4fts\u00ad\u00adbereiche ver\u00e4ndern sich, Expan\u00adsionen schreiten voran, Produktions\u00ad\u00adprozesse werden moder\u00adni\u00adsiert. Ihre Immobilie sollte sich daher der Dynamik des Marktes und den Bed\u00fcrf\u00ad\u00adnissen der Nutzer anpassen.<\/p>\n\n\n\n<div style=\"height:20px\" aria-hidden=\"true\" class=\"wp-block-spacer\"><\/div>\n\n\n<div class=\"grid md-col-3-3-6-row-1 wp-block-lazyblock-inner-block lazyblock-inner-block-ZpdTxG\">\n<div class=\"bg grey wp-block-lazyblock-inner-block lazyblock-inner-block-U0Ak9\">\n\n<p><strong>Carsten Haddick<\/strong><\/p>\n\n\n\n<p><em>Prokurist<br>Technische Leitung<\/em><br><\/p>\n\n<\/div>\n\n<div class=\"bg grey img wp-block-lazyblock-inner-block lazyblock-inner-block-ZwYPgb\">\n\n<figure class=\"wp-block-image size-large x50y20\"><img decoding=\"async\" loading=\"lazy\" width=\"400\" height=\"400\" src=\"https:\/\/hetzelsponheuer.de\/de\/wp-content\/uploads\/sites\/2\/2019\/12\/haddick_19_13.jpg\" alt=\"\" class=\"wp-image-4881\" srcset=\"https:\/\/hetzelsponheuer.de\/de\/wp-content\/uploads\/sites\/2\/2019\/12\/haddick_19_13.jpg 400w, https:\/\/hetzelsponheuer.de\/de\/wp-content\/uploads\/sites\/2\/2019\/12\/haddick_19_13-200x200.jpg 200w\" sizes=\"(max-width: 400px) 100vw, 400px\" \/><\/figure>\n\n<\/div>\n\n<div class=\"bg grey wp-block-lazyblock-inner-block lazyblock-inner-block-1LEJNu\">\n\n<p><em>&#8220;Unserem Leitbild entsprechend Verl\u00e4sslichkeit bauen, dass gew\u00e4hrleistet unseren Kunden Qualit\u00e4t.&#8221;<\/em><\/p>\n\n<\/div>\n<\/div>\n\n\n<div style=\"height:24px\" aria-hidden=\"true\" class=\"wp-block-spacer\"><\/div>\n\n\n\n<p>So flexibel wie die Anforde\u00adrungen an ein Bau\u00adprojekt sind auch wir als Ihr leistungs\u00adstarker Bau\u00adpartner. Stark in allen Diszi\u00adplinen: Neubau, Umbau und Sanierung. Wir bieten Ihnen den funktio\u00adnellen Bau, die repr\u00e4sen\u00adtative Gestal\u00adtung und die technische Ausr\u00fcstung Ihrer Geb\u00e4ude \u2013 nat\u00fcrlich unter Ber\u00fcck\u00adsichtigung besonderer Anforde\u00adrungen in den Bereichen Brandschutz, Akustik und Hygiene. Architek\u00adtonisch anspruchs\u00advoll, energe\u00adtisch optimiert, f\u00fcr die jeweilige Nutzung durchdacht, geplant und kosten\u00adoptimiert organisiert.<\/p>\n\n\n\n<h3 class=\"wp-block-heading h4\">Kalkulationssicherheit festgeschrieben<\/h3>\n\n\n\n<p class=\"ajx link\">Sicherheit f\u00fcr Ihre Planung &#8211; vertraglich festgeschrieben. Informieren Sie sich \u00fcber Festpreise und Termingarantien durch individuelle, auf Sie abgestimmte&nbsp;<a data-post-type=\"mitarbeiter\" data-display=\"fancybox\" href=\"https:\/\/hetzelsponheuer.de\/de\/vertragsoptionen\">Vertragsoptionen<\/a>.<\/p>\n\n\n\n<h3 class=\"wp-block-heading h4\">Unsere wichtigsten Bauweisen im \u00dcberblick:<\/h3>\n\n\n\n<ul>\n<li><strong>Fassaden und Verkleidungen<\/strong>&nbsp;f\u00fcr Gestaltungsspielraum auf ganzer Fl\u00e4che<\/li>\n\n\n\n<li><strong>Stahlbau und Stahlverbundbau<\/strong>&nbsp;im Geschoss- und Hallenbau<\/li>\n\n\n\n<li><strong>Holzbauweise<\/strong>&nbsp;als handwerklich \u00e4sthetische Alternative<\/li>\n\n\n\n<li><strong>D\u00e4mmung<\/strong>&nbsp;auf dem neuesten energetischen Stand<\/li>\n\n\n\n<li><strong>Tiefbau<\/strong>&nbsp;im Zusammenhang mit Mauerwerktrockenlegungen<\/li>\n\n\n\n<li><strong>Stahlbetonbau<\/strong>&nbsp;als universeller Baustoff f\u00fcr Innen und Au\u00dfen<\/li>\n<\/ul>\n\n<\/div>\n\n\n<div style=\"height:48px\" aria-hidden=\"true\" class=\"wp-block-spacer\"><\/div>\n\n\n<div class=\"row x-4 xs-4-4-4  wp-block-lazyblock-inner-block lazyblock-inner-block-Z1HrDI4\">\n<div class=\"col wp-block-lazyblock-inner-block lazyblock-inner-block-PKscd\">\n<div class=\"bg btn grey wp-block-lazyblock-inner-block lazyblock-inner-block-1zcRVu\">\n\n<p class=\"ajx\"><a href=\"https:\/\/hetzelsponheuer.de\/de\/loesungen\/wohnen-gewerbe-industrie\/wohnungsbau\">Woh\u00adnungs\u00adbau<\/a><\/p>\n\n<\/div>\n<\/div>\n\n<div class=\"col wp-block-lazyblock-inner-block lazyblock-inner-block-dMinE\">\n<div class=\"bg btn grey wp-block-lazyblock-inner-block lazyblock-inner-block-Zo8TpK\">\n\n<p class=\"ajx\"><a href=\"https:\/\/hetzelsponheuer.de\/de\/loesungen\/wohnen-gewerbe-industrie\/gewerbebau\">Ge\u00adwerbe\u00adbau<\/a><\/p>\n\n<\/div>\n<\/div>\n\n<div class=\"col wp-block-lazyblock-inner-block lazyblock-inner-block-ZdaR23\">\n<div class=\"bg btn grey wp-block-lazyblock-inner-block lazyblock-inner-block-11tOVB\">\n\n<p class=\"ajx\"><a href=\"https:\/\/hetzelsponheuer.de\/de\/loesungen\/wohnen-gewerbe-industrie\/industriebau\">Indus\u00adtrie\u00adbau <\/a><\/p>\n\n<\/div>\n<\/div>\n\n\n<div style=\"height:32px\" aria-hidden=\"true\" class=\"wp-block-spacer\"><\/div>\n\n<\/div>\n<\/div>\n\n<div class=\"col wp-block-lazyblock-inner-block lazyblock-inner-block-Z1NAB5m\">\n<div class=\"wp-block-lazyblock-inner-block lazyblock-inner-block-1On3dv\">\n\n<h4 class=\"wp-block-heading\">L\u00f6sungen<\/h4>\n\n\n<div class=\"menu-main-menu-container\"><ul id=\"menu-main-menu\" class=\"link grey\"><li id=\"menu-item-252\" class=\"menu-item \"><a href=\"#intro-loesungen\">Intro<\/a><\/li>\n<li id=\"menu-item-227\" class=\"menu-item \"><a href=\"#wohnen-gewerbe-industrie\">Wohnen Gewerbe Industrie<\/a><\/li>\n<li id=\"menu-item-244\" class=\"menu-item \"><a href=\"#einkaufscenter-ladenlokal\">Einkaufscenter Ladenlokal<\/a><\/li>\n<li id=\"menu-item-262\" class=\"menu-item \"><a href=\"#hotel-gastronomie\">Hotel Gastronomie<\/a><\/li>\n<li id=\"menu-item-277\" class=\"menu-item \"><a href=\"#bauwerterhaltung-denkmalschutz\">Bauwerterhaltung Denkmalschutz<\/a><\/li>\n<\/ul><\/div>\n\n\n\n<h4 class=\"wp-block-heading\">Ihr Ansprechpartner<\/h4>\n\n\n\n<ul class=\"link ajx grey\">\n<li><a href=\"https:\/\/hetzelsponheuer.de\/de\/mitarbeiter\/carsten-haddick\" data-display=\"fancybox\" data-post-type=\"mitarbeiter\">Carsten Haddick<\/a><\/li>\n<\/ul>\n\n\n\n<h4 class=\"wp-block-heading\">Unsere Referenzen<\/h4>\n\n\n\n<ul class=\"fade-link popup grey\">\n<li><a href=\"https:\/\/hetzelsponheuer.de\/de\/referenzen\/fachhochschule-gelsenkirchen\/\">Fachhochschule Gelsenkirchen<\/a><\/li>\n\n\n\n<li><a href=\"https:\/\/hetzelsponheuer.de\/de\/referenzen\/f-v-s-gymnasium-muenster\">Gymnasium M\u00fcnster<\/a><\/li>\n\n\n\n<li><a href=\"https:\/\/hetzelsponheuer.de\/de\/referenzen\/oase-duesseldorf\">O.A.S.E D\u00fcsseldorf<\/a><\/li>\n\n\n\n<li><a href=\"https:\/\/hetzelsponheuer.de\/de\/referenzen\/muehlenspeicher-duisburg\">M\u00fchlenspeicher Duisburg<\/a><\/li>\n\n\n\n<li><a href=\"https:\/\/hetzelsponheuer.de\/de\/referenzen\/stahlwerk-phoenix-dortmund\">Stahlwerk Phoenix Dortmund<\/a><\/li>\n\n\n\n<li><a href=\"https:\/\/hetzelsponheuer.de\/de\/referenzen\/casino-duisburg\">Casino Duisburg<\/a><\/li>\n\n\n\n<li><a href=\"https:\/\/hetzelsponheuer.de\/de\/referenzen\/kantine-dortmund\">Kantine Dortmund<\/a><\/li>\n\n\n\n<li><a href=\"https:\/\/hetzelsponheuer.de\/de\/referenzen\/musiktheater-gelsenkirchen\">Musiktheater Gelsenkirchen<\/a><\/li>\n\n\n\n<li><a href=\"https:\/\/hetzelsponheuer.de\/de\/referenzen\/projektseiten\">Bild\u00fcbersicht unserer Referenzobjeke f\u00fcr Wohnen, Gewerbe und Industrie<\/a><\/li>\n<\/ul>\n\n<\/div>\n<\/div>\n<\/div>","protected":false},"excerpt":{"rendered":"","protected":false},"author":1,"featured_media":0,"parent":8,"menu_order":2,"comment_status":"closed","ping_status":"closed","template":"page-fullwidth.php","meta":{"footnotes":""},"yoast_head":"<!-- This site is optimized with the Yoast SEO plugin v22.6 - https:\/\/yoast.com\/wordpress\/plugins\/seo\/ -->\n<title>Baul\u00f6sungen \u00b7 Wohnen Gewerbe Industrie \u00b7 Hetzel+Sponheuer \u00b7 Essen<\/title>\n<meta name=\"description\" content=\"Optimierte Leistungspakete und speziell geschulte Teams f\u00fcr &quot;Wohnen Gewerbe Industrie&quot;, Bauen im Bestand. Unsere Baul\u00f6sung ...\" \/>\n<meta name=\"robots\" content=\"index, follow, max-snippet:-1, max-image-preview:large, max-video-preview:-1\" \/>\n<link rel=\"canonical\" href=\"https:\/\/hetzelsponheuer.de\/de\/loesungen\/wohnen-gewerbe-industrie\/\" \/>\n<meta property=\"og:locale\" content=\"de_DE\" \/>\n<meta property=\"og:type\" content=\"article\" \/>\n<meta property=\"og:title\" content=\"Baul\u00f6sungen \u00b7 Wohnen Gewerbe Industrie \u00b7 Hetzel+Sponheuer \u00b7 Essen\" \/>\n<meta property=\"og:description\" content=\"Optimierte Leistungspakete und speziell geschulte Teams f\u00fcr &quot;Wohnen Gewerbe Industrie&quot;, Bauen im Bestand. Unsere Baul\u00f6sung ...\" \/>\n<meta property=\"og:url\" content=\"https:\/\/hetzelsponheuer.de\/de\/loesungen\/wohnen-gewerbe-industrie\/\" \/>\n<meta property=\"og:site_name\" content=\"Hetzel+Sponheuer \u00b7 de\" \/>\n<meta property=\"article:modified_time\" content=\"2023-04-28T08:15:29+00:00\" \/>\n<meta property=\"og:image\" content=\"https:\/\/hetzelsponheuer.de\/de\/wp-content\/uploads\/sites\/2\/2019\/09\/mu-ge-1629a-links.jpg\" \/>\n<meta name=\"twitter:card\" content=\"summary_large_image\" \/>\n<meta name=\"twitter:label1\" content=\"Gesch\u00e4tzte Lesezeit\" \/>\n\t<meta name=\"twitter:data1\" content=\"2\u00a0Minuten\" \/>\n<script type=\"application\/ld+json\" class=\"yoast-schema-graph\">{\"@context\":\"https:\/\/schema.org\",\"@graph\":[{\"@type\":\"WebPage\",\"@id\":\"https:\/\/hetzelsponheuer.de\/de\/loesungen\/wohnen-gewerbe-industrie\/\",\"url\":\"https:\/\/hetzelsponheuer.de\/de\/loesungen\/wohnen-gewerbe-industrie\/\",\"name\":\"Baul\u00f6sungen \u00b7 Wohnen Gewerbe Industrie \u00b7 Hetzel+Sponheuer \u00b7 Essen\",\"isPartOf\":{\"@id\":\"https:\/\/hetzelsponheuer.de\/de\/#website\"},\"primaryImageOfPage\":{\"@id\":\"https:\/\/hetzelsponheuer.de\/de\/loesungen\/wohnen-gewerbe-industrie\/#primaryimage\"},\"image\":{\"@id\":\"https:\/\/hetzelsponheuer.de\/de\/loesungen\/wohnen-gewerbe-industrie\/#primaryimage\"},\"thumbnailUrl\":\"https:\/\/hetzelsponheuer.de\/de\/wp-content\/uploads\/sites\/2\/2019\/09\/mu-ge-1629a-links.jpg\",\"datePublished\":\"2019-07-18T12:17:53+00:00\",\"dateModified\":\"2023-04-28T08:15:29+00:00\",\"description\":\"Optimierte Leistungspakete und speziell geschulte Teams f\u00fcr \\\"Wohnen Gewerbe Industrie\\\", Bauen im Bestand. Unsere Baul\u00f6sung ...\",\"breadcrumb\":{\"@id\":\"https:\/\/hetzelsponheuer.de\/de\/loesungen\/wohnen-gewerbe-industrie\/#breadcrumb\"},\"inLanguage\":\"de\",\"potentialAction\":[{\"@type\":\"ReadAction\",\"target\":[\"https:\/\/hetzelsponheuer.de\/de\/loesungen\/wohnen-gewerbe-industrie\/\"]}]},{\"@type\":\"ImageObject\",\"inLanguage\":\"de\",\"@id\":\"https:\/\/hetzelsponheuer.de\/de\/loesungen\/wohnen-gewerbe-industrie\/#primaryimage\",\"url\":\"https:\/\/hetzelsponheuer.de\/de\/wp-content\/uploads\/sites\/2\/2019\/09\/mu-ge-1629a-links.jpg\",\"contentUrl\":\"https:\/\/hetzelsponheuer.de\/de\/wp-content\/uploads\/sites\/2\/2019\/09\/mu-ge-1629a-links.jpg\",\"width\":373,\"height\":560},{\"@type\":\"BreadcrumbList\",\"@id\":\"https:\/\/hetzelsponheuer.de\/de\/loesungen\/wohnen-gewerbe-industrie\/#breadcrumb\",\"itemListElement\":[{\"@type\":\"ListItem\",\"position\":1,\"name\":\"Startseite\",\"item\":\"https:\/\/hetzelsponheuer.de\/de\/\"},{\"@type\":\"ListItem\",\"position\":2,\"name\":\"L\u00f6sungen\",\"item\":\"https:\/\/hetzelsponheuer.de\/de\/loesungen\/\"},{\"@type\":\"ListItem\",\"position\":3,\"name\":\"Wohnen Gewerbe Industrie\"}]},{\"@type\":\"WebSite\",\"@id\":\"https:\/\/hetzelsponheuer.de\/de\/#website\",\"url\":\"https:\/\/hetzelsponheuer.de\/de\/\",\"name\":\"Hetzel+Sponheuer \u00b7 de\",\"description\":\"L\u00f6sungen f\u00fcr Ihr Bauprojekt\",\"publisher\":{\"@id\":\"https:\/\/hetzelsponheuer.de\/de\/#organization\"},\"inLanguage\":\"de\"},{\"@type\":\"Organization\",\"@id\":\"https:\/\/hetzelsponheuer.de\/de\/#organization\",\"name\":\"Hetzel+Sponheuer GmbH & Co. KG\",\"url\":\"https:\/\/hetzelsponheuer.de\/de\/\",\"logo\":{\"@type\":\"ImageObject\",\"inLanguage\":\"de\",\"@id\":\"https:\/\/hetzelsponheuer.de\/de\/#\/schema\/logo\/image\/\",\"url\":\"https:\/\/hetzelsponheuer.de\/en\/wp-content\/uploads\/sites\/2\/2020\/02\/logo_hetzelsponheuer.png\",\"contentUrl\":\"https:\/\/hetzelsponheuer.de\/en\/wp-content\/uploads\/sites\/2\/2020\/02\/logo_hetzelsponheuer.png\",\"width\":360,\"height\":24,\"caption\":\"Hetzel+Sponheuer GmbH & Co. KG\"},\"image\":{\"@id\":\"https:\/\/hetzelsponheuer.de\/de\/#\/schema\/logo\/image\/\"},\"sameAs\":[\"https:\/\/www.linkedin.com\/company\/hetzel-sponheuer-gmbh-&amp;-co.-kg\"]}]}<\/script>\n<!-- \/ Yoast SEO plugin. -->","yoast_head_json":{"title":"Baul\u00f6sungen \u00b7 Wohnen Gewerbe Industrie \u00b7 Hetzel+Sponheuer \u00b7 Essen","description":"Optimierte Leistungspakete und speziell geschulte Teams f\u00fcr \"Wohnen Gewerbe Industrie\", Bauen im Bestand. Unsere Baul\u00f6sung ...","robots":{"index":"index","follow":"follow","max-snippet":"max-snippet:-1","max-image-preview":"max-image-preview:large","max-video-preview":"max-video-preview:-1"},"canonical":"https:\/\/hetzelsponheuer.de\/de\/loesungen\/wohnen-gewerbe-industrie\/","og_locale":"de_DE","og_type":"article","og_title":"Baul\u00f6sungen \u00b7 Wohnen Gewerbe Industrie \u00b7 Hetzel+Sponheuer \u00b7 Essen","og_description":"Optimierte Leistungspakete und speziell geschulte Teams f\u00fcr \"Wohnen Gewerbe Industrie\", Bauen im Bestand. Unsere Baul\u00f6sung ...","og_url":"https:\/\/hetzelsponheuer.de\/de\/loesungen\/wohnen-gewerbe-industrie\/","og_site_name":"Hetzel+Sponheuer \u00b7 de","article_modified_time":"2023-04-28T08:15:29+00:00","og_image":[{"url":"https:\/\/hetzelsponheuer.de\/de\/wp-content\/uploads\/sites\/2\/2019\/09\/mu-ge-1629a-links.jpg"}],"twitter_card":"summary_large_image","twitter_misc":{"Gesch\u00e4tzte Lesezeit":"2\u00a0Minuten"},"schema":{"@context":"https:\/\/schema.org","@graph":[{"@type":"WebPage","@id":"https:\/\/hetzelsponheuer.de\/de\/loesungen\/wohnen-gewerbe-industrie\/","url":"https:\/\/hetzelsponheuer.de\/de\/loesungen\/wohnen-gewerbe-industrie\/","name":"Baul\u00f6sungen \u00b7 Wohnen Gewerbe Industrie \u00b7 Hetzel+Sponheuer \u00b7 Essen","isPartOf":{"@id":"https:\/\/hetzelsponheuer.de\/de\/#website"},"primaryImageOfPage":{"@id":"https:\/\/hetzelsponheuer.de\/de\/loesungen\/wohnen-gewerbe-industrie\/#primaryimage"},"image":{"@id":"https:\/\/hetzelsponheuer.de\/de\/loesungen\/wohnen-gewerbe-industrie\/#primaryimage"},"thumbnailUrl":"https:\/\/hetzelsponheuer.de\/de\/wp-content\/uploads\/sites\/2\/2019\/09\/mu-ge-1629a-links.jpg","datePublished":"2019-07-18T12:17:53+00:00","dateModified":"2023-04-28T08:15:29+00:00","description":"Optimierte Leistungspakete und speziell geschulte Teams f\u00fcr \"Wohnen Gewerbe Industrie\", Bauen im Bestand. Unsere Baul\u00f6sung ...","breadcrumb":{"@id":"https:\/\/hetzelsponheuer.de\/de\/loesungen\/wohnen-gewerbe-industrie\/#breadcrumb"},"inLanguage":"de","potentialAction":[{"@type":"ReadAction","target":["https:\/\/hetzelsponheuer.de\/de\/loesungen\/wohnen-gewerbe-industrie\/"]}]},{"@type":"ImageObject","inLanguage":"de","@id":"https:\/\/hetzelsponheuer.de\/de\/loesungen\/wohnen-gewerbe-industrie\/#primaryimage","url":"https:\/\/hetzelsponheuer.de\/de\/wp-content\/uploads\/sites\/2\/2019\/09\/mu-ge-1629a-links.jpg","contentUrl":"https:\/\/hetzelsponheuer.de\/de\/wp-content\/uploads\/sites\/2\/2019\/09\/mu-ge-1629a-links.jpg","width":373,"height":560},{"@type":"BreadcrumbList","@id":"https:\/\/hetzelsponheuer.de\/de\/loesungen\/wohnen-gewerbe-industrie\/#breadcrumb","itemListElement":[{"@type":"ListItem","position":1,"name":"Startseite","item":"https:\/\/hetzelsponheuer.de\/de\/"},{"@type":"ListItem","position":2,"name":"L\u00f6sungen","item":"https:\/\/hetzelsponheuer.de\/de\/loesungen\/"},{"@type":"ListItem","position":3,"name":"Wohnen Gewerbe Industrie"}]},{"@type":"WebSite","@id":"https:\/\/hetzelsponheuer.de\/de\/#website","url":"https:\/\/hetzelsponheuer.de\/de\/","name":"Hetzel+Sponheuer \u00b7 de","description":"L\u00f6sungen f\u00fcr Ihr Bauprojekt","publisher":{"@id":"https:\/\/hetzelsponheuer.de\/de\/#organization"},"inLanguage":"de"},{"@type":"Organization","@id":"https:\/\/hetzelsponheuer.de\/de\/#organization","name":"Hetzel+Sponheuer GmbH & Co. KG","url":"https:\/\/hetzelsponheuer.de\/de\/","logo":{"@type":"ImageObject","inLanguage":"de","@id":"https:\/\/hetzelsponheuer.de\/de\/#\/schema\/logo\/image\/","url":"https:\/\/hetzelsponheuer.de\/en\/wp-content\/uploads\/sites\/2\/2020\/02\/logo_hetzelsponheuer.png","contentUrl":"https:\/\/hetzelsponheuer.de\/en\/wp-content\/uploads\/sites\/2\/2020\/02\/logo_hetzelsponheuer.png","width":360,"height":24,"caption":"Hetzel+Sponheuer GmbH & Co. KG"},"image":{"@id":"https:\/\/hetzelsponheuer.de\/de\/#\/schema\/logo\/image\/"},"sameAs":["https:\/\/www.linkedin.com\/company\/hetzel-sponheuer-gmbh-&amp;-co.-kg"]}]}},"_links":{"self":[{"href":"https:\/\/hetzelsponheuer.de\/de\/wp-json\/wp\/v2\/pages\/214"}],"collection":[{"href":"https:\/\/hetzelsponheuer.de\/de\/wp-json\/wp\/v2\/pages"}],"about":[{"href":"https:\/\/hetzelsponheuer.de\/de\/wp-json\/wp\/v2\/types\/page"}],"author":[{"embeddable":true,"href":"https:\/\/hetzelsponheuer.de\/de\/wp-json\/wp\/v2\/users\/1"}],"replies":[{"embeddable":true,"href":"https:\/\/hetzelsponheuer.de\/de\/wp-json\/wp\/v2\/comments?post=214"}],"version-history":[{"count":2,"href":"https:\/\/hetzelsponheuer.de\/de\/wp-json\/wp\/v2\/pages\/214\/revisions"}],"predecessor-version":[{"id":5940,"href":"https:\/\/hetzelsponheuer.de\/de\/wp-json\/wp\/v2\/pages\/214\/revisions\/5940"}],"up":[{"embeddable":true,"href":"https:\/\/hetzelsponheuer.de\/de\/wp-json\/wp\/v2\/pages\/8"}],"wp:attachment":[{"href":"https:\/\/hetzelsponheuer.de\/de\/wp-json\/wp\/v2\/media?parent=214"}],"curies":[{"name":"wp","href":"https:\/\/api.w.org\/{rel}","templated":true}]}}