{"id":222,"date":"2019-07-18T14:25:37","date_gmt":"2019-07-18T12:25:37","guid":{"rendered":"http:\/\/hetzelsponheuer.de\/de\/?page_id=222"},"modified":"2024-01-31T09:34:48","modified_gmt":"2024-01-31T08:34:48","slug":"intro-loesungen","status":"publish","type":"page","link":"https:\/\/hetzelsponheuer.de\/de\/loesungen\/intro-loesungen\/","title":{"rendered":"Intro L\u00f6sungen"},"content":{"rendered":"<div class=\"langhash\" data-val=\"#intro-solutions\"><\/div>\n\n<div class=\"grid md-col-3-6-3-row-1 h360 wp-block-lazyblock-inner-block lazyblock-inner-block-1WvhnS\">\n<div class=\"bg grey txt wp-block-lazyblock-inner-block lazyblock-inner-block-7puOn\">\n\n<p>     <\/p>\n\n<\/div>\n\n<div class=\"bg grey img slider wp-block-lazyblock-inner-block lazyblock-inner-block-Z169yJ7\">\n<div class=\"wp-block-lazyblock-slider lazyblock-slider-1CfJ8f\"><ul class=\"cycle-slideshow ul-slider\" background:#d8e0e5;\ndata-cycle-fx=fadein\ndata-cycle-slides=&gt; .slide\ndata-cycle-speed=1500\ndata-cycle-pause-on-hover=true \ndata-cycle-manual-fx=scrollHorz data-cycle-manual-speed=600 >\n\t\t<li><img decoding=\"async\" style=\"object-position: 50% 70%\" src=\"https:\/\/hetzelsponheuer.de\/de\/wp-content\/uploads\/sites\/2\/2019\/09\/mu-ge-1629a-mitte.jpg\" alt=\"Wohnen Gewerbe Industrie\" \/>\n\t\t\t<a class=\"description grey fade-link\" href=\"https:\/\/hetzelsponheuer.de\/de\/loesungen\/#wohnen-gewerbe-industrie\"\t>\n\t\t\t <p class=\"head\">Wohnen Gewerbe Industrie<\/p>\n\t\t\t <p class=\"copy\">Ob Industriehalle, B\u00fcrokomplex, Schule, Krankenhaus, Theater oder Wohnanlage &#8230;<\/p>\n\t\t\t<\/a>\n\t<\/li>\n\t\t<li><img decoding=\"async\" style=\"object-position: 50% 90%\" src=\"https:\/\/hetzelsponheuer.de\/de\/wp-content\/uploads\/sites\/2\/2019\/09\/koe_4254_2_left.jpg\" alt=\"Einkaufscenter Ladenlokal\" \/>\n\t\t\t<a class=\"description grey fade-link\" href=\"https:\/\/hetzelsponheuer.de\/de\/loesungen\/#einkaufscenter-ladenlokal\"\t>\n\t\t\t <p class=\"head\">Einkaufscenter Ladenlokal<\/p>\n\t\t\t <p class=\"copy\">Der Er\u00f6ffnungstermin steht. Jetzt ist sorgf\u00e4ltige Planung und Koordination gefragt &#8230;<\/p>\n\t\t\t<\/a>\n\t<\/li>\n\t\t<li><img decoding=\"async\" style=\"object-position: 50% 70%\" src=\"https:\/\/hetzelsponheuer.de\/de\/wp-content\/uploads\/sites\/2\/2019\/09\/pullman_4326_links.jpg\" alt=\"\" \/>\n\t\t\t<a class=\"description grey fade-link\" href=\"https:\/\/hetzelsponheuer.de\/de\/loesungen\/#hotel-gastronomie\"\t>\n\t\t\t <p class=\"head\">Hotel Gastronomie<\/p>\n\t\t\t <p class=\"copy\">Renovieren und Modernisieren im Bestand bedeutet arbeiten mit Fingerspitzengef\u00fchl &#8230;<\/p>\n\t\t\t<\/a>\n\t<\/li>\n\t\t<li><img decoding=\"async\" style=\"object-position: 50% 100%\" src=\"https:\/\/hetzelsponheuer.de\/de\/wp-content\/uploads\/sites\/2\/2019\/09\/hoerder_01_2001_left.jpg\" alt=\"Bauwerterhaltung Denkmalschutz\" \/>\n\t\t\t<a class=\"description grey fade-link\" href=\"https:\/\/hetzelsponheuer.de\/de\/loesungen\/#bauwerterhaltung-denkmalschutz\"\t>\n\t\t\t <p class=\"head\">Bauwerterhaltung Denkmalschutz<\/p>\n\t\t\t <p class=\"copy\">Heute ist zu retten, was gestern noch verloren galt. Neue Materialien und Techniken, solide Handwerkskunst und &#8230;<\/p>\n\t\t\t<\/a>\n\t<\/li>\n\t<\/ul><\/div>\n<\/div>\n\n<div class=\"bg blue wp-block-lazyblock-inner-block lazyblock-inner-block-Z1QAjld\">\n\n<p>    <\/p>\n\n<\/div>\n<\/div>\n\n<div class=\"row x-24 md-3-9 sm-0-12 wp-block-lazyblock-inner-block lazyblock-inner-block-ZkWT2v\">\n<div class=\"col wp-block-lazyblock-inner-block lazyblock-inner-block-2tVK1j\">\n<div class=\"wp-block-lazyblock-inner-block lazyblock-inner-block-1ypuNU\">\n\n<p>  <\/p>\n\n<\/div>\n<\/div>\n\n<div class=\"col wp-block-lazyblock-inner-block lazyblock-inner-block-12g2mU\">\n<div class=\"head wp-block-lazyblock-inner-block lazyblock-inner-block-1sK0Uy\">\n\n<p class=\"topline\">L\u00f6sungen<\/p>\n\n\n\n<h1 class=\"wp-block-heading\">Wahre Werte <span class=\"grey\">f\u00fcr Ihr Bauprojekt<\/span><\/h1>\n\n<\/div>\n<\/div>\n<\/div>\n\n<div class=\"row x-24 md-3-6-3 sm-12-12-12 wp-block-lazyblock-inner-block lazyblock-inner-block-Zhnvze\">\n<div class=\"col wp-block-lazyblock-inner-block lazyblock-inner-block-jRag3\">\n<div class=\"wp-block-lazyblock-inner-block lazyblock-inner-block-ZHp9dQ\">\n\n<p class=\"pl-24 md-right colored\">Sie planen die Erweiterung eines Industriebaus?<br>Sie m\u00f6chten Ihr Hotel im laufenden Betrieb umbauen?<br>Sie wollen eine denkmal\u00ad\u00adgesch\u00fctzte Fassade trotz umfassender Sanierungs\u00adma\u00dfnahmen erhalten?<\/p>\n\n\n\n<div style=\"height:24px\" aria-hidden=\"true\" class=\"wp-block-spacer\"><\/div>\n\n<\/div>\n<\/div>\n\n<div class=\"col wp-block-lazyblock-inner-block lazyblock-inner-block-1tydWM\">\n<div class=\"wp-block-lazyblock-inner-block lazyblock-inner-block-2uYgD\">\n\n<h4 class=\"wp-block-heading\">Bauen im Bestand<\/h4>\n\n\n\n<p>Welches Bauvorhaben Sie auch planen: Als Kompetenz\u00ad\u00adzentrum f\u00fcr Neubau, Umbau und Ausbau bieten wir Ihnen indivi\u00adduelle, branchen\u00ad\u00adorien\u00adtierte L\u00f6sungen, die wir zuver\u00adl\u00e4ssig, qualit\u00e4ts\u00ad\u00adbewusst und unkom\u00adpli\u00ad\u00ad\u00adziert in die Tat umsetzen.<\/p>\n\n\n\n<p>Wir sichern Ihnen eine partner\u00adschaftliche Zusammen\u00adarbeit mit maxi\u00admaler Kosten\u00adtrans\u00adparenz w\u00e4hrend der gesamten Bau- und Planungs\u00adphase zu. Sie k\u00f6nnen sicher sein, dass wir Termine einhalten und dennoch h\u00f6chste Qualit\u00e4t in der handwerk\u00adlichen Ausf\u00fch\u00adrung gew\u00e4hr\u00adleisten. Und da bekannt\u00adlich Zeit Geld ist, vernetzen wir verschie\u00addene Gewerke so effizient mitein\u00adander, dass keine langen Leerlauf\u00adzeiten entstehen.<\/p>\n\n\n\n<p class=\"fade-link\">Was wir f\u00fcr Sie alles leisten k\u00f6nnen? Unter dem Navigations\u00adpunkt <a href=\".\/leistungen\">Leistungen<\/a>&nbsp;finden Sie eine \u00dcbersicht unserer Dienst\u00adleistungen und Gewerke, die f\u00fcr Ihr Projekt interessant sind.<\/p>\n\n<\/div>\n\n\n<div style=\"height:48px\" aria-hidden=\"true\" class=\"wp-block-spacer\"><\/div>\n\n\n<div class=\"menu row x-4 lg-3-3-3-3 md-6-6-6-6 xs-6-6-6-6 wp-block-lazyblock-inner-block lazyblock-inner-block-Z1NKQNO\">\n<div class=\"col wp-block-lazyblock-inner-block lazyblock-inner-block-1GacsR\">\n<div class=\"bg btn grey wp-block-lazyblock-inner-block lazyblock-inner-block-Z2dAYbW\">\n\n<p class=\"scroll\"><a href=\"#wohnen-gewerbe-industrie\">Wohnen Gewerbe Industrie<\/a><\/p>\n\n<\/div>\n<\/div>\n\n<div class=\"col wp-block-lazyblock-inner-block lazyblock-inner-block-EHOjI\">\n<div class=\"bg btn grey wp-block-lazyblock-inner-block lazyblock-inner-block-Z1nHqwa\">\n\n<p class=\"scroll\"><a href=\"#einkaufscenter-ladenlokal\">Ein\u00adkaufs\u00ad\u00adcenter Laden\u00ad\u00adlokal<\/a><\/p>\n\n<\/div>\n<\/div>\n\n<div class=\"col wp-block-lazyblock-inner-block lazyblock-inner-block-tnkCE\">\n<div class=\"bg btn grey wp-block-lazyblock-inner-block lazyblock-inner-block-Z2aTE77\">\n\n<p class=\"scroll\"><a href=\"#hotel-gastronomie\">Hotel Gastro\u00adnomie<\/a><\/p>\n\n<\/div>\n<\/div>\n\n<div class=\"col wp-block-lazyblock-inner-block lazyblock-inner-block-QMqEI\">\n<div class=\"bg btn grey wp-block-lazyblock-inner-block lazyblock-inner-block-2gVx6d\">\n\n<p class=\"scroll\"><a href=\"#bauwerterhaltung-denkmalschutz\">Bau\u00adwert\u00aderhal\u00adtung Denk\u00admal\u00adschutz<\/a><\/p>\n\n<\/div>\n<\/div>\n<\/div>\n<\/div>\n\n<div class=\"col wp-block-lazyblock-inner-block lazyblock-inner-block-DmJrB\">\n<div class=\"wp-block-lazyblock-inner-block lazyblock-inner-block-1ubGXE\">\n\n<h4 class=\"wp-block-heading\">Termin- und Planungs\u00adsicherheit<\/h4>\n\n\n\n<p class=\"link ajx\">Maximale Kosten\u00adtrans\u00adparenz und Termin\u00adtreue, vertraglich vereinbart.<br><a data-post-type=\"mitarbeiter\" data-display=\"fancybox\" href=\"https:\/\/hetzelsponheuer.de\/de\/vertragsoptionen\">Vertragsoptionen<\/a><\/p>\n\n\n\n<h4 class=\"wp-block-heading\">Fachkompetenz in jeder Bauphase<\/h4>\n\n\n\n<p>Effiziente Vernetzung von Leistungen und Gewerken, von der ersten Analyse bis zur Ausf\u00fchrung.<\/p>\n\n\n\n<p class=\"fade-link\"><a href=\"..\/leistungen\">Leistungen<\/a><\/p>\n\n\n\n<h4 class=\"wp-block-heading\">Gepr\u00fcfte Qualit\u00e4t<\/h4>\n\n\n\n<p>Zerti\u00adfi\u00adzier\u00adtes Qualit\u00e4ts\u00admanage\u00adment\u00ad\u00adsystem sowie Pr\u00e4quali\u00ad\u00adfizie\u00ad\u00adrungs\u00ad\u00adverfahren<\/p>\n\n\n\n<p class=\"fade-link\"><a href=\"..\/unternehmen\/#qualitaetsmanagement\">Qualit\u00e4ts\u00admanagement<\/a><\/p>\n\n<\/div>\n<\/div>\n<\/div>","protected":false},"excerpt":{"rendered":"","protected":false},"author":1,"featured_media":0,"parent":8,"menu_order":1,"comment_status":"closed","ping_status":"closed","template":"page-fullwidth.php","meta":{"footnotes":""},"yoast_head":"<!-- This site is optimized with the Yoast SEO plugin v22.6 - https:\/\/yoast.com\/wordpress\/plugins\/seo\/ -->\n<title>Bau-L\u00f6sungen \u00b7 Optimierte Leistungspakete &#183; Hetzel+Sponheuer \u00b7 de<\/title>\n<meta name=\"description\" content=\"Neubau, Umbau, Ausbau, Sanierung \u2013 wir bieten individuelle, branchen\u00adorientierte Bau-L\u00f6sungen f\u00fcr Ihr Bauvorhaben. Ma\u00dfgeschneiderte Leistungspakete f\u00fcr ...\" \/>\n<meta name=\"robots\" content=\"index, follow, max-snippet:-1, max-image-preview:large, max-video-preview:-1\" \/>\n<link rel=\"canonical\" href=\"https:\/\/hetzelsponheuer.de\/de\/loesungen\/intro-loesungen\/\" \/>\n<meta property=\"og:locale\" content=\"de_DE\" \/>\n<meta property=\"og:type\" content=\"article\" \/>\n<meta property=\"og:title\" content=\"Bau-L\u00f6sungen \u00b7 Optimierte Leistungspakete &#183; Hetzel+Sponheuer \u00b7 de\" \/>\n<meta property=\"og:description\" content=\"Neubau, Umbau, Ausbau, Sanierung \u2013 wir bieten individuelle, branchen\u00adorientierte Bau-L\u00f6sungen f\u00fcr Ihr Bauvorhaben. Ma\u00dfgeschneiderte Leistungspakete f\u00fcr ...\" \/>\n<meta property=\"og:url\" content=\"https:\/\/hetzelsponheuer.de\/de\/loesungen\/intro-loesungen\/\" \/>\n<meta property=\"og:site_name\" content=\"Hetzel+Sponheuer \u00b7 de\" \/>\n<meta property=\"article:modified_time\" content=\"2024-01-31T08:34:48+00:00\" \/>\n<meta name=\"twitter:card\" content=\"summary_large_image\" \/>\n<meta name=\"twitter:label1\" content=\"Gesch\u00e4tzte Lesezeit\" \/>\n\t<meta name=\"twitter:data1\" content=\"1\u00a0Minute\" \/>\n<script type=\"application\/ld+json\" class=\"yoast-schema-graph\">{\"@context\":\"https:\/\/schema.org\",\"@graph\":[{\"@type\":\"WebPage\",\"@id\":\"https:\/\/hetzelsponheuer.de\/de\/loesungen\/intro-loesungen\/\",\"url\":\"https:\/\/hetzelsponheuer.de\/de\/loesungen\/intro-loesungen\/\",\"name\":\"Bau-L\u00f6sungen \u00b7 Optimierte Leistungspakete &#183; Hetzel+Sponheuer \u00b7 de\",\"isPartOf\":{\"@id\":\"https:\/\/hetzelsponheuer.de\/de\/#website\"},\"datePublished\":\"2019-07-18T12:25:37+00:00\",\"dateModified\":\"2024-01-31T08:34:48+00:00\",\"description\":\"Neubau, Umbau, Ausbau, Sanierung \u2013 wir bieten individuelle, branchen\u00adorientierte Bau-L\u00f6sungen f\u00fcr Ihr Bauvorhaben. Ma\u00dfgeschneiderte Leistungspakete f\u00fcr ...\",\"breadcrumb\":{\"@id\":\"https:\/\/hetzelsponheuer.de\/de\/loesungen\/intro-loesungen\/#breadcrumb\"},\"inLanguage\":\"de\",\"potentialAction\":[{\"@type\":\"ReadAction\",\"target\":[\"https:\/\/hetzelsponheuer.de\/de\/loesungen\/intro-loesungen\/\"]}]},{\"@type\":\"BreadcrumbList\",\"@id\":\"https:\/\/hetzelsponheuer.de\/de\/loesungen\/intro-loesungen\/#breadcrumb\",\"itemListElement\":[{\"@type\":\"ListItem\",\"position\":1,\"name\":\"Startseite\",\"item\":\"https:\/\/hetzelsponheuer.de\/de\/\"},{\"@type\":\"ListItem\",\"position\":2,\"name\":\"L\u00f6sungen\",\"item\":\"https:\/\/hetzelsponheuer.de\/de\/loesungen\/\"},{\"@type\":\"ListItem\",\"position\":3,\"name\":\"Intro L\u00f6sungen\"}]},{\"@type\":\"WebSite\",\"@id\":\"https:\/\/hetzelsponheuer.de\/de\/#website\",\"url\":\"https:\/\/hetzelsponheuer.de\/de\/\",\"name\":\"Hetzel+Sponheuer \u00b7 de\",\"description\":\"L\u00f6sungen f\u00fcr Ihr Bauprojekt\",\"publisher\":{\"@id\":\"https:\/\/hetzelsponheuer.de\/de\/#organization\"},\"inLanguage\":\"de\"},{\"@type\":\"Organization\",\"@id\":\"https:\/\/hetzelsponheuer.de\/de\/#organization\",\"name\":\"Hetzel+Sponheuer GmbH & Co. KG\",\"url\":\"https:\/\/hetzelsponheuer.de\/de\/\",\"logo\":{\"@type\":\"ImageObject\",\"inLanguage\":\"de\",\"@id\":\"https:\/\/hetzelsponheuer.de\/de\/#\/schema\/logo\/image\/\",\"url\":\"https:\/\/hetzelsponheuer.de\/en\/wp-content\/uploads\/sites\/2\/2020\/02\/logo_hetzelsponheuer.png\",\"contentUrl\":\"https:\/\/hetzelsponheuer.de\/en\/wp-content\/uploads\/sites\/2\/2020\/02\/logo_hetzelsponheuer.png\",\"width\":360,\"height\":24,\"caption\":\"Hetzel+Sponheuer GmbH & Co. KG\"},\"image\":{\"@id\":\"https:\/\/hetzelsponheuer.de\/de\/#\/schema\/logo\/image\/\"},\"sameAs\":[\"https:\/\/www.linkedin.com\/company\/hetzel-sponheuer-gmbh-&amp;-co.-kg\"]}]}<\/script>\n<!-- \/ Yoast SEO plugin. -->","yoast_head_json":{"title":"Bau-L\u00f6sungen \u00b7 Optimierte Leistungspakete &#183; Hetzel+Sponheuer \u00b7 de","description":"Neubau, Umbau, Ausbau, Sanierung \u2013 wir bieten individuelle, branchen\u00adorientierte Bau-L\u00f6sungen f\u00fcr Ihr Bauvorhaben. Ma\u00dfgeschneiderte Leistungspakete f\u00fcr ...","robots":{"index":"index","follow":"follow","max-snippet":"max-snippet:-1","max-image-preview":"max-image-preview:large","max-video-preview":"max-video-preview:-1"},"canonical":"https:\/\/hetzelsponheuer.de\/de\/loesungen\/intro-loesungen\/","og_locale":"de_DE","og_type":"article","og_title":"Bau-L\u00f6sungen \u00b7 Optimierte Leistungspakete &#183; Hetzel+Sponheuer \u00b7 de","og_description":"Neubau, Umbau, Ausbau, Sanierung \u2013 wir bieten individuelle, branchen\u00adorientierte Bau-L\u00f6sungen f\u00fcr Ihr Bauvorhaben. Ma\u00dfgeschneiderte Leistungspakete f\u00fcr ...","og_url":"https:\/\/hetzelsponheuer.de\/de\/loesungen\/intro-loesungen\/","og_site_name":"Hetzel+Sponheuer \u00b7 de","article_modified_time":"2024-01-31T08:34:48+00:00","twitter_card":"summary_large_image","twitter_misc":{"Gesch\u00e4tzte Lesezeit":"1\u00a0Minute"},"schema":{"@context":"https:\/\/schema.org","@graph":[{"@type":"WebPage","@id":"https:\/\/hetzelsponheuer.de\/de\/loesungen\/intro-loesungen\/","url":"https:\/\/hetzelsponheuer.de\/de\/loesungen\/intro-loesungen\/","name":"Bau-L\u00f6sungen \u00b7 Optimierte Leistungspakete &#183; Hetzel+Sponheuer \u00b7 de","isPartOf":{"@id":"https:\/\/hetzelsponheuer.de\/de\/#website"},"datePublished":"2019-07-18T12:25:37+00:00","dateModified":"2024-01-31T08:34:48+00:00","description":"Neubau, Umbau, Ausbau, Sanierung \u2013 wir bieten individuelle, branchen\u00adorientierte Bau-L\u00f6sungen f\u00fcr Ihr Bauvorhaben. Ma\u00dfgeschneiderte Leistungspakete f\u00fcr ...","breadcrumb":{"@id":"https:\/\/hetzelsponheuer.de\/de\/loesungen\/intro-loesungen\/#breadcrumb"},"inLanguage":"de","potentialAction":[{"@type":"ReadAction","target":["https:\/\/hetzelsponheuer.de\/de\/loesungen\/intro-loesungen\/"]}]},{"@type":"BreadcrumbList","@id":"https:\/\/hetzelsponheuer.de\/de\/loesungen\/intro-loesungen\/#breadcrumb","itemListElement":[{"@type":"ListItem","position":1,"name":"Startseite","item":"https:\/\/hetzelsponheuer.de\/de\/"},{"@type":"ListItem","position":2,"name":"L\u00f6sungen","item":"https:\/\/hetzelsponheuer.de\/de\/loesungen\/"},{"@type":"ListItem","position":3,"name":"Intro L\u00f6sungen"}]},{"@type":"WebSite","@id":"https:\/\/hetzelsponheuer.de\/de\/#website","url":"https:\/\/hetzelsponheuer.de\/de\/","name":"Hetzel+Sponheuer \u00b7 de","description":"L\u00f6sungen f\u00fcr Ihr Bauprojekt","publisher":{"@id":"https:\/\/hetzelsponheuer.de\/de\/#organization"},"inLanguage":"de"},{"@type":"Organization","@id":"https:\/\/hetzelsponheuer.de\/de\/#organization","name":"Hetzel+Sponheuer GmbH & Co. KG","url":"https:\/\/hetzelsponheuer.de\/de\/","logo":{"@type":"ImageObject","inLanguage":"de","@id":"https:\/\/hetzelsponheuer.de\/de\/#\/schema\/logo\/image\/","url":"https:\/\/hetzelsponheuer.de\/en\/wp-content\/uploads\/sites\/2\/2020\/02\/logo_hetzelsponheuer.png","contentUrl":"https:\/\/hetzelsponheuer.de\/en\/wp-content\/uploads\/sites\/2\/2020\/02\/logo_hetzelsponheuer.png","width":360,"height":24,"caption":"Hetzel+Sponheuer GmbH & Co. KG"},"image":{"@id":"https:\/\/hetzelsponheuer.de\/de\/#\/schema\/logo\/image\/"},"sameAs":["https:\/\/www.linkedin.com\/company\/hetzel-sponheuer-gmbh-&amp;-co.-kg"]}]}},"_links":{"self":[{"href":"https:\/\/hetzelsponheuer.de\/de\/wp-json\/wp\/v2\/pages\/222"}],"collection":[{"href":"https:\/\/hetzelsponheuer.de\/de\/wp-json\/wp\/v2\/pages"}],"about":[{"href":"https:\/\/hetzelsponheuer.de\/de\/wp-json\/wp\/v2\/types\/page"}],"author":[{"embeddable":true,"href":"https:\/\/hetzelsponheuer.de\/de\/wp-json\/wp\/v2\/users\/1"}],"replies":[{"embeddable":true,"href":"https:\/\/hetzelsponheuer.de\/de\/wp-json\/wp\/v2\/comments?post=222"}],"version-history":[{"count":3,"href":"https:\/\/hetzelsponheuer.de\/de\/wp-json\/wp\/v2\/pages\/222\/revisions"}],"predecessor-version":[{"id":6027,"href":"https:\/\/hetzelsponheuer.de\/de\/wp-json\/wp\/v2\/pages\/222\/revisions\/6027"}],"up":[{"embeddable":true,"href":"https:\/\/hetzelsponheuer.de\/de\/wp-json\/wp\/v2\/pages\/8"}],"wp:attachment":[{"href":"https:\/\/hetzelsponheuer.de\/de\/wp-json\/wp\/v2\/media?parent=222"}],"curies":[{"name":"wp","href":"https:\/\/api.w.org\/{rel}","templated":true}]}}