{"id":238,"date":"2019-07-18T15:07:52","date_gmt":"2019-07-18T13:07:52","guid":{"rendered":"http:\/\/hetzelsponheuer.de\/de\/?page_id=238"},"modified":"2023-04-28T10:26:03","modified_gmt":"2023-04-28T08:26:03","slug":"einkaufscenter-ladenlokal","status":"publish","type":"page","link":"https:\/\/hetzelsponheuer.de\/de\/loesungen\/einkaufscenter-ladenlokal\/","title":{"rendered":"Einkaufscenter Ladenlokal"},"content":{"rendered":"<div class=\"langhash\" data-val=\"#shopping-center-retail-store\"><\/div>\n\n<div class=\"banner row x-4 md-3-6-3 sm-0-12-0 wp-block-lazyblock-inner-block lazyblock-inner-block-janL5\">\n<div class=\"col wp-block-lazyblock-inner-block lazyblock-inner-block-Z2wx6G2\">\n<div class=\"bg grey img wp-block-lazyblock-inner-block lazyblock-inner-block-GOtru\">\n\n<figure class=\"wp-block-image\"><img decoding=\"async\" loading=\"lazy\" width=\"373\" height=\"659\" src=\"https:\/\/hetzelsponheuer.de\/de\/wp-content\/uploads\/sites\/2\/2019\/09\/koe_4262.jpg\" alt=\"Umbau Einkaufszentrum Centerkonzept\" class=\"wp-image-3360\" srcset=\"https:\/\/hetzelsponheuer.de\/de\/wp-content\/uploads\/sites\/2\/2019\/09\/koe_4262.jpg 373w, https:\/\/hetzelsponheuer.de\/de\/wp-content\/uploads\/sites\/2\/2019\/09\/koe_4262-170x300.jpg 170w\" sizes=\"(max-width: 373px) 100vw, 373px\" \/><\/figure>\n\n<\/div>\n<\/div>\n\n<div class=\"col wp-block-lazyblock-inner-block lazyblock-inner-block-1nFII7\">\n<div class=\"bg grey img wp-block-lazyblock-inner-block lazyblock-inner-block-Z17j5c8\">\n\n<figure class=\"wp-block-image\"><img decoding=\"async\" loading=\"lazy\" width=\"754\" height=\"630\" src=\"https:\/\/hetzelsponheuer.de\/de\/wp-content\/uploads\/sites\/2\/2019\/09\/koe_4254_2_left.jpg\" alt=\"Umbau Einkaufszentrum Verkaufsfl\u00e4chen\" class=\"wp-image-3358\" srcset=\"https:\/\/hetzelsponheuer.de\/de\/wp-content\/uploads\/sites\/2\/2019\/09\/koe_4254_2_left.jpg 754w, https:\/\/hetzelsponheuer.de\/de\/wp-content\/uploads\/sites\/2\/2019\/09\/koe_4254_2_left-300x251.jpg 300w\" sizes=\"(max-width: 754px) 100vw, 754px\" \/><\/figure>\n\n<\/div>\n<\/div>\n\n<div class=\"col wp-block-lazyblock-inner-block lazyblock-inner-block-ZExoio\">\n<div class=\"bg grey img wp-block-lazyblock-inner-block lazyblock-inner-block-Z1BptHu\">\n\n<figure class=\"wp-block-image\"><img decoding=\"async\" loading=\"lazy\" width=\"373\" height=\"630\" src=\"https:\/\/hetzelsponheuer.de\/de\/wp-content\/uploads\/sites\/2\/2019\/09\/koe_4254_2_right.jpg\" alt=\"Umbau im laufenden Betrieb \u00b7 Einkaufscenter\" class=\"wp-image-3359\" srcset=\"https:\/\/hetzelsponheuer.de\/de\/wp-content\/uploads\/sites\/2\/2019\/09\/koe_4254_2_right.jpg 373w, https:\/\/hetzelsponheuer.de\/de\/wp-content\/uploads\/sites\/2\/2019\/09\/koe_4254_2_right-178x300.jpg 178w\" sizes=\"(max-width: 373px) 100vw, 373px\" \/><\/figure>\n\n<\/div>\n<\/div>\n<\/div>\n\n<div class=\"row x-24 md-3-9 sm-0-12 wp-block-lazyblock-inner-block lazyblock-inner-block-167GcM\">\n<div class=\"col wp-block-lazyblock-inner-block lazyblock-inner-block-z12kd\">\n<div class=\"wp-block-lazyblock-inner-block lazyblock-inner-block-Z6pbN3\">\n\n<p>  <\/p>\n\n<\/div>\n<\/div>\n\n<div class=\"col wp-block-lazyblock-inner-block lazyblock-inner-block-Z2uglVg\">\n<div class=\"head wp-block-lazyblock-inner-block lazyblock-inner-block-Z1SM2iU\">\n\n<p class=\"topline scroll grey\"><a href=\"#intro-loesungen\">L\u00f6sungen<\/a> \u00b7 Einkaufscenter und Ladenlokal<\/p>\n\n\n\n<h2 class=\"wp-block-heading h1\"><span class=\"grey\">Termine <\/span>halten <span class=\"grey\">was sie versprechen<\/span><\/h2>\n\n<\/div>\n<\/div>\n<\/div>\n\n<div class=\"row x-24 md-3-6-3 sm-12-12-12 wp-block-lazyblock-inner-block lazyblock-inner-block-Z178yjz\">\n<div class=\"col wp-block-lazyblock-inner-block lazyblock-inner-block-17DDTM\">\n<div class=\"wp-block-lazyblock-inner-block lazyblock-inner-block-ZsMa54\">\n\n<p class=\"md-right pl-24\"> <strong>Der Er\u00f6ffnungstermin steht. Jetzt ist eine sorgf\u00e4ltige Planung und Koordination gefragt, um die Kontrolle zu behalten, nicht in Hektik zu geraten und vor allem die Qualit\u00e4t zu sichern. Gemeinsam mit Ihnen und einem Team aus Experten bringen wir Ihr Gesch\u00e4ft schnell zum Laufen.<\/strong><\/p>\n\n<\/div>\n<\/div>\n\n<div class=\"col wp-block-lazyblock-inner-block lazyblock-inner-block-ZxXBoJ\">\n<div class=\"wp-block-lazyblock-inner-block lazyblock-inner-block-Z1nJ7h9\">\n\n<p>Wir verstehen Ihr Gesch\u00e4ft \u2013\u00a0und unseres. Deshalb stellen wir Ihnen f\u00fcr den Um- und Ausbau ein Team aus qualifizierten Mitarbeitern zusammen, die ein hohes Ma\u00df an Erfahrung im Ladenbau besitzen.\u00a0Wir wissen, wie man Materialien einsetzt, damit sie Ihre gr\u00f6\u00dftm\u00f6gliche Wirkung entfalten, wie man Technik intelligent versteckt und jeden Quadratmeter Fl\u00e4che raumsparend nutzt.\u00a0Alle Gewerke werden perfekt abgestimmt, sodass wir termingerecht fertig werden.<\/p>\n\n\n\n<div style=\"height:20px\" aria-hidden=\"true\" class=\"wp-block-spacer\"><\/div>\n\n\n<div class=\"grid md-col-3-3-6-row-1 wp-block-lazyblock-inner-block lazyblock-inner-block-6PzSO\">\n<div class=\"bg grey txt wp-block-lazyblock-inner-block lazyblock-inner-block-Z16Fg8K\">\n\n<p><strong>Stephan Berndt<\/strong><\/p>\n\n\n\n<p><em>Abteilungs- und Projekt\u00adleitung<\/em><\/p>\n\n\n\n<p><br><\/p>\n\n<\/div>\n\n<div class=\"bg grey img wp-block-lazyblock-inner-block lazyblock-inner-block-Z2qFW34\">\n\n<figure class=\"wp-block-image size-full x50y0\"><img decoding=\"async\" loading=\"lazy\" width=\"400\" height=\"400\" src=\"https:\/\/hetzelsponheuer.de\/de\/wp-content\/uploads\/sites\/2\/2019\/12\/berndt_19_17.jpg\" alt=\"\" class=\"wp-image-4870\" srcset=\"https:\/\/hetzelsponheuer.de\/de\/wp-content\/uploads\/sites\/2\/2019\/12\/berndt_19_17.jpg 400w, https:\/\/hetzelsponheuer.de\/de\/wp-content\/uploads\/sites\/2\/2019\/12\/berndt_19_17-200x200.jpg 200w\" sizes=\"(max-width: 400px) 100vw, 400px\" \/><\/figure>\n\n<\/div>\n\n<div class=\"bg grey txt wp-block-lazyblock-inner-block lazyblock-inner-block-ZRQYbK\">\n\n<p><em>&#8220;Effizient koordinieren hei\u00dft letztendlich Geld sparen, Termine sichern und Nerven schonen.&#8221;<\/em><\/p>\n\n<\/div>\n<\/div>\n\n\n<h3 class=\"wp-block-heading h4\">Terminversprechen vertraglich garantiert<\/h3>\n\n\n\n<p class=\"ajx link\">Bei uns f\u00e4ngt Qualit\u00e4t schon beim Vertrag an. Informieren Sie sich \u00fcber unsere speziellen Festpreise und Termingarantien durch individuell auf Sie abgestimmte <a data-post-type=\"mitarbeiter\" data-display=\"fancybox\" href=\"https:\/\/hetzelsponheuer.de\/de\/vertragsoptionen\">Vertragsoptionen<\/a>.<\/p>\n\n\n\n<h3 class=\"wp-block-heading h4\">Wir handeln auch nach \u00e4sthetischen Gesichtspunkten<\/h3>\n\n\n\n<p>Unser Team wei\u00df um die verkaufsf\u00f6rdernde Wirkung von Farben, Formen und Materialien. Wir setzen uns mit den spezifischen Aufgabenstellungen auseinander und entwickeln gerne mit Ihnen gemeinsam das passende Konzept.<\/p>\n\n<\/div>\n\n\n<div style=\"height:48px\" aria-hidden=\"true\" class=\"wp-block-spacer\"><\/div>\n\n\n<div class=\"row x-4 xs-6-6 wp-block-lazyblock-inner-block lazyblock-inner-block-Z1j6hQf\">\n<div class=\"col wp-block-lazyblock-inner-block lazyblock-inner-block-1chDB0\">\n<div class=\"bg btn grey wp-block-lazyblock-inner-block lazyblock-inner-block-QIy9N\">\n\n<p class=\"ajx\"><a href=\"https:\/\/hetzelsponheuer.de\/de\/loesungen\/einkaufscenter-ladenlokal\/shopping-mall\">Shop\u00adping\/\u00adMall<\/a><\/p>\n\n<\/div>\n<\/div>\n\n<div class=\"col wp-block-lazyblock-inner-block lazyblock-inner-block-165cLw\">\n<div class=\"bg btn grey wp-block-lazyblock-inner-block lazyblock-inner-block-1mGbSh\">\n\n<p class=\"ajx\"><a href=\"https:\/\/hetzelsponheuer.de\/de\/loesungen\/einkaufscenter-ladenlokal\/retail\">Retail<\/a><\/p>\n\n<\/div>\n<\/div>\n<\/div>\n<\/div>\n\n<div class=\"col wp-block-lazyblock-inner-block lazyblock-inner-block-Z1NAB5m\">\n<div class=\"wp-block-lazyblock-inner-block lazyblock-inner-block-1On3dv\">\n\n<h4 class=\"wp-block-heading\">L\u00f6sungen<\/h4>\n\n\n<div class=\"menu-main-menu-container\"><ul id=\"menu-main-menu\" class=\"link grey\"><li id=\"menu-item-252\" class=\"menu-item \"><a href=\"#intro-loesungen\">Intro<\/a><\/li>\n<li id=\"menu-item-227\" class=\"menu-item \"><a href=\"#wohnen-gewerbe-industrie\">Wohnen Gewerbe Industrie<\/a><\/li>\n<li id=\"menu-item-244\" class=\"menu-item \"><a href=\"#einkaufscenter-ladenlokal\">Einkaufscenter Ladenlokal<\/a><\/li>\n<li id=\"menu-item-262\" class=\"menu-item \"><a href=\"#hotel-gastronomie\">Hotel Gastronomie<\/a><\/li>\n<li id=\"menu-item-277\" class=\"menu-item \"><a href=\"#bauwerterhaltung-denkmalschutz\">Bauwerterhaltung Denkmalschutz<\/a><\/li>\n<\/ul><\/div>\n\n\n\n<h4 class=\"wp-block-heading\">Ihr Ansprechpartner<\/h4>\n\n\n\n<ul class=\"link ajx grey\">\n<li><a href=\"http:hetzelsponheuer.de\/de\/mitarbeiter\/stephan-berndt\" data-display=\"fancybox\" data-post-type=\"mitarbeiter\">Stephan Berndt<\/a><\/li>\n<\/ul>\n\n\n\n<h4 class=\"wp-block-heading\">Unsere Referenzen<\/h4>\n\n\n\n<ul class=\"fade-link grey\">\n<li><a href=\"https:\/\/hetzelsponheuer.de\/de\/referenzen\/koe-galerie-duesseldorf\">K\u00f6-Galerie D\u00fcsseldorf<\/a><\/li>\n\n\n\n<li><a href=\"https:\/\/hetzelsponheuer.de\/de\/referenzen\/koeln-arcaden-kalk\">K\u00f6ln Arcaden Kalk<\/a><\/li>\n\n\n\n<li><a href=\"https:\/\/hetzelsponheuer.de\/de\/referenzen\/we-fashion-bundesweit\">WE-Fashion<\/a><\/li>\n\n\n\n<li><a href=\"https:\/\/hetzelsponheuer.de\/de\/referenzen\/hennes-und-mauritz-bundesweit\/\">Hennes &amp; Mauritz<\/a><\/li>\n\n\n\n<li><a href=\"https:\/\/hetzelsponheuer.de\/de\/referenzen\/starbucks-coffee-stores-bundesweit\/\">Starbucks Coffee Shops<\/a><\/li>\n\n\n\n<li><a href=\"https:\/\/hetzelsponheuer.de\/de\/referenzen\/einkaufscenter-bundesweit\">Schwanenmarkt Krefeld<\/a><\/li>\n\n\n\n<li><a href=\"https:\/\/hetzelsponheuer.de\/de\/referenzen\/einkaufscenter-bundesweit\">Rhein-Ruhr-Zentrum M\u00fclheim<\/a><\/li>\n\n\n\n<li><a href=\"https:\/\/hetzelsponheuer.de\/de\/referenzen\/rhein-center-koeln\/\">Rhein Center K\u00f6ln-Weiden<\/a><\/li>\n\n\n\n<li><a href=\"https:\/\/hetzelsponheuer.de\/de\/referenzen\/einkaufscenter-ladenlokal-p\">Bild\u00fcbersicht unserer Referenzobjeke f\u00fcr Einkaufscenter und Ladenlokal<\/a><\/li>\n<\/ul>\n\n<\/div>\n<\/div>\n<\/div>","protected":false},"excerpt":{"rendered":"","protected":false},"author":1,"featured_media":0,"parent":8,"menu_order":3,"comment_status":"closed","ping_status":"closed","template":"page-fullwidth.php","meta":{"footnotes":""},"yoast_head":"<!-- This site is optimized with the Yoast SEO plugin v22.6 - https:\/\/yoast.com\/wordpress\/plugins\/seo\/ -->\n<title>Baul\u00f6sungen \u00b7 Einkaufscenter Ladenlokal \u00b7 Hetzel+Sponheuer \u00b7 Essen<\/title>\n<meta name=\"description\" content=\"Optimierte Leistungspakete und erfahrene Teams f\u00fcr Ihr Bauprojekt &quot;Einkaufscenter Ladenlokal&quot; bringen Kosten- und Terminsicherheit durch ...\" \/>\n<meta name=\"robots\" content=\"index, follow, max-snippet:-1, max-image-preview:large, max-video-preview:-1\" \/>\n<link rel=\"canonical\" href=\"https:\/\/hetzelsponheuer.de\/de\/loesungen\/einkaufscenter-ladenlokal\/\" \/>\n<meta property=\"og:locale\" content=\"de_DE\" \/>\n<meta property=\"og:type\" content=\"article\" \/>\n<meta property=\"og:title\" content=\"Baul\u00f6sungen \u00b7 Einkaufscenter Ladenlokal \u00b7 Hetzel+Sponheuer \u00b7 Essen\" \/>\n<meta property=\"og:description\" content=\"Optimierte Leistungspakete und erfahrene Teams f\u00fcr Ihr Bauprojekt &quot;Einkaufscenter Ladenlokal&quot; bringen Kosten- und Terminsicherheit durch ...\" \/>\n<meta property=\"og:url\" content=\"https:\/\/hetzelsponheuer.de\/de\/loesungen\/einkaufscenter-ladenlokal\/\" \/>\n<meta property=\"og:site_name\" content=\"Hetzel+Sponheuer \u00b7 de\" \/>\n<meta property=\"article:modified_time\" content=\"2023-04-28T08:26:03+00:00\" \/>\n<meta property=\"og:image\" content=\"https:\/\/hetzelsponheuer.de\/de\/wp-content\/uploads\/sites\/2\/2019\/09\/koe_4262.jpg\" \/>\n<meta name=\"twitter:card\" content=\"summary_large_image\" \/>\n<meta name=\"twitter:label1\" content=\"Gesch\u00e4tzte Lesezeit\" \/>\n\t<meta name=\"twitter:data1\" content=\"2\u00a0Minuten\" \/>\n<script type=\"application\/ld+json\" class=\"yoast-schema-graph\">{\"@context\":\"https:\/\/schema.org\",\"@graph\":[{\"@type\":\"WebPage\",\"@id\":\"https:\/\/hetzelsponheuer.de\/de\/loesungen\/einkaufscenter-ladenlokal\/\",\"url\":\"https:\/\/hetzelsponheuer.de\/de\/loesungen\/einkaufscenter-ladenlokal\/\",\"name\":\"Baul\u00f6sungen \u00b7 Einkaufscenter Ladenlokal \u00b7 Hetzel+Sponheuer \u00b7 Essen\",\"isPartOf\":{\"@id\":\"https:\/\/hetzelsponheuer.de\/de\/#website\"},\"primaryImageOfPage\":{\"@id\":\"https:\/\/hetzelsponheuer.de\/de\/loesungen\/einkaufscenter-ladenlokal\/#primaryimage\"},\"image\":{\"@id\":\"https:\/\/hetzelsponheuer.de\/de\/loesungen\/einkaufscenter-ladenlokal\/#primaryimage\"},\"thumbnailUrl\":\"https:\/\/hetzelsponheuer.de\/de\/wp-content\/uploads\/sites\/2\/2019\/09\/koe_4262.jpg\",\"datePublished\":\"2019-07-18T13:07:52+00:00\",\"dateModified\":\"2023-04-28T08:26:03+00:00\",\"description\":\"Optimierte Leistungspakete und erfahrene Teams f\u00fcr Ihr Bauprojekt \\\"Einkaufscenter Ladenlokal\\\" bringen Kosten- und Terminsicherheit durch ...\",\"breadcrumb\":{\"@id\":\"https:\/\/hetzelsponheuer.de\/de\/loesungen\/einkaufscenter-ladenlokal\/#breadcrumb\"},\"inLanguage\":\"de\",\"potentialAction\":[{\"@type\":\"ReadAction\",\"target\":[\"https:\/\/hetzelsponheuer.de\/de\/loesungen\/einkaufscenter-ladenlokal\/\"]}]},{\"@type\":\"ImageObject\",\"inLanguage\":\"de\",\"@id\":\"https:\/\/hetzelsponheuer.de\/de\/loesungen\/einkaufscenter-ladenlokal\/#primaryimage\",\"url\":\"https:\/\/hetzelsponheuer.de\/de\/wp-content\/uploads\/sites\/2\/2019\/09\/koe_4262.jpg\",\"contentUrl\":\"https:\/\/hetzelsponheuer.de\/de\/wp-content\/uploads\/sites\/2\/2019\/09\/koe_4262.jpg\",\"width\":373,\"height\":659},{\"@type\":\"BreadcrumbList\",\"@id\":\"https:\/\/hetzelsponheuer.de\/de\/loesungen\/einkaufscenter-ladenlokal\/#breadcrumb\",\"itemListElement\":[{\"@type\":\"ListItem\",\"position\":1,\"name\":\"Startseite\",\"item\":\"https:\/\/hetzelsponheuer.de\/de\/\"},{\"@type\":\"ListItem\",\"position\":2,\"name\":\"L\u00f6sungen\",\"item\":\"https:\/\/hetzelsponheuer.de\/de\/loesungen\/\"},{\"@type\":\"ListItem\",\"position\":3,\"name\":\"Einkaufscenter Ladenlokal\"}]},{\"@type\":\"WebSite\",\"@id\":\"https:\/\/hetzelsponheuer.de\/de\/#website\",\"url\":\"https:\/\/hetzelsponheuer.de\/de\/\",\"name\":\"Hetzel+Sponheuer \u00b7 de\",\"description\":\"L\u00f6sungen f\u00fcr Ihr Bauprojekt\",\"publisher\":{\"@id\":\"https:\/\/hetzelsponheuer.de\/de\/#organization\"},\"inLanguage\":\"de\"},{\"@type\":\"Organization\",\"@id\":\"https:\/\/hetzelsponheuer.de\/de\/#organization\",\"name\":\"Hetzel+Sponheuer GmbH & Co. KG\",\"url\":\"https:\/\/hetzelsponheuer.de\/de\/\",\"logo\":{\"@type\":\"ImageObject\",\"inLanguage\":\"de\",\"@id\":\"https:\/\/hetzelsponheuer.de\/de\/#\/schema\/logo\/image\/\",\"url\":\"https:\/\/hetzelsponheuer.de\/en\/wp-content\/uploads\/sites\/2\/2020\/02\/logo_hetzelsponheuer.png\",\"contentUrl\":\"https:\/\/hetzelsponheuer.de\/en\/wp-content\/uploads\/sites\/2\/2020\/02\/logo_hetzelsponheuer.png\",\"width\":360,\"height\":24,\"caption\":\"Hetzel+Sponheuer GmbH & Co. KG\"},\"image\":{\"@id\":\"https:\/\/hetzelsponheuer.de\/de\/#\/schema\/logo\/image\/\"},\"sameAs\":[\"https:\/\/www.linkedin.com\/company\/hetzel-sponheuer-gmbh-&amp;-co.-kg\"]}]}<\/script>\n<!-- \/ Yoast SEO plugin. -->","yoast_head_json":{"title":"Baul\u00f6sungen \u00b7 Einkaufscenter Ladenlokal \u00b7 Hetzel+Sponheuer \u00b7 Essen","description":"Optimierte Leistungspakete und erfahrene Teams f\u00fcr Ihr Bauprojekt \"Einkaufscenter Ladenlokal\" bringen Kosten- und Terminsicherheit durch ...","robots":{"index":"index","follow":"follow","max-snippet":"max-snippet:-1","max-image-preview":"max-image-preview:large","max-video-preview":"max-video-preview:-1"},"canonical":"https:\/\/hetzelsponheuer.de\/de\/loesungen\/einkaufscenter-ladenlokal\/","og_locale":"de_DE","og_type":"article","og_title":"Baul\u00f6sungen \u00b7 Einkaufscenter Ladenlokal \u00b7 Hetzel+Sponheuer \u00b7 Essen","og_description":"Optimierte Leistungspakete und erfahrene Teams f\u00fcr Ihr Bauprojekt \"Einkaufscenter Ladenlokal\" bringen Kosten- und Terminsicherheit durch ...","og_url":"https:\/\/hetzelsponheuer.de\/de\/loesungen\/einkaufscenter-ladenlokal\/","og_site_name":"Hetzel+Sponheuer \u00b7 de","article_modified_time":"2023-04-28T08:26:03+00:00","og_image":[{"url":"https:\/\/hetzelsponheuer.de\/de\/wp-content\/uploads\/sites\/2\/2019\/09\/koe_4262.jpg"}],"twitter_card":"summary_large_image","twitter_misc":{"Gesch\u00e4tzte Lesezeit":"2\u00a0Minuten"},"schema":{"@context":"https:\/\/schema.org","@graph":[{"@type":"WebPage","@id":"https:\/\/hetzelsponheuer.de\/de\/loesungen\/einkaufscenter-ladenlokal\/","url":"https:\/\/hetzelsponheuer.de\/de\/loesungen\/einkaufscenter-ladenlokal\/","name":"Baul\u00f6sungen \u00b7 Einkaufscenter Ladenlokal \u00b7 Hetzel+Sponheuer \u00b7 Essen","isPartOf":{"@id":"https:\/\/hetzelsponheuer.de\/de\/#website"},"primaryImageOfPage":{"@id":"https:\/\/hetzelsponheuer.de\/de\/loesungen\/einkaufscenter-ladenlokal\/#primaryimage"},"image":{"@id":"https:\/\/hetzelsponheuer.de\/de\/loesungen\/einkaufscenter-ladenlokal\/#primaryimage"},"thumbnailUrl":"https:\/\/hetzelsponheuer.de\/de\/wp-content\/uploads\/sites\/2\/2019\/09\/koe_4262.jpg","datePublished":"2019-07-18T13:07:52+00:00","dateModified":"2023-04-28T08:26:03+00:00","description":"Optimierte Leistungspakete und erfahrene Teams f\u00fcr Ihr Bauprojekt \"Einkaufscenter Ladenlokal\" bringen Kosten- und Terminsicherheit durch ...","breadcrumb":{"@id":"https:\/\/hetzelsponheuer.de\/de\/loesungen\/einkaufscenter-ladenlokal\/#breadcrumb"},"inLanguage":"de","potentialAction":[{"@type":"ReadAction","target":["https:\/\/hetzelsponheuer.de\/de\/loesungen\/einkaufscenter-ladenlokal\/"]}]},{"@type":"ImageObject","inLanguage":"de","@id":"https:\/\/hetzelsponheuer.de\/de\/loesungen\/einkaufscenter-ladenlokal\/#primaryimage","url":"https:\/\/hetzelsponheuer.de\/de\/wp-content\/uploads\/sites\/2\/2019\/09\/koe_4262.jpg","contentUrl":"https:\/\/hetzelsponheuer.de\/de\/wp-content\/uploads\/sites\/2\/2019\/09\/koe_4262.jpg","width":373,"height":659},{"@type":"BreadcrumbList","@id":"https:\/\/hetzelsponheuer.de\/de\/loesungen\/einkaufscenter-ladenlokal\/#breadcrumb","itemListElement":[{"@type":"ListItem","position":1,"name":"Startseite","item":"https:\/\/hetzelsponheuer.de\/de\/"},{"@type":"ListItem","position":2,"name":"L\u00f6sungen","item":"https:\/\/hetzelsponheuer.de\/de\/loesungen\/"},{"@type":"ListItem","position":3,"name":"Einkaufscenter Ladenlokal"}]},{"@type":"WebSite","@id":"https:\/\/hetzelsponheuer.de\/de\/#website","url":"https:\/\/hetzelsponheuer.de\/de\/","name":"Hetzel+Sponheuer \u00b7 de","description":"L\u00f6sungen f\u00fcr Ihr Bauprojekt","publisher":{"@id":"https:\/\/hetzelsponheuer.de\/de\/#organization"},"inLanguage":"de"},{"@type":"Organization","@id":"https:\/\/hetzelsponheuer.de\/de\/#organization","name":"Hetzel+Sponheuer GmbH & Co. KG","url":"https:\/\/hetzelsponheuer.de\/de\/","logo":{"@type":"ImageObject","inLanguage":"de","@id":"https:\/\/hetzelsponheuer.de\/de\/#\/schema\/logo\/image\/","url":"https:\/\/hetzelsponheuer.de\/en\/wp-content\/uploads\/sites\/2\/2020\/02\/logo_hetzelsponheuer.png","contentUrl":"https:\/\/hetzelsponheuer.de\/en\/wp-content\/uploads\/sites\/2\/2020\/02\/logo_hetzelsponheuer.png","width":360,"height":24,"caption":"Hetzel+Sponheuer GmbH & Co. KG"},"image":{"@id":"https:\/\/hetzelsponheuer.de\/de\/#\/schema\/logo\/image\/"},"sameAs":["https:\/\/www.linkedin.com\/company\/hetzel-sponheuer-gmbh-&amp;-co.-kg"]}]}},"_links":{"self":[{"href":"https:\/\/hetzelsponheuer.de\/de\/wp-json\/wp\/v2\/pages\/238"}],"collection":[{"href":"https:\/\/hetzelsponheuer.de\/de\/wp-json\/wp\/v2\/pages"}],"about":[{"href":"https:\/\/hetzelsponheuer.de\/de\/wp-json\/wp\/v2\/types\/page"}],"author":[{"embeddable":true,"href":"https:\/\/hetzelsponheuer.de\/de\/wp-json\/wp\/v2\/users\/1"}],"replies":[{"embeddable":true,"href":"https:\/\/hetzelsponheuer.de\/de\/wp-json\/wp\/v2\/comments?post=238"}],"version-history":[{"count":2,"href":"https:\/\/hetzelsponheuer.de\/de\/wp-json\/wp\/v2\/pages\/238\/revisions"}],"predecessor-version":[{"id":5942,"href":"https:\/\/hetzelsponheuer.de\/de\/wp-json\/wp\/v2\/pages\/238\/revisions\/5942"}],"up":[{"embeddable":true,"href":"https:\/\/hetzelsponheuer.de\/de\/wp-json\/wp\/v2\/pages\/8"}],"wp:attachment":[{"href":"https:\/\/hetzelsponheuer.de\/de\/wp-json\/wp\/v2\/media?parent=238"}],"curies":[{"name":"wp","href":"https:\/\/api.w.org\/{rel}","templated":true}]}}