{"id":254,"date":"2019-07-18T16:51:56","date_gmt":"2019-07-18T14:51:56","guid":{"rendered":"http:\/\/hetzelsponheuer.de\/de\/?page_id=254"},"modified":"2021-07-07T18:32:46","modified_gmt":"2021-07-07T16:32:46","slug":"hotel-gastronomie","status":"publish","type":"page","link":"https:\/\/hetzelsponheuer.de\/de\/loesungen\/hotel-gastronomie\/","title":{"rendered":"Hotel Gastronomie"},"content":{"rendered":"<div class=\"langhash\" data-val=\"#hotel-gastronomy\"><\/div>\n\n<div class=\"banner row x-4 md-3-6-3 sm-0-12-0 wp-block-lazyblock-inner-block lazyblock-inner-block-janL5\">\n<div class=\"col wp-block-lazyblock-inner-block lazyblock-inner-block-Z2wx6G2\">\n<div class=\"bg grey img wp-block-lazyblock-inner-block lazyblock-inner-block-GOtru\">\n\n<figure class=\"wp-block-image\"><img decoding=\"async\" loading=\"lazy\" width=\"393\" height=\"652\" src=\"https:\/\/hetzelsponheuer.de\/de\/wp-content\/uploads\/sites\/2\/2019\/09\/pullman_4326_aus.jpg\" alt=\"Modernisierung \u00b7 Hotel Gastronomie\" class=\"wp-image-3430\" srcset=\"https:\/\/hetzelsponheuer.de\/de\/wp-content\/uploads\/sites\/2\/2019\/09\/pullman_4326_aus.jpg 393w, https:\/\/hetzelsponheuer.de\/de\/wp-content\/uploads\/sites\/2\/2019\/09\/pullman_4326_aus-181x300.jpg 181w\" sizes=\"(max-width: 393px) 100vw, 393px\" \/><\/figure>\n\n<\/div>\n<\/div>\n\n<div class=\"col wp-block-lazyblock-inner-block lazyblock-inner-block-1nFII7\">\n<div class=\"bg grey img wp-block-lazyblock-inner-block lazyblock-inner-block-Z17j5c8\">\n\n<figure class=\"wp-block-image\"><img decoding=\"async\" loading=\"lazy\" width=\"745\" height=\"615\" src=\"https:\/\/hetzelsponheuer.de\/de\/wp-content\/uploads\/sites\/2\/2019\/09\/pullman_4326_links.jpg\" alt=\"Innenausbau \u00b7 Hotel Gastronomie\" class=\"wp-image-3431\" srcset=\"https:\/\/hetzelsponheuer.de\/de\/wp-content\/uploads\/sites\/2\/2019\/09\/pullman_4326_links.jpg 745w, https:\/\/hetzelsponheuer.de\/de\/wp-content\/uploads\/sites\/2\/2019\/09\/pullman_4326_links-300x248.jpg 300w\" sizes=\"(max-width: 745px) 100vw, 745px\" \/><\/figure>\n\n<\/div>\n<\/div>\n\n<div class=\"col wp-block-lazyblock-inner-block lazyblock-inner-block-ZExoio\">\n<div class=\"bg grey img wp-block-lazyblock-inner-block lazyblock-inner-block-Z1BptHu\">\n\n<figure class=\"wp-block-image\"><img decoding=\"async\" loading=\"lazy\" width=\"393\" height=\"615\" src=\"https:\/\/hetzelsponheuer.de\/de\/wp-content\/uploads\/sites\/2\/2019\/09\/pullman_4326_rechts.jpg\" alt=\"Umbau \u00b7 Hotel Gastronomie\" class=\"wp-image-3432\" srcset=\"https:\/\/hetzelsponheuer.de\/de\/wp-content\/uploads\/sites\/2\/2019\/09\/pullman_4326_rechts.jpg 393w, https:\/\/hetzelsponheuer.de\/de\/wp-content\/uploads\/sites\/2\/2019\/09\/pullman_4326_rechts-192x300.jpg 192w\" sizes=\"(max-width: 393px) 100vw, 393px\" \/><\/figure>\n\n<\/div>\n<\/div>\n<\/div>\n\n<div class=\"row x-24 md-3-9 sm-0-12 wp-block-lazyblock-inner-block lazyblock-inner-block-167GcM\">\n<div class=\"col wp-block-lazyblock-inner-block lazyblock-inner-block-z12kd\">\n<div class=\"wp-block-lazyblock-inner-block lazyblock-inner-block-Z6pbN3\">\n\n<p>  <\/p>\n\n<\/div>\n<\/div>\n\n<div class=\"col wp-block-lazyblock-inner-block lazyblock-inner-block-Z2uglVg\">\n<div class=\"head wp-block-lazyblock-inner-block lazyblock-inner-block-Z1SM2iU\">\n\n<p class=\"topline scroll grey\"><a href=\"#intro-loesungen\">L\u00f6sungen<\/a> \u00b7 Hotel Gastronomie<\/p>\n\n\n\n<h2 class=\"h1 wp-block-heading\"><span class=\"grey\">vom<\/span> Wert <span class=\"grey\">des Wohlf\u00fchlens<\/span><\/h2>\n\n<\/div>\n<\/div>\n<\/div>\n\n<div class=\"row x-24 md-3-6-3 sm-12-12-12 wp-block-lazyblock-inner-block lazyblock-inner-block-Z178yjz\">\n<div class=\"col wp-block-lazyblock-inner-block lazyblock-inner-block-17DDTM\">\n<div class=\"wp-block-lazyblock-inner-block lazyblock-inner-block-ZsMa54\">\n\n<p class=\"pl-24 md-right color\">Renovieren und Modernisieren im Bestand bedeutet arbeiten mit Fingerspitzengef\u00fchl. Vertrauen Sie daher unseren Spezialisten, die Ihr Handwerk verstehen und Ihre kreativen Ideen umsetzen k\u00f6nnen.<\/p>\n\n<\/div>\n<\/div>\n\n<div class=\"col wp-block-lazyblock-inner-block lazyblock-inner-block-ZxXBoJ\">\n<div class=\"wp-block-lazyblock-inner-block lazyblock-inner-block-Z1nJ7h9\">\n\n<p>Die Hotel- und Gastronomiebranche lebt von der Zufriedenheit ihrer G\u00e4ste. Wir realisieren Ihr Bauprojekt mit echten Profis, sodass Sie Ihrem Tagesgesch\u00e4ft ungest\u00f6rt nachgehen k\u00f6nnen.&nbsp;<\/p>\n\n\n\n<p>Schnell und unauff\u00e4llig erledigen wir den Um- und Ausbau f\u00fcr Sie und koordinieren alle Gewerke so, dass ein z\u00fcgiges Bauen garantiert ist. Denn unsere erfahrenen Handwerker wissen, wie viel ein zufriedener Gast wert ist.<\/p>\n\n\n\n<div style=\"height:20px\" aria-hidden=\"true\" class=\"wp-block-spacer\"><\/div>\n\n\n<div class=\"grid  md-col-3-3-6-row-1 wp-block-lazyblock-inner-block lazyblock-inner-block-jrPDD\">\n<div class=\"bg grey txt wp-block-lazyblock-inner-block lazyblock-inner-block-1YVt82\">\n\n<p><strong>Uwe Steinfeld <\/strong><br><em>Gesch\u00e4fts\u00adf\u00fchrung<\/em><\/p>\n\n<\/div>\n\n<div class=\"bg grey img wp-block-lazyblock-inner-block lazyblock-inner-block-MUbyb\">\n\n<figure class=\"wp-block-image size-full x50y0 is-style-default\"><img decoding=\"async\" loading=\"lazy\" width=\"400\" height=\"400\" src=\"https:\/\/hetzelsponheuer.de\/de\/wp-content\/uploads\/sites\/2\/2019\/12\/steinfeld_18_017.jpg\" alt=\"\" class=\"wp-image-4866\" srcset=\"https:\/\/hetzelsponheuer.de\/de\/wp-content\/uploads\/sites\/2\/2019\/12\/steinfeld_18_017.jpg 400w, https:\/\/hetzelsponheuer.de\/de\/wp-content\/uploads\/sites\/2\/2019\/12\/steinfeld_18_017-200x200.jpg 200w\" sizes=\"(max-width: 400px) 100vw, 400px\" \/><\/figure>\n\n<\/div>\n\n<div class=\"bg grey txt wp-block-lazyblock-inner-block lazyblock-inner-block-Z2bf2A1\">\n\n<p><em>&#8220;Gut organisiertes Arbeiten und Termin\u00adtreue sind ebenso wichtig wie Sauber\u00adkeit auf der Baustelle \u2013 zwei Komponenten die speziell im Bereich der Hotel\u00adlerie und Gastro\u00adnomie f\u00fcr unsere Kunden und deren G\u00e4ste unver\u00adzichtbar sind.&#8221;<\/em><\/p>\n\n<\/div>\n<\/div>\n\n\n<div style=\"height:20px\" aria-hidden=\"true\" class=\"wp-block-spacer\"><\/div>\n\n\n\n<h3 class=\"h4 wp-block-heading\">Die Teams \u2013 Techniker, Designer, Handwerker<\/h3>\n\n\n\n<p>Profitieren Sie von einem eingespielten Team, das ihr profundes Wissen im Bereich Hotel und Gastronomie gerne an Sie weitergibt. Ob kreatives Raumdesign oder energetische Sanierung \u2013 wir stellen die Besten f\u00fcr Sie zusammen.<\/p>\n\n\n\n<h3 class=\"h4 wp-block-heading\">Die Referenzen sprechen f\u00fcr sich<\/h3>\n\n\n\n<p>Pullmann Hotel Dortmund, Aasee-Terrassen in M\u00fcnster, Casino Restaurant Zollverein in Essen, Modernisierung von ETAP und Ibis-Hotels bundesweit, Innenausbau des Dorint Hotels in Mannheim und das Kameha Grand Hotel in Bonn.<\/p>\n\n<\/div>\n\n\n<div style=\"height:48px\" aria-hidden=\"true\" class=\"wp-block-spacer\"><\/div>\n\n\n<div class=\"btns row x-4 xs-6-6 wp-block-lazyblock-inner-block lazyblock-inner-block-2fEq0Q\">\n<div class=\"col wp-block-lazyblock-inner-block lazyblock-inner-block-ZhAtMY\">\n<div class=\"bg btn grey wp-block-lazyblock-inner-block lazyblock-inner-block-Z4S0An\">\n\n<p class=\"ajx\"><a href=\"https:\/\/hetzelsponheuer.de\/de\/loesungen\/hotel-gastronomie\/hotel\">Hotel<\/a><\/p>\n\n<\/div>\n<\/div>\n\n<div class=\"col wp-block-lazyblock-inner-block lazyblock-inner-block-gD4NP\">\n<div class=\"bg btn grey wp-block-lazyblock-inner-block lazyblock-inner-block-MjjDG\">\n\n<p class=\"ajx\"><a href=\"https:\/\/hetzelsponheuer.de\/de\/loesungen\/hotel-gastronomie\/gastronomie\">Gastronomie<\/a><\/p>\n\n<\/div>\n<\/div>\n<\/div>\n<\/div>\n\n<div class=\"col wp-block-lazyblock-inner-block lazyblock-inner-block-Z1NAB5m\">\n<div class=\"wp-block-lazyblock-inner-block lazyblock-inner-block-1On3dv\">\n<div class=\"menu-main-menu-container\"><ul id=\"menu-main-menu\" class=\"link grey\"><li id=\"menu-item-252\" class=\"menu-item \"><a href=\"#intro-loesungen\">Intro<\/a><\/li>\n<li id=\"menu-item-227\" class=\"menu-item \"><a href=\"#wohnen-gewerbe-industrie\">Wohnen Gewerbe Industrie<\/a><\/li>\n<li id=\"menu-item-244\" class=\"menu-item \"><a href=\"#einkaufscenter-ladenlokal\">Einkaufscenter Ladenlokal<\/a><\/li>\n<li id=\"menu-item-262\" class=\"menu-item \"><a href=\"#hotel-gastronomie\">Hotel Gastronomie<\/a><\/li>\n<li id=\"menu-item-277\" class=\"menu-item \"><a href=\"#bauwerterhaltung-denkmalschutz\">Bauwerterhaltung Denkmalschutz<\/a><\/li>\n<\/ul><\/div>\n\n\n\n<h4 class=\"wp-block-heading\">Ihr Ansprechpartner<\/h4>\n\n\n\n<ul class=\"link ajx grey\"><li><a href=\"https:\/\/hetzelsponheuer.de\/de\/mitarbeiter\/uwe-steinfeld\" data-display=\"fancybox\" data-post-type=\"mitarbeiter\">Uwe Steinfeld<\/a><\/li><\/ul>\n\n\n\n<h4 class=\"wp-block-heading\">Unsere Referenzen<\/h4>\n\n\n\n<ul class=\"fade-link grey\"><li><a href=\"https:\/\/hetzelsponheuer.de\/de\/referenzen\/pullman-hotel-dortmund\">Pullman Hotel<\/a><\/li><li><a href=\"https:\/\/hetzelsponheuer.de\/de\/referenzen\/marche-restaurant-hannover\">Restaurant March\u00e9 Hannover<\/a><\/li><li><a href=\"https:\/\/hetzelsponheuer.de\/de\/referenzen\/a2-restaurant-muenster\">A2 Aasee-Terrassen<\/a><\/li><li><a href=\"https:\/\/hetzelsponheuer.de\/de\/referenzen\/casino-zollverein-essen\">Zollverein, Casino<\/a><\/li><li><a href=\"https:\/\/hetzelsponheuer.de\/de\/referenzen\/etap-ibis-hotels-bundesweit\">Etap und Ibis Hotels<\/a><\/li><li><a href=\"https:\/\/hetzelsponheuer.de\/de\/referenzen\/dorint-hotel-mannheim\">Dorint Hotel<\/a><\/li><li><a href=\"https:\/\/hetzelsponheuer.de\/de\/referenzen\/kameha-grand-hotel-bonn\/\">Kameha Grand Hotel<\/a><\/li><\/ul>\n\n<\/div>\n<\/div>\n<\/div>","protected":false},"excerpt":{"rendered":"","protected":false},"author":1,"featured_media":0,"parent":8,"menu_order":4,"comment_status":"closed","ping_status":"closed","template":"page-fullwidth.php","meta":{"footnotes":""},"yoast_head":"<!-- This site is optimized with the Yoast SEO plugin v22.6 - https:\/\/yoast.com\/wordpress\/plugins\/seo\/ -->\n<title>Baul\u00f6sungen \u00b7 Hotel Gastronomie \u00b7 Hetzel+Sponheuer \u00b7 Essen<\/title>\n<meta name=\"description\" content=\"Spezialisierte Leistungspakete und erfahrene Bauteams f\u00fcr Bauprojekte aus dem Bereich &quot;Hotel Gastronomie&quot; garantieren ...\" \/>\n<meta name=\"robots\" content=\"index, follow, max-snippet:-1, max-image-preview:large, max-video-preview:-1\" \/>\n<link rel=\"canonical\" href=\"https:\/\/hetzelsponheuer.de\/de\/loesungen\/hotel-gastronomie\/\" \/>\n<meta property=\"og:locale\" content=\"de_DE\" \/>\n<meta property=\"og:type\" content=\"article\" \/>\n<meta property=\"og:title\" content=\"Baul\u00f6sungen \u00b7 Hotel Gastronomie \u00b7 Hetzel+Sponheuer \u00b7 Essen\" \/>\n<meta property=\"og:description\" content=\"Spezialisierte Leistungspakete und erfahrene Bauteams f\u00fcr Bauprojekte aus dem Bereich &quot;Hotel Gastronomie&quot; garantieren ...\" \/>\n<meta property=\"og:url\" content=\"https:\/\/hetzelsponheuer.de\/de\/loesungen\/hotel-gastronomie\/\" \/>\n<meta property=\"og:site_name\" content=\"Hetzel+Sponheuer \u00b7 de\" \/>\n<meta property=\"article:modified_time\" content=\"2021-07-07T16:32:46+00:00\" \/>\n<meta property=\"og:image\" content=\"https:\/\/hetzelsponheuer.de\/de\/wp-content\/uploads\/sites\/2\/2019\/09\/pullman_4326_aus.jpg\" \/>\n<meta name=\"twitter:card\" content=\"summary_large_image\" \/>\n<meta name=\"twitter:label1\" content=\"Gesch\u00e4tzte Lesezeit\" \/>\n\t<meta name=\"twitter:data1\" content=\"2\u00a0Minuten\" \/>\n<script type=\"application\/ld+json\" class=\"yoast-schema-graph\">{\"@context\":\"https:\/\/schema.org\",\"@graph\":[{\"@type\":\"WebPage\",\"@id\":\"https:\/\/hetzelsponheuer.de\/de\/loesungen\/hotel-gastronomie\/\",\"url\":\"https:\/\/hetzelsponheuer.de\/de\/loesungen\/hotel-gastronomie\/\",\"name\":\"Baul\u00f6sungen \u00b7 Hotel Gastronomie \u00b7 Hetzel+Sponheuer \u00b7 Essen\",\"isPartOf\":{\"@id\":\"https:\/\/hetzelsponheuer.de\/de\/#website\"},\"primaryImageOfPage\":{\"@id\":\"https:\/\/hetzelsponheuer.de\/de\/loesungen\/hotel-gastronomie\/#primaryimage\"},\"image\":{\"@id\":\"https:\/\/hetzelsponheuer.de\/de\/loesungen\/hotel-gastronomie\/#primaryimage\"},\"thumbnailUrl\":\"https:\/\/hetzelsponheuer.de\/de\/wp-content\/uploads\/sites\/2\/2019\/09\/pullman_4326_aus.jpg\",\"datePublished\":\"2019-07-18T14:51:56+00:00\",\"dateModified\":\"2021-07-07T16:32:46+00:00\",\"description\":\"Spezialisierte Leistungspakete und erfahrene Bauteams f\u00fcr Bauprojekte aus dem Bereich \\\"Hotel Gastronomie\\\" garantieren ...\",\"breadcrumb\":{\"@id\":\"https:\/\/hetzelsponheuer.de\/de\/loesungen\/hotel-gastronomie\/#breadcrumb\"},\"inLanguage\":\"de\",\"potentialAction\":[{\"@type\":\"ReadAction\",\"target\":[\"https:\/\/hetzelsponheuer.de\/de\/loesungen\/hotel-gastronomie\/\"]}]},{\"@type\":\"ImageObject\",\"inLanguage\":\"de\",\"@id\":\"https:\/\/hetzelsponheuer.de\/de\/loesungen\/hotel-gastronomie\/#primaryimage\",\"url\":\"https:\/\/hetzelsponheuer.de\/de\/wp-content\/uploads\/sites\/2\/2019\/09\/pullman_4326_aus.jpg\",\"contentUrl\":\"https:\/\/hetzelsponheuer.de\/de\/wp-content\/uploads\/sites\/2\/2019\/09\/pullman_4326_aus.jpg\",\"width\":393,\"height\":652},{\"@type\":\"BreadcrumbList\",\"@id\":\"https:\/\/hetzelsponheuer.de\/de\/loesungen\/hotel-gastronomie\/#breadcrumb\",\"itemListElement\":[{\"@type\":\"ListItem\",\"position\":1,\"name\":\"Startseite\",\"item\":\"https:\/\/hetzelsponheuer.de\/de\/\"},{\"@type\":\"ListItem\",\"position\":2,\"name\":\"L\u00f6sungen\",\"item\":\"https:\/\/hetzelsponheuer.de\/de\/loesungen\/\"},{\"@type\":\"ListItem\",\"position\":3,\"name\":\"Hotel Gastronomie\"}]},{\"@type\":\"WebSite\",\"@id\":\"https:\/\/hetzelsponheuer.de\/de\/#website\",\"url\":\"https:\/\/hetzelsponheuer.de\/de\/\",\"name\":\"Hetzel+Sponheuer \u00b7 de\",\"description\":\"L\u00f6sungen f\u00fcr Ihr Bauprojekt\",\"publisher\":{\"@id\":\"https:\/\/hetzelsponheuer.de\/de\/#organization\"},\"inLanguage\":\"de\"},{\"@type\":\"Organization\",\"@id\":\"https:\/\/hetzelsponheuer.de\/de\/#organization\",\"name\":\"Hetzel+Sponheuer GmbH & Co. KG\",\"url\":\"https:\/\/hetzelsponheuer.de\/de\/\",\"logo\":{\"@type\":\"ImageObject\",\"inLanguage\":\"de\",\"@id\":\"https:\/\/hetzelsponheuer.de\/de\/#\/schema\/logo\/image\/\",\"url\":\"https:\/\/hetzelsponheuer.de\/en\/wp-content\/uploads\/sites\/2\/2020\/02\/logo_hetzelsponheuer.png\",\"contentUrl\":\"https:\/\/hetzelsponheuer.de\/en\/wp-content\/uploads\/sites\/2\/2020\/02\/logo_hetzelsponheuer.png\",\"width\":360,\"height\":24,\"caption\":\"Hetzel+Sponheuer GmbH & Co. KG\"},\"image\":{\"@id\":\"https:\/\/hetzelsponheuer.de\/de\/#\/schema\/logo\/image\/\"},\"sameAs\":[\"https:\/\/www.linkedin.com\/company\/hetzel-sponheuer-gmbh-&amp;-co.-kg\"]}]}<\/script>\n<!-- \/ Yoast SEO plugin. -->","yoast_head_json":{"title":"Baul\u00f6sungen \u00b7 Hotel Gastronomie \u00b7 Hetzel+Sponheuer \u00b7 Essen","description":"Spezialisierte Leistungspakete und erfahrene Bauteams f\u00fcr Bauprojekte aus dem Bereich \"Hotel Gastronomie\" garantieren ...","robots":{"index":"index","follow":"follow","max-snippet":"max-snippet:-1","max-image-preview":"max-image-preview:large","max-video-preview":"max-video-preview:-1"},"canonical":"https:\/\/hetzelsponheuer.de\/de\/loesungen\/hotel-gastronomie\/","og_locale":"de_DE","og_type":"article","og_title":"Baul\u00f6sungen \u00b7 Hotel Gastronomie \u00b7 Hetzel+Sponheuer \u00b7 Essen","og_description":"Spezialisierte Leistungspakete und erfahrene Bauteams f\u00fcr Bauprojekte aus dem Bereich \"Hotel Gastronomie\" garantieren ...","og_url":"https:\/\/hetzelsponheuer.de\/de\/loesungen\/hotel-gastronomie\/","og_site_name":"Hetzel+Sponheuer \u00b7 de","article_modified_time":"2021-07-07T16:32:46+00:00","og_image":[{"url":"https:\/\/hetzelsponheuer.de\/de\/wp-content\/uploads\/sites\/2\/2019\/09\/pullman_4326_aus.jpg"}],"twitter_card":"summary_large_image","twitter_misc":{"Gesch\u00e4tzte Lesezeit":"2\u00a0Minuten"},"schema":{"@context":"https:\/\/schema.org","@graph":[{"@type":"WebPage","@id":"https:\/\/hetzelsponheuer.de\/de\/loesungen\/hotel-gastronomie\/","url":"https:\/\/hetzelsponheuer.de\/de\/loesungen\/hotel-gastronomie\/","name":"Baul\u00f6sungen \u00b7 Hotel Gastronomie \u00b7 Hetzel+Sponheuer \u00b7 Essen","isPartOf":{"@id":"https:\/\/hetzelsponheuer.de\/de\/#website"},"primaryImageOfPage":{"@id":"https:\/\/hetzelsponheuer.de\/de\/loesungen\/hotel-gastronomie\/#primaryimage"},"image":{"@id":"https:\/\/hetzelsponheuer.de\/de\/loesungen\/hotel-gastronomie\/#primaryimage"},"thumbnailUrl":"https:\/\/hetzelsponheuer.de\/de\/wp-content\/uploads\/sites\/2\/2019\/09\/pullman_4326_aus.jpg","datePublished":"2019-07-18T14:51:56+00:00","dateModified":"2021-07-07T16:32:46+00:00","description":"Spezialisierte Leistungspakete und erfahrene Bauteams f\u00fcr Bauprojekte aus dem Bereich \"Hotel Gastronomie\" garantieren ...","breadcrumb":{"@id":"https:\/\/hetzelsponheuer.de\/de\/loesungen\/hotel-gastronomie\/#breadcrumb"},"inLanguage":"de","potentialAction":[{"@type":"ReadAction","target":["https:\/\/hetzelsponheuer.de\/de\/loesungen\/hotel-gastronomie\/"]}]},{"@type":"ImageObject","inLanguage":"de","@id":"https:\/\/hetzelsponheuer.de\/de\/loesungen\/hotel-gastronomie\/#primaryimage","url":"https:\/\/hetzelsponheuer.de\/de\/wp-content\/uploads\/sites\/2\/2019\/09\/pullman_4326_aus.jpg","contentUrl":"https:\/\/hetzelsponheuer.de\/de\/wp-content\/uploads\/sites\/2\/2019\/09\/pullman_4326_aus.jpg","width":393,"height":652},{"@type":"BreadcrumbList","@id":"https:\/\/hetzelsponheuer.de\/de\/loesungen\/hotel-gastronomie\/#breadcrumb","itemListElement":[{"@type":"ListItem","position":1,"name":"Startseite","item":"https:\/\/hetzelsponheuer.de\/de\/"},{"@type":"ListItem","position":2,"name":"L\u00f6sungen","item":"https:\/\/hetzelsponheuer.de\/de\/loesungen\/"},{"@type":"ListItem","position":3,"name":"Hotel Gastronomie"}]},{"@type":"WebSite","@id":"https:\/\/hetzelsponheuer.de\/de\/#website","url":"https:\/\/hetzelsponheuer.de\/de\/","name":"Hetzel+Sponheuer \u00b7 de","description":"L\u00f6sungen f\u00fcr Ihr Bauprojekt","publisher":{"@id":"https:\/\/hetzelsponheuer.de\/de\/#organization"},"inLanguage":"de"},{"@type":"Organization","@id":"https:\/\/hetzelsponheuer.de\/de\/#organization","name":"Hetzel+Sponheuer GmbH & Co. KG","url":"https:\/\/hetzelsponheuer.de\/de\/","logo":{"@type":"ImageObject","inLanguage":"de","@id":"https:\/\/hetzelsponheuer.de\/de\/#\/schema\/logo\/image\/","url":"https:\/\/hetzelsponheuer.de\/en\/wp-content\/uploads\/sites\/2\/2020\/02\/logo_hetzelsponheuer.png","contentUrl":"https:\/\/hetzelsponheuer.de\/en\/wp-content\/uploads\/sites\/2\/2020\/02\/logo_hetzelsponheuer.png","width":360,"height":24,"caption":"Hetzel+Sponheuer GmbH & Co. KG"},"image":{"@id":"https:\/\/hetzelsponheuer.de\/de\/#\/schema\/logo\/image\/"},"sameAs":["https:\/\/www.linkedin.com\/company\/hetzel-sponheuer-gmbh-&amp;-co.-kg"]}]}},"_links":{"self":[{"href":"https:\/\/hetzelsponheuer.de\/de\/wp-json\/wp\/v2\/pages\/254"}],"collection":[{"href":"https:\/\/hetzelsponheuer.de\/de\/wp-json\/wp\/v2\/pages"}],"about":[{"href":"https:\/\/hetzelsponheuer.de\/de\/wp-json\/wp\/v2\/types\/page"}],"author":[{"embeddable":true,"href":"https:\/\/hetzelsponheuer.de\/de\/wp-json\/wp\/v2\/users\/1"}],"replies":[{"embeddable":true,"href":"https:\/\/hetzelsponheuer.de\/de\/wp-json\/wp\/v2\/comments?post=254"}],"version-history":[{"count":2,"href":"https:\/\/hetzelsponheuer.de\/de\/wp-json\/wp\/v2\/pages\/254\/revisions"}],"predecessor-version":[{"id":5767,"href":"https:\/\/hetzelsponheuer.de\/de\/wp-json\/wp\/v2\/pages\/254\/revisions\/5767"}],"up":[{"embeddable":true,"href":"https:\/\/hetzelsponheuer.de\/de\/wp-json\/wp\/v2\/pages\/8"}],"wp:attachment":[{"href":"https:\/\/hetzelsponheuer.de\/de\/wp-json\/wp\/v2\/media?parent=254"}],"curies":[{"name":"wp","href":"https:\/\/api.w.org\/{rel}","templated":true}]}}