{"id":265,"date":"2019-07-18T19:06:22","date_gmt":"2019-07-18T17:06:22","guid":{"rendered":"http:\/\/hetzelsponheuer.de\/de\/?page_id=265"},"modified":"2024-12-23T11:33:52","modified_gmt":"2024-12-23T10:33:52","slug":"karriere","status":"publish","type":"page","link":"https:\/\/hetzelsponheuer.de\/de\/unternehmen\/karriere\/","title":{"rendered":"Karriere"},"content":{"rendered":"<div class=\"langhash\" data-val=\"#jobs\"><\/div>\n\n<div class=\"banner row x-4 md-3-6-3 sm-0-12-0 wp-block-lazyblock-inner-block lazyblock-inner-block-Z1YDE8Q\">\n<div class=\"col wp-block-lazyblock-inner-block lazyblock-inner-block-LGk95\">\n<div class=\"bg blue wp-block-lazyblock-inner-block lazyblock-inner-block-Z2rTe6V\">\n\n<p>    <\/p>\n\n<\/div>\n<\/div>\n\n<div class=\"col x100y35 wp-block-lazyblock-inner-block lazyblock-inner-block-Z47XqX\">\n<div class=\"bg grey img  wp-block-lazyblock-inner-block lazyblock-inner-block-1gWLVK\">\n\n<figure class=\"wp-block-image size-large\"><img decoding=\"async\" loading=\"lazy\" width=\"795\" height=\"800\" src=\"https:\/\/hetzelsponheuer.de\/de\/wp-content\/uploads\/sites\/2\/2020\/09\/karriere_4007_links.jpg\" alt=\"Karriere bei Hetzel+Sponheuer\" class=\"wp-image-5608\" srcset=\"https:\/\/hetzelsponheuer.de\/de\/wp-content\/uploads\/sites\/2\/2020\/09\/karriere_4007_links.jpg 795w, https:\/\/hetzelsponheuer.de\/de\/wp-content\/uploads\/sites\/2\/2020\/09\/karriere_4007_links-398x400.jpg 398w, https:\/\/hetzelsponheuer.de\/de\/wp-content\/uploads\/sites\/2\/2020\/09\/karriere_4007_links-200x200.jpg 200w, https:\/\/hetzelsponheuer.de\/de\/wp-content\/uploads\/sites\/2\/2020\/09\/karriere_4007_links-768x773.jpg 768w\" sizes=\"(max-width: 795px) 100vw, 795px\" \/><\/figure>\n\n<\/div>\n<\/div>\n\n<div class=\"col x0y35 wp-block-lazyblock-inner-block lazyblock-inner-block-21Ol5k\">\n<div class=\"bg grey img  wp-block-lazyblock-inner-block lazyblock-inner-block-27B2bf\">\n\n<figure class=\"wp-block-image size-large x0y35\"><img decoding=\"async\" loading=\"lazy\" width=\"397\" height=\"800\" src=\"https:\/\/hetzelsponheuer.de\/de\/wp-content\/uploads\/sites\/2\/2020\/09\/karriere_4007_rechts.jpg\" alt=\"Karriere bei Hetzel+Sponheuer\" class=\"wp-image-5609\" srcset=\"https:\/\/hetzelsponheuer.de\/de\/wp-content\/uploads\/sites\/2\/2020\/09\/karriere_4007_rechts.jpg 397w, https:\/\/hetzelsponheuer.de\/de\/wp-content\/uploads\/sites\/2\/2020\/09\/karriere_4007_rechts-199x400.jpg 199w\" sizes=\"(max-width: 397px) 100vw, 397px\" \/><\/figure>\n\n<\/div>\n<\/div>\n<\/div>\n\n<div class=\"row x-24 md-3-9 sm-0-12 wp-block-lazyblock-inner-block lazyblock-inner-block-Z2tGcoS\">\n<div class=\"col wp-block-lazyblock-inner-block lazyblock-inner-block-23sTLq\">\n<div class=\"wp-block-lazyblock-inner-block lazyblock-inner-block-2nq936\">\n\n<p>  <\/p>\n\n<\/div>\n<\/div>\n\n<div class=\"col wp-block-lazyblock-inner-block lazyblock-inner-block-Z2gEiN4\">\n<div class=\"head wp-block-lazyblock-inner-block lazyblock-inner-block-1WI2Dz\">\n\n<p class=\"topline grey scroll\"><a href=\"#unternehmensprofil\">Unternehmen<\/a> \u00b7 Karriere<\/p>\n\n\n\n<h2 class=\"wp-block-heading h1\"><span class=\"grey\">Wertsch\u00e4tzung f\u00fcr <\/span>Wertarbeit<\/h2>\n\n<\/div>\n<\/div>\n<\/div>\n\n<div class=\"row x-24 md-3-6-3 sm-0-12-12 wp-block-lazyblock-inner-block lazyblock-inner-block-B3WBR\">\n<div class=\"col wp-block-lazyblock-inner-block lazyblock-inner-block-Z1q7auF\">\n<div class=\"wp-block-lazyblock-inner-block lazyblock-inner-block-2ntCh9\">\n\n<p class=\"md-right color\"><\/p>\n\n<\/div>\n<\/div>\n\n<div class=\"col wp-block-lazyblock-inner-block lazyblock-inner-block-21PsMQ\">\n<div class=\"wp-block-lazyblock-inner-block lazyblock-inner-block-185vS7\">\n\n<p>Sie sind auf der Suche nach einer neuen beruflichen Herausforderung? Sie haben Interesse, in einem leistungsstarken Team zu arbeiten und wollen auch eigene Entscheidungen treffen? \u2013 Dann sind Sie bei uns genau richtig!<\/p>\n\n\n\n<p>Gerade im Baugewerbe kommt es auf die Leistung jedes Einzelnen an, wobei alles passen und sitzen muss \u2013 jeder Baustein ist aufeinander abgestimmt. Auf gute Zusammenarbeit in einem starken Team legen wir daher gro\u00dfen Wert. Um dies zu erreichen, veranstalten wir regelm\u00e4\u00dfig Schulungen und Workshops, bei denen sowohl unser Teamgeist als auch jeder unserer Mitarbeiter gest\u00e4rkt und gef\u00f6rdert wird. Durch diese Qualit\u00e4tsoffensiven bieten sich Ihnen gro\u00dfe Entwicklungsm\u00f6glichkeiten und eine schnelle Einbindung in unser Team. Dar\u00fcber hinaus profitieren unsere Mitarbeiter von weiteren Vorteilen, wie zum Beispiel:<\/p>\n\n\n\n<ul>\n<li>Attraktive Verg\u00fctung<\/li>\n\n\n\n<li>Option auf Erfolgsbeteiligung<\/li>\n\n\n\n<li>Gro\u00dfz\u00fcgige Urlaubsregelung<\/li>\n\n\n\n<li>Betriebliche Altersvorsorge<\/li>\n\n\n\n<li>Finanzielle Unterst\u00fctzung bis zur vollst\u00e4ndigen Kosten\u00fcbernahme bei Schulungs- und Ausbildungsprogrammen<\/li>\n\n\n\n<li>Fahrradleasing (Jobrad)<\/li>\n\n\n\n<li>Firmenveranstaltungen<\/li>\n<\/ul>\n\n\n\n<p><\/p>\n\n\n\n<p>Sollten wir Ihr Interesse geweckt haben, schauen Sie gerne unsere Anzeigen durch. Ob \u201calter Hase\u201d oder \u201cblutiger Anf\u00e4nger\u201d &#8211; bei uns gibt es viel zu tun, werden Sie doch ein Teil von uns.<\/p>\n\n\n\n<p><\/p>\n\n\n\n<div style=\"height:32px\" aria-hidden=\"true\" class=\"wp-block-spacer\"><\/div>\n\n\n<div class=\"title  fade-link\"><div class=\"listing-item\"><a class=\"title\" href=\"https:\/\/hetzelsponheuer.de\/de\/bauleitung-projektleitung-fuer-tga-gewerke-essen\/\">Bauleitung \/ Projektleitung f\u00fcr TGA Gewerke \u2022 Essen<\/a> <span class=\"excerpt-dash\">-<\/span> <span class=\"excerpt\">Sie sind f\u00fcr die Wahrnehmung unserer Interessen im Zusammenhang mit Bauaufgaben und Realisierung von Projekten in technischer und wirtschaftlicher Hinsicht verantwortlich. <a href=\"https:\/\/hetzelsponheuer.de\/de\/bauleitung-projektleitung-fuer-tga-gewerke-essen\/\"> &gt mehr<\/a><\/span><\/div><div class=\"listing-item\"><a class=\"title\" href=\"https:\/\/hetzelsponheuer.de\/de\/bauleiter-tga-essen\/\">Bauleitung \u2022 Essen<\/a> <span class=\"excerpt-dash\">-<\/span> <span class=\"excerpt\">Sie sind f\u00fcr die Wahrnehmung unserer Interessen im Zusammenhang mit Bauaufgaben und Realisierung von Projekten in technischer und wirtschaftlicher Hinsicht verantwortlich. <a href=\"https:\/\/hetzelsponheuer.de\/de\/bauleiter-tga-essen\/\"> &gt mehr<\/a><\/span><\/div><div class=\"listing-item\"><a class=\"title\" href=\"https:\/\/hetzelsponheuer.de\/de\/technischer-support-stellenangebot\/\">Technischer Support<\/a> <span class=\"excerpt-dash\">-<\/span> <span class=\"excerpt\">Koordinierung von Kalkulations- und Angebotsprozessen\nf\u00fcr Schl\u00fcsselkunden im Bereich Bauen im Bestand, Arbeitsvorbereitung <a href=\"https:\/\/hetzelsponheuer.de\/de\/technischer-support-stellenangebot\/\"> &gt mehr<\/a><\/span><\/div><div class=\"listing-item\"><a class=\"title\" href=\"https:\/\/hetzelsponheuer.de\/de\/projektleiter-essen\/\">Projektleitung \u2022 Essen<\/a> <span class=\"excerpt-dash\">-<\/span> <span class=\"excerpt\">Bauaufgaben im Raum Nordrhein-Westfalen, Konzeption und Umsetzung von Projekten in technischer und wirtschaftlicher Hinsicht. <a href=\"https:\/\/hetzelsponheuer.de\/de\/projektleiter-essen\/\"> &gt mehr<\/a><\/span><\/div><div class=\"listing-item\"><a class=\"title\" href=\"https:\/\/hetzelsponheuer.de\/de\/bauleitung-hamburg-stellenangebot\/\">Bauleitung \u00b7 Hamburg<\/a> <span class=\"excerpt-dash\">-<\/span> <span class=\"excerpt\">Sie sind f\u00fcr die Wahrnehmung unserer Interessen im Zusammenhang mit Bauaufgaben und Realisierung von Projekten in technischer und wirtschaftlicher Hinsicht verantwortlich. <a href=\"https:\/\/hetzelsponheuer.de\/de\/bauleitung-hamburg-stellenangebot\/\"> &gt mehr<\/a><\/span><\/div><\/div>\n\n\n\n<div style=\"height:24px\" aria-hidden=\"true\" class=\"wp-block-spacer\"><\/div>\n\n<\/div>\n\n\n<div style=\"height:24px\" aria-hidden=\"true\" class=\"wp-block-spacer\"><\/div>\n\n\n\n<p><\/p>\n\n\n\n<div style=\"height:32px\" aria-hidden=\"true\" class=\"wp-block-spacer\"><\/div>\n\n<\/div>\n\n<div class=\"col wp-block-lazyblock-inner-block lazyblock-inner-block-eMiEq\">\n<div class=\"wp-block-lazyblock-inner-block lazyblock-inner-block-ZMq9cz\">\n\n<h4 class=\"wp-block-heading\">Unternehmen<\/h4>\n\n\n<div class=\"menu-main-menu-container\"><ul id=\"menu-main-menu\" class=\"grey scroll\"><li id=\"menu-item-70\" class=\"menu-item \"><a href=\"#unternehmensprofil\">Unternehmensprofil<\/a><\/li>\n<li id=\"menu-item-4854\" class=\"menu-item \"><a href=\"#standorte\">Standorte<\/a><\/li>\n<li id=\"menu-item-75\" class=\"menu-item \"><a href=\"#geschaeftsfuehrung-und-beirat\">Gesch\u00e4ftsf\u00fchrung und Beirat<\/a><\/li>\n<li id=\"menu-item-137\" class=\"menu-item \"><a href=\"#ansprechpartner\">Ansprechpartner<\/a><\/li>\n<li id=\"menu-item-147\" class=\"menu-item \"><a href=\"#qualitaetsmanagement\">Qualit\u00e4tsmanagement<\/a><\/li>\n<li id=\"menu-item-205\" class=\"menu-item \"><a href=\"#netzwerk-bau\">Netzwerk Bau<\/a><\/li>\n<li id=\"menu-item-210\" class=\"menu-item \"><a href=\"#karriere\">Karriere<\/a><\/li>\n<\/ul><\/div>\n\n\n\n<h3 class=\"wp-block-heading h4\">Ihre Ansprechpartner<\/h3>\n\n\n\n<p>F\u00fcr weitere Informationen bzw. f\u00fcr Ihre Bewerbung steht Ihnen folgender Ansprechpartner zur Verf\u00fcgung:<\/p>\n\n\n\n<p><\/p>\n\n\n\n<p class=\"no-margin\">Mia Schulte-Marxloh<\/p>\n\n\n\n<p>fon +49 201 3646-125<\/p>\n\n\n\n<p><a href=\"mailto:bewerbung@hetzelsponheuer.de\">bewerbung@hetzelsponheuer.de<\/a><\/p>\n\n\n\n<p><\/p>\n\n\n\n<h4 class=\"wp-block-heading\">Ihre Bewerbung richten Sie bitte an<\/h4>\n\n\n\n<p class=\"no-margin\">Hetzel + Sponheuer GmbH &amp; Co. KG<\/p>\n\n\n\n<p class=\"no-margin\">Nordsternstra\u00dfe 65<\/p>\n\n\n\n<p>45329 Essen<\/p>\n\n<\/div>\n<\/div>\n<\/div>","protected":false},"excerpt":{"rendered":"<p> <a href=\"https:\/\/hetzelsponheuer.de\/de\/bauleitung-hamburg-stellenangebot\/\"> &#038;gt mehr<\/a><\/p>\n","protected":false},"author":1,"featured_media":0,"parent":49,"menu_order":7,"comment_status":"closed","ping_status":"closed","template":"page-fullwidth.php","meta":{"footnotes":""},"yoast_head":"<!-- This site is optimized with the Yoast SEO plugin v22.6 - https:\/\/yoast.com\/wordpress\/plugins\/seo\/ -->\n<title>Unternehmen \u00b7 Karriere \u00b7 Hetzel+Sponheuer \u00b7 Essen<\/title>\n<meta name=\"description\" content=\"Werden Sie Mitarbeiter bei Hetzel+Sponheuer, arbeiten Sie selbstst\u00e4ndig in Teams aus Baufachleuten und bringen Sie Fachwissen und Engagement mit ein.\" \/>\n<meta name=\"robots\" content=\"index, follow, max-snippet:-1, max-image-preview:large, max-video-preview:-1\" \/>\n<link rel=\"canonical\" href=\"https:\/\/hetzelsponheuer.de\/de\/unternehmen\/karriere\/\" \/>\n<meta property=\"og:locale\" content=\"de_DE\" \/>\n<meta property=\"og:type\" content=\"article\" \/>\n<meta property=\"og:title\" content=\"Unternehmen \u00b7 Karriere \u00b7 Hetzel+Sponheuer \u00b7 Essen\" \/>\n<meta property=\"og:description\" content=\"Werden Sie Mitarbeiter bei Hetzel+Sponheuer, arbeiten Sie selbstst\u00e4ndig in Teams aus Baufachleuten und bringen Sie Fachwissen und Engagement mit ein.\" \/>\n<meta property=\"og:url\" content=\"https:\/\/hetzelsponheuer.de\/de\/unternehmen\/karriere\/\" \/>\n<meta property=\"og:site_name\" content=\"Hetzel+Sponheuer \u00b7 de\" \/>\n<meta property=\"article:modified_time\" content=\"2024-12-23T10:33:52+00:00\" \/>\n<meta property=\"og:image\" content=\"https:\/\/hetzelsponheuer.de\/de\/wp-content\/uploads\/sites\/2\/2020\/09\/karriere_4007_links.jpg\" \/>\n<meta name=\"twitter:card\" content=\"summary_large_image\" \/>\n<meta name=\"twitter:label1\" content=\"Gesch\u00e4tzte Lesezeit\" \/>\n\t<meta name=\"twitter:data1\" content=\"2\u00a0Minuten\" \/>\n<script type=\"application\/ld+json\" class=\"yoast-schema-graph\">{\"@context\":\"https:\/\/schema.org\",\"@graph\":[{\"@type\":\"WebPage\",\"@id\":\"https:\/\/hetzelsponheuer.de\/de\/unternehmen\/karriere\/\",\"url\":\"https:\/\/hetzelsponheuer.de\/de\/unternehmen\/karriere\/\",\"name\":\"Unternehmen \u00b7 Karriere \u00b7 Hetzel+Sponheuer \u00b7 Essen\",\"isPartOf\":{\"@id\":\"https:\/\/hetzelsponheuer.de\/de\/#website\"},\"primaryImageOfPage\":{\"@id\":\"https:\/\/hetzelsponheuer.de\/de\/unternehmen\/karriere\/#primaryimage\"},\"image\":{\"@id\":\"https:\/\/hetzelsponheuer.de\/de\/unternehmen\/karriere\/#primaryimage\"},\"thumbnailUrl\":\"https:\/\/hetzelsponheuer.de\/de\/wp-content\/uploads\/sites\/2\/2020\/09\/karriere_4007_links.jpg\",\"datePublished\":\"2019-07-18T17:06:22+00:00\",\"dateModified\":\"2024-12-23T10:33:52+00:00\",\"description\":\"Werden Sie Mitarbeiter bei Hetzel+Sponheuer, arbeiten Sie selbstst\u00e4ndig in Teams aus Baufachleuten und bringen Sie Fachwissen und Engagement mit ein.\",\"breadcrumb\":{\"@id\":\"https:\/\/hetzelsponheuer.de\/de\/unternehmen\/karriere\/#breadcrumb\"},\"inLanguage\":\"de\",\"potentialAction\":[{\"@type\":\"ReadAction\",\"target\":[\"https:\/\/hetzelsponheuer.de\/de\/unternehmen\/karriere\/\"]}]},{\"@type\":\"ImageObject\",\"inLanguage\":\"de\",\"@id\":\"https:\/\/hetzelsponheuer.de\/de\/unternehmen\/karriere\/#primaryimage\",\"url\":\"https:\/\/hetzelsponheuer.de\/de\/wp-content\/uploads\/sites\/2\/2020\/09\/karriere_4007_links.jpg\",\"contentUrl\":\"https:\/\/hetzelsponheuer.de\/de\/wp-content\/uploads\/sites\/2\/2020\/09\/karriere_4007_links.jpg\",\"width\":795,\"height\":800},{\"@type\":\"BreadcrumbList\",\"@id\":\"https:\/\/hetzelsponheuer.de\/de\/unternehmen\/karriere\/#breadcrumb\",\"itemListElement\":[{\"@type\":\"ListItem\",\"position\":1,\"name\":\"Startseite\",\"item\":\"https:\/\/hetzelsponheuer.de\/de\/\"},{\"@type\":\"ListItem\",\"position\":2,\"name\":\"Unternehmen\",\"item\":\"https:\/\/hetzelsponheuer.de\/de\/unternehmen\/\"},{\"@type\":\"ListItem\",\"position\":3,\"name\":\"Karriere\"}]},{\"@type\":\"WebSite\",\"@id\":\"https:\/\/hetzelsponheuer.de\/de\/#website\",\"url\":\"https:\/\/hetzelsponheuer.de\/de\/\",\"name\":\"Hetzel+Sponheuer \u00b7 de\",\"description\":\"L\u00f6sungen f\u00fcr Ihr Bauprojekt\",\"publisher\":{\"@id\":\"https:\/\/hetzelsponheuer.de\/de\/#organization\"},\"inLanguage\":\"de\"},{\"@type\":\"Organization\",\"@id\":\"https:\/\/hetzelsponheuer.de\/de\/#organization\",\"name\":\"Hetzel+Sponheuer GmbH & Co. KG\",\"url\":\"https:\/\/hetzelsponheuer.de\/de\/\",\"logo\":{\"@type\":\"ImageObject\",\"inLanguage\":\"de\",\"@id\":\"https:\/\/hetzelsponheuer.de\/de\/#\/schema\/logo\/image\/\",\"url\":\"https:\/\/hetzelsponheuer.de\/en\/wp-content\/uploads\/sites\/2\/2020\/02\/logo_hetzelsponheuer.png\",\"contentUrl\":\"https:\/\/hetzelsponheuer.de\/en\/wp-content\/uploads\/sites\/2\/2020\/02\/logo_hetzelsponheuer.png\",\"width\":360,\"height\":24,\"caption\":\"Hetzel+Sponheuer GmbH & Co. KG\"},\"image\":{\"@id\":\"https:\/\/hetzelsponheuer.de\/de\/#\/schema\/logo\/image\/\"},\"sameAs\":[\"https:\/\/www.linkedin.com\/company\/hetzel-sponheuer-gmbh-&amp;-co.-kg\"]}]}<\/script>\n<!-- \/ Yoast SEO plugin. -->","yoast_head_json":{"title":"Unternehmen \u00b7 Karriere \u00b7 Hetzel+Sponheuer \u00b7 Essen","description":"Werden Sie Mitarbeiter bei Hetzel+Sponheuer, arbeiten Sie selbstst\u00e4ndig in Teams aus Baufachleuten und bringen Sie Fachwissen und Engagement mit ein.","robots":{"index":"index","follow":"follow","max-snippet":"max-snippet:-1","max-image-preview":"max-image-preview:large","max-video-preview":"max-video-preview:-1"},"canonical":"https:\/\/hetzelsponheuer.de\/de\/unternehmen\/karriere\/","og_locale":"de_DE","og_type":"article","og_title":"Unternehmen \u00b7 Karriere \u00b7 Hetzel+Sponheuer \u00b7 Essen","og_description":"Werden Sie Mitarbeiter bei Hetzel+Sponheuer, arbeiten Sie selbstst\u00e4ndig in Teams aus Baufachleuten und bringen Sie Fachwissen und Engagement mit ein.","og_url":"https:\/\/hetzelsponheuer.de\/de\/unternehmen\/karriere\/","og_site_name":"Hetzel+Sponheuer \u00b7 de","article_modified_time":"2024-12-23T10:33:52+00:00","og_image":[{"url":"https:\/\/hetzelsponheuer.de\/de\/wp-content\/uploads\/sites\/2\/2020\/09\/karriere_4007_links.jpg"}],"twitter_card":"summary_large_image","twitter_misc":{"Gesch\u00e4tzte Lesezeit":"2\u00a0Minuten"},"schema":{"@context":"https:\/\/schema.org","@graph":[{"@type":"WebPage","@id":"https:\/\/hetzelsponheuer.de\/de\/unternehmen\/karriere\/","url":"https:\/\/hetzelsponheuer.de\/de\/unternehmen\/karriere\/","name":"Unternehmen \u00b7 Karriere \u00b7 Hetzel+Sponheuer \u00b7 Essen","isPartOf":{"@id":"https:\/\/hetzelsponheuer.de\/de\/#website"},"primaryImageOfPage":{"@id":"https:\/\/hetzelsponheuer.de\/de\/unternehmen\/karriere\/#primaryimage"},"image":{"@id":"https:\/\/hetzelsponheuer.de\/de\/unternehmen\/karriere\/#primaryimage"},"thumbnailUrl":"https:\/\/hetzelsponheuer.de\/de\/wp-content\/uploads\/sites\/2\/2020\/09\/karriere_4007_links.jpg","datePublished":"2019-07-18T17:06:22+00:00","dateModified":"2024-12-23T10:33:52+00:00","description":"Werden Sie Mitarbeiter bei Hetzel+Sponheuer, arbeiten Sie selbstst\u00e4ndig in Teams aus Baufachleuten und bringen Sie Fachwissen und Engagement mit ein.","breadcrumb":{"@id":"https:\/\/hetzelsponheuer.de\/de\/unternehmen\/karriere\/#breadcrumb"},"inLanguage":"de","potentialAction":[{"@type":"ReadAction","target":["https:\/\/hetzelsponheuer.de\/de\/unternehmen\/karriere\/"]}]},{"@type":"ImageObject","inLanguage":"de","@id":"https:\/\/hetzelsponheuer.de\/de\/unternehmen\/karriere\/#primaryimage","url":"https:\/\/hetzelsponheuer.de\/de\/wp-content\/uploads\/sites\/2\/2020\/09\/karriere_4007_links.jpg","contentUrl":"https:\/\/hetzelsponheuer.de\/de\/wp-content\/uploads\/sites\/2\/2020\/09\/karriere_4007_links.jpg","width":795,"height":800},{"@type":"BreadcrumbList","@id":"https:\/\/hetzelsponheuer.de\/de\/unternehmen\/karriere\/#breadcrumb","itemListElement":[{"@type":"ListItem","position":1,"name":"Startseite","item":"https:\/\/hetzelsponheuer.de\/de\/"},{"@type":"ListItem","position":2,"name":"Unternehmen","item":"https:\/\/hetzelsponheuer.de\/de\/unternehmen\/"},{"@type":"ListItem","position":3,"name":"Karriere"}]},{"@type":"WebSite","@id":"https:\/\/hetzelsponheuer.de\/de\/#website","url":"https:\/\/hetzelsponheuer.de\/de\/","name":"Hetzel+Sponheuer \u00b7 de","description":"L\u00f6sungen f\u00fcr Ihr Bauprojekt","publisher":{"@id":"https:\/\/hetzelsponheuer.de\/de\/#organization"},"inLanguage":"de"},{"@type":"Organization","@id":"https:\/\/hetzelsponheuer.de\/de\/#organization","name":"Hetzel+Sponheuer GmbH & Co. KG","url":"https:\/\/hetzelsponheuer.de\/de\/","logo":{"@type":"ImageObject","inLanguage":"de","@id":"https:\/\/hetzelsponheuer.de\/de\/#\/schema\/logo\/image\/","url":"https:\/\/hetzelsponheuer.de\/en\/wp-content\/uploads\/sites\/2\/2020\/02\/logo_hetzelsponheuer.png","contentUrl":"https:\/\/hetzelsponheuer.de\/en\/wp-content\/uploads\/sites\/2\/2020\/02\/logo_hetzelsponheuer.png","width":360,"height":24,"caption":"Hetzel+Sponheuer GmbH & Co. KG"},"image":{"@id":"https:\/\/hetzelsponheuer.de\/de\/#\/schema\/logo\/image\/"},"sameAs":["https:\/\/www.linkedin.com\/company\/hetzel-sponheuer-gmbh-&amp;-co.-kg"]}]}},"_links":{"self":[{"href":"https:\/\/hetzelsponheuer.de\/de\/wp-json\/wp\/v2\/pages\/265"}],"collection":[{"href":"https:\/\/hetzelsponheuer.de\/de\/wp-json\/wp\/v2\/pages"}],"about":[{"href":"https:\/\/hetzelsponheuer.de\/de\/wp-json\/wp\/v2\/types\/page"}],"author":[{"embeddable":true,"href":"https:\/\/hetzelsponheuer.de\/de\/wp-json\/wp\/v2\/users\/1"}],"replies":[{"embeddable":true,"href":"https:\/\/hetzelsponheuer.de\/de\/wp-json\/wp\/v2\/comments?post=265"}],"version-history":[{"count":3,"href":"https:\/\/hetzelsponheuer.de\/de\/wp-json\/wp\/v2\/pages\/265\/revisions"}],"predecessor-version":[{"id":6179,"href":"https:\/\/hetzelsponheuer.de\/de\/wp-json\/wp\/v2\/pages\/265\/revisions\/6179"}],"up":[{"embeddable":true,"href":"https:\/\/hetzelsponheuer.de\/de\/wp-json\/wp\/v2\/pages\/49"}],"wp:attachment":[{"href":"https:\/\/hetzelsponheuer.de\/de\/wp-json\/wp\/v2\/media?parent=265"}],"curies":[{"name":"wp","href":"https:\/\/api.w.org\/{rel}","templated":true}]}}