{"id":2701,"date":"2019-08-29T18:19:50","date_gmt":"2019-08-29T16:19:50","guid":{"rendered":"http:\/\/hetzelsponheuer.de\/de\/?page_id=2701"},"modified":"2020-03-07T15:27:35","modified_gmt":"2020-03-07T14:27:35","slug":"marche-restaurant-hannover","status":"publish","type":"page","link":"https:\/\/hetzelsponheuer.de\/de\/referenzen\/marche-restaurant-hannover\/","title":{"rendered":"March\u00e9 Hannover"},"content":{"rendered":"<div class=\"banner row x-4 md-3-6-3 sm-0-12-0 wp-block-lazyblock-inner-block lazyblock-inner-block-1kSrP1\">\n<div class=\"col wp-block-lazyblock-inner-block lazyblock-inner-block-Z1da7Fw\">\n<div class=\"bg grey img wp-block-lazyblock-inner-block lazyblock-inner-block-xltxB\">\n\n<figure class=\"wp-block-image\"><img decoding=\"async\" loading=\"lazy\" width=\"293\" height=\"646\" src=\"https:\/\/hetzelsponheuer.de\/de\/wp-content\/uploads\/sites\/2\/2019\/09\/marche-2483-aus.jpg\" alt=\"\" class=\"wp-image-3390\" srcset=\"https:\/\/hetzelsponheuer.de\/de\/wp-content\/uploads\/sites\/2\/2019\/09\/marche-2483-aus.jpg 293w, https:\/\/hetzelsponheuer.de\/de\/wp-content\/uploads\/sites\/2\/2019\/09\/marche-2483-aus-136x300.jpg 136w\" sizes=\"(max-width: 293px) 100vw, 293px\" \/><\/figure>\n\n<\/div>\n<\/div>\n\n<div class=\"col wp-block-lazyblock-inner-block lazyblock-inner-block-1gDVMO\">\n<div class=\"bg grey img wp-block-lazyblock-inner-block lazyblock-inner-block-25PnQc\">\n\n<figure class=\"wp-block-image\"><img decoding=\"async\" loading=\"lazy\" width=\"754\" height=\"595\" src=\"https:\/\/hetzelsponheuer.de\/de\/wp-content\/uploads\/sites\/2\/2019\/09\/marche-2483-left.jpg\" alt=\"\" class=\"wp-image-3391\" srcset=\"https:\/\/hetzelsponheuer.de\/de\/wp-content\/uploads\/sites\/2\/2019\/09\/marche-2483-left.jpg 754w, https:\/\/hetzelsponheuer.de\/de\/wp-content\/uploads\/sites\/2\/2019\/09\/marche-2483-left-300x237.jpg 300w\" sizes=\"(max-width: 754px) 100vw, 754px\" \/><\/figure>\n\n<\/div>\n<\/div>\n\n<div class=\"col wp-block-lazyblock-inner-block lazyblock-inner-block-2lGT91\">\n<div class=\"bg grey img wp-block-lazyblock-inner-block lazyblock-inner-block-Z1n79J4\">\n\n<figure class=\"wp-block-image\"><img decoding=\"async\" loading=\"lazy\" width=\"373\" height=\"585\" src=\"https:\/\/hetzelsponheuer.de\/de\/wp-content\/uploads\/sites\/2\/2019\/09\/marche-2483-right.jpg\" alt=\"\" class=\"wp-image-3392\" srcset=\"https:\/\/hetzelsponheuer.de\/de\/wp-content\/uploads\/sites\/2\/2019\/09\/marche-2483-right.jpg 373w, https:\/\/hetzelsponheuer.de\/de\/wp-content\/uploads\/sites\/2\/2019\/09\/marche-2483-right-191x300.jpg 191w\" sizes=\"(max-width: 373px) 100vw, 373px\" \/><\/figure>\n\n<\/div>\n<\/div>\n<\/div>\n\n<div class=\"row x-24 md-3-9 sm-0-12 wp-block-lazyblock-inner-block lazyblock-inner-block-Z1YnPRv\">\n<div class=\"col wp-block-lazyblock-inner-block lazyblock-inner-block-1KyAnM\">\n<div class=\"wp-block-lazyblock-inner-block lazyblock-inner-block-ZQJXop\">\n\n<p>  <\/p>\n\n<\/div>\n<\/div>\n\n<div class=\"col wp-block-lazyblock-inner-block lazyblock-inner-block-1k7Wmw\">\n<div class=\"head wp-block-lazyblock-inner-block lazyblock-inner-block-Z1G5WWD\">\n\n<p class=\"topline\">UMSETZUNG EINES NEUEN SHOPKONZEPTES \u00b7 Ausbau<\/p>\n\n\n\n<h2 class=\"h1 wp-block-heading\">March\u00e9 Restaurant am Flughafen <span class=\"grey\">Hannover<\/span><\/h2>\n\n<\/div>\n<\/div>\n<\/div>\n\n<div class=\"row x-24 md-3-6-3 sm-12-12-12 wp-block-lazyblock-inner-block lazyblock-inner-block-ZVfRHj\">\n<div class=\"col wp-block-lazyblock-inner-block lazyblock-inner-block-UKsF4\">\n<div class=\"wp-block-lazyblock-inner-block lazyblock-inner-block-Z1brndl\">\n\n<p class=\"md-right pl-24\"><\/p>\n\n<\/div>\n<\/div>\n\n<div class=\"col wp-block-lazyblock-inner-block lazyblock-inner-block-Z1rj4eR\">\n<div class=\"wp-block-lazyblock-inner-block lazyblock-inner-block-213Klg\">\n\n<p><strong>March\u00e9\u00ae bietet &#8220;Essen wie auf dem Marktplatz&#8221;. Frische und Qualit\u00e4t, das Kochen vor den Augen des Gastes und eine ungezwungene Markt-Atmosph\u00e4re bilden das Konzept. Die G\u00e4ste flanieren zu einladenden Marktst\u00e4nden und w\u00e4hlen selbst aus einem Angebot hochwertiger, frischer, vorzugsweise regionaler Produkte.<\/strong><\/p>\n\n\n\n<div style=\"height:40px\" aria-hidden=\"true\" class=\"wp-block-spacer\"><\/div>\n\n\n\n<p>Die Innenarchitektur der March\u00e9 Gastr\u00e4ume folgt dem Gesamtkonzept, verbindet Urbanit\u00e4t und Natur, so dass eine Atmosph\u00e4re wie in lauschig bepflanzten Hinterh\u00f6fen entsteht.<\/p>\n\n\n\n<h3 class=\"h4 wp-block-heading\">Herausforderung<\/h3>\n\n\n\n<p>Ein v\u00f6llig neues Shopkonzept im Ausbau zu realisieren ist auch f\u00fcr uns immer wieder spannend.&nbsp;<br>Der Ablauf bei Planung und Organisation von Einzelgewerken hat mit der Erfahrung unserer Fachleute eine \u00e4u\u00dferst solide Basis, muss in den Details eines neuen Ausbau Konzeptes aber noch reifen.&nbsp;<\/p>\n\n\n\n<p>Innerhalb von nur 10 Wochen sollte die Bestandseinrichtung samt Boden-, Decken- und Wandbel\u00e4gen des alten Restaurants ausgebaut und, dem Shopkonzept folgend, durch neue Elemente ersetzt werden.&nbsp;<\/p>\n\n\n\n<p>Neben den mit eigenen erfahrenen Mitarbeitern ausgef\u00fchrten Ausbau Gewerken wie Bodenlege- , Trockenbau- und Malerarbeiten , sollten die Abl\u00e4ufe der Technikgewerke, ausgef\u00fchrt durch Fremdunternehmen, von uns koordiniert werden.&nbsp;<\/p>\n\n\n\n<p>Eine \u00fcberraschende Herausforderung im Hinblick auf den Termin der Fertigstellung wurde der Bestandsboden, besser gesagt die Bestandsb\u00f6den. Vier verschiedene Untergr\u00fcnde mit unterschiedlichen H\u00f6hen haben die Verlegung der neuen Bodenbel\u00e4ge erschwert.&nbsp;<\/p>\n\n\n\n<p>Der angrenzende K\u00fcchenbetrieb sollte w\u00e4hrend der Umbauma\u00dfnahme st\u00f6rungsfrei weiterlaufen.<\/p>\n\n\n\n<h3 class=\"h4 wp-block-heading\">L\u00f6sung<\/h3>\n\n\n\n<p>Die detaillierte Visualisierung des Shopkonzeptes half bei der Ausf\u00fchrungsplanung und unterst\u00fctzte in allen Bauphasen. Durch die von uns transparent gehaltene Kommunikation mit allen Beteiligten konnten in jeder Bauphase Detailfragen stets zeitnah gekl\u00e4rt und L\u00f6sungen gefunden werden. Die Bauablaufplanung konnte immer flexibel angepasst und das Zeitmanagement aktualisiert werden.<\/p>\n\n\n\n<p>Eine Anpassung des Bauablaufs war durch den vorhandenen Bodenaufbau n\u00f6tig. Das kreative Potenzial des Hetzel + Sponheuer Teams konnte in dieser Situation \u00fcberraschen. Unsere Ingenieure und -Handwerker konnten ihr Geschick, ihre Flexibilit\u00e4t und ihr handwerkliches K\u00f6nnen auch bei der L\u00f6sung anderer unvorhersehbarer Probleme beweisen.<\/p>\n\n\n<div class=\"grid x24 md-col-6-6-row-1 wp-block-lazyblock-inner-block lazyblock-inner-block-YcovP\">\n<div class=\"bg grey img wp-block-lazyblock-inner-block lazyblock-inner-block-TEvbM\">\n\n<figure class=\"wp-block-image size-large\"><a class=\"gallery\" href=\"https:\/\/hetzelsponheuer.de\/de\/wp-content\/uploads\/sites\/2\/2019\/11\/marche-1753.jpg\" rel=\"gallery-1\"><img decoding=\"async\" loading=\"lazy\" width=\"600\" height=\"450\" src=\"https:\/\/hetzelsponheuer.de\/de\/wp-content\/uploads\/sites\/2\/2019\/11\/marche-1753.jpg\" alt=\"\" class=\"wp-image-4645\" srcset=\"https:\/\/hetzelsponheuer.de\/de\/wp-content\/uploads\/sites\/2\/2019\/11\/marche-1753.jpg 600w, https:\/\/hetzelsponheuer.de\/de\/wp-content\/uploads\/sites\/2\/2019\/11\/marche-1753-400x300.jpg 400w\" sizes=\"(max-width: 600px) 100vw, 600px\" \/><\/a><\/figure>\n\n\n\n<p class=\"figcaption\">Nach R\u00fcckbau des Bestandes<\/p>\n\n<\/div>\n\n<div class=\"bg grey img wp-block-lazyblock-inner-block lazyblock-inner-block-1eCqDo\">\n\n<figure class=\"wp-block-image size-large\"><a class=\"gallery\" href=\"https:\/\/hetzelsponheuer.de\/de\/wp-content\/uploads\/sites\/2\/2019\/11\/marche-1737.jpg\" rel=\"gallery-1\"><img decoding=\"async\" loading=\"lazy\" width=\"600\" height=\"450\" src=\"https:\/\/hetzelsponheuer.de\/de\/wp-content\/uploads\/sites\/2\/2019\/11\/marche-1737.jpg\" alt=\"\" class=\"wp-image-4646\" srcset=\"https:\/\/hetzelsponheuer.de\/de\/wp-content\/uploads\/sites\/2\/2019\/11\/marche-1737.jpg 600w, https:\/\/hetzelsponheuer.de\/de\/wp-content\/uploads\/sites\/2\/2019\/11\/marche-1737-400x300.jpg 400w\" sizes=\"(max-width: 600px) 100vw, 600px\" \/><\/a><\/figure>\n\n\n\n<p class=\"figcaption\">\u00dcberraschung Bodenaufbau<\/p>\n\n<\/div>\n\n<div class=\"bg grey img wp-block-lazyblock-inner-block lazyblock-inner-block-15zrbG\">\n\n<figure class=\"wp-block-image size-large\"><a class=\"gallery\" href=\"https:\/\/hetzelsponheuer.de\/de\/wp-content\/uploads\/sites\/2\/2019\/11\/marche-2459.jpg\" rel=\"gallery-1\"><img decoding=\"async\" loading=\"lazy\" width=\"600\" height=\"450\" src=\"https:\/\/hetzelsponheuer.de\/de\/wp-content\/uploads\/sites\/2\/2019\/11\/marche-2459.jpg\" alt=\"\" class=\"wp-image-4647\" srcset=\"https:\/\/hetzelsponheuer.de\/de\/wp-content\/uploads\/sites\/2\/2019\/11\/marche-2459.jpg 600w, https:\/\/hetzelsponheuer.de\/de\/wp-content\/uploads\/sites\/2\/2019\/11\/marche-2459-400x300.jpg 400w\" sizes=\"(max-width: 600px) 100vw, 600px\" \/><\/a><\/figure>\n\n\n\n<p class=\"figcaption\">Platz zum Verweilen<\/p>\n\n<\/div>\n\n<div class=\"bg grey img wp-block-lazyblock-inner-block lazyblock-inner-block-Z1oCKdz\">\n\n<figure class=\"wp-block-image size-large\"><a class=\"gallery\" href=\"https:\/\/hetzelsponheuer.de\/de\/wp-content\/uploads\/sites\/2\/2019\/11\/marche-2482.jpg\" rel=\"gallery-1\"><img decoding=\"async\" loading=\"lazy\" width=\"600\" height=\"450\" src=\"https:\/\/hetzelsponheuer.de\/de\/wp-content\/uploads\/sites\/2\/2019\/11\/marche-2482.jpg\" alt=\"\" class=\"wp-image-4648\" srcset=\"https:\/\/hetzelsponheuer.de\/de\/wp-content\/uploads\/sites\/2\/2019\/11\/marche-2482.jpg 600w, https:\/\/hetzelsponheuer.de\/de\/wp-content\/uploads\/sites\/2\/2019\/11\/marche-2482-400x300.jpg 400w\" sizes=\"(max-width: 600px) 100vw, 600px\" \/><\/a><\/figure>\n\n\n\n<p class=\"figcaption\">Platz zum Geniessen<\/p>\n\n<\/div>\n<\/div>\n\n\n<p>Das gesamte Team konnte wertvolle Erfahrungen bei der Umsetzung des \u00fcberzeugenden Shopkonzeptes der March\u00e9 Restaurant-Kette sammeln. Erfahrungen, die f\u00fcr ein n\u00e4chstes Ausbau Projekt von Vorteil sein werden.&nbsp;<\/p>\n\n\n\n<div style=\"height:20px\" aria-hidden=\"true\" class=\"wp-block-spacer\"><\/div>\n\n\n\n<h4 class=\"wp-block-heading\">Folgende Arbeiten wurden ausgef\u00fchrt, koordiniert und begleitet:<\/h4>\n\n\n\n<ul class=\"border\"><li><strong>R\u00fcckbau<\/strong>&nbsp;der alten Restauranteinrichtung<\/li><li>Verlegearbeit von&nbsp;<strong>Zementfliesen<\/strong>, sechseckig, Gastraum<\/li><li>Verlegearbeit von&nbsp;<strong>Holzoptikfliesen<\/strong>, Besprechungsraum<\/li><li>Verlegearbeit parkett\u00e4hnliche&nbsp;<strong>PVC-B\u00f6den<\/strong><\/li><li><strong>Metallrasterdecke<\/strong>&nbsp;mit umlaufendem&nbsp;<strong>Gipskartonfries<\/strong>, Front-Cooking-Bereich<\/li><li><strong>Wandfliesen<\/strong>, im &#8216;Vintage-Look&#8217; erg\u00e4nzen einzelne&nbsp;<strong>S\u00e4ulen<\/strong>&nbsp;und&nbsp;<strong>W\u00e4nde<\/strong><\/li><li>Applikation von&nbsp;&nbsp;<strong>Klinkerriemchen<\/strong><\/li><li><strong>Trockenbauarbeiten<\/strong><\/li><li><strong>Brandschutzarbeiten<\/strong><\/li><li><strong>Putz- und Malerarbeiten<\/strong><\/li><\/ul>\n\n\n\n<div style=\"height:40px\" aria-hidden=\"true\" class=\"wp-block-spacer\"><\/div>\n\n<\/div>\n<\/div>\n\n<div class=\"col wp-block-lazyblock-inner-block lazyblock-inner-block-Z2wrBd9\">\n<div class=\"wp-block-lazyblock-inner-block lazyblock-inner-block-ZiJPc3\">\n<div class=\"menu-main-menu-container\"><ul id=\"menu-main-menu\" class=\"grey\"><li id=\"menu-item-2901\" class=\"menu-item \"><a href=\"https:\/\/hetzelsponheuer.de\/de\/referenzen\/projektseiten\/\">Projektseiten<\/a><\/li>\n<li id=\"menu-item-2769\" class=\"menu-item \"><a href=\"https:\/\/hetzelsponheuer.de\/de\/referenzen\/projektliste\/\">Projektliste<\/a><\/li>\n<\/ul><\/div>\n\n\n\n<h4 class=\"wp-block-heading\">L\u00f6sungen<\/h4>\n\n\n\n<ul class=\"fade-link grey\"><li><a href=\"https:\/\/hetzelsponheuer.de\/de\/loesungen\/#hotel-gastronomie\">Hotel und Gastronomie<\/a><\/li><\/ul>\n\n\n\n<h4 class=\"wp-block-heading\">Leistungen<\/h4>\n\n\n\n<ul class=\"fade-link grey\"><li><a href=\"https:\/\/hetzelsponheuer.de\/de\/leistungen\/#organisation-und-baubegleitung\">Organisation und Baubegleitung<\/a><\/li><li><a href=\"https:\/\/hetzelsponheuer.de\/de\/leistungen\/#handwerk-und-technik\">Handwerk und Technik<\/a><\/li><\/ul>\n\n\n\n<ul><li>R\u00fcckbau<\/li><li>Estrich&nbsp;<\/li><li>Mauerwerksw\u00e4nde<\/li><li>Trockenbau<\/li><li>Brandschutz<\/li><li>Fliesenverlegearbeiten<\/li><li>Bodenbelagsarbeiten<\/li><li>Metallrasterdecken Installation<\/li><li>Putz- und Malerarbeiten<\/li><\/ul>\n\n\n\n<h4 class=\"wp-block-heading\">Fotos<\/h4>\n\n\n\n<ul><li>Astrid Theisen<\/li><\/ul>\n\n\n\n<div style=\"height:48px\" aria-hidden=\"true\" class=\"wp-block-spacer\"><\/div>\n\n<\/div>\n<\/div>\n<\/div>\n\n<div class=\"row x-24 md-3-9 sm-0-12 wp-block-lazyblock-inner-block lazyblock-inner-block-2mrwsP\">\n<div class=\"col wp-block-lazyblock-inner-block lazyblock-inner-block-ZuCFTF\">\n<div class=\"wp-block-lazyblock-inner-block lazyblock-inner-block-Z1QKVGh\">\n\n<p>  <\/p>\n\n<\/div>\n<\/div>\n\n<div class=\"col wp-block-lazyblock-inner-block lazyblock-inner-block-Z1dEO6S\">\n<div class=\"wp-block-lazyblock-inner-block lazyblock-inner-block-1GrFqs\">\n\n<p class=\"logo hetzel\">   <\/p>\n\n<\/div>\n\n\n<div style=\"height:56px\" aria-hidden=\"true\" class=\"wp-block-spacer\"><\/div>\n\n<\/div>\n<\/div>","protected":false},"excerpt":{"rendered":"","protected":false},"author":1,"featured_media":2758,"parent":63,"menu_order":9,"comment_status":"closed","ping_status":"closed","template":"page-usecase.php","meta":{"footnotes":""},"yoast_head":"<!-- This site is optimized with the Yoast SEO plugin v22.6 - https:\/\/yoast.com\/wordpress\/plugins\/seo\/ -->\n<title>Ausbau Shopkonzept \u00b7 March\u00e9 Hannover \u00b7 Hetzel+Sponheuer \u00b7 Essen<\/title>\n<meta name=\"description\" content=\"Ausbau. Durch optimierte Ablaufplanung konnte eine Vielzahl Ausbau Gewerke ausgef\u00fchrt werden, um das neue Shopkonzept der March\u00e9 Restaurantkette umzusetzen.\" \/>\n<meta name=\"robots\" content=\"index, follow, max-snippet:-1, max-image-preview:large, max-video-preview:-1\" \/>\n<link rel=\"canonical\" href=\"https:\/\/hetzelsponheuer.de\/de\/referenzen\/marche-restaurant-hannover\/\" \/>\n<meta property=\"og:locale\" content=\"de_DE\" \/>\n<meta property=\"og:type\" content=\"article\" \/>\n<meta property=\"og:title\" content=\"Ausbau Shopkonzept \u00b7 March\u00e9 Hannover \u00b7 Hetzel+Sponheuer \u00b7 Essen\" \/>\n<meta property=\"og:description\" content=\"Ausbau. Durch optimierte Ablaufplanung konnte eine Vielzahl Ausbau Gewerke ausgef\u00fchrt werden, um das neue Shopkonzept der March\u00e9 Restaurantkette umzusetzen.\" \/>\n<meta property=\"og:url\" content=\"https:\/\/hetzelsponheuer.de\/de\/referenzen\/marche-restaurant-hannover\/\" \/>\n<meta property=\"og:site_name\" content=\"Hetzel+Sponheuer \u00b7 de\" \/>\n<meta property=\"article:modified_time\" content=\"2020-03-07T14:27:35+00:00\" \/>\n<meta property=\"og:image\" content=\"https:\/\/hetzelsponheuer.de\/de\/wp-content\/uploads\/sites\/2\/2019\/09\/placeholder.jpg\" \/>\n\t<meta property=\"og:image:width\" content=\"600\" \/>\n\t<meta property=\"og:image:height\" content=\"600\" \/>\n\t<meta property=\"og:image:type\" content=\"image\/jpeg\" \/>\n<meta name=\"twitter:card\" content=\"summary_large_image\" \/>\n<script type=\"application\/ld+json\" class=\"yoast-schema-graph\">{\"@context\":\"https:\/\/schema.org\",\"@graph\":[{\"@type\":\"WebPage\",\"@id\":\"https:\/\/hetzelsponheuer.de\/de\/referenzen\/marche-restaurant-hannover\/\",\"url\":\"https:\/\/hetzelsponheuer.de\/de\/referenzen\/marche-restaurant-hannover\/\",\"name\":\"Ausbau Shopkonzept \u00b7 March\u00e9 Hannover \u00b7 Hetzel+Sponheuer \u00b7 Essen\",\"isPartOf\":{\"@id\":\"https:\/\/hetzelsponheuer.de\/de\/#website\"},\"primaryImageOfPage\":{\"@id\":\"https:\/\/hetzelsponheuer.de\/de\/referenzen\/marche-restaurant-hannover\/#primaryimage\"},\"image\":{\"@id\":\"https:\/\/hetzelsponheuer.de\/de\/referenzen\/marche-restaurant-hannover\/#primaryimage\"},\"thumbnailUrl\":\"https:\/\/hetzelsponheuer.de\/de\/wp-content\/uploads\/sites\/2\/2022\/07\/langer-jammer-sm.jpg\",\"datePublished\":\"2019-08-29T16:19:50+00:00\",\"dateModified\":\"2020-03-07T14:27:35+00:00\",\"description\":\"Ausbau. Durch optimierte Ablaufplanung konnte eine Vielzahl Ausbau Gewerke ausgef\u00fchrt werden, um das neue Shopkonzept der March\u00e9 Restaurantkette umzusetzen.\",\"breadcrumb\":{\"@id\":\"https:\/\/hetzelsponheuer.de\/de\/referenzen\/marche-restaurant-hannover\/#breadcrumb\"},\"inLanguage\":\"de\",\"potentialAction\":[{\"@type\":\"ReadAction\",\"target\":[\"https:\/\/hetzelsponheuer.de\/de\/referenzen\/marche-restaurant-hannover\/\"]}]},{\"@type\":\"ImageObject\",\"inLanguage\":\"de\",\"@id\":\"https:\/\/hetzelsponheuer.de\/de\/referenzen\/marche-restaurant-hannover\/#primaryimage\",\"url\":\"https:\/\/hetzelsponheuer.de\/de\/wp-content\/uploads\/sites\/2\/2022\/07\/langer-jammer-sm.jpg\",\"contentUrl\":\"https:\/\/hetzelsponheuer.de\/de\/wp-content\/uploads\/sites\/2\/2022\/07\/langer-jammer-sm.jpg\",\"width\":240,\"height\":240,\"caption\":\"Langer Jammer Hamburg\"},{\"@type\":\"BreadcrumbList\",\"@id\":\"https:\/\/hetzelsponheuer.de\/de\/referenzen\/marche-restaurant-hannover\/#breadcrumb\",\"itemListElement\":[{\"@type\":\"ListItem\",\"position\":1,\"name\":\"Startseite\",\"item\":\"https:\/\/hetzelsponheuer.de\/de\/\"},{\"@type\":\"ListItem\",\"position\":2,\"name\":\"Referenzen\",\"item\":\"https:\/\/hetzelsponheuer.de\/de\/referenzen\/\"},{\"@type\":\"ListItem\",\"position\":3,\"name\":\"March\u00e9 Hannover\"}]},{\"@type\":\"WebSite\",\"@id\":\"https:\/\/hetzelsponheuer.de\/de\/#website\",\"url\":\"https:\/\/hetzelsponheuer.de\/de\/\",\"name\":\"Hetzel+Sponheuer \u00b7 de\",\"description\":\"L\u00f6sungen f\u00fcr Ihr Bauprojekt\",\"publisher\":{\"@id\":\"https:\/\/hetzelsponheuer.de\/de\/#organization\"},\"inLanguage\":\"de\"},{\"@type\":\"Organization\",\"@id\":\"https:\/\/hetzelsponheuer.de\/de\/#organization\",\"name\":\"Hetzel+Sponheuer GmbH & Co. KG\",\"url\":\"https:\/\/hetzelsponheuer.de\/de\/\",\"logo\":{\"@type\":\"ImageObject\",\"inLanguage\":\"de\",\"@id\":\"https:\/\/hetzelsponheuer.de\/de\/#\/schema\/logo\/image\/\",\"url\":\"https:\/\/hetzelsponheuer.de\/en\/wp-content\/uploads\/sites\/2\/2020\/02\/logo_hetzelsponheuer.png\",\"contentUrl\":\"https:\/\/hetzelsponheuer.de\/en\/wp-content\/uploads\/sites\/2\/2020\/02\/logo_hetzelsponheuer.png\",\"width\":360,\"height\":24,\"caption\":\"Hetzel+Sponheuer GmbH & Co. KG\"},\"image\":{\"@id\":\"https:\/\/hetzelsponheuer.de\/de\/#\/schema\/logo\/image\/\"},\"sameAs\":[\"https:\/\/www.linkedin.com\/company\/hetzel-sponheuer-gmbh-&amp;-co.-kg\"]}]}<\/script>\n<!-- \/ Yoast SEO plugin. -->","yoast_head_json":{"title":"Ausbau Shopkonzept \u00b7 March\u00e9 Hannover \u00b7 Hetzel+Sponheuer \u00b7 Essen","description":"Ausbau. Durch optimierte Ablaufplanung konnte eine Vielzahl Ausbau Gewerke ausgef\u00fchrt werden, um das neue Shopkonzept der March\u00e9 Restaurantkette umzusetzen.","robots":{"index":"index","follow":"follow","max-snippet":"max-snippet:-1","max-image-preview":"max-image-preview:large","max-video-preview":"max-video-preview:-1"},"canonical":"https:\/\/hetzelsponheuer.de\/de\/referenzen\/marche-restaurant-hannover\/","og_locale":"de_DE","og_type":"article","og_title":"Ausbau Shopkonzept \u00b7 March\u00e9 Hannover \u00b7 Hetzel+Sponheuer \u00b7 Essen","og_description":"Ausbau. Durch optimierte Ablaufplanung konnte eine Vielzahl Ausbau Gewerke ausgef\u00fchrt werden, um das neue Shopkonzept der March\u00e9 Restaurantkette umzusetzen.","og_url":"https:\/\/hetzelsponheuer.de\/de\/referenzen\/marche-restaurant-hannover\/","og_site_name":"Hetzel+Sponheuer \u00b7 de","article_modified_time":"2020-03-07T14:27:35+00:00","og_image":[{"width":600,"height":600,"url":"https:\/\/hetzelsponheuer.de\/de\/wp-content\/uploads\/sites\/2\/2019\/09\/placeholder.jpg","type":"image\/jpeg"}],"twitter_card":"summary_large_image","schema":{"@context":"https:\/\/schema.org","@graph":[{"@type":"WebPage","@id":"https:\/\/hetzelsponheuer.de\/de\/referenzen\/marche-restaurant-hannover\/","url":"https:\/\/hetzelsponheuer.de\/de\/referenzen\/marche-restaurant-hannover\/","name":"Ausbau Shopkonzept \u00b7 March\u00e9 Hannover \u00b7 Hetzel+Sponheuer \u00b7 Essen","isPartOf":{"@id":"https:\/\/hetzelsponheuer.de\/de\/#website"},"primaryImageOfPage":{"@id":"https:\/\/hetzelsponheuer.de\/de\/referenzen\/marche-restaurant-hannover\/#primaryimage"},"image":{"@id":"https:\/\/hetzelsponheuer.de\/de\/referenzen\/marche-restaurant-hannover\/#primaryimage"},"thumbnailUrl":"https:\/\/hetzelsponheuer.de\/de\/wp-content\/uploads\/sites\/2\/2022\/07\/langer-jammer-sm.jpg","datePublished":"2019-08-29T16:19:50+00:00","dateModified":"2020-03-07T14:27:35+00:00","description":"Ausbau. Durch optimierte Ablaufplanung konnte eine Vielzahl Ausbau Gewerke ausgef\u00fchrt werden, um das neue Shopkonzept der March\u00e9 Restaurantkette umzusetzen.","breadcrumb":{"@id":"https:\/\/hetzelsponheuer.de\/de\/referenzen\/marche-restaurant-hannover\/#breadcrumb"},"inLanguage":"de","potentialAction":[{"@type":"ReadAction","target":["https:\/\/hetzelsponheuer.de\/de\/referenzen\/marche-restaurant-hannover\/"]}]},{"@type":"ImageObject","inLanguage":"de","@id":"https:\/\/hetzelsponheuer.de\/de\/referenzen\/marche-restaurant-hannover\/#primaryimage","url":"https:\/\/hetzelsponheuer.de\/de\/wp-content\/uploads\/sites\/2\/2022\/07\/langer-jammer-sm.jpg","contentUrl":"https:\/\/hetzelsponheuer.de\/de\/wp-content\/uploads\/sites\/2\/2022\/07\/langer-jammer-sm.jpg","width":240,"height":240,"caption":"Langer Jammer Hamburg"},{"@type":"BreadcrumbList","@id":"https:\/\/hetzelsponheuer.de\/de\/referenzen\/marche-restaurant-hannover\/#breadcrumb","itemListElement":[{"@type":"ListItem","position":1,"name":"Startseite","item":"https:\/\/hetzelsponheuer.de\/de\/"},{"@type":"ListItem","position":2,"name":"Referenzen","item":"https:\/\/hetzelsponheuer.de\/de\/referenzen\/"},{"@type":"ListItem","position":3,"name":"March\u00e9 Hannover"}]},{"@type":"WebSite","@id":"https:\/\/hetzelsponheuer.de\/de\/#website","url":"https:\/\/hetzelsponheuer.de\/de\/","name":"Hetzel+Sponheuer \u00b7 de","description":"L\u00f6sungen f\u00fcr Ihr Bauprojekt","publisher":{"@id":"https:\/\/hetzelsponheuer.de\/de\/#organization"},"inLanguage":"de"},{"@type":"Organization","@id":"https:\/\/hetzelsponheuer.de\/de\/#organization","name":"Hetzel+Sponheuer GmbH & Co. KG","url":"https:\/\/hetzelsponheuer.de\/de\/","logo":{"@type":"ImageObject","inLanguage":"de","@id":"https:\/\/hetzelsponheuer.de\/de\/#\/schema\/logo\/image\/","url":"https:\/\/hetzelsponheuer.de\/en\/wp-content\/uploads\/sites\/2\/2020\/02\/logo_hetzelsponheuer.png","contentUrl":"https:\/\/hetzelsponheuer.de\/en\/wp-content\/uploads\/sites\/2\/2020\/02\/logo_hetzelsponheuer.png","width":360,"height":24,"caption":"Hetzel+Sponheuer GmbH & Co. KG"},"image":{"@id":"https:\/\/hetzelsponheuer.de\/de\/#\/schema\/logo\/image\/"},"sameAs":["https:\/\/www.linkedin.com\/company\/hetzel-sponheuer-gmbh-&amp;-co.-kg"]}]}},"_links":{"self":[{"href":"https:\/\/hetzelsponheuer.de\/de\/wp-json\/wp\/v2\/pages\/2701"}],"collection":[{"href":"https:\/\/hetzelsponheuer.de\/de\/wp-json\/wp\/v2\/pages"}],"about":[{"href":"https:\/\/hetzelsponheuer.de\/de\/wp-json\/wp\/v2\/types\/page"}],"author":[{"embeddable":true,"href":"https:\/\/hetzelsponheuer.de\/de\/wp-json\/wp\/v2\/users\/1"}],"replies":[{"embeddable":true,"href":"https:\/\/hetzelsponheuer.de\/de\/wp-json\/wp\/v2\/comments?post=2701"}],"version-history":[{"count":3,"href":"https:\/\/hetzelsponheuer.de\/de\/wp-json\/wp\/v2\/pages\/2701\/revisions"}],"predecessor-version":[{"id":5295,"href":"https:\/\/hetzelsponheuer.de\/de\/wp-json\/wp\/v2\/pages\/2701\/revisions\/5295"}],"up":[{"embeddable":true,"href":"https:\/\/hetzelsponheuer.de\/de\/wp-json\/wp\/v2\/pages\/63"}],"wp:featuredmedia":[{"embeddable":true,"href":"https:\/\/hetzelsponheuer.de\/de\/wp-json\/wp\/v2\/media\/2758"}],"wp:attachment":[{"href":"https:\/\/hetzelsponheuer.de\/de\/wp-json\/wp\/v2\/media?parent=2701"}],"curies":[{"name":"wp","href":"https:\/\/api.w.org\/{rel}","templated":true}]}}