{"id":2705,"date":"2019-08-29T18:32:01","date_gmt":"2019-08-29T16:32:01","guid":{"rendered":"http:\/\/hetzelsponheuer.de\/de\/?page_id=2705"},"modified":"2024-02-19T11:22:58","modified_gmt":"2024-02-19T10:22:58","slug":"a2-restaurant-muenster","status":"publish","type":"page","link":"https:\/\/hetzelsponheuer.de\/de\/referenzen\/a2-restaurant-muenster\/","title":{"rendered":"A2 Restaurant M\u00fcnster"},"content":{"rendered":"<div class=\"banner row x-4 md-3-6-3 sm-0-6-6 wp-block-lazyblock-inner-block lazyblock-inner-block-1kSrP1\">\n<div class=\"col wp-block-lazyblock-inner-block lazyblock-inner-block-Z1da7Fw\">\n<div class=\"bg grey img wp-block-lazyblock-inner-block lazyblock-inner-block-xltxB\">\n\n<figure class=\"wp-block-image\"><img decoding=\"async\" loading=\"lazy\" width=\"373\" height=\"463\" src=\"https:\/\/hetzelsponheuer.de\/de\/wp-content\/uploads\/sites\/2\/2019\/09\/a2_169_kw_aus.jpg\" alt=\"Innenausbau Gastronomie\" class=\"wp-image-3510\" srcset=\"https:\/\/hetzelsponheuer.de\/de\/wp-content\/uploads\/sites\/2\/2019\/09\/a2_169_kw_aus.jpg 373w, https:\/\/hetzelsponheuer.de\/de\/wp-content\/uploads\/sites\/2\/2019\/09\/a2_169_kw_aus-242x300.jpg 242w\" sizes=\"(max-width: 373px) 100vw, 373px\" \/><\/figure>\n\n<\/div>\n<\/div>\n\n<div class=\"col wp-block-lazyblock-inner-block lazyblock-inner-block-1gDVMO\">\n<div class=\"bg grey img wp-block-lazyblock-inner-block lazyblock-inner-block-25PnQc\">\n\n<figure class=\"wp-block-image\"><img decoding=\"async\" loading=\"lazy\" width=\"754\" height=\"613\" src=\"https:\/\/hetzelsponheuer.de\/de\/wp-content\/uploads\/sites\/2\/2019\/09\/a2_169_kw_left.jpg\" alt=\"Innenausbau Gastronomie - Trockenbau Deckensegel\" class=\"wp-image-3269\" srcset=\"https:\/\/hetzelsponheuer.de\/de\/wp-content\/uploads\/sites\/2\/2019\/09\/a2_169_kw_left.jpg 754w, https:\/\/hetzelsponheuer.de\/de\/wp-content\/uploads\/sites\/2\/2019\/09\/a2_169_kw_left-300x244.jpg 300w\" sizes=\"(max-width: 754px) 100vw, 754px\" \/><\/figure>\n\n<\/div>\n<\/div>\n\n<div class=\"col wp-block-lazyblock-inner-block lazyblock-inner-block-2lGT91\">\n<div class=\"bg grey img wp-block-lazyblock-inner-block lazyblock-inner-block-Z1n79J4\">\n\n<figure class=\"wp-block-image\"><img decoding=\"async\" loading=\"lazy\" width=\"373\" height=\"613\" src=\"https:\/\/hetzelsponheuer.de\/de\/wp-content\/uploads\/sites\/2\/2019\/09\/a2_169_kw_right.jpg\" alt=\"Innenausbau Gastronomie - Trockenbau Deckensegel\" class=\"wp-image-3270\" srcset=\"https:\/\/hetzelsponheuer.de\/de\/wp-content\/uploads\/sites\/2\/2019\/09\/a2_169_kw_right.jpg 373w, https:\/\/hetzelsponheuer.de\/de\/wp-content\/uploads\/sites\/2\/2019\/09\/a2_169_kw_right-183x300.jpg 183w\" sizes=\"(max-width: 373px) 100vw, 373px\" \/><\/figure>\n\n<\/div>\n<\/div>\n<\/div>\n\n<div class=\"row x-24 md-3-9 sm-0-12 wp-block-lazyblock-inner-block lazyblock-inner-block-Z1YnPRv\">\n<div class=\"col wp-block-lazyblock-inner-block lazyblock-inner-block-1KyAnM\">\n<div class=\"wp-block-lazyblock-inner-block lazyblock-inner-block-ZQJXop\">\n\n<p>  <\/p>\n\n<\/div>\n<\/div>\n\n<div class=\"col wp-block-lazyblock-inner-block lazyblock-inner-block-1k7Wmw\">\n<div class=\"head wp-block-lazyblock-inner-block lazyblock-inner-block-Z1G5WWD\">\n\n<p class=\"topline fade-link\">Deckensegel im Trockenbau<\/p>\n\n\n\n<h2 class=\"wp-block-heading h1\">A2 Restaurant M\u00fcnster<\/h2>\n\n<\/div>\n<\/div>\n<\/div>\n\n<div class=\"row x-24 md-3-6-3 sm-12-12-12 wp-block-lazyblock-inner-block lazyblock-inner-block-ZVfRHj\">\n<div class=\"col wp-block-lazyblock-inner-block lazyblock-inner-block-UKsF4\">\n<div class=\"wp-block-lazyblock-inner-block lazyblock-inner-block-Z1brndl\">\n\n<p class=\"md-right pl-24\"><\/p>\n\n<\/div>\n<\/div>\n\n<div class=\"col wp-block-lazyblock-inner-block lazyblock-inner-block-Z1rj4eR\">\n<div class=\"wp-block-lazyblock-inner-block lazyblock-inner-block-213Klg\">\n\n<p class=\"color\"><strong>Von 2006 bis 2009 wurden die Aasee-Terrassen in M\u00fcnster komplett neu entwickelt. Ziel der Stadt M\u00fcnster war es, den Nutzungsbereich multifunktional wie gestalterisch aufzuwerten, um einen Ort sowohl f\u00fcr den Segelsport als auch f\u00fcr Erholungssuchende zu schaffen. Mit Gastronomie, Wohnh\u00e4usern, B\u00fcros und funktionalen Fl\u00e4chen.<\/strong><\/p>\n\n\n\n<div style=\"height:48px\" aria-hidden=\"true\" class=\"wp-block-spacer\"><\/div>\n\n\n\n<h3 class=\"wp-block-heading h4\">Herausforderung<\/h3>\n\n\n\n<p>Im Zuge der Neuentwicklung sollten im Restaurant am Aasee wellenf\u00f6rmige Deckensegel mit einer anspruchsvollen Beschichtung realisiert werden, die keine Fehler im Untergrund duldet. Der gesamte Gastronomietrakt wurde damit ausgestattet \u2013 als Reminiszenz an den Segelsport.<\/p>\n\n\n\n<h3 class=\"wp-block-heading h4\">L\u00f6sung<\/h3>\n\n\n\n<p>Unser Team fertigte exakte CAD-Zeichnungen der Deckensegel an, um auf dieser Grundlage die Trockenbauteile in einer Spezialwerkstatt vorzufertigen. Der sensible Transport, die millimetergenaue Montage und eine hochwertige Oberfl\u00e4chenbehandlung wurden mit einem Team von Experten realisiert, das wei\u00df, worauf es ankommt. Eine Materialmischung vor Ort mit genauer Rezeptur erm\u00f6glicht eine gleichbleibende Qualit\u00e4t \u00fcber die gesamte Fl\u00e4che. F\u00fcr die Oberfl\u00e4chen wurden edle Beschichtungen gew\u00e4hlt, die die optische Wirkung durch Ausf\u00fchrungsqualit\u00e4t und Oberfl\u00e4chengl\u00e4tte unterstreichen. Die Applikation eines Schriftzuges wurde nachtr\u00e4glich angebracht und modern in Szene gesetzt.&nbsp;<\/p>\n\n\n<div class=\"grid x24 md-col-6-6-row-1 wp-block-lazyblock-inner-block lazyblock-inner-block-ZMR8WD\">\n<div class=\"bg grey img wp-block-lazyblock-inner-block lazyblock-inner-block-1CILNP\">\n\n<figure class=\"wp-block-image fb\"><a class=\"gallery\" href=\"https:\/\/hetzelsponheuer.de\/en\/wp-content\/uploads\/sites\/2\/2019\/11\/a2_201.jpg\" rel=\"gallery-1\"><img decoding=\"async\" loading=\"lazy\" width=\"600\" height=\"500\" src=\"https:\/\/hetzelsponheuer.de\/en\/wp-content\/uploads\/sites\/2\/2019\/11\/a2_201.jpg\" alt=\"\" class=\"wp-image-4490\" srcset=\"https:\/\/hetzelsponheuer.de\/de\/wp-content\/uploads\/sites\/2\/2019\/11\/a2_201.jpg 600w, https:\/\/hetzelsponheuer.de\/de\/wp-content\/uploads\/sites\/2\/2019\/11\/a2_201-400x333.jpg 400w\" sizes=\"(max-width: 600px) 100vw, 600px\" \/><\/a><\/figure>\n\n\n\n<p class=\"figcaption\">Au\u00dfenansicht<\/p>\n\n<\/div>\n\n<div class=\"bg grey img wp-block-lazyblock-inner-block lazyblock-inner-block-JkQx5\">\n\n<figure class=\"wp-block-image fb\"><a class=\"gallery\" href=\"https:\/\/hetzelsponheuer.de\/en\/wp-content\/uploads\/sites\/2\/2019\/11\/a2_185.jpg\" rel=\"gallery-1\"><img decoding=\"async\" loading=\"lazy\" width=\"400\" height=\"333\" src=\"https:\/\/hetzelsponheuer.de\/en\/wp-content\/uploads\/sites\/2\/2019\/11\/a2_185-400x333.jpg\" alt=\"\" class=\"wp-image-4489\" srcset=\"https:\/\/hetzelsponheuer.de\/de\/wp-content\/uploads\/sites\/2\/2019\/11\/a2_185-400x333.jpg 400w, https:\/\/hetzelsponheuer.de\/de\/wp-content\/uploads\/sites\/2\/2019\/11\/a2_185.jpg 600w\" sizes=\"(max-width: 400px) 100vw, 400px\" \/><\/a><\/figure>\n\n\n\n<p class=\"figcaption\">Innenansicht<\/p>\n\n<\/div>\n<\/div>\n\n\n<p>Mit unserer Kompetenz wurde das anspruchsvolle Konzept der Architekten Realit\u00e4t und ein Ambiente geschaffen, in dem sich der Gast wohlf\u00fchlt. So konnte innerhalb kurzer Zeit eine &#8220;Genusslandschaft&#8221; entstehen, die zum Verweilen einl\u00e4dt.<\/p>\n\n\n\n<div style=\"height:20px\" aria-hidden=\"true\" class=\"wp-block-spacer\"><\/div>\n\n<\/div>\n<\/div>\n\n<div class=\"col wp-block-lazyblock-inner-block lazyblock-inner-block-Z2wrBd9\">\n<div class=\"wp-block-lazyblock-inner-block lazyblock-inner-block-ZiJPc3\">\n<div class=\"menu-main-menu-container\"><ul id=\"menu-main-menu\" class=\"grey\"><li id=\"menu-item-2901\" class=\"menu-item \"><a href=\"https:\/\/hetzelsponheuer.de\/de\/referenzen\/projektseiten\/\">Projektseiten<\/a><\/li>\n<li id=\"menu-item-2769\" class=\"menu-item \"><a href=\"https:\/\/hetzelsponheuer.de\/de\/referenzen\/projektliste\/\">Projektliste<\/a><\/li>\n<\/ul><\/div>\n\n\n\n<h4 class=\"wp-block-heading\">Ihr Ansprechpartner<\/h4>\n\n\n\n<ul class=\"link ajx grey\">\n<li><a href=\"https:\/\/hetzelsponheuer.de\/de\/mitarbeiter\/uwe-steinfeld\" data-display=\"fancybox\" data-post-type=\"mitarbeiter\">Uwe Steinfeld<\/a><\/li>\n<\/ul>\n\n\n\n<h4 class=\"wp-block-heading\">L\u00f6sungen<\/h4>\n\n\n\n<ul class=\"grey fade-link\">\n<li><a href=\"https:\/\/hetzelsponheuer.de\/de\/loesungen\/#hotel-gastronomie\">Hotel und Gastronomie<\/a><\/li>\n<\/ul>\n\n\n\n<h4 class=\"wp-block-heading\">Leistungen<\/h4>\n\n\n\n<ul>\n<li>CAD Planung<\/li>\n\n\n\n<li>Oberfl\u00e4chenbehandlung&nbsp;<\/li>\n\n\n\n<li>Trockenbau<\/li>\n\n\n\n<li>Montage<\/li>\n\n\n\n<li>Beschichtungstechniken<\/li>\n\n\n\n<li>Spachteltechniken<\/li>\n<\/ul>\n\n\n\n<h4 class=\"wp-block-heading\">Fotos<\/h4>\n\n\n\n<ul>\n<li>Astrid Theisen<\/li>\n<\/ul>\n\n<\/div>\n<\/div>\n<\/div>\n\n<div class=\"row x-24 md-3-9 sm-0-12 wp-block-lazyblock-inner-block lazyblock-inner-block-2mrwsP\">\n<div class=\"col wp-block-lazyblock-inner-block lazyblock-inner-block-ZuCFTF\">\n<div class=\"wp-block-lazyblock-inner-block lazyblock-inner-block-Z1QKVGh\">\n\n<p>  <\/p>\n\n<\/div>\n<\/div>\n\n<div class=\"col wp-block-lazyblock-inner-block lazyblock-inner-block-Z1dEO6S\">\n<div class=\"wp-block-lazyblock-inner-block lazyblock-inner-block-1GrFqs\">\n\n<p class=\"logo hetzel\">   <\/p>\n\n<\/div>\n\n\n<div style=\"height:56px\" aria-hidden=\"true\" class=\"wp-block-spacer\"><\/div>\n\n<\/div>\n<\/div>","protected":false},"excerpt":{"rendered":"","protected":false},"author":1,"featured_media":3516,"parent":63,"menu_order":9,"comment_status":"closed","ping_status":"closed","template":"page-usecase.php","meta":{"footnotes":""},"yoast_head":"<!-- This site is optimized with the Yoast SEO plugin v22.6 - https:\/\/yoast.com\/wordpress\/plugins\/seo\/ -->\n<title>Ausbau Gastronomie \u00b7 A2 Restaurant, M\u00fcnster \u00b7 Hetzel+Sponheuer<\/title>\n<meta name=\"description\" content=\"Innen Ausbau des &#039;A2 Restaurant am Aasee, M\u00fcnster&#039; mit Deckensegel. Von der CAD-Planung bis zur Realisierung im anspruchsvollen Trockenbau ...\" \/>\n<meta name=\"robots\" content=\"index, follow, max-snippet:-1, max-image-preview:large, max-video-preview:-1\" \/>\n<link rel=\"canonical\" href=\"https:\/\/hetzelsponheuer.de\/de\/referenzen\/a2-restaurant-muenster\/\" \/>\n<meta property=\"og:locale\" content=\"de_DE\" \/>\n<meta property=\"og:type\" content=\"article\" \/>\n<meta property=\"og:title\" content=\"Ausbau Gastronomie \u00b7 A2 Restaurant, M\u00fcnster \u00b7 Hetzel+Sponheuer\" \/>\n<meta property=\"og:description\" content=\"Innen Ausbau des &#039;A2 Restaurant am Aasee, M\u00fcnster&#039; mit Deckensegel. Von der CAD-Planung bis zur Realisierung im anspruchsvollen Trockenbau ...\" \/>\n<meta property=\"og:url\" content=\"https:\/\/hetzelsponheuer.de\/de\/referenzen\/a2-restaurant-muenster\/\" \/>\n<meta property=\"og:site_name\" content=\"Hetzel+Sponheuer \u00b7 de\" \/>\n<meta property=\"article:modified_time\" content=\"2024-02-19T10:22:58+00:00\" \/>\n<meta property=\"og:image\" content=\"https:\/\/hetzelsponheuer.de\/de\/wp-content\/uploads\/sites\/2\/2019\/09\/thumb-a2-169.jpg\" \/>\n\t<meta property=\"og:image:width\" content=\"240\" \/>\n\t<meta property=\"og:image:height\" content=\"240\" \/>\n\t<meta property=\"og:image:type\" content=\"image\/jpeg\" \/>\n<meta name=\"twitter:card\" content=\"summary_large_image\" \/>\n<meta name=\"twitter:label1\" content=\"Gesch\u00e4tzte Lesezeit\" \/>\n\t<meta name=\"twitter:data1\" content=\"1\u00a0Minute\" \/>\n<script type=\"application\/ld+json\" class=\"yoast-schema-graph\">{\"@context\":\"https:\/\/schema.org\",\"@graph\":[{\"@type\":\"WebPage\",\"@id\":\"https:\/\/hetzelsponheuer.de\/de\/referenzen\/a2-restaurant-muenster\/\",\"url\":\"https:\/\/hetzelsponheuer.de\/de\/referenzen\/a2-restaurant-muenster\/\",\"name\":\"Ausbau Gastronomie \u00b7 A2 Restaurant, M\u00fcnster \u00b7 Hetzel+Sponheuer\",\"isPartOf\":{\"@id\":\"https:\/\/hetzelsponheuer.de\/de\/#website\"},\"primaryImageOfPage\":{\"@id\":\"https:\/\/hetzelsponheuer.de\/de\/referenzen\/a2-restaurant-muenster\/#primaryimage\"},\"image\":{\"@id\":\"https:\/\/hetzelsponheuer.de\/de\/referenzen\/a2-restaurant-muenster\/#primaryimage\"},\"thumbnailUrl\":\"https:\/\/hetzelsponheuer.de\/de\/wp-content\/uploads\/sites\/2\/2019\/09\/thumb-a2-169.jpg\",\"datePublished\":\"2019-08-29T16:32:01+00:00\",\"dateModified\":\"2024-02-19T10:22:58+00:00\",\"description\":\"Innen Ausbau des 'A2 Restaurant am Aasee, M\u00fcnster' mit Deckensegel. Von der CAD-Planung bis zur Realisierung im anspruchsvollen Trockenbau ...\",\"breadcrumb\":{\"@id\":\"https:\/\/hetzelsponheuer.de\/de\/referenzen\/a2-restaurant-muenster\/#breadcrumb\"},\"inLanguage\":\"de\",\"potentialAction\":[{\"@type\":\"ReadAction\",\"target\":[\"https:\/\/hetzelsponheuer.de\/de\/referenzen\/a2-restaurant-muenster\/\"]}]},{\"@type\":\"ImageObject\",\"inLanguage\":\"de\",\"@id\":\"https:\/\/hetzelsponheuer.de\/de\/referenzen\/a2-restaurant-muenster\/#primaryimage\",\"url\":\"https:\/\/hetzelsponheuer.de\/de\/wp-content\/uploads\/sites\/2\/2019\/09\/thumb-a2-169.jpg\",\"contentUrl\":\"https:\/\/hetzelsponheuer.de\/de\/wp-content\/uploads\/sites\/2\/2019\/09\/thumb-a2-169.jpg\",\"width\":240,\"height\":240,\"caption\":\"A2 Terassen\"},{\"@type\":\"BreadcrumbList\",\"@id\":\"https:\/\/hetzelsponheuer.de\/de\/referenzen\/a2-restaurant-muenster\/#breadcrumb\",\"itemListElement\":[{\"@type\":\"ListItem\",\"position\":1,\"name\":\"Startseite\",\"item\":\"https:\/\/hetzelsponheuer.de\/de\/\"},{\"@type\":\"ListItem\",\"position\":2,\"name\":\"Referenzen\",\"item\":\"https:\/\/hetzelsponheuer.de\/de\/referenzen\/\"},{\"@type\":\"ListItem\",\"position\":3,\"name\":\"A2 Restaurant M\u00fcnster\"}]},{\"@type\":\"WebSite\",\"@id\":\"https:\/\/hetzelsponheuer.de\/de\/#website\",\"url\":\"https:\/\/hetzelsponheuer.de\/de\/\",\"name\":\"Hetzel+Sponheuer \u00b7 de\",\"description\":\"L\u00f6sungen f\u00fcr Ihr Bauprojekt\",\"publisher\":{\"@id\":\"https:\/\/hetzelsponheuer.de\/de\/#organization\"},\"inLanguage\":\"de\"},{\"@type\":\"Organization\",\"@id\":\"https:\/\/hetzelsponheuer.de\/de\/#organization\",\"name\":\"Hetzel+Sponheuer GmbH & Co. KG\",\"url\":\"https:\/\/hetzelsponheuer.de\/de\/\",\"logo\":{\"@type\":\"ImageObject\",\"inLanguage\":\"de\",\"@id\":\"https:\/\/hetzelsponheuer.de\/de\/#\/schema\/logo\/image\/\",\"url\":\"https:\/\/hetzelsponheuer.de\/en\/wp-content\/uploads\/sites\/2\/2020\/02\/logo_hetzelsponheuer.png\",\"contentUrl\":\"https:\/\/hetzelsponheuer.de\/en\/wp-content\/uploads\/sites\/2\/2020\/02\/logo_hetzelsponheuer.png\",\"width\":360,\"height\":24,\"caption\":\"Hetzel+Sponheuer GmbH & Co. KG\"},\"image\":{\"@id\":\"https:\/\/hetzelsponheuer.de\/de\/#\/schema\/logo\/image\/\"},\"sameAs\":[\"https:\/\/www.linkedin.com\/company\/hetzel-sponheuer-gmbh-&amp;-co.-kg\"]}]}<\/script>\n<!-- \/ Yoast SEO plugin. -->","yoast_head_json":{"title":"Ausbau Gastronomie \u00b7 A2 Restaurant, M\u00fcnster \u00b7 Hetzel+Sponheuer","description":"Innen Ausbau des 'A2 Restaurant am Aasee, M\u00fcnster' mit Deckensegel. Von der CAD-Planung bis zur Realisierung im anspruchsvollen Trockenbau ...","robots":{"index":"index","follow":"follow","max-snippet":"max-snippet:-1","max-image-preview":"max-image-preview:large","max-video-preview":"max-video-preview:-1"},"canonical":"https:\/\/hetzelsponheuer.de\/de\/referenzen\/a2-restaurant-muenster\/","og_locale":"de_DE","og_type":"article","og_title":"Ausbau Gastronomie \u00b7 A2 Restaurant, M\u00fcnster \u00b7 Hetzel+Sponheuer","og_description":"Innen Ausbau des 'A2 Restaurant am Aasee, M\u00fcnster' mit Deckensegel. Von der CAD-Planung bis zur Realisierung im anspruchsvollen Trockenbau ...","og_url":"https:\/\/hetzelsponheuer.de\/de\/referenzen\/a2-restaurant-muenster\/","og_site_name":"Hetzel+Sponheuer \u00b7 de","article_modified_time":"2024-02-19T10:22:58+00:00","og_image":[{"width":240,"height":240,"url":"https:\/\/hetzelsponheuer.de\/de\/wp-content\/uploads\/sites\/2\/2019\/09\/thumb-a2-169.jpg","type":"image\/jpeg"}],"twitter_card":"summary_large_image","twitter_misc":{"Gesch\u00e4tzte Lesezeit":"1\u00a0Minute"},"schema":{"@context":"https:\/\/schema.org","@graph":[{"@type":"WebPage","@id":"https:\/\/hetzelsponheuer.de\/de\/referenzen\/a2-restaurant-muenster\/","url":"https:\/\/hetzelsponheuer.de\/de\/referenzen\/a2-restaurant-muenster\/","name":"Ausbau Gastronomie \u00b7 A2 Restaurant, M\u00fcnster \u00b7 Hetzel+Sponheuer","isPartOf":{"@id":"https:\/\/hetzelsponheuer.de\/de\/#website"},"primaryImageOfPage":{"@id":"https:\/\/hetzelsponheuer.de\/de\/referenzen\/a2-restaurant-muenster\/#primaryimage"},"image":{"@id":"https:\/\/hetzelsponheuer.de\/de\/referenzen\/a2-restaurant-muenster\/#primaryimage"},"thumbnailUrl":"https:\/\/hetzelsponheuer.de\/de\/wp-content\/uploads\/sites\/2\/2019\/09\/thumb-a2-169.jpg","datePublished":"2019-08-29T16:32:01+00:00","dateModified":"2024-02-19T10:22:58+00:00","description":"Innen Ausbau des 'A2 Restaurant am Aasee, M\u00fcnster' mit Deckensegel. Von der CAD-Planung bis zur Realisierung im anspruchsvollen Trockenbau ...","breadcrumb":{"@id":"https:\/\/hetzelsponheuer.de\/de\/referenzen\/a2-restaurant-muenster\/#breadcrumb"},"inLanguage":"de","potentialAction":[{"@type":"ReadAction","target":["https:\/\/hetzelsponheuer.de\/de\/referenzen\/a2-restaurant-muenster\/"]}]},{"@type":"ImageObject","inLanguage":"de","@id":"https:\/\/hetzelsponheuer.de\/de\/referenzen\/a2-restaurant-muenster\/#primaryimage","url":"https:\/\/hetzelsponheuer.de\/de\/wp-content\/uploads\/sites\/2\/2019\/09\/thumb-a2-169.jpg","contentUrl":"https:\/\/hetzelsponheuer.de\/de\/wp-content\/uploads\/sites\/2\/2019\/09\/thumb-a2-169.jpg","width":240,"height":240,"caption":"A2 Terassen"},{"@type":"BreadcrumbList","@id":"https:\/\/hetzelsponheuer.de\/de\/referenzen\/a2-restaurant-muenster\/#breadcrumb","itemListElement":[{"@type":"ListItem","position":1,"name":"Startseite","item":"https:\/\/hetzelsponheuer.de\/de\/"},{"@type":"ListItem","position":2,"name":"Referenzen","item":"https:\/\/hetzelsponheuer.de\/de\/referenzen\/"},{"@type":"ListItem","position":3,"name":"A2 Restaurant M\u00fcnster"}]},{"@type":"WebSite","@id":"https:\/\/hetzelsponheuer.de\/de\/#website","url":"https:\/\/hetzelsponheuer.de\/de\/","name":"Hetzel+Sponheuer \u00b7 de","description":"L\u00f6sungen f\u00fcr Ihr Bauprojekt","publisher":{"@id":"https:\/\/hetzelsponheuer.de\/de\/#organization"},"inLanguage":"de"},{"@type":"Organization","@id":"https:\/\/hetzelsponheuer.de\/de\/#organization","name":"Hetzel+Sponheuer GmbH & Co. KG","url":"https:\/\/hetzelsponheuer.de\/de\/","logo":{"@type":"ImageObject","inLanguage":"de","@id":"https:\/\/hetzelsponheuer.de\/de\/#\/schema\/logo\/image\/","url":"https:\/\/hetzelsponheuer.de\/en\/wp-content\/uploads\/sites\/2\/2020\/02\/logo_hetzelsponheuer.png","contentUrl":"https:\/\/hetzelsponheuer.de\/en\/wp-content\/uploads\/sites\/2\/2020\/02\/logo_hetzelsponheuer.png","width":360,"height":24,"caption":"Hetzel+Sponheuer GmbH & Co. KG"},"image":{"@id":"https:\/\/hetzelsponheuer.de\/de\/#\/schema\/logo\/image\/"},"sameAs":["https:\/\/www.linkedin.com\/company\/hetzel-sponheuer-gmbh-&amp;-co.-kg"]}]}},"_links":{"self":[{"href":"https:\/\/hetzelsponheuer.de\/de\/wp-json\/wp\/v2\/pages\/2705"}],"collection":[{"href":"https:\/\/hetzelsponheuer.de\/de\/wp-json\/wp\/v2\/pages"}],"about":[{"href":"https:\/\/hetzelsponheuer.de\/de\/wp-json\/wp\/v2\/types\/page"}],"author":[{"embeddable":true,"href":"https:\/\/hetzelsponheuer.de\/de\/wp-json\/wp\/v2\/users\/1"}],"replies":[{"embeddable":true,"href":"https:\/\/hetzelsponheuer.de\/de\/wp-json\/wp\/v2\/comments?post=2705"}],"version-history":[{"count":3,"href":"https:\/\/hetzelsponheuer.de\/de\/wp-json\/wp\/v2\/pages\/2705\/revisions"}],"predecessor-version":[{"id":6044,"href":"https:\/\/hetzelsponheuer.de\/de\/wp-json\/wp\/v2\/pages\/2705\/revisions\/6044"}],"up":[{"embeddable":true,"href":"https:\/\/hetzelsponheuer.de\/de\/wp-json\/wp\/v2\/pages\/63"}],"wp:featuredmedia":[{"embeddable":true,"href":"https:\/\/hetzelsponheuer.de\/de\/wp-json\/wp\/v2\/media\/3516"}],"wp:attachment":[{"href":"https:\/\/hetzelsponheuer.de\/de\/wp-json\/wp\/v2\/media?parent=2705"}],"curies":[{"name":"wp","href":"https:\/\/api.w.org\/{rel}","templated":true}]}}