{"id":2753,"date":"2019-09-04T11:32:21","date_gmt":"2019-09-04T09:32:21","guid":{"rendered":"http:\/\/hetzelsponheuer.de\/de\/?page_id=2753"},"modified":"2022-02-01T12:10:07","modified_gmt":"2022-02-01T11:10:07","slug":"zeche-zollverein-essen","status":"publish","type":"page","link":"https:\/\/hetzelsponheuer.de\/de\/referenzen\/zeche-zollverein-essen\/","title":{"rendered":"Zeche Zollverein"},"content":{"rendered":"<div class=\"banner row x-4 md-3-6-3 sm-0-12-0 wp-block-lazyblock-inner-block lazyblock-inner-block-1kSrP1\">\n<div class=\"col wp-block-lazyblock-inner-block lazyblock-inner-block-Z1da7Fw\">\n<div class=\"bg grey img wp-block-lazyblock-inner-block lazyblock-inner-block-xltxB\">\n\n<figure class=\"wp-block-image\"><img decoding=\"async\" loading=\"lazy\" width=\"373\" height=\"612\" src=\"https:\/\/hetzelsponheuer.de\/de\/wp-content\/uploads\/sites\/2\/2019\/09\/zeche-zollverein-8040-links.jpg\" alt=\"\" class=\"wp-image-3502\" srcset=\"https:\/\/hetzelsponheuer.de\/de\/wp-content\/uploads\/sites\/2\/2019\/09\/zeche-zollverein-8040-links.jpg 373w, https:\/\/hetzelsponheuer.de\/de\/wp-content\/uploads\/sites\/2\/2019\/09\/zeche-zollverein-8040-links-183x300.jpg 183w\" sizes=\"(max-width: 373px) 100vw, 373px\" \/><\/figure>\n\n<\/div>\n<\/div>\n\n<div class=\"col wp-block-lazyblock-inner-block lazyblock-inner-block-1gDVMO\">\n<div class=\"bg grey img wp-block-lazyblock-inner-block lazyblock-inner-block-25PnQc\">\n\n<figure class=\"wp-block-image\"><img decoding=\"async\" loading=\"lazy\" width=\"754\" height=\"612\" src=\"https:\/\/hetzelsponheuer.de\/de\/wp-content\/uploads\/sites\/2\/2019\/09\/zeche-zollverein-8040-mitte.jpg\" alt=\"Denkmalschutz Zeche Zollverein Essen\" class=\"wp-image-3503\" srcset=\"https:\/\/hetzelsponheuer.de\/de\/wp-content\/uploads\/sites\/2\/2019\/09\/zeche-zollverein-8040-mitte.jpg 754w, https:\/\/hetzelsponheuer.de\/de\/wp-content\/uploads\/sites\/2\/2019\/09\/zeche-zollverein-8040-mitte-300x244.jpg 300w\" sizes=\"(max-width: 754px) 100vw, 754px\" \/><\/figure>\n\n<\/div>\n<\/div>\n\n<div class=\"col wp-block-lazyblock-inner-block lazyblock-inner-block-2lGT91\">\n<div class=\"bg grey img wp-block-lazyblock-inner-block lazyblock-inner-block-Z1n79J4\">\n\n<figure class=\"wp-block-image\"><img decoding=\"async\" loading=\"lazy\" width=\"373\" height=\"612\" src=\"https:\/\/hetzelsponheuer.de\/de\/wp-content\/uploads\/sites\/2\/2019\/09\/zeche-zollverein-8040-rechts.jpg\" alt=\"\" class=\"wp-image-3504\" srcset=\"https:\/\/hetzelsponheuer.de\/de\/wp-content\/uploads\/sites\/2\/2019\/09\/zeche-zollverein-8040-rechts.jpg 373w, https:\/\/hetzelsponheuer.de\/de\/wp-content\/uploads\/sites\/2\/2019\/09\/zeche-zollverein-8040-rechts-183x300.jpg 183w\" sizes=\"(max-width: 373px) 100vw, 373px\" \/><\/figure>\n\n<\/div>\n<\/div>\n<\/div>\n\n<div class=\"row x-24 md-3-9 sm-0-12 wp-block-lazyblock-inner-block lazyblock-inner-block-Z1YnPRv\">\n<div class=\"col wp-block-lazyblock-inner-block lazyblock-inner-block-1KyAnM\">\n<div class=\"wp-block-lazyblock-inner-block lazyblock-inner-block-ZQJXop\">\n\n<p>  <\/p>\n\n<\/div>\n<\/div>\n\n<div class=\"col wp-block-lazyblock-inner-block lazyblock-inner-block-1k7Wmw\">\n<div class=\"head wp-block-lazyblock-inner-block lazyblock-inner-block-Z1G5WWD\">\n\n<p class=\"topline\">Bauen im Bestand \u00b7 Denkmalschutz<\/p>\n\n\n\n<h2 class=\"h1 wp-block-heading\" id=\"zeche-zollverein-essen\">Zeche Zollverein Essen<\/h2>\n\n<\/div>\n<\/div>\n<\/div>\n\n<div class=\"row x-24 md-3-6-3 sm-12-12-12 wp-block-lazyblock-inner-block lazyblock-inner-block-ZVfRHj\">\n<div class=\"col wp-block-lazyblock-inner-block lazyblock-inner-block-UKsF4\">\n<div class=\"wp-block-lazyblock-inner-block lazyblock-inner-block-Z1brndl\">\n\n<p class=\"md-right pl-24\"><\/p>\n\n<\/div>\n<\/div>\n\n<div class=\"col wp-block-lazyblock-inner-block lazyblock-inner-block-Z1rj4eR\">\n<div class=\"wp-block-lazyblock-inner-block lazyblock-inner-block-213Klg\">\n\n<p class=\"grey\"><strong>Das ehemalige Steinkohlebergwerk in Essen ist ein Beweis, wie man es schaffen kann, alte Industriedenkm\u00e4ler zu erhalten und sie einer neuen Nutzung zuzuf\u00fchren.<\/strong><\/p>\n\n\n\n<div style=\"height:24px\" aria-hidden=\"true\" class=\"wp-block-spacer\"><\/div>\n\n\n\n<p>Zun\u00e4chst f\u00fcr den Abriss vorgesehen, geh\u00f6rt die Zeche Zollverein heute zum UNESCO Weltkulturerbe und ist eine Pilgerst\u00e4tte f\u00fcr Kunst-, Kultur- und Architekturbegeisterte. Das Kreativzentrum des Ruhrgebiets ist somit zum Vorzeigeprojekt f\u00fcr Stadtentwicklung und Denkmalpflege geworden.<\/p>\n\n\n\n<h3 class=\"h4 wp-block-heading\" id=\"herausforderung\">Herausforderung<\/h3>\n\n\n\n<p>\u00dcber viele Jahrzehnte hinweg sollten unsere Experten die bau\u00adlichen Anlagen der Zeche Zollverein erhalten und pflegen. Als in den 80er und 90er Jahren die Kokerei noch in Betrieb war, ging es haupts\u00e4chlich um qualifizierte Bau- und Unterhaltungs\u00adarbeiten. Sp\u00e4ter sollte die Substanz gesichert und die stillgelegten Anlagen unter denkmalpflegerischen Gesichtspunkten erhalten werden. Denn gerade bei der Umnutzung der Zeche Zollverein war der Anspruch gro\u00df, die Weltkulturerbe- Anlagen auf Dauer zu erhalten und mit viel Fingerspitzen\u00adgef\u00fchl zu sanieren.<\/p>\n\n\n\n<h3 class=\"h4 wp-block-heading\" id=\"losung\">L\u00f6sung<\/h3>\n\n\n\n<p>Da die Anlagen unter dem Gesichtspunkt geplant und gebaut wurden, dass irgendwann der Abbaubetrieb eingestellt und einer neuen Nutzung zugef\u00fchrt wird, war eine pr\u00e4zise Umsetzung der planerischen Vorgaben n\u00f6tig. Voraussetzung f\u00fcr solch ein Gro\u00dfprojekt ist die genaue Abstimmung mit dem Auftraggeber, in diesem Fall mit der &#8220;Bauh\u00fctte Zollverein&#8221;. Handwerkliche M\u00f6glichkeiten und Machbarkeiten wurden unserer Seits genau gepr\u00fcft und mit dem Auftraggeber abgesprochen. So stand die Hetzel + Sponheuer GmbH &amp; Co. KG die ganzen Jahre \u00fcber immer beratend zur Seite. Da unser Firmensitz in N\u00e4he der Zeche Zollverein in einem alten Industriekulturgeb\u00e4ude angesiedelt ist, waren kurze Wege und somit schnelle Absprachen jederzeit m\u00f6glich.&nbsp;<\/p>\n\n\n\n<p>Die von uns erbrachten Leistungen sind vielschichtig. Vor allem im Bereich der Betoninstandsetzung und des Korrosionsschutzes konnten wir unser Know-how aus anderen denkmalgesch\u00fctzten Industriebauten in die Waagschale werfen. Auch aufw\u00e4ndige Mauerwerksanierungen waren n\u00f6tig, um sowohl die Fassade als auch die Innenbereiche wieder in neuem Glanz erstrahlen zu lassen. Spezielle Beschichtungstechniken garantieren dabei, dass die Substanz \u00fcber Jahre hinweg gesch\u00fctzt wird. Hinzu kamen gestalterische Raffinessen und Malerarbeiten, die einem Kultur- und Designzentrum w\u00fcrdig sind.<\/p>\n\n\n<div class=\"grid x24 md-col-6-6-row-1 wp-block-lazyblock-inner-block lazyblock-inner-block-Z25ubfM\">\n<div class=\"bg grey img wp-block-lazyblock-inner-block lazyblock-inner-block-Z2u8OlO\">\n\n<figure class=\"wp-block-image size-large\"><a class=\"gallery\" href=\"https:\/\/hetzelsponheuer.de\/de\/wp-content\/uploads\/sites\/2\/2019\/11\/zeche-zollverein-8046.jpg\" rel=\"gallery-1\"><img decoding=\"async\" loading=\"lazy\" width=\"600\" height=\"450\" src=\"https:\/\/hetzelsponheuer.de\/de\/wp-content\/uploads\/sites\/2\/2019\/11\/zeche-zollverein-8046.jpg\" alt=\"Restaurierung \u00b7 Problemzonen Stahlfachwerk\" class=\"wp-image-4747\" srcset=\"https:\/\/hetzelsponheuer.de\/de\/wp-content\/uploads\/sites\/2\/2019\/11\/zeche-zollverein-8046.jpg 600w, https:\/\/hetzelsponheuer.de\/de\/wp-content\/uploads\/sites\/2\/2019\/11\/zeche-zollverein-8046-400x300.jpg 400w\" sizes=\"(max-width: 600px) 100vw, 600px\" \/><\/a><\/figure>\n\n\n\n<p class=\"figcaption\">Problemzone Stahlfachwerk<\/p>\n\n<\/div>\n\n<div class=\"bg grey img wp-block-lazyblock-inner-block lazyblock-inner-block-Z1fvQem\">\n\n<figure class=\"wp-block-image size-large\"><a class=\"gallery\" href=\"https:\/\/hetzelsponheuer.de\/de\/wp-content\/uploads\/sites\/2\/2019\/11\/zeche-zollverein-8055.jpg\" rel=\"gallery-1\"><img decoding=\"async\" loading=\"lazy\" width=\"600\" height=\"450\" src=\"https:\/\/hetzelsponheuer.de\/de\/wp-content\/uploads\/sites\/2\/2019\/11\/zeche-zollverein-8055.jpg\" alt=\"Bauen im Bestand \u00b7 Umnutzung \u00b7 Zollverein Museum\" class=\"wp-image-4748\" srcset=\"https:\/\/hetzelsponheuer.de\/de\/wp-content\/uploads\/sites\/2\/2019\/11\/zeche-zollverein-8055.jpg 600w, https:\/\/hetzelsponheuer.de\/de\/wp-content\/uploads\/sites\/2\/2019\/11\/zeche-zollverein-8055-400x300.jpg 400w\" sizes=\"(max-width: 600px) 100vw, 600px\" \/><\/a><\/figure>\n\n\n\n<p class=\"figcaption\">Zollverein Museum<\/p>\n\n<\/div>\n<\/div>\n\n\n<p>Die Schnittstellen zwischen Handwerk, Technik und Planung konnten wir optimal besetzen. Denn die Hetzel + Sponheuer GmbH &amp; Co. KG besteht aus Bauingenieuren, Architekten, Handwerkern und Meistern, die \u00fcber ein vernetztes Wissen und umfangreiche baupraktische Erfahrungen in diesen Bereichen verf\u00fcgen. So k\u00f6nnen wir in allen Bereichen eine Ausf\u00fchrungs- und Planungs-Qualit\u00e4t zusichern.<\/p>\n\n\n\n<div style=\"height:32px\" aria-hidden=\"true\" class=\"wp-block-spacer\"><\/div>\n\n<\/div>\n<\/div>\n\n<div class=\"col wp-block-lazyblock-inner-block lazyblock-inner-block-Z2wrBd9\">\n<div class=\"wp-block-lazyblock-inner-block lazyblock-inner-block-ZiJPc3\">\n<div class=\"menu-main-menu-container\"><ul id=\"menu-main-menu\" class=\"grey\"><li id=\"menu-item-2901\" class=\"menu-item \"><a href=\"https:\/\/hetzelsponheuer.de\/de\/referenzen\/projektseiten\/\">Projektseiten<\/a><\/li>\n<li id=\"menu-item-2769\" class=\"menu-item \"><a href=\"https:\/\/hetzelsponheuer.de\/de\/referenzen\/projektliste\/\">Projektliste<\/a><\/li>\n<\/ul><\/div>\n\n\n\n<h4 class=\"wp-block-heading\" id=\"ihr-ansprechpartner\">Ihr Ansprechpartner<\/h4>\n\n\n\n<ul class=\"link ajx grey\"><li><a data-post-type=\"mitarbeiter\" data-display=\"fancybox\" href=\"https:\/\/hetzelsponheuer.de\/de\/mitarbeiter\/dirk-aschenbeck\">Dirk Aschenbeck<\/a><\/li><\/ul>\n\n\n\n<h4 class=\"wp-block-heading\" id=\"losungen\">L\u00f6sungen<\/h4>\n\n\n\n<ul class=\"fade-link grey\"><li><a href=\"https:\/\/hetzelsponheuer.de\/de\/loesungen\/bauwerterhaltung-denkmalschutz\">Bauwerterhaltung Denkmalschutz<\/a><\/li><\/ul>\n\n\n\n<h4 class=\"wp-block-heading\" id=\"leistungen\">Leistungen<\/h4>\n\n\n\n<ul class=\"fade-link grey\"><li><a href=\"https:\/\/hetzelsponheuer.de\/de\/leistungen\/#bewertung-bratung\">Bewertung und Beratung<\/a><\/li><li><a href=\"https:\/\/hetzelsponheuer.de\/de\/leistungen\/#handwerk-und-technik\">Handwerk und Bautechnik<\/a><\/li><\/ul>\n\n\n\n<ul><li>Bauwerterhaltung<\/li><li>Beschichtungstechniken<\/li><li>Mauerwerk- und Fassadensanierung<\/li><li>Korrosionsschutz und Malerarbeiten<\/li><li>Beratungsleistungen<\/li><li>Dokumentation<\/li><\/ul>\n\n\n\n<h4 class=\"wp-block-heading\" id=\"fotos\">Fotos<\/h4>\n\n\n\n<ul class=\"link grey\"><li><a href=\"http:\/\/www.format-seifert.de\/\" target=\"_blank\" rel=\"noreferrer noopener\">Susanne Seifert, Dortmund<br>www.format-seifert.de<\/a><\/li><\/ul>\n\n<\/div>\n<\/div>\n<\/div>\n\n<div class=\"row x-24 md-3-9 sm-0-12 wp-block-lazyblock-inner-block lazyblock-inner-block-Z24xFYC\">\n<div class=\"col wp-block-lazyblock-inner-block lazyblock-inner-block-Z2sasY8\">\n<div class=\"wp-block-lazyblock-inner-block lazyblock-inner-block-131tpp\">\n\n<p>  <\/p>\n\n<\/div>\n<\/div>\n\n<div class=\"col wp-block-lazyblock-inner-block lazyblock-inner-block-Z1ccknD\">\n<div class=\"grid logo both wp-block-lazyblock-inner-block lazyblock-inner-block-Z48unP\">\n\n<p class=\"logo hetzel\">    <\/p>\n\n\n\n<p class=\"logo sponheuer\">   <\/p>\n\n\n\n<p> <\/p>\n\n<\/div>\n<\/div>\n<\/div>","protected":false},"excerpt":{"rendered":"","protected":false},"author":1,"featured_media":2758,"parent":63,"menu_order":9,"comment_status":"closed","ping_status":"closed","template":"page-usecase.php","meta":{"footnotes":""},"yoast_head":"<!-- This site is optimized with the Yoast SEO plugin v22.6 - https:\/\/yoast.com\/wordpress\/plugins\/seo\/ -->\n<title>Bauen im Bestand \u00b7 Denkmalschutz \u00b7 Zeche Zollverein \u00b7 Essen<\/title>\n<meta name=\"description\" content=\"Das heutige UNESCO Weltkulturerbe &#039;Zeche Zollverein&#039; ist ein gutes Beispiel f\u00fcr die Umnutzung (Bauen im Bestand) eines Industriedenkmals.\" \/>\n<meta name=\"robots\" content=\"index, follow, max-snippet:-1, max-image-preview:large, max-video-preview:-1\" \/>\n<link rel=\"canonical\" href=\"https:\/\/hetzelsponheuer.de\/de\/referenzen\/zeche-zollverein-essen\/\" \/>\n<meta property=\"og:locale\" content=\"de_DE\" \/>\n<meta property=\"og:type\" content=\"article\" \/>\n<meta property=\"og:title\" content=\"Bauen im Bestand \u00b7 Denkmalschutz \u00b7 Zeche Zollverein \u00b7 Essen\" \/>\n<meta property=\"og:description\" content=\"Das heutige UNESCO Weltkulturerbe &#039;Zeche Zollverein&#039; ist ein gutes Beispiel f\u00fcr die Umnutzung (Bauen im Bestand) eines Industriedenkmals.\" \/>\n<meta property=\"og:url\" content=\"https:\/\/hetzelsponheuer.de\/de\/referenzen\/zeche-zollverein-essen\/\" \/>\n<meta property=\"og:site_name\" content=\"Hetzel+Sponheuer \u00b7 de\" \/>\n<meta property=\"article:modified_time\" content=\"2022-02-01T11:10:07+00:00\" \/>\n<meta property=\"og:image\" content=\"https:\/\/hetzelsponheuer.de\/de\/wp-content\/uploads\/sites\/2\/2019\/09\/placeholder.jpg\" \/>\n\t<meta property=\"og:image:width\" content=\"600\" \/>\n\t<meta property=\"og:image:height\" content=\"600\" \/>\n\t<meta property=\"og:image:type\" content=\"image\/jpeg\" \/>\n<meta name=\"twitter:card\" content=\"summary_large_image\" \/>\n<meta name=\"twitter:label1\" content=\"Gesch\u00e4tzte Lesezeit\" \/>\n\t<meta name=\"twitter:data1\" content=\"4\u00a0Minuten\" \/>\n<script type=\"application\/ld+json\" class=\"yoast-schema-graph\">{\"@context\":\"https:\/\/schema.org\",\"@graph\":[{\"@type\":\"WebPage\",\"@id\":\"https:\/\/hetzelsponheuer.de\/de\/referenzen\/zeche-zollverein-essen\/\",\"url\":\"https:\/\/hetzelsponheuer.de\/de\/referenzen\/zeche-zollverein-essen\/\",\"name\":\"Bauen im Bestand \u00b7 Denkmalschutz \u00b7 Zeche Zollverein \u00b7 Essen\",\"isPartOf\":{\"@id\":\"https:\/\/hetzelsponheuer.de\/de\/#website\"},\"primaryImageOfPage\":{\"@id\":\"https:\/\/hetzelsponheuer.de\/de\/referenzen\/zeche-zollverein-essen\/#primaryimage\"},\"image\":{\"@id\":\"https:\/\/hetzelsponheuer.de\/de\/referenzen\/zeche-zollverein-essen\/#primaryimage\"},\"thumbnailUrl\":\"https:\/\/hetzelsponheuer.de\/de\/wp-content\/uploads\/sites\/2\/2022\/07\/langer-jammer-sm.jpg\",\"datePublished\":\"2019-09-04T09:32:21+00:00\",\"dateModified\":\"2022-02-01T11:10:07+00:00\",\"description\":\"Das heutige UNESCO Weltkulturerbe 'Zeche Zollverein' ist ein gutes Beispiel f\u00fcr die Umnutzung (Bauen im Bestand) eines Industriedenkmals.\",\"breadcrumb\":{\"@id\":\"https:\/\/hetzelsponheuer.de\/de\/referenzen\/zeche-zollverein-essen\/#breadcrumb\"},\"inLanguage\":\"de\",\"potentialAction\":[{\"@type\":\"ReadAction\",\"target\":[\"https:\/\/hetzelsponheuer.de\/de\/referenzen\/zeche-zollverein-essen\/\"]}]},{\"@type\":\"ImageObject\",\"inLanguage\":\"de\",\"@id\":\"https:\/\/hetzelsponheuer.de\/de\/referenzen\/zeche-zollverein-essen\/#primaryimage\",\"url\":\"https:\/\/hetzelsponheuer.de\/de\/wp-content\/uploads\/sites\/2\/2022\/07\/langer-jammer-sm.jpg\",\"contentUrl\":\"https:\/\/hetzelsponheuer.de\/de\/wp-content\/uploads\/sites\/2\/2022\/07\/langer-jammer-sm.jpg\",\"width\":240,\"height\":240,\"caption\":\"Langer Jammer Hamburg\"},{\"@type\":\"BreadcrumbList\",\"@id\":\"https:\/\/hetzelsponheuer.de\/de\/referenzen\/zeche-zollverein-essen\/#breadcrumb\",\"itemListElement\":[{\"@type\":\"ListItem\",\"position\":1,\"name\":\"Startseite\",\"item\":\"https:\/\/hetzelsponheuer.de\/de\/\"},{\"@type\":\"ListItem\",\"position\":2,\"name\":\"Referenzen\",\"item\":\"https:\/\/hetzelsponheuer.de\/de\/referenzen\/\"},{\"@type\":\"ListItem\",\"position\":3,\"name\":\"Zeche Zollverein\"}]},{\"@type\":\"WebSite\",\"@id\":\"https:\/\/hetzelsponheuer.de\/de\/#website\",\"url\":\"https:\/\/hetzelsponheuer.de\/de\/\",\"name\":\"Hetzel+Sponheuer \u00b7 de\",\"description\":\"L\u00f6sungen f\u00fcr Ihr Bauprojekt\",\"publisher\":{\"@id\":\"https:\/\/hetzelsponheuer.de\/de\/#organization\"},\"inLanguage\":\"de\"},{\"@type\":\"Organization\",\"@id\":\"https:\/\/hetzelsponheuer.de\/de\/#organization\",\"name\":\"Hetzel+Sponheuer GmbH & Co. KG\",\"url\":\"https:\/\/hetzelsponheuer.de\/de\/\",\"logo\":{\"@type\":\"ImageObject\",\"inLanguage\":\"de\",\"@id\":\"https:\/\/hetzelsponheuer.de\/de\/#\/schema\/logo\/image\/\",\"url\":\"https:\/\/hetzelsponheuer.de\/en\/wp-content\/uploads\/sites\/2\/2020\/02\/logo_hetzelsponheuer.png\",\"contentUrl\":\"https:\/\/hetzelsponheuer.de\/en\/wp-content\/uploads\/sites\/2\/2020\/02\/logo_hetzelsponheuer.png\",\"width\":360,\"height\":24,\"caption\":\"Hetzel+Sponheuer GmbH & Co. KG\"},\"image\":{\"@id\":\"https:\/\/hetzelsponheuer.de\/de\/#\/schema\/logo\/image\/\"},\"sameAs\":[\"https:\/\/www.linkedin.com\/company\/hetzel-sponheuer-gmbh-&amp;-co.-kg\"]}]}<\/script>\n<!-- \/ Yoast SEO plugin. -->","yoast_head_json":{"title":"Bauen im Bestand \u00b7 Denkmalschutz \u00b7 Zeche Zollverein \u00b7 Essen","description":"Das heutige UNESCO Weltkulturerbe 'Zeche Zollverein' ist ein gutes Beispiel f\u00fcr die Umnutzung (Bauen im Bestand) eines Industriedenkmals.","robots":{"index":"index","follow":"follow","max-snippet":"max-snippet:-1","max-image-preview":"max-image-preview:large","max-video-preview":"max-video-preview:-1"},"canonical":"https:\/\/hetzelsponheuer.de\/de\/referenzen\/zeche-zollverein-essen\/","og_locale":"de_DE","og_type":"article","og_title":"Bauen im Bestand \u00b7 Denkmalschutz \u00b7 Zeche Zollverein \u00b7 Essen","og_description":"Das heutige UNESCO Weltkulturerbe 'Zeche Zollverein' ist ein gutes Beispiel f\u00fcr die Umnutzung (Bauen im Bestand) eines Industriedenkmals.","og_url":"https:\/\/hetzelsponheuer.de\/de\/referenzen\/zeche-zollverein-essen\/","og_site_name":"Hetzel+Sponheuer \u00b7 de","article_modified_time":"2022-02-01T11:10:07+00:00","og_image":[{"width":600,"height":600,"url":"https:\/\/hetzelsponheuer.de\/de\/wp-content\/uploads\/sites\/2\/2019\/09\/placeholder.jpg","type":"image\/jpeg"}],"twitter_card":"summary_large_image","twitter_misc":{"Gesch\u00e4tzte Lesezeit":"4\u00a0Minuten"},"schema":{"@context":"https:\/\/schema.org","@graph":[{"@type":"WebPage","@id":"https:\/\/hetzelsponheuer.de\/de\/referenzen\/zeche-zollverein-essen\/","url":"https:\/\/hetzelsponheuer.de\/de\/referenzen\/zeche-zollverein-essen\/","name":"Bauen im Bestand \u00b7 Denkmalschutz \u00b7 Zeche Zollverein \u00b7 Essen","isPartOf":{"@id":"https:\/\/hetzelsponheuer.de\/de\/#website"},"primaryImageOfPage":{"@id":"https:\/\/hetzelsponheuer.de\/de\/referenzen\/zeche-zollverein-essen\/#primaryimage"},"image":{"@id":"https:\/\/hetzelsponheuer.de\/de\/referenzen\/zeche-zollverein-essen\/#primaryimage"},"thumbnailUrl":"https:\/\/hetzelsponheuer.de\/de\/wp-content\/uploads\/sites\/2\/2022\/07\/langer-jammer-sm.jpg","datePublished":"2019-09-04T09:32:21+00:00","dateModified":"2022-02-01T11:10:07+00:00","description":"Das heutige UNESCO Weltkulturerbe 'Zeche Zollverein' ist ein gutes Beispiel f\u00fcr die Umnutzung (Bauen im Bestand) eines Industriedenkmals.","breadcrumb":{"@id":"https:\/\/hetzelsponheuer.de\/de\/referenzen\/zeche-zollverein-essen\/#breadcrumb"},"inLanguage":"de","potentialAction":[{"@type":"ReadAction","target":["https:\/\/hetzelsponheuer.de\/de\/referenzen\/zeche-zollverein-essen\/"]}]},{"@type":"ImageObject","inLanguage":"de","@id":"https:\/\/hetzelsponheuer.de\/de\/referenzen\/zeche-zollverein-essen\/#primaryimage","url":"https:\/\/hetzelsponheuer.de\/de\/wp-content\/uploads\/sites\/2\/2022\/07\/langer-jammer-sm.jpg","contentUrl":"https:\/\/hetzelsponheuer.de\/de\/wp-content\/uploads\/sites\/2\/2022\/07\/langer-jammer-sm.jpg","width":240,"height":240,"caption":"Langer Jammer Hamburg"},{"@type":"BreadcrumbList","@id":"https:\/\/hetzelsponheuer.de\/de\/referenzen\/zeche-zollverein-essen\/#breadcrumb","itemListElement":[{"@type":"ListItem","position":1,"name":"Startseite","item":"https:\/\/hetzelsponheuer.de\/de\/"},{"@type":"ListItem","position":2,"name":"Referenzen","item":"https:\/\/hetzelsponheuer.de\/de\/referenzen\/"},{"@type":"ListItem","position":3,"name":"Zeche Zollverein"}]},{"@type":"WebSite","@id":"https:\/\/hetzelsponheuer.de\/de\/#website","url":"https:\/\/hetzelsponheuer.de\/de\/","name":"Hetzel+Sponheuer \u00b7 de","description":"L\u00f6sungen f\u00fcr Ihr Bauprojekt","publisher":{"@id":"https:\/\/hetzelsponheuer.de\/de\/#organization"},"inLanguage":"de"},{"@type":"Organization","@id":"https:\/\/hetzelsponheuer.de\/de\/#organization","name":"Hetzel+Sponheuer GmbH & Co. KG","url":"https:\/\/hetzelsponheuer.de\/de\/","logo":{"@type":"ImageObject","inLanguage":"de","@id":"https:\/\/hetzelsponheuer.de\/de\/#\/schema\/logo\/image\/","url":"https:\/\/hetzelsponheuer.de\/en\/wp-content\/uploads\/sites\/2\/2020\/02\/logo_hetzelsponheuer.png","contentUrl":"https:\/\/hetzelsponheuer.de\/en\/wp-content\/uploads\/sites\/2\/2020\/02\/logo_hetzelsponheuer.png","width":360,"height":24,"caption":"Hetzel+Sponheuer GmbH & Co. KG"},"image":{"@id":"https:\/\/hetzelsponheuer.de\/de\/#\/schema\/logo\/image\/"},"sameAs":["https:\/\/www.linkedin.com\/company\/hetzel-sponheuer-gmbh-&amp;-co.-kg"]}]}},"_links":{"self":[{"href":"https:\/\/hetzelsponheuer.de\/de\/wp-json\/wp\/v2\/pages\/2753"}],"collection":[{"href":"https:\/\/hetzelsponheuer.de\/de\/wp-json\/wp\/v2\/pages"}],"about":[{"href":"https:\/\/hetzelsponheuer.de\/de\/wp-json\/wp\/v2\/types\/page"}],"author":[{"embeddable":true,"href":"https:\/\/hetzelsponheuer.de\/de\/wp-json\/wp\/v2\/users\/1"}],"replies":[{"embeddable":true,"href":"https:\/\/hetzelsponheuer.de\/de\/wp-json\/wp\/v2\/comments?post=2753"}],"version-history":[{"count":2,"href":"https:\/\/hetzelsponheuer.de\/de\/wp-json\/wp\/v2\/pages\/2753\/revisions"}],"predecessor-version":[{"id":5836,"href":"https:\/\/hetzelsponheuer.de\/de\/wp-json\/wp\/v2\/pages\/2753\/revisions\/5836"}],"up":[{"embeddable":true,"href":"https:\/\/hetzelsponheuer.de\/de\/wp-json\/wp\/v2\/pages\/63"}],"wp:featuredmedia":[{"embeddable":true,"href":"https:\/\/hetzelsponheuer.de\/de\/wp-json\/wp\/v2\/media\/2758"}],"wp:attachment":[{"href":"https:\/\/hetzelsponheuer.de\/de\/wp-json\/wp\/v2\/media?parent=2753"}],"curies":[{"name":"wp","href":"https:\/\/api.w.org\/{rel}","templated":true}]}}