{"id":2755,"date":"2019-09-04T11:39:02","date_gmt":"2019-09-04T09:39:02","guid":{"rendered":"http:\/\/hetzelsponheuer.de\/de\/?page_id=2755"},"modified":"2024-02-19T10:23:35","modified_gmt":"2024-02-19T09:23:35","slug":"alte-synagoge-essen","status":"publish","type":"page","link":"https:\/\/hetzelsponheuer.de\/de\/referenzen\/alte-synagoge-essen\/","title":{"rendered":"Alte Synagoge Essen"},"content":{"rendered":"<div class=\"banner row x-4 md-3-6-3 sm-0-12-0 wp-block-lazyblock-inner-block lazyblock-inner-block-ZcYv3w\">\n<div class=\"col wp-block-lazyblock-inner-block lazyblock-inner-block-12kaLr\">\n<div class=\"bg grey img wp-block-lazyblock-inner-block lazyblock-inner-block-CotDs\">\n\n<figure class=\"wp-block-image\"><img decoding=\"async\" loading=\"lazy\" width=\"393\" height=\"507\" src=\"https:\/\/hetzelsponheuer.de\/de\/wp-content\/uploads\/sites\/2\/2019\/09\/alte_synagoge_0872_aus.jpg\" alt=\"Alte Synagoge \u00b7 Umbau Ausbau Innen\" class=\"wp-image-3427\" srcset=\"https:\/\/hetzelsponheuer.de\/de\/wp-content\/uploads\/sites\/2\/2019\/09\/alte_synagoge_0872_aus.jpg 393w, https:\/\/hetzelsponheuer.de\/de\/wp-content\/uploads\/sites\/2\/2019\/09\/alte_synagoge_0872_aus-233x300.jpg 233w\" sizes=\"(max-width: 393px) 100vw, 393px\" \/><\/figure>\n\n<\/div>\n<\/div>\n\n<div class=\"col wp-block-lazyblock-inner-block lazyblock-inner-block-2n8fnR\">\n<div class=\"bg grey img wp-block-lazyblock-inner-block lazyblock-inner-block-YVGHv\">\n\n<figure class=\"wp-block-image\"><img decoding=\"async\" loading=\"lazy\" width=\"754\" height=\"925\" src=\"https:\/\/hetzelsponheuer.de\/de\/wp-content\/uploads\/sites\/2\/2019\/09\/alte_synagoge_0872_left.jpg\" alt=\"Alte Synagoge \u00b7 Umbau\" class=\"wp-image-3285\" srcset=\"https:\/\/hetzelsponheuer.de\/de\/wp-content\/uploads\/sites\/2\/2019\/09\/alte_synagoge_0872_left.jpg 754w, https:\/\/hetzelsponheuer.de\/de\/wp-content\/uploads\/sites\/2\/2019\/09\/alte_synagoge_0872_left-245x300.jpg 245w\" sizes=\"(max-width: 754px) 100vw, 754px\" \/><\/figure>\n\n<\/div>\n<\/div>\n\n<div class=\"col wp-block-lazyblock-inner-block lazyblock-inner-block-ZzEKoW\">\n<div class=\"bg grey img wp-block-lazyblock-inner-block lazyblock-inner-block-19fdfS\">\n\n<figure class=\"wp-block-image\"><img decoding=\"async\" loading=\"lazy\" width=\"393\" height=\"925\" src=\"https:\/\/hetzelsponheuer.de\/de\/wp-content\/uploads\/sites\/2\/2019\/09\/alte_synagoge_0872_right.jpg\" alt=\"Alte Synagoge \u00b7 Bauen im Bestand\" class=\"wp-image-3286\" srcset=\"https:\/\/hetzelsponheuer.de\/de\/wp-content\/uploads\/sites\/2\/2019\/09\/alte_synagoge_0872_right.jpg 393w, https:\/\/hetzelsponheuer.de\/de\/wp-content\/uploads\/sites\/2\/2019\/09\/alte_synagoge_0872_right-127x300.jpg 127w\" sizes=\"(max-width: 393px) 100vw, 393px\" \/><\/figure>\n\n<\/div>\n<\/div>\n<\/div>\n\n<div class=\"row x-24 md-3-9 sm-0-12 wp-block-lazyblock-inner-block lazyblock-inner-block-lQR8V\">\n<div class=\"col wp-block-lazyblock-inner-block lazyblock-inner-block-ZpIPDV\">\n<div class=\"wp-block-lazyblock-inner-block lazyblock-inner-block-1p10DS\">\n\n<p>  <\/p>\n\n<\/div>\n<\/div>\n\n<div class=\"col wp-block-lazyblock-inner-block lazyblock-inner-block-25FJEh\">\n<div class=\"head wp-block-lazyblock-inner-block lazyblock-inner-block-ZaeBWG\">\n\n<p class=\"topline\">Umbau Akustikputz und Farbkonzeption<\/p>\n\n\n\n<h2 class=\"wp-block-heading h1\">Alte synagoge Essen<\/h2>\n\n<\/div>\n<\/div>\n<\/div>\n\n<div class=\"row x-24 md-3-6-3 sm-12-12-12 wp-block-lazyblock-inner-block lazyblock-inner-block-Zx0o0D\">\n<div class=\"col wp-block-lazyblock-inner-block lazyblock-inner-block-8xlu5\">\n<div class=\"wp-block-lazyblock-inner-block lazyblock-inner-block-VKkHG\">\n\n<p class=\"md-right pl-24\"><\/p>\n\n<\/div>\n<\/div>\n\n<div class=\"col wp-block-lazyblock-inner-block lazyblock-inner-block-28LNx7\">\n<div class=\"wp-block-lazyblock-inner-block lazyblock-inner-block-Z1ftEQl\">\n\n<p class=\"grey\"><strong>Die 1913 erbaute Synagoge in Essen z\u00e4hlte einst zu den gr\u00f6\u00dften und bedeu\u00adtendsten j\u00fcdischen Bau\u00adwerken und ist heute noch der einzige frei\u00adstehende Synagogen\u00adbau in Deutschland. Nach umfang\u00adreichen, zwei Jahre dauernden Umbau\u00adarbeiten beherbergt sie jetzt das &#8220;Haus der j\u00fcdischen Kultur&#8221;. Dabei wurde auch das &#8220;Innenleben&#8221; der Synagoge ver\u00e4ndert, so dass sie Gr\u00f6\u00dfe, Weite und Harmonie aus\u00adstrahlen kann.<\/strong><\/p>\n\n\n\n<div style=\"height:24px\" aria-hidden=\"true\" class=\"wp-block-spacer\"><\/div>\n\n\n\n<h3 class=\"wp-block-heading h4\">Herausforderung<\/h3>\n\n\n\n<p>Dreh- und Angelpunkt des Projekts war der gro\u00dfe Hauptraum mit einer 25m hohen Kuppel, der durch seine Versch\u00f6nerung zwar nicht von der Vergangenheit befreit werden kann, sich jedoch Zukunft und dem Menschen hin \u00f6ffnet. Diese Philosophie sollte sich auch in der Wahl des Farbkonzeptes widerspiegeln. Zudem stellte die Beschichtung der Kuppel mit einem Akustikputz besonders hohe Anforderungen an die Bautechnik und Baustellenlogistik.<\/p>\n\n\n\n<h3 class=\"wp-block-heading h4\">L\u00f6sung<\/h3>\n\n\n\n<p>Der Umbau eines Gotteshauses ist eine besondere Bauaufgabe. Schon der Raum, in dem die handwerkliche Umsetzung erfolgt, verlangt Respekt. Dementsprechend sensibel sind unsere Handwerker und Mitarbeiter an das Projekt herangegangen. Bereits das Farbkonzept wurde von uns so entwickelt, dass es zu der historischen Aussage des Geb\u00e4udes passt. Der klare, wohlproportionierte Hauptraum gewann durch die sanfte Orange-T\u00f6nung eine positive Ausstrahlung. Die Kuppel selbst erhielt eine hellblaue T\u00f6nung und ist so fern und entr\u00fcckt wie der Himmel. F\u00fcr eine qualifizierte Vorbereitung des Untergrunds und eine darauf abgestimmte Materialisierung haben wir mit vielen Lieferanten gesprochen, um das geeignete Produkt zu finden \u2013&nbsp;immer unter Ber\u00fccksichtigung von Farbton und Oberfl\u00e4che.<\/p>\n\n\n<div class=\"grid x24 md-col-6-6-row-1 wp-block-lazyblock-inner-block lazyblock-inner-block-Z1vG8ii\">\n<div class=\"bg grey img wp-block-lazyblock-inner-block lazyblock-inner-block-Z24zTwf\">\n\n<figure class=\"wp-block-image fb\"><a class=\"gallery\" href=\"https:\/\/hetzelsponheuer.de\/de\/wp-content\/uploads\/sites\/2\/2019\/11\/synagoge_0518.jpg\" rel=\"gallery-1\"><img decoding=\"async\" loading=\"lazy\" width=\"600\" height=\"500\" src=\"https:\/\/hetzelsponheuer.de\/de\/wp-content\/uploads\/sites\/2\/2019\/11\/synagoge_0518.jpg\" alt=\"Alte Synagoge \u00b7 Farbkonzept Gew\u00f6lbe\" class=\"wp-image-4495\" srcset=\"https:\/\/hetzelsponheuer.de\/de\/wp-content\/uploads\/sites\/2\/2019\/11\/synagoge_0518.jpg 600w, https:\/\/hetzelsponheuer.de\/de\/wp-content\/uploads\/sites\/2\/2019\/11\/synagoge_0518-400x333.jpg 400w\" sizes=\"(max-width: 600px) 100vw, 600px\" \/><\/a><\/figure>\n\n\n\n<p class=\"figcaption\">Tonnengew\u00f6lbe<\/p>\n\n<\/div>\n\n<div class=\"bg grey img wp-block-lazyblock-inner-block lazyblock-inner-block-Z2e9SME\">\n\n<figure class=\"wp-block-image fb\"><a class=\"gallery\" href=\"https:\/\/hetzelsponheuer.de\/de\/wp-content\/uploads\/sites\/2\/2019\/11\/synagoge_0529.jpg\" rel=\"gallery-1\"><img decoding=\"async\" loading=\"lazy\" width=\"600\" height=\"500\" src=\"https:\/\/hetzelsponheuer.de\/de\/wp-content\/uploads\/sites\/2\/2019\/11\/synagoge_0529.jpg\" alt=\"Alte Synagoge \u00b7 Foyer\" class=\"wp-image-4496\" srcset=\"https:\/\/hetzelsponheuer.de\/de\/wp-content\/uploads\/sites\/2\/2019\/11\/synagoge_0529.jpg 600w, https:\/\/hetzelsponheuer.de\/de\/wp-content\/uploads\/sites\/2\/2019\/11\/synagoge_0529-400x333.jpg 400w\" sizes=\"(max-width: 600px) 100vw, 600px\" \/><\/a><\/figure>\n\n\n\n<p class=\"figcaption\">Foyer<\/p>\n\n<\/div>\n\n<div class=\"bg grey img wp-block-lazyblock-inner-block lazyblock-inner-block-Z1bDnON\">\n\n<figure class=\"wp-block-image fb\"><a class=\"gallery\" href=\"https:\/\/hetzelsponheuer.de\/de\/wp-content\/uploads\/sites\/2\/2019\/11\/synagoge_0872.jpg\" rel=\"gallery-1\"><img decoding=\"async\" loading=\"lazy\" width=\"600\" height=\"500\" src=\"https:\/\/hetzelsponheuer.de\/en\/wp-content\/uploads\/sites\/2\/2019\/11\/synagoge_0872.jpg\" alt=\"\" class=\"wp-image-4497\" srcset=\"https:\/\/hetzelsponheuer.de\/de\/wp-content\/uploads\/sites\/2\/2019\/11\/synagoge_0872.jpg 600w, https:\/\/hetzelsponheuer.de\/de\/wp-content\/uploads\/sites\/2\/2019\/11\/synagoge_0872-400x333.jpg 400w\" sizes=\"(max-width: 600px) 100vw, 600px\" \/><\/a><\/figure>\n\n\n\n<p class=\"figcaption\">Au\u00dfenansicht<\/p>\n\n<\/div>\n\n<div class=\"bg grey img wp-block-lazyblock-inner-block lazyblock-inner-block-Z2a7Q6d\">\n\n<figure class=\"wp-block-image fb\"><a class=\"gallery\" href=\"https:\/\/hetzelsponheuer.de\/de\/wp-content\/uploads\/sites\/2\/2019\/11\/synagoge_0501.jpg\" rel=\"gallery-1\"><img decoding=\"async\" loading=\"lazy\" width=\"600\" height=\"500\" src=\"https:\/\/hetzelsponheuer.de\/en\/wp-content\/uploads\/sites\/2\/2019\/11\/synagoge_0501.jpg\" alt=\"Alte Synagoge \u00b7 Farbgestaltung Akustikputz Kuppel\" class=\"wp-image-4504\" srcset=\"https:\/\/hetzelsponheuer.de\/de\/wp-content\/uploads\/sites\/2\/2019\/11\/synagoge_0501.jpg 600w, https:\/\/hetzelsponheuer.de\/de\/wp-content\/uploads\/sites\/2\/2019\/11\/synagoge_0501-400x333.jpg 400w\" sizes=\"(max-width: 600px) 100vw, 600px\" \/><\/a><\/figure>\n\n\n\n<p class=\"figcaption\">Kuppel<\/p>\n\n<\/div>\n<\/div>\n\n\n<p>Im Vergleich zu \u00fcblichen Bauaufgaben werden Arbeiten an historischer Bausubstanz h\u00e4ufig unter besonderen logistischen und r\u00e4umlichen Bedingungen ausgef\u00fchrt. Auch bei der Alten Synagoge war dies der Fall. Technisch mussten die Arbeiten unter den besonderen Anforderungen an die Raumakustik ausgef\u00fchrt werden. Der vorhandene Akustikputz durfte in seiner Funktion die nachfolgende Beschichtung und Farbgestaltung nicht beeintr\u00e4chtigen.&nbsp;<\/p>\n\n\n\n<p>Nach der Fertigstellung ist dieses Haus gebaute Verst\u00e4ndigung, die wir gemeinsam mit unseren Partnern bereits w\u00e4hrend der Umbauphase umsetzen konnten. Mit einem qualifiziertem Team, das sensibel und verst\u00e4ndnisvoll auf die au\u00dfergew\u00f6hnlichen Bedingungen eingeht.<\/p>\n\n\n\n<div style=\"height:64px\" aria-hidden=\"true\" class=\"wp-block-spacer\"><\/div>\n\n<\/div>\n<\/div>\n\n<div class=\"col wp-block-lazyblock-inner-block lazyblock-inner-block-Z2uXWwg\">\n<div class=\"wp-block-lazyblock-inner-block lazyblock-inner-block-Z1IKWt1\">\n<div class=\"menu-main-menu-container\"><ul id=\"menu-main-menu\" class=\"grey\"><li id=\"menu-item-2901\" class=\"menu-item \"><a href=\"https:\/\/hetzelsponheuer.de\/de\/referenzen\/projektseiten\/\">Projektseiten<\/a><\/li>\n<li id=\"menu-item-2769\" class=\"menu-item \"><a href=\"https:\/\/hetzelsponheuer.de\/de\/referenzen\/projektliste\/\">Projektliste<\/a><\/li>\n<\/ul><\/div>\n\n\n\n<h4 class=\"wp-block-heading\">Ihr Ansprechpartner<\/h4>\n\n\n\n<ul class=\"link ajx grey\">\n<li><a data-post-type=\"mitarbeiter\" data-display=\"fancybox\" href=\"https:\/\/hetzelsponheuer.de\/de\/mitarbeiter\/dirk-aschenbeck\">Dirk Aschenbeck<\/a><\/li>\n<\/ul>\n\n\n\n<h4 class=\"wp-block-heading\">L\u00f6sungen<\/h4>\n\n\n\n<ul class=\"fade-link grey\">\n<li><a href=\"https:\/\/hetzelsponheuer.de\/de\/loesungen\/#bauwerterhaltung-denkmalschutz\">Bauwerterhaltung Denkmalschutz<\/a><\/li>\n<\/ul>\n\n\n\n<h4 class=\"wp-block-heading\">Leistungen<\/h4>\n\n\n\n<ul class=\"fade-link grey\">\n<li><a href=\"https:\/\/hetzelsponheuer.de\/de\/leistungen\/#handwerk-und-technik\">Handwerk und Bautechnik<\/a><\/li>\n<\/ul>\n\n\n\n<ul>\n<li>Farbkonzept&nbsp;(Umsetzung)<\/li>\n\n\n\n<li>Akustikputz<\/li>\n\n\n\n<li>Bauwerterhaltung<\/li>\n\n\n\n<li>Malerarbeiten<\/li>\n\n\n\n<li>Spachteltechniken<\/li>\n\n\n\n<li>Farbapplikationen<\/li>\n<\/ul>\n\n\n\n<h4 class=\"wp-block-heading\">Fotos<\/h4>\n\n\n\n<ul class=\"fade-link grey\">\n<li>Astrid Theisen<\/li>\n<\/ul>\n\n<\/div>\n<\/div>\n<\/div>\n\n<div class=\"row x-24 md-3-9 sm-0-12 wp-block-lazyblock-inner-block lazyblock-inner-block-2mrwsP\">\n<div class=\"col wp-block-lazyblock-inner-block lazyblock-inner-block-ZuCFTF\">\n<div class=\"wp-block-lazyblock-inner-block lazyblock-inner-block-Z1QKVGh\">\n\n<p>  <\/p>\n\n<\/div>\n<\/div>\n\n<div class=\"col wp-block-lazyblock-inner-block lazyblock-inner-block-Z1dEO6S\">\n<div class=\"wp-block-lazyblock-inner-block lazyblock-inner-block-1GrFqs\">\n\n<p class=\"logo hetzel\">   <\/p>\n\n<\/div>\n\n\n<div style=\"height:56px\" aria-hidden=\"true\" class=\"wp-block-spacer\"><\/div>\n\n<\/div>\n<\/div>","protected":false},"excerpt":{"rendered":"","protected":false},"author":1,"featured_media":2758,"parent":63,"menu_order":9,"comment_status":"closed","ping_status":"closed","template":"page-usecase.php","meta":{"footnotes":""},"yoast_head":"<!-- This site is optimized with the Yoast SEO plugin v22.6 - https:\/\/yoast.com\/wordpress\/plugins\/seo\/ -->\n<title>Innenausbau \u00b7 Alte Synagoge, Essen \u00b7 Hetzel+Sponheuer \u00b7 Essen<\/title>\n<meta name=\"description\" content=\"Umnutzung der &#039;Alten Synagoge&#039; in Essen. Neugestaltung des Innenbereiches durch ein neues Farbkonzept, Akustik Putz, Farbapplikationen ...\" \/>\n<meta name=\"robots\" content=\"index, follow, max-snippet:-1, max-image-preview:large, max-video-preview:-1\" \/>\n<link rel=\"canonical\" href=\"https:\/\/hetzelsponheuer.de\/de\/referenzen\/alte-synagoge-essen\/\" \/>\n<meta property=\"og:locale\" content=\"de_DE\" \/>\n<meta property=\"og:type\" content=\"article\" \/>\n<meta property=\"og:title\" content=\"Innenausbau \u00b7 Alte Synagoge, Essen \u00b7 Hetzel+Sponheuer \u00b7 Essen\" \/>\n<meta property=\"og:description\" content=\"Umnutzung der &#039;Alten Synagoge&#039; in Essen. Neugestaltung des Innenbereiches durch ein neues Farbkonzept, Akustik Putz, Farbapplikationen ...\" \/>\n<meta property=\"og:url\" content=\"https:\/\/hetzelsponheuer.de\/de\/referenzen\/alte-synagoge-essen\/\" \/>\n<meta property=\"og:site_name\" content=\"Hetzel+Sponheuer \u00b7 de\" \/>\n<meta property=\"article:modified_time\" content=\"2024-02-19T09:23:35+00:00\" \/>\n<meta property=\"og:image\" content=\"https:\/\/hetzelsponheuer.de\/de\/wp-content\/uploads\/sites\/2\/2022\/07\/langer-jammer-sm.jpg\" \/>\n\t<meta property=\"og:image:width\" content=\"240\" \/>\n\t<meta property=\"og:image:height\" content=\"240\" \/>\n\t<meta property=\"og:image:type\" content=\"image\/jpeg\" \/>\n<meta name=\"twitter:card\" content=\"summary_large_image\" \/>\n<meta name=\"twitter:label1\" content=\"Gesch\u00e4tzte Lesezeit\" \/>\n\t<meta name=\"twitter:data1\" content=\"2\u00a0Minuten\" \/>\n<script type=\"application\/ld+json\" class=\"yoast-schema-graph\">{\"@context\":\"https:\/\/schema.org\",\"@graph\":[{\"@type\":\"WebPage\",\"@id\":\"https:\/\/hetzelsponheuer.de\/de\/referenzen\/alte-synagoge-essen\/\",\"url\":\"https:\/\/hetzelsponheuer.de\/de\/referenzen\/alte-synagoge-essen\/\",\"name\":\"Innenausbau \u00b7 Alte Synagoge, Essen \u00b7 Hetzel+Sponheuer \u00b7 Essen\",\"isPartOf\":{\"@id\":\"https:\/\/hetzelsponheuer.de\/de\/#website\"},\"primaryImageOfPage\":{\"@id\":\"https:\/\/hetzelsponheuer.de\/de\/referenzen\/alte-synagoge-essen\/#primaryimage\"},\"image\":{\"@id\":\"https:\/\/hetzelsponheuer.de\/de\/referenzen\/alte-synagoge-essen\/#primaryimage\"},\"thumbnailUrl\":\"https:\/\/hetzelsponheuer.de\/de\/wp-content\/uploads\/sites\/2\/2022\/07\/langer-jammer-sm.jpg\",\"datePublished\":\"2019-09-04T09:39:02+00:00\",\"dateModified\":\"2024-02-19T09:23:35+00:00\",\"description\":\"Umnutzung der 'Alten Synagoge' in Essen. Neugestaltung des Innenbereiches durch ein neues Farbkonzept, Akustik Putz, Farbapplikationen ...\",\"breadcrumb\":{\"@id\":\"https:\/\/hetzelsponheuer.de\/de\/referenzen\/alte-synagoge-essen\/#breadcrumb\"},\"inLanguage\":\"de\",\"potentialAction\":[{\"@type\":\"ReadAction\",\"target\":[\"https:\/\/hetzelsponheuer.de\/de\/referenzen\/alte-synagoge-essen\/\"]}]},{\"@type\":\"ImageObject\",\"inLanguage\":\"de\",\"@id\":\"https:\/\/hetzelsponheuer.de\/de\/referenzen\/alte-synagoge-essen\/#primaryimage\",\"url\":\"https:\/\/hetzelsponheuer.de\/de\/wp-content\/uploads\/sites\/2\/2022\/07\/langer-jammer-sm.jpg\",\"contentUrl\":\"https:\/\/hetzelsponheuer.de\/de\/wp-content\/uploads\/sites\/2\/2022\/07\/langer-jammer-sm.jpg\",\"width\":240,\"height\":240,\"caption\":\"Langer Jammer Hamburg\"},{\"@type\":\"BreadcrumbList\",\"@id\":\"https:\/\/hetzelsponheuer.de\/de\/referenzen\/alte-synagoge-essen\/#breadcrumb\",\"itemListElement\":[{\"@type\":\"ListItem\",\"position\":1,\"name\":\"Startseite\",\"item\":\"https:\/\/hetzelsponheuer.de\/de\/\"},{\"@type\":\"ListItem\",\"position\":2,\"name\":\"Referenzen\",\"item\":\"https:\/\/hetzelsponheuer.de\/de\/referenzen\/\"},{\"@type\":\"ListItem\",\"position\":3,\"name\":\"Alte Synagoge Essen\"}]},{\"@type\":\"WebSite\",\"@id\":\"https:\/\/hetzelsponheuer.de\/de\/#website\",\"url\":\"https:\/\/hetzelsponheuer.de\/de\/\",\"name\":\"Hetzel+Sponheuer \u00b7 de\",\"description\":\"L\u00f6sungen f\u00fcr Ihr Bauprojekt\",\"publisher\":{\"@id\":\"https:\/\/hetzelsponheuer.de\/de\/#organization\"},\"inLanguage\":\"de\"},{\"@type\":\"Organization\",\"@id\":\"https:\/\/hetzelsponheuer.de\/de\/#organization\",\"name\":\"Hetzel+Sponheuer GmbH & Co. KG\",\"url\":\"https:\/\/hetzelsponheuer.de\/de\/\",\"logo\":{\"@type\":\"ImageObject\",\"inLanguage\":\"de\",\"@id\":\"https:\/\/hetzelsponheuer.de\/de\/#\/schema\/logo\/image\/\",\"url\":\"https:\/\/hetzelsponheuer.de\/en\/wp-content\/uploads\/sites\/2\/2020\/02\/logo_hetzelsponheuer.png\",\"contentUrl\":\"https:\/\/hetzelsponheuer.de\/en\/wp-content\/uploads\/sites\/2\/2020\/02\/logo_hetzelsponheuer.png\",\"width\":360,\"height\":24,\"caption\":\"Hetzel+Sponheuer GmbH & Co. KG\"},\"image\":{\"@id\":\"https:\/\/hetzelsponheuer.de\/de\/#\/schema\/logo\/image\/\"},\"sameAs\":[\"https:\/\/www.linkedin.com\/company\/hetzel-sponheuer-gmbh-&amp;-co.-kg\"]}]}<\/script>\n<!-- \/ Yoast SEO plugin. -->","yoast_head_json":{"title":"Innenausbau \u00b7 Alte Synagoge, Essen \u00b7 Hetzel+Sponheuer \u00b7 Essen","description":"Umnutzung der 'Alten Synagoge' in Essen. Neugestaltung des Innenbereiches durch ein neues Farbkonzept, Akustik Putz, Farbapplikationen ...","robots":{"index":"index","follow":"follow","max-snippet":"max-snippet:-1","max-image-preview":"max-image-preview:large","max-video-preview":"max-video-preview:-1"},"canonical":"https:\/\/hetzelsponheuer.de\/de\/referenzen\/alte-synagoge-essen\/","og_locale":"de_DE","og_type":"article","og_title":"Innenausbau \u00b7 Alte Synagoge, Essen \u00b7 Hetzel+Sponheuer \u00b7 Essen","og_description":"Umnutzung der 'Alten Synagoge' in Essen. Neugestaltung des Innenbereiches durch ein neues Farbkonzept, Akustik Putz, Farbapplikationen ...","og_url":"https:\/\/hetzelsponheuer.de\/de\/referenzen\/alte-synagoge-essen\/","og_site_name":"Hetzel+Sponheuer \u00b7 de","article_modified_time":"2024-02-19T09:23:35+00:00","og_image":[{"width":240,"height":240,"url":"https:\/\/hetzelsponheuer.de\/de\/wp-content\/uploads\/sites\/2\/2022\/07\/langer-jammer-sm.jpg","type":"image\/jpeg"}],"twitter_card":"summary_large_image","twitter_misc":{"Gesch\u00e4tzte Lesezeit":"2\u00a0Minuten"},"schema":{"@context":"https:\/\/schema.org","@graph":[{"@type":"WebPage","@id":"https:\/\/hetzelsponheuer.de\/de\/referenzen\/alte-synagoge-essen\/","url":"https:\/\/hetzelsponheuer.de\/de\/referenzen\/alte-synagoge-essen\/","name":"Innenausbau \u00b7 Alte Synagoge, Essen \u00b7 Hetzel+Sponheuer \u00b7 Essen","isPartOf":{"@id":"https:\/\/hetzelsponheuer.de\/de\/#website"},"primaryImageOfPage":{"@id":"https:\/\/hetzelsponheuer.de\/de\/referenzen\/alte-synagoge-essen\/#primaryimage"},"image":{"@id":"https:\/\/hetzelsponheuer.de\/de\/referenzen\/alte-synagoge-essen\/#primaryimage"},"thumbnailUrl":"https:\/\/hetzelsponheuer.de\/de\/wp-content\/uploads\/sites\/2\/2022\/07\/langer-jammer-sm.jpg","datePublished":"2019-09-04T09:39:02+00:00","dateModified":"2024-02-19T09:23:35+00:00","description":"Umnutzung der 'Alten Synagoge' in Essen. Neugestaltung des Innenbereiches durch ein neues Farbkonzept, Akustik Putz, Farbapplikationen ...","breadcrumb":{"@id":"https:\/\/hetzelsponheuer.de\/de\/referenzen\/alte-synagoge-essen\/#breadcrumb"},"inLanguage":"de","potentialAction":[{"@type":"ReadAction","target":["https:\/\/hetzelsponheuer.de\/de\/referenzen\/alte-synagoge-essen\/"]}]},{"@type":"ImageObject","inLanguage":"de","@id":"https:\/\/hetzelsponheuer.de\/de\/referenzen\/alte-synagoge-essen\/#primaryimage","url":"https:\/\/hetzelsponheuer.de\/de\/wp-content\/uploads\/sites\/2\/2022\/07\/langer-jammer-sm.jpg","contentUrl":"https:\/\/hetzelsponheuer.de\/de\/wp-content\/uploads\/sites\/2\/2022\/07\/langer-jammer-sm.jpg","width":240,"height":240,"caption":"Langer Jammer Hamburg"},{"@type":"BreadcrumbList","@id":"https:\/\/hetzelsponheuer.de\/de\/referenzen\/alte-synagoge-essen\/#breadcrumb","itemListElement":[{"@type":"ListItem","position":1,"name":"Startseite","item":"https:\/\/hetzelsponheuer.de\/de\/"},{"@type":"ListItem","position":2,"name":"Referenzen","item":"https:\/\/hetzelsponheuer.de\/de\/referenzen\/"},{"@type":"ListItem","position":3,"name":"Alte Synagoge Essen"}]},{"@type":"WebSite","@id":"https:\/\/hetzelsponheuer.de\/de\/#website","url":"https:\/\/hetzelsponheuer.de\/de\/","name":"Hetzel+Sponheuer \u00b7 de","description":"L\u00f6sungen f\u00fcr Ihr Bauprojekt","publisher":{"@id":"https:\/\/hetzelsponheuer.de\/de\/#organization"},"inLanguage":"de"},{"@type":"Organization","@id":"https:\/\/hetzelsponheuer.de\/de\/#organization","name":"Hetzel+Sponheuer GmbH & Co. KG","url":"https:\/\/hetzelsponheuer.de\/de\/","logo":{"@type":"ImageObject","inLanguage":"de","@id":"https:\/\/hetzelsponheuer.de\/de\/#\/schema\/logo\/image\/","url":"https:\/\/hetzelsponheuer.de\/en\/wp-content\/uploads\/sites\/2\/2020\/02\/logo_hetzelsponheuer.png","contentUrl":"https:\/\/hetzelsponheuer.de\/en\/wp-content\/uploads\/sites\/2\/2020\/02\/logo_hetzelsponheuer.png","width":360,"height":24,"caption":"Hetzel+Sponheuer GmbH & Co. KG"},"image":{"@id":"https:\/\/hetzelsponheuer.de\/de\/#\/schema\/logo\/image\/"},"sameAs":["https:\/\/www.linkedin.com\/company\/hetzel-sponheuer-gmbh-&amp;-co.-kg"]}]}},"_links":{"self":[{"href":"https:\/\/hetzelsponheuer.de\/de\/wp-json\/wp\/v2\/pages\/2755"}],"collection":[{"href":"https:\/\/hetzelsponheuer.de\/de\/wp-json\/wp\/v2\/pages"}],"about":[{"href":"https:\/\/hetzelsponheuer.de\/de\/wp-json\/wp\/v2\/types\/page"}],"author":[{"embeddable":true,"href":"https:\/\/hetzelsponheuer.de\/de\/wp-json\/wp\/v2\/users\/1"}],"replies":[{"embeddable":true,"href":"https:\/\/hetzelsponheuer.de\/de\/wp-json\/wp\/v2\/comments?post=2755"}],"version-history":[{"count":3,"href":"https:\/\/hetzelsponheuer.de\/de\/wp-json\/wp\/v2\/pages\/2755\/revisions"}],"predecessor-version":[{"id":6039,"href":"https:\/\/hetzelsponheuer.de\/de\/wp-json\/wp\/v2\/pages\/2755\/revisions\/6039"}],"up":[{"embeddable":true,"href":"https:\/\/hetzelsponheuer.de\/de\/wp-json\/wp\/v2\/pages\/63"}],"wp:featuredmedia":[{"embeddable":true,"href":"https:\/\/hetzelsponheuer.de\/de\/wp-json\/wp\/v2\/media\/2758"}],"wp:attachment":[{"href":"https:\/\/hetzelsponheuer.de\/de\/wp-json\/wp\/v2\/media?parent=2755"}],"curies":[{"name":"wp","href":"https:\/\/api.w.org\/{rel}","templated":true}]}}