{"id":2834,"date":"2019-09-05T14:47:57","date_gmt":"2019-09-05T12:47:57","guid":{"rendered":"http:\/\/hetzelsponheuer.de\/de\/?page_id=2834"},"modified":"2020-09-05T12:23:04","modified_gmt":"2020-09-05T10:23:04","slug":"best-bottrop","status":"publish","type":"page","link":"https:\/\/hetzelsponheuer.de\/de\/referenzen\/best-bottrop\/","title":{"rendered":"Best Bottrop"},"content":{"rendered":"<div class=\"banner row x-4 md-3-6-3 sm-0-12-0 wp-block-lazyblock-inner-block lazyblock-inner-block-1kSrP1\">\n<div class=\"col wp-block-lazyblock-inner-block lazyblock-inner-block-Z1da7Fw\">\n<div class=\"bg grey img wp-block-lazyblock-inner-block lazyblock-inner-block-xltxB\">\n\n<figure class=\"wp-block-image\"><img decoding=\"async\" loading=\"lazy\" width=\"241\" height=\"434\" src=\"https:\/\/hetzelsponheuer.de\/de\/wp-content\/uploads\/sites\/2\/2019\/09\/best_14_aus.jpg\" alt=\"BEST Bottrop \u2014 Fassadengestaltung\" class=\"wp-image-3394\" srcset=\"https:\/\/hetzelsponheuer.de\/de\/wp-content\/uploads\/sites\/2\/2019\/09\/best_14_aus.jpg 241w, https:\/\/hetzelsponheuer.de\/de\/wp-content\/uploads\/sites\/2\/2019\/09\/best_14_aus-167x300.jpg 167w\" sizes=\"(max-width: 241px) 100vw, 241px\" \/><\/figure>\n\n<\/div>\n<\/div>\n\n<div class=\"col wp-block-lazyblock-inner-block lazyblock-inner-block-1gDVMO\">\n<div class=\"bg grey img wp-block-lazyblock-inner-block lazyblock-inner-block-25PnQc\">\n\n<figure class=\"wp-block-image\"><img decoding=\"async\" loading=\"lazy\" width=\"754\" height=\"736\" src=\"https:\/\/hetzelsponheuer.de\/de\/wp-content\/uploads\/sites\/2\/2019\/09\/best_14_left.jpg\" alt=\"Fassadenbau - Deutscher Fassadenpreis\" class=\"wp-image-3294\" srcset=\"https:\/\/hetzelsponheuer.de\/de\/wp-content\/uploads\/sites\/2\/2019\/09\/best_14_left.jpg 754w, https:\/\/hetzelsponheuer.de\/de\/wp-content\/uploads\/sites\/2\/2019\/09\/best_14_left-300x293.jpg 300w\" sizes=\"(max-width: 754px) 100vw, 754px\" \/><\/figure>\n\n<\/div>\n<\/div>\n\n<div class=\"col wp-block-lazyblock-inner-block lazyblock-inner-block-2lGT91\">\n<div class=\"bg grey img wp-block-lazyblock-inner-block lazyblock-inner-block-Z1n79J4\">\n\n<figure class=\"wp-block-image\"><img decoding=\"async\" loading=\"lazy\" width=\"373\" height=\"736\" src=\"https:\/\/hetzelsponheuer.de\/de\/wp-content\/uploads\/sites\/2\/2019\/09\/best_14_right.jpg\" alt=\"Fassadenbau Bottrop\" class=\"wp-image-3295\" srcset=\"https:\/\/hetzelsponheuer.de\/de\/wp-content\/uploads\/sites\/2\/2019\/09\/best_14_right.jpg 373w, https:\/\/hetzelsponheuer.de\/de\/wp-content\/uploads\/sites\/2\/2019\/09\/best_14_right-152x300.jpg 152w\" sizes=\"(max-width: 373px) 100vw, 373px\" \/><\/figure>\n\n<\/div>\n<\/div>\n<\/div>\n\n<div class=\"row x-24 md-3-9 sm-0-12 wp-block-lazyblock-inner-block lazyblock-inner-block-Z1YnPRv\">\n<div class=\"col wp-block-lazyblock-inner-block lazyblock-inner-block-1KyAnM\">\n<div class=\"wp-block-lazyblock-inner-block lazyblock-inner-block-ZQJXop\">\n\n<p>  <\/p>\n\n<\/div>\n<\/div>\n\n<div class=\"col wp-block-lazyblock-inner-block lazyblock-inner-block-1k7Wmw\">\n<div class=\"head wp-block-lazyblock-inner-block lazyblock-inner-block-Z1G5WWD\">\n\n<p class=\"topline\">Deutscher Fassadenpreis 2014<\/p>\n\n\n\n<h2 class=\"h1 wp-block-heading\">Best Bottrop<\/h2>\n\n<\/div>\n<\/div>\n<\/div>\n\n<div class=\"row x-24 md-3-6-3 sm-0-12-12 wp-block-lazyblock-inner-block lazyblock-inner-block-ZVfRHj\">\n<div class=\"col wp-block-lazyblock-inner-block lazyblock-inner-block-UKsF4\">\n<div class=\"wp-block-lazyblock-inner-block lazyblock-inner-block-Z1brndl\">\n\n<p class=\"md-right pl-24\"><\/p>\n\n<\/div>\n<\/div>\n\n<div class=\"col wp-block-lazyblock-inner-block lazyblock-inner-block-Z1rj4eR\">\n<div class=\"wp-block-lazyblock-inner-block lazyblock-inner-block-213Klg\">\n\n<p><strong>Die Planer der Stadt Bottrop aus dem Fachbereich Immobilien\u00adwirt\u00adschaft und die Hetzel Gruppe wur\u00adden beim Deut\u00adschen Fassaden\u00adpreis 2014 mit dem 1. Preis ausge\u00adzeichnet.<\/strong><\/p>\n\n\n\n<div style=\"height:24px\" aria-hidden=\"true\" class=\"wp-block-spacer\"><\/div>\n\n\n\n<p>Der Farbeinsatz an Fassaden soll mehr als dekorativ sein. Im idealen Fall geht er eine enge Ver\u00adbindung mit der Archi\u00adtektur ein, ber\u00fcck\u00adsichtigt die Nutzung des Geb\u00e4udes ebenso wie das Umfeld und ist dabei so perfekt geplant wie ausge\u00adf\u00fchrt. Nach solchen Ge\u00adstal\u00adtungen sucht die Jury des Deut\u00adschen Fassaden\u00adpreises.<\/p>\n\n\n\n<p>Im Wettbewerbs\u00adjahr 2014 wurde sie 20 Mal unter fast 400 Einrei\u00adchungen f\u00fcndig. Die Preis\u00adtr\u00e4ger aus ganz Deutsch\u00adland und \u00d6ster\u00adreich feierten ihren Wett\u00adbewerbs\u00aderfolg am 10. Sep\u00adtember 2014 auf Gut Havich\u00adhorst bei M\u00fcnster. Der renomierte Wett\u00adbewerb wurde zum 23. Mal von Brillux ausgelobt und die Rekord-Prei\u00adsgeld\u00adsumme von insge\u00adsamt 23.255 Euro an die Gewinner \u00fcbergeben. Unter den ausge\u00adzeich\u00adneten Objek\u00adten ist auch das neue Verwaltungs\u00adgeb\u00e4ude der Bottroper Entsor\u00adgung und Stadt\u00adreinigung. Seine Fassaden\u00adgestaltung erhielt den 1. Preis in der Kategorie Industrie- und Gewerb\u00adebauten.&nbsp;<\/p>\n\n\n\n<p>Ein Haus mit guter Au\u00dfen\u00adwirkung ist nicht nur sch\u00f6n, sondern kann beste Werbung sein \u2013 zumal, wenn das Haus ein Unter\u00adnehmen repr\u00e4\u00adsentiert: Das gilt auch f\u00fcr das neu gebaute Verwaltung\u00adsge\u00adb\u00e4ude der Bottroper Entsor\u00adgung und Stadt\u00adrei\u00adnigung (BEST).&nbsp;<\/p>\n\n\n\n<p>BEST ist nach Meinung der Jury auch das richtige Qualit\u00e4t\u00adssiegel f\u00fcr die Ansicht des Neubaus in der Schuber\u00adtstra\u00dfe 18, in den die Verwal\u00adtung des Unter\u00adneh\u00admens ein\u00adge\u00adzogen ist. Die Planer der Stadt Bottrop aus dem Fach\u00adbereich Immo\u00adbilien\u00adwirt\u00adschaft haben das Geb\u00e4ude L-f\u00f6rmig konzi\u00adpiert, im Wesent\u00adlichen mit Riegeln, die inein\u00adander\u00adgescho\u00adben wurden.<\/p>\n\n\n<div class=\"grid x24 md-col-6-6-row-1 wp-block-lazyblock-inner-block lazyblock-inner-block-nD3cT\">\n<div class=\"bg grey img wp-block-lazyblock-inner-block lazyblock-inner-block-5bJbh\">\n\n<figure class=\"wp-block-image size-large is-style-default\"><a class=\"gallery\" href=\"https:\/\/hetzelsponheuer.de\/de\/wp-content\/uploads\/sites\/2\/2019\/11\/best_10.jpg\" rel=\"gallery-1\"><img decoding=\"async\" loading=\"lazy\" width=\"600\" height=\"400\" src=\"https:\/\/hetzelsponheuer.de\/de\/wp-content\/uploads\/sites\/2\/2019\/11\/best_10.jpg\" alt=\"Fassaden Gestaltung \u00b7 Malerarbeiten\" class=\"wp-image-4537\" srcset=\"https:\/\/hetzelsponheuer.de\/de\/wp-content\/uploads\/sites\/2\/2019\/11\/best_10.jpg 600w, https:\/\/hetzelsponheuer.de\/de\/wp-content\/uploads\/sites\/2\/2019\/11\/best_10-400x267.jpg 400w\" sizes=\"(max-width: 600px) 100vw, 600px\" \/><\/a><\/figure>\n\n\n\n<p class=\"figcaption\">Eingang<\/p>\n\n<\/div>\n\n<div class=\"bg grey img wp-block-lazyblock-inner-block lazyblock-inner-block-Z1wPJmy\">\n\n<figure class=\"wp-block-image size-large\"><a class=\"gallery\" href=\"https:\/\/hetzelsponheuer.de\/de\/wp-content\/uploads\/sites\/2\/2019\/11\/best_01.jpg\" rel=\"gallery-1\"><img decoding=\"async\" loading=\"lazy\" width=\"600\" height=\"400\" src=\"https:\/\/hetzelsponheuer.de\/de\/wp-content\/uploads\/sites\/2\/2019\/11\/best_01.jpg\" alt=\"Fassaden Gestaltung \u00b7 Deutscher Fassadenpreis 2014\" class=\"wp-image-4536\" srcset=\"https:\/\/hetzelsponheuer.de\/de\/wp-content\/uploads\/sites\/2\/2019\/11\/best_01.jpg 600w, https:\/\/hetzelsponheuer.de\/de\/wp-content\/uploads\/sites\/2\/2019\/11\/best_01-400x267.jpg 400w\" sizes=\"(max-width: 600px) 100vw, 600px\" \/><\/a><\/figure>\n\n\n\n<p class=\"figcaption\">R\u00fcckansicht<\/p>\n\n<\/div>\n<\/div>\n\n\n<p>Dass der Neubau mit erstaun\u00adlicher Leich\u00adtig\u00adkeit ins Stadt\u00adbild tritt, hat zweierlei Ursachen. Sie wurzeln in der Ausge\u00adstal\u00adtung des Bau\u00adk\u00f6rpers und seiner Fassaden\u00adaus\u00adbildung: Der l\u00e4ngere Geb\u00e4ude\u00adkubus ist teil\u00adweise aufgest\u00e4ndert, schwebt dadurch f\u00f6rmlich, und die Geschossh\u00f6hen der Geb\u00e4udeteile variieren zwischen zwei und drei Stockwerken. Die Sichtfl\u00e4chen wurden in einer ebenso harmo\u00adnischen wie abwechs\u00adlungs\u00adreichen, inten\u00adsiven Farb- und Material\u00adsprache zum Klingen gebracht.<\/p>\n\n\n\n<p>Die Fassaden\u00adspezia\u00adlisten der Hetzel Gruppe beschich\u00adteten den WDVS-ged\u00e4mmten drei\u00adgeschos\u00adsigen Kubus mit lichtem Gr\u00fcn, in das \u2013 b\u00fcndig mit den Linien der Fenste\u00adr\u00f6ff\u00adnungen \u2013 werb\u00adliche Beschrif\u00adtungen in Wei\u00df eingebettet sind. Der kleinere Bau\u00adk\u00f6r\u00adper, verkleidet mit einer hinter\u00adl\u00fcf\u00adteten Fassade aus Faser\u00adzement\u00adplatten in hellem Grau, das sich nochmals am Treppen\u00adhaus des Drei\u00adgeschos\u00adsers wiederholt, balan\u00adciert den Gr\u00fcnton aus. Zum k\u00fchlen Grau und dem neutralen Gr\u00fcn gesellen sich noch warme T\u00f6ne als Akzente hinzu \u2013 in Form vom Braun des L\u00e4rche\u00adnholz-Sonnen\u00adschut\u00adzes am Erd\u00adgeschoss des gro\u00dfen Riegels und verschie\u00addenen Orange\u00adt\u00f6nen, mit denen die Fl\u00e4chen zwischen den Fenstern am kleinen Geb\u00e4ude veredelt wurden.<\/p>\n\n\n\n<p>Die gesamte Farb\u00adgestal\u00adtung im Zusammen\u00adspiel mit der Archi\u00adtektur gibt &#8220;diesem Ensemble einen gro\u00df\u00adartigen Wieder\u00aderken\u00adnungs\u00adwert&#8221;, befand die Jury und ehrte das Objekt und seine beiden Gestalter aus Handwerk und Arch\u00aditektur mit dem 1. Preis in der Kategorie Industrie- und Gewerb\u00adebauten.<\/p>\n\n\n\n<p>Rund vier Milli\u00adonen Euro hat die BEST in das neue, \u00fcbrigens extrem energi\u00adeeffi\u00adziente Geb\u00e4ude investiert. Es beherbergt auch komfor\u00adtable Sozial\u00adr\u00e4ume f\u00fcr die Mitar\u00adbeiter und verbes\u00adsert damit deren Arbeits\u00adbedin\u00adgungen immens. Alle Entwurfs\u00adleist\u00adungen wurden vom Fach\u00adbereich Immobilien\u00adwirt\u00adschaft der Stadt Bottrop (www.bottrop.de) erbracht, die eine eigene Abtei\u00adlung f\u00fcr die Planung und den Bau kom\u00admuna\u00adler Hoch\u00adbauten unterh\u00e4lt.<\/p>\n\n\n\n<p>Einen besonders leistungs\u00adstarken Ausf\u00fch\u00adrungs\u00adpartner hatten die Archi\u00adtekten mit der Hetzel + Sponheuer GmbH &amp; Co. KG. Der mittel\u00adst\u00e4n\u00addische Baudienst\u00adleister zeichnet sich als Anbieter aus, der Komplett\u00adl\u00f6sun\u00adgen durch alle Bau\u00adphasen reali\u00adsiert. Kern\u00adkompe\u00adtenz sind Bau\u00adtechnik und umfassende Handwerks\u00adleistungen f\u00fcr Rohbau, Ausbau, Fassade und Haus\u00adtechnik.<\/p>\n\n\n\n<p class=\"link\">Alle Preistr\u00e4ger des Deutschen Fassaden\u00adpreises 2014 wurden auf&nbsp;<a href=\"http:\/\/www.fassadenpreis.de\/\" target=\"_blank\" rel=\"noreferrer noopener\">www.fassadenpreis.de<\/a>&nbsp;vorgestellt \u2013 mit vielen Fotos und Hintergrund\u00adinfor\u00admatio\u00adnen sowie allen Details zum Wettbewerb.<\/p>\n\n\n\n<div style=\"height:32px\" aria-hidden=\"true\" class=\"wp-block-spacer\"><\/div>\n\n<\/div>\n<\/div>\n\n<div class=\"col wp-block-lazyblock-inner-block lazyblock-inner-block-Z2wrBd9\">\n<div class=\"wp-block-lazyblock-inner-block lazyblock-inner-block-ZiJPc3\">\n<div class=\"menu-main-menu-container\"><ul id=\"menu-main-menu\" class=\"grey\"><li id=\"menu-item-2901\" class=\"menu-item \"><a href=\"https:\/\/hetzelsponheuer.de\/de\/referenzen\/projektseiten\/\">Projektseiten<\/a><\/li>\n<li id=\"menu-item-2769\" class=\"menu-item \"><a href=\"https:\/\/hetzelsponheuer.de\/de\/referenzen\/projektliste\/\">Projektliste<\/a><\/li>\n<\/ul><\/div>\n\n\n\n<h4 class=\"wp-block-heading\">Ihr Ansprechpartner<\/h4>\n\n\n\n<ul class=\"link ajx grey\"><li><a href=\"carsten-haddick\" data-display=\"fancybox\" data-post-type=\"mitarbeiter\">Carsten Haddick<\/a><\/li><\/ul>\n\n\n\n<h4 class=\"wp-block-heading\">L\u00f6sungen<\/h4>\n\n\n\n<ul class=\"fade-link grey\"><li><a href=\"https:\/\/hetzelsponheuer.de\/de\/loesungen\/#wohnen-gewerbe-industrie\">Wohnen, Gewerbe und Industrie<\/a><\/li><\/ul>\n\n\n\n<h4 class=\"wp-block-heading\">Leistungen<\/h4>\n\n\n\n<ul class=\"fade-link grey\"><li><a href=\"https:\/\/hetzelsponheuer.de\/de\/leistungen\/#organisation-und-baubegleitung\">Organisation und Baubegleitung<\/a><\/li><li><a href=\"https:\/\/hetzelsponheuer.de\/de\/leistungen\/#handwerk-und-technik\">Handwerk und Bautechnik<\/a><\/li><\/ul>\n\n\n\n<ul><li>Bauorganisation<\/li><li>Materiallogistik<\/li><li>Malerarbeiten<\/li><li>Oberfl\u00e4chenbeschichtung&nbsp;<\/li><\/ul>\n\n\n\n<h4 class=\"wp-block-heading\">Weitere Informationen<\/h4>\n\n\n\n<ul class=\"link grey\"><li><a href=\"http:\/\/www.fassadenpreis.de\/\" target=\"_blank\" rel=\"noreferrer noopener\">Website des Deutschen Fassadenpreises<\/a><\/li><\/ul>\n\n\n\n<h4 class=\"wp-block-heading\">Fotos und Text<\/h4>\n\n\n\n<ul class=\"link grey\"><li><a href=\"http:\/\/www.brillux.de\/\" target=\"_blank\" rel=\"noreferrer noopener\">Brillux, M\u00fcnster<\/a><\/li><\/ul>\n\n\n\n<div style=\"height:48px\" aria-hidden=\"true\" class=\"wp-block-spacer\"><\/div>\n\n<\/div>\n<\/div>\n<\/div>\n\n<div class=\"row x-24 md-3-9 sm-0-12 wp-block-lazyblock-inner-block lazyblock-inner-block-2mrwsP\">\n<div class=\"col wp-block-lazyblock-inner-block lazyblock-inner-block-ZuCFTF\">\n<div class=\"wp-block-lazyblock-inner-block lazyblock-inner-block-Z1QKVGh\">\n\n<p>  <\/p>\n\n<\/div>\n<\/div>\n\n<div class=\"col wp-block-lazyblock-inner-block lazyblock-inner-block-Z1dEO6S\">\n<div class=\"wp-block-lazyblock-inner-block lazyblock-inner-block-1GrFqs\">\n\n<p class=\"logo hetzel\">   <\/p>\n\n<\/div>\n\n\n<div style=\"height:56px\" aria-hidden=\"true\" class=\"wp-block-spacer\"><\/div>\n\n<\/div>\n<\/div>","protected":false},"excerpt":{"rendered":"","protected":false},"author":1,"featured_media":2758,"parent":63,"menu_order":9,"comment_status":"closed","ping_status":"closed","template":"page-usecase.php","meta":{"footnotes":""},"yoast_head":"<!-- This site is optimized with the Yoast SEO plugin v22.6 - https:\/\/yoast.com\/wordpress\/plugins\/seo\/ -->\n<title>Fassadenpreis \u00b7 Best Bottrop \u00b7 Hetzel+Sponheuer \u00b7 Essen<\/title>\n<meta name=\"description\" content=\"Fassade BEST Bottrop - Pr\u00e4mierte Fassadengestaltung (Deutscher Fassadenpreis 2014). Referenz f\u00fcr die optimierte Baul\u00f6sung &#039;Wohnen, Gewerbe und Industrie&#039;.\" \/>\n<meta name=\"robots\" content=\"index, follow, max-snippet:-1, max-image-preview:large, max-video-preview:-1\" \/>\n<link rel=\"canonical\" href=\"https:\/\/hetzelsponheuer.de\/de\/referenzen\/best-bottrop\/\" \/>\n<meta property=\"og:locale\" content=\"de_DE\" \/>\n<meta property=\"og:type\" content=\"article\" \/>\n<meta property=\"og:title\" content=\"Fassadenpreis \u00b7 Best Bottrop \u00b7 Hetzel+Sponheuer \u00b7 Essen\" \/>\n<meta property=\"og:description\" content=\"Fassade BEST Bottrop - Pr\u00e4mierte Fassadengestaltung (Deutscher Fassadenpreis 2014). Referenz f\u00fcr die optimierte Baul\u00f6sung &#039;Wohnen, Gewerbe und Industrie&#039;.\" \/>\n<meta property=\"og:url\" content=\"https:\/\/hetzelsponheuer.de\/de\/referenzen\/best-bottrop\/\" \/>\n<meta property=\"og:site_name\" content=\"Hetzel+Sponheuer \u00b7 de\" \/>\n<meta property=\"article:modified_time\" content=\"2020-09-05T10:23:04+00:00\" \/>\n<meta property=\"og:image\" content=\"https:\/\/hetzelsponheuer.de\/de\/wp-content\/uploads\/sites\/2\/2019\/09\/placeholder.jpg\" \/>\n\t<meta property=\"og:image:width\" content=\"600\" \/>\n\t<meta property=\"og:image:height\" content=\"600\" \/>\n\t<meta property=\"og:image:type\" content=\"image\/jpeg\" \/>\n<meta name=\"twitter:card\" content=\"summary_large_image\" \/>\n<script type=\"application\/ld+json\" class=\"yoast-schema-graph\">{\"@context\":\"https:\/\/schema.org\",\"@graph\":[{\"@type\":\"WebPage\",\"@id\":\"https:\/\/hetzelsponheuer.de\/de\/referenzen\/best-bottrop\/\",\"url\":\"https:\/\/hetzelsponheuer.de\/de\/referenzen\/best-bottrop\/\",\"name\":\"Fassadenpreis \u00b7 Best Bottrop \u00b7 Hetzel+Sponheuer \u00b7 Essen\",\"isPartOf\":{\"@id\":\"https:\/\/hetzelsponheuer.de\/de\/#website\"},\"primaryImageOfPage\":{\"@id\":\"https:\/\/hetzelsponheuer.de\/de\/referenzen\/best-bottrop\/#primaryimage\"},\"image\":{\"@id\":\"https:\/\/hetzelsponheuer.de\/de\/referenzen\/best-bottrop\/#primaryimage\"},\"thumbnailUrl\":\"https:\/\/hetzelsponheuer.de\/de\/wp-content\/uploads\/sites\/2\/2022\/07\/langer-jammer-sm.jpg\",\"datePublished\":\"2019-09-05T12:47:57+00:00\",\"dateModified\":\"2020-09-05T10:23:04+00:00\",\"description\":\"Fassade BEST Bottrop - Pr\u00e4mierte Fassadengestaltung (Deutscher Fassadenpreis 2014). Referenz f\u00fcr die optimierte Baul\u00f6sung 'Wohnen, Gewerbe und Industrie'.\",\"breadcrumb\":{\"@id\":\"https:\/\/hetzelsponheuer.de\/de\/referenzen\/best-bottrop\/#breadcrumb\"},\"inLanguage\":\"de\",\"potentialAction\":[{\"@type\":\"ReadAction\",\"target\":[\"https:\/\/hetzelsponheuer.de\/de\/referenzen\/best-bottrop\/\"]}]},{\"@type\":\"ImageObject\",\"inLanguage\":\"de\",\"@id\":\"https:\/\/hetzelsponheuer.de\/de\/referenzen\/best-bottrop\/#primaryimage\",\"url\":\"https:\/\/hetzelsponheuer.de\/de\/wp-content\/uploads\/sites\/2\/2022\/07\/langer-jammer-sm.jpg\",\"contentUrl\":\"https:\/\/hetzelsponheuer.de\/de\/wp-content\/uploads\/sites\/2\/2022\/07\/langer-jammer-sm.jpg\",\"width\":240,\"height\":240,\"caption\":\"Langer Jammer Hamburg\"},{\"@type\":\"BreadcrumbList\",\"@id\":\"https:\/\/hetzelsponheuer.de\/de\/referenzen\/best-bottrop\/#breadcrumb\",\"itemListElement\":[{\"@type\":\"ListItem\",\"position\":1,\"name\":\"Startseite\",\"item\":\"https:\/\/hetzelsponheuer.de\/de\/\"},{\"@type\":\"ListItem\",\"position\":2,\"name\":\"Referenzen\",\"item\":\"https:\/\/hetzelsponheuer.de\/de\/referenzen\/\"},{\"@type\":\"ListItem\",\"position\":3,\"name\":\"Best Bottrop\"}]},{\"@type\":\"WebSite\",\"@id\":\"https:\/\/hetzelsponheuer.de\/de\/#website\",\"url\":\"https:\/\/hetzelsponheuer.de\/de\/\",\"name\":\"Hetzel+Sponheuer \u00b7 de\",\"description\":\"L\u00f6sungen f\u00fcr Ihr Bauprojekt\",\"publisher\":{\"@id\":\"https:\/\/hetzelsponheuer.de\/de\/#organization\"},\"inLanguage\":\"de\"},{\"@type\":\"Organization\",\"@id\":\"https:\/\/hetzelsponheuer.de\/de\/#organization\",\"name\":\"Hetzel+Sponheuer GmbH & Co. KG\",\"url\":\"https:\/\/hetzelsponheuer.de\/de\/\",\"logo\":{\"@type\":\"ImageObject\",\"inLanguage\":\"de\",\"@id\":\"https:\/\/hetzelsponheuer.de\/de\/#\/schema\/logo\/image\/\",\"url\":\"https:\/\/hetzelsponheuer.de\/en\/wp-content\/uploads\/sites\/2\/2020\/02\/logo_hetzelsponheuer.png\",\"contentUrl\":\"https:\/\/hetzelsponheuer.de\/en\/wp-content\/uploads\/sites\/2\/2020\/02\/logo_hetzelsponheuer.png\",\"width\":360,\"height\":24,\"caption\":\"Hetzel+Sponheuer GmbH & Co. KG\"},\"image\":{\"@id\":\"https:\/\/hetzelsponheuer.de\/de\/#\/schema\/logo\/image\/\"},\"sameAs\":[\"https:\/\/www.linkedin.com\/company\/hetzel-sponheuer-gmbh-&amp;-co.-kg\"]}]}<\/script>\n<!-- \/ Yoast SEO plugin. -->","yoast_head_json":{"title":"Fassadenpreis \u00b7 Best Bottrop \u00b7 Hetzel+Sponheuer \u00b7 Essen","description":"Fassade BEST Bottrop - Pr\u00e4mierte Fassadengestaltung (Deutscher Fassadenpreis 2014). Referenz f\u00fcr die optimierte Baul\u00f6sung 'Wohnen, Gewerbe und Industrie'.","robots":{"index":"index","follow":"follow","max-snippet":"max-snippet:-1","max-image-preview":"max-image-preview:large","max-video-preview":"max-video-preview:-1"},"canonical":"https:\/\/hetzelsponheuer.de\/de\/referenzen\/best-bottrop\/","og_locale":"de_DE","og_type":"article","og_title":"Fassadenpreis \u00b7 Best Bottrop \u00b7 Hetzel+Sponheuer \u00b7 Essen","og_description":"Fassade BEST Bottrop - Pr\u00e4mierte Fassadengestaltung (Deutscher Fassadenpreis 2014). Referenz f\u00fcr die optimierte Baul\u00f6sung 'Wohnen, Gewerbe und Industrie'.","og_url":"https:\/\/hetzelsponheuer.de\/de\/referenzen\/best-bottrop\/","og_site_name":"Hetzel+Sponheuer \u00b7 de","article_modified_time":"2020-09-05T10:23:04+00:00","og_image":[{"width":600,"height":600,"url":"https:\/\/hetzelsponheuer.de\/de\/wp-content\/uploads\/sites\/2\/2019\/09\/placeholder.jpg","type":"image\/jpeg"}],"twitter_card":"summary_large_image","schema":{"@context":"https:\/\/schema.org","@graph":[{"@type":"WebPage","@id":"https:\/\/hetzelsponheuer.de\/de\/referenzen\/best-bottrop\/","url":"https:\/\/hetzelsponheuer.de\/de\/referenzen\/best-bottrop\/","name":"Fassadenpreis \u00b7 Best Bottrop \u00b7 Hetzel+Sponheuer \u00b7 Essen","isPartOf":{"@id":"https:\/\/hetzelsponheuer.de\/de\/#website"},"primaryImageOfPage":{"@id":"https:\/\/hetzelsponheuer.de\/de\/referenzen\/best-bottrop\/#primaryimage"},"image":{"@id":"https:\/\/hetzelsponheuer.de\/de\/referenzen\/best-bottrop\/#primaryimage"},"thumbnailUrl":"https:\/\/hetzelsponheuer.de\/de\/wp-content\/uploads\/sites\/2\/2022\/07\/langer-jammer-sm.jpg","datePublished":"2019-09-05T12:47:57+00:00","dateModified":"2020-09-05T10:23:04+00:00","description":"Fassade BEST Bottrop - Pr\u00e4mierte Fassadengestaltung (Deutscher Fassadenpreis 2014). Referenz f\u00fcr die optimierte Baul\u00f6sung 'Wohnen, Gewerbe und Industrie'.","breadcrumb":{"@id":"https:\/\/hetzelsponheuer.de\/de\/referenzen\/best-bottrop\/#breadcrumb"},"inLanguage":"de","potentialAction":[{"@type":"ReadAction","target":["https:\/\/hetzelsponheuer.de\/de\/referenzen\/best-bottrop\/"]}]},{"@type":"ImageObject","inLanguage":"de","@id":"https:\/\/hetzelsponheuer.de\/de\/referenzen\/best-bottrop\/#primaryimage","url":"https:\/\/hetzelsponheuer.de\/de\/wp-content\/uploads\/sites\/2\/2022\/07\/langer-jammer-sm.jpg","contentUrl":"https:\/\/hetzelsponheuer.de\/de\/wp-content\/uploads\/sites\/2\/2022\/07\/langer-jammer-sm.jpg","width":240,"height":240,"caption":"Langer Jammer Hamburg"},{"@type":"BreadcrumbList","@id":"https:\/\/hetzelsponheuer.de\/de\/referenzen\/best-bottrop\/#breadcrumb","itemListElement":[{"@type":"ListItem","position":1,"name":"Startseite","item":"https:\/\/hetzelsponheuer.de\/de\/"},{"@type":"ListItem","position":2,"name":"Referenzen","item":"https:\/\/hetzelsponheuer.de\/de\/referenzen\/"},{"@type":"ListItem","position":3,"name":"Best Bottrop"}]},{"@type":"WebSite","@id":"https:\/\/hetzelsponheuer.de\/de\/#website","url":"https:\/\/hetzelsponheuer.de\/de\/","name":"Hetzel+Sponheuer \u00b7 de","description":"L\u00f6sungen f\u00fcr Ihr Bauprojekt","publisher":{"@id":"https:\/\/hetzelsponheuer.de\/de\/#organization"},"inLanguage":"de"},{"@type":"Organization","@id":"https:\/\/hetzelsponheuer.de\/de\/#organization","name":"Hetzel+Sponheuer GmbH & Co. KG","url":"https:\/\/hetzelsponheuer.de\/de\/","logo":{"@type":"ImageObject","inLanguage":"de","@id":"https:\/\/hetzelsponheuer.de\/de\/#\/schema\/logo\/image\/","url":"https:\/\/hetzelsponheuer.de\/en\/wp-content\/uploads\/sites\/2\/2020\/02\/logo_hetzelsponheuer.png","contentUrl":"https:\/\/hetzelsponheuer.de\/en\/wp-content\/uploads\/sites\/2\/2020\/02\/logo_hetzelsponheuer.png","width":360,"height":24,"caption":"Hetzel+Sponheuer GmbH & Co. KG"},"image":{"@id":"https:\/\/hetzelsponheuer.de\/de\/#\/schema\/logo\/image\/"},"sameAs":["https:\/\/www.linkedin.com\/company\/hetzel-sponheuer-gmbh-&amp;-co.-kg"]}]}},"_links":{"self":[{"href":"https:\/\/hetzelsponheuer.de\/de\/wp-json\/wp\/v2\/pages\/2834"}],"collection":[{"href":"https:\/\/hetzelsponheuer.de\/de\/wp-json\/wp\/v2\/pages"}],"about":[{"href":"https:\/\/hetzelsponheuer.de\/de\/wp-json\/wp\/v2\/types\/page"}],"author":[{"embeddable":true,"href":"https:\/\/hetzelsponheuer.de\/de\/wp-json\/wp\/v2\/users\/1"}],"replies":[{"embeddable":true,"href":"https:\/\/hetzelsponheuer.de\/de\/wp-json\/wp\/v2\/comments?post=2834"}],"version-history":[{"count":2,"href":"https:\/\/hetzelsponheuer.de\/de\/wp-json\/wp\/v2\/pages\/2834\/revisions"}],"predecessor-version":[{"id":5598,"href":"https:\/\/hetzelsponheuer.de\/de\/wp-json\/wp\/v2\/pages\/2834\/revisions\/5598"}],"up":[{"embeddable":true,"href":"https:\/\/hetzelsponheuer.de\/de\/wp-json\/wp\/v2\/pages\/63"}],"wp:featuredmedia":[{"embeddable":true,"href":"https:\/\/hetzelsponheuer.de\/de\/wp-json\/wp\/v2\/media\/2758"}],"wp:attachment":[{"href":"https:\/\/hetzelsponheuer.de\/de\/wp-json\/wp\/v2\/media?parent=2834"}],"curies":[{"name":"wp","href":"https:\/\/api.w.org\/{rel}","templated":true}]}}