{"id":2965,"date":"2019-09-11T12:48:26","date_gmt":"2019-09-11T10:48:26","guid":{"rendered":"http:\/\/hetzelsponheuer.de\/de\/?page_id=2965"},"modified":"2020-09-05T12:29:12","modified_gmt":"2020-09-05T10:29:12","slug":"campus-schuetzenbahn-essen-2","status":"publish","type":"page","link":"https:\/\/hetzelsponheuer.de\/de\/referenzen\/campus-schuetzenbahn-essen-2\/","title":{"rendered":"Campus Sch\u00fctzenbahn"},"content":{"rendered":"<div class=\"banner row x-4 md-3-6-3 sm-0-12-0 wp-block-lazyblock-inner-block lazyblock-inner-block-1kSrP1\">\n<div class=\"col wp-block-lazyblock-inner-block lazyblock-inner-block-Z1da7Fw\">\n<div class=\"bg grey img wp-block-lazyblock-inner-block lazyblock-inner-block-xltxB\">\n\n<figure class=\"wp-block-image\"><img decoding=\"async\" loading=\"lazy\" width=\"431\" height=\"480\" src=\"https:\/\/hetzelsponheuer.de\/de\/wp-content\/uploads\/sites\/2\/2019\/09\/campus_0455_aus.jpg\" alt=\"Bauen Fassade Denkmalschutz Essen\" class=\"wp-image-3396\" srcset=\"https:\/\/hetzelsponheuer.de\/de\/wp-content\/uploads\/sites\/2\/2019\/09\/campus_0455_aus.jpg 431w, https:\/\/hetzelsponheuer.de\/de\/wp-content\/uploads\/sites\/2\/2019\/09\/campus_0455_aus-269x300.jpg 269w\" sizes=\"(max-width: 431px) 100vw, 431px\" \/><\/figure>\n\n<\/div>\n<\/div>\n\n<div class=\"col wp-block-lazyblock-inner-block lazyblock-inner-block-1gDVMO\">\n<div class=\"bg grey img wp-block-lazyblock-inner-block lazyblock-inner-block-25PnQc\">\n\n<figure class=\"wp-block-image\"><img decoding=\"async\" loading=\"lazy\" width=\"754\" height=\"754\" src=\"https:\/\/hetzelsponheuer.de\/de\/wp-content\/uploads\/sites\/2\/2019\/09\/campus_0455_left.jpg\" alt=\"Fassadensanierung Denkmalschutz Essen\" class=\"wp-image-3300\" srcset=\"https:\/\/hetzelsponheuer.de\/de\/wp-content\/uploads\/sites\/2\/2019\/09\/campus_0455_left.jpg 754w, https:\/\/hetzelsponheuer.de\/de\/wp-content\/uploads\/sites\/2\/2019\/09\/campus_0455_left-150x150.jpg 150w, https:\/\/hetzelsponheuer.de\/de\/wp-content\/uploads\/sites\/2\/2019\/09\/campus_0455_left-300x300.jpg 300w\" sizes=\"(max-width: 754px) 100vw, 754px\" \/><\/figure>\n\n<\/div>\n<\/div>\n\n<div class=\"col wp-block-lazyblock-inner-block lazyblock-inner-block-2lGT91\">\n<div class=\"bg grey img wp-block-lazyblock-inner-block lazyblock-inner-block-Z1n79J4\">\n\n<figure class=\"wp-block-image\"><img decoding=\"async\" loading=\"lazy\" width=\"373\" height=\"754\" src=\"https:\/\/hetzelsponheuer.de\/de\/wp-content\/uploads\/sites\/2\/2019\/09\/campus_0455_right.jpg\" alt=\"Umbau Denkmalschutz Essen\" class=\"wp-image-3302\" srcset=\"https:\/\/hetzelsponheuer.de\/de\/wp-content\/uploads\/sites\/2\/2019\/09\/campus_0455_right.jpg 373w, https:\/\/hetzelsponheuer.de\/de\/wp-content\/uploads\/sites\/2\/2019\/09\/campus_0455_right-148x300.jpg 148w\" sizes=\"(max-width: 373px) 100vw, 373px\" \/><\/figure>\n\n<\/div>\n<\/div>\n<\/div>\n\n<div class=\"row x-24 md-3-9 sm-0-12 wp-block-lazyblock-inner-block lazyblock-inner-block-Z1YnPRv\">\n<div class=\"col wp-block-lazyblock-inner-block lazyblock-inner-block-1KyAnM\">\n<div class=\"wp-block-lazyblock-inner-block lazyblock-inner-block-ZQJXop\">\n\n<p>  <\/p>\n\n<\/div>\n<\/div>\n\n<div class=\"col wp-block-lazyblock-inner-block lazyblock-inner-block-1k7Wmw\">\n<div class=\"head wp-block-lazyblock-inner-block lazyblock-inner-block-Z1G5WWD\">\n\n<p class=\"topline\">sanierung Fassade Denkmalschutz<\/p>\n\n\n\n<h2 class=\"h1 wp-block-heading\">Uni-Campus Sch\u00fctzen\u00adbahn <span class=\"grey\">Essen<\/span><\/h2>\n\n<\/div>\n<\/div>\n<\/div>\n\n<div class=\"row x-24 md-3-6-3 sm-0-12-12 wp-block-lazyblock-inner-block lazyblock-inner-block-ZVfRHj\">\n<div class=\"col wp-block-lazyblock-inner-block lazyblock-inner-block-UKsF4\">\n<div class=\"wp-block-lazyblock-inner-block lazyblock-inner-block-Z1brndl\">\n\n<p class=\"md-right pl-24\"><\/p>\n\n<\/div>\n<\/div>\n\n<div class=\"col wp-block-lazyblock-inner-block lazyblock-inner-block-Z1rj4eR\">\n<div class=\"wp-block-lazyblock-inner-block lazyblock-inner-block-213Klg\">\n\n<p><strong>Als Immobilie auf dem Campus der Universit\u00e4t Essen-Duisburg wies das denkmalgesch\u00fctzte Geb\u00e4ude an der Sch\u00fctzenbahn Essen einen un\u00fcbersehbaren Sanierungsstau auf. Deshalb wurde das Universit\u00e4tsgeb\u00e4ude in 2008 umfassend saniert \u2013 vor allem die Fassade.<\/strong><\/p>\n\n\n\n<div style=\"height:24px\" aria-hidden=\"true\" class=\"wp-block-spacer\"><\/div>\n\n\n\n<h3 class=\"h4 wp-block-heading\">Herausforderung<\/h3>\n\n\n\n<p>Kein Spielraum f\u00fcr lange Abstimmungen: Die 5.000 qm gro\u00dfe Fassadenfl\u00e4che des Campus Sch\u00fctzenbahn sollte innerhalb von nur zwei Monaten gereinigt und saniert werden. Und das unter Beachtung funktionaler und historischer Gesichtspunkte.<\/p>\n\n\n\n<h3 class=\"h4 wp-block-heading\">L\u00f6sung<\/h3>\n\n\n\n<p>Die Aufgabe der Hetzel + Sponheuer GmbH &amp; Co. KG bestand darin, die ausgeschriebenen Leistungen so umzusetzen, dass ein entsprechend qualitatives Sanierungsergebnis innerhalb des Kostenrahmens zu sehen war. Unsere Experten waren bereits vorab bei den entscheidenden Terminen dabei, um mit ihrem Fachwissen Sanierungsvorschl\u00e4ge zu unterbreiten und diese entscheidungsf\u00e4hig aufzubereiten. So konnten sp\u00e4ter unn\u00f6tige Bauablaufst\u00f6rungen vermieden werden und auch die anspruchsvollen Betoninstandsetzungs- sowie Natursteinarbeiten termingerecht abgeschlossen werden.<\/p>\n\n\n\n<p>Aufgrund der hohen Anspr\u00fcche des Denkmalschutzes musste zun\u00e4chst mit einem geeigneten Strahl- und Reinigungssystem die gesamte Fassade gereinigt werden, um so Verschmutzungen, trennend wirkende Substanzen sowie Altbeschichtungen zu entfernen.<\/p>\n\n\n\n<p>Dabei war die Strahltechnik und Dosierung den unterschiedlichen Materialien des Bestands anzupassen. Das anfallende Strahlwasser wurde gefiltert und als Brauchwasser nach der Reinigung fachgerecht &#8220;entsorgt&#8221;. Erst danach konnten Untergrundsch\u00e4den an Sandsteinfl\u00e4chen mit Profilierungen und fig\u00fcrlichen Darstellungen mit einem speziell konfektionierten Sanierungsm\u00f6rtel f\u00fcr die denkmalgerechte Sanierung aufbereitet werden. An Betonfl\u00e4chen wurde eine Betoninstandsetzung durchgef\u00fchrt und die Putzfl\u00e4chen der Fassade auf Sch\u00e4den untersucht. Bevor mit der Beschichtung der Fassaden begonnen werden konnte, mussten diese Sch\u00e4den ebenfalls fachgerecht instandgesetzt werden.<\/p>\n\n\n<div class=\"grid x24 md-col-6-6-row-1 wp-block-lazyblock-inner-block lazyblock-inner-block-1HsBY6\">\n<div class=\"bg grey img wp-block-lazyblock-inner-block lazyblock-inner-block-2rbx45\">\n\n<figure class=\"wp-block-image\"><a class=\"gallery\" href=\"https:\/\/hetzelsponheuer.de\/en\/wp-content\/uploads\/sites\/2\/2019\/11\/campus_036.jpg\" rel=\"gallery-1\"><img decoding=\"async\" loading=\"lazy\" width=\"500\" height=\"500\" src=\"https:\/\/hetzelsponheuer.de\/en\/wp-content\/uploads\/sites\/2\/2019\/11\/campus_036.jpg\" alt=\"Sanierung Denkmalschutz Essen\" class=\"wp-image-4525\" srcset=\"https:\/\/hetzelsponheuer.de\/de\/wp-content\/uploads\/sites\/2\/2019\/11\/campus_036.jpg 500w, https:\/\/hetzelsponheuer.de\/de\/wp-content\/uploads\/sites\/2\/2019\/11\/campus_036-200x200.jpg 200w, https:\/\/hetzelsponheuer.de\/de\/wp-content\/uploads\/sites\/2\/2019\/11\/campus_036-400x400.jpg 400w\" sizes=\"(max-width: 500px) 100vw, 500px\" \/><\/a><\/figure>\n\n\n\n<p class=\"figcaption\">vorher<\/p>\n\n<\/div>\n\n<div class=\"bg grey img wp-block-lazyblock-inner-block lazyblock-inner-block-22IuCm\">\n\n<figure class=\"wp-block-image\"><a class=\"gallery\" href=\"https:\/\/hetzelsponheuer.de\/en\/wp-content\/uploads\/sites\/2\/2019\/11\/campus_468.jpg\" rel=\"gallery-1\"><img decoding=\"async\" loading=\"lazy\" width=\"500\" height=\"500\" src=\"https:\/\/hetzelsponheuer.de\/en\/wp-content\/uploads\/sites\/2\/2019\/11\/campus_468.jpg\" alt=\"Sanierung Denkmalschutz Fassade Essen\" class=\"wp-image-4526\" srcset=\"https:\/\/hetzelsponheuer.de\/de\/wp-content\/uploads\/sites\/2\/2019\/11\/campus_468.jpg 500w, https:\/\/hetzelsponheuer.de\/de\/wp-content\/uploads\/sites\/2\/2019\/11\/campus_468-200x200.jpg 200w, https:\/\/hetzelsponheuer.de\/de\/wp-content\/uploads\/sites\/2\/2019\/11\/campus_468-400x400.jpg 400w\" sizes=\"(max-width: 500px) 100vw, 500px\" \/><\/a><\/figure>\n\n\n\n<p class=\"figcaption\">nachher<\/p>\n\n<\/div>\n<\/div>\n\n\n<p>Die gesamte Fassade wurde dann mit einer besonders eingestellten, f\u00fcllenden Silikatschl\u00e4mme vorbehandelt und mit einer systemgerechten Silikatfarbe gefinisht.<\/p>\n\n\n\n<p>Durch die hohen Anspr\u00fcche an die erbrachten Leistungen waren h\u00e4ufige Abstimmungen sowohl mit Vertretern des Auftraggebers als auch der zust\u00e4ndigen Denkmalbeh\u00f6rde notwendig. Hier wurden Sanierungsma\u00dfnahmen und weitere Schritte diskutiert, abgestimmt und durch entsprechend ausgearbeitete Konzepte umgesetzt. Eine gut funktionierende Logistik, Fachwissen und die F\u00e4higkeit, Projektabl\u00e4ufe gekonnt zu steuern waren hier wesentliche Faktoren f\u00fcr das qualitative Ergebnis und die Termineinhaltung von nur zwei Monaten.<\/p>\n\n\n\n<div style=\"height:32px\" aria-hidden=\"true\" class=\"wp-block-spacer\"><\/div>\n\n<\/div>\n<\/div>\n\n<div class=\"col wp-block-lazyblock-inner-block lazyblock-inner-block-Z2wrBd9\">\n<div class=\"wp-block-lazyblock-inner-block lazyblock-inner-block-ZiJPc3\">\n<div class=\"menu-main-menu-container\"><ul id=\"menu-main-menu\" class=\"grey\"><li id=\"menu-item-2901\" class=\"menu-item \"><a href=\"https:\/\/hetzelsponheuer.de\/de\/referenzen\/projektseiten\/\">Projektseiten<\/a><\/li>\n<li id=\"menu-item-2769\" class=\"menu-item \"><a href=\"https:\/\/hetzelsponheuer.de\/de\/referenzen\/projektliste\/\">Projektliste<\/a><\/li>\n<\/ul><\/div>\n\n\n\n<h4 class=\"wp-block-heading\">Ihr Ansprechpartner<\/h4>\n\n\n\n<ul class=\"link ajx grey\"><li><a data-post-type=\"mitarbeiter\" data-display=\"fancybox\" href=\"https:\/\/hetzelsponheuer.de\/de\/mitarbeiter\/dirk-aschenbeck\">Dirk Aschenbeck<\/a><\/li><\/ul>\n\n\n\n<h4 class=\"wp-block-heading\">L\u00f6sungen<\/h4>\n\n\n\n<ul class=\"fade-link grey\"><li><a href=\"https:\/\/hetzelsponheuer.de\/de\/loesungen\/#bauwerterhaltung-denkmalschutz\">Bauwerterhaltung Denkmalschutz<\/a><\/li><\/ul>\n\n\n\n<h4 class=\"wp-block-heading\">Leistungen<\/h4>\n\n\n\n<ul class=\"fade-link grey\"><li><a href=\"https:\/\/hetzelsponheuer.de\/de\/leistungen\/#bewertung-und-beratung\">Bewertung und Beratung<\/a><\/li><li><a href=\"https:\/\/hetzelsponheuer.de\/de\/leistungen\/#handwerk-und-technik\">Handwerk und Bautechnik<\/a><\/li><\/ul>\n\n\n\n<ul><li>Bestandsanalyse<\/li><li>Betonsanierung<\/li><li>Sandsteinbearbeitung&nbsp;<\/li><li>Fassadenreinigung<\/li><li>Denkmalgerechter System-\/Beschichtungsaufbau<\/li><li>Putzarbeiten<\/li><li>Silikatspachtel<\/li><li>Silikatschl\u00e4mme<\/li><li>Silikatanstriche<\/li><\/ul>\n\n\n\n<h4 class=\"wp-block-heading\">Fotos<\/h4>\n\n\n\n<ul><li>Astrid Theisen<\/li><\/ul>\n\n\n\n<div style=\"height:48px\" aria-hidden=\"true\" class=\"wp-block-spacer\"><\/div>\n\n<\/div>\n<\/div>\n<\/div>\n\n<div class=\"row x-24 md-3-9 sm-0-12 wp-block-lazyblock-inner-block lazyblock-inner-block-2mrwsP\">\n<div class=\"col wp-block-lazyblock-inner-block lazyblock-inner-block-ZuCFTF\">\n<div class=\"wp-block-lazyblock-inner-block lazyblock-inner-block-Z1QKVGh\">\n\n<p>  <\/p>\n\n<\/div>\n<\/div>\n\n<div class=\"col wp-block-lazyblock-inner-block lazyblock-inner-block-Z1dEO6S\">\n<div class=\"wp-block-lazyblock-inner-block lazyblock-inner-block-1GrFqs\">\n\n<p class=\"logo hetzel\">   <\/p>\n\n<\/div>\n\n\n<div style=\"height:56px\" aria-hidden=\"true\" class=\"wp-block-spacer\"><\/div>\n\n<\/div>\n<\/div>","protected":false},"excerpt":{"rendered":"","protected":false},"author":1,"featured_media":0,"parent":63,"menu_order":9,"comment_status":"closed","ping_status":"closed","template":"page-usecase.php","meta":{"footnotes":""},"yoast_head":"<!-- This site is optimized with the Yoast SEO plugin v22.6 - https:\/\/yoast.com\/wordpress\/plugins\/seo\/ -->\n<title>Fassaden \u00b7 Campus Sch\u00fctzenbahn, Essen \u00b7 Hetzel+Sponheuer \u00b7 Essen<\/title>\n<meta name=\"description\" content=\"Fassadensanierung des denkmalgesch\u00fctzten Campus Sch\u00fctzenbahn in Essen. Bauablaufplanung, Bauorganisation, Beton-, Sandstrahl-, Naturstein- und Malerarbeiten\" \/>\n<meta name=\"robots\" content=\"index, follow, max-snippet:-1, max-image-preview:large, max-video-preview:-1\" \/>\n<link rel=\"canonical\" href=\"https:\/\/hetzelsponheuer.de\/de\/referenzen\/campus-schuetzenbahn-essen-2\/\" \/>\n<meta property=\"og:locale\" content=\"de_DE\" \/>\n<meta property=\"og:type\" content=\"article\" \/>\n<meta property=\"og:title\" content=\"Fassaden \u00b7 Campus Sch\u00fctzenbahn, Essen \u00b7 Hetzel+Sponheuer \u00b7 Essen\" \/>\n<meta property=\"og:description\" content=\"Fassadensanierung des denkmalgesch\u00fctzten Campus Sch\u00fctzenbahn in Essen. Bauablaufplanung, Bauorganisation, Beton-, Sandstrahl-, Naturstein- und Malerarbeiten\" \/>\n<meta property=\"og:url\" content=\"https:\/\/hetzelsponheuer.de\/de\/referenzen\/campus-schuetzenbahn-essen-2\/\" \/>\n<meta property=\"og:site_name\" content=\"Hetzel+Sponheuer \u00b7 de\" \/>\n<meta property=\"article:modified_time\" content=\"2020-09-05T10:29:12+00:00\" \/>\n<meta property=\"og:image\" content=\"https:\/\/hetzelsponheuer.de\/de\/wp-content\/uploads\/sites\/2\/2019\/09\/campus_0455_aus.jpg\" \/>\n<meta name=\"twitter:card\" content=\"summary_large_image\" \/>\n<script type=\"application\/ld+json\" class=\"yoast-schema-graph\">{\"@context\":\"https:\/\/schema.org\",\"@graph\":[{\"@type\":\"WebPage\",\"@id\":\"https:\/\/hetzelsponheuer.de\/de\/referenzen\/campus-schuetzenbahn-essen-2\/\",\"url\":\"https:\/\/hetzelsponheuer.de\/de\/referenzen\/campus-schuetzenbahn-essen-2\/\",\"name\":\"Fassaden \u00b7 Campus Sch\u00fctzenbahn, Essen \u00b7 Hetzel+Sponheuer \u00b7 Essen\",\"isPartOf\":{\"@id\":\"https:\/\/hetzelsponheuer.de\/de\/#website\"},\"primaryImageOfPage\":{\"@id\":\"https:\/\/hetzelsponheuer.de\/de\/referenzen\/campus-schuetzenbahn-essen-2\/#primaryimage\"},\"image\":{\"@id\":\"https:\/\/hetzelsponheuer.de\/de\/referenzen\/campus-schuetzenbahn-essen-2\/#primaryimage\"},\"thumbnailUrl\":\"https:\/\/hetzelsponheuer.de\/de\/wp-content\/uploads\/sites\/2\/2019\/09\/campus_0455_aus.jpg\",\"datePublished\":\"2019-09-11T10:48:26+00:00\",\"dateModified\":\"2020-09-05T10:29:12+00:00\",\"description\":\"Fassadensanierung des denkmalgesch\u00fctzten Campus Sch\u00fctzenbahn in Essen. Bauablaufplanung, Bauorganisation, Beton-, Sandstrahl-, Naturstein- und Malerarbeiten\",\"breadcrumb\":{\"@id\":\"https:\/\/hetzelsponheuer.de\/de\/referenzen\/campus-schuetzenbahn-essen-2\/#breadcrumb\"},\"inLanguage\":\"de\",\"potentialAction\":[{\"@type\":\"ReadAction\",\"target\":[\"https:\/\/hetzelsponheuer.de\/de\/referenzen\/campus-schuetzenbahn-essen-2\/\"]}]},{\"@type\":\"ImageObject\",\"inLanguage\":\"de\",\"@id\":\"https:\/\/hetzelsponheuer.de\/de\/referenzen\/campus-schuetzenbahn-essen-2\/#primaryimage\",\"url\":\"https:\/\/hetzelsponheuer.de\/de\/wp-content\/uploads\/sites\/2\/2019\/09\/campus_0455_aus.jpg\",\"contentUrl\":\"https:\/\/hetzelsponheuer.de\/de\/wp-content\/uploads\/sites\/2\/2019\/09\/campus_0455_aus.jpg\",\"width\":431,\"height\":480},{\"@type\":\"BreadcrumbList\",\"@id\":\"https:\/\/hetzelsponheuer.de\/de\/referenzen\/campus-schuetzenbahn-essen-2\/#breadcrumb\",\"itemListElement\":[{\"@type\":\"ListItem\",\"position\":1,\"name\":\"Startseite\",\"item\":\"https:\/\/hetzelsponheuer.de\/de\/\"},{\"@type\":\"ListItem\",\"position\":2,\"name\":\"Referenzen\",\"item\":\"https:\/\/hetzelsponheuer.de\/de\/referenzen\/\"},{\"@type\":\"ListItem\",\"position\":3,\"name\":\"Campus Sch\u00fctzenbahn\"}]},{\"@type\":\"WebSite\",\"@id\":\"https:\/\/hetzelsponheuer.de\/de\/#website\",\"url\":\"https:\/\/hetzelsponheuer.de\/de\/\",\"name\":\"Hetzel+Sponheuer \u00b7 de\",\"description\":\"L\u00f6sungen f\u00fcr Ihr Bauprojekt\",\"publisher\":{\"@id\":\"https:\/\/hetzelsponheuer.de\/de\/#organization\"},\"inLanguage\":\"de\"},{\"@type\":\"Organization\",\"@id\":\"https:\/\/hetzelsponheuer.de\/de\/#organization\",\"name\":\"Hetzel+Sponheuer GmbH & Co. KG\",\"url\":\"https:\/\/hetzelsponheuer.de\/de\/\",\"logo\":{\"@type\":\"ImageObject\",\"inLanguage\":\"de\",\"@id\":\"https:\/\/hetzelsponheuer.de\/de\/#\/schema\/logo\/image\/\",\"url\":\"https:\/\/hetzelsponheuer.de\/en\/wp-content\/uploads\/sites\/2\/2020\/02\/logo_hetzelsponheuer.png\",\"contentUrl\":\"https:\/\/hetzelsponheuer.de\/en\/wp-content\/uploads\/sites\/2\/2020\/02\/logo_hetzelsponheuer.png\",\"width\":360,\"height\":24,\"caption\":\"Hetzel+Sponheuer GmbH & Co. KG\"},\"image\":{\"@id\":\"https:\/\/hetzelsponheuer.de\/de\/#\/schema\/logo\/image\/\"},\"sameAs\":[\"https:\/\/www.linkedin.com\/company\/hetzel-sponheuer-gmbh-&amp;-co.-kg\"]}]}<\/script>\n<!-- \/ Yoast SEO plugin. -->","yoast_head_json":{"title":"Fassaden \u00b7 Campus Sch\u00fctzenbahn, Essen \u00b7 Hetzel+Sponheuer \u00b7 Essen","description":"Fassadensanierung des denkmalgesch\u00fctzten Campus Sch\u00fctzenbahn in Essen. Bauablaufplanung, Bauorganisation, Beton-, Sandstrahl-, Naturstein- und Malerarbeiten","robots":{"index":"index","follow":"follow","max-snippet":"max-snippet:-1","max-image-preview":"max-image-preview:large","max-video-preview":"max-video-preview:-1"},"canonical":"https:\/\/hetzelsponheuer.de\/de\/referenzen\/campus-schuetzenbahn-essen-2\/","og_locale":"de_DE","og_type":"article","og_title":"Fassaden \u00b7 Campus Sch\u00fctzenbahn, Essen \u00b7 Hetzel+Sponheuer \u00b7 Essen","og_description":"Fassadensanierung des denkmalgesch\u00fctzten Campus Sch\u00fctzenbahn in Essen. Bauablaufplanung, Bauorganisation, Beton-, Sandstrahl-, Naturstein- und Malerarbeiten","og_url":"https:\/\/hetzelsponheuer.de\/de\/referenzen\/campus-schuetzenbahn-essen-2\/","og_site_name":"Hetzel+Sponheuer \u00b7 de","article_modified_time":"2020-09-05T10:29:12+00:00","og_image":[{"url":"https:\/\/hetzelsponheuer.de\/de\/wp-content\/uploads\/sites\/2\/2019\/09\/campus_0455_aus.jpg"}],"twitter_card":"summary_large_image","schema":{"@context":"https:\/\/schema.org","@graph":[{"@type":"WebPage","@id":"https:\/\/hetzelsponheuer.de\/de\/referenzen\/campus-schuetzenbahn-essen-2\/","url":"https:\/\/hetzelsponheuer.de\/de\/referenzen\/campus-schuetzenbahn-essen-2\/","name":"Fassaden \u00b7 Campus Sch\u00fctzenbahn, Essen \u00b7 Hetzel+Sponheuer \u00b7 Essen","isPartOf":{"@id":"https:\/\/hetzelsponheuer.de\/de\/#website"},"primaryImageOfPage":{"@id":"https:\/\/hetzelsponheuer.de\/de\/referenzen\/campus-schuetzenbahn-essen-2\/#primaryimage"},"image":{"@id":"https:\/\/hetzelsponheuer.de\/de\/referenzen\/campus-schuetzenbahn-essen-2\/#primaryimage"},"thumbnailUrl":"https:\/\/hetzelsponheuer.de\/de\/wp-content\/uploads\/sites\/2\/2019\/09\/campus_0455_aus.jpg","datePublished":"2019-09-11T10:48:26+00:00","dateModified":"2020-09-05T10:29:12+00:00","description":"Fassadensanierung des denkmalgesch\u00fctzten Campus Sch\u00fctzenbahn in Essen. Bauablaufplanung, Bauorganisation, Beton-, Sandstrahl-, Naturstein- und Malerarbeiten","breadcrumb":{"@id":"https:\/\/hetzelsponheuer.de\/de\/referenzen\/campus-schuetzenbahn-essen-2\/#breadcrumb"},"inLanguage":"de","potentialAction":[{"@type":"ReadAction","target":["https:\/\/hetzelsponheuer.de\/de\/referenzen\/campus-schuetzenbahn-essen-2\/"]}]},{"@type":"ImageObject","inLanguage":"de","@id":"https:\/\/hetzelsponheuer.de\/de\/referenzen\/campus-schuetzenbahn-essen-2\/#primaryimage","url":"https:\/\/hetzelsponheuer.de\/de\/wp-content\/uploads\/sites\/2\/2019\/09\/campus_0455_aus.jpg","contentUrl":"https:\/\/hetzelsponheuer.de\/de\/wp-content\/uploads\/sites\/2\/2019\/09\/campus_0455_aus.jpg","width":431,"height":480},{"@type":"BreadcrumbList","@id":"https:\/\/hetzelsponheuer.de\/de\/referenzen\/campus-schuetzenbahn-essen-2\/#breadcrumb","itemListElement":[{"@type":"ListItem","position":1,"name":"Startseite","item":"https:\/\/hetzelsponheuer.de\/de\/"},{"@type":"ListItem","position":2,"name":"Referenzen","item":"https:\/\/hetzelsponheuer.de\/de\/referenzen\/"},{"@type":"ListItem","position":3,"name":"Campus Sch\u00fctzenbahn"}]},{"@type":"WebSite","@id":"https:\/\/hetzelsponheuer.de\/de\/#website","url":"https:\/\/hetzelsponheuer.de\/de\/","name":"Hetzel+Sponheuer \u00b7 de","description":"L\u00f6sungen f\u00fcr Ihr Bauprojekt","publisher":{"@id":"https:\/\/hetzelsponheuer.de\/de\/#organization"},"inLanguage":"de"},{"@type":"Organization","@id":"https:\/\/hetzelsponheuer.de\/de\/#organization","name":"Hetzel+Sponheuer GmbH & Co. KG","url":"https:\/\/hetzelsponheuer.de\/de\/","logo":{"@type":"ImageObject","inLanguage":"de","@id":"https:\/\/hetzelsponheuer.de\/de\/#\/schema\/logo\/image\/","url":"https:\/\/hetzelsponheuer.de\/en\/wp-content\/uploads\/sites\/2\/2020\/02\/logo_hetzelsponheuer.png","contentUrl":"https:\/\/hetzelsponheuer.de\/en\/wp-content\/uploads\/sites\/2\/2020\/02\/logo_hetzelsponheuer.png","width":360,"height":24,"caption":"Hetzel+Sponheuer GmbH & Co. KG"},"image":{"@id":"https:\/\/hetzelsponheuer.de\/de\/#\/schema\/logo\/image\/"},"sameAs":["https:\/\/www.linkedin.com\/company\/hetzel-sponheuer-gmbh-&amp;-co.-kg"]}]}},"_links":{"self":[{"href":"https:\/\/hetzelsponheuer.de\/de\/wp-json\/wp\/v2\/pages\/2965"}],"collection":[{"href":"https:\/\/hetzelsponheuer.de\/de\/wp-json\/wp\/v2\/pages"}],"about":[{"href":"https:\/\/hetzelsponheuer.de\/de\/wp-json\/wp\/v2\/types\/page"}],"author":[{"embeddable":true,"href":"https:\/\/hetzelsponheuer.de\/de\/wp-json\/wp\/v2\/users\/1"}],"replies":[{"embeddable":true,"href":"https:\/\/hetzelsponheuer.de\/de\/wp-json\/wp\/v2\/comments?post=2965"}],"version-history":[{"count":4,"href":"https:\/\/hetzelsponheuer.de\/de\/wp-json\/wp\/v2\/pages\/2965\/revisions"}],"predecessor-version":[{"id":5600,"href":"https:\/\/hetzelsponheuer.de\/de\/wp-json\/wp\/v2\/pages\/2965\/revisions\/5600"}],"up":[{"embeddable":true,"href":"https:\/\/hetzelsponheuer.de\/de\/wp-json\/wp\/v2\/pages\/63"}],"wp:attachment":[{"href":"https:\/\/hetzelsponheuer.de\/de\/wp-json\/wp\/v2\/media?parent=2965"}],"curies":[{"name":"wp","href":"https:\/\/api.w.org\/{rel}","templated":true}]}}