{"id":2991,"date":"2019-09-11T13:31:59","date_gmt":"2019-09-11T11:31:59","guid":{"rendered":"http:\/\/hetzelsponheuer.de\/de\/?page_id=2991"},"modified":"2020-06-12T12:01:20","modified_gmt":"2020-06-12T10:01:20","slug":"dorint-hotel-mannheim","status":"publish","type":"page","link":"https:\/\/hetzelsponheuer.de\/de\/referenzen\/dorint-hotel-mannheim\/","title":{"rendered":"Dorint Hotel Mannheim"},"content":{"rendered":"<div class=\"banner row x-4 md-3-6-3 sm-0-12-0 wp-block-lazyblock-inner-block lazyblock-inner-block-1kSrP1\">\n<div class=\"col wp-block-lazyblock-inner-block lazyblock-inner-block-Z1da7Fw\">\n<div class=\"bg grey img wp-block-lazyblock-inner-block lazyblock-inner-block-xltxB\">\n\n<figure class=\"wp-block-image\"><img decoding=\"async\" loading=\"lazy\" width=\"240\" height=\"559\" src=\"https:\/\/hetzelsponheuer.de\/de\/wp-content\/uploads\/sites\/2\/2019\/09\/dorint_40920_aus.jpg\" alt=\"Modernisierung Hotel - Brandschutz\" class=\"wp-image-3388\" srcset=\"https:\/\/hetzelsponheuer.de\/de\/wp-content\/uploads\/sites\/2\/2019\/09\/dorint_40920_aus.jpg 240w, https:\/\/hetzelsponheuer.de\/de\/wp-content\/uploads\/sites\/2\/2019\/09\/dorint_40920_aus-129x300.jpg 129w\" sizes=\"(max-width: 240px) 100vw, 240px\" \/><\/figure>\n\n<\/div>\n<\/div>\n\n<div class=\"col wp-block-lazyblock-inner-block lazyblock-inner-block-1gDVMO\">\n<div class=\"bg grey img wp-block-lazyblock-inner-block lazyblock-inner-block-25PnQc\">\n\n<figure class=\"wp-block-image\"><img decoding=\"async\" loading=\"lazy\" width=\"781\" height=\"754\" src=\"https:\/\/hetzelsponheuer.de\/de\/wp-content\/uploads\/sites\/2\/2019\/09\/dorint_40920_left.jpg\" alt=\"Modernisierung Hotel - Brandschutz\" class=\"wp-image-3310\" srcset=\"https:\/\/hetzelsponheuer.de\/de\/wp-content\/uploads\/sites\/2\/2019\/09\/dorint_40920_left.jpg 781w, https:\/\/hetzelsponheuer.de\/de\/wp-content\/uploads\/sites\/2\/2019\/09\/dorint_40920_left-300x290.jpg 300w, https:\/\/hetzelsponheuer.de\/de\/wp-content\/uploads\/sites\/2\/2019\/09\/dorint_40920_left-768x741.jpg 768w\" sizes=\"(max-width: 781px) 100vw, 781px\" \/><\/figure>\n\n<\/div>\n<\/div>\n\n<div class=\"col wp-block-lazyblock-inner-block lazyblock-inner-block-2lGT91\">\n<div class=\"bg grey img wp-block-lazyblock-inner-block lazyblock-inner-block-Z1n79J4\">\n\n<figure class=\"wp-block-image\"><img decoding=\"async\" loading=\"lazy\" width=\"354\" height=\"754\" src=\"https:\/\/hetzelsponheuer.de\/de\/wp-content\/uploads\/sites\/2\/2019\/09\/dorint_40920_right.jpg\" alt=\"Modernisierung Hotel - laufender Betrieb\" class=\"wp-image-3311\" srcset=\"https:\/\/hetzelsponheuer.de\/de\/wp-content\/uploads\/sites\/2\/2019\/09\/dorint_40920_right.jpg 354w, https:\/\/hetzelsponheuer.de\/de\/wp-content\/uploads\/sites\/2\/2019\/09\/dorint_40920_right-141x300.jpg 141w\" sizes=\"(max-width: 354px) 100vw, 354px\" \/><\/figure>\n\n<\/div>\n<\/div>\n<\/div>\n\n<div class=\"row x-24 md-3-9 sm-0-12 wp-block-lazyblock-inner-block lazyblock-inner-block-Z1YnPRv\">\n<div class=\"col wp-block-lazyblock-inner-block lazyblock-inner-block-1KyAnM\">\n<div class=\"wp-block-lazyblock-inner-block lazyblock-inner-block-ZQJXop\">\n\n<p>  <\/p>\n\n<\/div>\n<\/div>\n\n<div class=\"col wp-block-lazyblock-inner-block lazyblock-inner-block-1k7Wmw\">\n<div class=\"head wp-block-lazyblock-inner-block lazyblock-inner-block-Z1G5WWD\">\n\n<p class=\"topline\">Ausbau Brandschutz<\/p>\n\n\n\n<h2 class=\"h1 wp-block-heading\">Dorint Hotel <span class=\"grey\">Mann\u00adheim<\/span><\/h2>\n\n<\/div>\n<\/div>\n<\/div>\n\n<div class=\"row x-24 md-3-6-3 sm-12-12-12 wp-block-lazyblock-inner-block lazyblock-inner-block-ZVfRHj\">\n<div class=\"col wp-block-lazyblock-inner-block lazyblock-inner-block-UKsF4\">\n<div class=\"wp-block-lazyblock-inner-block lazyblock-inner-block-Z1brndl\">\n\n<p class=\"md-right pl-24\"><\/p>\n\n<\/div>\n<\/div>\n\n<div class=\"col wp-block-lazyblock-inner-block lazyblock-inner-block-Z1rj4eR\">\n<div class=\"wp-block-lazyblock-inner-block lazyblock-inner-block-213Klg\">\n\n<p class=\"grey\"><strong>Das Dorint Mannheim liegt im Zentrum der lebendigen Metropole zwischen Rhein und Neckar \u2013 direkt angeschlossen an das Congress Center Rosengarten. Ein Kongresshotel, das nicht nur zertifizierter Service-Qualit\u00e4tsbetrieb ist, sondern auch mit dem Safestar-Qualit\u00e4tssiegel f\u00fcr besondere Brandschutzsicherheit ausgezeichnet wurde.<\/strong><\/p>\n\n\n\n<div style=\"height:24px\" aria-hidden=\"true\" class=\"wp-block-spacer\"><\/div>\n\n\n\n<h3 class=\"h4 wp-block-heading\">Herausforderung<\/h3>\n\n\n\n<p>Ein feststehender Fertigstellungstermin bei kurzfristiger Auftragsgabe war wohl die gr\u00f6\u00dfte Heraus\u00adforderung. Innerhalb von 6 Wochen Bauzeit sollte der zweige\u00adschossige Restaurant\u00adtrakt aufgestockt und so der H\u00f6he des Gesamtgeb\u00e4udes angeglichen werden \u2013 inklusive Planung, Fertigung und Montage. Mit einem H\u00f6chstma\u00df an Gestaltungsanspruch und handwerklich einwandfreier Ausf\u00fchrung. Denn das Dorint Hotel steht f\u00fcr die gehobene Hotellerie, da es vor allem Gesch\u00e4ftsleute und Kongressg\u00e4ste aus aller Welt beherbergt.<\/p>\n\n\n\n<h3 class=\"h4 wp-block-heading\">L\u00f6sung<\/h3>\n\n\n\n<p>Ein erfahrenes Bauteam, gef\u00fchrt von einer Bauleitung und Projekt\u00adleitung vor Ort, konnte den Projekt\u00aderfolg gew\u00e4hr\u00adleisten. Gerade die kurzen Wege zwischen Bauherr und der Hetzel + Sponheuer GmbH &amp; Co. KG machten es m\u00f6glich, die unglaub\u00adlich kurze Bauzeit einzu\u00adhalten. Schnelle Absprachen vor Ort? Kein Problem. Zudem wurde von Anfang an eine exakte Planung durchge\u00adf\u00fchrt, so dass durch eine gute Vorberei\u00adtung der Bau\u00adablauf flie\u00dfend inein\u00adander \u00fcberging.<\/p>\n\n\n\n<p>Zuerst wurde das Restaurant komplett entkernt und eine neue Stahlbetondecke als Galerieebene eingezogen. Die Hetzel + Sponheuer GmbH &amp; Co. KG wurde mit der Ausf\u00fchrung des Innenausbaus beauftragt. Dazu geh\u00f6rten s\u00e4mtliche Trockenbauarbeiten, die Erneuerung des Bodenbelags, Malerleistungen, Dekoration und Verschattungselemente, Schlosser- und Schreinerarbeiten. Besonderes Augenmerk lag dabei auf die gestalterisch und technisch aufwendige GK-Deckenkonstruktion. Die Trockenbaudecken sollten, aufgrund der niedrigen Deckenh\u00f6hen unter und \u00fcber der neuen Zwischendecke, als Druckdecke fungieren und zugleich durch geschwungene Formen und Lichtvouten optisch &#8220;aufgelockert&#8221; werden.<\/p>\n\n\n<div class=\"grid x24 md-col-6-6-row-1 wp-block-lazyblock-inner-block lazyblock-inner-block-13DS7\">\n<div class=\"bg grey img wp-block-lazyblock-inner-block lazyblock-inner-block-8yfom\">\n\n<figure class=\"wp-block-image size-large\"><a class=\"gallery\" href=\"https:\/\/hetzelsponheuer.de\/de\/wp-content\/uploads\/sites\/2\/2019\/11\/dorint_40915.jpg\" rel=\"gallery-1\"><img decoding=\"async\" loading=\"lazy\" width=\"600\" height=\"400\" src=\"https:\/\/hetzelsponheuer.de\/de\/wp-content\/uploads\/sites\/2\/2019\/11\/dorint_40915.jpg\" alt=\"Hotel Refurbishment - Brandschutz\" class=\"wp-image-4547\" srcset=\"https:\/\/hetzelsponheuer.de\/de\/wp-content\/uploads\/sites\/2\/2019\/11\/dorint_40915.jpg 600w, https:\/\/hetzelsponheuer.de\/de\/wp-content\/uploads\/sites\/2\/2019\/11\/dorint_40915-400x267.jpg 400w\" sizes=\"(max-width: 600px) 100vw, 600px\" \/><\/a><\/figure>\n\n\n\n<p class=\"figcaption\">Eingangs\u00adportal <br>zum Restaurant<\/p>\n\n<\/div>\n\n<div class=\"bg grey img wp-block-lazyblock-inner-block lazyblock-inner-block-Z2judo5\">\n\n<figure class=\"wp-block-image size-large\"><a class=\"gallery\" href=\"https:\/\/hetzelsponheuer.de\/de\/wp-content\/uploads\/sites\/2\/2019\/11\/dorint_40918.jpg\" rel=\"gallery-1\"><img decoding=\"async\" loading=\"lazy\" width=\"600\" height=\"400\" src=\"https:\/\/hetzelsponheuer.de\/de\/wp-content\/uploads\/sites\/2\/2019\/11\/dorint_40918.jpg\" alt=\"Hotel Refurbishment - GU\" class=\"wp-image-4548\" srcset=\"https:\/\/hetzelsponheuer.de\/de\/wp-content\/uploads\/sites\/2\/2019\/11\/dorint_40918.jpg 600w, https:\/\/hetzelsponheuer.de\/de\/wp-content\/uploads\/sites\/2\/2019\/11\/dorint_40918-400x267.jpg 400w\" sizes=\"(max-width: 600px) 100vw, 600px\" \/><\/a><\/figure>\n\n\n\n<p class=\"figcaption\">Kurz vor der Er\u00f6ffnung <br>packen alle mit an<\/p>\n\n<\/div>\n<\/div>\n\n\n<p>W\u00e4hrend der ersten vier Wochen fand der Ausbau parallel zur Rohinstallation der Technikgewerke wie L\u00fcftungstechnik, Elektro- und Sanit\u00e4rinstallation statt. In dieser Zeit wurden einzelne Bauelemente bereits vorgefertigt, um k\u00fcrzere Montagezeiten zu generieren. Die Gewerke untereinander waren perfekt abgestimmt, damit jeder Handgriff sitzt. So entstand innerhalb k\u00fcrzester Zeit ein 780 qm gro\u00dfes Kongressrestaurant, das in Spitzenzeiten 320 G\u00e4ste aufnehmen kann. Insgesamt wurden 680 qm GK-Decke, 607 qm Teppichboden und ca. 330 qm Fliesenbelag sowie Sitzb\u00e4nke und M\u00f6bel eingebaut.<\/p>\n\n\n\n<p>Am 7. September 2009 wurde das Restaurant termingerecht er\u00f6ffnet.<\/p>\n\n\n\n<div style=\"height:32px\" aria-hidden=\"true\" class=\"wp-block-spacer\"><\/div>\n\n<\/div>\n<\/div>\n\n<div class=\"col wp-block-lazyblock-inner-block lazyblock-inner-block-Z2wrBd9\">\n<div class=\"wp-block-lazyblock-inner-block lazyblock-inner-block-ZiJPc3\">\n<div class=\"menu-main-menu-container\"><ul id=\"menu-main-menu\" class=\"grey\"><li id=\"menu-item-2901\" class=\"menu-item \"><a href=\"https:\/\/hetzelsponheuer.de\/de\/referenzen\/projektseiten\/\">Projektseiten<\/a><\/li>\n<li id=\"menu-item-2769\" class=\"menu-item \"><a href=\"https:\/\/hetzelsponheuer.de\/de\/referenzen\/projektliste\/\">Projektliste<\/a><\/li>\n<\/ul><\/div>\n\n\n\n<h4 class=\"wp-block-heading\">Ihr Ansprechpartner<\/h4>\n\n\n\n<ul class=\"link ajx grey\"><li><a href=\"https:\/\/hetzelsponheuer.de\/de\/mitarbeiter\/uwe-steinfeld\" data-display=\"fancybox\" data-post-type=\"mitarbeiter\">Uwe Steinfeld<\/a><\/li><\/ul>\n\n\n\n<h4 class=\"wp-block-heading\">L\u00f6sungen<\/h4>\n\n\n\n<ul class=\"fade-link grey\"><li><a href=\"https:\/\/hetzelsponheuer.de\/de\/loesungen\/#hotel-gastronomie\">Hotel und Gastronomie<\/a><\/li><\/ul>\n\n\n\n<h4 class=\"wp-block-heading\">Leistungen<\/h4>\n\n\n\n<ul class=\"fade-link grey\"><li><a href=\"https:\/\/hetzelsponheuer.de\/de\/leistungen\/#planung-und-gestaltung\">Planung und Gestaltung<\/a><\/li><li><a href=\"https:\/\/hetzelsponheuer.de\/de\/leistungen\/#organisation-und-baubegleitung\">Organisation und Baubegleitung<\/a><\/li><li><a href=\"https:\/\/hetzelsponheuer.de\/de\/leistungen\/#handwerk-und-technik\">Handwerk und Technik<\/a><\/li><\/ul>\n\n\n\n<ul><li>Werkplanung<\/li><li>Bauablauf\u00adplanung<\/li><li>Kosten- und Terminmanagement<\/li><li>Gewerke\u00adkoordi\u00adnation<\/li><li>Ausbau, Brandschutz<\/li><li>Spachtel\u00adtechniken<\/li><li>Tapezierungen<\/li><li>Lackierarbeiten<\/li><li>Bodenbel\u00e4ge, Teppiche<\/li><li>Dekoration<\/li><li>Einbaum\u00f6bel<\/li><li>M\u00f6blierung Tische, <br>St\u00fchle, Accessoires<\/li><\/ul>\n\n\n\n<h4 class=\"wp-block-heading\">Fotos<\/h4>\n\n\n\n<ul><li>Astrid Theisen<\/li><\/ul>\n\n<\/div>\n<\/div>\n<\/div>\n\n<div class=\"row x-24 md-3-9 sm-0-12 wp-block-lazyblock-inner-block lazyblock-inner-block-2mrwsP\">\n<div class=\"col wp-block-lazyblock-inner-block lazyblock-inner-block-ZuCFTF\">\n<div class=\"wp-block-lazyblock-inner-block lazyblock-inner-block-Z1QKVGh\">\n\n<p>  <\/p>\n\n<\/div>\n<\/div>\n\n<div class=\"col wp-block-lazyblock-inner-block lazyblock-inner-block-Z1dEO6S\">\n<div class=\"wp-block-lazyblock-inner-block lazyblock-inner-block-1GrFqs\">\n\n<p class=\"logo hetzel\">   <\/p>\n\n<\/div>\n\n\n<div style=\"height:56px\" aria-hidden=\"true\" class=\"wp-block-spacer\"><\/div>\n\n<\/div>\n<\/div>","protected":false},"excerpt":{"rendered":"","protected":false},"author":1,"featured_media":0,"parent":63,"menu_order":9,"comment_status":"closed","ping_status":"closed","template":"page-usecase.php","meta":{"footnotes":""},"yoast_head":"<!-- This site is optimized with the Yoast SEO plugin v22.6 - https:\/\/yoast.com\/wordpress\/plugins\/seo\/ -->\n<title>Brandschutz Innenausbau \u00b7 Hotel Dorinth Mannheim \u00b7 Hetzel+Sponheuer<\/title>\n<meta name=\"description\" content=\"Innenausbau Brandschutz. Dorint Hotel, Mannheim. Hotelsanierung in k\u00fcrzester Bauzeit. Planung, Fertigung, Montage, Baulogistik.\" \/>\n<meta name=\"robots\" content=\"index, follow, max-snippet:-1, max-image-preview:large, max-video-preview:-1\" \/>\n<link rel=\"canonical\" href=\"https:\/\/hetzelsponheuer.de\/de\/referenzen\/dorint-hotel-mannheim\/\" \/>\n<meta property=\"og:locale\" content=\"de_DE\" \/>\n<meta property=\"og:type\" content=\"article\" \/>\n<meta property=\"og:title\" content=\"Brandschutz Innenausbau \u00b7 Hotel Dorinth Mannheim \u00b7 Hetzel+Sponheuer\" \/>\n<meta property=\"og:description\" content=\"Innenausbau Brandschutz. Dorint Hotel, Mannheim. Hotelsanierung in k\u00fcrzester Bauzeit. Planung, Fertigung, Montage, Baulogistik.\" \/>\n<meta property=\"og:url\" content=\"https:\/\/hetzelsponheuer.de\/de\/referenzen\/dorint-hotel-mannheim\/\" \/>\n<meta property=\"og:site_name\" content=\"Hetzel+Sponheuer \u00b7 de\" \/>\n<meta property=\"article:modified_time\" content=\"2020-06-12T10:01:20+00:00\" \/>\n<meta property=\"og:image\" content=\"https:\/\/hetzelsponheuer.de\/de\/wp-content\/uploads\/sites\/2\/2019\/09\/dorint_40920_aus.jpg\" \/>\n<meta name=\"twitter:card\" content=\"summary_large_image\" \/>\n<script type=\"application\/ld+json\" class=\"yoast-schema-graph\">{\"@context\":\"https:\/\/schema.org\",\"@graph\":[{\"@type\":\"WebPage\",\"@id\":\"https:\/\/hetzelsponheuer.de\/de\/referenzen\/dorint-hotel-mannheim\/\",\"url\":\"https:\/\/hetzelsponheuer.de\/de\/referenzen\/dorint-hotel-mannheim\/\",\"name\":\"Brandschutz Innenausbau \u00b7 Hotel Dorinth Mannheim \u00b7 Hetzel+Sponheuer\",\"isPartOf\":{\"@id\":\"https:\/\/hetzelsponheuer.de\/de\/#website\"},\"primaryImageOfPage\":{\"@id\":\"https:\/\/hetzelsponheuer.de\/de\/referenzen\/dorint-hotel-mannheim\/#primaryimage\"},\"image\":{\"@id\":\"https:\/\/hetzelsponheuer.de\/de\/referenzen\/dorint-hotel-mannheim\/#primaryimage\"},\"thumbnailUrl\":\"https:\/\/hetzelsponheuer.de\/de\/wp-content\/uploads\/sites\/2\/2019\/09\/dorint_40920_aus.jpg\",\"datePublished\":\"2019-09-11T11:31:59+00:00\",\"dateModified\":\"2020-06-12T10:01:20+00:00\",\"description\":\"Innenausbau Brandschutz. Dorint Hotel, Mannheim. Hotelsanierung in k\u00fcrzester Bauzeit. Planung, Fertigung, Montage, Baulogistik.\",\"breadcrumb\":{\"@id\":\"https:\/\/hetzelsponheuer.de\/de\/referenzen\/dorint-hotel-mannheim\/#breadcrumb\"},\"inLanguage\":\"de\",\"potentialAction\":[{\"@type\":\"ReadAction\",\"target\":[\"https:\/\/hetzelsponheuer.de\/de\/referenzen\/dorint-hotel-mannheim\/\"]}]},{\"@type\":\"ImageObject\",\"inLanguage\":\"de\",\"@id\":\"https:\/\/hetzelsponheuer.de\/de\/referenzen\/dorint-hotel-mannheim\/#primaryimage\",\"url\":\"https:\/\/hetzelsponheuer.de\/de\/wp-content\/uploads\/sites\/2\/2019\/09\/dorint_40920_aus.jpg\",\"contentUrl\":\"https:\/\/hetzelsponheuer.de\/de\/wp-content\/uploads\/sites\/2\/2019\/09\/dorint_40920_aus.jpg\",\"width\":240,\"height\":559},{\"@type\":\"BreadcrumbList\",\"@id\":\"https:\/\/hetzelsponheuer.de\/de\/referenzen\/dorint-hotel-mannheim\/#breadcrumb\",\"itemListElement\":[{\"@type\":\"ListItem\",\"position\":1,\"name\":\"Startseite\",\"item\":\"https:\/\/hetzelsponheuer.de\/de\/\"},{\"@type\":\"ListItem\",\"position\":2,\"name\":\"Referenzen\",\"item\":\"https:\/\/hetzelsponheuer.de\/de\/referenzen\/\"},{\"@type\":\"ListItem\",\"position\":3,\"name\":\"Dorint Hotel Mannheim\"}]},{\"@type\":\"WebSite\",\"@id\":\"https:\/\/hetzelsponheuer.de\/de\/#website\",\"url\":\"https:\/\/hetzelsponheuer.de\/de\/\",\"name\":\"Hetzel+Sponheuer \u00b7 de\",\"description\":\"L\u00f6sungen f\u00fcr Ihr Bauprojekt\",\"publisher\":{\"@id\":\"https:\/\/hetzelsponheuer.de\/de\/#organization\"},\"inLanguage\":\"de\"},{\"@type\":\"Organization\",\"@id\":\"https:\/\/hetzelsponheuer.de\/de\/#organization\",\"name\":\"Hetzel+Sponheuer GmbH & Co. KG\",\"url\":\"https:\/\/hetzelsponheuer.de\/de\/\",\"logo\":{\"@type\":\"ImageObject\",\"inLanguage\":\"de\",\"@id\":\"https:\/\/hetzelsponheuer.de\/de\/#\/schema\/logo\/image\/\",\"url\":\"https:\/\/hetzelsponheuer.de\/en\/wp-content\/uploads\/sites\/2\/2020\/02\/logo_hetzelsponheuer.png\",\"contentUrl\":\"https:\/\/hetzelsponheuer.de\/en\/wp-content\/uploads\/sites\/2\/2020\/02\/logo_hetzelsponheuer.png\",\"width\":360,\"height\":24,\"caption\":\"Hetzel+Sponheuer GmbH & Co. KG\"},\"image\":{\"@id\":\"https:\/\/hetzelsponheuer.de\/de\/#\/schema\/logo\/image\/\"},\"sameAs\":[\"https:\/\/www.linkedin.com\/company\/hetzel-sponheuer-gmbh-&amp;-co.-kg\"]}]}<\/script>\n<!-- \/ Yoast SEO plugin. -->","yoast_head_json":{"title":"Brandschutz Innenausbau \u00b7 Hotel Dorinth Mannheim \u00b7 Hetzel+Sponheuer","description":"Innenausbau Brandschutz. Dorint Hotel, Mannheim. Hotelsanierung in k\u00fcrzester Bauzeit. Planung, Fertigung, Montage, Baulogistik.","robots":{"index":"index","follow":"follow","max-snippet":"max-snippet:-1","max-image-preview":"max-image-preview:large","max-video-preview":"max-video-preview:-1"},"canonical":"https:\/\/hetzelsponheuer.de\/de\/referenzen\/dorint-hotel-mannheim\/","og_locale":"de_DE","og_type":"article","og_title":"Brandschutz Innenausbau \u00b7 Hotel Dorinth Mannheim \u00b7 Hetzel+Sponheuer","og_description":"Innenausbau Brandschutz. Dorint Hotel, Mannheim. Hotelsanierung in k\u00fcrzester Bauzeit. Planung, Fertigung, Montage, Baulogistik.","og_url":"https:\/\/hetzelsponheuer.de\/de\/referenzen\/dorint-hotel-mannheim\/","og_site_name":"Hetzel+Sponheuer \u00b7 de","article_modified_time":"2020-06-12T10:01:20+00:00","og_image":[{"url":"https:\/\/hetzelsponheuer.de\/de\/wp-content\/uploads\/sites\/2\/2019\/09\/dorint_40920_aus.jpg"}],"twitter_card":"summary_large_image","schema":{"@context":"https:\/\/schema.org","@graph":[{"@type":"WebPage","@id":"https:\/\/hetzelsponheuer.de\/de\/referenzen\/dorint-hotel-mannheim\/","url":"https:\/\/hetzelsponheuer.de\/de\/referenzen\/dorint-hotel-mannheim\/","name":"Brandschutz Innenausbau \u00b7 Hotel Dorinth Mannheim \u00b7 Hetzel+Sponheuer","isPartOf":{"@id":"https:\/\/hetzelsponheuer.de\/de\/#website"},"primaryImageOfPage":{"@id":"https:\/\/hetzelsponheuer.de\/de\/referenzen\/dorint-hotel-mannheim\/#primaryimage"},"image":{"@id":"https:\/\/hetzelsponheuer.de\/de\/referenzen\/dorint-hotel-mannheim\/#primaryimage"},"thumbnailUrl":"https:\/\/hetzelsponheuer.de\/de\/wp-content\/uploads\/sites\/2\/2019\/09\/dorint_40920_aus.jpg","datePublished":"2019-09-11T11:31:59+00:00","dateModified":"2020-06-12T10:01:20+00:00","description":"Innenausbau Brandschutz. Dorint Hotel, Mannheim. Hotelsanierung in k\u00fcrzester Bauzeit. Planung, Fertigung, Montage, Baulogistik.","breadcrumb":{"@id":"https:\/\/hetzelsponheuer.de\/de\/referenzen\/dorint-hotel-mannheim\/#breadcrumb"},"inLanguage":"de","potentialAction":[{"@type":"ReadAction","target":["https:\/\/hetzelsponheuer.de\/de\/referenzen\/dorint-hotel-mannheim\/"]}]},{"@type":"ImageObject","inLanguage":"de","@id":"https:\/\/hetzelsponheuer.de\/de\/referenzen\/dorint-hotel-mannheim\/#primaryimage","url":"https:\/\/hetzelsponheuer.de\/de\/wp-content\/uploads\/sites\/2\/2019\/09\/dorint_40920_aus.jpg","contentUrl":"https:\/\/hetzelsponheuer.de\/de\/wp-content\/uploads\/sites\/2\/2019\/09\/dorint_40920_aus.jpg","width":240,"height":559},{"@type":"BreadcrumbList","@id":"https:\/\/hetzelsponheuer.de\/de\/referenzen\/dorint-hotel-mannheim\/#breadcrumb","itemListElement":[{"@type":"ListItem","position":1,"name":"Startseite","item":"https:\/\/hetzelsponheuer.de\/de\/"},{"@type":"ListItem","position":2,"name":"Referenzen","item":"https:\/\/hetzelsponheuer.de\/de\/referenzen\/"},{"@type":"ListItem","position":3,"name":"Dorint Hotel Mannheim"}]},{"@type":"WebSite","@id":"https:\/\/hetzelsponheuer.de\/de\/#website","url":"https:\/\/hetzelsponheuer.de\/de\/","name":"Hetzel+Sponheuer \u00b7 de","description":"L\u00f6sungen f\u00fcr Ihr Bauprojekt","publisher":{"@id":"https:\/\/hetzelsponheuer.de\/de\/#organization"},"inLanguage":"de"},{"@type":"Organization","@id":"https:\/\/hetzelsponheuer.de\/de\/#organization","name":"Hetzel+Sponheuer GmbH & Co. KG","url":"https:\/\/hetzelsponheuer.de\/de\/","logo":{"@type":"ImageObject","inLanguage":"de","@id":"https:\/\/hetzelsponheuer.de\/de\/#\/schema\/logo\/image\/","url":"https:\/\/hetzelsponheuer.de\/en\/wp-content\/uploads\/sites\/2\/2020\/02\/logo_hetzelsponheuer.png","contentUrl":"https:\/\/hetzelsponheuer.de\/en\/wp-content\/uploads\/sites\/2\/2020\/02\/logo_hetzelsponheuer.png","width":360,"height":24,"caption":"Hetzel+Sponheuer GmbH & Co. KG"},"image":{"@id":"https:\/\/hetzelsponheuer.de\/de\/#\/schema\/logo\/image\/"},"sameAs":["https:\/\/www.linkedin.com\/company\/hetzel-sponheuer-gmbh-&amp;-co.-kg"]}]}},"_links":{"self":[{"href":"https:\/\/hetzelsponheuer.de\/de\/wp-json\/wp\/v2\/pages\/2991"}],"collection":[{"href":"https:\/\/hetzelsponheuer.de\/de\/wp-json\/wp\/v2\/pages"}],"about":[{"href":"https:\/\/hetzelsponheuer.de\/de\/wp-json\/wp\/v2\/types\/page"}],"author":[{"embeddable":true,"href":"https:\/\/hetzelsponheuer.de\/de\/wp-json\/wp\/v2\/users\/1"}],"replies":[{"embeddable":true,"href":"https:\/\/hetzelsponheuer.de\/de\/wp-json\/wp\/v2\/comments?post=2991"}],"version-history":[{"count":4,"href":"https:\/\/hetzelsponheuer.de\/de\/wp-json\/wp\/v2\/pages\/2991\/revisions"}],"predecessor-version":[{"id":5606,"href":"https:\/\/hetzelsponheuer.de\/de\/wp-json\/wp\/v2\/pages\/2991\/revisions\/5606"}],"up":[{"embeddable":true,"href":"https:\/\/hetzelsponheuer.de\/de\/wp-json\/wp\/v2\/pages\/63"}],"wp:attachment":[{"href":"https:\/\/hetzelsponheuer.de\/de\/wp-json\/wp\/v2\/media?parent=2991"}],"curies":[{"name":"wp","href":"https:\/\/api.w.org\/{rel}","templated":true}]}}