{"id":2996,"date":"2019-09-11T13:36:49","date_gmt":"2019-09-11T11:36:49","guid":{"rendered":"http:\/\/hetzelsponheuer.de\/de\/?page_id=2996"},"modified":"2020-08-04T11:46:24","modified_gmt":"2020-08-04T09:46:24","slug":"einkaufscenter-bundesweit","status":"publish","type":"page","link":"https:\/\/hetzelsponheuer.de\/de\/referenzen\/einkaufscenter-bundesweit\/","title":{"rendered":"Einkaufscenter bundesweit"},"content":{"rendered":"<div class=\"banner row x-4 md-3-6-3 sm-0-12-0 wp-block-lazyblock-inner-block lazyblock-inner-block-1kSrP1\">\n<div class=\"col wp-block-lazyblock-inner-block lazyblock-inner-block-Z1da7Fw\">\n<div class=\"bg grey img wp-block-lazyblock-inner-block lazyblock-inner-block-xltxB\">\n\n<figure class=\"wp-block-image\"><img decoding=\"async\" loading=\"lazy\" width=\"373\" height=\"645\" src=\"https:\/\/hetzelsponheuer.de\/de\/wp-content\/uploads\/sites\/2\/2019\/09\/einkaufscenter_1192_right.jpg\" alt=\"\" class=\"wp-image-3314\" srcset=\"https:\/\/hetzelsponheuer.de\/de\/wp-content\/uploads\/sites\/2\/2019\/09\/einkaufscenter_1192_right.jpg 373w, https:\/\/hetzelsponheuer.de\/de\/wp-content\/uploads\/sites\/2\/2019\/09\/einkaufscenter_1192_right-173x300.jpg 173w\" sizes=\"(max-width: 373px) 100vw, 373px\" \/><\/figure>\n\n<\/div>\n<\/div>\n\n<div class=\"col wp-block-lazyblock-inner-block lazyblock-inner-block-1gDVMO\">\n<div class=\"bg grey img wp-block-lazyblock-inner-block lazyblock-inner-block-25PnQc\">\n\n<figure class=\"wp-block-image\"><img decoding=\"async\" loading=\"lazy\" width=\"754\" height=\"645\" src=\"https:\/\/hetzelsponheuer.de\/de\/wp-content\/uploads\/sites\/2\/2019\/09\/einkaufscenter_1192_left.jpg\" alt=\"\" class=\"wp-image-3313\" srcset=\"https:\/\/hetzelsponheuer.de\/de\/wp-content\/uploads\/sites\/2\/2019\/09\/einkaufscenter_1192_left.jpg 754w, https:\/\/hetzelsponheuer.de\/de\/wp-content\/uploads\/sites\/2\/2019\/09\/einkaufscenter_1192_left-300x257.jpg 300w\" sizes=\"(max-width: 754px) 100vw, 754px\" \/><\/figure>\n\n<\/div>\n<\/div>\n\n<div class=\"col wp-block-lazyblock-inner-block lazyblock-inner-block-2lGT91\">\n<div class=\"bg grey img wp-block-lazyblock-inner-block lazyblock-inner-block-Z1n79J4\">\n\n<figure class=\"wp-block-image\"><img decoding=\"async\" loading=\"lazy\" width=\"373\" height=\"645\" src=\"https:\/\/hetzelsponheuer.de\/de\/wp-content\/uploads\/sites\/2\/2019\/09\/einkaufscenter_1192_right.jpg\" alt=\"\" class=\"wp-image-3314\" srcset=\"https:\/\/hetzelsponheuer.de\/de\/wp-content\/uploads\/sites\/2\/2019\/09\/einkaufscenter_1192_right.jpg 373w, https:\/\/hetzelsponheuer.de\/de\/wp-content\/uploads\/sites\/2\/2019\/09\/einkaufscenter_1192_right-173x300.jpg 173w\" sizes=\"(max-width: 373px) 100vw, 373px\" \/><\/figure>\n\n<\/div>\n<\/div>\n<\/div>\n\n<div class=\"row x-24 md-3-9 sm-0-12 wp-block-lazyblock-inner-block lazyblock-inner-block-Z1YnPRv\">\n<div class=\"col wp-block-lazyblock-inner-block lazyblock-inner-block-1KyAnM\">\n<div class=\"wp-block-lazyblock-inner-block lazyblock-inner-block-ZQJXop\">\n\n<p>  <\/p>\n\n<\/div>\n<\/div>\n\n<div class=\"col wp-block-lazyblock-inner-block lazyblock-inner-block-1k7Wmw\">\n<div class=\"head wp-block-lazyblock-inner-block lazyblock-inner-block-Z1G5WWD\">\n\n<p class=\"topline\">KOMPETENZ IN UM- UND AUSBAU<\/p>\n\n\n\n<h2 class=\"h1 wp-block-heading\">Einkaufs\u00adcenter <span class=\"grey\">bundes\u00adweit<\/span><\/h2>\n\n<\/div>\n<\/div>\n<\/div>\n\n<div class=\"row x-24 md-3-6-3 sm-0-12-0 wp-block-lazyblock-inner-block lazyblock-inner-block-ZVfRHj\">\n<div class=\"col wp-block-lazyblock-inner-block lazyblock-inner-block-UKsF4\">\n<div class=\"wp-block-lazyblock-inner-block lazyblock-inner-block-Z1brndl\">\n\n<p class=\"md-right pl-24\"><\/p>\n\n<\/div>\n<\/div>\n\n<div class=\"col wp-block-lazyblock-inner-block lazyblock-inner-block-Z1rj4eR\">\n<div class=\"wp-block-lazyblock-inner-block lazyblock-inner-block-213Klg\">\n\n<p class=\"color\"><strong>St\u00e4ndig neue Anforderungen an Einkaufsfl\u00e4chen sowie der steigende Anspruch der K\u00e4ufer zwingt die Betreiber von Einkaufscentern sich dem steten Wandel laufend anzupassen. Insbesondere die Umstrukturierung der Verkaufsfl\u00e4chen in moderne, zeitgem\u00e4\u00dfe Einkaufswelten und der gleichzeitige Bedarf an technisch optimierten L\u00f6sungen verlangt nach kompetenten Partnern.<\/strong><\/p>\n\n\n\n<div style=\"height:24px\" aria-hidden=\"true\" class=\"wp-block-spacer\"><\/div>\n\n\n\n<h3 class=\"h4 wp-block-heading\">Centerkonzepte erfahren umgesetzt<\/h3>\n\n\n\n<p>Die Hetzel + Sponheuer GmbH &amp; Co. KG kann aufgrund der Realisierung anspruchsvoller Shop- und Centerkonzepte in den letzten 20 Jahren auf einen riesigen Grundstock an Erfahrung bauen.&nbsp;<\/p>\n\n\n\n<p>Die L\u00f6sungen sind dabei so vielf\u00e4ltig wie die Herausforderungen, die an uns gestellt werden.<\/p>\n\n\n\n<p>Genauso wie f\u00fcr Sie z\u00e4hlt f\u00fcr uns der perfekte Kundenservice. Unsere interdisziplin\u00e4r aufgestellte Mannschaft l\u00f6st deshalb gerne f\u00fcr Sie alle Bauaufgaben schnell und unkompliziert. So k\u00f6nnen Sie sich auf Ihre Kernkompetenzen konzentrieren. Bei uns stimmt das Preis-Leistungsverh\u00e4ltnis, das wir gerne vorher durch&nbsp;<a>&gt; vertragliche Optionen<\/a>&nbsp;mit Ihnen gemeinsam abkl\u00e4ren.<\/p>\n\n\n\n<h3 class=\"h4 wp-block-heading\">Die wichtigsten Leistungen<\/h3>\n\n\n\n<ul><li>Umstrukturierung von Verkaufsfl\u00e4chen<\/li><li>Ladenbaukonzepte<\/li><li>Organisation von Bauabl\u00e4ufen inklusive Logistikmanagement<\/li><li>Material- und Personaldisposition<\/li><li>Um- und Ausbau von Verkaufsfl\u00e4chen<\/li><li>Verkn\u00fcpfung aller Gewerke wie Trockenbau, Maler-, Bodenbelags- und Fliesenarbeiten<\/li><li>Technischer Brandschutz<\/li><li>Betoninstandsetzungen<\/li><li>Haus- und Geb\u00e4udetechnik<\/li><\/ul>\n\n\n\n<h3 class=\"h4 wp-block-heading\">Referenzen &#8220;Einkaufscenter&#8221;<\/h3>\n\n\n\n<ul><li>SchwanenMarkt Krefeld<\/li><li>Rhein-Ruhr-Zentrum M\u00fclheim<\/li><li>Allee-Center Essen Altenessen<\/li><li>Allee-Center Hamm<\/li><li>Leo-Center Leonberg<\/li><li>City-Galerie Siegen<\/li><li>City-Point \/ Drehscheibe Bochum<\/li><li>L\u00f6hr-Center Koblenz<\/li><li>K\u00d6 Galerie D\u00fcsseldorf<\/li><li>Breuningerland Ludwigsburg<\/li><\/ul>\n\n\n<div class=\"grid x24 md-col-6-6-row-1 wp-block-lazyblock-inner-block lazyblock-inner-block-Z1edqVv\">\n<div class=\"bg grey img wp-block-lazyblock-inner-block lazyblock-inner-block-Z2ioDGp\">\n\n<figure class=\"wp-block-image size-large\"><a class=\"gallery\" href=\"https:\/\/hetzelsponheuer.de\/de\/wp-content\/uploads\/sites\/2\/2019\/11\/rhein_ruhr_356.jpg\" rel=\"gallery-1\"><img decoding=\"async\" loading=\"lazy\" width=\"600\" height=\"500\" src=\"https:\/\/hetzelsponheuer.de\/de\/wp-content\/uploads\/sites\/2\/2019\/11\/rhein_ruhr_356.jpg\" alt=\"\" class=\"wp-image-4552\" srcset=\"https:\/\/hetzelsponheuer.de\/de\/wp-content\/uploads\/sites\/2\/2019\/11\/rhein_ruhr_356.jpg 600w, https:\/\/hetzelsponheuer.de\/de\/wp-content\/uploads\/sites\/2\/2019\/11\/rhein_ruhr_356-400x333.jpg 400w\" sizes=\"(max-width: 600px) 100vw, 600px\" \/><\/a><\/figure>\n\n\n\n<p class=\"figcaption\">Baufl\u00e4che<\/p>\n\n<\/div>\n\n<div class=\"bg grey img wp-block-lazyblock-inner-block lazyblock-inner-block-ZV6DL7\">\n\n<figure class=\"wp-block-image size-large\"><a class=\"gallery\" href=\"https:\/\/hetzelsponheuer.de\/de\/wp-content\/uploads\/sites\/2\/2019\/11\/rhein_ruhr_399.jpg\" rel=\"gallery-1\"><img decoding=\"async\" loading=\"lazy\" width=\"600\" height=\"501\" src=\"https:\/\/hetzelsponheuer.de\/de\/wp-content\/uploads\/sites\/2\/2019\/11\/rhein_ruhr_399.jpg\" alt=\"\" class=\"wp-image-4553\" srcset=\"https:\/\/hetzelsponheuer.de\/de\/wp-content\/uploads\/sites\/2\/2019\/11\/rhein_ruhr_399.jpg 600w, https:\/\/hetzelsponheuer.de\/de\/wp-content\/uploads\/sites\/2\/2019\/11\/rhein_ruhr_399-400x334.jpg 400w\" sizes=\"(max-width: 600px) 100vw, 600px\" \/><\/a><\/figure>\n\n\n\n<p class=\"figcaption\">Rhein-Ruhr Zentrum<\/p>\n\n<\/div>\n\n<div class=\"bg grey img wp-block-lazyblock-inner-block lazyblock-inner-block-Z1CR5wK\">\n\n<figure class=\"wp-block-image size-large\"><a class=\"gallery\" href=\"https:\/\/hetzelsponheuer.de\/de\/wp-content\/uploads\/sites\/2\/2019\/11\/einkaufscenter_30461.jpg\" rel=\"gallery-1\"><img decoding=\"async\" loading=\"lazy\" width=\"600\" height=\"500\" src=\"https:\/\/hetzelsponheuer.de\/de\/wp-content\/uploads\/sites\/2\/2019\/11\/einkaufscenter_30461.jpg\" alt=\"\" class=\"wp-image-4554\" srcset=\"https:\/\/hetzelsponheuer.de\/de\/wp-content\/uploads\/sites\/2\/2019\/11\/einkaufscenter_30461.jpg 600w, https:\/\/hetzelsponheuer.de\/de\/wp-content\/uploads\/sites\/2\/2019\/11\/einkaufscenter_30461-400x333.jpg 400w\" sizes=\"(max-width: 600px) 100vw, 600px\" \/><\/a><\/figure>\n\n\n\n<p class=\"figcaption\">Technik<\/p>\n\n<\/div>\n\n<div class=\"bg grey img wp-block-lazyblock-inner-block lazyblock-inner-block-1O4J3F\">\n\n<figure class=\"wp-block-image size-large\"><a class=\"gallery\" href=\"https:\/\/hetzelsponheuer.de\/de\/wp-content\/uploads\/sites\/2\/2019\/11\/loehr_6661.jpg\" rel=\"gallery-1\"><img decoding=\"async\" loading=\"lazy\" width=\"600\" height=\"500\" src=\"https:\/\/hetzelsponheuer.de\/de\/wp-content\/uploads\/sites\/2\/2019\/11\/loehr_6661.jpg\" alt=\"\" class=\"wp-image-4555\" srcset=\"https:\/\/hetzelsponheuer.de\/de\/wp-content\/uploads\/sites\/2\/2019\/11\/loehr_6661.jpg 600w, https:\/\/hetzelsponheuer.de\/de\/wp-content\/uploads\/sites\/2\/2019\/11\/loehr_6661-400x333.jpg 400w\" sizes=\"(max-width: 600px) 100vw, 600px\" \/><\/a><\/figure>\n\n\n\n<p class=\"figcaption\">Einbauten<\/p>\n\n<\/div>\n<\/div>\n\n\n<div style=\"height:32px\" aria-hidden=\"true\" class=\"wp-block-spacer\"><\/div>\n\n<\/div>\n<\/div>\n\n<div class=\"col wp-block-lazyblock-inner-block lazyblock-inner-block-Z2wrBd9\">\n<div class=\"wp-block-lazyblock-inner-block lazyblock-inner-block-ZiJPc3\">\n<div class=\"menu-main-menu-container\"><ul id=\"menu-main-menu\" class=\"grey\"><li id=\"menu-item-2901\" class=\"menu-item \"><a href=\"https:\/\/hetzelsponheuer.de\/de\/referenzen\/projektseiten\/\">Projektseiten<\/a><\/li>\n<li id=\"menu-item-2769\" class=\"menu-item \"><a href=\"https:\/\/hetzelsponheuer.de\/de\/referenzen\/projektliste\/\">Projektliste<\/a><\/li>\n<\/ul><\/div>\n\n\n\n<h4 class=\"wp-block-heading\">Ihr Ansprechpartner<\/h4>\n\n\n\n<ul class=\"ajx grey\"><li><a data-post-type=\"mitarbeiter\" data-display=\"fancybox\" href=\"https:\/\/hetzelsponheuer.de\/de\/mitarbeiter\/stephan-berndt\">Stephan Berndt<\/a><br>Diplom-Ingenieur&nbsp;<\/li><\/ul>\n\n\n\n<h4 class=\"wp-block-heading\">L\u00f6sungen<\/h4>\n\n\n\n<ul class=\"fade-link grey\"><li><a href=\"https:\/\/hetzelsponheuer.de\/de\/loesungen\/einkaufscenter-ladenlokal\">Einkaufscenter und Ladenlokal<\/a><\/li><\/ul>\n\n\n\n<h4 class=\"wp-block-heading\">Leistungen, die ineinander greifen<\/h4>\n\n\n\n<ul class=\"fade-link grey\"><li class=\"menu-item\"><a href=\"https:\/\/hetzelsponheuer.de\/de\/leistungen\/#bewertung-und-beratung\">Bewertung und Beratung<\/a><\/li><li class=\"menu-item \"><a href=\"https:\/\/hetzelsponheuer.de\/de\/leistungen\/#planung-und-gestaltung\">Planung und Gestaltung<\/a><\/li><li class=\"menu-item \"><a href=\"https:\/\/hetzelsponheuer.de\/de\/leistungen\/#organisation-und-baubegleitung\">Organisation und Baubegleitung<\/a><\/li><li class=\"menu-item \"><a href=\"https:\/\/hetzelsponheuer.de\/de\/leistungen\/#handwerk-und-technik\">Handwerk und Technik<\/a><\/li><\/ul>\n\n\n\n<h4 class=\"wp-block-heading\">Fotos<\/h4>\n\n\n\n<ul><li>Astrid Theisen<\/li><\/ul>\n\n<\/div>\n<\/div>\n<\/div>\n\n<div class=\"row x-24 md-3-9 sm-0-12 wp-block-lazyblock-inner-block lazyblock-inner-block-Z24xFYC\">\n<div class=\"col wp-block-lazyblock-inner-block lazyblock-inner-block-Z2sasY8\">\n<div class=\"wp-block-lazyblock-inner-block lazyblock-inner-block-131tpp\">\n\n<p>  <\/p>\n\n<\/div>\n<\/div>\n\n<div class=\"col wp-block-lazyblock-inner-block lazyblock-inner-block-Z1ccknD\">\n<div class=\"grid logo both wp-block-lazyblock-inner-block lazyblock-inner-block-Z48unP\">\n\n<p class=\"logo hetzel\">    <\/p>\n\n\n\n<p class=\"logo sponheuer\">   <\/p>\n\n\n\n<p> <\/p>\n\n<\/div>\n<\/div>\n<\/div>","protected":false},"excerpt":{"rendered":"","protected":false},"author":1,"featured_media":0,"parent":63,"menu_order":9,"comment_status":"closed","ping_status":"closed","template":"page-usecase.php","meta":{"footnotes":""},"yoast_head":"<!-- This site is optimized with the Yoast SEO plugin v22.6 - https:\/\/yoast.com\/wordpress\/plugins\/seo\/ -->\n<title>Umbau Ausbau \u00b7 Centerkonzepte bundesweit \u00b7 Hetzel+Sponheuer \u00b7 Essen<\/title>\n<meta name=\"description\" content=\"Umbau, Ausbau von Einkaufscentern bei laufendem Betrieb im gesamten Bundesgebiet. Baul\u00f6sung &#039;Einkaufscenter und Ladenlokal&#039;, Centerkonzept\" \/>\n<meta name=\"robots\" content=\"index, follow, max-snippet:-1, max-image-preview:large, max-video-preview:-1\" \/>\n<link rel=\"canonical\" href=\"https:\/\/hetzelsponheuer.de\/de\/referenzen\/einkaufscenter-bundesweit\/\" \/>\n<meta property=\"og:locale\" content=\"de_DE\" \/>\n<meta property=\"og:type\" content=\"article\" \/>\n<meta property=\"og:title\" content=\"Umbau Ausbau \u00b7 Centerkonzepte bundesweit \u00b7 Hetzel+Sponheuer \u00b7 Essen\" \/>\n<meta property=\"og:description\" content=\"Umbau, Ausbau von Einkaufscentern bei laufendem Betrieb im gesamten Bundesgebiet. Baul\u00f6sung &#039;Einkaufscenter und Ladenlokal&#039;, Centerkonzept\" \/>\n<meta property=\"og:url\" content=\"https:\/\/hetzelsponheuer.de\/de\/referenzen\/einkaufscenter-bundesweit\/\" \/>\n<meta property=\"og:site_name\" content=\"Hetzel+Sponheuer \u00b7 de\" \/>\n<meta property=\"article:modified_time\" content=\"2020-08-04T09:46:24+00:00\" \/>\n<meta property=\"og:image\" content=\"https:\/\/hetzelsponheuer.de\/de\/wp-content\/uploads\/sites\/2\/2019\/09\/einkaufscenter_1192_right.jpg\" \/>\n<meta name=\"twitter:card\" content=\"summary_large_image\" \/>\n<script type=\"application\/ld+json\" class=\"yoast-schema-graph\">{\"@context\":\"https:\/\/schema.org\",\"@graph\":[{\"@type\":\"WebPage\",\"@id\":\"https:\/\/hetzelsponheuer.de\/de\/referenzen\/einkaufscenter-bundesweit\/\",\"url\":\"https:\/\/hetzelsponheuer.de\/de\/referenzen\/einkaufscenter-bundesweit\/\",\"name\":\"Umbau Ausbau \u00b7 Centerkonzepte bundesweit \u00b7 Hetzel+Sponheuer \u00b7 Essen\",\"isPartOf\":{\"@id\":\"https:\/\/hetzelsponheuer.de\/de\/#website\"},\"primaryImageOfPage\":{\"@id\":\"https:\/\/hetzelsponheuer.de\/de\/referenzen\/einkaufscenter-bundesweit\/#primaryimage\"},\"image\":{\"@id\":\"https:\/\/hetzelsponheuer.de\/de\/referenzen\/einkaufscenter-bundesweit\/#primaryimage\"},\"thumbnailUrl\":\"https:\/\/hetzelsponheuer.de\/de\/wp-content\/uploads\/sites\/2\/2019\/09\/einkaufscenter_1192_right.jpg\",\"datePublished\":\"2019-09-11T11:36:49+00:00\",\"dateModified\":\"2020-08-04T09:46:24+00:00\",\"description\":\"Umbau, Ausbau von Einkaufscentern bei laufendem Betrieb im gesamten Bundesgebiet. Baul\u00f6sung 'Einkaufscenter und Ladenlokal', Centerkonzept\",\"breadcrumb\":{\"@id\":\"https:\/\/hetzelsponheuer.de\/de\/referenzen\/einkaufscenter-bundesweit\/#breadcrumb\"},\"inLanguage\":\"de\",\"potentialAction\":[{\"@type\":\"ReadAction\",\"target\":[\"https:\/\/hetzelsponheuer.de\/de\/referenzen\/einkaufscenter-bundesweit\/\"]}]},{\"@type\":\"ImageObject\",\"inLanguage\":\"de\",\"@id\":\"https:\/\/hetzelsponheuer.de\/de\/referenzen\/einkaufscenter-bundesweit\/#primaryimage\",\"url\":\"https:\/\/hetzelsponheuer.de\/de\/wp-content\/uploads\/sites\/2\/2019\/09\/einkaufscenter_1192_right.jpg\",\"contentUrl\":\"https:\/\/hetzelsponheuer.de\/de\/wp-content\/uploads\/sites\/2\/2019\/09\/einkaufscenter_1192_right.jpg\",\"width\":373,\"height\":645},{\"@type\":\"BreadcrumbList\",\"@id\":\"https:\/\/hetzelsponheuer.de\/de\/referenzen\/einkaufscenter-bundesweit\/#breadcrumb\",\"itemListElement\":[{\"@type\":\"ListItem\",\"position\":1,\"name\":\"Startseite\",\"item\":\"https:\/\/hetzelsponheuer.de\/de\/\"},{\"@type\":\"ListItem\",\"position\":2,\"name\":\"Referenzen\",\"item\":\"https:\/\/hetzelsponheuer.de\/de\/referenzen\/\"},{\"@type\":\"ListItem\",\"position\":3,\"name\":\"Einkaufscenter bundesweit\"}]},{\"@type\":\"WebSite\",\"@id\":\"https:\/\/hetzelsponheuer.de\/de\/#website\",\"url\":\"https:\/\/hetzelsponheuer.de\/de\/\",\"name\":\"Hetzel+Sponheuer \u00b7 de\",\"description\":\"L\u00f6sungen f\u00fcr Ihr Bauprojekt\",\"publisher\":{\"@id\":\"https:\/\/hetzelsponheuer.de\/de\/#organization\"},\"inLanguage\":\"de\"},{\"@type\":\"Organization\",\"@id\":\"https:\/\/hetzelsponheuer.de\/de\/#organization\",\"name\":\"Hetzel+Sponheuer GmbH & Co. KG\",\"url\":\"https:\/\/hetzelsponheuer.de\/de\/\",\"logo\":{\"@type\":\"ImageObject\",\"inLanguage\":\"de\",\"@id\":\"https:\/\/hetzelsponheuer.de\/de\/#\/schema\/logo\/image\/\",\"url\":\"https:\/\/hetzelsponheuer.de\/en\/wp-content\/uploads\/sites\/2\/2020\/02\/logo_hetzelsponheuer.png\",\"contentUrl\":\"https:\/\/hetzelsponheuer.de\/en\/wp-content\/uploads\/sites\/2\/2020\/02\/logo_hetzelsponheuer.png\",\"width\":360,\"height\":24,\"caption\":\"Hetzel+Sponheuer GmbH & Co. KG\"},\"image\":{\"@id\":\"https:\/\/hetzelsponheuer.de\/de\/#\/schema\/logo\/image\/\"},\"sameAs\":[\"https:\/\/www.linkedin.com\/company\/hetzel-sponheuer-gmbh-&amp;-co.-kg\"]}]}<\/script>\n<!-- \/ Yoast SEO plugin. -->","yoast_head_json":{"title":"Umbau Ausbau \u00b7 Centerkonzepte bundesweit \u00b7 Hetzel+Sponheuer \u00b7 Essen","description":"Umbau, Ausbau von Einkaufscentern bei laufendem Betrieb im gesamten Bundesgebiet. Baul\u00f6sung 'Einkaufscenter und Ladenlokal', Centerkonzept","robots":{"index":"index","follow":"follow","max-snippet":"max-snippet:-1","max-image-preview":"max-image-preview:large","max-video-preview":"max-video-preview:-1"},"canonical":"https:\/\/hetzelsponheuer.de\/de\/referenzen\/einkaufscenter-bundesweit\/","og_locale":"de_DE","og_type":"article","og_title":"Umbau Ausbau \u00b7 Centerkonzepte bundesweit \u00b7 Hetzel+Sponheuer \u00b7 Essen","og_description":"Umbau, Ausbau von Einkaufscentern bei laufendem Betrieb im gesamten Bundesgebiet. Baul\u00f6sung 'Einkaufscenter und Ladenlokal', Centerkonzept","og_url":"https:\/\/hetzelsponheuer.de\/de\/referenzen\/einkaufscenter-bundesweit\/","og_site_name":"Hetzel+Sponheuer \u00b7 de","article_modified_time":"2020-08-04T09:46:24+00:00","og_image":[{"url":"https:\/\/hetzelsponheuer.de\/de\/wp-content\/uploads\/sites\/2\/2019\/09\/einkaufscenter_1192_right.jpg"}],"twitter_card":"summary_large_image","schema":{"@context":"https:\/\/schema.org","@graph":[{"@type":"WebPage","@id":"https:\/\/hetzelsponheuer.de\/de\/referenzen\/einkaufscenter-bundesweit\/","url":"https:\/\/hetzelsponheuer.de\/de\/referenzen\/einkaufscenter-bundesweit\/","name":"Umbau Ausbau \u00b7 Centerkonzepte bundesweit \u00b7 Hetzel+Sponheuer \u00b7 Essen","isPartOf":{"@id":"https:\/\/hetzelsponheuer.de\/de\/#website"},"primaryImageOfPage":{"@id":"https:\/\/hetzelsponheuer.de\/de\/referenzen\/einkaufscenter-bundesweit\/#primaryimage"},"image":{"@id":"https:\/\/hetzelsponheuer.de\/de\/referenzen\/einkaufscenter-bundesweit\/#primaryimage"},"thumbnailUrl":"https:\/\/hetzelsponheuer.de\/de\/wp-content\/uploads\/sites\/2\/2019\/09\/einkaufscenter_1192_right.jpg","datePublished":"2019-09-11T11:36:49+00:00","dateModified":"2020-08-04T09:46:24+00:00","description":"Umbau, Ausbau von Einkaufscentern bei laufendem Betrieb im gesamten Bundesgebiet. Baul\u00f6sung 'Einkaufscenter und Ladenlokal', Centerkonzept","breadcrumb":{"@id":"https:\/\/hetzelsponheuer.de\/de\/referenzen\/einkaufscenter-bundesweit\/#breadcrumb"},"inLanguage":"de","potentialAction":[{"@type":"ReadAction","target":["https:\/\/hetzelsponheuer.de\/de\/referenzen\/einkaufscenter-bundesweit\/"]}]},{"@type":"ImageObject","inLanguage":"de","@id":"https:\/\/hetzelsponheuer.de\/de\/referenzen\/einkaufscenter-bundesweit\/#primaryimage","url":"https:\/\/hetzelsponheuer.de\/de\/wp-content\/uploads\/sites\/2\/2019\/09\/einkaufscenter_1192_right.jpg","contentUrl":"https:\/\/hetzelsponheuer.de\/de\/wp-content\/uploads\/sites\/2\/2019\/09\/einkaufscenter_1192_right.jpg","width":373,"height":645},{"@type":"BreadcrumbList","@id":"https:\/\/hetzelsponheuer.de\/de\/referenzen\/einkaufscenter-bundesweit\/#breadcrumb","itemListElement":[{"@type":"ListItem","position":1,"name":"Startseite","item":"https:\/\/hetzelsponheuer.de\/de\/"},{"@type":"ListItem","position":2,"name":"Referenzen","item":"https:\/\/hetzelsponheuer.de\/de\/referenzen\/"},{"@type":"ListItem","position":3,"name":"Einkaufscenter bundesweit"}]},{"@type":"WebSite","@id":"https:\/\/hetzelsponheuer.de\/de\/#website","url":"https:\/\/hetzelsponheuer.de\/de\/","name":"Hetzel+Sponheuer \u00b7 de","description":"L\u00f6sungen f\u00fcr Ihr Bauprojekt","publisher":{"@id":"https:\/\/hetzelsponheuer.de\/de\/#organization"},"inLanguage":"de"},{"@type":"Organization","@id":"https:\/\/hetzelsponheuer.de\/de\/#organization","name":"Hetzel+Sponheuer GmbH & Co. KG","url":"https:\/\/hetzelsponheuer.de\/de\/","logo":{"@type":"ImageObject","inLanguage":"de","@id":"https:\/\/hetzelsponheuer.de\/de\/#\/schema\/logo\/image\/","url":"https:\/\/hetzelsponheuer.de\/en\/wp-content\/uploads\/sites\/2\/2020\/02\/logo_hetzelsponheuer.png","contentUrl":"https:\/\/hetzelsponheuer.de\/en\/wp-content\/uploads\/sites\/2\/2020\/02\/logo_hetzelsponheuer.png","width":360,"height":24,"caption":"Hetzel+Sponheuer GmbH & Co. KG"},"image":{"@id":"https:\/\/hetzelsponheuer.de\/de\/#\/schema\/logo\/image\/"},"sameAs":["https:\/\/www.linkedin.com\/company\/hetzel-sponheuer-gmbh-&amp;-co.-kg"]}]}},"_links":{"self":[{"href":"https:\/\/hetzelsponheuer.de\/de\/wp-json\/wp\/v2\/pages\/2996"}],"collection":[{"href":"https:\/\/hetzelsponheuer.de\/de\/wp-json\/wp\/v2\/pages"}],"about":[{"href":"https:\/\/hetzelsponheuer.de\/de\/wp-json\/wp\/v2\/types\/page"}],"author":[{"embeddable":true,"href":"https:\/\/hetzelsponheuer.de\/de\/wp-json\/wp\/v2\/users\/1"}],"replies":[{"embeddable":true,"href":"https:\/\/hetzelsponheuer.de\/de\/wp-json\/wp\/v2\/comments?post=2996"}],"version-history":[{"count":4,"href":"https:\/\/hetzelsponheuer.de\/de\/wp-json\/wp\/v2\/pages\/2996\/revisions"}],"predecessor-version":[{"id":5578,"href":"https:\/\/hetzelsponheuer.de\/de\/wp-json\/wp\/v2\/pages\/2996\/revisions\/5578"}],"up":[{"embeddable":true,"href":"https:\/\/hetzelsponheuer.de\/de\/wp-json\/wp\/v2\/pages\/63"}],"wp:attachment":[{"href":"https:\/\/hetzelsponheuer.de\/de\/wp-json\/wp\/v2\/media?parent=2996"}],"curies":[{"name":"wp","href":"https:\/\/api.w.org\/{rel}","templated":true}]}}