{"id":3001,"date":"2019-09-11T13:44:03","date_gmt":"2019-09-11T11:44:03","guid":{"rendered":"http:\/\/hetzelsponheuer.de\/de\/?page_id=3001"},"modified":"2022-01-31T19:02:56","modified_gmt":"2022-01-31T18:02:56","slug":"einzelhandelsflaeche-trier","status":"publish","type":"page","link":"https:\/\/hetzelsponheuer.de\/de\/referenzen\/einzelhandelsflaeche-trier\/","title":{"rendered":"Einzelhandel Trier"},"content":{"rendered":"<div class=\"banner row x-4 md-3-6-3 sm-0-12-0 wp-block-lazyblock-inner-block lazyblock-inner-block-1kSrP1\">\n<div class=\"col wp-block-lazyblock-inner-block lazyblock-inner-block-Z1da7Fw\">\n<div class=\"bg grey img wp-block-lazyblock-inner-block lazyblock-inner-block-xltxB\">\n\n<figure class=\"wp-block-image\"><img decoding=\"async\" loading=\"lazy\" width=\"297\" height=\"313\" src=\"https:\/\/hetzelsponheuer.de\/de\/wp-content\/uploads\/sites\/2\/2019\/09\/trier_8178_obstgemuese_3.jpg\" alt=\"\" class=\"wp-image-3425\" srcset=\"https:\/\/hetzelsponheuer.de\/de\/wp-content\/uploads\/sites\/2\/2019\/09\/trier_8178_obstgemuese_3.jpg 297w, https:\/\/hetzelsponheuer.de\/de\/wp-content\/uploads\/sites\/2\/2019\/09\/trier_8178_obstgemuese_3-285x300.jpg 285w\" sizes=\"(max-width: 297px) 100vw, 297px\" \/><\/figure>\n\n<\/div>\n<\/div>\n\n<div class=\"col wp-block-lazyblock-inner-block lazyblock-inner-block-1gDVMO\">\n<div class=\"bg grey img wp-block-lazyblock-inner-block lazyblock-inner-block-25PnQc\">\n\n<figure class=\"wp-block-image\"><img decoding=\"async\" loading=\"lazy\" width=\"681\" height=\"578\" src=\"https:\/\/hetzelsponheuer.de\/de\/wp-content\/uploads\/sites\/2\/2019\/09\/trier_8178_obstgemuese_left.jpg\" alt=\"\" class=\"wp-image-3317\" srcset=\"https:\/\/hetzelsponheuer.de\/de\/wp-content\/uploads\/sites\/2\/2019\/09\/trier_8178_obstgemuese_left.jpg 681w, https:\/\/hetzelsponheuer.de\/de\/wp-content\/uploads\/sites\/2\/2019\/09\/trier_8178_obstgemuese_left-300x255.jpg 300w\" sizes=\"(max-width: 681px) 100vw, 681px\" \/><\/figure>\n\n<\/div>\n<\/div>\n\n<div class=\"col wp-block-lazyblock-inner-block lazyblock-inner-block-2lGT91\">\n<div class=\"bg grey img wp-block-lazyblock-inner-block lazyblock-inner-block-Z1n79J4\">\n\n<figure class=\"wp-block-image\"><img decoding=\"async\" loading=\"lazy\" width=\"343\" height=\"578\" src=\"https:\/\/hetzelsponheuer.de\/de\/wp-content\/uploads\/sites\/2\/2019\/09\/trier_8178_obstgemuese_right.jpg\" alt=\"\" class=\"wp-image-3318\" srcset=\"https:\/\/hetzelsponheuer.de\/de\/wp-content\/uploads\/sites\/2\/2019\/09\/trier_8178_obstgemuese_right.jpg 343w, https:\/\/hetzelsponheuer.de\/de\/wp-content\/uploads\/sites\/2\/2019\/09\/trier_8178_obstgemuese_right-178x300.jpg 178w\" sizes=\"(max-width: 343px) 100vw, 343px\" \/><\/figure>\n\n<\/div>\n<\/div>\n<\/div>\n\n<div class=\"row x-24 md-3-9 sm-0-12 wp-block-lazyblock-inner-block lazyblock-inner-block-Z1YnPRv\">\n<div class=\"col wp-block-lazyblock-inner-block lazyblock-inner-block-1KyAnM\">\n<div class=\"wp-block-lazyblock-inner-block lazyblock-inner-block-ZQJXop\">\n\n<p>  <\/p>\n\n<\/div>\n<\/div>\n\n<div class=\"col wp-block-lazyblock-inner-block lazyblock-inner-block-1k7Wmw\">\n<div class=\"head wp-block-lazyblock-inner-block lazyblock-inner-block-Z1G5WWD\">\n\n<p class=\"topline\">UMBAU IM LAUFENDEN BETRIEB \u00b7 BRANDSCHUTZ<\/p>\n\n\n\n<h2 class=\"h1 wp-block-heading\" id=\"einzel-handels-flache-trier\">Einzel\u00adhandels\u00adfl\u00e4che <span class=\"grey\">Trier<\/span><\/h2>\n\n<\/div>\n<\/div>\n<\/div>\n\n<div class=\"row x-24 md-3-6-3 sm-12-12-12 wp-block-lazyblock-inner-block lazyblock-inner-block-ZVfRHj\">\n<div class=\"col wp-block-lazyblock-inner-block lazyblock-inner-block-UKsF4\">\n<div class=\"wp-block-lazyblock-inner-block lazyblock-inner-block-Z1brndl\">\n\n<p class=\"md-right pl-24\"><\/p>\n\n<\/div>\n<\/div>\n\n<div class=\"col wp-block-lazyblock-inner-block lazyblock-inner-block-Z1rj4eR\">\n<div class=\"wp-block-lazyblock-inner-block lazyblock-inner-block-213Klg\">\n\n<p class=\"grey\"><strong>Im Rahmen einer Umstruk\u00adtu\u00adrierungs\u00adma\u00df\u00adnahme wurden Verkaufs\u00adfl\u00e4chen dem aktu\u00adellen Design und den tech\u00adnischen Standards des Auftrag\u00adgebers angepasst. Zu unseren Leistungen z\u00e4hlten neben Abbruch-, Rohbau-, Stahlbau,- Trockenbau-, Fliesen- und Maler\u00adarbeiten auch Gewerke, wie die Montage von Brand\u00adschutz\u00adtoren und Brand\u00adschutz\u00adt\u00fcren, K\u00fchl\u00adzellen, Brand\u00adschutz\u00advergla\u00adsungen, Automatik\u00adt\u00fcren und Schiebe\u00adt\u00fcren.<\/strong><\/p>\n\n\n\n<div style=\"height:24px\" aria-hidden=\"true\" class=\"wp-block-spacer\"><\/div>\n\n\n\n<h3 class=\"h4 wp-block-heading\" id=\"herausforderung\">Herausforderung<\/h3>\n\n\n\n<p>Es sollten zeitgem\u00e4\u00dfe und moderne Verkaufs\u00adfl\u00e4chen geschaffen werden. Der Umbau bei laufen\u00addem Betrieb sollte das Tages\u00adge\u00adsch\u00e4ft unseres Kunden und das der anderen Mieter m\u00f6glichst wenig st\u00f6ren. Wie bei der\u00adartigen Projekten \u00fcblich, waren auch in diesem Fall die Projekt\u00advorlauf\u00adzeiten f\u00fcr uns als Aus\u00adf\u00fchrer sehr kurz. Eine Vielzahl von Einzel\u00adgewer\u00adken mussten binnen k\u00fcrzester Zeit umgesetzt und \u00f6kono\u00admisch optimiert koor\u00addiniert werden.&nbsp;<\/p>\n\n\n\n<h3 class=\"h4 wp-block-heading\" id=\"losung\">L\u00f6sung<\/h3>\n\n\n\n<p>Seit 20 Jahren reali\u00adsieren wir anspruchs\u00advolle Shop- und Center\u00adkonzepte. Dadurch haben wir umfassende Erfahrungen gesammelt. F\u00fcr die tech\u00adnischen und logist\u00adischen Heraus\u00adforde\u00adrungen der\u00adartiger Projekte haben wir opti\u00admierte Routinen entwickelt. Durch exakte Projekt\u00adanalyse und konzen\u00adtrierte Bau\u00adplanung konnte unser Team aus Eigen\u00adpersonal und Partner\u00adfirmen anforderungs\u00adgerecht einge\u00adsetzt werden. Bel\u00e4sti\u00adgungen w\u00e4hrend des Center\u00adbetrie\u00adbes wurden durch einen Zwei\u00adschicht\u00adbetrieb minimiert. L\u00e4rmintensive Arbeiten oder Arbeiten in der Verkaufs\u00adfl\u00e4che wurden in Nacht\u00adarbeit aus\u00adgef\u00fchrt. Die klar formu\u00adlierte und trans\u00adparente Ausf\u00fchrungs\u00adplanung verrin\u00adgerte m\u00f6gliche Reibungs\u00adpunkte mit Hand\u00adwerkern sowie Zulie\u00adferern und war in jeder Bauphase die Grund\u00adlage f\u00fcr das Funk\u00adtio\u00adnieren des Zeit\u00admanage\u00adments.<\/p>\n\n\n<div class=\"grid x24 md-col-6-6-row-1 wp-block-lazyblock-inner-block lazyblock-inner-block-ZcFn9U\">\n<div class=\"bg grey img wp-block-lazyblock-inner-block lazyblock-inner-block-Z2hVrEt\">\n\n<figure class=\"wp-block-image size-large\"><a class=\"gallery\" href=\"https:\/\/hetzelsponheuer.de\/de\/wp-content\/uploads\/sites\/2\/2019\/11\/einzelhandel_2673.jpg\" rel=\"gallery-1\"><img decoding=\"async\" loading=\"lazy\" width=\"600\" height=\"450\" src=\"https:\/\/hetzelsponheuer.de\/de\/wp-content\/uploads\/sites\/2\/2019\/11\/einzelhandel_2673.jpg\" alt=\"\" class=\"wp-image-4575\" srcset=\"https:\/\/hetzelsponheuer.de\/de\/wp-content\/uploads\/sites\/2\/2019\/11\/einzelhandel_2673.jpg 600w, https:\/\/hetzelsponheuer.de\/de\/wp-content\/uploads\/sites\/2\/2019\/11\/einzelhandel_2673-400x300.jpg 400w\" sizes=\"(max-width: 600px) 100vw, 600px\" \/><\/a><\/figure>\n\n\n\n<p class=\"figcaption\">Wein und Sprirituosen<\/p>\n\n<\/div>\n\n<div class=\"bg grey img wp-block-lazyblock-inner-block lazyblock-inner-block-14rpqs\">\n\n<figure class=\"wp-block-image size-large\"><a class=\"gallery\" href=\"https:\/\/hetzelsponheuer.de\/de\/wp-content\/uploads\/sites\/2\/2019\/11\/einzelhandel_9466.jpg\" rel=\"gallery-1\"><img decoding=\"async\" loading=\"lazy\" width=\"600\" height=\"450\" src=\"https:\/\/hetzelsponheuer.de\/de\/wp-content\/uploads\/sites\/2\/2019\/11\/einzelhandel_9466.jpg\" alt=\"\" class=\"wp-image-4576\" srcset=\"https:\/\/hetzelsponheuer.de\/de\/wp-content\/uploads\/sites\/2\/2019\/11\/einzelhandel_9466.jpg 600w, https:\/\/hetzelsponheuer.de\/de\/wp-content\/uploads\/sites\/2\/2019\/11\/einzelhandel_9466-400x300.jpg 400w\" sizes=\"(max-width: 600px) 100vw, 600px\" \/><\/a><\/figure>\n\n\n\n<p class=\"figcaption\">K\u00fchlregale<\/p>\n\n<\/div>\n<\/div>\n\n\n<p>Grosse Bauauf\u00adgaben k\u00f6nnen nur partner\u00adschaftlich realisiert werden. Auch bei diesem Projekt kam es im Wesent\u00adlichen auf Erfahrung und Zusammen\u00adarbeit der Bau- und Projekt\u00adleitung bei Auftrag\u00adgeber und Auftrag\u00adnehmer an. Die l\u00f6sungs\u00adorien\u00adtierte und verl\u00e4ss\u00adliche Zusammen\u00adarbeit erm\u00f6g\u00adlichte, auf \u00dcber\u00adra\u00adschungen und unge\u00adplante bau\u00adliche Situ\u00adatio\u00adnen gelassen rea\u00adgieren zu k\u00f6nnen.&nbsp;<\/p>\n\n\n\n<h3 class=\"h4 wp-block-heading\" id=\"ausgefuhrte-arbeiten\">Ausgef\u00fchrte Arbeiten<\/h3>\n\n\n\n<p>Abbrucharbeiten, Rohbauarbeiten, Trockenbauarbeiten, Stahlbau\u00adarbeiten, Tischler\u00adarbeiten, F30 Verglasung, Einbau von Automatik\u00adschiebe\u00adt\u00fcren, Einbau von Holz- und Stahl\u00adt\u00fcren, K\u00fchlraum\u00adausbau, Einbau eines R\u00fcttel\u00adbodens, Boden\u00adbelags\u00adarbeiten, Fliesen\u00adarbeiten, Brandschutz\u00adarbeiten<\/p>\n\n\n\n<div style=\"height:32px\" aria-hidden=\"true\" class=\"wp-block-spacer\"><\/div>\n\n<\/div>\n<\/div>\n\n<div class=\"col wp-block-lazyblock-inner-block lazyblock-inner-block-Z2wrBd9\">\n<div class=\"wp-block-lazyblock-inner-block lazyblock-inner-block-ZiJPc3\">\n<div class=\"menu-main-menu-container\"><ul id=\"menu-main-menu\" class=\"grey\"><li id=\"menu-item-2901\" class=\"menu-item \"><a href=\"https:\/\/hetzelsponheuer.de\/de\/referenzen\/projektseiten\/\">Projektseiten<\/a><\/li>\n<li id=\"menu-item-2769\" class=\"menu-item \"><a href=\"https:\/\/hetzelsponheuer.de\/de\/referenzen\/projektliste\/\">Projektliste<\/a><\/li>\n<\/ul><\/div>\n\n\n\n<h4 class=\"wp-block-heading\" id=\"ihr-ansprechpartner\">Ihr Ansprechpartner<\/h4>\n\n\n\n<ul class=\"link ajx grey\"><li><a href=\"stephan-berndt\" data-display=\"fancybox\" data-post-type=\"mitarbeiter\">Stephan Berndt<\/a><\/li><\/ul>\n\n\n\n<h4 class=\"wp-block-heading\" id=\"losungen\">L\u00f6sungen<\/h4>\n\n\n\n<ul class=\"fade-link grey\"><li><a href=\"https:\/\/hetzelsponheuer.de\/de\/loesungen\/einkaufscenter-ladenlokal\/\">Einkaufscenter und Ladenlokal<\/a><\/li><\/ul>\n\n\n\n<h4 class=\"wp-block-heading\" id=\"leistungen\">Leistungen<\/h4>\n\n\n\n<ul class=\"fade-link grey\"><li><a href=\"https:\/\/hetzelsponheuer.de\/de\/leistungen\/#organisation-und-baubegleitung\">Organisation und Baubegleitung<\/a><\/li><li><a href=\"https:\/\/hetzelsponheuer.de\/de\/leistungen\/#handwerk-und-technik\">Handwerk und Technik<\/a><\/li><\/ul>\n\n\n\n<h4 class=\"wp-block-heading\" id=\"fotos\">Fotos<\/h4>\n\n\n\n<ul><li>Markus Ender<\/li><\/ul>\n\n<\/div>\n<\/div>\n<\/div>\n\n<div class=\"row x-24 md-3-9 sm-0-12 wp-block-lazyblock-inner-block lazyblock-inner-block-1DfzxM\">\n<div class=\"col wp-block-lazyblock-inner-block lazyblock-inner-block-2f9CCq\">\n<div class=\"wp-block-lazyblock-inner-block lazyblock-inner-block-Z1s8cnn\">\n\n<p>  <\/p>\n\n<\/div>\n<\/div>\n\n<div class=\"col wp-block-lazyblock-inner-block lazyblock-inner-block-1w9W4s\">\n<div class=\"wp-block-lazyblock-inner-block lazyblock-inner-block-1YtzFn\">\n\n<p class=\"logo sponheuer\">   <\/p>\n\n<\/div>\n\n\n<div style=\"height:56px\" aria-hidden=\"true\" class=\"wp-block-spacer\"><\/div>\n\n<\/div>\n<\/div>","protected":false},"excerpt":{"rendered":"","protected":false},"author":1,"featured_media":0,"parent":63,"menu_order":9,"comment_status":"closed","ping_status":"closed","template":"page-usecase.php","meta":{"footnotes":""},"yoast_head":"<!-- This site is optimized with the Yoast SEO plugin v22.6 - https:\/\/yoast.com\/wordpress\/plugins\/seo\/ -->\n<title>Umbau im laufenden Betrieb \u00b7 Einzelhandel \u00b7 Hetzel+Sponheuer \u00b7 Essen<\/title>\n<meta name=\"description\" content=\"Umbau und Brandschutzma\u00dfnahmen im laufenden Betrieb. Einzelhandelsfl\u00e4che in Trier. Anpassung der Verkaufs\u00adfl\u00e4chen. Baul\u00f6sung &#039;Einkaufcenter und Ladenlokal&#039;\" \/>\n<meta name=\"robots\" content=\"index, follow, max-snippet:-1, max-image-preview:large, max-video-preview:-1\" \/>\n<link rel=\"canonical\" href=\"https:\/\/hetzelsponheuer.de\/de\/referenzen\/einzelhandelsflaeche-trier\/\" \/>\n<meta property=\"og:locale\" content=\"de_DE\" \/>\n<meta property=\"og:type\" content=\"article\" \/>\n<meta property=\"og:title\" content=\"Umbau im laufenden Betrieb \u00b7 Einzelhandel \u00b7 Hetzel+Sponheuer \u00b7 Essen\" \/>\n<meta property=\"og:description\" content=\"Umbau und Brandschutzma\u00dfnahmen im laufenden Betrieb. Einzelhandelsfl\u00e4che in Trier. Anpassung der Verkaufs\u00adfl\u00e4chen. Baul\u00f6sung &#039;Einkaufcenter und Ladenlokal&#039;\" \/>\n<meta property=\"og:url\" content=\"https:\/\/hetzelsponheuer.de\/de\/referenzen\/einzelhandelsflaeche-trier\/\" \/>\n<meta property=\"og:site_name\" content=\"Hetzel+Sponheuer \u00b7 de\" \/>\n<meta property=\"article:modified_time\" content=\"2022-01-31T18:02:56+00:00\" \/>\n<meta property=\"og:image\" content=\"https:\/\/hetzelsponheuer.de\/de\/wp-content\/uploads\/sites\/2\/2019\/09\/trier_8178_obstgemuese_3.jpg\" \/>\n<meta name=\"twitter:card\" content=\"summary_large_image\" \/>\n<meta name=\"twitter:label1\" content=\"Gesch\u00e4tzte Lesezeit\" \/>\n\t<meta name=\"twitter:data1\" content=\"3\u00a0Minuten\" \/>\n<script type=\"application\/ld+json\" class=\"yoast-schema-graph\">{\"@context\":\"https:\/\/schema.org\",\"@graph\":[{\"@type\":\"WebPage\",\"@id\":\"https:\/\/hetzelsponheuer.de\/de\/referenzen\/einzelhandelsflaeche-trier\/\",\"url\":\"https:\/\/hetzelsponheuer.de\/de\/referenzen\/einzelhandelsflaeche-trier\/\",\"name\":\"Umbau im laufenden Betrieb \u00b7 Einzelhandel \u00b7 Hetzel+Sponheuer \u00b7 Essen\",\"isPartOf\":{\"@id\":\"https:\/\/hetzelsponheuer.de\/de\/#website\"},\"primaryImageOfPage\":{\"@id\":\"https:\/\/hetzelsponheuer.de\/de\/referenzen\/einzelhandelsflaeche-trier\/#primaryimage\"},\"image\":{\"@id\":\"https:\/\/hetzelsponheuer.de\/de\/referenzen\/einzelhandelsflaeche-trier\/#primaryimage\"},\"thumbnailUrl\":\"https:\/\/hetzelsponheuer.de\/de\/wp-content\/uploads\/sites\/2\/2019\/09\/trier_8178_obstgemuese_3.jpg\",\"datePublished\":\"2019-09-11T11:44:03+00:00\",\"dateModified\":\"2022-01-31T18:02:56+00:00\",\"description\":\"Umbau und Brandschutzma\u00dfnahmen im laufenden Betrieb. Einzelhandelsfl\u00e4che in Trier. Anpassung der Verkaufs\u00adfl\u00e4chen. Baul\u00f6sung 'Einkaufcenter und Ladenlokal'\",\"breadcrumb\":{\"@id\":\"https:\/\/hetzelsponheuer.de\/de\/referenzen\/einzelhandelsflaeche-trier\/#breadcrumb\"},\"inLanguage\":\"de\",\"potentialAction\":[{\"@type\":\"ReadAction\",\"target\":[\"https:\/\/hetzelsponheuer.de\/de\/referenzen\/einzelhandelsflaeche-trier\/\"]}]},{\"@type\":\"ImageObject\",\"inLanguage\":\"de\",\"@id\":\"https:\/\/hetzelsponheuer.de\/de\/referenzen\/einzelhandelsflaeche-trier\/#primaryimage\",\"url\":\"https:\/\/hetzelsponheuer.de\/de\/wp-content\/uploads\/sites\/2\/2019\/09\/trier_8178_obstgemuese_3.jpg\",\"contentUrl\":\"https:\/\/hetzelsponheuer.de\/de\/wp-content\/uploads\/sites\/2\/2019\/09\/trier_8178_obstgemuese_3.jpg\",\"width\":297,\"height\":313},{\"@type\":\"BreadcrumbList\",\"@id\":\"https:\/\/hetzelsponheuer.de\/de\/referenzen\/einzelhandelsflaeche-trier\/#breadcrumb\",\"itemListElement\":[{\"@type\":\"ListItem\",\"position\":1,\"name\":\"Startseite\",\"item\":\"https:\/\/hetzelsponheuer.de\/de\/\"},{\"@type\":\"ListItem\",\"position\":2,\"name\":\"Referenzen\",\"item\":\"https:\/\/hetzelsponheuer.de\/de\/referenzen\/\"},{\"@type\":\"ListItem\",\"position\":3,\"name\":\"Einzelhandel Trier\"}]},{\"@type\":\"WebSite\",\"@id\":\"https:\/\/hetzelsponheuer.de\/de\/#website\",\"url\":\"https:\/\/hetzelsponheuer.de\/de\/\",\"name\":\"Hetzel+Sponheuer \u00b7 de\",\"description\":\"L\u00f6sungen f\u00fcr Ihr Bauprojekt\",\"publisher\":{\"@id\":\"https:\/\/hetzelsponheuer.de\/de\/#organization\"},\"inLanguage\":\"de\"},{\"@type\":\"Organization\",\"@id\":\"https:\/\/hetzelsponheuer.de\/de\/#organization\",\"name\":\"Hetzel+Sponheuer GmbH & Co. KG\",\"url\":\"https:\/\/hetzelsponheuer.de\/de\/\",\"logo\":{\"@type\":\"ImageObject\",\"inLanguage\":\"de\",\"@id\":\"https:\/\/hetzelsponheuer.de\/de\/#\/schema\/logo\/image\/\",\"url\":\"https:\/\/hetzelsponheuer.de\/en\/wp-content\/uploads\/sites\/2\/2020\/02\/logo_hetzelsponheuer.png\",\"contentUrl\":\"https:\/\/hetzelsponheuer.de\/en\/wp-content\/uploads\/sites\/2\/2020\/02\/logo_hetzelsponheuer.png\",\"width\":360,\"height\":24,\"caption\":\"Hetzel+Sponheuer GmbH & Co. KG\"},\"image\":{\"@id\":\"https:\/\/hetzelsponheuer.de\/de\/#\/schema\/logo\/image\/\"},\"sameAs\":[\"https:\/\/www.linkedin.com\/company\/hetzel-sponheuer-gmbh-&amp;-co.-kg\"]}]}<\/script>\n<!-- \/ Yoast SEO plugin. -->","yoast_head_json":{"title":"Umbau im laufenden Betrieb \u00b7 Einzelhandel \u00b7 Hetzel+Sponheuer \u00b7 Essen","description":"Umbau und Brandschutzma\u00dfnahmen im laufenden Betrieb. Einzelhandelsfl\u00e4che in Trier. Anpassung der Verkaufs\u00adfl\u00e4chen. Baul\u00f6sung 'Einkaufcenter und Ladenlokal'","robots":{"index":"index","follow":"follow","max-snippet":"max-snippet:-1","max-image-preview":"max-image-preview:large","max-video-preview":"max-video-preview:-1"},"canonical":"https:\/\/hetzelsponheuer.de\/de\/referenzen\/einzelhandelsflaeche-trier\/","og_locale":"de_DE","og_type":"article","og_title":"Umbau im laufenden Betrieb \u00b7 Einzelhandel \u00b7 Hetzel+Sponheuer \u00b7 Essen","og_description":"Umbau und Brandschutzma\u00dfnahmen im laufenden Betrieb. Einzelhandelsfl\u00e4che in Trier. Anpassung der Verkaufs\u00adfl\u00e4chen. Baul\u00f6sung 'Einkaufcenter und Ladenlokal'","og_url":"https:\/\/hetzelsponheuer.de\/de\/referenzen\/einzelhandelsflaeche-trier\/","og_site_name":"Hetzel+Sponheuer \u00b7 de","article_modified_time":"2022-01-31T18:02:56+00:00","og_image":[{"url":"https:\/\/hetzelsponheuer.de\/de\/wp-content\/uploads\/sites\/2\/2019\/09\/trier_8178_obstgemuese_3.jpg"}],"twitter_card":"summary_large_image","twitter_misc":{"Gesch\u00e4tzte Lesezeit":"3\u00a0Minuten"},"schema":{"@context":"https:\/\/schema.org","@graph":[{"@type":"WebPage","@id":"https:\/\/hetzelsponheuer.de\/de\/referenzen\/einzelhandelsflaeche-trier\/","url":"https:\/\/hetzelsponheuer.de\/de\/referenzen\/einzelhandelsflaeche-trier\/","name":"Umbau im laufenden Betrieb \u00b7 Einzelhandel \u00b7 Hetzel+Sponheuer \u00b7 Essen","isPartOf":{"@id":"https:\/\/hetzelsponheuer.de\/de\/#website"},"primaryImageOfPage":{"@id":"https:\/\/hetzelsponheuer.de\/de\/referenzen\/einzelhandelsflaeche-trier\/#primaryimage"},"image":{"@id":"https:\/\/hetzelsponheuer.de\/de\/referenzen\/einzelhandelsflaeche-trier\/#primaryimage"},"thumbnailUrl":"https:\/\/hetzelsponheuer.de\/de\/wp-content\/uploads\/sites\/2\/2019\/09\/trier_8178_obstgemuese_3.jpg","datePublished":"2019-09-11T11:44:03+00:00","dateModified":"2022-01-31T18:02:56+00:00","description":"Umbau und Brandschutzma\u00dfnahmen im laufenden Betrieb. Einzelhandelsfl\u00e4che in Trier. Anpassung der Verkaufs\u00adfl\u00e4chen. Baul\u00f6sung 'Einkaufcenter und Ladenlokal'","breadcrumb":{"@id":"https:\/\/hetzelsponheuer.de\/de\/referenzen\/einzelhandelsflaeche-trier\/#breadcrumb"},"inLanguage":"de","potentialAction":[{"@type":"ReadAction","target":["https:\/\/hetzelsponheuer.de\/de\/referenzen\/einzelhandelsflaeche-trier\/"]}]},{"@type":"ImageObject","inLanguage":"de","@id":"https:\/\/hetzelsponheuer.de\/de\/referenzen\/einzelhandelsflaeche-trier\/#primaryimage","url":"https:\/\/hetzelsponheuer.de\/de\/wp-content\/uploads\/sites\/2\/2019\/09\/trier_8178_obstgemuese_3.jpg","contentUrl":"https:\/\/hetzelsponheuer.de\/de\/wp-content\/uploads\/sites\/2\/2019\/09\/trier_8178_obstgemuese_3.jpg","width":297,"height":313},{"@type":"BreadcrumbList","@id":"https:\/\/hetzelsponheuer.de\/de\/referenzen\/einzelhandelsflaeche-trier\/#breadcrumb","itemListElement":[{"@type":"ListItem","position":1,"name":"Startseite","item":"https:\/\/hetzelsponheuer.de\/de\/"},{"@type":"ListItem","position":2,"name":"Referenzen","item":"https:\/\/hetzelsponheuer.de\/de\/referenzen\/"},{"@type":"ListItem","position":3,"name":"Einzelhandel Trier"}]},{"@type":"WebSite","@id":"https:\/\/hetzelsponheuer.de\/de\/#website","url":"https:\/\/hetzelsponheuer.de\/de\/","name":"Hetzel+Sponheuer \u00b7 de","description":"L\u00f6sungen f\u00fcr Ihr Bauprojekt","publisher":{"@id":"https:\/\/hetzelsponheuer.de\/de\/#organization"},"inLanguage":"de"},{"@type":"Organization","@id":"https:\/\/hetzelsponheuer.de\/de\/#organization","name":"Hetzel+Sponheuer GmbH & Co. KG","url":"https:\/\/hetzelsponheuer.de\/de\/","logo":{"@type":"ImageObject","inLanguage":"de","@id":"https:\/\/hetzelsponheuer.de\/de\/#\/schema\/logo\/image\/","url":"https:\/\/hetzelsponheuer.de\/en\/wp-content\/uploads\/sites\/2\/2020\/02\/logo_hetzelsponheuer.png","contentUrl":"https:\/\/hetzelsponheuer.de\/en\/wp-content\/uploads\/sites\/2\/2020\/02\/logo_hetzelsponheuer.png","width":360,"height":24,"caption":"Hetzel+Sponheuer GmbH & Co. KG"},"image":{"@id":"https:\/\/hetzelsponheuer.de\/de\/#\/schema\/logo\/image\/"},"sameAs":["https:\/\/www.linkedin.com\/company\/hetzel-sponheuer-gmbh-&amp;-co.-kg"]}]}},"_links":{"self":[{"href":"https:\/\/hetzelsponheuer.de\/de\/wp-json\/wp\/v2\/pages\/3001"}],"collection":[{"href":"https:\/\/hetzelsponheuer.de\/de\/wp-json\/wp\/v2\/pages"}],"about":[{"href":"https:\/\/hetzelsponheuer.de\/de\/wp-json\/wp\/v2\/types\/page"}],"author":[{"embeddable":true,"href":"https:\/\/hetzelsponheuer.de\/de\/wp-json\/wp\/v2\/users\/1"}],"replies":[{"embeddable":true,"href":"https:\/\/hetzelsponheuer.de\/de\/wp-json\/wp\/v2\/comments?post=3001"}],"version-history":[{"count":3,"href":"https:\/\/hetzelsponheuer.de\/de\/wp-json\/wp\/v2\/pages\/3001\/revisions"}],"predecessor-version":[{"id":5835,"href":"https:\/\/hetzelsponheuer.de\/de\/wp-json\/wp\/v2\/pages\/3001\/revisions\/5835"}],"up":[{"embeddable":true,"href":"https:\/\/hetzelsponheuer.de\/de\/wp-json\/wp\/v2\/pages\/63"}],"wp:attachment":[{"href":"https:\/\/hetzelsponheuer.de\/de\/wp-json\/wp\/v2\/media?parent=3001"}],"curies":[{"name":"wp","href":"https:\/\/api.w.org\/{rel}","templated":true}]}}