{"id":3006,"date":"2019-09-11T13:48:18","date_gmt":"2019-09-11T11:48:18","guid":{"rendered":"http:\/\/hetzelsponheuer.de\/de\/?page_id=3006"},"modified":"2020-06-21T14:18:25","modified_gmt":"2020-06-21T12:18:25","slug":"etap-ibis-hotels-bundesweit","status":"publish","type":"page","link":"https:\/\/hetzelsponheuer.de\/de\/referenzen\/etap-ibis-hotels-bundesweit\/","title":{"rendered":"Etap Ibis Hotels bundesweit"},"content":{"rendered":"<div class=\"banner row x-4 md-3-6-3 sm-0-12-0 wp-block-lazyblock-inner-block lazyblock-inner-block-1kSrP1\">\n<div class=\"col wp-block-lazyblock-inner-block lazyblock-inner-block-Z1da7Fw\">\n<div class=\"bg grey img wp-block-lazyblock-inner-block lazyblock-inner-block-xltxB\">\n\n<figure class=\"wp-block-image\"><img decoding=\"async\" loading=\"lazy\" width=\"373\" height=\"729\" src=\"https:\/\/hetzelsponheuer.de\/de\/wp-content\/uploads\/sites\/2\/2019\/09\/etap_6133-right.jpg\" alt=\"Modernisierung Umbau Hotel\" class=\"wp-image-3321\" srcset=\"https:\/\/hetzelsponheuer.de\/de\/wp-content\/uploads\/sites\/2\/2019\/09\/etap_6133-right.jpg 373w, https:\/\/hetzelsponheuer.de\/de\/wp-content\/uploads\/sites\/2\/2019\/09\/etap_6133-right-153x300.jpg 153w\" sizes=\"(max-width: 373px) 100vw, 373px\" \/><\/figure>\n\n<\/div>\n<\/div>\n\n<div class=\"col wp-block-lazyblock-inner-block lazyblock-inner-block-1gDVMO\">\n<div class=\"bg grey img wp-block-lazyblock-inner-block lazyblock-inner-block-25PnQc\">\n\n<figure class=\"wp-block-image\"><img decoding=\"async\" loading=\"lazy\" width=\"754\" height=\"729\" src=\"https:\/\/hetzelsponheuer.de\/de\/wp-content\/uploads\/sites\/2\/2019\/09\/etap_6133-left.jpg\" alt=\"Refurbishing Hotel - Modernisierung im laufenden Betrieb\" class=\"wp-image-3320\" srcset=\"https:\/\/hetzelsponheuer.de\/de\/wp-content\/uploads\/sites\/2\/2019\/09\/etap_6133-left.jpg 754w, https:\/\/hetzelsponheuer.de\/de\/wp-content\/uploads\/sites\/2\/2019\/09\/etap_6133-left-300x290.jpg 300w\" sizes=\"(max-width: 754px) 100vw, 754px\" \/><\/figure>\n\n<\/div>\n<\/div>\n\n<div class=\"col wp-block-lazyblock-inner-block lazyblock-inner-block-2lGT91\">\n<div class=\"bg grey img wp-block-lazyblock-inner-block lazyblock-inner-block-Z1n79J4\">\n\n<figure class=\"wp-block-image\"><img decoding=\"async\" loading=\"lazy\" width=\"373\" height=\"729\" src=\"https:\/\/hetzelsponheuer.de\/de\/wp-content\/uploads\/sites\/2\/2019\/09\/etap_6133-right.jpg\" alt=\"Umbau Hotel im laufenden Betrieb\" class=\"wp-image-3321\" srcset=\"https:\/\/hetzelsponheuer.de\/de\/wp-content\/uploads\/sites\/2\/2019\/09\/etap_6133-right.jpg 373w, https:\/\/hetzelsponheuer.de\/de\/wp-content\/uploads\/sites\/2\/2019\/09\/etap_6133-right-153x300.jpg 153w\" sizes=\"(max-width: 373px) 100vw, 373px\" \/><\/figure>\n\n<\/div>\n<\/div>\n<\/div>\n\n<div class=\"row x-24 md-3-9 sm-0-12 wp-block-lazyblock-inner-block lazyblock-inner-block-Z1YnPRv\">\n<div class=\"col wp-block-lazyblock-inner-block lazyblock-inner-block-1KyAnM\">\n<div class=\"wp-block-lazyblock-inner-block lazyblock-inner-block-ZQJXop\">\n\n<p>  <\/p>\n\n<\/div>\n<\/div>\n\n<div class=\"col wp-block-lazyblock-inner-block lazyblock-inner-block-1k7Wmw\">\n<div class=\"head wp-block-lazyblock-inner-block lazyblock-inner-block-Z1G5WWD\">\n\n<p class=\"topline\">Refurbishment \u00b7 Modernisierung zum Festpreis<\/p>\n\n\n\n<h2 class=\"h1 wp-block-heading\">Etap Ibis Hotels <span class=\"grey\">bundesweit<\/span><\/h2>\n\n<\/div>\n<\/div>\n<\/div>\n\n<div class=\"row x-24 md-3-6-3 sm-0-12-0 wp-block-lazyblock-inner-block lazyblock-inner-block-ZVfRHj\">\n<div class=\"col wp-block-lazyblock-inner-block lazyblock-inner-block-UKsF4\">\n<div class=\"wp-block-lazyblock-inner-block lazyblock-inner-block-Z1brndl\">\n\n<p class=\"md-right pl-24\"><\/p>\n\n<\/div>\n<\/div>\n\n<div class=\"col wp-block-lazyblock-inner-block lazyblock-inner-block-Z1rj4eR\">\n<div class=\"wp-block-lazyblock-inner-block lazyblock-inner-block-213Klg\">\n\n<p class=\"grey\"><strong>Die Etap und Ibis Hotels sind vor allem deshalb erfolgreich, weil sie hohe Qualit\u00e4t zu g\u00fcnstigen Tarifen bieten. Dementsprechend hoch ist der Anspruch an Preis und Leistung auch an die Gesch\u00e4ftspartner der international agierenden Hotelkette. Gleichbleibend hohe Qualit\u00e4tsstandards sollten hier im Preis inklusive sein.<\/strong><\/p>\n\n\n\n<div style=\"height:24px\" aria-hidden=\"true\" class=\"wp-block-spacer\"><\/div>\n\n\n\n<h3 class=\"h4 wp-block-heading\">Herausforderung<\/h3>\n\n\n\n<p>Ein Umgestaltung und Modernisierung f\u00fcr 720 Hotelzimmer in 6 Wochen bei laufendem Hotelbetrieb, geht das \u00fcberhaupt? Es muss gehen. Denn kein Betreiber von Hotelketten m\u00f6chte auf den Umsatz verzichten \u2013&nbsp;und trotz Umbau seinen G\u00e4sten einen angenehmen Aufenthalt bieten. Dazu braucht er Partner, die zuverl\u00e4ssig arbeiten sowie L\u00f6sungen, die kalkulierbar sind.<\/p>\n\n\n\n<h3 class=\"h4 wp-block-heading\">L\u00f6sung<\/h3>\n\n\n\n<p>Mit unserem Qualit\u00e4tskonzept f\u00fcr ein standardisiertes, Refurbishment im Bereich Hotellerie (<strong>QFESR<\/strong>) sind wir in besonderer Weise daf\u00fcr aufgestellt, komplexe Logistik- und Handwerksleistungen im gesamten Bundesgebiet mit gleichbleibend hoher Qualit\u00e4t zu realisieren. Ein wichtiger Bestandteil sind dabei Festpreise, pro Zimmer oder als Gesamtpreis, so dass unsere Auftraggeber kalkulieren k\u00f6nnen und keine b\u00f6sen \u00dcberraschungen erleben. Dazu erstellen wir, wenn gew\u00fcnscht, die Kostenermittlung und entsprechenden Realisierungskonzepte.<\/p>\n\n\n<div class=\"grid x24 md-col-6-6-row-1 wp-block-lazyblock-inner-block lazyblock-inner-block-14ywBM\">\n<div class=\"bg grey img wp-block-lazyblock-inner-block lazyblock-inner-block-Z21zD2e\">\n\n<figure class=\"wp-block-image size-large\"><a class=\"gallery\" href=\"https:\/\/hetzelsponheuer.de\/de\/wp-content\/uploads\/sites\/2\/2019\/11\/etap_6126.jpg\" rel=\"gallery-1\"><img decoding=\"async\" loading=\"lazy\" width=\"500\" height=\"600\" src=\"https:\/\/hetzelsponheuer.de\/de\/wp-content\/uploads\/sites\/2\/2019\/11\/etap_6126.jpg\" alt=\"Modernisierung bundesweit - Hotelzimmer\" class=\"wp-image-4579\" srcset=\"https:\/\/hetzelsponheuer.de\/de\/wp-content\/uploads\/sites\/2\/2019\/11\/etap_6126.jpg 500w, https:\/\/hetzelsponheuer.de\/de\/wp-content\/uploads\/sites\/2\/2019\/11\/etap_6126-333x400.jpg 333w\" sizes=\"(max-width: 500px) 100vw, 500px\" \/><\/a><\/figure>\n\n\n\n<p class=\"figcaption\">ETAP Zimmer<\/p>\n\n<\/div>\n\n<div class=\"bg grey img wp-block-lazyblock-inner-block lazyblock-inner-block-Z5YsH7\">\n\n<figure class=\"wp-block-image size-large\"><a class=\"gallery\" href=\"https:\/\/hetzelsponheuer.de\/de\/wp-content\/uploads\/sites\/2\/2019\/11\/etap_0672.jpg\" rel=\"gallery-1\"><img decoding=\"async\" loading=\"lazy\" width=\"500\" height=\"600\" src=\"https:\/\/hetzelsponheuer.de\/de\/wp-content\/uploads\/sites\/2\/2019\/11\/etap_0672.jpg\" alt=\"Modernisierung bundesweit - Hotelzimmer Nasszelle\" class=\"wp-image-4580\" srcset=\"https:\/\/hetzelsponheuer.de\/de\/wp-content\/uploads\/sites\/2\/2019\/11\/etap_0672.jpg 500w, https:\/\/hetzelsponheuer.de\/de\/wp-content\/uploads\/sites\/2\/2019\/11\/etap_0672-333x400.jpg 333w\" sizes=\"(max-width: 500px) 100vw, 500px\" \/><\/a><\/figure>\n\n\n\n<p class=\"figcaption\">Nasszelle<\/p>\n\n<\/div>\n<\/div>\n\n\n<p>Tausende bereits realisierter Hotelzimmer und dauerhafte Kundenbeziehungen zeigen, dass unser Konzept aufgeht. Innerhalb k\u00fcrzester Zeit k\u00f6nnen wir Projekte in M\u00fcnchen, Hamburg oder an jedem anderen Standort gleichzeitig realisieren \u2013&nbsp;und das zu einem attraktiven Preis-Leistungsverh\u00e4ltnis. Durch unsere zus\u00e4tzliche Beratungsleistung, Planung und Projektmanagement sind wir seit vielen Jahren f\u00fcr Auftraggeber der Hotellerie ein zuverl\u00e4ssiger, kompetenter Partner. Dazu geh\u00f6ren auch technisch anspruchsvolle Aufgabenstellungen und die Umsetzung wichtiger Themen wie Brand- oder Schallschutz.<\/p>\n\n\n\n<p>Erfahrene Handwerkerteams und entsprechend ausgebildetes Personal machen es m\u00f6glich, dass sowohl Planung, Koordination als auch die Ausf\u00fchrung wie ein Uhrwerk l\u00e4uft. Zudem stellen wir dem Auftraggeber eine Projekt- und Bauleitung zur Seite, die sich mit dem Hotel- und Gastronomiegewerbe auskennen und somit ziel- und ergebnisorientiert arbeitet.<\/p>\n\n\n\n<div style=\"height:32px\" aria-hidden=\"true\" class=\"wp-block-spacer\"><\/div>\n\n<\/div>\n<\/div>\n\n<div class=\"col wp-block-lazyblock-inner-block lazyblock-inner-block-Z2wrBd9\">\n<div class=\"wp-block-lazyblock-inner-block lazyblock-inner-block-ZiJPc3\">\n<div class=\"menu-main-menu-container\"><ul id=\"menu-main-menu\" class=\"grey\"><li id=\"menu-item-2901\" class=\"menu-item \"><a href=\"https:\/\/hetzelsponheuer.de\/de\/referenzen\/projektseiten\/\">Projektseiten<\/a><\/li>\n<li id=\"menu-item-2769\" class=\"menu-item \"><a href=\"https:\/\/hetzelsponheuer.de\/de\/referenzen\/projektliste\/\">Projektliste<\/a><\/li>\n<\/ul><\/div>\n\n\n\n<h4 class=\"wp-block-heading\">Ihr Ansprechpartner<\/h4>\n\n\n\n<ul class=\"link ajx grey\"><li><a href=\"https:\/\/hetzelsponheuer.de\/de\/mitarbeiter\/uwe-steinfeld\" data-display=\"fancybox\" data-post-type=\"mitarbeiter\">Uwe Steinfeld<\/a><\/li><\/ul>\n\n\n\n<h4 class=\"wp-block-heading\">L\u00f6sungen<\/h4>\n\n\n\n<ul class=\"fade-link grey\"><li><a href=\"https:\/\/hetzelsponheuer.de\/de\/loesungen\/#hotel-gastronomie\">Hotel und Gastronomie<\/a><\/li><\/ul>\n\n\n\n<h4 class=\"wp-block-heading\">Leistungen<\/h4>\n\n\n\n<ul class=\"fade-link grey\"><li><a href=\"https:\/\/hetzelsponheuer.de\/de\/leistungen\/#handwerk-und-technik\">Handwerk und Technik<\/a><\/li><\/ul>\n\n\n\n<ul><li>Trockenbau<\/li><li>Malerarbeiten<\/li><li>Bodenbel\u00e4ge<\/li><li>Brandschutz<\/li><li>Schallschutz, Akustik<\/li><li>Sanit\u00e4rarbeiten<\/li><li>Technik<\/li><li>Tapezierarbeiten<\/li><li>Renovation<\/li><\/ul>\n\n\n\n<h4 class=\"wp-block-heading\">Fotos<\/h4>\n\n\n\n<ul><li>Astrid Theisen<\/li><\/ul>\n\n\n\n<div style=\"height:48px\" aria-hidden=\"true\" class=\"wp-block-spacer\"><\/div>\n\n<\/div>\n<\/div>\n<\/div>\n\n<div class=\"row x-24 md-3-9 sm-0-12 wp-block-lazyblock-inner-block lazyblock-inner-block-2mrwsP\">\n<div class=\"col wp-block-lazyblock-inner-block lazyblock-inner-block-ZuCFTF\">\n<div class=\"wp-block-lazyblock-inner-block lazyblock-inner-block-Z1QKVGh\">\n\n<p>  <\/p>\n\n<\/div>\n<\/div>\n\n<div class=\"col wp-block-lazyblock-inner-block lazyblock-inner-block-Z1dEO6S\">\n<div class=\"wp-block-lazyblock-inner-block lazyblock-inner-block-1GrFqs\">\n\n<p class=\"logo hetzel\">   <\/p>\n\n<\/div>\n\n\n<div style=\"height:56px\" aria-hidden=\"true\" class=\"wp-block-spacer\"><\/div>\n\n<\/div>\n<\/div>","protected":false},"excerpt":{"rendered":"","protected":false},"author":1,"featured_media":0,"parent":63,"menu_order":9,"comment_status":"closed","ping_status":"closed","template":"page-usecase.php","meta":{"footnotes":""},"yoast_head":"<!-- This site is optimized with the Yoast SEO plugin v22.6 - https:\/\/yoast.com\/wordpress\/plugins\/seo\/ -->\n<title>Refurbishment \u00b7 Etap Ibis Hotels bundesweit \u00b7 Hetzel+Sponheuer \u00b7 Essen<\/title>\n<meta name=\"description\" content=\"Refurbishment IBIS- und ETAP Hotels, bundesweit Modernisierung von G\u00e4stezimmern und Hotelr\u00e4umen w\u00e4hrend des laufenden Hotelbetriebes.\" \/>\n<meta name=\"robots\" content=\"index, follow, max-snippet:-1, max-image-preview:large, max-video-preview:-1\" \/>\n<link rel=\"canonical\" href=\"https:\/\/hetzelsponheuer.de\/de\/referenzen\/etap-ibis-hotels-bundesweit\/\" \/>\n<meta property=\"og:locale\" content=\"de_DE\" \/>\n<meta property=\"og:type\" content=\"article\" \/>\n<meta property=\"og:title\" content=\"Refurbishment \u00b7 Etap Ibis Hotels bundesweit \u00b7 Hetzel+Sponheuer \u00b7 Essen\" \/>\n<meta property=\"og:description\" content=\"Refurbishment IBIS- und ETAP Hotels, bundesweit Modernisierung von G\u00e4stezimmern und Hotelr\u00e4umen w\u00e4hrend des laufenden Hotelbetriebes.\" \/>\n<meta property=\"og:url\" content=\"https:\/\/hetzelsponheuer.de\/de\/referenzen\/etap-ibis-hotels-bundesweit\/\" \/>\n<meta property=\"og:site_name\" content=\"Hetzel+Sponheuer \u00b7 de\" \/>\n<meta property=\"article:modified_time\" content=\"2020-06-21T12:18:25+00:00\" \/>\n<meta property=\"og:image\" content=\"https:\/\/hetzelsponheuer.de\/de\/wp-content\/uploads\/sites\/2\/2019\/09\/etap_6133-right.jpg\" \/>\n<meta name=\"twitter:card\" content=\"summary_large_image\" \/>\n<script type=\"application\/ld+json\" class=\"yoast-schema-graph\">{\"@context\":\"https:\/\/schema.org\",\"@graph\":[{\"@type\":\"WebPage\",\"@id\":\"https:\/\/hetzelsponheuer.de\/de\/referenzen\/etap-ibis-hotels-bundesweit\/\",\"url\":\"https:\/\/hetzelsponheuer.de\/de\/referenzen\/etap-ibis-hotels-bundesweit\/\",\"name\":\"Refurbishment \u00b7 Etap Ibis Hotels bundesweit \u00b7 Hetzel+Sponheuer \u00b7 Essen\",\"isPartOf\":{\"@id\":\"https:\/\/hetzelsponheuer.de\/de\/#website\"},\"primaryImageOfPage\":{\"@id\":\"https:\/\/hetzelsponheuer.de\/de\/referenzen\/etap-ibis-hotels-bundesweit\/#primaryimage\"},\"image\":{\"@id\":\"https:\/\/hetzelsponheuer.de\/de\/referenzen\/etap-ibis-hotels-bundesweit\/#primaryimage\"},\"thumbnailUrl\":\"https:\/\/hetzelsponheuer.de\/de\/wp-content\/uploads\/sites\/2\/2019\/09\/etap_6133-right.jpg\",\"datePublished\":\"2019-09-11T11:48:18+00:00\",\"dateModified\":\"2020-06-21T12:18:25+00:00\",\"description\":\"Refurbishment IBIS- und ETAP Hotels, bundesweit Modernisierung von G\u00e4stezimmern und Hotelr\u00e4umen w\u00e4hrend des laufenden Hotelbetriebes.\",\"breadcrumb\":{\"@id\":\"https:\/\/hetzelsponheuer.de\/de\/referenzen\/etap-ibis-hotels-bundesweit\/#breadcrumb\"},\"inLanguage\":\"de\",\"potentialAction\":[{\"@type\":\"ReadAction\",\"target\":[\"https:\/\/hetzelsponheuer.de\/de\/referenzen\/etap-ibis-hotels-bundesweit\/\"]}]},{\"@type\":\"ImageObject\",\"inLanguage\":\"de\",\"@id\":\"https:\/\/hetzelsponheuer.de\/de\/referenzen\/etap-ibis-hotels-bundesweit\/#primaryimage\",\"url\":\"https:\/\/hetzelsponheuer.de\/de\/wp-content\/uploads\/sites\/2\/2019\/09\/etap_6133-right.jpg\",\"contentUrl\":\"https:\/\/hetzelsponheuer.de\/de\/wp-content\/uploads\/sites\/2\/2019\/09\/etap_6133-right.jpg\",\"width\":373,\"height\":729},{\"@type\":\"BreadcrumbList\",\"@id\":\"https:\/\/hetzelsponheuer.de\/de\/referenzen\/etap-ibis-hotels-bundesweit\/#breadcrumb\",\"itemListElement\":[{\"@type\":\"ListItem\",\"position\":1,\"name\":\"Startseite\",\"item\":\"https:\/\/hetzelsponheuer.de\/de\/\"},{\"@type\":\"ListItem\",\"position\":2,\"name\":\"Referenzen\",\"item\":\"https:\/\/hetzelsponheuer.de\/de\/referenzen\/\"},{\"@type\":\"ListItem\",\"position\":3,\"name\":\"Etap Ibis Hotels bundesweit\"}]},{\"@type\":\"WebSite\",\"@id\":\"https:\/\/hetzelsponheuer.de\/de\/#website\",\"url\":\"https:\/\/hetzelsponheuer.de\/de\/\",\"name\":\"Hetzel+Sponheuer \u00b7 de\",\"description\":\"L\u00f6sungen f\u00fcr Ihr Bauprojekt\",\"publisher\":{\"@id\":\"https:\/\/hetzelsponheuer.de\/de\/#organization\"},\"inLanguage\":\"de\"},{\"@type\":\"Organization\",\"@id\":\"https:\/\/hetzelsponheuer.de\/de\/#organization\",\"name\":\"Hetzel+Sponheuer GmbH & Co. KG\",\"url\":\"https:\/\/hetzelsponheuer.de\/de\/\",\"logo\":{\"@type\":\"ImageObject\",\"inLanguage\":\"de\",\"@id\":\"https:\/\/hetzelsponheuer.de\/de\/#\/schema\/logo\/image\/\",\"url\":\"https:\/\/hetzelsponheuer.de\/en\/wp-content\/uploads\/sites\/2\/2020\/02\/logo_hetzelsponheuer.png\",\"contentUrl\":\"https:\/\/hetzelsponheuer.de\/en\/wp-content\/uploads\/sites\/2\/2020\/02\/logo_hetzelsponheuer.png\",\"width\":360,\"height\":24,\"caption\":\"Hetzel+Sponheuer GmbH & Co. KG\"},\"image\":{\"@id\":\"https:\/\/hetzelsponheuer.de\/de\/#\/schema\/logo\/image\/\"},\"sameAs\":[\"https:\/\/www.linkedin.com\/company\/hetzel-sponheuer-gmbh-&amp;-co.-kg\"]}]}<\/script>\n<!-- \/ Yoast SEO plugin. -->","yoast_head_json":{"title":"Refurbishment \u00b7 Etap Ibis Hotels bundesweit \u00b7 Hetzel+Sponheuer \u00b7 Essen","description":"Refurbishment IBIS- und ETAP Hotels, bundesweit Modernisierung von G\u00e4stezimmern und Hotelr\u00e4umen w\u00e4hrend des laufenden Hotelbetriebes.","robots":{"index":"index","follow":"follow","max-snippet":"max-snippet:-1","max-image-preview":"max-image-preview:large","max-video-preview":"max-video-preview:-1"},"canonical":"https:\/\/hetzelsponheuer.de\/de\/referenzen\/etap-ibis-hotels-bundesweit\/","og_locale":"de_DE","og_type":"article","og_title":"Refurbishment \u00b7 Etap Ibis Hotels bundesweit \u00b7 Hetzel+Sponheuer \u00b7 Essen","og_description":"Refurbishment IBIS- und ETAP Hotels, bundesweit Modernisierung von G\u00e4stezimmern und Hotelr\u00e4umen w\u00e4hrend des laufenden Hotelbetriebes.","og_url":"https:\/\/hetzelsponheuer.de\/de\/referenzen\/etap-ibis-hotels-bundesweit\/","og_site_name":"Hetzel+Sponheuer \u00b7 de","article_modified_time":"2020-06-21T12:18:25+00:00","og_image":[{"url":"https:\/\/hetzelsponheuer.de\/de\/wp-content\/uploads\/sites\/2\/2019\/09\/etap_6133-right.jpg"}],"twitter_card":"summary_large_image","schema":{"@context":"https:\/\/schema.org","@graph":[{"@type":"WebPage","@id":"https:\/\/hetzelsponheuer.de\/de\/referenzen\/etap-ibis-hotels-bundesweit\/","url":"https:\/\/hetzelsponheuer.de\/de\/referenzen\/etap-ibis-hotels-bundesweit\/","name":"Refurbishment \u00b7 Etap Ibis Hotels bundesweit \u00b7 Hetzel+Sponheuer \u00b7 Essen","isPartOf":{"@id":"https:\/\/hetzelsponheuer.de\/de\/#website"},"primaryImageOfPage":{"@id":"https:\/\/hetzelsponheuer.de\/de\/referenzen\/etap-ibis-hotels-bundesweit\/#primaryimage"},"image":{"@id":"https:\/\/hetzelsponheuer.de\/de\/referenzen\/etap-ibis-hotels-bundesweit\/#primaryimage"},"thumbnailUrl":"https:\/\/hetzelsponheuer.de\/de\/wp-content\/uploads\/sites\/2\/2019\/09\/etap_6133-right.jpg","datePublished":"2019-09-11T11:48:18+00:00","dateModified":"2020-06-21T12:18:25+00:00","description":"Refurbishment IBIS- und ETAP Hotels, bundesweit Modernisierung von G\u00e4stezimmern und Hotelr\u00e4umen w\u00e4hrend des laufenden Hotelbetriebes.","breadcrumb":{"@id":"https:\/\/hetzelsponheuer.de\/de\/referenzen\/etap-ibis-hotels-bundesweit\/#breadcrumb"},"inLanguage":"de","potentialAction":[{"@type":"ReadAction","target":["https:\/\/hetzelsponheuer.de\/de\/referenzen\/etap-ibis-hotels-bundesweit\/"]}]},{"@type":"ImageObject","inLanguage":"de","@id":"https:\/\/hetzelsponheuer.de\/de\/referenzen\/etap-ibis-hotels-bundesweit\/#primaryimage","url":"https:\/\/hetzelsponheuer.de\/de\/wp-content\/uploads\/sites\/2\/2019\/09\/etap_6133-right.jpg","contentUrl":"https:\/\/hetzelsponheuer.de\/de\/wp-content\/uploads\/sites\/2\/2019\/09\/etap_6133-right.jpg","width":373,"height":729},{"@type":"BreadcrumbList","@id":"https:\/\/hetzelsponheuer.de\/de\/referenzen\/etap-ibis-hotels-bundesweit\/#breadcrumb","itemListElement":[{"@type":"ListItem","position":1,"name":"Startseite","item":"https:\/\/hetzelsponheuer.de\/de\/"},{"@type":"ListItem","position":2,"name":"Referenzen","item":"https:\/\/hetzelsponheuer.de\/de\/referenzen\/"},{"@type":"ListItem","position":3,"name":"Etap Ibis Hotels bundesweit"}]},{"@type":"WebSite","@id":"https:\/\/hetzelsponheuer.de\/de\/#website","url":"https:\/\/hetzelsponheuer.de\/de\/","name":"Hetzel+Sponheuer \u00b7 de","description":"L\u00f6sungen f\u00fcr Ihr Bauprojekt","publisher":{"@id":"https:\/\/hetzelsponheuer.de\/de\/#organization"},"inLanguage":"de"},{"@type":"Organization","@id":"https:\/\/hetzelsponheuer.de\/de\/#organization","name":"Hetzel+Sponheuer GmbH & Co. KG","url":"https:\/\/hetzelsponheuer.de\/de\/","logo":{"@type":"ImageObject","inLanguage":"de","@id":"https:\/\/hetzelsponheuer.de\/de\/#\/schema\/logo\/image\/","url":"https:\/\/hetzelsponheuer.de\/en\/wp-content\/uploads\/sites\/2\/2020\/02\/logo_hetzelsponheuer.png","contentUrl":"https:\/\/hetzelsponheuer.de\/en\/wp-content\/uploads\/sites\/2\/2020\/02\/logo_hetzelsponheuer.png","width":360,"height":24,"caption":"Hetzel+Sponheuer GmbH & Co. KG"},"image":{"@id":"https:\/\/hetzelsponheuer.de\/de\/#\/schema\/logo\/image\/"},"sameAs":["https:\/\/www.linkedin.com\/company\/hetzel-sponheuer-gmbh-&amp;-co.-kg"]}]}},"_links":{"self":[{"href":"https:\/\/hetzelsponheuer.de\/de\/wp-json\/wp\/v2\/pages\/3006"}],"collection":[{"href":"https:\/\/hetzelsponheuer.de\/de\/wp-json\/wp\/v2\/pages"}],"about":[{"href":"https:\/\/hetzelsponheuer.de\/de\/wp-json\/wp\/v2\/types\/page"}],"author":[{"embeddable":true,"href":"https:\/\/hetzelsponheuer.de\/de\/wp-json\/wp\/v2\/users\/1"}],"replies":[{"embeddable":true,"href":"https:\/\/hetzelsponheuer.de\/de\/wp-json\/wp\/v2\/comments?post=3006"}],"version-history":[{"count":4,"href":"https:\/\/hetzelsponheuer.de\/de\/wp-json\/wp\/v2\/pages\/3006\/revisions"}],"predecessor-version":[{"id":5477,"href":"https:\/\/hetzelsponheuer.de\/de\/wp-json\/wp\/v2\/pages\/3006\/revisions\/5477"}],"up":[{"embeddable":true,"href":"https:\/\/hetzelsponheuer.de\/de\/wp-json\/wp\/v2\/pages\/63"}],"wp:attachment":[{"href":"https:\/\/hetzelsponheuer.de\/de\/wp-json\/wp\/v2\/media?parent=3006"}],"curies":[{"name":"wp","href":"https:\/\/api.w.org\/{rel}","templated":true}]}}