{"id":3016,"date":"2019-09-11T15:01:12","date_gmt":"2019-09-11T13:01:12","guid":{"rendered":"http:\/\/hetzelsponheuer.de\/de\/?page_id=3016"},"modified":"2020-03-06T15:12:26","modified_gmt":"2020-03-06T14:12:26","slug":"f-v-s-gymnasium-muenster","status":"publish","type":"page","link":"https:\/\/hetzelsponheuer.de\/de\/referenzen\/f-v-s-gymnasium-muenster\/","title":{"rendered":"F-v-S Gymnasium"},"content":{"rendered":"<div class=\"banner row x-4 md-3-6-3 sm-0-12-0 wp-block-lazyblock-inner-block lazyblock-inner-block-1kSrP1\">\n<div class=\"col wp-block-lazyblock-inner-block lazyblock-inner-block-Z1da7Fw\">\n<div class=\"bg grey img wp-block-lazyblock-inner-block lazyblock-inner-block-xltxB\">\n\n<figure class=\"wp-block-image\"><img decoding=\"async\" src=\"https:\/\/hetzelsponheuer.de\/de\/wp-content\/uploads\/sites\/2\/2019\/09\/fvs_135_left.jpg\" alt=\"Dieses Bild hat ein leeres Alt-Attribut. Der Dateiname ist fvs_135_left.jpg\"\/><\/figure>\n\n<\/div>\n<\/div>\n\n<div class=\"col wp-block-lazyblock-inner-block lazyblock-inner-block-1gDVMO\">\n<div class=\"bg grey img wp-block-lazyblock-inner-block lazyblock-inner-block-25PnQc\">\n\n<figure class=\"wp-block-image\"><img decoding=\"async\" loading=\"lazy\" width=\"754\" height=\"754\" src=\"https:\/\/hetzelsponheuer.de\/de\/wp-content\/uploads\/sites\/2\/2019\/09\/fvs_135_left.jpg\" alt=\"\" class=\"wp-image-3323\" srcset=\"https:\/\/hetzelsponheuer.de\/de\/wp-content\/uploads\/sites\/2\/2019\/09\/fvs_135_left.jpg 754w, https:\/\/hetzelsponheuer.de\/de\/wp-content\/uploads\/sites\/2\/2019\/09\/fvs_135_left-150x150.jpg 150w, https:\/\/hetzelsponheuer.de\/de\/wp-content\/uploads\/sites\/2\/2019\/09\/fvs_135_left-300x300.jpg 300w\" sizes=\"(max-width: 754px) 100vw, 754px\" \/><\/figure>\n\n<\/div>\n<\/div>\n\n<div class=\"col wp-block-lazyblock-inner-block lazyblock-inner-block-2lGT91\">\n<div class=\"bg grey img wp-block-lazyblock-inner-block lazyblock-inner-block-Z1n79J4\">\n\n<figure class=\"wp-block-image\"><img decoding=\"async\" loading=\"lazy\" width=\"373\" height=\"754\" src=\"https:\/\/hetzelsponheuer.de\/de\/wp-content\/uploads\/sites\/2\/2019\/09\/fvs_135_right.jpg\" alt=\"\" class=\"wp-image-3324\" srcset=\"https:\/\/hetzelsponheuer.de\/de\/wp-content\/uploads\/sites\/2\/2019\/09\/fvs_135_right.jpg 373w, https:\/\/hetzelsponheuer.de\/de\/wp-content\/uploads\/sites\/2\/2019\/09\/fvs_135_right-148x300.jpg 148w\" sizes=\"(max-width: 373px) 100vw, 373px\" \/><\/figure>\n\n<\/div>\n<\/div>\n<\/div>\n\n<div class=\"row x-24 md-3-9 sm-0-12 wp-block-lazyblock-inner-block lazyblock-inner-block-Z1YnPRv\">\n<div class=\"col wp-block-lazyblock-inner-block lazyblock-inner-block-1KyAnM\">\n<div class=\"wp-block-lazyblock-inner-block lazyblock-inner-block-ZQJXop\">\n\n<p>  <\/p>\n\n<\/div>\n<\/div>\n\n<div class=\"col wp-block-lazyblock-inner-block lazyblock-inner-block-1k7Wmw\">\n<div class=\"head wp-block-lazyblock-inner-block lazyblock-inner-block-Z1G5WWD\">\n\n<p class=\"topline\">Fassade im W\u00e4rmed\u00e4mmverbund-System (WDVS)<\/p>\n\n\n\n<h2 class=\"h1 wp-block-heading\">Frei\u00adherr-vom-Stein Gymna\u00adsium <span class=\"grey\">M\u00fcnster<\/span><\/h2>\n\n<\/div>\n<\/div>\n<\/div>\n\n<div class=\"row x-24 md-3-6-3 sm-12-12-12 wp-block-lazyblock-inner-block lazyblock-inner-block-ZVfRHj\">\n<div class=\"col wp-block-lazyblock-inner-block lazyblock-inner-block-UKsF4\">\n<div class=\"wp-block-lazyblock-inner-block lazyblock-inner-block-Z1brndl\">\n\n<p class=\"md-right pl-24\"><\/p>\n\n<\/div>\n<\/div>\n\n<div class=\"col wp-block-lazyblock-inner-block lazyblock-inner-block-Z1rj4eR\">\n<div class=\"wp-block-lazyblock-inner-block lazyblock-inner-block-213Klg\">\n\n<p class=\"grey\"><strong>Der Neubau des Gymnasiums im Stadtteil Gievenbeck stellte sowohl durch die architektonische Einbindung in die Umgebung als auch durch das geforderte p\u00e4dagogische Konzept hohe Anspr\u00fcche an die Ausf\u00fchrenden. Wie bei vielen \u00f6ffentlichen Bauten wurde dabei besonderer Wert auf die Energieeffizienz gelegt.<\/strong><\/p>\n\n\n\n<div style=\"height:24px\" aria-hidden=\"true\" class=\"wp-block-spacer\"><\/div>\n\n\n\n<h3 class=\"h4 wp-block-heading\">Herausforderung<\/h3>\n\n\n\n<p>Die Erstellung einer Fassade im W\u00e4rmed\u00e4mmverbund-System sollte h\u00f6chsten architektonischen Anspr\u00fcchen gen\u00fcgen und gleichzeitig f\u00fcr maximale Energieeffizienz sorgen. Zus\u00e4tzlicher Fokus lag auf den anspruchsvollen Detailausbildungen, die in besonderer Weise ber\u00fccksichtigt werden mussten.<\/p>\n\n\n\n<h3 class=\"h4 wp-block-heading\">L\u00f6sung<\/h3>\n\n\n\n<p>W\u00e4rmed\u00e4mmverbundsysteme\/Thermohautfassaden sind heute die g\u00e4ngigsten Anwendungen bei der energetischen Ausr\u00fcstung von Neubau- bzw. Bestandsimmobilien. Sie sind h\u00e4ufig die wirtschaftlichste L\u00f6sung und erm\u00f6glichen architektonisch eine individuelle Gestaltungsvielfalt. Die von verschiedenen Systemherstellern zu beziehenden D\u00e4mmsysteme sind heute vielf\u00e4ltig und durch ihren Systemaufbau und ihre Komponenten auf unterschiedlichste Anwendungsf\u00e4lle ausgerichtet. Das gro\u00dfe Angebot kann also leicht f\u00fcr Verwirrung sorgen. Um zu wissen, welches System das Beste ist, ist eine unterst\u00fctzende Beratung durch einen Fachbetrieb wie der Hetzel + Sponheuer GmbH &amp; Co. KG oder durch einen Architekten notwendig. Aufgrund unserer vielf\u00e4ltigen Erfahrungen mit der Realisierung solcher Fassadensysteme sind wir in der Lage, den Kunden gut zu beraten und gemeinsam die optimale L\u00f6sung zu finden.<\/p>\n\n\n<div class=\"grid x24 md-col-6-6-row-1 wp-block-lazyblock-inner-block lazyblock-inner-block-ZJAY6Q\">\n<div class=\"bg grey img wp-block-lazyblock-inner-block lazyblock-inner-block-1YXemg\">\n\n<figure class=\"wp-block-image size-large\"><a class=\"gallery\" href=\"https:\/\/hetzelsponheuer.de\/de\/wp-content\/uploads\/sites\/2\/2019\/11\/fvs_highschool_106.jpg\" rel=\"gallery-1\"><img decoding=\"async\" loading=\"lazy\" width=\"500\" height=\"500\" src=\"https:\/\/hetzelsponheuer.de\/de\/wp-content\/uploads\/sites\/2\/2019\/11\/fvs_highschool_106.jpg\" alt=\"\" class=\"wp-image-4584\" srcset=\"https:\/\/hetzelsponheuer.de\/de\/wp-content\/uploads\/sites\/2\/2019\/11\/fvs_highschool_106.jpg 500w, https:\/\/hetzelsponheuer.de\/de\/wp-content\/uploads\/sites\/2\/2019\/11\/fvs_highschool_106-400x400.jpg 400w, https:\/\/hetzelsponheuer.de\/de\/wp-content\/uploads\/sites\/2\/2019\/11\/fvs_highschool_106-200x200.jpg 200w\" sizes=\"(max-width: 500px) 100vw, 500px\" \/><\/a><\/figure>\n\n\n\n<p class=\"figcaption\">Fassadendetail<\/p>\n\n<\/div>\n\n<div class=\"bg grey img wp-block-lazyblock-inner-block lazyblock-inner-block-Bjwq\">\n\n<figure class=\"wp-block-image size-large\"><a class=\"gallery\" href=\"https:\/\/hetzelsponheuer.de\/de\/wp-content\/uploads\/sites\/2\/2019\/11\/fvs_highschool_159.jpg\" rel=\"gallery-1\"><img decoding=\"async\" loading=\"lazy\" width=\"500\" height=\"500\" src=\"https:\/\/hetzelsponheuer.de\/de\/wp-content\/uploads\/sites\/2\/2019\/11\/fvs_highschool_159.jpg\" alt=\"\" class=\"wp-image-4583\" srcset=\"https:\/\/hetzelsponheuer.de\/de\/wp-content\/uploads\/sites\/2\/2019\/11\/fvs_highschool_159.jpg 500w, https:\/\/hetzelsponheuer.de\/de\/wp-content\/uploads\/sites\/2\/2019\/11\/fvs_highschool_159-400x400.jpg 400w, https:\/\/hetzelsponheuer.de\/de\/wp-content\/uploads\/sites\/2\/2019\/11\/fvs_highschool_159-200x200.jpg 200w\" sizes=\"(max-width: 500px) 100vw, 500px\" \/><\/a><\/figure>\n\n\n\n<p class=\"figcaption\">Fassadenansicht<\/p>\n\n<\/div>\n<\/div>\n\n\n<p>Die besonderen Anspr\u00fcche an die Fassade des Freiherr-vom-Stein-Gymnasiums resultieren aus der klaren, strengen Geb\u00e4udearchitektur, die auch durch entsprechende Ausf\u00fchrungsdetails und Anschlussl\u00f6sungen zum Ausdruck kommt. Neben technischen Detaill\u00f6sungen f\u00fcr druck- und schlagfeste Oberfl\u00e4chen waren hier selbstverst\u00e4ndlich auch die Ausf\u00fchrungs- und Terminplanung von Beginn an eine zu l\u00f6sende Herausforderung.<\/p>\n\n\n\n<p>Der Einsatz einer speziell geschulten und erfahrenen Handwerkermannschaft erm\u00f6glicht die Realisierung einer Fassade mit einem H\u00f6chstma\u00df an Genauigkeit und Termintreue. In enger Zusammenarbeit mit dem Materialhersteller und durch intensive Abstimmung mit dem Auftraggeber konnten zudem auch schwierigste Anschl\u00fcsse und \u00dcberg\u00e4nge dauerhaft gel\u00f6st werden.<\/p>\n\n\n\n<div style=\"height:32px\" aria-hidden=\"true\" class=\"wp-block-spacer\"><\/div>\n\n<\/div>\n<\/div>\n\n<div class=\"col wp-block-lazyblock-inner-block lazyblock-inner-block-Z2wrBd9\">\n<div class=\"wp-block-lazyblock-inner-block lazyblock-inner-block-ZiJPc3\">\n<div class=\"menu-main-menu-container\"><ul id=\"menu-main-menu\" class=\"grey\"><li id=\"menu-item-2901\" class=\"menu-item \"><a href=\"https:\/\/hetzelsponheuer.de\/de\/referenzen\/projektseiten\/\">Projektseiten<\/a><\/li>\n<li id=\"menu-item-2769\" class=\"menu-item \"><a href=\"https:\/\/hetzelsponheuer.de\/de\/referenzen\/projektliste\/\">Projektliste<\/a><\/li>\n<\/ul><\/div>\n\n\n\n<h4 class=\"wp-block-heading\">Ihr Ansprechpartner<\/h4>\n\n\n\n<ul class=\"link ajx grey\"><li><a href=\"carsten-haddick\" data-display=\"fancybox\" data-post-type=\"mitarbeiter\">Carsten Haddick<\/a><\/li><\/ul>\n\n\n\n<h4 class=\"wp-block-heading\">L\u00f6sungen<\/h4>\n\n\n\n<ul class=\"fade-link grey\"><li><a href=\"https:\/\/hetzelsponheuer.de\/de\/loesungen\/#wohnen-gewerbe-industrie\">Wohnen, Gewerbe und Industrie<\/a><\/li><\/ul>\n\n\n\n<h4 class=\"wp-block-heading\">Leistungen<\/h4>\n\n\n\n<ul class=\"fade-link grey\"><li><a href=\"https:\/\/hetzelsponheuer.de\/de\/leistungen\/#organisation-und-baubegleitung\">Organisation und Baubegleitung<\/a><\/li><li><a href=\"https:\/\/hetzelsponheuer.de\/de\/leistungen\/#handwerk-und-technik\">Handwerk und Bautechnik<\/a><\/li><\/ul>\n\n\n\n<ul><li>Farbkonzept<br>(Beratung, Umsetzung)<\/li><li>Fassadensysteme<\/li><li>WDVS W\u00e4rmed\u00e4mm-Verbundsystem<\/li><li>Anschlu\u00dfsysteme<\/li><li>Befestigungssysteme<\/li><\/ul>\n\n\n\n<h4 class=\"wp-block-heading\">Fachartikel<\/h4>\n\n\n\n<ul class=\"link grey\"><li><a href=\"https:\/\/hetzelsponheuer.de\/download\/alsecco_gymn_muenster.pdf\" target=\"_blank\" rel=\"noreferrer noopener\"><strong>Alsecco<\/strong>&#8220;FvS-Gymnasium M\u00fcnster&#8221;Brosch\u00fcre, PDF<\/a><\/li><\/ul>\n\n\n\n<h4 class=\"wp-block-heading\">Fotos<\/h4>\n\n\n\n<ul><li>Astrid Theisen<\/li><\/ul>\n\n\n\n<div style=\"height:48px\" aria-hidden=\"true\" class=\"wp-block-spacer\"><\/div>\n\n<\/div>\n<\/div>\n<\/div>\n\n<div class=\"row x-24 md-3-9 sm-0-12 wp-block-lazyblock-inner-block lazyblock-inner-block-2mrwsP\">\n<div class=\"col wp-block-lazyblock-inner-block lazyblock-inner-block-ZuCFTF\">\n<div class=\"wp-block-lazyblock-inner-block lazyblock-inner-block-Z1QKVGh\">\n\n<p>  <\/p>\n\n<\/div>\n<\/div>\n\n<div class=\"col wp-block-lazyblock-inner-block lazyblock-inner-block-Z1dEO6S\">\n<div class=\"wp-block-lazyblock-inner-block lazyblock-inner-block-1GrFqs\">\n\n<p class=\"logo hetzel\">   <\/p>\n\n<\/div>\n\n\n<div style=\"height:56px\" aria-hidden=\"true\" class=\"wp-block-spacer\"><\/div>\n\n<\/div>\n<\/div>","protected":false},"excerpt":{"rendered":"","protected":false},"author":1,"featured_media":0,"parent":63,"menu_order":9,"comment_status":"closed","ping_status":"closed","template":"page-usecase.php","meta":{"footnotes":""},"yoast_head":"<!-- This site is optimized with the Yoast SEO plugin v22.6 - https:\/\/yoast.com\/wordpress\/plugins\/seo\/ -->\n<title>W\u00e4rmed\u00e4mmverbund-System \u00b7 Gymnasium M\u00fcnster \u00b7 Hetzel+Sponheuer<\/title>\n<meta name=\"description\" content=\"WDVS \u00b7 Fassade im W\u00e4rmed\u00e4mmverbund-System f\u00fcr den Neubau des Freiherr-vom-Stein Gymnasiums in M\u00fcnster. D\u00e4mmsystem mit druck- und schlagfesten Oberfl\u00e4chen.\" \/>\n<meta name=\"robots\" content=\"index, follow, max-snippet:-1, max-image-preview:large, max-video-preview:-1\" \/>\n<link rel=\"canonical\" href=\"https:\/\/hetzelsponheuer.de\/de\/referenzen\/f-v-s-gymnasium-muenster\/\" \/>\n<meta property=\"og:locale\" content=\"de_DE\" \/>\n<meta property=\"og:type\" content=\"article\" \/>\n<meta property=\"og:title\" content=\"W\u00e4rmed\u00e4mmverbund-System \u00b7 Gymnasium M\u00fcnster \u00b7 Hetzel+Sponheuer\" \/>\n<meta property=\"og:description\" content=\"WDVS \u00b7 Fassade im W\u00e4rmed\u00e4mmverbund-System f\u00fcr den Neubau des Freiherr-vom-Stein Gymnasiums in M\u00fcnster. D\u00e4mmsystem mit druck- und schlagfesten Oberfl\u00e4chen.\" \/>\n<meta property=\"og:url\" content=\"https:\/\/hetzelsponheuer.de\/de\/referenzen\/f-v-s-gymnasium-muenster\/\" \/>\n<meta property=\"og:site_name\" content=\"Hetzel+Sponheuer \u00b7 de\" \/>\n<meta property=\"article:modified_time\" content=\"2020-03-06T14:12:26+00:00\" \/>\n<meta property=\"og:image\" content=\"https:\/\/hetzelsponheuer.de\/de\/wp-content\/uploads\/sites\/2\/2019\/09\/fvs_135_left.jpg\" \/>\n<meta name=\"twitter:card\" content=\"summary_large_image\" \/>\n<script type=\"application\/ld+json\" class=\"yoast-schema-graph\">{\"@context\":\"https:\/\/schema.org\",\"@graph\":[{\"@type\":\"WebPage\",\"@id\":\"https:\/\/hetzelsponheuer.de\/de\/referenzen\/f-v-s-gymnasium-muenster\/\",\"url\":\"https:\/\/hetzelsponheuer.de\/de\/referenzen\/f-v-s-gymnasium-muenster\/\",\"name\":\"W\u00e4rmed\u00e4mmverbund-System \u00b7 Gymnasium M\u00fcnster \u00b7 Hetzel+Sponheuer\",\"isPartOf\":{\"@id\":\"https:\/\/hetzelsponheuer.de\/de\/#website\"},\"primaryImageOfPage\":{\"@id\":\"https:\/\/hetzelsponheuer.de\/de\/referenzen\/f-v-s-gymnasium-muenster\/#primaryimage\"},\"image\":{\"@id\":\"https:\/\/hetzelsponheuer.de\/de\/referenzen\/f-v-s-gymnasium-muenster\/#primaryimage\"},\"thumbnailUrl\":\"https:\/\/hetzelsponheuer.de\/de\/wp-content\/uploads\/sites\/2\/2019\/09\/fvs_135_left.jpg\",\"datePublished\":\"2019-09-11T13:01:12+00:00\",\"dateModified\":\"2020-03-06T14:12:26+00:00\",\"description\":\"WDVS \u00b7 Fassade im W\u00e4rmed\u00e4mmverbund-System f\u00fcr den Neubau des Freiherr-vom-Stein Gymnasiums in M\u00fcnster. D\u00e4mmsystem mit druck- und schlagfesten Oberfl\u00e4chen.\",\"breadcrumb\":{\"@id\":\"https:\/\/hetzelsponheuer.de\/de\/referenzen\/f-v-s-gymnasium-muenster\/#breadcrumb\"},\"inLanguage\":\"de\",\"potentialAction\":[{\"@type\":\"ReadAction\",\"target\":[\"https:\/\/hetzelsponheuer.de\/de\/referenzen\/f-v-s-gymnasium-muenster\/\"]}]},{\"@type\":\"ImageObject\",\"inLanguage\":\"de\",\"@id\":\"https:\/\/hetzelsponheuer.de\/de\/referenzen\/f-v-s-gymnasium-muenster\/#primaryimage\",\"url\":\"https:\/\/hetzelsponheuer.de\/de\/wp-content\/uploads\/sites\/2\/2019\/09\/fvs_135_left.jpg\",\"contentUrl\":\"https:\/\/hetzelsponheuer.de\/de\/wp-content\/uploads\/sites\/2\/2019\/09\/fvs_135_left.jpg\",\"width\":754,\"height\":754},{\"@type\":\"BreadcrumbList\",\"@id\":\"https:\/\/hetzelsponheuer.de\/de\/referenzen\/f-v-s-gymnasium-muenster\/#breadcrumb\",\"itemListElement\":[{\"@type\":\"ListItem\",\"position\":1,\"name\":\"Startseite\",\"item\":\"https:\/\/hetzelsponheuer.de\/de\/\"},{\"@type\":\"ListItem\",\"position\":2,\"name\":\"Referenzen\",\"item\":\"https:\/\/hetzelsponheuer.de\/de\/referenzen\/\"},{\"@type\":\"ListItem\",\"position\":3,\"name\":\"F-v-S Gymnasium\"}]},{\"@type\":\"WebSite\",\"@id\":\"https:\/\/hetzelsponheuer.de\/de\/#website\",\"url\":\"https:\/\/hetzelsponheuer.de\/de\/\",\"name\":\"Hetzel+Sponheuer \u00b7 de\",\"description\":\"L\u00f6sungen f\u00fcr Ihr Bauprojekt\",\"publisher\":{\"@id\":\"https:\/\/hetzelsponheuer.de\/de\/#organization\"},\"inLanguage\":\"de\"},{\"@type\":\"Organization\",\"@id\":\"https:\/\/hetzelsponheuer.de\/de\/#organization\",\"name\":\"Hetzel+Sponheuer GmbH & Co. KG\",\"url\":\"https:\/\/hetzelsponheuer.de\/de\/\",\"logo\":{\"@type\":\"ImageObject\",\"inLanguage\":\"de\",\"@id\":\"https:\/\/hetzelsponheuer.de\/de\/#\/schema\/logo\/image\/\",\"url\":\"https:\/\/hetzelsponheuer.de\/en\/wp-content\/uploads\/sites\/2\/2020\/02\/logo_hetzelsponheuer.png\",\"contentUrl\":\"https:\/\/hetzelsponheuer.de\/en\/wp-content\/uploads\/sites\/2\/2020\/02\/logo_hetzelsponheuer.png\",\"width\":360,\"height\":24,\"caption\":\"Hetzel+Sponheuer GmbH & Co. KG\"},\"image\":{\"@id\":\"https:\/\/hetzelsponheuer.de\/de\/#\/schema\/logo\/image\/\"},\"sameAs\":[\"https:\/\/www.linkedin.com\/company\/hetzel-sponheuer-gmbh-&amp;-co.-kg\"]}]}<\/script>\n<!-- \/ Yoast SEO plugin. -->","yoast_head_json":{"title":"W\u00e4rmed\u00e4mmverbund-System \u00b7 Gymnasium M\u00fcnster \u00b7 Hetzel+Sponheuer","description":"WDVS \u00b7 Fassade im W\u00e4rmed\u00e4mmverbund-System f\u00fcr den Neubau des Freiherr-vom-Stein Gymnasiums in M\u00fcnster. D\u00e4mmsystem mit druck- und schlagfesten Oberfl\u00e4chen.","robots":{"index":"index","follow":"follow","max-snippet":"max-snippet:-1","max-image-preview":"max-image-preview:large","max-video-preview":"max-video-preview:-1"},"canonical":"https:\/\/hetzelsponheuer.de\/de\/referenzen\/f-v-s-gymnasium-muenster\/","og_locale":"de_DE","og_type":"article","og_title":"W\u00e4rmed\u00e4mmverbund-System \u00b7 Gymnasium M\u00fcnster \u00b7 Hetzel+Sponheuer","og_description":"WDVS \u00b7 Fassade im W\u00e4rmed\u00e4mmverbund-System f\u00fcr den Neubau des Freiherr-vom-Stein Gymnasiums in M\u00fcnster. D\u00e4mmsystem mit druck- und schlagfesten Oberfl\u00e4chen.","og_url":"https:\/\/hetzelsponheuer.de\/de\/referenzen\/f-v-s-gymnasium-muenster\/","og_site_name":"Hetzel+Sponheuer \u00b7 de","article_modified_time":"2020-03-06T14:12:26+00:00","og_image":[{"url":"https:\/\/hetzelsponheuer.de\/de\/wp-content\/uploads\/sites\/2\/2019\/09\/fvs_135_left.jpg"}],"twitter_card":"summary_large_image","schema":{"@context":"https:\/\/schema.org","@graph":[{"@type":"WebPage","@id":"https:\/\/hetzelsponheuer.de\/de\/referenzen\/f-v-s-gymnasium-muenster\/","url":"https:\/\/hetzelsponheuer.de\/de\/referenzen\/f-v-s-gymnasium-muenster\/","name":"W\u00e4rmed\u00e4mmverbund-System \u00b7 Gymnasium M\u00fcnster \u00b7 Hetzel+Sponheuer","isPartOf":{"@id":"https:\/\/hetzelsponheuer.de\/de\/#website"},"primaryImageOfPage":{"@id":"https:\/\/hetzelsponheuer.de\/de\/referenzen\/f-v-s-gymnasium-muenster\/#primaryimage"},"image":{"@id":"https:\/\/hetzelsponheuer.de\/de\/referenzen\/f-v-s-gymnasium-muenster\/#primaryimage"},"thumbnailUrl":"https:\/\/hetzelsponheuer.de\/de\/wp-content\/uploads\/sites\/2\/2019\/09\/fvs_135_left.jpg","datePublished":"2019-09-11T13:01:12+00:00","dateModified":"2020-03-06T14:12:26+00:00","description":"WDVS \u00b7 Fassade im W\u00e4rmed\u00e4mmverbund-System f\u00fcr den Neubau des Freiherr-vom-Stein Gymnasiums in M\u00fcnster. D\u00e4mmsystem mit druck- und schlagfesten Oberfl\u00e4chen.","breadcrumb":{"@id":"https:\/\/hetzelsponheuer.de\/de\/referenzen\/f-v-s-gymnasium-muenster\/#breadcrumb"},"inLanguage":"de","potentialAction":[{"@type":"ReadAction","target":["https:\/\/hetzelsponheuer.de\/de\/referenzen\/f-v-s-gymnasium-muenster\/"]}]},{"@type":"ImageObject","inLanguage":"de","@id":"https:\/\/hetzelsponheuer.de\/de\/referenzen\/f-v-s-gymnasium-muenster\/#primaryimage","url":"https:\/\/hetzelsponheuer.de\/de\/wp-content\/uploads\/sites\/2\/2019\/09\/fvs_135_left.jpg","contentUrl":"https:\/\/hetzelsponheuer.de\/de\/wp-content\/uploads\/sites\/2\/2019\/09\/fvs_135_left.jpg","width":754,"height":754},{"@type":"BreadcrumbList","@id":"https:\/\/hetzelsponheuer.de\/de\/referenzen\/f-v-s-gymnasium-muenster\/#breadcrumb","itemListElement":[{"@type":"ListItem","position":1,"name":"Startseite","item":"https:\/\/hetzelsponheuer.de\/de\/"},{"@type":"ListItem","position":2,"name":"Referenzen","item":"https:\/\/hetzelsponheuer.de\/de\/referenzen\/"},{"@type":"ListItem","position":3,"name":"F-v-S Gymnasium"}]},{"@type":"WebSite","@id":"https:\/\/hetzelsponheuer.de\/de\/#website","url":"https:\/\/hetzelsponheuer.de\/de\/","name":"Hetzel+Sponheuer \u00b7 de","description":"L\u00f6sungen f\u00fcr Ihr Bauprojekt","publisher":{"@id":"https:\/\/hetzelsponheuer.de\/de\/#organization"},"inLanguage":"de"},{"@type":"Organization","@id":"https:\/\/hetzelsponheuer.de\/de\/#organization","name":"Hetzel+Sponheuer GmbH & Co. KG","url":"https:\/\/hetzelsponheuer.de\/de\/","logo":{"@type":"ImageObject","inLanguage":"de","@id":"https:\/\/hetzelsponheuer.de\/de\/#\/schema\/logo\/image\/","url":"https:\/\/hetzelsponheuer.de\/en\/wp-content\/uploads\/sites\/2\/2020\/02\/logo_hetzelsponheuer.png","contentUrl":"https:\/\/hetzelsponheuer.de\/en\/wp-content\/uploads\/sites\/2\/2020\/02\/logo_hetzelsponheuer.png","width":360,"height":24,"caption":"Hetzel+Sponheuer GmbH & Co. KG"},"image":{"@id":"https:\/\/hetzelsponheuer.de\/de\/#\/schema\/logo\/image\/"},"sameAs":["https:\/\/www.linkedin.com\/company\/hetzel-sponheuer-gmbh-&amp;-co.-kg"]}]}},"_links":{"self":[{"href":"https:\/\/hetzelsponheuer.de\/de\/wp-json\/wp\/v2\/pages\/3016"}],"collection":[{"href":"https:\/\/hetzelsponheuer.de\/de\/wp-json\/wp\/v2\/pages"}],"about":[{"href":"https:\/\/hetzelsponheuer.de\/de\/wp-json\/wp\/v2\/types\/page"}],"author":[{"embeddable":true,"href":"https:\/\/hetzelsponheuer.de\/de\/wp-json\/wp\/v2\/users\/1"}],"replies":[{"embeddable":true,"href":"https:\/\/hetzelsponheuer.de\/de\/wp-json\/wp\/v2\/comments?post=3016"}],"version-history":[{"count":3,"href":"https:\/\/hetzelsponheuer.de\/de\/wp-json\/wp\/v2\/pages\/3016\/revisions"}],"predecessor-version":[{"id":5149,"href":"https:\/\/hetzelsponheuer.de\/de\/wp-json\/wp\/v2\/pages\/3016\/revisions\/5149"}],"up":[{"embeddable":true,"href":"https:\/\/hetzelsponheuer.de\/de\/wp-json\/wp\/v2\/pages\/63"}],"wp:attachment":[{"href":"https:\/\/hetzelsponheuer.de\/de\/wp-json\/wp\/v2\/media?parent=3016"}],"curies":[{"name":"wp","href":"https:\/\/api.w.org\/{rel}","templated":true}]}}