{"id":3023,"date":"2019-09-11T15:14:34","date_gmt":"2019-09-11T13:14:34","guid":{"rendered":"http:\/\/hetzelsponheuer.de\/de\/?page_id=3023"},"modified":"2021-02-21T15:59:04","modified_gmt":"2021-02-21T14:59:04","slug":"fachhochschule-gelsenkirchen","status":"publish","type":"page","link":"https:\/\/hetzelsponheuer.de\/de\/referenzen\/fachhochschule-gelsenkirchen\/","title":{"rendered":"FH Gelsenkirchen"},"content":{"rendered":"<div class=\"banner row x-4 md-3-6-3 sm-0-12-0 wp-block-lazyblock-inner-block lazyblock-inner-block-1kSrP1\">\n<div class=\"col wp-block-lazyblock-inner-block lazyblock-inner-block-Z1da7Fw\">\n<div class=\"bg grey img wp-block-lazyblock-inner-block lazyblock-inner-block-xltxB\">\n\n<figure class=\"wp-block-image\"><img decoding=\"async\" loading=\"lazy\" width=\"373\" height=\"541\" src=\"https:\/\/hetzelsponheuer.de\/de\/wp-content\/uploads\/sites\/2\/2019\/09\/fh_gelsenkirchen_0357_aus.jpg\" alt=\"Brandschutz \u00b7 Bauen im Bestand\" class=\"wp-image-3507\" srcset=\"https:\/\/hetzelsponheuer.de\/de\/wp-content\/uploads\/sites\/2\/2019\/09\/fh_gelsenkirchen_0357_aus.jpg 373w, https:\/\/hetzelsponheuer.de\/de\/wp-content\/uploads\/sites\/2\/2019\/09\/fh_gelsenkirchen_0357_aus-207x300.jpg 207w\" sizes=\"(max-width: 373px) 100vw, 373px\" \/><\/figure>\n\n<\/div>\n<\/div>\n\n<div class=\"col wp-block-lazyblock-inner-block lazyblock-inner-block-1gDVMO\">\n<div class=\"bg grey img wp-block-lazyblock-inner-block lazyblock-inner-block-25PnQc\">\n\n<figure class=\"wp-block-image\"><img decoding=\"async\" loading=\"lazy\" width=\"754\" height=\"777\" src=\"https:\/\/hetzelsponheuer.de\/de\/wp-content\/uploads\/sites\/2\/2019\/09\/fh_gelsenkirchen_0357_left.jpg\" alt=\"Brandschutz \u00b7 Bauen im Bestand\" class=\"wp-image-3261\" srcset=\"https:\/\/hetzelsponheuer.de\/de\/wp-content\/uploads\/sites\/2\/2019\/09\/fh_gelsenkirchen_0357_left.jpg 754w, https:\/\/hetzelsponheuer.de\/de\/wp-content\/uploads\/sites\/2\/2019\/09\/fh_gelsenkirchen_0357_left-291x300.jpg 291w\" sizes=\"(max-width: 754px) 100vw, 754px\" \/><\/figure>\n\n<\/div>\n<\/div>\n\n<div class=\"col wp-block-lazyblock-inner-block lazyblock-inner-block-2lGT91\">\n<div class=\"bg grey img wp-block-lazyblock-inner-block lazyblock-inner-block-Z1n79J4\">\n\n<figure class=\"wp-block-image\"><img decoding=\"async\" loading=\"lazy\" width=\"373\" height=\"777\" src=\"https:\/\/hetzelsponheuer.de\/de\/wp-content\/uploads\/sites\/2\/2019\/09\/fh_gelsenkirchen_0357_right.jpg\" alt=\"Beschichtungen \u00b7 Bauen im Bestand\" class=\"wp-image-3266\" srcset=\"https:\/\/hetzelsponheuer.de\/de\/wp-content\/uploads\/sites\/2\/2019\/09\/fh_gelsenkirchen_0357_right.jpg 373w, https:\/\/hetzelsponheuer.de\/de\/wp-content\/uploads\/sites\/2\/2019\/09\/fh_gelsenkirchen_0357_right-144x300.jpg 144w\" sizes=\"(max-width: 373px) 100vw, 373px\" \/><\/figure>\n\n<\/div>\n<\/div>\n<\/div>\n\n<div class=\"row x-24 md-3-9 sm-0-12 wp-block-lazyblock-inner-block lazyblock-inner-block-Z1YnPRv\">\n<div class=\"col wp-block-lazyblock-inner-block lazyblock-inner-block-1KyAnM\">\n<div class=\"wp-block-lazyblock-inner-block lazyblock-inner-block-ZQJXop\">\n\n<p>  <\/p>\n\n<\/div>\n<\/div>\n\n<div class=\"col wp-block-lazyblock-inner-block lazyblock-inner-block-1k7Wmw\">\n<div class=\"head wp-block-lazyblock-inner-block lazyblock-inner-block-Z1G5WWD\">\n\n<p class=\"topline\">Material-, Logistik-, Personalmanagement Gro\u00dfaustelle<\/p>\n\n\n\n<h2 class=\"h1 wp-block-heading\">Fach\u00ad\u00adhoch\u00ad\u00adschule <span class=\"grey\">Gelsen\u00ad\u00adkirchen<\/span><\/h2>\n\n<\/div>\n<\/div>\n<\/div>\n\n<div class=\"row x-24 md-3-6-3 sm-12-12-12 wp-block-lazyblock-inner-block lazyblock-inner-block-ZVfRHj\">\n<div class=\"col wp-block-lazyblock-inner-block lazyblock-inner-block-UKsF4\">\n<div class=\"wp-block-lazyblock-inner-block lazyblock-inner-block-Z1brndl\">\n\n<p class=\"md-right pl-24\"><\/p>\n\n<\/div>\n<\/div>\n\n<div class=\"col wp-block-lazyblock-inner-block lazyblock-inner-block-Z1rj4eR\">\n<div class=\"wp-block-lazyblock-inner-block lazyblock-inner-block-213Klg\">\n\n<p class=\"grey\"><strong>An der Fachhochschule Gelsenkirchen bereiten sich rund 3.600 Studierende auf ihren akademischen Grad vor. W\u00e4hrenddessen bereitet sich die Hetzel + Sponheuer GmbH &amp; Co. KG auf ein Projekt der Superlative vor, um der Fachhochschule einen neuen Anstrich zu geben.<\/strong><\/p>\n\n\n\n<div style=\"height:24px\" aria-hidden=\"true\" class=\"wp-block-spacer\"><\/div>\n\n\n\n<h3 class=\"h4 wp-block-heading\">Herausforderung<\/h3>\n\n\n\n<p>Noch w\u00e4hrend der Bauphase sollten Malerarbeiten auf einer Grundfl\u00e4che von 13.500 qm mit handwerklich einwandfreier Qualit\u00e4t ausgef\u00fchrt werden. Eine besondere Herausforderung stellten dabei die langen Transportwege innerhalb des Geb\u00e4udes und die terminlichen Rahmenvorgaben dar. Und das, obwohl die bauseitigen Vorleistungen anderer Gewerke noch nicht abgeschlossen waren und auch der laufende Hochschulbetrieb weiter ging.<\/p>\n\n\n\n<h3 class=\"h4 wp-block-heading\">L\u00f6sung<\/h3>\n\n\n\n<p>Ein f\u00fcr die Gro\u00dfbaustelle optimiertes Material- und Logistikkonzept sorgte f\u00fcr das richtige Personal und Material zur richtigen Zeit am richtigen Ort. Materiallieferungen und Dispositionen von insgesamt ca. 27.000 qm Deckenfl\u00e4chen, ca. 45.000 qm Wandfl\u00e4chen und ca. 26.000 m Anschlussfugen wurden sichergestellt. 21 Tonnen Spachtelmasse und 14.000 Liter Beschichtungsstoffe waren dazu notwendig. Neben vielen Spezialmaterialien wie Korrosionsschutzstoffe und Speziallacke wurde vorwiegend Dispersionsfarbe verarbeitet.&nbsp;<\/p>\n\n\n<div class=\"grid x24 md-col-6-6-row-1 wp-block-lazyblock-inner-block lazyblock-inner-block-ZbXSXE\">\n<div class=\"bg grey img wp-block-lazyblock-inner-block lazyblock-inner-block-ZOBSOP\">\n\n<figure class=\"wp-block-image size-medium\"><a class=\"gallery\" href=\"https:\/\/hetzelsponheuer.de\/de\/wp-content\/uploads\/sites\/2\/2019\/11\/fh_gelsenkirchen_0359.jpg\" rel=\"gallery-1\"><img decoding=\"async\" loading=\"lazy\" width=\"400\" height=\"267\" src=\"https:\/\/hetzelsponheuer.de\/de\/wp-content\/uploads\/sites\/2\/2019\/11\/fh_gelsenkirchen_0359-400x267.jpg\" alt=\"Bauen im Bestand \u00b7 Brandschutz\" class=\"wp-image-4587\" srcset=\"https:\/\/hetzelsponheuer.de\/de\/wp-content\/uploads\/sites\/2\/2019\/11\/fh_gelsenkirchen_0359-400x267.jpg 400w, https:\/\/hetzelsponheuer.de\/de\/wp-content\/uploads\/sites\/2\/2019\/11\/fh_gelsenkirchen_0359.jpg 600w\" sizes=\"(max-width: 400px) 100vw, 400px\" \/><\/a><\/figure>\n\n\n\n<p class=\"figcaption\">Treppe Unteransicht<\/p>\n\n<\/div>\n\n<div class=\"bg grey img wp-block-lazyblock-inner-block lazyblock-inner-block-Z1BK34\">\n\n<figure class=\"wp-block-image size-medium\"><a class=\"gallery\" href=\"https:\/\/hetzelsponheuer.de\/de\/wp-content\/uploads\/sites\/2\/2019\/11\/fh_gelsenkirchen_0361.jpg\" rel=\"gallery-1\"><img decoding=\"async\" loading=\"lazy\" width=\"400\" height=\"267\" src=\"https:\/\/hetzelsponheuer.de\/de\/wp-content\/uploads\/sites\/2\/2019\/11\/fh_gelsenkirchen_0361-400x267.jpg\" alt=\"Bauen im Bestand \u00b7 Innenausbau und Brandschutz\" class=\"wp-image-4588\" srcset=\"https:\/\/hetzelsponheuer.de\/de\/wp-content\/uploads\/sites\/2\/2019\/11\/fh_gelsenkirchen_0361-400x267.jpg 400w, https:\/\/hetzelsponheuer.de\/de\/wp-content\/uploads\/sites\/2\/2019\/11\/fh_gelsenkirchen_0361.jpg 600w\" sizes=\"(max-width: 400px) 100vw, 400px\" \/><\/a><\/figure>\n\n\n\n<p class=\"figcaption\">Treppenaufgang<\/p>\n\n<\/div>\n<\/div>\n\n\n<p>Mit dem Einsatz neuester Maschinentechnologie konnte die Ausf\u00fchrungszeit deutlich verk\u00fcrzt und durch eine ausgekl\u00fcgelte Personaldisposition die termingerechte Fertigstellung gesichert werden. Unsere F\u00fchrungskr\u00e4fte auf der Gro\u00dfbaustelle haben dazu organisatorisch alle vorhandenen Ressourcen ausgesch\u00f6pft, so dass ein optimales Projektergebnis gew\u00e4hrleistet werden konnte.&nbsp;<\/p>\n\n\n\n<p>Der verantwortliche Bauleiter hat t\u00e4glich einen Fu\u00dfweg von ca. 7,5 Kilometern zur\u00fcckgelegt, um die dazu notwenige Kommunikation mit dem Auftraggeber und seinen Mitarbeitern zu gew\u00e4hrleisten. Das ist Baustellenpraxis pur!<\/p>\n\n\n\n<div style=\"height:32px\" aria-hidden=\"true\" class=\"wp-block-spacer\"><\/div>\n\n<\/div>\n<\/div>\n\n<div class=\"col wp-block-lazyblock-inner-block lazyblock-inner-block-Z2wrBd9\">\n<div class=\"wp-block-lazyblock-inner-block lazyblock-inner-block-ZiJPc3\">\n<div class=\"menu-main-menu-container\"><ul id=\"menu-main-menu\" class=\"grey\"><li id=\"menu-item-2901\" class=\"menu-item \"><a href=\"https:\/\/hetzelsponheuer.de\/de\/referenzen\/projektseiten\/\">Projektseiten<\/a><\/li>\n<li id=\"menu-item-2769\" class=\"menu-item \"><a href=\"https:\/\/hetzelsponheuer.de\/de\/referenzen\/projektliste\/\">Projektliste<\/a><\/li>\n<\/ul><\/div>\n\n\n\n<h4 class=\"wp-block-heading\">Ihr Ansprechpartner<\/h4>\n\n\n\n<ul class=\"link ajx grey\"><li><a href=\"carsten-haddick\" data-display=\"fancybox\" data-post-type=\"mitarbeiter\">Carsten Haddick<\/a><\/li><\/ul>\n\n\n\n<h4 class=\"wp-block-heading\">L\u00f6sungen<\/h4>\n\n\n\n<ul class=\"fade-link grey\"><li><a href=\"https:\/\/hetzelsponheuer.de\/de\/loesungen\/#wohnen-gewerbe-industrie\">Wohnen, Gewerbe und Industrie<\/a><\/li><\/ul>\n\n\n\n<h4 class=\"wp-block-heading\">Leistungen<\/h4>\n\n\n\n<ul class=\"fade-link grey\"><li><a href=\"https:\/\/hetzelsponheuer.de\/de\/leistungen\/#organisation-und-baubegleitung\">Organisation und Baubegleitung<\/a><\/li><li><a href=\"https:\/\/hetzelsponheuer.de\/de\/leistungen\/#handwerk-und-technik\">Handwerk und Bautechnik<\/a><\/li><\/ul>\n\n\n\n<ul><li>Logistik<\/li><li>Organisation<\/li><li>Malerarbeiten<\/li><li>Putz- und Fugenarbeiten (Brandschutz)<\/li><li>Industrie\u00adboden\u00adbeschichtung<\/li><li>Beschichtung von Treppenstufen<\/li><li>Spachtelung von Decken- und Wandfl\u00e4chen<\/li><li>Betonkosmetik<\/li><\/ul>\n\n\n\n<h4 class=\"wp-block-heading\">Fotos<\/h4>\n\n\n\n<ul><li>Astrid Theisen<\/li><\/ul>\n\n<\/div>\n<\/div>\n<\/div>\n\n<div class=\"row x-24 md-3-9 sm-0-12 wp-block-lazyblock-inner-block lazyblock-inner-block-2mrwsP\">\n<div class=\"col wp-block-lazyblock-inner-block lazyblock-inner-block-ZuCFTF\">\n<div class=\"wp-block-lazyblock-inner-block lazyblock-inner-block-Z1QKVGh\">\n\n<p>  <\/p>\n\n<\/div>\n<\/div>\n\n<div class=\"col wp-block-lazyblock-inner-block lazyblock-inner-block-Z1dEO6S\">\n<div class=\"wp-block-lazyblock-inner-block lazyblock-inner-block-1GrFqs\">\n\n<p class=\"logo hetzel\">   <\/p>\n\n<\/div>\n\n\n<div style=\"height:56px\" aria-hidden=\"true\" class=\"wp-block-spacer\"><\/div>\n\n<\/div>\n<\/div>","protected":false},"excerpt":{"rendered":"","protected":false},"author":1,"featured_media":0,"parent":63,"menu_order":9,"comment_status":"closed","ping_status":"closed","template":"page-usecase.php","meta":{"footnotes":""},"yoast_head":"<!-- This site is optimized with the Yoast SEO plugin v22.6 - https:\/\/yoast.com\/wordpress\/plugins\/seo\/ -->\n<title>Gro\u00dfbaustelle Geb\u00e4udesanierung \u00b7 FH Gelsenkirchen \u00b7 Hetzel+Sponheuer<\/title>\n<meta name=\"description\" content=\"Optimiertes Material-, Personal- und Baustellenmangement bei der Gro\u00dfbaustelle Geb\u00e4ude Sanierung mit Ber\u00fccksichtigung des Brandschutzes FH Gelsenkirchen.\" \/>\n<meta name=\"robots\" content=\"index, follow, max-snippet:-1, max-image-preview:large, max-video-preview:-1\" \/>\n<link rel=\"canonical\" href=\"https:\/\/hetzelsponheuer.de\/de\/referenzen\/fachhochschule-gelsenkirchen\/\" \/>\n<meta property=\"og:locale\" content=\"de_DE\" \/>\n<meta property=\"og:type\" content=\"article\" \/>\n<meta property=\"og:title\" content=\"Gro\u00dfbaustelle Geb\u00e4udesanierung \u00b7 FH Gelsenkirchen \u00b7 Hetzel+Sponheuer\" \/>\n<meta property=\"og:description\" content=\"Optimiertes Material-, Personal- und Baustellenmangement bei der Gro\u00dfbaustelle Geb\u00e4ude Sanierung mit Ber\u00fccksichtigung des Brandschutzes FH Gelsenkirchen.\" \/>\n<meta property=\"og:url\" content=\"https:\/\/hetzelsponheuer.de\/de\/referenzen\/fachhochschule-gelsenkirchen\/\" \/>\n<meta property=\"og:site_name\" content=\"Hetzel+Sponheuer \u00b7 de\" \/>\n<meta property=\"article:modified_time\" content=\"2021-02-21T14:59:04+00:00\" \/>\n<meta property=\"og:image\" content=\"https:\/\/hetzelsponheuer.de\/de\/wp-content\/uploads\/sites\/2\/2019\/09\/fh_gelsenkirchen_0357_aus.jpg\" \/>\n<meta name=\"twitter:card\" content=\"summary_large_image\" \/>\n<meta name=\"twitter:label1\" content=\"Gesch\u00e4tzte Lesezeit\" \/>\n\t<meta name=\"twitter:data1\" content=\"3\u00a0Minuten\" \/>\n<script type=\"application\/ld+json\" class=\"yoast-schema-graph\">{\"@context\":\"https:\/\/schema.org\",\"@graph\":[{\"@type\":\"WebPage\",\"@id\":\"https:\/\/hetzelsponheuer.de\/de\/referenzen\/fachhochschule-gelsenkirchen\/\",\"url\":\"https:\/\/hetzelsponheuer.de\/de\/referenzen\/fachhochschule-gelsenkirchen\/\",\"name\":\"Gro\u00dfbaustelle Geb\u00e4udesanierung \u00b7 FH Gelsenkirchen \u00b7 Hetzel+Sponheuer\",\"isPartOf\":{\"@id\":\"https:\/\/hetzelsponheuer.de\/de\/#website\"},\"primaryImageOfPage\":{\"@id\":\"https:\/\/hetzelsponheuer.de\/de\/referenzen\/fachhochschule-gelsenkirchen\/#primaryimage\"},\"image\":{\"@id\":\"https:\/\/hetzelsponheuer.de\/de\/referenzen\/fachhochschule-gelsenkirchen\/#primaryimage\"},\"thumbnailUrl\":\"https:\/\/hetzelsponheuer.de\/de\/wp-content\/uploads\/sites\/2\/2019\/09\/fh_gelsenkirchen_0357_aus.jpg\",\"datePublished\":\"2019-09-11T13:14:34+00:00\",\"dateModified\":\"2021-02-21T14:59:04+00:00\",\"description\":\"Optimiertes Material-, Personal- und Baustellenmangement bei der Gro\u00dfbaustelle Geb\u00e4ude Sanierung mit Ber\u00fccksichtigung des Brandschutzes FH Gelsenkirchen.\",\"breadcrumb\":{\"@id\":\"https:\/\/hetzelsponheuer.de\/de\/referenzen\/fachhochschule-gelsenkirchen\/#breadcrumb\"},\"inLanguage\":\"de\",\"potentialAction\":[{\"@type\":\"ReadAction\",\"target\":[\"https:\/\/hetzelsponheuer.de\/de\/referenzen\/fachhochschule-gelsenkirchen\/\"]}]},{\"@type\":\"ImageObject\",\"inLanguage\":\"de\",\"@id\":\"https:\/\/hetzelsponheuer.de\/de\/referenzen\/fachhochschule-gelsenkirchen\/#primaryimage\",\"url\":\"https:\/\/hetzelsponheuer.de\/de\/wp-content\/uploads\/sites\/2\/2019\/09\/fh_gelsenkirchen_0357_aus.jpg\",\"contentUrl\":\"https:\/\/hetzelsponheuer.de\/de\/wp-content\/uploads\/sites\/2\/2019\/09\/fh_gelsenkirchen_0357_aus.jpg\",\"width\":373,\"height\":541},{\"@type\":\"BreadcrumbList\",\"@id\":\"https:\/\/hetzelsponheuer.de\/de\/referenzen\/fachhochschule-gelsenkirchen\/#breadcrumb\",\"itemListElement\":[{\"@type\":\"ListItem\",\"position\":1,\"name\":\"Startseite\",\"item\":\"https:\/\/hetzelsponheuer.de\/de\/\"},{\"@type\":\"ListItem\",\"position\":2,\"name\":\"Referenzen\",\"item\":\"https:\/\/hetzelsponheuer.de\/de\/referenzen\/\"},{\"@type\":\"ListItem\",\"position\":3,\"name\":\"FH Gelsenkirchen\"}]},{\"@type\":\"WebSite\",\"@id\":\"https:\/\/hetzelsponheuer.de\/de\/#website\",\"url\":\"https:\/\/hetzelsponheuer.de\/de\/\",\"name\":\"Hetzel+Sponheuer \u00b7 de\",\"description\":\"L\u00f6sungen f\u00fcr Ihr Bauprojekt\",\"publisher\":{\"@id\":\"https:\/\/hetzelsponheuer.de\/de\/#organization\"},\"inLanguage\":\"de\"},{\"@type\":\"Organization\",\"@id\":\"https:\/\/hetzelsponheuer.de\/de\/#organization\",\"name\":\"Hetzel+Sponheuer GmbH & Co. KG\",\"url\":\"https:\/\/hetzelsponheuer.de\/de\/\",\"logo\":{\"@type\":\"ImageObject\",\"inLanguage\":\"de\",\"@id\":\"https:\/\/hetzelsponheuer.de\/de\/#\/schema\/logo\/image\/\",\"url\":\"https:\/\/hetzelsponheuer.de\/en\/wp-content\/uploads\/sites\/2\/2020\/02\/logo_hetzelsponheuer.png\",\"contentUrl\":\"https:\/\/hetzelsponheuer.de\/en\/wp-content\/uploads\/sites\/2\/2020\/02\/logo_hetzelsponheuer.png\",\"width\":360,\"height\":24,\"caption\":\"Hetzel+Sponheuer GmbH & Co. KG\"},\"image\":{\"@id\":\"https:\/\/hetzelsponheuer.de\/de\/#\/schema\/logo\/image\/\"},\"sameAs\":[\"https:\/\/www.linkedin.com\/company\/hetzel-sponheuer-gmbh-&amp;-co.-kg\"]}]}<\/script>\n<!-- \/ Yoast SEO plugin. -->","yoast_head_json":{"title":"Gro\u00dfbaustelle Geb\u00e4udesanierung \u00b7 FH Gelsenkirchen \u00b7 Hetzel+Sponheuer","description":"Optimiertes Material-, Personal- und Baustellenmangement bei der Gro\u00dfbaustelle Geb\u00e4ude Sanierung mit Ber\u00fccksichtigung des Brandschutzes FH Gelsenkirchen.","robots":{"index":"index","follow":"follow","max-snippet":"max-snippet:-1","max-image-preview":"max-image-preview:large","max-video-preview":"max-video-preview:-1"},"canonical":"https:\/\/hetzelsponheuer.de\/de\/referenzen\/fachhochschule-gelsenkirchen\/","og_locale":"de_DE","og_type":"article","og_title":"Gro\u00dfbaustelle Geb\u00e4udesanierung \u00b7 FH Gelsenkirchen \u00b7 Hetzel+Sponheuer","og_description":"Optimiertes Material-, Personal- und Baustellenmangement bei der Gro\u00dfbaustelle Geb\u00e4ude Sanierung mit Ber\u00fccksichtigung des Brandschutzes FH Gelsenkirchen.","og_url":"https:\/\/hetzelsponheuer.de\/de\/referenzen\/fachhochschule-gelsenkirchen\/","og_site_name":"Hetzel+Sponheuer \u00b7 de","article_modified_time":"2021-02-21T14:59:04+00:00","og_image":[{"url":"https:\/\/hetzelsponheuer.de\/de\/wp-content\/uploads\/sites\/2\/2019\/09\/fh_gelsenkirchen_0357_aus.jpg"}],"twitter_card":"summary_large_image","twitter_misc":{"Gesch\u00e4tzte Lesezeit":"3\u00a0Minuten"},"schema":{"@context":"https:\/\/schema.org","@graph":[{"@type":"WebPage","@id":"https:\/\/hetzelsponheuer.de\/de\/referenzen\/fachhochschule-gelsenkirchen\/","url":"https:\/\/hetzelsponheuer.de\/de\/referenzen\/fachhochschule-gelsenkirchen\/","name":"Gro\u00dfbaustelle Geb\u00e4udesanierung \u00b7 FH Gelsenkirchen \u00b7 Hetzel+Sponheuer","isPartOf":{"@id":"https:\/\/hetzelsponheuer.de\/de\/#website"},"primaryImageOfPage":{"@id":"https:\/\/hetzelsponheuer.de\/de\/referenzen\/fachhochschule-gelsenkirchen\/#primaryimage"},"image":{"@id":"https:\/\/hetzelsponheuer.de\/de\/referenzen\/fachhochschule-gelsenkirchen\/#primaryimage"},"thumbnailUrl":"https:\/\/hetzelsponheuer.de\/de\/wp-content\/uploads\/sites\/2\/2019\/09\/fh_gelsenkirchen_0357_aus.jpg","datePublished":"2019-09-11T13:14:34+00:00","dateModified":"2021-02-21T14:59:04+00:00","description":"Optimiertes Material-, Personal- und Baustellenmangement bei der Gro\u00dfbaustelle Geb\u00e4ude Sanierung mit Ber\u00fccksichtigung des Brandschutzes FH Gelsenkirchen.","breadcrumb":{"@id":"https:\/\/hetzelsponheuer.de\/de\/referenzen\/fachhochschule-gelsenkirchen\/#breadcrumb"},"inLanguage":"de","potentialAction":[{"@type":"ReadAction","target":["https:\/\/hetzelsponheuer.de\/de\/referenzen\/fachhochschule-gelsenkirchen\/"]}]},{"@type":"ImageObject","inLanguage":"de","@id":"https:\/\/hetzelsponheuer.de\/de\/referenzen\/fachhochschule-gelsenkirchen\/#primaryimage","url":"https:\/\/hetzelsponheuer.de\/de\/wp-content\/uploads\/sites\/2\/2019\/09\/fh_gelsenkirchen_0357_aus.jpg","contentUrl":"https:\/\/hetzelsponheuer.de\/de\/wp-content\/uploads\/sites\/2\/2019\/09\/fh_gelsenkirchen_0357_aus.jpg","width":373,"height":541},{"@type":"BreadcrumbList","@id":"https:\/\/hetzelsponheuer.de\/de\/referenzen\/fachhochschule-gelsenkirchen\/#breadcrumb","itemListElement":[{"@type":"ListItem","position":1,"name":"Startseite","item":"https:\/\/hetzelsponheuer.de\/de\/"},{"@type":"ListItem","position":2,"name":"Referenzen","item":"https:\/\/hetzelsponheuer.de\/de\/referenzen\/"},{"@type":"ListItem","position":3,"name":"FH Gelsenkirchen"}]},{"@type":"WebSite","@id":"https:\/\/hetzelsponheuer.de\/de\/#website","url":"https:\/\/hetzelsponheuer.de\/de\/","name":"Hetzel+Sponheuer \u00b7 de","description":"L\u00f6sungen f\u00fcr Ihr Bauprojekt","publisher":{"@id":"https:\/\/hetzelsponheuer.de\/de\/#organization"},"inLanguage":"de"},{"@type":"Organization","@id":"https:\/\/hetzelsponheuer.de\/de\/#organization","name":"Hetzel+Sponheuer GmbH & Co. KG","url":"https:\/\/hetzelsponheuer.de\/de\/","logo":{"@type":"ImageObject","inLanguage":"de","@id":"https:\/\/hetzelsponheuer.de\/de\/#\/schema\/logo\/image\/","url":"https:\/\/hetzelsponheuer.de\/en\/wp-content\/uploads\/sites\/2\/2020\/02\/logo_hetzelsponheuer.png","contentUrl":"https:\/\/hetzelsponheuer.de\/en\/wp-content\/uploads\/sites\/2\/2020\/02\/logo_hetzelsponheuer.png","width":360,"height":24,"caption":"Hetzel+Sponheuer GmbH & Co. KG"},"image":{"@id":"https:\/\/hetzelsponheuer.de\/de\/#\/schema\/logo\/image\/"},"sameAs":["https:\/\/www.linkedin.com\/company\/hetzel-sponheuer-gmbh-&amp;-co.-kg"]}]}},"_links":{"self":[{"href":"https:\/\/hetzelsponheuer.de\/de\/wp-json\/wp\/v2\/pages\/3023"}],"collection":[{"href":"https:\/\/hetzelsponheuer.de\/de\/wp-json\/wp\/v2\/pages"}],"about":[{"href":"https:\/\/hetzelsponheuer.de\/de\/wp-json\/wp\/v2\/types\/page"}],"author":[{"embeddable":true,"href":"https:\/\/hetzelsponheuer.de\/de\/wp-json\/wp\/v2\/users\/1"}],"replies":[{"embeddable":true,"href":"https:\/\/hetzelsponheuer.de\/de\/wp-json\/wp\/v2\/comments?post=3023"}],"version-history":[{"count":2,"href":"https:\/\/hetzelsponheuer.de\/de\/wp-json\/wp\/v2\/pages\/3023\/revisions"}],"predecessor-version":[{"id":5694,"href":"https:\/\/hetzelsponheuer.de\/de\/wp-json\/wp\/v2\/pages\/3023\/revisions\/5694"}],"up":[{"embeddable":true,"href":"https:\/\/hetzelsponheuer.de\/de\/wp-json\/wp\/v2\/pages\/63"}],"wp:attachment":[{"href":"https:\/\/hetzelsponheuer.de\/de\/wp-json\/wp\/v2\/media?parent=3023"}],"curies":[{"name":"wp","href":"https:\/\/api.w.org\/{rel}","templated":true}]}}