{"id":3035,"date":"2019-09-11T15:31:48","date_gmt":"2019-09-11T13:31:48","guid":{"rendered":"http:\/\/hetzelsponheuer.de\/de\/?page_id=3035"},"modified":"2021-09-03T17:42:53","modified_gmt":"2021-09-03T15:42:53","slug":"hennes-und-mauritz-bundesweit","status":"publish","type":"page","link":"https:\/\/hetzelsponheuer.de\/de\/referenzen\/hennes-und-mauritz-bundesweit\/","title":{"rendered":"Hennes &#038; Mauritz bundesweit"},"content":{"rendered":"<div class=\"banner row x-4 md-3-6-3 sm-0-12-0 wp-block-lazyblock-inner-block lazyblock-inner-block-1kSrP1\">\n<div class=\"col wp-block-lazyblock-inner-block lazyblock-inner-block-Z1da7Fw\">\n<div class=\"bg grey img wp-block-lazyblock-inner-block lazyblock-inner-block-xltxB\">\n\n<figure class=\"wp-block-image\"><img decoding=\"async\" loading=\"lazy\" width=\"393\" height=\"466\" src=\"https:\/\/hetzelsponheuer.de\/de\/wp-content\/uploads\/sites\/2\/2019\/09\/hm_koeln_3_aus.jpg\" alt=\"\" class=\"wp-image-3423\" srcset=\"https:\/\/hetzelsponheuer.de\/de\/wp-content\/uploads\/sites\/2\/2019\/09\/hm_koeln_3_aus.jpg 393w, https:\/\/hetzelsponheuer.de\/de\/wp-content\/uploads\/sites\/2\/2019\/09\/hm_koeln_3_aus-253x300.jpg 253w\" sizes=\"(max-width: 393px) 100vw, 393px\" \/><\/figure>\n\n<\/div>\n<\/div>\n\n<div class=\"col wp-block-lazyblock-inner-block lazyblock-inner-block-1gDVMO\">\n<div class=\"bg grey img wp-block-lazyblock-inner-block lazyblock-inner-block-25PnQc\">\n\n<figure class=\"wp-block-image\"><img decoding=\"async\" loading=\"lazy\" width=\"754\" height=\"895\" src=\"https:\/\/hetzelsponheuer.de\/de\/wp-content\/uploads\/sites\/2\/2019\/09\/hm_koeln_3_left.jpg\" alt=\"\" class=\"wp-image-3421\" srcset=\"https:\/\/hetzelsponheuer.de\/de\/wp-content\/uploads\/sites\/2\/2019\/09\/hm_koeln_3_left.jpg 754w, https:\/\/hetzelsponheuer.de\/de\/wp-content\/uploads\/sites\/2\/2019\/09\/hm_koeln_3_left-253x300.jpg 253w\" sizes=\"(max-width: 754px) 100vw, 754px\" \/><\/figure>\n\n<\/div>\n<\/div>\n\n<div class=\"col wp-block-lazyblock-inner-block lazyblock-inner-block-2lGT91\">\n<div class=\"bg grey img wp-block-lazyblock-inner-block lazyblock-inner-block-Z1n79J4\">\n\n<figure class=\"wp-block-image\"><img decoding=\"async\" loading=\"lazy\" width=\"393\" height=\"895\" src=\"https:\/\/hetzelsponheuer.de\/de\/wp-content\/uploads\/sites\/2\/2019\/09\/hm_koeln_3_right.jpg\" alt=\"\" class=\"wp-image-3331\" srcset=\"https:\/\/hetzelsponheuer.de\/de\/wp-content\/uploads\/sites\/2\/2019\/09\/hm_koeln_3_right.jpg 393w, https:\/\/hetzelsponheuer.de\/de\/wp-content\/uploads\/sites\/2\/2019\/09\/hm_koeln_3_right-132x300.jpg 132w\" sizes=\"(max-width: 393px) 100vw, 393px\" \/><\/figure>\n\n<\/div>\n<\/div>\n<\/div>\n\n<div class=\"row x-24 md-3-9 sm-0-12 wp-block-lazyblock-inner-block lazyblock-inner-block-Z1YnPRv\">\n<div class=\"col wp-block-lazyblock-inner-block lazyblock-inner-block-1KyAnM\">\n<div class=\"wp-block-lazyblock-inner-block lazyblock-inner-block-ZQJXop\">\n\n<p>  <\/p>\n\n<\/div>\n<\/div>\n\n<div class=\"col wp-block-lazyblock-inner-block lazyblock-inner-block-1k7Wmw\">\n<div class=\"head wp-block-lazyblock-inner-block lazyblock-inner-block-Z1G5WWD\">\n\n<p class=\"topline\">Shopausbau Innenausbau<\/p>\n\n\n\n<h2 class=\"h1 wp-block-heading\">Hennes &amp; Mauritz <span class=\"grey\">bundes\u00adweit<\/span><\/h2>\n\n<\/div>\n<\/div>\n<\/div>\n\n<div class=\"row x-24 md-3-6-3 sm-12-12-12 wp-block-lazyblock-inner-block lazyblock-inner-block-ZVfRHj\">\n<div class=\"col wp-block-lazyblock-inner-block lazyblock-inner-block-UKsF4\">\n<div class=\"wp-block-lazyblock-inner-block lazyblock-inner-block-Z1brndl\">\n\n<p class=\"md-right pl-24\"><\/p>\n\n<\/div>\n<\/div>\n\n<div class=\"col wp-block-lazyblock-inner-block lazyblock-inner-block-Z1rj4eR\">\n<div class=\"wp-block-lazyblock-inner-block lazyblock-inner-block-213Klg\">\n\n<p class=\"grey\"><strong>Stellvertretend f\u00fcr weitere Shops dieser Kette soll hier der Umbau der H&amp;M Filiale in K\u00f6ln genannt sein. Der Shop befindet sich im Einkaufscenter &#8220;Menoritenhof&#8221; mit einer Verkaufsfl\u00e4che von 2.615 qm \u00fcber drei Etagen.<\/strong><\/p>\n\n\n\n<div style=\"height:24px\" aria-hidden=\"true\" class=\"wp-block-spacer\"><\/div>\n\n\n\n<h3 class=\"h4 wp-block-heading\">Herausforderung<\/h3>\n\n\n\n<p>Die Realisierung von Ausbau- und Technikgewerken war hier h\u00e4ufig verbunden mit Eingriffen in die konstruktive Bausubstanz. Der Umbau sollte in mehreren kleinteiligen Abschnitten erfolgen, die zum Teil nur au\u00dferhalb der \u00d6ffnungszeiten m\u00f6glich waren. Die Baustelle hat dabei so sauber gehalten zu werden, dass sie f\u00fcr den Verkauf am n\u00e4chsten Tag kaum sichtbar ist.<\/p>\n\n\n\n<h3 class=\"h4 wp-block-heading\">L\u00f6sung<\/h3>\n\n\n\n<p>Der Umbau der Filiale in K\u00f6ln erfolgte in neun Bauab\u00adschnitten in einer Bauzeit von insgesamt zw\u00f6lf Wochen. Eine Ausf\u00fch\u00adrung im 2- bis 3-Schicht-System war absolut notwendig, um den Fertig\u00adstellungs\u00adtermin einzu\u00adhalten. Eine schicht\u00ad\u00fcber\u00adgrei\u00adfende Baulei\u00adtung behielt dabei stets den \u00dcberblick, damit keine Infor\u00adma\u00adtionen verloren gehen konnten. Eine perfekt abge\u00adstimmte Baustellen\u00adlogistik und ein optimiertes Baustellen\u00admanage\u00adment sicherte den reibungs\u00adlosen Ablauf aller Gewerke. Da wir als General\u00adunter\u00adnehmer inklusive der haus\u00adtech\u00adnischen Gewerke beauftrag wurden, haben wir auch zus\u00e4tz\u00adliche Dienst\u00adleistungen wie die Erstellung von statischen Berechnungen oder die Einholung von Genehmi\u00adgungen \u00fcbernommen.<\/p>\n\n\n<div class=\"grid x24 md-col-6-6-row-1 wp-block-lazyblock-inner-block lazyblock-inner-block-1rpbgX\">\n<div class=\"bg grey img wp-block-lazyblock-inner-block lazyblock-inner-block-Z2065Ut\">\n\n<figure class=\"wp-block-image size-medium\"><a class=\"gallery\" href=\"https:\/\/hetzelsponheuer.de\/de\/wp-content\/uploads\/sites\/2\/2019\/11\/hm_norderstedt.jpg\" rel=\"gallery-1\"><img decoding=\"async\" loading=\"lazy\" width=\"333\" height=\"400\" src=\"https:\/\/hetzelsponheuer.de\/de\/wp-content\/uploads\/sites\/2\/2019\/11\/hm_norderstedt-333x400.jpg\" alt=\"\" class=\"wp-image-4604\" srcset=\"https:\/\/hetzelsponheuer.de\/de\/wp-content\/uploads\/sites\/2\/2019\/11\/hm_norderstedt-333x400.jpg 333w, https:\/\/hetzelsponheuer.de\/de\/wp-content\/uploads\/sites\/2\/2019\/11\/hm_norderstedt.jpg 500w\" sizes=\"(max-width: 333px) 100vw, 333px\" \/><\/a><\/figure>\n\n\n\n<p class=\"figcaption\">Vor der \u00dcbergabe <\/p>\n\n<\/div>\n\n<div class=\"bg grey img wp-block-lazyblock-inner-block lazyblock-inner-block-20KVTl\">\n\n<figure class=\"wp-block-image size-medium\"><a class=\"gallery\" href=\"https:\/\/hetzelsponheuer.de\/de\/wp-content\/uploads\/sites\/2\/2019\/11\/hm_dresden.jpg\" rel=\"gallery-1\"><img decoding=\"async\" loading=\"lazy\" width=\"333\" height=\"400\" src=\"https:\/\/hetzelsponheuer.de\/de\/wp-content\/uploads\/sites\/2\/2019\/11\/hm_dresden-333x400.jpg\" alt=\"\" class=\"wp-image-4605\" srcset=\"https:\/\/hetzelsponheuer.de\/de\/wp-content\/uploads\/sites\/2\/2019\/11\/hm_dresden-333x400.jpg 333w, https:\/\/hetzelsponheuer.de\/de\/wp-content\/uploads\/sites\/2\/2019\/11\/hm_dresden.jpg 500w\" sizes=\"(max-width: 333px) 100vw, 333px\" \/><\/a><\/figure>\n\n\n\n<p class=\"figcaption\">Verkaufsf\u00e4che<\/p>\n\n<\/div>\n<\/div>\n\n\n<p>Die Arbeiten im Bereich der Rolltreppen, des Aufzugs und Haupteingangs wurden in flexiblen Bauabschnitten au\u00dferhalb der \u00d6ffnungszeiten durchgef\u00fchrt. S\u00e4mtliche Ladeneinbauten wurden demontiert, die Mineralfaserdecke und Bodenbel\u00e4ge entfernt. Nach den R\u00fcckbauarbeiten wurden Gipskartonvorsatzschalen im Bereich der Au\u00dfenw\u00e4nde zur sp\u00e4teren Montage der Warentr\u00e4gersysteme gestellt. Zudem wurden auf der gesamten Verkaufsfl\u00e4che neue Fliesen verlegt. Aufgrund der \u00c4nderung des Deckenspiegels erfolgte eine technische Anpassung der Sprinkleranlage. Bei der Elektroinstallation bestand die Schwierigkeit darin, den kompletten Verkaufsbereich am Laufen zu halten und trotzdem die Neuinstallation durchzuf\u00fchren. Kein Problem f\u00fcr unsere versierten Fachleute, die mit viel Fingerspitzengef\u00fchl auch diese Aufgabe zur vollsten Zufriedenheit des Auftraggebers und Filialleiters bew\u00e4ltigten.<\/p>\n\n\n\n<div style=\"height:32px\" aria-hidden=\"true\" class=\"wp-block-spacer\"><\/div>\n\n<\/div>\n<\/div>\n\n<div class=\"col wp-block-lazyblock-inner-block lazyblock-inner-block-Z2wrBd9\">\n<div class=\"wp-block-lazyblock-inner-block lazyblock-inner-block-ZiJPc3\">\n<div class=\"menu-main-menu-container\"><ul id=\"menu-main-menu\" class=\"grey\"><li id=\"menu-item-2901\" class=\"menu-item \"><a href=\"https:\/\/hetzelsponheuer.de\/de\/referenzen\/projektseiten\/\">Projektseiten<\/a><\/li>\n<li id=\"menu-item-2769\" class=\"menu-item \"><a href=\"https:\/\/hetzelsponheuer.de\/de\/referenzen\/projektliste\/\">Projektliste<\/a><\/li>\n<\/ul><\/div>\n\n\n\n<h4 class=\"wp-block-heading\">Ihre Ansprechpartner<\/h4>\n\n\n\n<ul class=\"ajx grey\"><li><a data-post-type=\"mitarbeiter\" data-display=\"fancybox\" href=\"https:\/\/hetzelsponheuer.de\/de\/mitarbeiter\/stephan-berndt\">Stephan Berndt<\/a><br>Diplom-Ingenieur&nbsp;<\/li><\/ul>\n\n\n\n<h4 class=\"wp-block-heading\">L\u00f6sungen<\/h4>\n\n\n\n<ul class=\"fade-link grey\"><li><a href=\"https:\/\/hetzelsponheuer.de\/de\/loesungen\/einkaufscenter-ladenlokal\">Einkaufscenter und Ladenlokal<\/a><\/li><\/ul>\n\n\n\n<h4 class=\"wp-block-heading\">Leistungen<\/h4>\n\n\n\n<ul class=\"fade-link grey\"><li><a href=\"https:\/\/hetzelsponheuer.de\/de\/leistungen\/#planung-und-gestaltung\">Planung und Gestaltung<\/a><\/li><li><a href=\"https:\/\/hetzelsponheuer.de\/de\/leistungen\/#organisation-und-baubegleitung\">Organisation und Baubegleitung<\/a><\/li><li><a href=\"https:\/\/hetzelsponheuer.de\/de\/leistungen\/#handwerk-und-technik\">Handwerk und Technik<\/a><\/li><\/ul>\n\n\n\n<ul><li>Ausf\u00fchrungsplanung<\/li><li>Baulogistik<\/li><li>Projektdokumentation<\/li><li>Erstellung der Revisionsunterlagen<\/li><li>Baubegleitung<\/li><li>Statik<\/li><li>Genehmigungsabwicklung<\/li><li>R\u00fcckbauarbeiten (Abbruch)<\/li><li>Trockenbau<\/li><li>Putz<\/li><li>Malerarbeiten<\/li><li>Fliesenlegearbeiten<\/li><li>Licht- und Versorgungstechnik<\/li><li>Brandschutzausf\u00fchrung<\/li><li>Rolltreppen<\/li><\/ul>\n\n\n\n<h4 class=\"wp-block-heading\">Fotos<\/h4>\n\n\n\n<ul><li>Astrid Theisen<\/li><\/ul>\n\n<\/div>\n<\/div>\n<\/div>\n\n<div class=\"row x-24 md-3-9 sm-0-12 wp-block-lazyblock-inner-block lazyblock-inner-block-2mrwsP\">\n<div class=\"col wp-block-lazyblock-inner-block lazyblock-inner-block-ZuCFTF\">\n<div class=\"wp-block-lazyblock-inner-block lazyblock-inner-block-Z1QKVGh\">\n\n<p>  <\/p>\n\n<\/div>\n<\/div>\n\n<div class=\"col wp-block-lazyblock-inner-block lazyblock-inner-block-Z1dEO6S\">\n<div class=\"wp-block-lazyblock-inner-block lazyblock-inner-block-1GrFqs\">\n\n<p class=\"logo hetzel\">   <\/p>\n\n<\/div>\n\n\n<div style=\"height:56px\" aria-hidden=\"true\" class=\"wp-block-spacer\"><\/div>\n\n<\/div>\n<\/div>","protected":false},"excerpt":{"rendered":"","protected":false},"author":1,"featured_media":0,"parent":63,"menu_order":9,"comment_status":"closed","ping_status":"closed","template":"page-usecase.php","meta":{"footnotes":""},"yoast_head":"<!-- This site is optimized with the Yoast SEO plugin v22.6 - https:\/\/yoast.com\/wordpress\/plugins\/seo\/ -->\n<title>Shopausbau \u00b7 Hennes &amp; Mauritz bundesweit \u00b7 Hetzel+Sponheuer<\/title>\n<meta name=\"description\" content=\"Shopausbau und Technikgewerke verbunden mit Eingriffen in die konstruktive Bausubstanz im gesamten Bundesgebiet. Umbau in Abschnitten w\u00e4hrend der Nutzung .\" \/>\n<meta name=\"robots\" content=\"index, follow, max-snippet:-1, max-image-preview:large, max-video-preview:-1\" \/>\n<link rel=\"canonical\" href=\"https:\/\/hetzelsponheuer.de\/de\/referenzen\/hennes-und-mauritz-bundesweit\/\" \/>\n<meta property=\"og:locale\" content=\"de_DE\" \/>\n<meta property=\"og:type\" content=\"article\" \/>\n<meta property=\"og:title\" content=\"Shopausbau \u00b7 Hennes &amp; Mauritz bundesweit \u00b7 Hetzel+Sponheuer\" \/>\n<meta property=\"og:description\" content=\"Shopausbau und Technikgewerke verbunden mit Eingriffen in die konstruktive Bausubstanz im gesamten Bundesgebiet. Umbau in Abschnitten w\u00e4hrend der Nutzung .\" \/>\n<meta property=\"og:url\" content=\"https:\/\/hetzelsponheuer.de\/de\/referenzen\/hennes-und-mauritz-bundesweit\/\" \/>\n<meta property=\"og:site_name\" content=\"Hetzel+Sponheuer \u00b7 de\" \/>\n<meta property=\"article:modified_time\" content=\"2021-09-03T15:42:53+00:00\" \/>\n<meta property=\"og:image\" content=\"https:\/\/hetzelsponheuer.de\/de\/wp-content\/uploads\/sites\/2\/2019\/09\/hm_koeln_3_aus.jpg\" \/>\n<meta name=\"twitter:card\" content=\"summary_large_image\" \/>\n<meta name=\"twitter:label1\" content=\"Gesch\u00e4tzte Lesezeit\" \/>\n\t<meta name=\"twitter:data1\" content=\"3\u00a0Minuten\" \/>\n<script type=\"application\/ld+json\" class=\"yoast-schema-graph\">{\"@context\":\"https:\/\/schema.org\",\"@graph\":[{\"@type\":\"WebPage\",\"@id\":\"https:\/\/hetzelsponheuer.de\/de\/referenzen\/hennes-und-mauritz-bundesweit\/\",\"url\":\"https:\/\/hetzelsponheuer.de\/de\/referenzen\/hennes-und-mauritz-bundesweit\/\",\"name\":\"Shopausbau \u00b7 Hennes & Mauritz bundesweit \u00b7 Hetzel+Sponheuer\",\"isPartOf\":{\"@id\":\"https:\/\/hetzelsponheuer.de\/de\/#website\"},\"primaryImageOfPage\":{\"@id\":\"https:\/\/hetzelsponheuer.de\/de\/referenzen\/hennes-und-mauritz-bundesweit\/#primaryimage\"},\"image\":{\"@id\":\"https:\/\/hetzelsponheuer.de\/de\/referenzen\/hennes-und-mauritz-bundesweit\/#primaryimage\"},\"thumbnailUrl\":\"https:\/\/hetzelsponheuer.de\/de\/wp-content\/uploads\/sites\/2\/2019\/09\/hm_koeln_3_aus.jpg\",\"datePublished\":\"2019-09-11T13:31:48+00:00\",\"dateModified\":\"2021-09-03T15:42:53+00:00\",\"description\":\"Shopausbau und Technikgewerke verbunden mit Eingriffen in die konstruktive Bausubstanz im gesamten Bundesgebiet. Umbau in Abschnitten w\u00e4hrend der Nutzung .\",\"breadcrumb\":{\"@id\":\"https:\/\/hetzelsponheuer.de\/de\/referenzen\/hennes-und-mauritz-bundesweit\/#breadcrumb\"},\"inLanguage\":\"de\",\"potentialAction\":[{\"@type\":\"ReadAction\",\"target\":[\"https:\/\/hetzelsponheuer.de\/de\/referenzen\/hennes-und-mauritz-bundesweit\/\"]}]},{\"@type\":\"ImageObject\",\"inLanguage\":\"de\",\"@id\":\"https:\/\/hetzelsponheuer.de\/de\/referenzen\/hennes-und-mauritz-bundesweit\/#primaryimage\",\"url\":\"https:\/\/hetzelsponheuer.de\/de\/wp-content\/uploads\/sites\/2\/2019\/09\/hm_koeln_3_aus.jpg\",\"contentUrl\":\"https:\/\/hetzelsponheuer.de\/de\/wp-content\/uploads\/sites\/2\/2019\/09\/hm_koeln_3_aus.jpg\",\"width\":393,\"height\":466},{\"@type\":\"BreadcrumbList\",\"@id\":\"https:\/\/hetzelsponheuer.de\/de\/referenzen\/hennes-und-mauritz-bundesweit\/#breadcrumb\",\"itemListElement\":[{\"@type\":\"ListItem\",\"position\":1,\"name\":\"Startseite\",\"item\":\"https:\/\/hetzelsponheuer.de\/de\/\"},{\"@type\":\"ListItem\",\"position\":2,\"name\":\"Referenzen\",\"item\":\"https:\/\/hetzelsponheuer.de\/de\/referenzen\/\"},{\"@type\":\"ListItem\",\"position\":3,\"name\":\"Hennes &#038; Mauritz bundesweit\"}]},{\"@type\":\"WebSite\",\"@id\":\"https:\/\/hetzelsponheuer.de\/de\/#website\",\"url\":\"https:\/\/hetzelsponheuer.de\/de\/\",\"name\":\"Hetzel+Sponheuer \u00b7 de\",\"description\":\"L\u00f6sungen f\u00fcr Ihr Bauprojekt\",\"publisher\":{\"@id\":\"https:\/\/hetzelsponheuer.de\/de\/#organization\"},\"inLanguage\":\"de\"},{\"@type\":\"Organization\",\"@id\":\"https:\/\/hetzelsponheuer.de\/de\/#organization\",\"name\":\"Hetzel+Sponheuer GmbH & Co. KG\",\"url\":\"https:\/\/hetzelsponheuer.de\/de\/\",\"logo\":{\"@type\":\"ImageObject\",\"inLanguage\":\"de\",\"@id\":\"https:\/\/hetzelsponheuer.de\/de\/#\/schema\/logo\/image\/\",\"url\":\"https:\/\/hetzelsponheuer.de\/en\/wp-content\/uploads\/sites\/2\/2020\/02\/logo_hetzelsponheuer.png\",\"contentUrl\":\"https:\/\/hetzelsponheuer.de\/en\/wp-content\/uploads\/sites\/2\/2020\/02\/logo_hetzelsponheuer.png\",\"width\":360,\"height\":24,\"caption\":\"Hetzel+Sponheuer GmbH & Co. KG\"},\"image\":{\"@id\":\"https:\/\/hetzelsponheuer.de\/de\/#\/schema\/logo\/image\/\"},\"sameAs\":[\"https:\/\/www.linkedin.com\/company\/hetzel-sponheuer-gmbh-&amp;-co.-kg\"]}]}<\/script>\n<!-- \/ Yoast SEO plugin. -->","yoast_head_json":{"title":"Shopausbau \u00b7 Hennes & Mauritz bundesweit \u00b7 Hetzel+Sponheuer","description":"Shopausbau und Technikgewerke verbunden mit Eingriffen in die konstruktive Bausubstanz im gesamten Bundesgebiet. Umbau in Abschnitten w\u00e4hrend der Nutzung .","robots":{"index":"index","follow":"follow","max-snippet":"max-snippet:-1","max-image-preview":"max-image-preview:large","max-video-preview":"max-video-preview:-1"},"canonical":"https:\/\/hetzelsponheuer.de\/de\/referenzen\/hennes-und-mauritz-bundesweit\/","og_locale":"de_DE","og_type":"article","og_title":"Shopausbau \u00b7 Hennes & Mauritz bundesweit \u00b7 Hetzel+Sponheuer","og_description":"Shopausbau und Technikgewerke verbunden mit Eingriffen in die konstruktive Bausubstanz im gesamten Bundesgebiet. Umbau in Abschnitten w\u00e4hrend der Nutzung .","og_url":"https:\/\/hetzelsponheuer.de\/de\/referenzen\/hennes-und-mauritz-bundesweit\/","og_site_name":"Hetzel+Sponheuer \u00b7 de","article_modified_time":"2021-09-03T15:42:53+00:00","og_image":[{"url":"https:\/\/hetzelsponheuer.de\/de\/wp-content\/uploads\/sites\/2\/2019\/09\/hm_koeln_3_aus.jpg"}],"twitter_card":"summary_large_image","twitter_misc":{"Gesch\u00e4tzte Lesezeit":"3\u00a0Minuten"},"schema":{"@context":"https:\/\/schema.org","@graph":[{"@type":"WebPage","@id":"https:\/\/hetzelsponheuer.de\/de\/referenzen\/hennes-und-mauritz-bundesweit\/","url":"https:\/\/hetzelsponheuer.de\/de\/referenzen\/hennes-und-mauritz-bundesweit\/","name":"Shopausbau \u00b7 Hennes & Mauritz bundesweit \u00b7 Hetzel+Sponheuer","isPartOf":{"@id":"https:\/\/hetzelsponheuer.de\/de\/#website"},"primaryImageOfPage":{"@id":"https:\/\/hetzelsponheuer.de\/de\/referenzen\/hennes-und-mauritz-bundesweit\/#primaryimage"},"image":{"@id":"https:\/\/hetzelsponheuer.de\/de\/referenzen\/hennes-und-mauritz-bundesweit\/#primaryimage"},"thumbnailUrl":"https:\/\/hetzelsponheuer.de\/de\/wp-content\/uploads\/sites\/2\/2019\/09\/hm_koeln_3_aus.jpg","datePublished":"2019-09-11T13:31:48+00:00","dateModified":"2021-09-03T15:42:53+00:00","description":"Shopausbau und Technikgewerke verbunden mit Eingriffen in die konstruktive Bausubstanz im gesamten Bundesgebiet. Umbau in Abschnitten w\u00e4hrend der Nutzung .","breadcrumb":{"@id":"https:\/\/hetzelsponheuer.de\/de\/referenzen\/hennes-und-mauritz-bundesweit\/#breadcrumb"},"inLanguage":"de","potentialAction":[{"@type":"ReadAction","target":["https:\/\/hetzelsponheuer.de\/de\/referenzen\/hennes-und-mauritz-bundesweit\/"]}]},{"@type":"ImageObject","inLanguage":"de","@id":"https:\/\/hetzelsponheuer.de\/de\/referenzen\/hennes-und-mauritz-bundesweit\/#primaryimage","url":"https:\/\/hetzelsponheuer.de\/de\/wp-content\/uploads\/sites\/2\/2019\/09\/hm_koeln_3_aus.jpg","contentUrl":"https:\/\/hetzelsponheuer.de\/de\/wp-content\/uploads\/sites\/2\/2019\/09\/hm_koeln_3_aus.jpg","width":393,"height":466},{"@type":"BreadcrumbList","@id":"https:\/\/hetzelsponheuer.de\/de\/referenzen\/hennes-und-mauritz-bundesweit\/#breadcrumb","itemListElement":[{"@type":"ListItem","position":1,"name":"Startseite","item":"https:\/\/hetzelsponheuer.de\/de\/"},{"@type":"ListItem","position":2,"name":"Referenzen","item":"https:\/\/hetzelsponheuer.de\/de\/referenzen\/"},{"@type":"ListItem","position":3,"name":"Hennes &#038; Mauritz bundesweit"}]},{"@type":"WebSite","@id":"https:\/\/hetzelsponheuer.de\/de\/#website","url":"https:\/\/hetzelsponheuer.de\/de\/","name":"Hetzel+Sponheuer \u00b7 de","description":"L\u00f6sungen f\u00fcr Ihr Bauprojekt","publisher":{"@id":"https:\/\/hetzelsponheuer.de\/de\/#organization"},"inLanguage":"de"},{"@type":"Organization","@id":"https:\/\/hetzelsponheuer.de\/de\/#organization","name":"Hetzel+Sponheuer GmbH & Co. KG","url":"https:\/\/hetzelsponheuer.de\/de\/","logo":{"@type":"ImageObject","inLanguage":"de","@id":"https:\/\/hetzelsponheuer.de\/de\/#\/schema\/logo\/image\/","url":"https:\/\/hetzelsponheuer.de\/en\/wp-content\/uploads\/sites\/2\/2020\/02\/logo_hetzelsponheuer.png","contentUrl":"https:\/\/hetzelsponheuer.de\/en\/wp-content\/uploads\/sites\/2\/2020\/02\/logo_hetzelsponheuer.png","width":360,"height":24,"caption":"Hetzel+Sponheuer GmbH & Co. KG"},"image":{"@id":"https:\/\/hetzelsponheuer.de\/de\/#\/schema\/logo\/image\/"},"sameAs":["https:\/\/www.linkedin.com\/company\/hetzel-sponheuer-gmbh-&amp;-co.-kg"]}]}},"_links":{"self":[{"href":"https:\/\/hetzelsponheuer.de\/de\/wp-json\/wp\/v2\/pages\/3035"}],"collection":[{"href":"https:\/\/hetzelsponheuer.de\/de\/wp-json\/wp\/v2\/pages"}],"about":[{"href":"https:\/\/hetzelsponheuer.de\/de\/wp-json\/wp\/v2\/types\/page"}],"author":[{"embeddable":true,"href":"https:\/\/hetzelsponheuer.de\/de\/wp-json\/wp\/v2\/users\/1"}],"replies":[{"embeddable":true,"href":"https:\/\/hetzelsponheuer.de\/de\/wp-json\/wp\/v2\/comments?post=3035"}],"version-history":[{"count":3,"href":"https:\/\/hetzelsponheuer.de\/de\/wp-json\/wp\/v2\/pages\/3035\/revisions"}],"predecessor-version":[{"id":5807,"href":"https:\/\/hetzelsponheuer.de\/de\/wp-json\/wp\/v2\/pages\/3035\/revisions\/5807"}],"up":[{"embeddable":true,"href":"https:\/\/hetzelsponheuer.de\/de\/wp-json\/wp\/v2\/pages\/63"}],"wp:attachment":[{"href":"https:\/\/hetzelsponheuer.de\/de\/wp-json\/wp\/v2\/media?parent=3035"}],"curies":[{"name":"wp","href":"https:\/\/api.w.org\/{rel}","templated":true}]}}