{"id":3039,"date":"2019-09-11T15:37:18","date_gmt":"2019-09-11T13:37:18","guid":{"rendered":"http:\/\/hetzelsponheuer.de\/de\/?page_id=3039"},"modified":"2020-08-04T11:48:22","modified_gmt":"2020-08-04T09:48:22","slug":"hoerder-burg-dortmund","status":"publish","type":"page","link":"https:\/\/hetzelsponheuer.de\/de\/referenzen\/hoerder-burg-dortmund\/","title":{"rendered":"H\u00f6rder Burg"},"content":{"rendered":"<div class=\"banner row x-4 md-3-6-3 sm-0-12-0 wp-block-lazyblock-inner-block lazyblock-inner-block-1kSrP1\">\n<div class=\"col wp-block-lazyblock-inner-block lazyblock-inner-block-Z1da7Fw\">\n<div class=\"bg grey img wp-block-lazyblock-inner-block lazyblock-inner-block-xltxB\">\n\n<figure class=\"wp-block-image\"><img decoding=\"async\" loading=\"lazy\" width=\"373\" height=\"613\" src=\"https:\/\/hetzelsponheuer.de\/de\/wp-content\/uploads\/sites\/2\/2019\/09\/hoerder_01_2001_aus.jpg\" alt=\"Sanierung Fassade \u00b7 Denkmalschutz\" class=\"wp-image-3734\" srcset=\"https:\/\/hetzelsponheuer.de\/de\/wp-content\/uploads\/sites\/2\/2019\/09\/hoerder_01_2001_aus.jpg 373w, https:\/\/hetzelsponheuer.de\/de\/wp-content\/uploads\/sites\/2\/2019\/09\/hoerder_01_2001_aus-243x400.jpg 243w\" sizes=\"(max-width: 373px) 100vw, 373px\" \/><\/figure>\n\n<\/div>\n<\/div>\n\n<div class=\"col wp-block-lazyblock-inner-block lazyblock-inner-block-1gDVMO\">\n<div class=\"bg grey img wp-block-lazyblock-inner-block lazyblock-inner-block-25PnQc\">\n\n<figure class=\"wp-block-image\"><img decoding=\"async\" loading=\"lazy\" width=\"754\" height=\"493\" src=\"https:\/\/hetzelsponheuer.de\/de\/wp-content\/uploads\/sites\/2\/2019\/09\/hoerder_01_2001_left.jpg\" alt=\"Fassadensanierung Denkmalschutz\" class=\"wp-image-3339\" srcset=\"https:\/\/hetzelsponheuer.de\/de\/wp-content\/uploads\/sites\/2\/2019\/09\/hoerder_01_2001_left.jpg 754w, https:\/\/hetzelsponheuer.de\/de\/wp-content\/uploads\/sites\/2\/2019\/09\/hoerder_01_2001_left-400x262.jpg 400w\" sizes=\"(max-width: 754px) 100vw, 754px\" \/><\/figure>\n\n<\/div>\n<\/div>\n\n<div class=\"col wp-block-lazyblock-inner-block lazyblock-inner-block-2lGT91\">\n<div class=\"bg grey img wp-block-lazyblock-inner-block lazyblock-inner-block-Z1n79J4\">\n\n<figure class=\"wp-block-image\"><img decoding=\"async\" loading=\"lazy\" width=\"373\" height=\"493\" src=\"https:\/\/hetzelsponheuer.de\/de\/wp-content\/uploads\/sites\/2\/2019\/09\/hoerder_01_2001_right.jpg\" alt=\"Sanierung Fassade \u00b7 Denkmalschutz\" class=\"wp-image-3340\" srcset=\"https:\/\/hetzelsponheuer.de\/de\/wp-content\/uploads\/sites\/2\/2019\/09\/hoerder_01_2001_right.jpg 373w, https:\/\/hetzelsponheuer.de\/de\/wp-content\/uploads\/sites\/2\/2019\/09\/hoerder_01_2001_right-303x400.jpg 303w\" sizes=\"(max-width: 373px) 100vw, 373px\" \/><\/figure>\n\n<\/div>\n<\/div>\n<\/div>\n\n<div class=\"row x-24 md-3-9 sm-0-12 wp-block-lazyblock-inner-block lazyblock-inner-block-Z1YnPRv\">\n<div class=\"col wp-block-lazyblock-inner-block lazyblock-inner-block-1KyAnM\">\n<div class=\"wp-block-lazyblock-inner-block lazyblock-inner-block-ZQJXop\">\n\n<p>  <\/p>\n\n<\/div>\n<\/div>\n\n<div class=\"col wp-block-lazyblock-inner-block lazyblock-inner-block-1k7Wmw\">\n<div class=\"head wp-block-lazyblock-inner-block lazyblock-inner-block-Z1G5WWD\">\n\n<p class=\"topline\">Sanierung Fassade Denkmalschutz<\/p>\n\n\n\n<h2 class=\"h1 wp-block-heading\">H\u00f6rder Burg <span class=\"grey\">Dortmund<\/span><\/h2>\n\n<\/div>\n<\/div>\n<\/div>\n\n<div class=\"row x-24 md-3-6-3 sm-0-12-0 wp-block-lazyblock-inner-block lazyblock-inner-block-ZVfRHj\">\n<div class=\"col wp-block-lazyblock-inner-block lazyblock-inner-block-UKsF4\">\n<div class=\"wp-block-lazyblock-inner-block lazyblock-inner-block-Z1brndl\">\n\n<p class=\"md-right pl-24\"><\/p>\n\n<\/div>\n<\/div>\n\n<div class=\"col wp-block-lazyblock-inner-block lazyblock-inner-block-Z1rj4eR\">\n<div class=\"wp-block-lazyblock-inner-block lazyblock-inner-block-213Klg\">\n\n<p class=\"grey\"><strong>Das Projekt der &#8220;denkmalgerechten Sanierung H\u00f6rder Burg Dortmund&#8221; besitzt st\u00e4dtebaulich eine Leuchtturmfunktion.&nbsp;Aufgrund ihrer Historie und Lage am neuen Phoenixsee, direkt an der Dortmunder Innenstadt, stand die Sanierung im Blickpunkt der \u00d6ffentlichkeit. Entsprechender Aufwand, mit der notwendigen Sensibilit\u00e4t f\u00fcr die historische Substanz, wurde von allen Projektbeteiligten erwartet, um das Gesamtprojekt erfolgreich abzuschlie\u00dfen.<\/strong><\/p>\n\n\n\n<div style=\"height:24px\" aria-hidden=\"true\" class=\"wp-block-spacer\"><\/div>\n\n\n\n<h3 class=\"h4 wp-block-heading\">Herausforderung<\/h3>\n\n\n\n<p>Die H\u00f6rder Burg hatte in den letzten Jahrzehnten unterschiedliche Nutzungskonzepte erfahren. Dementsprechend hoch waren die Abnutzungserscheinungen. Unsere Aufgabe war es, die neuen Fl\u00e4chen ansatzfrei zu bearbeiten, sodass zu den Bestandsfl\u00e4chen kein wesentlicher Unterschied in Struktur und Oberfl\u00e4che erkennbar ist.&nbsp;<\/p>\n\n\n\n<h3 class=\"h4 wp-block-heading\">L\u00f6sung<\/h3>\n\n\n\n<p>Gutachter, Restauratoren und Materiallieferanten unserer Initiative &#8220;Netzwerk Bau&#8221; wurden fr\u00fchzeitig in das Projekt eingebunden, um alles Wichtige in die Wege zu leiten. Denn die rechtzeitige Abstimmung von Materialien, Farben und Techniken mit der Denkmalschutzbeh\u00f6rde ist f\u00fcr uns eine Grundvoraussetzung f\u00fcr einen unterbrechungsfreien, z\u00fcgigen Bauablauf.<\/p>\n\n\n\n<p>Grundlage f\u00fcr die Sanierung war ein Schadenskataster und Sanierungskonzept. Putzsch\u00e4den waren zu beheben, ohne die vorhandene historische Bausubstanz zu gef\u00e4hrden. Mit viel Fingerspitzengef\u00fchl konnte unser Spezialteam den alten Putz erhalten und trotzdem eine Erneuerung vornehmen. Mit dem richtigen Material und viel handwerklichem Geschick wurden die angrenzenden Fl\u00e4chen mit nahezu gleicher Struktur versehen und somit ein homogener Gesamtauftritt gew\u00e4hrleistet.<\/p>\n\n\n<div class=\"grid x24 md-col-6-6-row-1 wp-block-lazyblock-inner-block lazyblock-inner-block-ZDG8vY\">\n<div class=\"bg grey img wp-block-lazyblock-inner-block lazyblock-inner-block-ZcJ9C\">\n\n<figure class=\"wp-block-image size-large\"><a class=\"gallery\" href=\"https:\/\/hetzelsponheuer.de\/de\/wp-content\/uploads\/sites\/2\/2019\/11\/hoerderburg_detail_184.jpg\" rel=\"gallery-1\"><img decoding=\"async\" loading=\"lazy\" width=\"500\" height=\"500\" src=\"https:\/\/hetzelsponheuer.de\/de\/wp-content\/uploads\/sites\/2\/2019\/11\/hoerderburg_detail_184.jpg\" alt=\"Sch\u00e4den \u00b7 Neoromanische Fassade\" class=\"wp-image-4609\" srcset=\"https:\/\/hetzelsponheuer.de\/de\/wp-content\/uploads\/sites\/2\/2019\/11\/hoerderburg_detail_184.jpg 500w, https:\/\/hetzelsponheuer.de\/de\/wp-content\/uploads\/sites\/2\/2019\/11\/hoerderburg_detail_184-400x400.jpg 400w, https:\/\/hetzelsponheuer.de\/de\/wp-content\/uploads\/sites\/2\/2019\/11\/hoerderburg_detail_184-200x200.jpg 200w\" sizes=\"(max-width: 500px) 100vw, 500px\" \/><\/a><\/figure>\n\n\n\n<p class=\"figcaption\">Sch\u00e4den an der neuromanischen Fassade<\/p>\n\n<\/div>\n\n<div class=\"bg grey img wp-block-lazyblock-inner-block lazyblock-inner-block-2q0fri\">\n\n<figure class=\"wp-block-image size-large\"><a class=\"gallery\" href=\"https:\/\/hetzelsponheuer.de\/de\/wp-content\/uploads\/sites\/2\/2019\/11\/hoerderburg_detail_137.jpg\" rel=\"gallery-1\"><img decoding=\"async\" loading=\"lazy\" width=\"500\" height=\"500\" src=\"https:\/\/hetzelsponheuer.de\/de\/wp-content\/uploads\/sites\/2\/2019\/11\/hoerderburg_detail_137.jpg\" alt=\"Reparatur mit Spiralankern\" class=\"wp-image-4610\" srcset=\"https:\/\/hetzelsponheuer.de\/de\/wp-content\/uploads\/sites\/2\/2019\/11\/hoerderburg_detail_137.jpg 500w, https:\/\/hetzelsponheuer.de\/de\/wp-content\/uploads\/sites\/2\/2019\/11\/hoerderburg_detail_137-400x400.jpg 400w, https:\/\/hetzelsponheuer.de\/de\/wp-content\/uploads\/sites\/2\/2019\/11\/hoerderburg_detail_137-200x200.jpg 200w\" sizes=\"(max-width: 500px) 100vw, 500px\" \/><\/a><\/figure>\n\n\n\n<p class=\"figcaption\">Einbau von Spiralankern<\/p>\n\n<\/div>\n\n<div class=\"bg grey img wp-block-lazyblock-inner-block lazyblock-inner-block-ZxFn0Y\">\n\n<figure class=\"wp-block-image size-large\"><a class=\"gallery\" href=\"https:\/\/hetzelsponheuer.de\/de\/wp-content\/uploads\/sites\/2\/2019\/11\/hoerderburg_2011.jpg\" rel=\"gallery-1\"><img decoding=\"async\" loading=\"lazy\" width=\"500\" height=\"500\" src=\"https:\/\/hetzelsponheuer.de\/de\/wp-content\/uploads\/sites\/2\/2019\/11\/hoerderburg_2011.jpg\" alt=\"Sanierung Fassade \u00b7 Denkmalschutz\" class=\"wp-image-4611\" srcset=\"https:\/\/hetzelsponheuer.de\/de\/wp-content\/uploads\/sites\/2\/2019\/11\/hoerderburg_2011.jpg 500w, https:\/\/hetzelsponheuer.de\/de\/wp-content\/uploads\/sites\/2\/2019\/11\/hoerderburg_2011-400x400.jpg 400w, https:\/\/hetzelsponheuer.de\/de\/wp-content\/uploads\/sites\/2\/2019\/11\/hoerderburg_2011-200x200.jpg 200w\" sizes=\"(max-width: 500px) 100vw, 500px\" \/><\/a><\/figure>\n\n<\/div>\n\n<div class=\"bg grey img wp-block-lazyblock-inner-block lazyblock-inner-block-Z2hbiFI\">\n\n<figure class=\"wp-block-image size-large\"><a class=\"gallery\" href=\"https:\/\/hetzelsponheuer.de\/de\/wp-content\/uploads\/sites\/2\/2019\/11\/hoerderburg_2014.jpg\" rel=\"gallery-1\"><img decoding=\"async\" loading=\"lazy\" width=\"500\" height=\"500\" src=\"https:\/\/hetzelsponheuer.de\/de\/wp-content\/uploads\/sites\/2\/2019\/11\/hoerderburg_2014.jpg\" alt=\"Sanierung Fassade \u00b7 Denkmalschutz\" class=\"wp-image-4612\" srcset=\"https:\/\/hetzelsponheuer.de\/de\/wp-content\/uploads\/sites\/2\/2019\/11\/hoerderburg_2014.jpg 500w, https:\/\/hetzelsponheuer.de\/de\/wp-content\/uploads\/sites\/2\/2019\/11\/hoerderburg_2014-400x400.jpg 400w, https:\/\/hetzelsponheuer.de\/de\/wp-content\/uploads\/sites\/2\/2019\/11\/hoerderburg_2014-200x200.jpg 200w\" sizes=\"(max-width: 500px) 100vw, 500px\" \/><\/a><\/figure>\n\n<\/div>\n<\/div>\n\n\n<p>Wegen umfangreicher Risse innerhalb der Fassadenfl\u00e4chen waren entsprechende Spiralankersysteme mit den dazugeh\u00f6rigen Systemm\u00f6rteln einzusetzen. Hier kam es vor allem auch auf die Materialvertr\u00e4glichkeit zwischen Bestand und Sanierungsprodukten an, damit die neue Fassade der Burg dauerhaft Wind und Wetter trotzt. Durch den Einsatz der Spiralanker konnten Rissverl\u00e4ufe fixiert und das Mauerwerk stabilisiert werden. Die Bewegungen des Mauerwerks werden durch die hohe Zugfestigkeit und Elastizit\u00e4t der Spiralanker deutlich reduziert.<\/p>\n\n\n\n<p>Bei der Materialwahl dienten die Empfehlungen des WTA (Wissenschaftlich technischer Arbeitskreis). So konnten wir die Erfahrungen und das Fachwissen aus verschiedensten Anwendungsbereichen zusammentragen. Die Hetzel + Sponheuer GmbH &amp; Co. KG ist seit vielen Jahren Mitglied im WTA und hat daher Zugriff auf wertvolle Informationen, gerade wenn es um denkmalgesch\u00fctzte Sanierungen geht.<\/p>\n\n\n\n<div style=\"height:32px\" aria-hidden=\"true\" class=\"wp-block-spacer\"><\/div>\n\n<\/div>\n<\/div>\n\n<div class=\"col wp-block-lazyblock-inner-block lazyblock-inner-block-Z2wrBd9\">\n<div class=\"wp-block-lazyblock-inner-block lazyblock-inner-block-ZiJPc3\">\n<div class=\"menu-main-menu-container\"><ul id=\"menu-main-menu\" class=\"grey\"><li id=\"menu-item-2901\" class=\"menu-item \"><a href=\"https:\/\/hetzelsponheuer.de\/de\/referenzen\/projektseiten\/\">Projektseiten<\/a><\/li>\n<li id=\"menu-item-2769\" class=\"menu-item \"><a href=\"https:\/\/hetzelsponheuer.de\/de\/referenzen\/projektliste\/\">Projektliste<\/a><\/li>\n<\/ul><\/div>\n\n\n\n<h4 class=\"wp-block-heading\">Ihr Ansprechpartner<\/h4>\n\n\n\n<ul class=\"link ajx grey\"><li><a data-post-type=\"mitarbeiter\" data-display=\"fancybox\" href=\"https:\/\/hetzelsponheuer.de\/de\/mitarbeiter\/dirk-aschenbeck\">Dirk Aschenbeck<\/a><\/li><\/ul>\n\n\n\n<h4 class=\"wp-block-heading\">L\u00f6sungen<\/h4>\n\n\n\n<ul class=\"fade-link grey\"><li><a href=\"https:\/\/hetzelsponheuer.de\/de\/loesungen\/bauwerterhaltung-denkmalschutz\">Bauwerterhaltung Denkmalschutz<\/a><\/li><\/ul>\n\n\n\n<h4 class=\"wp-block-heading\">Leistungen<\/h4>\n\n\n\n<ul class=\"fade-link grey\"><li><a href=\"https:\/\/hetzelsponheuer.de\/de\/leistungen\/#bewertung-und-beratung\">Bewertung und Beratung<\/a><\/li><li><a href=\"https:\/\/hetzelsponheuer.de\/de\/leistungen\/#planung-und-gestaltung\">Planung und Gestaltung<\/a><\/li><li><a href=\"https:\/\/hetzelsponheuer.de\/de\/leistungen\/#organisation-und-baubegleitung\">Organisation und Baubegleitung<\/a><\/li><li><a href=\"https:\/\/hetzelsponheuer.de\/de\/leistungen\/#handwerk-und-technik\">Handwerk und Technik<\/a><\/li><\/ul>\n\n\n\n<ul><li>Bewertung und Beratung<\/li><li>Ausf\u00fchrungsplanung&nbsp;<\/li><li>Erstellung der Revisionsunterlagen<\/li><li>Projektdokumentation&nbsp;<\/li><li>Baubegleitung&nbsp;<\/li><li>Bauwerksabdichtung<br>nachtr\u00e4glich (Injektion)<\/li><li>Fassadeninstandsetzung<br>Ziegel, Putz&nbsp;<\/li><li>Spiralankereinbau<\/li><li>Systemm\u00f6rtelverarbeitung<\/li><\/ul>\n\n\n\n<h4 class=\"wp-block-heading\">Mitgliedschaft<\/h4>\n\n\n\n<ul class=\"link grey\"><li><a href=\"http:\/\/www.wta.de\/\" target=\"_blank\" rel=\"noreferrer noopener\">WTA Wissenschaftlich-Technischetr Arbeitskreis f\u00fcr Denkmalpflege und Bauwerkssanierung.<\/a><\/li><\/ul>\n\n\n\n<h4 class=\"wp-block-heading\">Presse, Fachartikel<\/h4>\n\n\n\n<ul class=\"link grey\"><li><a href=\"https:\/\/hetzelsponheuer.de\/download\/referenzen\/hoerderburg_bauenimbestand%20.pdf\" target=\"_blank\" rel=\"noreferrer noopener\"><strong>Bauen im Bestand<\/strong>&#8220;Mittelalter frisch aufpoliert&#8221;Fachzeitschrift, PDF<\/a><\/li><li><a href=\"https:\/\/hetzelsponheuer.de\/download\/referenzen\/hoerderburg2_remmers%20.pdf\" target=\"_blank\" rel=\"noreferrer noopener\"><strong>Remmers&nbsp;<\/strong>Aktuell 03.2010&#8243;Renaissance der H\u00f6rder Burg&#8221;, PDF<\/a><\/li><\/ul>\n\n\n\n<h4 class=\"wp-block-heading\">Fotos<\/h4>\n\n\n\n<ul class=\"link grey\"><li><a href=\"http:\/\/www.format-seifert.de\/\" target=\"_blank\" rel=\"noreferrer noopener\">Susanne Seifert, Dortmund<br>www.format-seifert.de<\/a><\/li><\/ul>\n\n<\/div>\n<\/div>\n<\/div>\n\n<div class=\"row x-24 md-3-9 sm-0-12 wp-block-lazyblock-inner-block lazyblock-inner-block-1DfzxM\">\n<div class=\"col wp-block-lazyblock-inner-block lazyblock-inner-block-2f9CCq\">\n<div class=\"wp-block-lazyblock-inner-block lazyblock-inner-block-Z1s8cnn\">\n\n<p>  <\/p>\n\n<\/div>\n<\/div>\n\n<div class=\"col wp-block-lazyblock-inner-block lazyblock-inner-block-1w9W4s\">\n<div class=\"wp-block-lazyblock-inner-block lazyblock-inner-block-1YtzFn\">\n\n<p class=\"logo sponheuer\">   <\/p>\n\n<\/div>\n\n\n<div style=\"height:56px\" aria-hidden=\"true\" class=\"wp-block-spacer\"><\/div>\n\n<\/div>\n<\/div>","protected":false},"excerpt":{"rendered":"","protected":false},"author":1,"featured_media":0,"parent":63,"menu_order":9,"comment_status":"closed","ping_status":"closed","template":"page-usecase.php","meta":{"footnotes":""},"yoast_head":"<!-- This site is optimized with the Yoast SEO plugin v22.6 - https:\/\/yoast.com\/wordpress\/plugins\/seo\/ -->\n<title>Restaurierung Denkmalschutz Fassade \u00b7 H\u00f6rder Burg \u00b7 Hetzel+Sponheuer<\/title>\n<meta name=\"description\" content=\"Restaurierung - Sanierung Fassaden der H\u00f6rder Burg, Dortmund - Sanierungskonzept, Materialauswahl und Restauration auf Grundlage eines Schadenskatasters ...\" \/>\n<meta name=\"robots\" content=\"index, follow, max-snippet:-1, max-image-preview:large, max-video-preview:-1\" \/>\n<link rel=\"canonical\" href=\"https:\/\/hetzelsponheuer.de\/de\/referenzen\/hoerder-burg-dortmund\/\" \/>\n<meta property=\"og:locale\" content=\"de_DE\" \/>\n<meta property=\"og:type\" content=\"article\" \/>\n<meta property=\"og:title\" content=\"Restaurierung Denkmalschutz Fassade \u00b7 H\u00f6rder Burg \u00b7 Hetzel+Sponheuer\" \/>\n<meta property=\"og:description\" content=\"Restaurierung - Sanierung Fassaden der H\u00f6rder Burg, Dortmund - Sanierungskonzept, Materialauswahl und Restauration auf Grundlage eines Schadenskatasters ...\" \/>\n<meta property=\"og:url\" content=\"https:\/\/hetzelsponheuer.de\/de\/referenzen\/hoerder-burg-dortmund\/\" \/>\n<meta property=\"og:site_name\" content=\"Hetzel+Sponheuer \u00b7 de\" \/>\n<meta property=\"article:modified_time\" content=\"2020-08-04T09:48:22+00:00\" \/>\n<meta property=\"og:image\" content=\"https:\/\/hetzelsponheuer.de\/de\/wp-content\/uploads\/sites\/2\/2019\/09\/hoerder_01_2001_aus.jpg\" \/>\n<meta name=\"twitter:card\" content=\"summary_large_image\" \/>\n<script type=\"application\/ld+json\" class=\"yoast-schema-graph\">{\"@context\":\"https:\/\/schema.org\",\"@graph\":[{\"@type\":\"WebPage\",\"@id\":\"https:\/\/hetzelsponheuer.de\/de\/referenzen\/hoerder-burg-dortmund\/\",\"url\":\"https:\/\/hetzelsponheuer.de\/de\/referenzen\/hoerder-burg-dortmund\/\",\"name\":\"Restaurierung Denkmalschutz Fassade \u00b7 H\u00f6rder Burg \u00b7 Hetzel+Sponheuer\",\"isPartOf\":{\"@id\":\"https:\/\/hetzelsponheuer.de\/de\/#website\"},\"primaryImageOfPage\":{\"@id\":\"https:\/\/hetzelsponheuer.de\/de\/referenzen\/hoerder-burg-dortmund\/#primaryimage\"},\"image\":{\"@id\":\"https:\/\/hetzelsponheuer.de\/de\/referenzen\/hoerder-burg-dortmund\/#primaryimage\"},\"thumbnailUrl\":\"https:\/\/hetzelsponheuer.de\/de\/wp-content\/uploads\/sites\/2\/2019\/09\/hoerder_01_2001_aus.jpg\",\"datePublished\":\"2019-09-11T13:37:18+00:00\",\"dateModified\":\"2020-08-04T09:48:22+00:00\",\"description\":\"Restaurierung - Sanierung Fassaden der H\u00f6rder Burg, Dortmund - Sanierungskonzept, Materialauswahl und Restauration auf Grundlage eines Schadenskatasters ...\",\"breadcrumb\":{\"@id\":\"https:\/\/hetzelsponheuer.de\/de\/referenzen\/hoerder-burg-dortmund\/#breadcrumb\"},\"inLanguage\":\"de\",\"potentialAction\":[{\"@type\":\"ReadAction\",\"target\":[\"https:\/\/hetzelsponheuer.de\/de\/referenzen\/hoerder-burg-dortmund\/\"]}]},{\"@type\":\"ImageObject\",\"inLanguage\":\"de\",\"@id\":\"https:\/\/hetzelsponheuer.de\/de\/referenzen\/hoerder-burg-dortmund\/#primaryimage\",\"url\":\"https:\/\/hetzelsponheuer.de\/de\/wp-content\/uploads\/sites\/2\/2019\/09\/hoerder_01_2001_aus.jpg\",\"contentUrl\":\"https:\/\/hetzelsponheuer.de\/de\/wp-content\/uploads\/sites\/2\/2019\/09\/hoerder_01_2001_aus.jpg\",\"width\":373,\"height\":613},{\"@type\":\"BreadcrumbList\",\"@id\":\"https:\/\/hetzelsponheuer.de\/de\/referenzen\/hoerder-burg-dortmund\/#breadcrumb\",\"itemListElement\":[{\"@type\":\"ListItem\",\"position\":1,\"name\":\"Startseite\",\"item\":\"https:\/\/hetzelsponheuer.de\/de\/\"},{\"@type\":\"ListItem\",\"position\":2,\"name\":\"Referenzen\",\"item\":\"https:\/\/hetzelsponheuer.de\/de\/referenzen\/\"},{\"@type\":\"ListItem\",\"position\":3,\"name\":\"H\u00f6rder Burg\"}]},{\"@type\":\"WebSite\",\"@id\":\"https:\/\/hetzelsponheuer.de\/de\/#website\",\"url\":\"https:\/\/hetzelsponheuer.de\/de\/\",\"name\":\"Hetzel+Sponheuer \u00b7 de\",\"description\":\"L\u00f6sungen f\u00fcr Ihr Bauprojekt\",\"publisher\":{\"@id\":\"https:\/\/hetzelsponheuer.de\/de\/#organization\"},\"inLanguage\":\"de\"},{\"@type\":\"Organization\",\"@id\":\"https:\/\/hetzelsponheuer.de\/de\/#organization\",\"name\":\"Hetzel+Sponheuer GmbH & Co. KG\",\"url\":\"https:\/\/hetzelsponheuer.de\/de\/\",\"logo\":{\"@type\":\"ImageObject\",\"inLanguage\":\"de\",\"@id\":\"https:\/\/hetzelsponheuer.de\/de\/#\/schema\/logo\/image\/\",\"url\":\"https:\/\/hetzelsponheuer.de\/en\/wp-content\/uploads\/sites\/2\/2020\/02\/logo_hetzelsponheuer.png\",\"contentUrl\":\"https:\/\/hetzelsponheuer.de\/en\/wp-content\/uploads\/sites\/2\/2020\/02\/logo_hetzelsponheuer.png\",\"width\":360,\"height\":24,\"caption\":\"Hetzel+Sponheuer GmbH & Co. KG\"},\"image\":{\"@id\":\"https:\/\/hetzelsponheuer.de\/de\/#\/schema\/logo\/image\/\"},\"sameAs\":[\"https:\/\/www.linkedin.com\/company\/hetzel-sponheuer-gmbh-&amp;-co.-kg\"]}]}<\/script>\n<!-- \/ Yoast SEO plugin. -->","yoast_head_json":{"title":"Restaurierung Denkmalschutz Fassade \u00b7 H\u00f6rder Burg \u00b7 Hetzel+Sponheuer","description":"Restaurierung - Sanierung Fassaden der H\u00f6rder Burg, Dortmund - Sanierungskonzept, Materialauswahl und Restauration auf Grundlage eines Schadenskatasters ...","robots":{"index":"index","follow":"follow","max-snippet":"max-snippet:-1","max-image-preview":"max-image-preview:large","max-video-preview":"max-video-preview:-1"},"canonical":"https:\/\/hetzelsponheuer.de\/de\/referenzen\/hoerder-burg-dortmund\/","og_locale":"de_DE","og_type":"article","og_title":"Restaurierung Denkmalschutz Fassade \u00b7 H\u00f6rder Burg \u00b7 Hetzel+Sponheuer","og_description":"Restaurierung - Sanierung Fassaden der H\u00f6rder Burg, Dortmund - Sanierungskonzept, Materialauswahl und Restauration auf Grundlage eines Schadenskatasters ...","og_url":"https:\/\/hetzelsponheuer.de\/de\/referenzen\/hoerder-burg-dortmund\/","og_site_name":"Hetzel+Sponheuer \u00b7 de","article_modified_time":"2020-08-04T09:48:22+00:00","og_image":[{"url":"https:\/\/hetzelsponheuer.de\/de\/wp-content\/uploads\/sites\/2\/2019\/09\/hoerder_01_2001_aus.jpg"}],"twitter_card":"summary_large_image","schema":{"@context":"https:\/\/schema.org","@graph":[{"@type":"WebPage","@id":"https:\/\/hetzelsponheuer.de\/de\/referenzen\/hoerder-burg-dortmund\/","url":"https:\/\/hetzelsponheuer.de\/de\/referenzen\/hoerder-burg-dortmund\/","name":"Restaurierung Denkmalschutz Fassade \u00b7 H\u00f6rder Burg \u00b7 Hetzel+Sponheuer","isPartOf":{"@id":"https:\/\/hetzelsponheuer.de\/de\/#website"},"primaryImageOfPage":{"@id":"https:\/\/hetzelsponheuer.de\/de\/referenzen\/hoerder-burg-dortmund\/#primaryimage"},"image":{"@id":"https:\/\/hetzelsponheuer.de\/de\/referenzen\/hoerder-burg-dortmund\/#primaryimage"},"thumbnailUrl":"https:\/\/hetzelsponheuer.de\/de\/wp-content\/uploads\/sites\/2\/2019\/09\/hoerder_01_2001_aus.jpg","datePublished":"2019-09-11T13:37:18+00:00","dateModified":"2020-08-04T09:48:22+00:00","description":"Restaurierung - Sanierung Fassaden der H\u00f6rder Burg, Dortmund - Sanierungskonzept, Materialauswahl und Restauration auf Grundlage eines Schadenskatasters ...","breadcrumb":{"@id":"https:\/\/hetzelsponheuer.de\/de\/referenzen\/hoerder-burg-dortmund\/#breadcrumb"},"inLanguage":"de","potentialAction":[{"@type":"ReadAction","target":["https:\/\/hetzelsponheuer.de\/de\/referenzen\/hoerder-burg-dortmund\/"]}]},{"@type":"ImageObject","inLanguage":"de","@id":"https:\/\/hetzelsponheuer.de\/de\/referenzen\/hoerder-burg-dortmund\/#primaryimage","url":"https:\/\/hetzelsponheuer.de\/de\/wp-content\/uploads\/sites\/2\/2019\/09\/hoerder_01_2001_aus.jpg","contentUrl":"https:\/\/hetzelsponheuer.de\/de\/wp-content\/uploads\/sites\/2\/2019\/09\/hoerder_01_2001_aus.jpg","width":373,"height":613},{"@type":"BreadcrumbList","@id":"https:\/\/hetzelsponheuer.de\/de\/referenzen\/hoerder-burg-dortmund\/#breadcrumb","itemListElement":[{"@type":"ListItem","position":1,"name":"Startseite","item":"https:\/\/hetzelsponheuer.de\/de\/"},{"@type":"ListItem","position":2,"name":"Referenzen","item":"https:\/\/hetzelsponheuer.de\/de\/referenzen\/"},{"@type":"ListItem","position":3,"name":"H\u00f6rder Burg"}]},{"@type":"WebSite","@id":"https:\/\/hetzelsponheuer.de\/de\/#website","url":"https:\/\/hetzelsponheuer.de\/de\/","name":"Hetzel+Sponheuer \u00b7 de","description":"L\u00f6sungen f\u00fcr Ihr Bauprojekt","publisher":{"@id":"https:\/\/hetzelsponheuer.de\/de\/#organization"},"inLanguage":"de"},{"@type":"Organization","@id":"https:\/\/hetzelsponheuer.de\/de\/#organization","name":"Hetzel+Sponheuer GmbH & Co. KG","url":"https:\/\/hetzelsponheuer.de\/de\/","logo":{"@type":"ImageObject","inLanguage":"de","@id":"https:\/\/hetzelsponheuer.de\/de\/#\/schema\/logo\/image\/","url":"https:\/\/hetzelsponheuer.de\/en\/wp-content\/uploads\/sites\/2\/2020\/02\/logo_hetzelsponheuer.png","contentUrl":"https:\/\/hetzelsponheuer.de\/en\/wp-content\/uploads\/sites\/2\/2020\/02\/logo_hetzelsponheuer.png","width":360,"height":24,"caption":"Hetzel+Sponheuer GmbH & Co. KG"},"image":{"@id":"https:\/\/hetzelsponheuer.de\/de\/#\/schema\/logo\/image\/"},"sameAs":["https:\/\/www.linkedin.com\/company\/hetzel-sponheuer-gmbh-&amp;-co.-kg"]}]}},"_links":{"self":[{"href":"https:\/\/hetzelsponheuer.de\/de\/wp-json\/wp\/v2\/pages\/3039"}],"collection":[{"href":"https:\/\/hetzelsponheuer.de\/de\/wp-json\/wp\/v2\/pages"}],"about":[{"href":"https:\/\/hetzelsponheuer.de\/de\/wp-json\/wp\/v2\/types\/page"}],"author":[{"embeddable":true,"href":"https:\/\/hetzelsponheuer.de\/de\/wp-json\/wp\/v2\/users\/1"}],"replies":[{"embeddable":true,"href":"https:\/\/hetzelsponheuer.de\/de\/wp-json\/wp\/v2\/comments?post=3039"}],"version-history":[{"count":2,"href":"https:\/\/hetzelsponheuer.de\/de\/wp-json\/wp\/v2\/pages\/3039\/revisions"}],"predecessor-version":[{"id":5579,"href":"https:\/\/hetzelsponheuer.de\/de\/wp-json\/wp\/v2\/pages\/3039\/revisions\/5579"}],"up":[{"embeddable":true,"href":"https:\/\/hetzelsponheuer.de\/de\/wp-json\/wp\/v2\/pages\/63"}],"wp:attachment":[{"href":"https:\/\/hetzelsponheuer.de\/de\/wp-json\/wp\/v2\/media?parent=3039"}],"curies":[{"name":"wp","href":"https:\/\/api.w.org\/{rel}","templated":true}]}}