{"id":3056,"date":"2019-09-11T15:54:09","date_gmt":"2019-09-11T13:54:09","guid":{"rendered":"http:\/\/hetzelsponheuer.de\/de\/?page_id=3056"},"modified":"2020-08-04T11:44:48","modified_gmt":"2020-08-04T09:44:48","slug":"koe-galerie-duesseldorf","status":"publish","type":"page","link":"https:\/\/hetzelsponheuer.de\/de\/referenzen\/koe-galerie-duesseldorf\/","title":{"rendered":"K\u00f6 Galerie D\u00fcsseldorf"},"content":{"rendered":"<div class=\"banner row x-4 md-3-6-3 sm-0-12-0 wp-block-lazyblock-inner-block lazyblock-inner-block-1kSrP1\">\n<div class=\"col wp-block-lazyblock-inner-block lazyblock-inner-block-Z1da7Fw\">\n<div class=\"bg grey img wp-block-lazyblock-inner-block lazyblock-inner-block-xltxB\">\n\n<figure class=\"wp-block-image\"><img decoding=\"async\" loading=\"lazy\" width=\"373\" height=\"659\" src=\"https:\/\/hetzelsponheuer.de\/de\/wp-content\/uploads\/sites\/2\/2019\/09\/koe_4262.jpg\" alt=\"\" class=\"wp-image-3360\" srcset=\"https:\/\/hetzelsponheuer.de\/de\/wp-content\/uploads\/sites\/2\/2019\/09\/koe_4262.jpg 373w, https:\/\/hetzelsponheuer.de\/de\/wp-content\/uploads\/sites\/2\/2019\/09\/koe_4262-170x300.jpg 170w\" sizes=\"(max-width: 373px) 100vw, 373px\" \/><\/figure>\n\n<\/div>\n<\/div>\n\n<div class=\"col wp-block-lazyblock-inner-block lazyblock-inner-block-1gDVMO\">\n<div class=\"bg grey img wp-block-lazyblock-inner-block lazyblock-inner-block-25PnQc\">\n\n<figure class=\"wp-block-image\"><img decoding=\"async\" loading=\"lazy\" width=\"754\" height=\"630\" src=\"https:\/\/hetzelsponheuer.de\/de\/wp-content\/uploads\/sites\/2\/2019\/09\/koe_4254_2_left.jpg\" alt=\"\" class=\"wp-image-3358\" srcset=\"https:\/\/hetzelsponheuer.de\/de\/wp-content\/uploads\/sites\/2\/2019\/09\/koe_4254_2_left.jpg 754w, https:\/\/hetzelsponheuer.de\/de\/wp-content\/uploads\/sites\/2\/2019\/09\/koe_4254_2_left-300x251.jpg 300w\" sizes=\"(max-width: 754px) 100vw, 754px\" \/><\/figure>\n\n<\/div>\n<\/div>\n\n<div class=\"col wp-block-lazyblock-inner-block lazyblock-inner-block-2lGT91\">\n<div class=\"bg grey img wp-block-lazyblock-inner-block lazyblock-inner-block-Z1n79J4\">\n\n<figure class=\"wp-block-image\"><img decoding=\"async\" loading=\"lazy\" width=\"373\" height=\"630\" src=\"https:\/\/hetzelsponheuer.de\/de\/wp-content\/uploads\/sites\/2\/2019\/09\/koe_4254_2_right.jpg\" alt=\"\" class=\"wp-image-3359\" srcset=\"https:\/\/hetzelsponheuer.de\/de\/wp-content\/uploads\/sites\/2\/2019\/09\/koe_4254_2_right.jpg 373w, https:\/\/hetzelsponheuer.de\/de\/wp-content\/uploads\/sites\/2\/2019\/09\/koe_4254_2_right-178x300.jpg 178w\" sizes=\"(max-width: 373px) 100vw, 373px\" \/><\/figure>\n\n<\/div>\n<\/div>\n<\/div>\n\n<div class=\"row x-24 md-3-9 sm-0-12 wp-block-lazyblock-inner-block lazyblock-inner-block-Z1YnPRv\">\n<div class=\"col wp-block-lazyblock-inner-block lazyblock-inner-block-1KyAnM\">\n<div class=\"wp-block-lazyblock-inner-block lazyblock-inner-block-ZQJXop\">\n\n<p>  <\/p>\n\n<\/div>\n<\/div>\n\n<div class=\"col wp-block-lazyblock-inner-block lazyblock-inner-block-1k7Wmw\">\n<div class=\"head wp-block-lazyblock-inner-block lazyblock-inner-block-Z1G5WWD\">\n\n<p class=\"topline\">Umbau im Laufenden Betrieb<\/p>\n\n\n\n<h2 class=\"h1 wp-block-heading\">K\u00f6 Galerie <span class=\"grey\">D\u00fcsseldorf<\/span><\/h2>\n\n<\/div>\n<\/div>\n<\/div>\n\n<div class=\"row x-24 md-3-6-3 sm-0-12-0 wp-block-lazyblock-inner-block lazyblock-inner-block-ZVfRHj\">\n<div class=\"col wp-block-lazyblock-inner-block lazyblock-inner-block-UKsF4\">\n<div class=\"wp-block-lazyblock-inner-block lazyblock-inner-block-Z1brndl\">\n\n<p class=\"md-right pl-24\"><\/p>\n\n<\/div>\n<\/div>\n\n<div class=\"col wp-block-lazyblock-inner-block lazyblock-inner-block-Z1rj4eR\">\n<div class=\"wp-block-lazyblock-inner-block lazyblock-inner-block-213Klg\">\n\n<p class=\"grey\"><strong>Die K\u00f6-Galerie ist wohl eine der bekanntesten und exklusiven Shoppingmeilen. Im Jahr 1986 wurde die von Architekt Walter Brune geplante K\u00f6-Galerie als erste Shopping-Mall in einer deutschen Innenstadt \u00fcberhaupt er\u00f6ffnet.&nbsp;Die schon etwas in die Jahre gekommene Galerie in D\u00fcsseldorf sollte vom Staub befreit und technisch wie optisch auf den neuesten Stand gebracht werden.<\/strong><\/p>\n\n\n\n<div style=\"height:24px\" aria-hidden=\"true\" class=\"wp-block-spacer\"><\/div>\n\n\n\n<h3 class=\"h4 wp-block-heading\">Herausforderung<\/h3>\n\n\n\n<p>Die einzigartige Architektur der K\u00f6-Galerie sollte erhalten bleiben, jedoch technisch und optisch auf den neuesten Stand gebracht werden. Anforderung war auch, die L\u00e4den gro\u00dfz\u00fcgiger, offener, heller und moderner zu gestalten. Und das, ohne den laufenden Centerbetrieb zu st\u00f6ren und somit den anspruchsvollen Kunden nach wie vor ein m\u00f6glichst angenehmes Ambiente zu bieten. Ganz ohne sichtbaren Bauschutt oder l\u00e4stigem L\u00e4rmaufkommen. Neben der kompletten Restrukturierung aller Shops und \u00f6ffentlichen Bereiche sollten auch die B\u00fcrofl\u00e4chen v\u00f6llig neu strukturiert und modernisiert werden.<\/p>\n\n\n\n<h3 class=\"h4 wp-block-heading\">L\u00f6sung<\/h3>\n\n\n\n<p>Eine komplette Entkernung und Neustrukturierung von Mietfl\u00e4chen, Neugestaltung der Mall und der \u00f6ffentlichen Bereiche sowie Durchf\u00fchrung einer Brandschutzsanierung bei laufendem Betrieb. Schritt f\u00fcr Schritt wurden mit Feingef\u00fchl die einzelnen Bauabschnitte angegangen, um m\u00f6glichst ungest\u00f6rte Centerabl\u00e4ufe zu garantieren. Zuerst wurden 24.000 qm Verkaufsfl\u00e4chen umfangreich revitalisiert, sp\u00e4ter begannen die Arbeiten in den Seitenmalls und die Sanierung der 50.000 qm B\u00fcrofl\u00e4chen.<\/p>\n\n\n<div class=\"grid x24 md-col-6-6-row-1 wp-block-lazyblock-inner-block lazyblock-inner-block-1Brksd\">\n<div class=\"bg grey img wp-block-lazyblock-inner-block lazyblock-inner-block-Z1U6aes\">\n\n<figure class=\"wp-block-image size-large\"><a class=\"gallery\" href=\"https:\/\/hetzelsponheuer.de\/de\/wp-content\/uploads\/sites\/2\/2019\/11\/koe_handwerk_2.jpg\" rel=\"gallery-1\"><img decoding=\"async\" loading=\"lazy\" width=\"600\" height=\"400\" src=\"https:\/\/hetzelsponheuer.de\/de\/wp-content\/uploads\/sites\/2\/2019\/11\/koe_handwerk_2.jpg\" alt=\"\" class=\"wp-image-4629\" srcset=\"https:\/\/hetzelsponheuer.de\/de\/wp-content\/uploads\/sites\/2\/2019\/11\/koe_handwerk_2.jpg 600w, https:\/\/hetzelsponheuer.de\/de\/wp-content\/uploads\/sites\/2\/2019\/11\/koe_handwerk_2-400x267.jpg 400w\" sizes=\"(max-width: 600px) 100vw, 600px\" \/><\/a><\/figure>\n\n\n\n<p class=\"figcaption\">Umbauarbeiten im<br>Hauptforum<\/p>\n\n<\/div>\n\n<div class=\"bg grey img wp-block-lazyblock-inner-block lazyblock-inner-block-Z4Hgek\">\n\n<figure class=\"wp-block-image size-large\"><a class=\"gallery\" href=\"https:\/\/hetzelsponheuer.de\/de\/wp-content\/uploads\/sites\/2\/2019\/11\/koe_3258.jpg\" rel=\"gallery-1\"><img decoding=\"async\" loading=\"lazy\" width=\"600\" height=\"400\" src=\"https:\/\/hetzelsponheuer.de\/de\/wp-content\/uploads\/sites\/2\/2019\/11\/koe_3258.jpg\" alt=\"\" class=\"wp-image-4630\" srcset=\"https:\/\/hetzelsponheuer.de\/de\/wp-content\/uploads\/sites\/2\/2019\/11\/koe_3258.jpg 600w, https:\/\/hetzelsponheuer.de\/de\/wp-content\/uploads\/sites\/2\/2019\/11\/koe_3258-400x267.jpg 400w\" sizes=\"(max-width: 600px) 100vw, 600px\" \/><\/a><\/figure>\n\n\n\n<p class=\"figcaption\">Stahlbetonst\u00fctzen der <br>Decken\u00f6ffnungen<\/p>\n\n<\/div>\n<\/div>\n\n\n<p>Daf\u00fcr war eine intensive Vorplanung der Leistungen und Bauabl\u00e4ufe n\u00f6tig sowie eine optimale Vernetzung der Gewerke mit einem H\u00f6chstma\u00df an Flexibilit\u00e4t und professionellem Baustellenmanagement. Nur ein Beispiel: Um den Betrieb nicht zu st\u00f6ren, wurde der anfallende Bauschutt unbemerkt \u00fcber die Tiefgarage abtransportiert. Neben der Ausf\u00fchrungsplanung wurde von der Hetzel + Sponheuer GmbH &amp; Co. KG ebenfalls die Koordination der Technikgewerke und die Betreuung \u00fcbernommen. Aufgrund der innerst\u00e4dtischen Lage waren die Bereiche f\u00fcr Baustelleneinrichtung, Materiallagerfl\u00e4chen etc. nur sehr begrenzt vorhanden. Es war unsere Aufgabe ein entsprechendes Logistikkonzept erstellen, um einen reibungslosen Ablauf zu garantieren.<\/p>\n\n\n\n<p>Der Bestand erfuhr eine brandschutztechnische Ert\u00fcchtigung, um den heutigen Anforderungsprofilen gerecht zu werden und alle gesetzlichen Auflagen zu erf\u00fcllen. Eingriffe in die vorhandene Bausubstanz, vor allem im Hauptforum, in dem Aufz\u00fcge ausgebaut und Rolltreppen eingebaut werden mussten, stellten hohe statische Anspr\u00fcche. Die architektonische Gestaltung im Hauptforum wurde zudem komplett \u00fcberarbeitet. So wurde die urspr\u00fcnglich achteckige Form in ein gro\u00dfz\u00fcgiges, kreisf\u00f6rmiges Forum verwandelt.<\/p>\n\n\n\n<p>Der gesamte Aus- und Umbau wurde mit aktuellen Trockenbautechniken und vorgefertigten Formteilen durchgef\u00fchrt und nach den gestalterischen Vorstellungen der Architekturabteilung des Auftraggebers bearbeitet. Passend hierzu wurden Mallbereiche mit hochwertigen Natursteinbel\u00e4gen versehen, moderne Shop- und Glasfassaden eingebaut sowie die Retailfl\u00e4chen nach zeitgem\u00e4\u00dfen Gesichtspunkten umgestaltet.<\/p>\n\n\n\n<p>Die neuen Fl\u00e4chen gehen auf den Wunsch nach gr\u00f6\u00dferen Ladeneinheiten gezielt ein und bieten nun ein Fl\u00e4chenvolumen von bis zu 4.000 qm auf einer Etage im Premium-Segment der K\u00f6nigsallee.<\/p>\n\n\n\n<div style=\"height:32px\" aria-hidden=\"true\" class=\"wp-block-spacer\"><\/div>\n\n<\/div>\n<\/div>\n\n<div class=\"col wp-block-lazyblock-inner-block lazyblock-inner-block-Z2wrBd9\">\n<div class=\"wp-block-lazyblock-inner-block lazyblock-inner-block-ZiJPc3\">\n<div class=\"menu-main-menu-container\"><ul id=\"menu-main-menu\" class=\"grey\"><li id=\"menu-item-2901\" class=\"menu-item \"><a href=\"https:\/\/hetzelsponheuer.de\/de\/referenzen\/projektseiten\/\">Projektseiten<\/a><\/li>\n<li id=\"menu-item-2769\" class=\"menu-item \"><a href=\"https:\/\/hetzelsponheuer.de\/de\/referenzen\/projektliste\/\">Projektliste<\/a><\/li>\n<\/ul><\/div>\n\n\n\n<h4 class=\"wp-block-heading\">Ihr Ansprechpartner<\/h4>\n\n\n\n<ul class=\"ajx grey\"><li><a data-post-type=\"mitarbeiter\" data-display=\"fancybox\" href=\"https:\/\/hetzelsponheuer.de\/de\/mitarbeiter\/stephan-berndt\">Stephan Berndt<\/a><br>Diplom-Ingenieur&nbsp;<\/li><\/ul>\n\n\n\n<h4 class=\"wp-block-heading\">L\u00f6sungen<\/h4>\n\n\n\n<ul class=\"fade-link grey\"><li><a href=\"https:\/\/hetzelsponheuer.de\/de\/loesungen\/einkaufscenter-ladenlokal\">Einkaufscenter und Ladenlokal<\/a><\/li><\/ul>\n\n\n\n<h4 class=\"wp-block-heading\">Leistungen<\/h4>\n\n\n\n<ul><li>Bauablaufplanung<\/li><li>Logistikkonzept<\/li><li>Konzeption Brandschutz<\/li><li>Baustellenmanagement<\/li><li>Erstellung der Revisionsunterlagen<\/li><li>Projektdokumentation<\/li><li>Planungskoordination<\/li><li>Projektleitung<\/li><li>Baustellenlogistik<\/li><li>Mieterkoordination&nbsp;<\/li><li>Ausf\u00fchrung Brandschutz<\/li><li>Fluchtwegkennzeichnung<\/li><li>Systemputze<\/li><li>Trockenbau<\/li><li>Fertigteilebau<\/li><li>Malerarbeiten<\/li><li>Natursteinverlegung<\/li><li>Shop- und Glas- Fassadensysteme<\/li><li>Ladenbau<\/li><\/ul>\n\n\n\n<h4 class=\"wp-block-heading\">Fotos<\/h4>\n\n\n\n<ul class=\"link grey\"><li><a href=\"http:\/\/www.format-seifert.de\/\" target=\"_blank\" rel=\"noreferrer noopener\">Susanne Seifert, Dortmund<br>www.format-seifert.de<\/a><\/li><\/ul>\n\n<\/div>\n<\/div>\n<\/div>\n\n<div class=\"row x-24 md-3-9 sm-0-12 wp-block-lazyblock-inner-block lazyblock-inner-block-2mrwsP\">\n<div class=\"col wp-block-lazyblock-inner-block lazyblock-inner-block-ZuCFTF\">\n<div class=\"wp-block-lazyblock-inner-block lazyblock-inner-block-Z1QKVGh\">\n\n<p>  <\/p>\n\n<\/div>\n<\/div>\n\n<div class=\"col wp-block-lazyblock-inner-block lazyblock-inner-block-Z1dEO6S\">\n<div class=\"wp-block-lazyblock-inner-block lazyblock-inner-block-1GrFqs\">\n\n<p class=\"logo hetzel\">   <\/p>\n\n<\/div>\n\n\n<div style=\"height:56px\" aria-hidden=\"true\" class=\"wp-block-spacer\"><\/div>\n\n<\/div>\n<\/div>","protected":false},"excerpt":{"rendered":"","protected":false},"author":1,"featured_media":0,"parent":63,"menu_order":9,"comment_status":"closed","ping_status":"closed","template":"page-usecase.php","meta":{"footnotes":""},"yoast_head":"<!-- This site is optimized with the Yoast SEO plugin v22.6 - https:\/\/yoast.com\/wordpress\/plugins\/seo\/ -->\n<title>Umbau Shopping Center \u00b7 K\u00f6 Gallerie D\u00fcsseldorf \u00b7 Hetzel+Sponheuer<\/title>\n<meta name=\"description\" content=\"Umbau des Shopping Centers K\u00f6 Gallerie, Restrukturierung aller Shops, B\u00fcros und \u00f6ffentlichen Bereiche bei laufendem Centerbetrieb\" \/>\n<meta name=\"robots\" content=\"index, follow, max-snippet:-1, max-image-preview:large, max-video-preview:-1\" \/>\n<link rel=\"canonical\" href=\"https:\/\/hetzelsponheuer.de\/de\/referenzen\/koe-galerie-duesseldorf\/\" \/>\n<meta property=\"og:locale\" content=\"de_DE\" \/>\n<meta property=\"og:type\" content=\"article\" \/>\n<meta property=\"og:title\" content=\"Umbau Shopping Center \u00b7 K\u00f6 Gallerie D\u00fcsseldorf \u00b7 Hetzel+Sponheuer\" \/>\n<meta property=\"og:description\" content=\"Umbau des Shopping Centers K\u00f6 Gallerie, Restrukturierung aller Shops, B\u00fcros und \u00f6ffentlichen Bereiche bei laufendem Centerbetrieb\" \/>\n<meta property=\"og:url\" content=\"https:\/\/hetzelsponheuer.de\/de\/referenzen\/koe-galerie-duesseldorf\/\" \/>\n<meta property=\"og:site_name\" content=\"Hetzel+Sponheuer \u00b7 de\" \/>\n<meta property=\"article:modified_time\" content=\"2020-08-04T09:44:48+00:00\" \/>\n<meta property=\"og:image\" content=\"https:\/\/hetzelsponheuer.de\/de\/wp-content\/uploads\/sites\/2\/2019\/09\/koe_4262.jpg\" \/>\n<meta name=\"twitter:card\" content=\"summary_large_image\" \/>\n<script type=\"application\/ld+json\" class=\"yoast-schema-graph\">{\"@context\":\"https:\/\/schema.org\",\"@graph\":[{\"@type\":\"WebPage\",\"@id\":\"https:\/\/hetzelsponheuer.de\/de\/referenzen\/koe-galerie-duesseldorf\/\",\"url\":\"https:\/\/hetzelsponheuer.de\/de\/referenzen\/koe-galerie-duesseldorf\/\",\"name\":\"Umbau Shopping Center \u00b7 K\u00f6 Gallerie D\u00fcsseldorf \u00b7 Hetzel+Sponheuer\",\"isPartOf\":{\"@id\":\"https:\/\/hetzelsponheuer.de\/de\/#website\"},\"primaryImageOfPage\":{\"@id\":\"https:\/\/hetzelsponheuer.de\/de\/referenzen\/koe-galerie-duesseldorf\/#primaryimage\"},\"image\":{\"@id\":\"https:\/\/hetzelsponheuer.de\/de\/referenzen\/koe-galerie-duesseldorf\/#primaryimage\"},\"thumbnailUrl\":\"https:\/\/hetzelsponheuer.de\/de\/wp-content\/uploads\/sites\/2\/2019\/09\/koe_4262.jpg\",\"datePublished\":\"2019-09-11T13:54:09+00:00\",\"dateModified\":\"2020-08-04T09:44:48+00:00\",\"description\":\"Umbau des Shopping Centers K\u00f6 Gallerie, Restrukturierung aller Shops, B\u00fcros und \u00f6ffentlichen Bereiche bei laufendem Centerbetrieb\",\"breadcrumb\":{\"@id\":\"https:\/\/hetzelsponheuer.de\/de\/referenzen\/koe-galerie-duesseldorf\/#breadcrumb\"},\"inLanguage\":\"de\",\"potentialAction\":[{\"@type\":\"ReadAction\",\"target\":[\"https:\/\/hetzelsponheuer.de\/de\/referenzen\/koe-galerie-duesseldorf\/\"]}]},{\"@type\":\"ImageObject\",\"inLanguage\":\"de\",\"@id\":\"https:\/\/hetzelsponheuer.de\/de\/referenzen\/koe-galerie-duesseldorf\/#primaryimage\",\"url\":\"https:\/\/hetzelsponheuer.de\/de\/wp-content\/uploads\/sites\/2\/2019\/09\/koe_4262.jpg\",\"contentUrl\":\"https:\/\/hetzelsponheuer.de\/de\/wp-content\/uploads\/sites\/2\/2019\/09\/koe_4262.jpg\",\"width\":373,\"height\":659},{\"@type\":\"BreadcrumbList\",\"@id\":\"https:\/\/hetzelsponheuer.de\/de\/referenzen\/koe-galerie-duesseldorf\/#breadcrumb\",\"itemListElement\":[{\"@type\":\"ListItem\",\"position\":1,\"name\":\"Startseite\",\"item\":\"https:\/\/hetzelsponheuer.de\/de\/\"},{\"@type\":\"ListItem\",\"position\":2,\"name\":\"Referenzen\",\"item\":\"https:\/\/hetzelsponheuer.de\/de\/referenzen\/\"},{\"@type\":\"ListItem\",\"position\":3,\"name\":\"K\u00f6 Galerie D\u00fcsseldorf\"}]},{\"@type\":\"WebSite\",\"@id\":\"https:\/\/hetzelsponheuer.de\/de\/#website\",\"url\":\"https:\/\/hetzelsponheuer.de\/de\/\",\"name\":\"Hetzel+Sponheuer \u00b7 de\",\"description\":\"L\u00f6sungen f\u00fcr Ihr Bauprojekt\",\"publisher\":{\"@id\":\"https:\/\/hetzelsponheuer.de\/de\/#organization\"},\"inLanguage\":\"de\"},{\"@type\":\"Organization\",\"@id\":\"https:\/\/hetzelsponheuer.de\/de\/#organization\",\"name\":\"Hetzel+Sponheuer GmbH & Co. KG\",\"url\":\"https:\/\/hetzelsponheuer.de\/de\/\",\"logo\":{\"@type\":\"ImageObject\",\"inLanguage\":\"de\",\"@id\":\"https:\/\/hetzelsponheuer.de\/de\/#\/schema\/logo\/image\/\",\"url\":\"https:\/\/hetzelsponheuer.de\/en\/wp-content\/uploads\/sites\/2\/2020\/02\/logo_hetzelsponheuer.png\",\"contentUrl\":\"https:\/\/hetzelsponheuer.de\/en\/wp-content\/uploads\/sites\/2\/2020\/02\/logo_hetzelsponheuer.png\",\"width\":360,\"height\":24,\"caption\":\"Hetzel+Sponheuer GmbH & Co. KG\"},\"image\":{\"@id\":\"https:\/\/hetzelsponheuer.de\/de\/#\/schema\/logo\/image\/\"},\"sameAs\":[\"https:\/\/www.linkedin.com\/company\/hetzel-sponheuer-gmbh-&amp;-co.-kg\"]}]}<\/script>\n<!-- \/ Yoast SEO plugin. -->","yoast_head_json":{"title":"Umbau Shopping Center \u00b7 K\u00f6 Gallerie D\u00fcsseldorf \u00b7 Hetzel+Sponheuer","description":"Umbau des Shopping Centers K\u00f6 Gallerie, Restrukturierung aller Shops, B\u00fcros und \u00f6ffentlichen Bereiche bei laufendem Centerbetrieb","robots":{"index":"index","follow":"follow","max-snippet":"max-snippet:-1","max-image-preview":"max-image-preview:large","max-video-preview":"max-video-preview:-1"},"canonical":"https:\/\/hetzelsponheuer.de\/de\/referenzen\/koe-galerie-duesseldorf\/","og_locale":"de_DE","og_type":"article","og_title":"Umbau Shopping Center \u00b7 K\u00f6 Gallerie D\u00fcsseldorf \u00b7 Hetzel+Sponheuer","og_description":"Umbau des Shopping Centers K\u00f6 Gallerie, Restrukturierung aller Shops, B\u00fcros und \u00f6ffentlichen Bereiche bei laufendem Centerbetrieb","og_url":"https:\/\/hetzelsponheuer.de\/de\/referenzen\/koe-galerie-duesseldorf\/","og_site_name":"Hetzel+Sponheuer \u00b7 de","article_modified_time":"2020-08-04T09:44:48+00:00","og_image":[{"url":"https:\/\/hetzelsponheuer.de\/de\/wp-content\/uploads\/sites\/2\/2019\/09\/koe_4262.jpg"}],"twitter_card":"summary_large_image","schema":{"@context":"https:\/\/schema.org","@graph":[{"@type":"WebPage","@id":"https:\/\/hetzelsponheuer.de\/de\/referenzen\/koe-galerie-duesseldorf\/","url":"https:\/\/hetzelsponheuer.de\/de\/referenzen\/koe-galerie-duesseldorf\/","name":"Umbau Shopping Center \u00b7 K\u00f6 Gallerie D\u00fcsseldorf \u00b7 Hetzel+Sponheuer","isPartOf":{"@id":"https:\/\/hetzelsponheuer.de\/de\/#website"},"primaryImageOfPage":{"@id":"https:\/\/hetzelsponheuer.de\/de\/referenzen\/koe-galerie-duesseldorf\/#primaryimage"},"image":{"@id":"https:\/\/hetzelsponheuer.de\/de\/referenzen\/koe-galerie-duesseldorf\/#primaryimage"},"thumbnailUrl":"https:\/\/hetzelsponheuer.de\/de\/wp-content\/uploads\/sites\/2\/2019\/09\/koe_4262.jpg","datePublished":"2019-09-11T13:54:09+00:00","dateModified":"2020-08-04T09:44:48+00:00","description":"Umbau des Shopping Centers K\u00f6 Gallerie, Restrukturierung aller Shops, B\u00fcros und \u00f6ffentlichen Bereiche bei laufendem Centerbetrieb","breadcrumb":{"@id":"https:\/\/hetzelsponheuer.de\/de\/referenzen\/koe-galerie-duesseldorf\/#breadcrumb"},"inLanguage":"de","potentialAction":[{"@type":"ReadAction","target":["https:\/\/hetzelsponheuer.de\/de\/referenzen\/koe-galerie-duesseldorf\/"]}]},{"@type":"ImageObject","inLanguage":"de","@id":"https:\/\/hetzelsponheuer.de\/de\/referenzen\/koe-galerie-duesseldorf\/#primaryimage","url":"https:\/\/hetzelsponheuer.de\/de\/wp-content\/uploads\/sites\/2\/2019\/09\/koe_4262.jpg","contentUrl":"https:\/\/hetzelsponheuer.de\/de\/wp-content\/uploads\/sites\/2\/2019\/09\/koe_4262.jpg","width":373,"height":659},{"@type":"BreadcrumbList","@id":"https:\/\/hetzelsponheuer.de\/de\/referenzen\/koe-galerie-duesseldorf\/#breadcrumb","itemListElement":[{"@type":"ListItem","position":1,"name":"Startseite","item":"https:\/\/hetzelsponheuer.de\/de\/"},{"@type":"ListItem","position":2,"name":"Referenzen","item":"https:\/\/hetzelsponheuer.de\/de\/referenzen\/"},{"@type":"ListItem","position":3,"name":"K\u00f6 Galerie D\u00fcsseldorf"}]},{"@type":"WebSite","@id":"https:\/\/hetzelsponheuer.de\/de\/#website","url":"https:\/\/hetzelsponheuer.de\/de\/","name":"Hetzel+Sponheuer \u00b7 de","description":"L\u00f6sungen f\u00fcr Ihr Bauprojekt","publisher":{"@id":"https:\/\/hetzelsponheuer.de\/de\/#organization"},"inLanguage":"de"},{"@type":"Organization","@id":"https:\/\/hetzelsponheuer.de\/de\/#organization","name":"Hetzel+Sponheuer GmbH & Co. KG","url":"https:\/\/hetzelsponheuer.de\/de\/","logo":{"@type":"ImageObject","inLanguage":"de","@id":"https:\/\/hetzelsponheuer.de\/de\/#\/schema\/logo\/image\/","url":"https:\/\/hetzelsponheuer.de\/en\/wp-content\/uploads\/sites\/2\/2020\/02\/logo_hetzelsponheuer.png","contentUrl":"https:\/\/hetzelsponheuer.de\/en\/wp-content\/uploads\/sites\/2\/2020\/02\/logo_hetzelsponheuer.png","width":360,"height":24,"caption":"Hetzel+Sponheuer GmbH & Co. KG"},"image":{"@id":"https:\/\/hetzelsponheuer.de\/de\/#\/schema\/logo\/image\/"},"sameAs":["https:\/\/www.linkedin.com\/company\/hetzel-sponheuer-gmbh-&amp;-co.-kg"]}]}},"_links":{"self":[{"href":"https:\/\/hetzelsponheuer.de\/de\/wp-json\/wp\/v2\/pages\/3056"}],"collection":[{"href":"https:\/\/hetzelsponheuer.de\/de\/wp-json\/wp\/v2\/pages"}],"about":[{"href":"https:\/\/hetzelsponheuer.de\/de\/wp-json\/wp\/v2\/types\/page"}],"author":[{"embeddable":true,"href":"https:\/\/hetzelsponheuer.de\/de\/wp-json\/wp\/v2\/users\/1"}],"replies":[{"embeddable":true,"href":"https:\/\/hetzelsponheuer.de\/de\/wp-json\/wp\/v2\/comments?post=3056"}],"version-history":[{"count":3,"href":"https:\/\/hetzelsponheuer.de\/de\/wp-json\/wp\/v2\/pages\/3056\/revisions"}],"predecessor-version":[{"id":5574,"href":"https:\/\/hetzelsponheuer.de\/de\/wp-json\/wp\/v2\/pages\/3056\/revisions\/5574"}],"up":[{"embeddable":true,"href":"https:\/\/hetzelsponheuer.de\/de\/wp-json\/wp\/v2\/pages\/63"}],"wp:attachment":[{"href":"https:\/\/hetzelsponheuer.de\/de\/wp-json\/wp\/v2\/media?parent=3056"}],"curies":[{"name":"wp","href":"https:\/\/api.w.org\/{rel}","templated":true}]}}