{"id":3062,"date":"2019-09-11T16:04:08","date_gmt":"2019-09-11T14:04:08","guid":{"rendered":"http:\/\/hetzelsponheuer.de\/de\/?page_id=3062"},"modified":"2020-08-20T11:26:05","modified_gmt":"2020-08-20T09:26:05","slug":"kokerei-zollverein-essen","status":"publish","type":"page","link":"https:\/\/hetzelsponheuer.de\/de\/referenzen\/kokerei-zollverein-essen\/","title":{"rendered":"Kokerei Zollverein Essen"},"content":{"rendered":"<div class=\"banner row x-4 md-3-6-3 sm-0-12-0 wp-block-lazyblock-inner-block lazyblock-inner-block-1kSrP1\">\n<div class=\"col wp-block-lazyblock-inner-block lazyblock-inner-block-Z1da7Fw\">\n<div class=\"bg grey img wp-block-lazyblock-inner-block lazyblock-inner-block-xltxB\">\n\n<figure class=\"wp-block-image\"><img decoding=\"async\" loading=\"lazy\" width=\"373\" height=\"742\" src=\"https:\/\/hetzelsponheuer.de\/de\/wp-content\/uploads\/sites\/2\/2019\/09\/kokerei_0973_aus.jpg\" alt=\"Bauzustandsanalyse\" class=\"wp-image-3364\" srcset=\"https:\/\/hetzelsponheuer.de\/de\/wp-content\/uploads\/sites\/2\/2019\/09\/kokerei_0973_aus.jpg 373w, https:\/\/hetzelsponheuer.de\/de\/wp-content\/uploads\/sites\/2\/2019\/09\/kokerei_0973_aus-151x300.jpg 151w\" sizes=\"(max-width: 373px) 100vw, 373px\" \/><\/figure>\n\n<\/div>\n<\/div>\n\n<div class=\"col wp-block-lazyblock-inner-block lazyblock-inner-block-1gDVMO\">\n<div class=\"bg grey img wp-block-lazyblock-inner-block lazyblock-inner-block-25PnQc\">\n\n<figure class=\"wp-block-image\"><img decoding=\"async\" loading=\"lazy\" width=\"754\" height=\"539\" src=\"https:\/\/hetzelsponheuer.de\/de\/wp-content\/uploads\/sites\/2\/2019\/09\/kokerei_0002_aus.jpg\" alt=\"Bauzustand Analyse\" class=\"wp-image-3362\" srcset=\"https:\/\/hetzelsponheuer.de\/de\/wp-content\/uploads\/sites\/2\/2019\/09\/kokerei_0002_aus.jpg 754w, https:\/\/hetzelsponheuer.de\/de\/wp-content\/uploads\/sites\/2\/2019\/09\/kokerei_0002_aus-300x214.jpg 300w\" sizes=\"(max-width: 754px) 100vw, 754px\" \/><\/figure>\n\n<\/div>\n<\/div>\n\n<div class=\"col wp-block-lazyblock-inner-block lazyblock-inner-block-2lGT91\">\n<div class=\"bg grey img wp-block-lazyblock-inner-block lazyblock-inner-block-Z1n79J4\">\n\n<figure class=\"wp-block-image\"><img decoding=\"async\" loading=\"lazy\" width=\"373\" height=\"540\" src=\"https:\/\/hetzelsponheuer.de\/de\/wp-content\/uploads\/sites\/2\/2019\/09\/kokerei_0917.jpg\" alt=\"Analyse Bauzustand\" class=\"wp-image-3363\" srcset=\"https:\/\/hetzelsponheuer.de\/de\/wp-content\/uploads\/sites\/2\/2019\/09\/kokerei_0917.jpg 373w, https:\/\/hetzelsponheuer.de\/de\/wp-content\/uploads\/sites\/2\/2019\/09\/kokerei_0917-207x300.jpg 207w\" sizes=\"(max-width: 373px) 100vw, 373px\" \/><\/figure>\n\n<\/div>\n<\/div>\n<\/div>\n\n<div class=\"row x-24 md-3-9 sm-0-12 wp-block-lazyblock-inner-block lazyblock-inner-block-Z1YnPRv\">\n<div class=\"col wp-block-lazyblock-inner-block lazyblock-inner-block-1KyAnM\">\n<div class=\"wp-block-lazyblock-inner-block lazyblock-inner-block-ZQJXop\">\n\n<p>  <\/p>\n\n<\/div>\n<\/div>\n\n<div class=\"col wp-block-lazyblock-inner-block lazyblock-inner-block-1k7Wmw\">\n<div class=\"head wp-block-lazyblock-inner-block lazyblock-inner-block-Z1G5WWD\">\n\n<p class=\"topline\">Bauzustandsanalyse Schornsteine<\/p>\n\n\n\n<h2 class=\"h1 wp-block-heading\">Kokerei Zoll\u00adverein <span class=\"grey\">Essen<\/span><\/h2>\n\n<\/div>\n<\/div>\n<\/div>\n\n<div class=\"row x-24 md-3-6-3 sm-12-12-12 wp-block-lazyblock-inner-block lazyblock-inner-block-ZVfRHj\">\n<div class=\"col wp-block-lazyblock-inner-block lazyblock-inner-block-UKsF4\">\n<div class=\"wp-block-lazyblock-inner-block lazyblock-inner-block-Z1brndl\">\n\n<p class=\"md-right pl-24\"><\/p>\n\n<\/div>\n<\/div>\n\n<div class=\"col wp-block-lazyblock-inner-block lazyblock-inner-block-Z1rj4eR\">\n<div class=\"wp-block-lazyblock-inner-block lazyblock-inner-block-213Klg\">\n\n<p class=\"grey\"><strong>Zeche und auch ehemalige Kokerei Zollverein geh\u00f6ren seit 2001 zum UNESCO Weltkulturerbe. 1998 nahm die Stiftung Industriedenkmalpflege und Geschichtskultur die Kokerei in ihre Obhut. Die Stiftung k\u00fcmmert sich um Erhalt und denkmalgerechte Nutzung der Geb\u00e4ude und technischen Anlagen des Industriedenkmals.<\/strong><\/p>\n\n\n\n<div style=\"height:24px\" aria-hidden=\"true\" class=\"wp-block-spacer\"><\/div>\n\n\n\n<p>Die Kokerei wurde in den Jahren 1957 bis 1961 in Anbindung an die Zentral\u00adschacht\u00adanlage Zollverein XII errichtet. Die Gestaltung der Kokerei \u00fcbernahm der Industrie\u00adarchitekt Fritz Schupp. Am 12. September 1961 wurde der erste offizielle Ofen gedr\u00fcckt. Im Jahre 1961 verf\u00fcgte die Kokerei \u00fcber 192 Koks\u00ad\u00f6fen bei einer Kapazit\u00e4t von 5000 t Koks t\u00e4glich. 1973 wurde die Zahl der \u00d6fen von 192 auf 304 erweitert und die Leistung auf 8600 t Koks pro Tag erh\u00f6ht. Zwischen\u00adzeitlich waren bis zu 1000 Menschen besch\u00e4ftigt. (Quelle: www.zollverein.de\/info\/geschichte)<\/p>\n\n\n\n<h3 class=\"h4 wp-block-heading\">Herausforderung<\/h3>\n\n\n\n<p>Zur denkmal\u00adgesch\u00fctzten Gesamt\u00adanlage der Stiftung Zollverein geh\u00f6ren&nbsp;6 Mauer\u00adwerks\u00adschorn\u00adsteine&nbsp;der Kokerei , die nicht mehr in Betrieb sind. Der bauliche Zustand der Schorn\u00adsteine sollte analysiert und geeignete Sanierungs\u00adma\u00dfnahmen sollten formuliert werden.<\/p>\n\n\n\n<p>Die Schornsteine 2 bis 5 wurden Ende der 1950er Jahre gebaut. Sie haben eine H\u00f6he von 80,00 m. Die Schornsteine 1 und 6 aus den 1970er Jahren haben eine H\u00f6he von 98,00 m. Aufgrund des schlechten Zustandes der Schornsteine war eine Begehung \u00fcber die Steigeiseng\u00e4nge nicht m\u00f6glich. Parallel zu den Schornsteinen verlaufen Kohlebandanlagen und Verteilert\u00fcrme, die die Zug\u00e4nglichkeit erschweren.&nbsp;<\/p>\n\n\n\n<h3 class=\"h4 wp-block-heading\">L\u00f6sung&nbsp;<\/h3>\n\n\n\n<p>Zur \u00dcberpr\u00fcfung des baulichen Zustandes der Schorn\u00adsteine wurden an 3 Schorn\u00adsteinen jeweils 4 Bohrkerne, je Ebene, im Trocken\u00adbohr\u00adverfahren in 7 bis 10 Ebenen (von ca. + 0,30 m bis 98,00 m), in der jeweils vorhandenen Mauerwerks\u00addicke von 0,24 bis 0,90 m entnommen. Da die Begehung \u00fcber die Steigeisen\u00adg\u00e4nge nicht m\u00f6glich war mussten zwei schwere Mobilkrane (220t und 450t) eingesetzt werden. Die Ausf\u00fchrung der Probe\u00adbohrungen erfolgte dann mit Hilfe von Arbeits\u00adk\u00f6rben.<\/p>\n\n\n<div class=\"grid x24 md-col-6-6-row-1 wp-block-lazyblock-inner-block lazyblock-inner-block-xnzKP\">\n<div class=\"bg grey img wp-block-lazyblock-inner-block lazyblock-inner-block-1xuVmv\">\n\n<figure class=\"wp-block-image size-large\"><a class=\"gallery\" href=\"https:\/\/hetzelsponheuer.de\/de\/wp-content\/uploads\/sites\/2\/2019\/11\/kokerei_0078.jpg\" rel=\"gallery-1\"><img decoding=\"async\" loading=\"lazy\" width=\"600\" height=\"450\" src=\"https:\/\/hetzelsponheuer.de\/de\/wp-content\/uploads\/sites\/2\/2019\/11\/kokerei_0078.jpg\" alt=\"Bauzustandsanalyse\" class=\"wp-image-4635\" srcset=\"https:\/\/hetzelsponheuer.de\/de\/wp-content\/uploads\/sites\/2\/2019\/11\/kokerei_0078.jpg 600w, https:\/\/hetzelsponheuer.de\/de\/wp-content\/uploads\/sites\/2\/2019\/11\/kokerei_0078-400x300.jpg 400w\" sizes=\"(max-width: 600px) 100vw, 600px\" \/><\/a><\/figure>\n\n\n\n<p class=\"figcaption\">Probebohung<\/p>\n\n<\/div>\n\n<div class=\"bg grey img wp-block-lazyblock-inner-block lazyblock-inner-block-ZybTuY\">\n\n<figure class=\"wp-block-image size-large\"><a class=\"gallery\" href=\"https:\/\/hetzelsponheuer.de\/de\/wp-content\/uploads\/sites\/2\/2019\/11\/kokerei_0063.jpg\" rel=\"gallery-1\"><img decoding=\"async\" loading=\"lazy\" width=\"600\" height=\"450\" src=\"https:\/\/hetzelsponheuer.de\/de\/wp-content\/uploads\/sites\/2\/2019\/11\/kokerei_0063.jpg\" alt=\"Bauzustandsanalyse\" class=\"wp-image-4636\" srcset=\"https:\/\/hetzelsponheuer.de\/de\/wp-content\/uploads\/sites\/2\/2019\/11\/kokerei_0063.jpg 600w, https:\/\/hetzelsponheuer.de\/de\/wp-content\/uploads\/sites\/2\/2019\/11\/kokerei_0063-400x300.jpg 400w\" sizes=\"(max-width: 600px) 100vw, 600px\" \/><\/a><\/figure>\n\n\n\n<p class=\"figcaption\">Bohrkerne<\/p>\n\n<\/div>\n<\/div>\n\n\n<p>Die Materialproben wurden von einem Sachverst\u00e4ndigen gepr\u00fcft, fotografisch dokumentiert und labortechnisch untersucht.&nbsp;<\/p>\n\n\n\n<p><strong>Weitere Leistungen im Rahmen der Bestandanalyse waren:<\/strong><\/p>\n\n\n\n<ul><li>Kontrolle der Mauerwerksbandagen aus Stahl&nbsp;<\/li><li>Kontrolle der Lichtinstallationen<\/li><li>Kontrolle der M\u00fcndungsabdeckungen<\/li><li>Innenbefahrung eines Schornsteins<\/li><li>Entfernen von lockerem Fugen- und Steinmaterial&nbsp;<\/li><\/ul>\n\n\n\n<p>Die gewonnenen Erkenntnisse werden nun ausgewertet und sind Grundlage f\u00fcr ein Sanierungskonzept.<\/p>\n\n\n\n<div style=\"height:32px\" aria-hidden=\"true\" class=\"wp-block-spacer\"><\/div>\n\n<\/div>\n<\/div>\n\n<div class=\"col wp-block-lazyblock-inner-block lazyblock-inner-block-Z2wrBd9\">\n<div class=\"wp-block-lazyblock-inner-block lazyblock-inner-block-ZiJPc3\">\n<div class=\"menu-main-menu-container\"><ul id=\"menu-main-menu\" class=\"grey\"><li id=\"menu-item-2901\" class=\"menu-item \"><a href=\"https:\/\/hetzelsponheuer.de\/de\/referenzen\/projektseiten\/\">Projektseiten<\/a><\/li>\n<li id=\"menu-item-2769\" class=\"menu-item \"><a href=\"https:\/\/hetzelsponheuer.de\/de\/referenzen\/projektliste\/\">Projektliste<\/a><\/li>\n<\/ul><\/div>\n\n\n\n<h4 class=\"wp-block-heading\">Ihr Ansprechpartner<\/h4>\n\n\n\n<ul class=\"link ajx grey\"><li><a data-post-type=\"mitarbeiter\" data-display=\"fancybox\" href=\"https:\/\/hetzelsponheuer.de\/de\/mitarbeiter\/dirk-aschenbeck\">Dirk Aschenbeck<\/a><\/li><\/ul>\n\n\n\n<h4 class=\"wp-block-heading\">L\u00f6sungen<\/h4>\n\n\n\n<ul class=\"fade-link grey\"><li><a href=\"https:\/\/hetzelsponheuer.de\/de\/loesungen\/#bauwerterhaltung-denkmalschutz\">Bauwerterhaltung und Denkmalschutz<\/a><\/li><\/ul>\n\n\n\n<h4 class=\"wp-block-heading\">Leistungen<\/h4>\n\n\n\n<ul class=\"fade-link grey\"><li><a href=\"https:\/\/hetzelsponheuer.de\/de\/leistungen\/#bewertung-beratung\">Bewertung und Beratung<\/a><\/li><li><a href=\"https:\/\/hetzelsponheuer.de\/de\/leistungen\/#organisation-baubegleitung\">Organisation und Baubegleitung<\/a><\/li><\/ul>\n\n\n\n<ul><li>Bestandsanalyse<\/li><li>Materialanalyse<\/li><li>Gutachten<\/li><li>Sanierungskonzeption<\/li><\/ul>\n\n\n\n<ul><li>Bauorganisation<\/li><li>Durchf\u00fchrungsplanung<\/li><li>Baubegleitung<\/li><\/ul>\n\n\n\n<h4 class=\"wp-block-heading\">Fotos<\/h4>\n\n\n\n<ul><li>Astrid Theisen<\/li><\/ul>\n\n<\/div>\n<\/div>\n<\/div>\n\n<div class=\"row x-24 md-3-9 sm-0-12 wp-block-lazyblock-inner-block lazyblock-inner-block-1DfzxM\">\n<div class=\"col wp-block-lazyblock-inner-block lazyblock-inner-block-2f9CCq\">\n<div class=\"wp-block-lazyblock-inner-block lazyblock-inner-block-Z1s8cnn\">\n\n<p>  <\/p>\n\n<\/div>\n<\/div>\n\n<div class=\"col wp-block-lazyblock-inner-block lazyblock-inner-block-1w9W4s\">\n<div class=\"wp-block-lazyblock-inner-block lazyblock-inner-block-1YtzFn\">\n\n<p class=\"logo sponheuer\">   <\/p>\n\n<\/div>\n\n\n<div style=\"height:56px\" aria-hidden=\"true\" class=\"wp-block-spacer\"><\/div>\n\n<\/div>\n<\/div>","protected":false},"excerpt":{"rendered":"","protected":false},"author":1,"featured_media":0,"parent":63,"menu_order":9,"comment_status":"closed","ping_status":"closed","template":"page-usecase.php","meta":{"footnotes":""},"yoast_head":"<!-- This site is optimized with the Yoast SEO plugin v22.6 - https:\/\/yoast.com\/wordpress\/plugins\/seo\/ -->\n<title>Bauzustandsanalyse \u00b7 Kokerei Zollverein Essen \u00b7 Hetzel+Sponheuer<\/title>\n<meta name=\"description\" content=\"Bauzustandsanalyse der Schornsteine der denkmalgesch\u00fctzten Gesamtanlage der Kokerei Zollverein durch Laboruntersuchung entnommener Bohrkerne des Mauerwerks\" \/>\n<meta name=\"robots\" content=\"index, follow, max-snippet:-1, max-image-preview:large, max-video-preview:-1\" \/>\n<link rel=\"canonical\" href=\"https:\/\/hetzelsponheuer.de\/de\/referenzen\/kokerei-zollverein-essen\/\" \/>\n<meta property=\"og:locale\" content=\"de_DE\" \/>\n<meta property=\"og:type\" content=\"article\" \/>\n<meta property=\"og:title\" content=\"Bauzustandsanalyse \u00b7 Kokerei Zollverein Essen \u00b7 Hetzel+Sponheuer\" \/>\n<meta property=\"og:description\" content=\"Bauzustandsanalyse der Schornsteine der denkmalgesch\u00fctzten Gesamtanlage der Kokerei Zollverein durch Laboruntersuchung entnommener Bohrkerne des Mauerwerks\" \/>\n<meta property=\"og:url\" content=\"https:\/\/hetzelsponheuer.de\/de\/referenzen\/kokerei-zollverein-essen\/\" \/>\n<meta property=\"og:site_name\" content=\"Hetzel+Sponheuer \u00b7 de\" \/>\n<meta property=\"article:modified_time\" content=\"2020-08-20T09:26:05+00:00\" \/>\n<meta property=\"og:image\" content=\"https:\/\/hetzelsponheuer.de\/de\/wp-content\/uploads\/sites\/2\/2019\/09\/kokerei_0973_aus.jpg\" \/>\n<meta name=\"twitter:card\" content=\"summary_large_image\" \/>\n<script type=\"application\/ld+json\" class=\"yoast-schema-graph\">{\"@context\":\"https:\/\/schema.org\",\"@graph\":[{\"@type\":\"WebPage\",\"@id\":\"https:\/\/hetzelsponheuer.de\/de\/referenzen\/kokerei-zollverein-essen\/\",\"url\":\"https:\/\/hetzelsponheuer.de\/de\/referenzen\/kokerei-zollverein-essen\/\",\"name\":\"Bauzustandsanalyse \u00b7 Kokerei Zollverein Essen \u00b7 Hetzel+Sponheuer\",\"isPartOf\":{\"@id\":\"https:\/\/hetzelsponheuer.de\/de\/#website\"},\"primaryImageOfPage\":{\"@id\":\"https:\/\/hetzelsponheuer.de\/de\/referenzen\/kokerei-zollverein-essen\/#primaryimage\"},\"image\":{\"@id\":\"https:\/\/hetzelsponheuer.de\/de\/referenzen\/kokerei-zollverein-essen\/#primaryimage\"},\"thumbnailUrl\":\"https:\/\/hetzelsponheuer.de\/de\/wp-content\/uploads\/sites\/2\/2019\/09\/kokerei_0973_aus.jpg\",\"datePublished\":\"2019-09-11T14:04:08+00:00\",\"dateModified\":\"2020-08-20T09:26:05+00:00\",\"description\":\"Bauzustandsanalyse der Schornsteine der denkmalgesch\u00fctzten Gesamtanlage der Kokerei Zollverein durch Laboruntersuchung entnommener Bohrkerne des Mauerwerks\",\"breadcrumb\":{\"@id\":\"https:\/\/hetzelsponheuer.de\/de\/referenzen\/kokerei-zollverein-essen\/#breadcrumb\"},\"inLanguage\":\"de\",\"potentialAction\":[{\"@type\":\"ReadAction\",\"target\":[\"https:\/\/hetzelsponheuer.de\/de\/referenzen\/kokerei-zollverein-essen\/\"]}]},{\"@type\":\"ImageObject\",\"inLanguage\":\"de\",\"@id\":\"https:\/\/hetzelsponheuer.de\/de\/referenzen\/kokerei-zollverein-essen\/#primaryimage\",\"url\":\"https:\/\/hetzelsponheuer.de\/de\/wp-content\/uploads\/sites\/2\/2019\/09\/kokerei_0973_aus.jpg\",\"contentUrl\":\"https:\/\/hetzelsponheuer.de\/de\/wp-content\/uploads\/sites\/2\/2019\/09\/kokerei_0973_aus.jpg\",\"width\":373,\"height\":742},{\"@type\":\"BreadcrumbList\",\"@id\":\"https:\/\/hetzelsponheuer.de\/de\/referenzen\/kokerei-zollverein-essen\/#breadcrumb\",\"itemListElement\":[{\"@type\":\"ListItem\",\"position\":1,\"name\":\"Startseite\",\"item\":\"https:\/\/hetzelsponheuer.de\/de\/\"},{\"@type\":\"ListItem\",\"position\":2,\"name\":\"Referenzen\",\"item\":\"https:\/\/hetzelsponheuer.de\/de\/referenzen\/\"},{\"@type\":\"ListItem\",\"position\":3,\"name\":\"Kokerei Zollverein Essen\"}]},{\"@type\":\"WebSite\",\"@id\":\"https:\/\/hetzelsponheuer.de\/de\/#website\",\"url\":\"https:\/\/hetzelsponheuer.de\/de\/\",\"name\":\"Hetzel+Sponheuer \u00b7 de\",\"description\":\"L\u00f6sungen f\u00fcr Ihr Bauprojekt\",\"publisher\":{\"@id\":\"https:\/\/hetzelsponheuer.de\/de\/#organization\"},\"inLanguage\":\"de\"},{\"@type\":\"Organization\",\"@id\":\"https:\/\/hetzelsponheuer.de\/de\/#organization\",\"name\":\"Hetzel+Sponheuer GmbH & Co. KG\",\"url\":\"https:\/\/hetzelsponheuer.de\/de\/\",\"logo\":{\"@type\":\"ImageObject\",\"inLanguage\":\"de\",\"@id\":\"https:\/\/hetzelsponheuer.de\/de\/#\/schema\/logo\/image\/\",\"url\":\"https:\/\/hetzelsponheuer.de\/en\/wp-content\/uploads\/sites\/2\/2020\/02\/logo_hetzelsponheuer.png\",\"contentUrl\":\"https:\/\/hetzelsponheuer.de\/en\/wp-content\/uploads\/sites\/2\/2020\/02\/logo_hetzelsponheuer.png\",\"width\":360,\"height\":24,\"caption\":\"Hetzel+Sponheuer GmbH & Co. KG\"},\"image\":{\"@id\":\"https:\/\/hetzelsponheuer.de\/de\/#\/schema\/logo\/image\/\"},\"sameAs\":[\"https:\/\/www.linkedin.com\/company\/hetzel-sponheuer-gmbh-&amp;-co.-kg\"]}]}<\/script>\n<!-- \/ Yoast SEO plugin. -->","yoast_head_json":{"title":"Bauzustandsanalyse \u00b7 Kokerei Zollverein Essen \u00b7 Hetzel+Sponheuer","description":"Bauzustandsanalyse der Schornsteine der denkmalgesch\u00fctzten Gesamtanlage der Kokerei Zollverein durch Laboruntersuchung entnommener Bohrkerne des Mauerwerks","robots":{"index":"index","follow":"follow","max-snippet":"max-snippet:-1","max-image-preview":"max-image-preview:large","max-video-preview":"max-video-preview:-1"},"canonical":"https:\/\/hetzelsponheuer.de\/de\/referenzen\/kokerei-zollverein-essen\/","og_locale":"de_DE","og_type":"article","og_title":"Bauzustandsanalyse \u00b7 Kokerei Zollverein Essen \u00b7 Hetzel+Sponheuer","og_description":"Bauzustandsanalyse der Schornsteine der denkmalgesch\u00fctzten Gesamtanlage der Kokerei Zollverein durch Laboruntersuchung entnommener Bohrkerne des Mauerwerks","og_url":"https:\/\/hetzelsponheuer.de\/de\/referenzen\/kokerei-zollverein-essen\/","og_site_name":"Hetzel+Sponheuer \u00b7 de","article_modified_time":"2020-08-20T09:26:05+00:00","og_image":[{"url":"https:\/\/hetzelsponheuer.de\/de\/wp-content\/uploads\/sites\/2\/2019\/09\/kokerei_0973_aus.jpg"}],"twitter_card":"summary_large_image","schema":{"@context":"https:\/\/schema.org","@graph":[{"@type":"WebPage","@id":"https:\/\/hetzelsponheuer.de\/de\/referenzen\/kokerei-zollverein-essen\/","url":"https:\/\/hetzelsponheuer.de\/de\/referenzen\/kokerei-zollverein-essen\/","name":"Bauzustandsanalyse \u00b7 Kokerei Zollverein Essen \u00b7 Hetzel+Sponheuer","isPartOf":{"@id":"https:\/\/hetzelsponheuer.de\/de\/#website"},"primaryImageOfPage":{"@id":"https:\/\/hetzelsponheuer.de\/de\/referenzen\/kokerei-zollverein-essen\/#primaryimage"},"image":{"@id":"https:\/\/hetzelsponheuer.de\/de\/referenzen\/kokerei-zollverein-essen\/#primaryimage"},"thumbnailUrl":"https:\/\/hetzelsponheuer.de\/de\/wp-content\/uploads\/sites\/2\/2019\/09\/kokerei_0973_aus.jpg","datePublished":"2019-09-11T14:04:08+00:00","dateModified":"2020-08-20T09:26:05+00:00","description":"Bauzustandsanalyse der Schornsteine der denkmalgesch\u00fctzten Gesamtanlage der Kokerei Zollverein durch Laboruntersuchung entnommener Bohrkerne des Mauerwerks","breadcrumb":{"@id":"https:\/\/hetzelsponheuer.de\/de\/referenzen\/kokerei-zollverein-essen\/#breadcrumb"},"inLanguage":"de","potentialAction":[{"@type":"ReadAction","target":["https:\/\/hetzelsponheuer.de\/de\/referenzen\/kokerei-zollverein-essen\/"]}]},{"@type":"ImageObject","inLanguage":"de","@id":"https:\/\/hetzelsponheuer.de\/de\/referenzen\/kokerei-zollverein-essen\/#primaryimage","url":"https:\/\/hetzelsponheuer.de\/de\/wp-content\/uploads\/sites\/2\/2019\/09\/kokerei_0973_aus.jpg","contentUrl":"https:\/\/hetzelsponheuer.de\/de\/wp-content\/uploads\/sites\/2\/2019\/09\/kokerei_0973_aus.jpg","width":373,"height":742},{"@type":"BreadcrumbList","@id":"https:\/\/hetzelsponheuer.de\/de\/referenzen\/kokerei-zollverein-essen\/#breadcrumb","itemListElement":[{"@type":"ListItem","position":1,"name":"Startseite","item":"https:\/\/hetzelsponheuer.de\/de\/"},{"@type":"ListItem","position":2,"name":"Referenzen","item":"https:\/\/hetzelsponheuer.de\/de\/referenzen\/"},{"@type":"ListItem","position":3,"name":"Kokerei Zollverein Essen"}]},{"@type":"WebSite","@id":"https:\/\/hetzelsponheuer.de\/de\/#website","url":"https:\/\/hetzelsponheuer.de\/de\/","name":"Hetzel+Sponheuer \u00b7 de","description":"L\u00f6sungen f\u00fcr Ihr Bauprojekt","publisher":{"@id":"https:\/\/hetzelsponheuer.de\/de\/#organization"},"inLanguage":"de"},{"@type":"Organization","@id":"https:\/\/hetzelsponheuer.de\/de\/#organization","name":"Hetzel+Sponheuer GmbH & Co. KG","url":"https:\/\/hetzelsponheuer.de\/de\/","logo":{"@type":"ImageObject","inLanguage":"de","@id":"https:\/\/hetzelsponheuer.de\/de\/#\/schema\/logo\/image\/","url":"https:\/\/hetzelsponheuer.de\/en\/wp-content\/uploads\/sites\/2\/2020\/02\/logo_hetzelsponheuer.png","contentUrl":"https:\/\/hetzelsponheuer.de\/en\/wp-content\/uploads\/sites\/2\/2020\/02\/logo_hetzelsponheuer.png","width":360,"height":24,"caption":"Hetzel+Sponheuer GmbH & Co. KG"},"image":{"@id":"https:\/\/hetzelsponheuer.de\/de\/#\/schema\/logo\/image\/"},"sameAs":["https:\/\/www.linkedin.com\/company\/hetzel-sponheuer-gmbh-&amp;-co.-kg"]}]}},"_links":{"self":[{"href":"https:\/\/hetzelsponheuer.de\/de\/wp-json\/wp\/v2\/pages\/3062"}],"collection":[{"href":"https:\/\/hetzelsponheuer.de\/de\/wp-json\/wp\/v2\/pages"}],"about":[{"href":"https:\/\/hetzelsponheuer.de\/de\/wp-json\/wp\/v2\/types\/page"}],"author":[{"embeddable":true,"href":"https:\/\/hetzelsponheuer.de\/de\/wp-json\/wp\/v2\/users\/1"}],"replies":[{"embeddable":true,"href":"https:\/\/hetzelsponheuer.de\/de\/wp-json\/wp\/v2\/comments?post=3062"}],"version-history":[{"count":3,"href":"https:\/\/hetzelsponheuer.de\/de\/wp-json\/wp\/v2\/pages\/3062\/revisions"}],"predecessor-version":[{"id":5586,"href":"https:\/\/hetzelsponheuer.de\/de\/wp-json\/wp\/v2\/pages\/3062\/revisions\/5586"}],"up":[{"embeddable":true,"href":"https:\/\/hetzelsponheuer.de\/de\/wp-json\/wp\/v2\/pages\/63"}],"wp:attachment":[{"href":"https:\/\/hetzelsponheuer.de\/de\/wp-json\/wp\/v2\/media?parent=3062"}],"curies":[{"name":"wp","href":"https:\/\/api.w.org\/{rel}","templated":true}]}}