{"id":3066,"date":"2019-09-11T16:08:50","date_gmt":"2019-09-11T14:08:50","guid":{"rendered":"http:\/\/hetzelsponheuer.de\/de\/?page_id=3066"},"modified":"2020-10-13T13:01:21","modified_gmt":"2020-10-13T11:01:21","slug":"koeln-arcaden-kalk","status":"publish","type":"page","link":"https:\/\/hetzelsponheuer.de\/de\/referenzen\/koeln-arcaden-kalk\/","title":{"rendered":"K\u00f6ln Arcaden Kalk"},"content":{"rendered":"<div class=\"banner row x-4 md-3-6-3 sm-0-12-0 wp-block-lazyblock-inner-block lazyblock-inner-block-1kSrP1\">\n<div class=\"col wp-block-lazyblock-inner-block lazyblock-inner-block-Z1da7Fw\">\n<div class=\"bg grey img wp-block-lazyblock-inner-block lazyblock-inner-block-xltxB\">\n\n<figure class=\"wp-block-image\"><img decoding=\"async\" loading=\"lazy\" width=\"373\" height=\"808\" src=\"https:\/\/hetzelsponheuer.de\/de\/wp-content\/uploads\/sites\/2\/2019\/09\/koeln-kalk-046-0.jpg\" alt=\"\" class=\"wp-image-3374\" srcset=\"https:\/\/hetzelsponheuer.de\/de\/wp-content\/uploads\/sites\/2\/2019\/09\/koeln-kalk-046-0.jpg 373w, https:\/\/hetzelsponheuer.de\/de\/wp-content\/uploads\/sites\/2\/2019\/09\/koeln-kalk-046-0-138x300.jpg 138w\" sizes=\"(max-width: 373px) 100vw, 373px\" \/><\/figure>\n\n<\/div>\n<\/div>\n\n<div class=\"col wp-block-lazyblock-inner-block lazyblock-inner-block-1gDVMO\">\n<div class=\"bg grey img wp-block-lazyblock-inner-block lazyblock-inner-block-25PnQc\">\n\n<figure class=\"wp-block-image\"><img decoding=\"async\" loading=\"lazy\" width=\"745\" height=\"731\" src=\"https:\/\/hetzelsponheuer.de\/de\/wp-content\/uploads\/sites\/2\/2019\/09\/koeln-kalk-046-left.jpg\" alt=\"\" class=\"wp-image-3376\" srcset=\"https:\/\/hetzelsponheuer.de\/de\/wp-content\/uploads\/sites\/2\/2019\/09\/koeln-kalk-046-left.jpg 745w, https:\/\/hetzelsponheuer.de\/de\/wp-content\/uploads\/sites\/2\/2019\/09\/koeln-kalk-046-left-300x294.jpg 300w\" sizes=\"(max-width: 745px) 100vw, 745px\" \/><\/figure>\n\n<\/div>\n<\/div>\n\n<div class=\"col wp-block-lazyblock-inner-block lazyblock-inner-block-2lGT91\">\n<div class=\"bg grey img wp-block-lazyblock-inner-block lazyblock-inner-block-Z1n79J4\">\n\n<figure class=\"wp-block-image\"><img decoding=\"async\" loading=\"lazy\" width=\"373\" height=\"727\" src=\"https:\/\/hetzelsponheuer.de\/de\/wp-content\/uploads\/sites\/2\/2019\/09\/koeln-kalk-046-right.jpg\" alt=\"\" class=\"wp-image-3378\" srcset=\"https:\/\/hetzelsponheuer.de\/de\/wp-content\/uploads\/sites\/2\/2019\/09\/koeln-kalk-046-right.jpg 373w, https:\/\/hetzelsponheuer.de\/de\/wp-content\/uploads\/sites\/2\/2019\/09\/koeln-kalk-046-right-154x300.jpg 154w\" sizes=\"(max-width: 373px) 100vw, 373px\" \/><\/figure>\n\n<\/div>\n<\/div>\n<\/div>\n\n<div class=\"row x-24 md-3-9 sm-0-12 wp-block-lazyblock-inner-block lazyblock-inner-block-Z1YnPRv\">\n<div class=\"col wp-block-lazyblock-inner-block lazyblock-inner-block-1KyAnM\">\n<div class=\"wp-block-lazyblock-inner-block lazyblock-inner-block-ZQJXop\">\n\n<p>  <\/p>\n\n<\/div>\n<\/div>\n\n<div class=\"col wp-block-lazyblock-inner-block lazyblock-inner-block-1k7Wmw\">\n<div class=\"head wp-block-lazyblock-inner-block lazyblock-inner-block-Z1G5WWD\">\n\n<p class=\"topline\">Sanierung im laufenden Betrieb<\/p>\n\n\n\n<h2 class=\"h1 wp-block-heading\">K\u00f6ln Arcaden <span class=\"grey\">K\u00f6ln-Kalk<\/span><\/h2>\n\n<\/div>\n<\/div>\n<\/div>\n\n<div class=\"row x-24 md-3-6-3 sm-0-12-0 wp-block-lazyblock-inner-block lazyblock-inner-block-ZVfRHj\">\n<div class=\"col wp-block-lazyblock-inner-block lazyblock-inner-block-UKsF4\">\n<div class=\"wp-block-lazyblock-inner-block lazyblock-inner-block-Z1brndl\">\n\n<p class=\"md-right pl-24\"><\/p>\n\n<\/div>\n<\/div>\n\n<div class=\"col wp-block-lazyblock-inner-block lazyblock-inner-block-Z1rj4eR\">\n<div class=\"wp-block-lazyblock-inner-block lazyblock-inner-block-213Klg\">\n\n<p class=\"grey\"><strong>Rund 130 Gesch\u00e4fte versammeln sich in den K\u00f6ln-Arcaden. Neben bekannten Modemarken wie H&amp;M, Esprit und Orsay bietet das Center einen Fachmarkt f\u00fcr Unterhaltungselektronik, einen gro\u00dfen Stoffmarkt und ein breit gef\u00e4chertes Gastronomieangebot.&nbsp;Die Shopping-Mall bietet 1.800 Parkpl\u00e4tze und ist gut mit \u00f6ffentlichen Verkehrsmitteln zu erreichen.<\/strong><\/p>\n\n\n\n<div style=\"height:24px\" aria-hidden=\"true\" class=\"wp-block-spacer\"><\/div>\n\n\n\n<p>Die K\u00f6ln Arcaden, ein im Jahr 2005 er\u00f6ffnetes dreigeschossiges Einkaufscenter mit einer Gesamtfl\u00e4che von 45.000 m\u00b2 und einem dazugeh\u00f6rigen Parkhaus, bekam ein neues Gesicht. Anlass war die Reduzierung der Verkaufsfl\u00e4che eines bestehenden Supermarktes.<\/p>\n\n\n\n<p>Das Gesamtauftragsvolumen belief sich auf ca. 3,80 Millionen Euro.<\/p>\n\n\n\n<h3 class=\"h4 wp-block-heading\">Herausforderung<\/h3>\n\n\n\n<p>Eine kurze Projektvorbereitungszeit von ca. 1 Woche nach Auftragerteilung, eine sehr kurze Bauphase und eine Vielzahl von Einzelgewerken mit anspruchsvollen Details verlangten nach exakter Projektanalyse, konzentrierter Bauplanung, koordinierter Organisation und erfahrener Baubegleitung.&nbsp;<\/p>\n\n\n\n<h3 class=\"h4 wp-block-heading\">L\u00f6sung<\/h3>\n\n\n\n<p>Bauen funktioniert nur im koordinierten Zusammenwirken Vieler. Wir setzen bei der Planung und Analyse von Bauvorhaben unsere erfahrenen Mitarbeiter und auf eine offene Kommunikation mit Zulieferern, Handwerkern und anderen einflussnehmenden Beteiligten w\u00e4hrend der gesamten Bauphase.&nbsp;<br>Nur so lassen sich die Bauabl\u00e4ufe flexibel an sich ver\u00e4ndernde Gegebenheiten anpassen und enge Terminvorgaben einhalten.&nbsp;<\/p>\n\n\n\n<p>Das Projekt K\u00f6ln Arcaden ist eines von vielen Beispielen, das durch Komplexit\u00e4t und engem Termin besondere Anforderungen an ein Bauteam stellt. Dennoch ist es ein au\u00dfergew\u00f6hnliches Beispiel f\u00fcr funktionierende Planung und Kommunikation. Bei &#8220;erh\u00f6htem Risiko&#8221; wurden in Absprache mit den Beteiligten alternative Konzepte entwickelt.&nbsp;<\/p>\n\n\n<div class=\"grid x24 md-col-6-6-row-1 wp-block-lazyblock-inner-block lazyblock-inner-block-n5l9B\">\n<div class=\"bg grey img wp-block-lazyblock-inner-block lazyblock-inner-block-Z28EGAp\">\n\n<figure class=\"wp-block-image size-large\"><a class=\"gallery\" href=\"https:\/\/hetzelsponheuer.de\/de\/wp-content\/uploads\/sites\/2\/2019\/11\/koeln-kalk-006.jpg\" rel=\"gallery-1\"><img decoding=\"async\" loading=\"lazy\" width=\"600\" height=\"400\" src=\"https:\/\/hetzelsponheuer.de\/de\/wp-content\/uploads\/sites\/2\/2019\/11\/koeln-kalk-006.jpg\" alt=\"\" class=\"wp-image-4638\" srcset=\"https:\/\/hetzelsponheuer.de\/de\/wp-content\/uploads\/sites\/2\/2019\/11\/koeln-kalk-006.jpg 600w, https:\/\/hetzelsponheuer.de\/de\/wp-content\/uploads\/sites\/2\/2019\/11\/koeln-kalk-006-400x267.jpg 400w\" sizes=\"(max-width: 600px) 100vw, 600px\" \/><\/a><\/figure>\n\n\n\n<p class=\"figcaption\">Verkaufsfl\u00e4che<\/p>\n\n<\/div>\n\n<div class=\"bg grey img wp-block-lazyblock-inner-block lazyblock-inner-block-Zxn06x\">\n\n<figure class=\"wp-block-image size-large\"><a class=\"gallery\" href=\"https:\/\/hetzelsponheuer.de\/de\/wp-content\/uploads\/sites\/2\/2019\/11\/koeln-kalk-015.jpg\" rel=\"gallery-1\"><img decoding=\"async\" loading=\"lazy\" width=\"600\" height=\"400\" src=\"https:\/\/hetzelsponheuer.de\/de\/wp-content\/uploads\/sites\/2\/2019\/11\/koeln-kalk-015.jpg\" alt=\"\" class=\"wp-image-4639\" srcset=\"https:\/\/hetzelsponheuer.de\/de\/wp-content\/uploads\/sites\/2\/2019\/11\/koeln-kalk-015.jpg 600w, https:\/\/hetzelsponheuer.de\/de\/wp-content\/uploads\/sites\/2\/2019\/11\/koeln-kalk-015-400x267.jpg 400w\" sizes=\"(max-width: 600px) 100vw, 600px\" \/><\/a><\/figure>\n\n\n\n<p class=\"figcaption\">Rolltreppe<\/p>\n\n<\/div>\n\n<div class=\"bg grey img wp-block-lazyblock-inner-block lazyblock-inner-block-Z1kyPEc\">\n\n<figure class=\"wp-block-image size-large\"><a class=\"gallery\" href=\"https:\/\/hetzelsponheuer.de\/de\/wp-content\/uploads\/sites\/2\/2019\/11\/koeln-kalk-016.jpg\" rel=\"gallery-1\"><img decoding=\"async\" loading=\"lazy\" width=\"600\" height=\"400\" src=\"https:\/\/hetzelsponheuer.de\/de\/wp-content\/uploads\/sites\/2\/2019\/11\/koeln-kalk-016.jpg\" alt=\"\" class=\"wp-image-4640\" srcset=\"https:\/\/hetzelsponheuer.de\/de\/wp-content\/uploads\/sites\/2\/2019\/11\/koeln-kalk-016.jpg 600w, https:\/\/hetzelsponheuer.de\/de\/wp-content\/uploads\/sites\/2\/2019\/11\/koeln-kalk-016-400x267.jpg 400w\" sizes=\"(max-width: 600px) 100vw, 600px\" \/><\/a><\/figure>\n\n\n\n<p class=\"figcaption\">&#8220;Open Space&#8221; B\u00f6gen<\/p>\n\n<\/div>\n\n<div class=\"bg grey img wp-block-lazyblock-inner-block lazyblock-inner-block-1r8zEC\">\n\n<figure class=\"wp-block-image size-large\"><a class=\"gallery\" href=\"https:\/\/hetzelsponheuer.de\/de\/wp-content\/uploads\/sites\/2\/2019\/11\/koeln-kalk-027.jpg\" rel=\"gallery-1\"><img decoding=\"async\" loading=\"lazy\" width=\"600\" height=\"400\" src=\"https:\/\/hetzelsponheuer.de\/de\/wp-content\/uploads\/sites\/2\/2019\/11\/koeln-kalk-027.jpg\" alt=\"\" class=\"wp-image-4641\" srcset=\"https:\/\/hetzelsponheuer.de\/de\/wp-content\/uploads\/sites\/2\/2019\/11\/koeln-kalk-027.jpg 600w, https:\/\/hetzelsponheuer.de\/de\/wp-content\/uploads\/sites\/2\/2019\/11\/koeln-kalk-027-400x267.jpg 400w\" sizes=\"(max-width: 600px) 100vw, 600px\" \/><\/a><\/figure>\n\n\n\n<p class=\"figcaption\">Markt<\/p>\n\n<\/div>\n<\/div>\n\n\n<p>Spezielle Bauabl\u00e4ufe, wie z.B. der&nbsp;<strong>Bodenaufbau<\/strong>&nbsp;wurden in der Ausf\u00fchrungsplanung als ablaufbestimmend erkl\u00e4rt und als solche kommuniziert. Vom Abbruch des Estrichs und des Oberfl\u00e4chen-Schutzsystems in mehreren Fr\u00e4sg\u00e4ngen, \u00fcber notwendige Abbruch- und Betonierarbeiten an der Bodenplatte und das Neueinbinden des Estrichs, einschlie\u00dflich dem Kugelstrahlen der Fl\u00e4chen und dem Aufbringen eines neuen OS11-Systems, w\u00fcrden diese Arbeiten am ersten Bautag anlaufen m\u00fcssen, um kurz vor der Er\u00f6ffnung der neuen Mall abgeschlossen zu sein. Verz\u00f6gerungen an dieser Stelle w\u00fcrden Auswirkungen auf die gesamte Bauablaufplanung haben.<\/p>\n\n\n\n<p>Um Bel\u00e4stigungen w\u00e4hrend des laufenden Centerbetriebes zu minimieren, w\u00fcrden alle l\u00e4rmintensiven Arbeiten nachts oder am Wochenende durchgef\u00fchrt werden m\u00fcssen, au\u00dferhalb der Center \u00d6ffnungszeiten.&nbsp;<\/p>\n\n\n\n<p>Die klar formulierte und transparente Ausf\u00fchrungsplanung verringerte m\u00f6gliche Reibungspunkte mit Handwerkern und Zulieferern und ist in jeder Bauphase die Grundlage f\u00fcr ein funktionierendes Zeitmanagement.<\/p>\n\n\n\n<p>Am 15.07.2013 wurde mit den Abbrucharbeiten begonnen, am 14.11.2013 wurden die neu erstellte Mall, der Supermarkt und 13 weitere Gewerbefl\u00e4chen er\u00f6ffnet.&nbsp;<\/p>\n\n\n\n<div style=\"height:24px\" aria-hidden=\"true\" class=\"wp-block-spacer\"><\/div>\n\n\n\n<h4 class=\"wp-block-heading\">Folgende Arbeiten wurden ausgef\u00fchrt, koordiniert und begleitet:<\/h4>\n\n\n\n<ul class=\"border\"><li><strong>Abbrucharbeiten<\/strong>&nbsp;einschlie\u00dflich dem Entfernen des vorhandenen Oberfl\u00e4chen-Schutzsystems, Abbruch der vorhandenen Bodenplatte&nbsp;<br>( als wei\u00dfe Wanne ausgef\u00fchrt )<\/li><li>Einbau einer neuen&nbsp;<strong>Bewehrung<\/strong>&nbsp;und anschlie\u00dfendes Wiederherstellen der wei\u00dfen Wanne mit ca. 130cbm Beton<\/li><li><strong>Decken\u00f6ffnung<\/strong>&nbsp;von ca. 100m\u00b2, einschlie\u00dflich der notwendigen statischen Abfangungen f\u00fcr neue Rolltreppen zwischen Basement und Erdgeschoss<\/li><li><strong>Oberfl\u00e4chenschutzsystem<\/strong>&nbsp;(OS11), Untergrundvorbereitung<\/li><li><strong>Estrich<\/strong>&nbsp;7.500m\u00b2, davon ca.1.600m\u00b2&nbsp;<strong>Design-Estrich<\/strong><\/li><li><strong>Mauerwerksw\u00e4nde<\/strong>&nbsp;700m\u00b2<\/li><li><strong>Gipskartonw\u00e4nde<\/strong>&nbsp;ca. 1.000m\u00b2&nbsp;<\/li><li><strong>Rauchsch\u00fcrze<\/strong>&nbsp;ca.220m (gebogene Stahlkonstruktionen und Trockenbau-Sonderkonstruktionen)&nbsp;<\/li><li><strong>Edelstahlprofile<\/strong>&nbsp;250m, radiusf\u00f6rmig geschwungen, durch einen Vermesser eingemessen, um eine exakte Abbildung des CAD-Plans zu erstellen.<\/li><li><strong>Open-Space-B\u00f6gen<\/strong>&nbsp;Trockenbau-Sonderkonstruktion inkl. Stahl-UK&nbsp;<\/li><li><strong>Deckensegel<\/strong>&nbsp;aus pulverbeschichteten Aluminiumrohren in Stahlbauweise, ca. 150 m\u00b2&nbsp;<\/li><li>diverse&nbsp;<strong>Betonbauarbeiten<\/strong>, Verst\u00e4rkung der Bestandskonstruktion mit CFK-Lamellen<\/li><li><strong>Brandschutz<\/strong>, Brandschutzt\u00fcren (sowohl aus Stahlblech, als auch als Alu-Rohrrahment\u00fcren)<\/li><li><strong>Putz- und Malerarbeiten<\/strong><\/li><\/ul>\n\n\n\n<div style=\"height:40px\" aria-hidden=\"true\" class=\"wp-block-spacer\"><\/div>\n\n<\/div>\n<\/div>\n\n<div class=\"col wp-block-lazyblock-inner-block lazyblock-inner-block-Z2wrBd9\">\n<div class=\"wp-block-lazyblock-inner-block lazyblock-inner-block-ZiJPc3\">\n<div class=\"menu-main-menu-container\"><ul id=\"menu-main-menu\" class=\"grey\"><li id=\"menu-item-2901\" class=\"menu-item \"><a href=\"https:\/\/hetzelsponheuer.de\/de\/referenzen\/projektseiten\/\">Projektseiten<\/a><\/li>\n<li id=\"menu-item-2769\" class=\"menu-item \"><a href=\"https:\/\/hetzelsponheuer.de\/de\/referenzen\/projektliste\/\">Projektliste<\/a><\/li>\n<\/ul><\/div>\n\n\n\n<h4 class=\"wp-block-heading\">Ihr Ansprechpartner<\/h4>\n\n\n\n<ul class=\"ajx grey\"><li><a data-post-type=\"mitarbeiter\" data-display=\"fancybox\" href=\"http:\/\/stephan-berndt\">Stephan Berndt<br>Diplom-Ingenieur<\/a><\/li><\/ul>\n\n\n\n<h4 class=\"wp-block-heading\">L\u00f6sungen<\/h4>\n\n\n\n<ul class=\"fade-link grey\"><li><a href=\"https:\/\/hetzelsponheuer.de\/de\/loesungen\/einkaufscenter-ladenlokal\">Einkaufscenter und Ladenlokal<\/a><\/li><\/ul>\n\n\n\n<h4 class=\"wp-block-heading\">Leistungen<\/h4>\n\n\n\n<ul class=\"fade-link grey\"><li><a href=\"https:\/\/hetzelsponheuer.de\/de\/leistungen\/#organisation-und-baubegleitung\">Organisation und Baubegleitung<\/a><\/li><li><a href=\"https:\/\/hetzelsponheuer.de\/de\/leistungen\/#handwerk-und-technik\">Handwerk und Bautechnik<\/a><\/li><\/ul>\n\n\n\n<ul><li>R\u00fcckbau<\/li><li>Betonarbeiten&nbsp;<\/li><li>Decken\u00f6ffnung,&nbsp;<br>Statische Abfangung&nbsp;<\/li><li>Oberfl\u00e4chenschutz (OS11)<\/li><li>Estrich (Design-Estrich)<\/li><li>Mauerwerksw\u00e4nde<\/li><li>Gipskartonw\u00e4nde<\/li><li>Rauchsch\u00fcrze<\/li><li>Malerarbeiten<\/li><li>Edelstahlprofile<\/li><li>Trockenbau<\/li><li>Brandschutz<\/li><li>Putz- und Malerarbeiten<\/li><\/ul>\n\n\n\n<h4 class=\"wp-block-heading\">Fotos<\/h4>\n\n\n\n<ul class=\"link grey\"><li><a href=\"http:\/\/www.format-seifert.de\/\" target=\"_blank\" rel=\"noreferrer noopener\" aria-label=\" (\u00f6ffnet in neuem Tab)\">Susanne Seifert, Dortmund<br>www.format-seifert.de<\/a><\/li><\/ul>\n\n<\/div>\n<\/div>\n<\/div>\n\n<div class=\"row x-24 md-3-9 sm-0-12 wp-block-lazyblock-inner-block lazyblock-inner-block-1DfzxM\">\n<div class=\"col wp-block-lazyblock-inner-block lazyblock-inner-block-2f9CCq\">\n<div class=\"wp-block-lazyblock-inner-block lazyblock-inner-block-Z1s8cnn\">\n\n<p>  <\/p>\n\n<\/div>\n<\/div>\n\n<div class=\"col wp-block-lazyblock-inner-block lazyblock-inner-block-1w9W4s\">\n<div class=\"wp-block-lazyblock-inner-block lazyblock-inner-block-1YtzFn\">\n\n<p class=\"logo sponheuer\">   <\/p>\n\n<\/div>\n\n\n<div style=\"height:56px\" aria-hidden=\"true\" class=\"wp-block-spacer\"><\/div>\n\n<\/div>\n<\/div>","protected":false},"excerpt":{"rendered":"","protected":false},"author":1,"featured_media":0,"parent":63,"menu_order":9,"comment_status":"closed","ping_status":"closed","template":"page-usecase.php","meta":{"footnotes":""},"yoast_head":"<!-- This site is optimized with the Yoast SEO plugin v22.6 - https:\/\/yoast.com\/wordpress\/plugins\/seo\/ -->\n<title>Sanierung im laufenden Betrieb \u00b7 K\u00f6ln Arcaden Kalk \u00b7 Hetzel+Sponheuer<\/title>\n<meta name=\"description\" content=\"W\u00e4hrend der &#039;Sabierung im laufenden Betrieb&#039; wurde in kurzer Bauzeit eine Vielzahl von Einzelgewerken im Einkaufscenter K\u00f6ln Arcaden in Kalk durchgef\u00fchrt ...\" \/>\n<meta name=\"robots\" content=\"index, follow, max-snippet:-1, max-image-preview:large, max-video-preview:-1\" \/>\n<link rel=\"canonical\" href=\"https:\/\/hetzelsponheuer.de\/de\/referenzen\/koeln-arcaden-kalk\/\" \/>\n<meta property=\"og:locale\" content=\"de_DE\" \/>\n<meta property=\"og:type\" content=\"article\" \/>\n<meta property=\"og:title\" content=\"Sanierung im laufenden Betrieb \u00b7 K\u00f6ln Arcaden Kalk \u00b7 Hetzel+Sponheuer\" \/>\n<meta property=\"og:description\" content=\"W\u00e4hrend der &#039;Sabierung im laufenden Betrieb&#039; wurde in kurzer Bauzeit eine Vielzahl von Einzelgewerken im Einkaufscenter K\u00f6ln Arcaden in Kalk durchgef\u00fchrt ...\" \/>\n<meta property=\"og:url\" content=\"https:\/\/hetzelsponheuer.de\/de\/referenzen\/koeln-arcaden-kalk\/\" \/>\n<meta property=\"og:site_name\" content=\"Hetzel+Sponheuer \u00b7 de\" \/>\n<meta property=\"article:modified_time\" content=\"2020-10-13T11:01:21+00:00\" \/>\n<meta property=\"og:image\" content=\"https:\/\/hetzelsponheuer.de\/de\/wp-content\/uploads\/sites\/2\/2019\/09\/koeln-kalk-046-0.jpg\" \/>\n<meta name=\"twitter:card\" content=\"summary_large_image\" \/>\n<script type=\"application\/ld+json\" class=\"yoast-schema-graph\">{\"@context\":\"https:\/\/schema.org\",\"@graph\":[{\"@type\":\"WebPage\",\"@id\":\"https:\/\/hetzelsponheuer.de\/de\/referenzen\/koeln-arcaden-kalk\/\",\"url\":\"https:\/\/hetzelsponheuer.de\/de\/referenzen\/koeln-arcaden-kalk\/\",\"name\":\"Sanierung im laufenden Betrieb \u00b7 K\u00f6ln Arcaden Kalk \u00b7 Hetzel+Sponheuer\",\"isPartOf\":{\"@id\":\"https:\/\/hetzelsponheuer.de\/de\/#website\"},\"primaryImageOfPage\":{\"@id\":\"https:\/\/hetzelsponheuer.de\/de\/referenzen\/koeln-arcaden-kalk\/#primaryimage\"},\"image\":{\"@id\":\"https:\/\/hetzelsponheuer.de\/de\/referenzen\/koeln-arcaden-kalk\/#primaryimage\"},\"thumbnailUrl\":\"https:\/\/hetzelsponheuer.de\/de\/wp-content\/uploads\/sites\/2\/2019\/09\/koeln-kalk-046-0.jpg\",\"datePublished\":\"2019-09-11T14:08:50+00:00\",\"dateModified\":\"2020-10-13T11:01:21+00:00\",\"description\":\"W\u00e4hrend der 'Sabierung im laufenden Betrieb' wurde in kurzer Bauzeit eine Vielzahl von Einzelgewerken im Einkaufscenter K\u00f6ln Arcaden in Kalk durchgef\u00fchrt ...\",\"breadcrumb\":{\"@id\":\"https:\/\/hetzelsponheuer.de\/de\/referenzen\/koeln-arcaden-kalk\/#breadcrumb\"},\"inLanguage\":\"de\",\"potentialAction\":[{\"@type\":\"ReadAction\",\"target\":[\"https:\/\/hetzelsponheuer.de\/de\/referenzen\/koeln-arcaden-kalk\/\"]}]},{\"@type\":\"ImageObject\",\"inLanguage\":\"de\",\"@id\":\"https:\/\/hetzelsponheuer.de\/de\/referenzen\/koeln-arcaden-kalk\/#primaryimage\",\"url\":\"https:\/\/hetzelsponheuer.de\/de\/wp-content\/uploads\/sites\/2\/2019\/09\/koeln-kalk-046-0.jpg\",\"contentUrl\":\"https:\/\/hetzelsponheuer.de\/de\/wp-content\/uploads\/sites\/2\/2019\/09\/koeln-kalk-046-0.jpg\",\"width\":373,\"height\":808},{\"@type\":\"BreadcrumbList\",\"@id\":\"https:\/\/hetzelsponheuer.de\/de\/referenzen\/koeln-arcaden-kalk\/#breadcrumb\",\"itemListElement\":[{\"@type\":\"ListItem\",\"position\":1,\"name\":\"Startseite\",\"item\":\"https:\/\/hetzelsponheuer.de\/de\/\"},{\"@type\":\"ListItem\",\"position\":2,\"name\":\"Referenzen\",\"item\":\"https:\/\/hetzelsponheuer.de\/de\/referenzen\/\"},{\"@type\":\"ListItem\",\"position\":3,\"name\":\"K\u00f6ln Arcaden Kalk\"}]},{\"@type\":\"WebSite\",\"@id\":\"https:\/\/hetzelsponheuer.de\/de\/#website\",\"url\":\"https:\/\/hetzelsponheuer.de\/de\/\",\"name\":\"Hetzel+Sponheuer \u00b7 de\",\"description\":\"L\u00f6sungen f\u00fcr Ihr Bauprojekt\",\"publisher\":{\"@id\":\"https:\/\/hetzelsponheuer.de\/de\/#organization\"},\"inLanguage\":\"de\"},{\"@type\":\"Organization\",\"@id\":\"https:\/\/hetzelsponheuer.de\/de\/#organization\",\"name\":\"Hetzel+Sponheuer GmbH & Co. KG\",\"url\":\"https:\/\/hetzelsponheuer.de\/de\/\",\"logo\":{\"@type\":\"ImageObject\",\"inLanguage\":\"de\",\"@id\":\"https:\/\/hetzelsponheuer.de\/de\/#\/schema\/logo\/image\/\",\"url\":\"https:\/\/hetzelsponheuer.de\/en\/wp-content\/uploads\/sites\/2\/2020\/02\/logo_hetzelsponheuer.png\",\"contentUrl\":\"https:\/\/hetzelsponheuer.de\/en\/wp-content\/uploads\/sites\/2\/2020\/02\/logo_hetzelsponheuer.png\",\"width\":360,\"height\":24,\"caption\":\"Hetzel+Sponheuer GmbH & Co. KG\"},\"image\":{\"@id\":\"https:\/\/hetzelsponheuer.de\/de\/#\/schema\/logo\/image\/\"},\"sameAs\":[\"https:\/\/www.linkedin.com\/company\/hetzel-sponheuer-gmbh-&amp;-co.-kg\"]}]}<\/script>\n<!-- \/ Yoast SEO plugin. -->","yoast_head_json":{"title":"Sanierung im laufenden Betrieb \u00b7 K\u00f6ln Arcaden Kalk \u00b7 Hetzel+Sponheuer","description":"W\u00e4hrend der 'Sabierung im laufenden Betrieb' wurde in kurzer Bauzeit eine Vielzahl von Einzelgewerken im Einkaufscenter K\u00f6ln Arcaden in Kalk durchgef\u00fchrt ...","robots":{"index":"index","follow":"follow","max-snippet":"max-snippet:-1","max-image-preview":"max-image-preview:large","max-video-preview":"max-video-preview:-1"},"canonical":"https:\/\/hetzelsponheuer.de\/de\/referenzen\/koeln-arcaden-kalk\/","og_locale":"de_DE","og_type":"article","og_title":"Sanierung im laufenden Betrieb \u00b7 K\u00f6ln Arcaden Kalk \u00b7 Hetzel+Sponheuer","og_description":"W\u00e4hrend der 'Sabierung im laufenden Betrieb' wurde in kurzer Bauzeit eine Vielzahl von Einzelgewerken im Einkaufscenter K\u00f6ln Arcaden in Kalk durchgef\u00fchrt ...","og_url":"https:\/\/hetzelsponheuer.de\/de\/referenzen\/koeln-arcaden-kalk\/","og_site_name":"Hetzel+Sponheuer \u00b7 de","article_modified_time":"2020-10-13T11:01:21+00:00","og_image":[{"url":"https:\/\/hetzelsponheuer.de\/de\/wp-content\/uploads\/sites\/2\/2019\/09\/koeln-kalk-046-0.jpg"}],"twitter_card":"summary_large_image","schema":{"@context":"https:\/\/schema.org","@graph":[{"@type":"WebPage","@id":"https:\/\/hetzelsponheuer.de\/de\/referenzen\/koeln-arcaden-kalk\/","url":"https:\/\/hetzelsponheuer.de\/de\/referenzen\/koeln-arcaden-kalk\/","name":"Sanierung im laufenden Betrieb \u00b7 K\u00f6ln Arcaden Kalk \u00b7 Hetzel+Sponheuer","isPartOf":{"@id":"https:\/\/hetzelsponheuer.de\/de\/#website"},"primaryImageOfPage":{"@id":"https:\/\/hetzelsponheuer.de\/de\/referenzen\/koeln-arcaden-kalk\/#primaryimage"},"image":{"@id":"https:\/\/hetzelsponheuer.de\/de\/referenzen\/koeln-arcaden-kalk\/#primaryimage"},"thumbnailUrl":"https:\/\/hetzelsponheuer.de\/de\/wp-content\/uploads\/sites\/2\/2019\/09\/koeln-kalk-046-0.jpg","datePublished":"2019-09-11T14:08:50+00:00","dateModified":"2020-10-13T11:01:21+00:00","description":"W\u00e4hrend der 'Sabierung im laufenden Betrieb' wurde in kurzer Bauzeit eine Vielzahl von Einzelgewerken im Einkaufscenter K\u00f6ln Arcaden in Kalk durchgef\u00fchrt ...","breadcrumb":{"@id":"https:\/\/hetzelsponheuer.de\/de\/referenzen\/koeln-arcaden-kalk\/#breadcrumb"},"inLanguage":"de","potentialAction":[{"@type":"ReadAction","target":["https:\/\/hetzelsponheuer.de\/de\/referenzen\/koeln-arcaden-kalk\/"]}]},{"@type":"ImageObject","inLanguage":"de","@id":"https:\/\/hetzelsponheuer.de\/de\/referenzen\/koeln-arcaden-kalk\/#primaryimage","url":"https:\/\/hetzelsponheuer.de\/de\/wp-content\/uploads\/sites\/2\/2019\/09\/koeln-kalk-046-0.jpg","contentUrl":"https:\/\/hetzelsponheuer.de\/de\/wp-content\/uploads\/sites\/2\/2019\/09\/koeln-kalk-046-0.jpg","width":373,"height":808},{"@type":"BreadcrumbList","@id":"https:\/\/hetzelsponheuer.de\/de\/referenzen\/koeln-arcaden-kalk\/#breadcrumb","itemListElement":[{"@type":"ListItem","position":1,"name":"Startseite","item":"https:\/\/hetzelsponheuer.de\/de\/"},{"@type":"ListItem","position":2,"name":"Referenzen","item":"https:\/\/hetzelsponheuer.de\/de\/referenzen\/"},{"@type":"ListItem","position":3,"name":"K\u00f6ln Arcaden Kalk"}]},{"@type":"WebSite","@id":"https:\/\/hetzelsponheuer.de\/de\/#website","url":"https:\/\/hetzelsponheuer.de\/de\/","name":"Hetzel+Sponheuer \u00b7 de","description":"L\u00f6sungen f\u00fcr Ihr Bauprojekt","publisher":{"@id":"https:\/\/hetzelsponheuer.de\/de\/#organization"},"inLanguage":"de"},{"@type":"Organization","@id":"https:\/\/hetzelsponheuer.de\/de\/#organization","name":"Hetzel+Sponheuer GmbH & Co. KG","url":"https:\/\/hetzelsponheuer.de\/de\/","logo":{"@type":"ImageObject","inLanguage":"de","@id":"https:\/\/hetzelsponheuer.de\/de\/#\/schema\/logo\/image\/","url":"https:\/\/hetzelsponheuer.de\/en\/wp-content\/uploads\/sites\/2\/2020\/02\/logo_hetzelsponheuer.png","contentUrl":"https:\/\/hetzelsponheuer.de\/en\/wp-content\/uploads\/sites\/2\/2020\/02\/logo_hetzelsponheuer.png","width":360,"height":24,"caption":"Hetzel+Sponheuer GmbH & Co. KG"},"image":{"@id":"https:\/\/hetzelsponheuer.de\/de\/#\/schema\/logo\/image\/"},"sameAs":["https:\/\/www.linkedin.com\/company\/hetzel-sponheuer-gmbh-&amp;-co.-kg"]}]}},"_links":{"self":[{"href":"https:\/\/hetzelsponheuer.de\/de\/wp-json\/wp\/v2\/pages\/3066"}],"collection":[{"href":"https:\/\/hetzelsponheuer.de\/de\/wp-json\/wp\/v2\/pages"}],"about":[{"href":"https:\/\/hetzelsponheuer.de\/de\/wp-json\/wp\/v2\/types\/page"}],"author":[{"embeddable":true,"href":"https:\/\/hetzelsponheuer.de\/de\/wp-json\/wp\/v2\/users\/1"}],"replies":[{"embeddable":true,"href":"https:\/\/hetzelsponheuer.de\/de\/wp-json\/wp\/v2\/comments?post=3066"}],"version-history":[{"count":2,"href":"https:\/\/hetzelsponheuer.de\/de\/wp-json\/wp\/v2\/pages\/3066\/revisions"}],"predecessor-version":[{"id":5625,"href":"https:\/\/hetzelsponheuer.de\/de\/wp-json\/wp\/v2\/pages\/3066\/revisions\/5625"}],"up":[{"embeddable":true,"href":"https:\/\/hetzelsponheuer.de\/de\/wp-json\/wp\/v2\/pages\/63"}],"wp:attachment":[{"href":"https:\/\/hetzelsponheuer.de\/de\/wp-json\/wp\/v2\/media?parent=3066"}],"curies":[{"name":"wp","href":"https:\/\/api.w.org\/{rel}","templated":true}]}}