{"id":3086,"date":"2019-09-11T16:31:49","date_gmt":"2019-09-11T14:31:49","guid":{"rendered":"http:\/\/hetzelsponheuer.de\/de\/?page_id=3086"},"modified":"2020-06-25T10:06:27","modified_gmt":"2020-06-25T08:06:27","slug":"muehlenspeicher-duisburg","status":"publish","type":"page","link":"https:\/\/hetzelsponheuer.de\/de\/referenzen\/muehlenspeicher-duisburg\/","title":{"rendered":"M\u00fchlenspeicher Duisburg"},"content":{"rendered":"<div class=\"banner row x-4 md-3-6-3 sm-0-12-0 wp-block-lazyblock-inner-block lazyblock-inner-block-1kSrP1\">\n<div class=\"col wp-block-lazyblock-inner-block lazyblock-inner-block-Z1da7Fw\">\n<div class=\"bg grey img wp-block-lazyblock-inner-block lazyblock-inner-block-xltxB\">\n\n<figure class=\"wp-block-image\"><img decoding=\"async\" loading=\"lazy\" width=\"373\" height=\"651\" src=\"https:\/\/hetzelsponheuer.de\/de\/wp-content\/uploads\/sites\/2\/2019\/09\/muespei_87831_4_aus.jpg\" alt=\"Innenausbau Umnutzung Denkmalschutz \u00b7 M\u00fchlenspeicher\" class=\"wp-image-3401\" srcset=\"https:\/\/hetzelsponheuer.de\/de\/wp-content\/uploads\/sites\/2\/2019\/09\/muespei_87831_4_aus.jpg 373w, https:\/\/hetzelsponheuer.de\/de\/wp-content\/uploads\/sites\/2\/2019\/09\/muespei_87831_4_aus-172x300.jpg 172w\" sizes=\"(max-width: 373px) 100vw, 373px\" \/><\/figure>\n\n<\/div>\n<\/div>\n\n<div class=\"col wp-block-lazyblock-inner-block lazyblock-inner-block-1gDVMO\">\n<div class=\"bg grey img wp-block-lazyblock-inner-block lazyblock-inner-block-25PnQc\">\n\n<figure class=\"wp-block-image\"><img decoding=\"async\" loading=\"lazy\" width=\"754\" height=\"581\" src=\"https:\/\/hetzelsponheuer.de\/de\/wp-content\/uploads\/sites\/2\/2019\/09\/muespei_87831_4_left.jpg\" alt=\"Umbau Umnutzung Denkmalschutz \u00b7 M\u00fchlenspeicher\" class=\"wp-image-3399\" srcset=\"https:\/\/hetzelsponheuer.de\/de\/wp-content\/uploads\/sites\/2\/2019\/09\/muespei_87831_4_left.jpg 754w, https:\/\/hetzelsponheuer.de\/de\/wp-content\/uploads\/sites\/2\/2019\/09\/muespei_87831_4_left-300x231.jpg 300w\" sizes=\"(max-width: 754px) 100vw, 754px\" \/><\/figure>\n\n<\/div>\n<\/div>\n\n<div class=\"col wp-block-lazyblock-inner-block lazyblock-inner-block-2lGT91\">\n<div class=\"bg grey img wp-block-lazyblock-inner-block lazyblock-inner-block-Z1n79J4\">\n\n<figure class=\"wp-block-image\"><img decoding=\"async\" loading=\"lazy\" width=\"393\" height=\"581\" src=\"https:\/\/hetzelsponheuer.de\/de\/wp-content\/uploads\/sites\/2\/2019\/09\/muespei_87831_4_right.jpg\" alt=\"Ausbau Umnutzung Denkmalschutz \u00b7 M\u00fchlenspeicher\" class=\"wp-image-3400\" srcset=\"https:\/\/hetzelsponheuer.de\/de\/wp-content\/uploads\/sites\/2\/2019\/09\/muespei_87831_4_right.jpg 393w, https:\/\/hetzelsponheuer.de\/de\/wp-content\/uploads\/sites\/2\/2019\/09\/muespei_87831_4_right-203x300.jpg 203w\" sizes=\"(max-width: 393px) 100vw, 393px\" \/><\/figure>\n\n<\/div>\n<\/div>\n<\/div>\n\n<div class=\"row x-24 md-3-9 sm-0-12 wp-block-lazyblock-inner-block lazyblock-inner-block-Z1YnPRv\">\n<div class=\"col wp-block-lazyblock-inner-block lazyblock-inner-block-1KyAnM\">\n<div class=\"wp-block-lazyblock-inner-block lazyblock-inner-block-ZQJXop\">\n\n<p>  <\/p>\n\n<\/div>\n<\/div>\n\n<div class=\"col wp-block-lazyblock-inner-block lazyblock-inner-block-1k7Wmw\">\n<div class=\"head wp-block-lazyblock-inner-block lazyblock-inner-block-Z1G5WWD\">\n\n<p class=\"topline\">Umnutzung \u00b7 Sanierung Aussen und Innen<\/p>\n\n\n\n<h2 class=\"h1 wp-block-heading\">M\u00fchlen\u00adspeicher im Innen\u00adhafen <span class=\"grey\">Duis\u00adburg<\/span><\/h2>\n\n<\/div>\n<\/div>\n<\/div>\n\n<div class=\"row x-24 md-3-6-3 sm-0-12-0 wp-block-lazyblock-inner-block lazyblock-inner-block-ZVfRHj\">\n<div class=\"col wp-block-lazyblock-inner-block lazyblock-inner-block-UKsF4\">\n<div class=\"wp-block-lazyblock-inner-block lazyblock-inner-block-Z1brndl\">\n\n<p class=\"md-right pl-24\"><\/p>\n\n<\/div>\n<\/div>\n\n<div class=\"col wp-block-lazyblock-inner-block lazyblock-inner-block-Z1rj4eR\">\n<div class=\"wp-block-lazyblock-inner-block lazyblock-inner-block-213Klg\">\n\n<p class=\"color\"><strong>Die Industrie-Architektur des alten M\u00fchlen\u00adspeichers \u00fcbt eine ganz besondere Faszination aus. Ein Geb\u00e4ude\u00adensemble, das in mehr als 100 Jahren durch die Familie Cohen und Werhahn erbaut worden ist, soll f\u00fcr Einzel\u00adhandel, Gewerbe und Gastro\u00adnomie nutzbar gemacht werden. Wichtig war dem Auftrag\u00adgeber dabei, den alten Charme f\u00fcr eine neue, kreative Arbeits\u00adatmosph\u00e4re zu erhalten.<\/strong><\/p>\n\n\n\n<div style=\"height:24px\" aria-hidden=\"true\" class=\"wp-block-spacer\"><\/div>\n\n\n\n<h3 class=\"h4 wp-block-heading\">Herausforderung<\/h3>\n\n\n\n<p>F\u00fcr die Umnutzung &#8220;M\u00fchlenspeicher Duisburg&#8221; waren neben einer Vielzahl baulicher T\u00e4tigkeiten mehr als 200 Kilometer mineralische Fugen zu bearbeiten. Dabei ging es nicht um eine optische Erneuerung der Fassaden\u00adfl\u00e4chen, sondern um eine denkmal\u00adgerechte Aufarbei\u00adtung, mit dem Ziel, die technische Funktion der Fassade wieder herzustellen. Die generell intakte optische Situation sollte nicht ver\u00e4ndert werden, da der Charakter der Geb\u00e4ude ganz wesent\u00adlich durch vorhandene Patina, als auch vorhandene Gebrauchs\u00adspuren gepr\u00e4gt wird.<\/p>\n\n\n\n<h3 class=\"h4 wp-block-heading\">L\u00f6sung<\/h3>\n\n\n\n<p>Zun\u00e4chst war f\u00fcr die Fassade ein geeignetes Reinigungs\u00adverfahren abzustimmen und zu testen. Zudem musste definiert werden, wo Fugen ausgebaut werden mussten und wo eine normale \u00dcber\u00adarbei\u00adtung ausreichend war. Hierzu wurden Fugen\u00adproben an verschie\u00addenen Geb\u00e4uden aus unterschied\u00adlichen Entstehungs\u00adzeit\u00adr\u00e4umen entnommen und anschlie\u00dfend so nachkonfek\u00adtioniert, dass sowohl die Anspr\u00fcche des Auftrag\u00adgebers als auch die der Denkmal\u00adbeh\u00f6rde erf\u00fcllt wurden. Die handwerk\u00adlichen Techniken des Fugenaufbaus und die einge\u00adsetzten Werkzeuge mussten dabei ebenfalls auf diese Aufgabe abgestimmt sein.<\/p>\n\n\n<div class=\"grid x24 md-col-6-6-row-1 wp-block-lazyblock-inner-block lazyblock-inner-block-AszJa\">\n<div class=\"bg grey img wp-block-lazyblock-inner-block lazyblock-inner-block-ZjLGGh\">\n\n<figure class=\"wp-block-image size-large\"><a class=\"gallery\" href=\"https:\/\/hetzelsponheuer.de\/de\/wp-content\/uploads\/sites\/2\/2019\/11\/muespei_87819.jpg\" rel=\"gallery-1\"><img decoding=\"async\" loading=\"lazy\" width=\"600\" height=\"400\" src=\"https:\/\/hetzelsponheuer.de\/de\/wp-content\/uploads\/sites\/2\/2019\/11\/muespei_87819.jpg\" alt=\"Umnutzung Denkmalschutz \u00b7 Sanierung Fassade Klinker\" class=\"wp-image-4652\" srcset=\"https:\/\/hetzelsponheuer.de\/de\/wp-content\/uploads\/sites\/2\/2019\/11\/muespei_87819.jpg 600w, https:\/\/hetzelsponheuer.de\/de\/wp-content\/uploads\/sites\/2\/2019\/11\/muespei_87819-400x267.jpg 400w\" sizes=\"(max-width: 600px) 100vw, 600px\" \/><\/a><\/figure>\n\n<\/div>\n\n<div class=\"bg grey img wp-block-lazyblock-inner-block lazyblock-inner-block-Z1ptbuR\">\n\n<figure class=\"wp-block-image size-large\"><a class=\"gallery\" href=\"https:\/\/hetzelsponheuer.de\/de\/wp-content\/uploads\/sites\/2\/2019\/11\/muespei_4087818.jpg\" rel=\"gallery-1\"><img decoding=\"async\" loading=\"lazy\" width=\"600\" height=\"400\" src=\"https:\/\/hetzelsponheuer.de\/de\/wp-content\/uploads\/sites\/2\/2019\/11\/muespei_4087818.jpg\" alt=\"Umnutzung Denkmalschutz \u00b7 Sanierung Klinker Fassade\" class=\"wp-image-4653\" srcset=\"https:\/\/hetzelsponheuer.de\/de\/wp-content\/uploads\/sites\/2\/2019\/11\/muespei_4087818.jpg 600w, https:\/\/hetzelsponheuer.de\/de\/wp-content\/uploads\/sites\/2\/2019\/11\/muespei_4087818-400x267.jpg 400w\" sizes=\"(max-width: 600px) 100vw, 600px\" \/><\/a><\/figure>\n\n<\/div>\n<\/div>\n\n\n<p>Die gesamten vorhandenen Fassadenteile wurden rekonstruiert. Neben den Arbeiten an Fugen, Klinkern und Mauerwerk waren im neueren Teil des ehemaligen M\u00fchlenspeichers umfangreiche Sanierungsma\u00dfnahmen an Pfeilervorlagen notwendig. Aufgrund statischer Rahmenbedingungen und auch aus brandschutztechnischer Sicht konnte hier nur mit einem mineralischen System und einer dazu geeigneten Spritzbetontechnik gearbeitet werden. Wegen der Anspr\u00fcche an das optische Ergebnis der fertiggestellten Fl\u00e4chen musste sowohl die eingesetzte Technik als auch die handwerkliche Ausf\u00fchrung dem vorgefundenen Bestand weitestgehend entsprechen. Darin lag eine nicht leicht zu l\u00f6sende Aufgabe, da die vorhandene Substanz mit Mitteln hergestellt wurde, die aus heutiger Sicht aufgrund der technischen Machbarkeit nicht mehr angewandt werden konnten bzw. durften. Hierf\u00fcr fand Hetzel + Sponheuer eine geeignete L\u00f6sung, die ebenfalls die Denkmalschutzbeh\u00f6rde zufrieden stellte.<\/p>\n\n\n\n<p>Im Inneren des M\u00fchlen\u00adspeichers befinden sich heute moderne B\u00fcro und Atelier\u00adfl\u00e4chen. Bevor diese Umnutzung m\u00f6glich war, mussten unterschied\u00adlichste Untergr\u00fcnde wie Holz, Mauer\u00adwerk oder Putz von R\u00fcck\u00adst\u00e4nden und alten Beschich\u00adtungen befreit werden. Hier wurden ent\u00adsprechende Strahl\u00adtechniken eingesetzt. Alte Gips\u00admarken und Holz\u00add\u00fcbel blieben erhalten, um den neuen Nutzern die urspr\u00fcng\u00adliche Funktion der Fl\u00e4chen zu veranschau\u00adlichen und gleichsam deren Charakter und Ambiente beizubehalten.<\/p>\n\n\n\n<div style=\"height:32px\" aria-hidden=\"true\" class=\"wp-block-spacer\"><\/div>\n\n<\/div>\n<\/div>\n\n<div class=\"col wp-block-lazyblock-inner-block lazyblock-inner-block-Z2wrBd9\">\n<div class=\"wp-block-lazyblock-inner-block lazyblock-inner-block-ZiJPc3\">\n<div class=\"menu-main-menu-container\"><ul id=\"menu-main-menu\" class=\"grey\"><li id=\"menu-item-2901\" class=\"menu-item \"><a href=\"https:\/\/hetzelsponheuer.de\/de\/referenzen\/projektseiten\/\">Projektseiten<\/a><\/li>\n<li id=\"menu-item-2769\" class=\"menu-item \"><a href=\"https:\/\/hetzelsponheuer.de\/de\/referenzen\/projektliste\/\">Projektliste<\/a><\/li>\n<\/ul><\/div>\n\n\n\n<h4 class=\"wp-block-heading\">Ihr Ansprechpartner<\/h4>\n\n\n\n<ul class=\"link ajx grey\"><li><a href=\"carsten-haddick\" data-display=\"fancybox\" data-post-type=\"mitarbeiter\">Carsten Haddick<\/a><\/li><\/ul>\n\n\n\n<h4 class=\"wp-block-heading\">L\u00f6sungen<\/h4>\n\n\n\n<ul class=\"fade-link grey\"><li><a href=\"https:\/\/hetzelsponheuer.de\/de\/loesungen\/#wohnen-gewerbe-industrie\">Wohnen, Gewerbe und Industrie<\/a><\/li><\/ul>\n\n\n\n<h4 class=\"wp-block-heading\">Leistungen<\/h4>\n\n\n\n<ul class=\"fade-link grey\"><li><a href=\"https:\/\/hetzelsponheuer.de\/de\/leistungen\/#organisation-und-baubegleitung\">Organisation und Baubegleitung<\/a><\/li><li><a href=\"https:\/\/hetzelsponheuer.de\/de\/leistungen\/#handwerk-und-technik\">Handwerk und Bautechnik<\/a><\/li><\/ul>\n\n\n\n<ul><li>Reinigungsverfahren<\/li><li>Au\u00dfensanierung<\/li><li>Brandschutz&nbsp;<\/li><li>Innensanierung<\/li><li>Fugenarbeiten<\/li><li>Strahlen historischer Holzdeckenkonstruktionen<\/li><li>Spritzbetonarbeiten<\/li><li>Mauerwerktrockenlegung mittels chemischer Injektionen<\/li><li>Bodenbeschichtungen<\/li><li>Putz \u2013und Ausbauarbeiten<\/li><\/ul>\n\n\n\n<h4 class=\"wp-block-heading\">Fotos<\/h4>\n\n\n\n<ul class=\"link grey\"><li><a href=\"http:\/\/www.foto-metelmann.de\/\" target=\"_blank\" rel=\"noreferrer noopener\">Ulrich Metelmann, Ratingen<\/a><a href=\"http:\/\/www.foto-metelmann.de\/\" target=\"_blank\" rel=\"noreferrer noopener\">www.foto-metelmann.de<\/a><\/li><\/ul>\n\n<\/div>\n<\/div>\n<\/div>\n\n<div class=\"row x-24 md-3-9 sm-0-12 wp-block-lazyblock-inner-block lazyblock-inner-block-Z24xFYC\">\n<div class=\"col wp-block-lazyblock-inner-block lazyblock-inner-block-Z2sasY8\">\n<div class=\"wp-block-lazyblock-inner-block lazyblock-inner-block-131tpp\">\n\n<p>  <\/p>\n\n<\/div>\n<\/div>\n\n<div class=\"col wp-block-lazyblock-inner-block lazyblock-inner-block-Z1ccknD\">\n<div class=\"grid logo both wp-block-lazyblock-inner-block lazyblock-inner-block-Z48unP\">\n\n<p class=\"logo hetzel\">    <\/p>\n\n\n\n<p class=\"logo sponheuer\">   <\/p>\n\n\n\n<p> <\/p>\n\n<\/div>\n<\/div>\n<\/div>","protected":false},"excerpt":{"rendered":"","protected":false},"author":1,"featured_media":0,"parent":63,"menu_order":9,"comment_status":"closed","ping_status":"closed","template":"page-usecase.php","meta":{"footnotes":""},"yoast_head":"<!-- This site is optimized with the Yoast SEO plugin v22.6 - https:\/\/yoast.com\/wordpress\/plugins\/seo\/ -->\n<title>Umnutzung Denkmalschutz \u00b7 Sanierung \u00b7 M\u00fchlenspeicher Duisburg<\/title>\n<meta name=\"description\" content=\"F\u00fcr die denkmalgerechte Umnutzung des Geb\u00e4udeensembels &#039;M\u00fchlenspeicher Duisburg&#039; war die sensible Vorgehensweise bei der Innen- Aussen- Sanierung notwendig.\" \/>\n<meta name=\"robots\" content=\"index, follow, max-snippet:-1, max-image-preview:large, max-video-preview:-1\" \/>\n<link rel=\"canonical\" href=\"https:\/\/hetzelsponheuer.de\/de\/referenzen\/muehlenspeicher-duisburg\/\" \/>\n<meta property=\"og:locale\" content=\"de_DE\" \/>\n<meta property=\"og:type\" content=\"article\" \/>\n<meta property=\"og:title\" content=\"Umnutzung Denkmalschutz \u00b7 Sanierung \u00b7 M\u00fchlenspeicher Duisburg\" \/>\n<meta property=\"og:description\" content=\"F\u00fcr die denkmalgerechte Umnutzung des Geb\u00e4udeensembels &#039;M\u00fchlenspeicher Duisburg&#039; war die sensible Vorgehensweise bei der Innen- Aussen- Sanierung notwendig.\" \/>\n<meta property=\"og:url\" content=\"https:\/\/hetzelsponheuer.de\/de\/referenzen\/muehlenspeicher-duisburg\/\" \/>\n<meta property=\"og:site_name\" content=\"Hetzel+Sponheuer \u00b7 de\" \/>\n<meta property=\"article:modified_time\" content=\"2020-06-25T08:06:27+00:00\" \/>\n<meta property=\"og:image\" content=\"https:\/\/hetzelsponheuer.de\/de\/wp-content\/uploads\/sites\/2\/2019\/09\/muespei_87831_4_aus.jpg\" \/>\n<meta name=\"twitter:card\" content=\"summary_large_image\" \/>\n<script type=\"application\/ld+json\" class=\"yoast-schema-graph\">{\"@context\":\"https:\/\/schema.org\",\"@graph\":[{\"@type\":\"WebPage\",\"@id\":\"https:\/\/hetzelsponheuer.de\/de\/referenzen\/muehlenspeicher-duisburg\/\",\"url\":\"https:\/\/hetzelsponheuer.de\/de\/referenzen\/muehlenspeicher-duisburg\/\",\"name\":\"Umnutzung Denkmalschutz \u00b7 Sanierung \u00b7 M\u00fchlenspeicher Duisburg\",\"isPartOf\":{\"@id\":\"https:\/\/hetzelsponheuer.de\/de\/#website\"},\"primaryImageOfPage\":{\"@id\":\"https:\/\/hetzelsponheuer.de\/de\/referenzen\/muehlenspeicher-duisburg\/#primaryimage\"},\"image\":{\"@id\":\"https:\/\/hetzelsponheuer.de\/de\/referenzen\/muehlenspeicher-duisburg\/#primaryimage\"},\"thumbnailUrl\":\"https:\/\/hetzelsponheuer.de\/de\/wp-content\/uploads\/sites\/2\/2019\/09\/muespei_87831_4_aus.jpg\",\"datePublished\":\"2019-09-11T14:31:49+00:00\",\"dateModified\":\"2020-06-25T08:06:27+00:00\",\"description\":\"F\u00fcr die denkmalgerechte Umnutzung des Geb\u00e4udeensembels 'M\u00fchlenspeicher Duisburg' war die sensible Vorgehensweise bei der Innen- Aussen- Sanierung notwendig.\",\"breadcrumb\":{\"@id\":\"https:\/\/hetzelsponheuer.de\/de\/referenzen\/muehlenspeicher-duisburg\/#breadcrumb\"},\"inLanguage\":\"de\",\"potentialAction\":[{\"@type\":\"ReadAction\",\"target\":[\"https:\/\/hetzelsponheuer.de\/de\/referenzen\/muehlenspeicher-duisburg\/\"]}]},{\"@type\":\"ImageObject\",\"inLanguage\":\"de\",\"@id\":\"https:\/\/hetzelsponheuer.de\/de\/referenzen\/muehlenspeicher-duisburg\/#primaryimage\",\"url\":\"https:\/\/hetzelsponheuer.de\/de\/wp-content\/uploads\/sites\/2\/2019\/09\/muespei_87831_4_aus.jpg\",\"contentUrl\":\"https:\/\/hetzelsponheuer.de\/de\/wp-content\/uploads\/sites\/2\/2019\/09\/muespei_87831_4_aus.jpg\",\"width\":373,\"height\":651},{\"@type\":\"BreadcrumbList\",\"@id\":\"https:\/\/hetzelsponheuer.de\/de\/referenzen\/muehlenspeicher-duisburg\/#breadcrumb\",\"itemListElement\":[{\"@type\":\"ListItem\",\"position\":1,\"name\":\"Startseite\",\"item\":\"https:\/\/hetzelsponheuer.de\/de\/\"},{\"@type\":\"ListItem\",\"position\":2,\"name\":\"Referenzen\",\"item\":\"https:\/\/hetzelsponheuer.de\/de\/referenzen\/\"},{\"@type\":\"ListItem\",\"position\":3,\"name\":\"M\u00fchlenspeicher Duisburg\"}]},{\"@type\":\"WebSite\",\"@id\":\"https:\/\/hetzelsponheuer.de\/de\/#website\",\"url\":\"https:\/\/hetzelsponheuer.de\/de\/\",\"name\":\"Hetzel+Sponheuer \u00b7 de\",\"description\":\"L\u00f6sungen f\u00fcr Ihr Bauprojekt\",\"publisher\":{\"@id\":\"https:\/\/hetzelsponheuer.de\/de\/#organization\"},\"inLanguage\":\"de\"},{\"@type\":\"Organization\",\"@id\":\"https:\/\/hetzelsponheuer.de\/de\/#organization\",\"name\":\"Hetzel+Sponheuer GmbH & Co. KG\",\"url\":\"https:\/\/hetzelsponheuer.de\/de\/\",\"logo\":{\"@type\":\"ImageObject\",\"inLanguage\":\"de\",\"@id\":\"https:\/\/hetzelsponheuer.de\/de\/#\/schema\/logo\/image\/\",\"url\":\"https:\/\/hetzelsponheuer.de\/en\/wp-content\/uploads\/sites\/2\/2020\/02\/logo_hetzelsponheuer.png\",\"contentUrl\":\"https:\/\/hetzelsponheuer.de\/en\/wp-content\/uploads\/sites\/2\/2020\/02\/logo_hetzelsponheuer.png\",\"width\":360,\"height\":24,\"caption\":\"Hetzel+Sponheuer GmbH & Co. KG\"},\"image\":{\"@id\":\"https:\/\/hetzelsponheuer.de\/de\/#\/schema\/logo\/image\/\"},\"sameAs\":[\"https:\/\/www.linkedin.com\/company\/hetzel-sponheuer-gmbh-&amp;-co.-kg\"]}]}<\/script>\n<!-- \/ Yoast SEO plugin. -->","yoast_head_json":{"title":"Umnutzung Denkmalschutz \u00b7 Sanierung \u00b7 M\u00fchlenspeicher Duisburg","description":"F\u00fcr die denkmalgerechte Umnutzung des Geb\u00e4udeensembels 'M\u00fchlenspeicher Duisburg' war die sensible Vorgehensweise bei der Innen- Aussen- Sanierung notwendig.","robots":{"index":"index","follow":"follow","max-snippet":"max-snippet:-1","max-image-preview":"max-image-preview:large","max-video-preview":"max-video-preview:-1"},"canonical":"https:\/\/hetzelsponheuer.de\/de\/referenzen\/muehlenspeicher-duisburg\/","og_locale":"de_DE","og_type":"article","og_title":"Umnutzung Denkmalschutz \u00b7 Sanierung \u00b7 M\u00fchlenspeicher Duisburg","og_description":"F\u00fcr die denkmalgerechte Umnutzung des Geb\u00e4udeensembels 'M\u00fchlenspeicher Duisburg' war die sensible Vorgehensweise bei der Innen- Aussen- Sanierung notwendig.","og_url":"https:\/\/hetzelsponheuer.de\/de\/referenzen\/muehlenspeicher-duisburg\/","og_site_name":"Hetzel+Sponheuer \u00b7 de","article_modified_time":"2020-06-25T08:06:27+00:00","og_image":[{"url":"https:\/\/hetzelsponheuer.de\/de\/wp-content\/uploads\/sites\/2\/2019\/09\/muespei_87831_4_aus.jpg"}],"twitter_card":"summary_large_image","schema":{"@context":"https:\/\/schema.org","@graph":[{"@type":"WebPage","@id":"https:\/\/hetzelsponheuer.de\/de\/referenzen\/muehlenspeicher-duisburg\/","url":"https:\/\/hetzelsponheuer.de\/de\/referenzen\/muehlenspeicher-duisburg\/","name":"Umnutzung Denkmalschutz \u00b7 Sanierung \u00b7 M\u00fchlenspeicher Duisburg","isPartOf":{"@id":"https:\/\/hetzelsponheuer.de\/de\/#website"},"primaryImageOfPage":{"@id":"https:\/\/hetzelsponheuer.de\/de\/referenzen\/muehlenspeicher-duisburg\/#primaryimage"},"image":{"@id":"https:\/\/hetzelsponheuer.de\/de\/referenzen\/muehlenspeicher-duisburg\/#primaryimage"},"thumbnailUrl":"https:\/\/hetzelsponheuer.de\/de\/wp-content\/uploads\/sites\/2\/2019\/09\/muespei_87831_4_aus.jpg","datePublished":"2019-09-11T14:31:49+00:00","dateModified":"2020-06-25T08:06:27+00:00","description":"F\u00fcr die denkmalgerechte Umnutzung des Geb\u00e4udeensembels 'M\u00fchlenspeicher Duisburg' war die sensible Vorgehensweise bei der Innen- Aussen- Sanierung notwendig.","breadcrumb":{"@id":"https:\/\/hetzelsponheuer.de\/de\/referenzen\/muehlenspeicher-duisburg\/#breadcrumb"},"inLanguage":"de","potentialAction":[{"@type":"ReadAction","target":["https:\/\/hetzelsponheuer.de\/de\/referenzen\/muehlenspeicher-duisburg\/"]}]},{"@type":"ImageObject","inLanguage":"de","@id":"https:\/\/hetzelsponheuer.de\/de\/referenzen\/muehlenspeicher-duisburg\/#primaryimage","url":"https:\/\/hetzelsponheuer.de\/de\/wp-content\/uploads\/sites\/2\/2019\/09\/muespei_87831_4_aus.jpg","contentUrl":"https:\/\/hetzelsponheuer.de\/de\/wp-content\/uploads\/sites\/2\/2019\/09\/muespei_87831_4_aus.jpg","width":373,"height":651},{"@type":"BreadcrumbList","@id":"https:\/\/hetzelsponheuer.de\/de\/referenzen\/muehlenspeicher-duisburg\/#breadcrumb","itemListElement":[{"@type":"ListItem","position":1,"name":"Startseite","item":"https:\/\/hetzelsponheuer.de\/de\/"},{"@type":"ListItem","position":2,"name":"Referenzen","item":"https:\/\/hetzelsponheuer.de\/de\/referenzen\/"},{"@type":"ListItem","position":3,"name":"M\u00fchlenspeicher Duisburg"}]},{"@type":"WebSite","@id":"https:\/\/hetzelsponheuer.de\/de\/#website","url":"https:\/\/hetzelsponheuer.de\/de\/","name":"Hetzel+Sponheuer \u00b7 de","description":"L\u00f6sungen f\u00fcr Ihr Bauprojekt","publisher":{"@id":"https:\/\/hetzelsponheuer.de\/de\/#organization"},"inLanguage":"de"},{"@type":"Organization","@id":"https:\/\/hetzelsponheuer.de\/de\/#organization","name":"Hetzel+Sponheuer GmbH & Co. KG","url":"https:\/\/hetzelsponheuer.de\/de\/","logo":{"@type":"ImageObject","inLanguage":"de","@id":"https:\/\/hetzelsponheuer.de\/de\/#\/schema\/logo\/image\/","url":"https:\/\/hetzelsponheuer.de\/en\/wp-content\/uploads\/sites\/2\/2020\/02\/logo_hetzelsponheuer.png","contentUrl":"https:\/\/hetzelsponheuer.de\/en\/wp-content\/uploads\/sites\/2\/2020\/02\/logo_hetzelsponheuer.png","width":360,"height":24,"caption":"Hetzel+Sponheuer GmbH & Co. KG"},"image":{"@id":"https:\/\/hetzelsponheuer.de\/de\/#\/schema\/logo\/image\/"},"sameAs":["https:\/\/www.linkedin.com\/company\/hetzel-sponheuer-gmbh-&amp;-co.-kg"]}]}},"_links":{"self":[{"href":"https:\/\/hetzelsponheuer.de\/de\/wp-json\/wp\/v2\/pages\/3086"}],"collection":[{"href":"https:\/\/hetzelsponheuer.de\/de\/wp-json\/wp\/v2\/pages"}],"about":[{"href":"https:\/\/hetzelsponheuer.de\/de\/wp-json\/wp\/v2\/types\/page"}],"author":[{"embeddable":true,"href":"https:\/\/hetzelsponheuer.de\/de\/wp-json\/wp\/v2\/users\/1"}],"replies":[{"embeddable":true,"href":"https:\/\/hetzelsponheuer.de\/de\/wp-json\/wp\/v2\/comments?post=3086"}],"version-history":[{"count":3,"href":"https:\/\/hetzelsponheuer.de\/de\/wp-json\/wp\/v2\/pages\/3086\/revisions"}],"predecessor-version":[{"id":5512,"href":"https:\/\/hetzelsponheuer.de\/de\/wp-json\/wp\/v2\/pages\/3086\/revisions\/5512"}],"up":[{"embeddable":true,"href":"https:\/\/hetzelsponheuer.de\/de\/wp-json\/wp\/v2\/pages\/63"}],"wp:attachment":[{"href":"https:\/\/hetzelsponheuer.de\/de\/wp-json\/wp\/v2\/media?parent=3086"}],"curies":[{"name":"wp","href":"https:\/\/api.w.org\/{rel}","templated":true}]}}