{"id":3101,"date":"2019-09-12T12:30:33","date_gmt":"2019-09-12T10:30:33","guid":{"rendered":"http:\/\/hetzelsponheuer.de\/de\/?page_id=3101"},"modified":"2020-03-07T17:13:37","modified_gmt":"2020-03-07T16:13:37","slug":"musiktheater-gelsenkirchen","status":"publish","type":"page","link":"https:\/\/hetzelsponheuer.de\/de\/referenzen\/musiktheater-gelsenkirchen\/","title":{"rendered":"Musiktheater Gelsenkirchen"},"content":{"rendered":"<div class=\"banner row x-4 md-3-6-3 sm-0-12-0 wp-block-lazyblock-inner-block lazyblock-inner-block-1kSrP1\">\n<div class=\"col wp-block-lazyblock-inner-block lazyblock-inner-block-Z1da7Fw\">\n<div class=\"bg grey img wp-block-lazyblock-inner-block lazyblock-inner-block-xltxB\">\n\n<figure class=\"wp-block-image\"><img decoding=\"async\" loading=\"lazy\" width=\"373\" height=\"560\" src=\"https:\/\/hetzelsponheuer.de\/de\/wp-content\/uploads\/sites\/2\/2019\/09\/mu-ge-1629a-links.jpg\" alt=\"\" class=\"wp-image-3761\" srcset=\"https:\/\/hetzelsponheuer.de\/de\/wp-content\/uploads\/sites\/2\/2019\/09\/mu-ge-1629a-links.jpg 373w, https:\/\/hetzelsponheuer.de\/de\/wp-content\/uploads\/sites\/2\/2019\/09\/mu-ge-1629a-links-266x400.jpg 266w\" sizes=\"(max-width: 373px) 100vw, 373px\" \/><\/figure>\n\n<\/div>\n<\/div>\n\n<div class=\"col wp-block-lazyblock-inner-block lazyblock-inner-block-1gDVMO\">\n<div class=\"bg grey img wp-block-lazyblock-inner-block lazyblock-inner-block-25PnQc\">\n\n<figure class=\"wp-block-image\"><img decoding=\"async\" loading=\"lazy\" width=\"754\" height=\"560\" src=\"https:\/\/hetzelsponheuer.de\/de\/wp-content\/uploads\/sites\/2\/2019\/09\/mu-ge-1629a-mitte.jpg\" alt=\"\" class=\"wp-image-3762\" srcset=\"https:\/\/hetzelsponheuer.de\/de\/wp-content\/uploads\/sites\/2\/2019\/09\/mu-ge-1629a-mitte.jpg 754w, https:\/\/hetzelsponheuer.de\/de\/wp-content\/uploads\/sites\/2\/2019\/09\/mu-ge-1629a-mitte-400x297.jpg 400w\" sizes=\"(max-width: 754px) 100vw, 754px\" \/><\/figure>\n\n<\/div>\n<\/div>\n\n<div class=\"col wp-block-lazyblock-inner-block lazyblock-inner-block-2lGT91\">\n<div class=\"bg grey img wp-block-lazyblock-inner-block lazyblock-inner-block-Z1n79J4\">\n\n<figure class=\"wp-block-image\"><img decoding=\"async\" loading=\"lazy\" width=\"373\" height=\"560\" src=\"https:\/\/hetzelsponheuer.de\/de\/wp-content\/uploads\/sites\/2\/2019\/09\/mu-ge-1629a-rechts.jpg\" alt=\"\" class=\"wp-image-3763\" srcset=\"https:\/\/hetzelsponheuer.de\/de\/wp-content\/uploads\/sites\/2\/2019\/09\/mu-ge-1629a-rechts.jpg 373w, https:\/\/hetzelsponheuer.de\/de\/wp-content\/uploads\/sites\/2\/2019\/09\/mu-ge-1629a-rechts-266x400.jpg 266w\" sizes=\"(max-width: 373px) 100vw, 373px\" \/><\/figure>\n\n<\/div>\n<\/div>\n<\/div>\n\n<div class=\"row x-24 md-3-9 sm-0-12 wp-block-lazyblock-inner-block lazyblock-inner-block-Z1YnPRv\">\n<div class=\"col wp-block-lazyblock-inner-block lazyblock-inner-block-1KyAnM\">\n<div class=\"wp-block-lazyblock-inner-block lazyblock-inner-block-ZQJXop\">\n\n<p>  <\/p>\n\n<\/div>\n<\/div>\n\n<div class=\"col wp-block-lazyblock-inner-block lazyblock-inner-block-1k7Wmw\">\n<div class=\"head wp-block-lazyblock-inner-block lazyblock-inner-block-Z1G5WWD\">\n\n<p class=\"topline\">Theater-Sanierung in k\u00fcrzester Bauzeit<\/p>\n\n\n\n<h2 class=\"h1 wp-block-heading\">Musik\u00adtheater im Revier <span class=\"grey\">Gelsen\u00adkirchen<\/span><\/h2>\n\n<\/div>\n<\/div>\n<\/div>\n\n<div class=\"row x-24 md-3-6-3 sm-0-12-0 wp-block-lazyblock-inner-block lazyblock-inner-block-ZVfRHj\">\n<div class=\"col wp-block-lazyblock-inner-block lazyblock-inner-block-UKsF4\">\n<div class=\"wp-block-lazyblock-inner-block lazyblock-inner-block-Z1brndl\">\n\n<p class=\"md-right pl-24\"><\/p>\n\n<\/div>\n<\/div>\n\n<div class=\"col wp-block-lazyblock-inner-block lazyblock-inner-block-Z1rj4eR\">\n<div class=\"wp-block-lazyblock-inner-block lazyblock-inner-block-213Klg\">\n\n<p class=\"grey\"><strong>Das Musiktheater geh\u00f6rt zu den bedeutendsten Theaterbauten der Nachkriegszeit und steht seit 1997 unter Denkmalschutz.&nbsp;<\/strong><\/p>\n\n\n\n<p class=\"grey\"><strong>Der damals wie heute sensationelle Mix aus Architektur und bildender Kunst gibt dem Theater seinen unverwechselbaren Charakter.&nbsp;Die K\u00fcnstler Yves Klein, Jean Tinguely, Robert Adams, Norbert Kricke und Paul Dierkes arbeiteten gemeinsam an der \u00e4u\u00dferen und inneren Gestaltung dieses einzigartigen Musiktheaters.<\/strong><\/p>\n\n\n\n<div style=\"height:20px\" aria-hidden=\"true\" class=\"wp-block-spacer\"><\/div>\n\n\n\n<h3 class=\"h4 wp-block-heading\">Herausforderung<\/h3>\n\n\n\n<p>Kunst auf der Baustelle und Arbeiten in gro\u00dfer H\u00f6he. Eine Sanierung von 1.100 qm Akustikputz innerhalb von vier Wochen bei einer Raumh\u00f6he von 10 Metern war gefordert. Und das mit wertvollen Kunstbildern im gleichen Raum, die nicht ausgelagert werden konnten. Die terminlichen wie baulichen Rahmenbedingungen der Theater-Sanierung waren damit \u00e4u\u00dferst ung\u00fcnstig und anspruchsvoll.<\/p>\n\n\n\n<h3 class=\"h4 wp-block-heading\">L\u00f6sung<\/h3>\n\n\n\n<p>Bevor mit der Ausf\u00fchrung angefangen werden konnte, war eine intensive Recherche zur Auswahl des geeigneten Materials notwendig. Der Aufbau einer reibungslosen Logistik mit einer mobilen R\u00fcstung f\u00fcr gro\u00dfe Raumh\u00f6hen und die Entwicklung eines Schutzkonzeptes f\u00fcr die auf der Baustelle verbleibenden Kunstwerke waren ebenfalls notwendig.<\/p>\n\n\n\n<p>Innerhalb von nur vier Wochen wurden durch uns 1.100 qm Akustikputzarbeiten ausgef\u00fchrt. Dazu waren aufgrund der produktspezifischen Anforderungen bis zu sechs Arbeitsg\u00e4nge notwendig in denen unterschiedlichste Materialien und Systemkomponenten appliziert wurden.&nbsp;<\/p>\n\n\n<div class=\"grid x24 md-col-6-6-row-1 wp-block-lazyblock-inner-block lazyblock-inner-block-2jhc4k\">\n<div class=\"bg grey img wp-block-lazyblock-inner-block lazyblock-inner-block-ZoYbsy\">\n\n<figure class=\"wp-block-image size-large\"><a class=\"gallery\" href=\"https:\/\/hetzelsponheuer.de\/de\/wp-content\/uploads\/sites\/2\/2019\/11\/mu_ge_87809.jpg\" rel=\"gallery-1\"><img decoding=\"async\" loading=\"lazy\" width=\"500\" height=\"400\" src=\"https:\/\/hetzelsponheuer.de\/de\/wp-content\/uploads\/sites\/2\/2019\/11\/mu_ge_87809.jpg\" alt=\"\" class=\"wp-image-4655\" srcset=\"https:\/\/hetzelsponheuer.de\/de\/wp-content\/uploads\/sites\/2\/2019\/11\/mu_ge_87809.jpg 500w, https:\/\/hetzelsponheuer.de\/de\/wp-content\/uploads\/sites\/2\/2019\/11\/mu_ge_87809-400x320.jpg 400w\" sizes=\"(max-width: 500px) 100vw, 500px\" \/><\/a><\/figure>\n\n\n\n<p class=\"figcaption\">Forum im Musiktheater<\/p>\n\n<\/div>\n\n<div class=\"bg grey img wp-block-lazyblock-inner-block lazyblock-inner-block-2v4VGV\">\n\n<figure class=\"wp-block-image size-large\"><a class=\"gallery\" href=\"https:\/\/hetzelsponheuer.de\/de\/wp-content\/uploads\/sites\/2\/2019\/11\/mu_ge_87809_b.jpg\" rel=\"gallery-1\"><img decoding=\"async\" loading=\"lazy\" width=\"500\" height=\"400\" src=\"https:\/\/hetzelsponheuer.de\/de\/wp-content\/uploads\/sites\/2\/2019\/11\/mu_ge_87809_b.jpg\" alt=\"\" class=\"wp-image-4656\" srcset=\"https:\/\/hetzelsponheuer.de\/de\/wp-content\/uploads\/sites\/2\/2019\/11\/mu_ge_87809_b.jpg 500w, https:\/\/hetzelsponheuer.de\/de\/wp-content\/uploads\/sites\/2\/2019\/11\/mu_ge_87809_b-400x320.jpg 400w\" sizes=\"(max-width: 500px) 100vw, 500px\" \/><\/a><\/figure>\n\n\n\n<p class=\"figcaption\">Spezialr\u00fcstung und sanierte Fl\u00e4che<\/p>\n\n<\/div>\n<\/div>\n\n\n<p>Aufgrund zeitgleich t\u00e4tiger Fremdgewerke bei der Theater-Sanierung und der damit einhergehenden r\u00e4umlichen Begrenztheit war nicht nur der Abstimmungs-, sondern auch der Logistik-Aufwand enorm. Zwischentermine mussten vertraglich zwingend eingehalten werden.\u00a0<\/p>\n\n\n\n<p>Wegen der vorhandenen Kunst im Raum mussten zus\u00e4tzliche Schutzma\u00dfnahmen f\u00fcr die Fl\u00e4chen und Teile durchgef\u00fchrt werden, um das Akustiksystem auf einer H\u00f6he von 10 Metern einzubauen zu k\u00f6nnen. Die L\u00f6sung war neben einer gut durchdachten Materialwahl und der Vorhaltung einer Spezialausr\u00fcstung eine gr\u00f6\u00dftm\u00f6gliche Mobilit\u00e4t unserer Handwerker. Das Ergebnis der Theater-Sanierung war eine hochwertige, f\u00fcr alle Beteiligten erfolgreiche Bauleistung.<\/p>\n\n\n\n<div style=\"height:32px\" aria-hidden=\"true\" class=\"wp-block-spacer\"><\/div>\n\n<\/div>\n<\/div>\n\n<div class=\"col wp-block-lazyblock-inner-block lazyblock-inner-block-Z2wrBd9\">\n<div class=\"wp-block-lazyblock-inner-block lazyblock-inner-block-ZiJPc3\">\n<div class=\"menu-main-menu-container\"><ul id=\"menu-main-menu\" class=\"grey\"><li id=\"menu-item-2901\" class=\"menu-item \"><a href=\"https:\/\/hetzelsponheuer.de\/de\/referenzen\/projektseiten\/\">Projektseiten<\/a><\/li>\n<li id=\"menu-item-2769\" class=\"menu-item \"><a href=\"https:\/\/hetzelsponheuer.de\/de\/referenzen\/projektliste\/\">Projektliste<\/a><\/li>\n<\/ul><\/div>\n\n\n\n<h4 class=\"wp-block-heading\">Ihr Ansprechpartner<\/h4>\n\n\n\n<ul class=\"link ajx grey\"><li><a href=\"carsten-haddick\" data-display=\"fancybox\" data-post-type=\"mitarbeiter\">Carsten Haddick<\/a><\/li><\/ul>\n\n\n\n<h4 class=\"wp-block-heading\">L\u00f6sungen<\/h4>\n\n\n\n<ul class=\"fade-link grey\"><li><a href=\"https:\/\/hetzelsponheuer.de\/de\/loesungen\/#wohnen-gewerbe-industrie\">Wohnen, Gewerbe und Industrie<\/a><\/li><\/ul>\n\n\n\n<h4 class=\"wp-block-heading\">Leistungen<\/h4>\n\n\n\n<ul class=\"fade-link grey\"><li><a href=\"https:\/\/hetzelsponheuer.de\/de\/leistungen\/#organisation-und-baubegleitung\">Organisation und Baubegleitung<\/a><\/li><li><a href=\"https:\/\/hetzelsponheuer.de\/de\/leistungen\/#handwerk-und-technik\">Handwerk und Bautechnik<\/a><\/li><\/ul>\n\n\n\n<ul><li>Bauorganisation<\/li><li>Materiallogistik<\/li><li>Materialmanagement<\/li><li>Malerarbeiten<\/li><li>Spezialger\u00fcstbau<\/li><li>Installation Akustiksystem<\/li><\/ul>\n\n\n\n<h4 class=\"wp-block-heading\">Fotos<\/h4>\n\n\n\n<ul><li>Astrid Theisen<\/li><\/ul>\n\n<\/div>\n<\/div>\n<\/div>\n\n<div class=\"row x-24 md-3-9 sm-0-12 wp-block-lazyblock-inner-block lazyblock-inner-block-2mrwsP\">\n<div class=\"col wp-block-lazyblock-inner-block lazyblock-inner-block-ZuCFTF\">\n<div class=\"wp-block-lazyblock-inner-block lazyblock-inner-block-Z1QKVGh\">\n\n<p>  <\/p>\n\n<\/div>\n<\/div>\n\n<div class=\"col wp-block-lazyblock-inner-block lazyblock-inner-block-Z1dEO6S\">\n<div class=\"wp-block-lazyblock-inner-block lazyblock-inner-block-1GrFqs\">\n\n<p class=\"logo hetzel\">   <\/p>\n\n<\/div>\n\n\n<div style=\"height:56px\" aria-hidden=\"true\" class=\"wp-block-spacer\"><\/div>\n\n<\/div>\n<\/div>","protected":false},"excerpt":{"rendered":"","protected":false},"author":1,"featured_media":0,"parent":63,"menu_order":9,"comment_status":"closed","ping_status":"closed","template":"page-usecase.php","meta":{"footnotes":""},"yoast_head":"<!-- This site is optimized with the Yoast SEO plugin v22.6 - https:\/\/yoast.com\/wordpress\/plugins\/seo\/ -->\n<title>Theater-Sanierung \u00b7 Musiktheater im Revier \u00b7 Hetzel+Sponheuer<\/title>\n<meta name=\"description\" content=\"Materialwahl, Spezialausr\u00fcstung und hohe Mobilit\u00e4t der Handwerker erm\u00f6glichten die hochwertige Bauleistung bei der Theater-Sanierung in Gelsenkirchen.\" \/>\n<meta name=\"robots\" content=\"index, follow, max-snippet:-1, max-image-preview:large, max-video-preview:-1\" \/>\n<link rel=\"canonical\" href=\"https:\/\/hetzelsponheuer.de\/de\/referenzen\/musiktheater-gelsenkirchen\/\" \/>\n<meta property=\"og:locale\" content=\"de_DE\" \/>\n<meta property=\"og:type\" content=\"article\" \/>\n<meta property=\"og:title\" content=\"Theater-Sanierung \u00b7 Musiktheater im Revier \u00b7 Hetzel+Sponheuer\" \/>\n<meta property=\"og:description\" content=\"Materialwahl, Spezialausr\u00fcstung und hohe Mobilit\u00e4t der Handwerker erm\u00f6glichten die hochwertige Bauleistung bei der Theater-Sanierung in Gelsenkirchen.\" \/>\n<meta property=\"og:url\" content=\"https:\/\/hetzelsponheuer.de\/de\/referenzen\/musiktheater-gelsenkirchen\/\" \/>\n<meta property=\"og:site_name\" content=\"Hetzel+Sponheuer \u00b7 de\" \/>\n<meta property=\"article:modified_time\" content=\"2020-03-07T16:13:37+00:00\" \/>\n<meta property=\"og:image\" content=\"https:\/\/hetzelsponheuer.de\/de\/wp-content\/uploads\/sites\/2\/2019\/09\/mu-ge-1629a-links.jpg\" \/>\n<meta name=\"twitter:card\" content=\"summary_large_image\" \/>\n<script type=\"application\/ld+json\" class=\"yoast-schema-graph\">{\"@context\":\"https:\/\/schema.org\",\"@graph\":[{\"@type\":\"WebPage\",\"@id\":\"https:\/\/hetzelsponheuer.de\/de\/referenzen\/musiktheater-gelsenkirchen\/\",\"url\":\"https:\/\/hetzelsponheuer.de\/de\/referenzen\/musiktheater-gelsenkirchen\/\",\"name\":\"Theater-Sanierung \u00b7 Musiktheater im Revier \u00b7 Hetzel+Sponheuer\",\"isPartOf\":{\"@id\":\"https:\/\/hetzelsponheuer.de\/de\/#website\"},\"primaryImageOfPage\":{\"@id\":\"https:\/\/hetzelsponheuer.de\/de\/referenzen\/musiktheater-gelsenkirchen\/#primaryimage\"},\"image\":{\"@id\":\"https:\/\/hetzelsponheuer.de\/de\/referenzen\/musiktheater-gelsenkirchen\/#primaryimage\"},\"thumbnailUrl\":\"https:\/\/hetzelsponheuer.de\/de\/wp-content\/uploads\/sites\/2\/2019\/09\/mu-ge-1629a-links.jpg\",\"datePublished\":\"2019-09-12T10:30:33+00:00\",\"dateModified\":\"2020-03-07T16:13:37+00:00\",\"description\":\"Materialwahl, Spezialausr\u00fcstung und hohe Mobilit\u00e4t der Handwerker erm\u00f6glichten die hochwertige Bauleistung bei der Theater-Sanierung in Gelsenkirchen.\",\"breadcrumb\":{\"@id\":\"https:\/\/hetzelsponheuer.de\/de\/referenzen\/musiktheater-gelsenkirchen\/#breadcrumb\"},\"inLanguage\":\"de\",\"potentialAction\":[{\"@type\":\"ReadAction\",\"target\":[\"https:\/\/hetzelsponheuer.de\/de\/referenzen\/musiktheater-gelsenkirchen\/\"]}]},{\"@type\":\"ImageObject\",\"inLanguage\":\"de\",\"@id\":\"https:\/\/hetzelsponheuer.de\/de\/referenzen\/musiktheater-gelsenkirchen\/#primaryimage\",\"url\":\"https:\/\/hetzelsponheuer.de\/de\/wp-content\/uploads\/sites\/2\/2019\/09\/mu-ge-1629a-links.jpg\",\"contentUrl\":\"https:\/\/hetzelsponheuer.de\/de\/wp-content\/uploads\/sites\/2\/2019\/09\/mu-ge-1629a-links.jpg\",\"width\":373,\"height\":560},{\"@type\":\"BreadcrumbList\",\"@id\":\"https:\/\/hetzelsponheuer.de\/de\/referenzen\/musiktheater-gelsenkirchen\/#breadcrumb\",\"itemListElement\":[{\"@type\":\"ListItem\",\"position\":1,\"name\":\"Startseite\",\"item\":\"https:\/\/hetzelsponheuer.de\/de\/\"},{\"@type\":\"ListItem\",\"position\":2,\"name\":\"Referenzen\",\"item\":\"https:\/\/hetzelsponheuer.de\/de\/referenzen\/\"},{\"@type\":\"ListItem\",\"position\":3,\"name\":\"Musiktheater Gelsenkirchen\"}]},{\"@type\":\"WebSite\",\"@id\":\"https:\/\/hetzelsponheuer.de\/de\/#website\",\"url\":\"https:\/\/hetzelsponheuer.de\/de\/\",\"name\":\"Hetzel+Sponheuer \u00b7 de\",\"description\":\"L\u00f6sungen f\u00fcr Ihr Bauprojekt\",\"publisher\":{\"@id\":\"https:\/\/hetzelsponheuer.de\/de\/#organization\"},\"inLanguage\":\"de\"},{\"@type\":\"Organization\",\"@id\":\"https:\/\/hetzelsponheuer.de\/de\/#organization\",\"name\":\"Hetzel+Sponheuer GmbH & Co. KG\",\"url\":\"https:\/\/hetzelsponheuer.de\/de\/\",\"logo\":{\"@type\":\"ImageObject\",\"inLanguage\":\"de\",\"@id\":\"https:\/\/hetzelsponheuer.de\/de\/#\/schema\/logo\/image\/\",\"url\":\"https:\/\/hetzelsponheuer.de\/en\/wp-content\/uploads\/sites\/2\/2020\/02\/logo_hetzelsponheuer.png\",\"contentUrl\":\"https:\/\/hetzelsponheuer.de\/en\/wp-content\/uploads\/sites\/2\/2020\/02\/logo_hetzelsponheuer.png\",\"width\":360,\"height\":24,\"caption\":\"Hetzel+Sponheuer GmbH & Co. KG\"},\"image\":{\"@id\":\"https:\/\/hetzelsponheuer.de\/de\/#\/schema\/logo\/image\/\"},\"sameAs\":[\"https:\/\/www.linkedin.com\/company\/hetzel-sponheuer-gmbh-&amp;-co.-kg\"]}]}<\/script>\n<!-- \/ Yoast SEO plugin. -->","yoast_head_json":{"title":"Theater-Sanierung \u00b7 Musiktheater im Revier \u00b7 Hetzel+Sponheuer","description":"Materialwahl, Spezialausr\u00fcstung und hohe Mobilit\u00e4t der Handwerker erm\u00f6glichten die hochwertige Bauleistung bei der Theater-Sanierung in Gelsenkirchen.","robots":{"index":"index","follow":"follow","max-snippet":"max-snippet:-1","max-image-preview":"max-image-preview:large","max-video-preview":"max-video-preview:-1"},"canonical":"https:\/\/hetzelsponheuer.de\/de\/referenzen\/musiktheater-gelsenkirchen\/","og_locale":"de_DE","og_type":"article","og_title":"Theater-Sanierung \u00b7 Musiktheater im Revier \u00b7 Hetzel+Sponheuer","og_description":"Materialwahl, Spezialausr\u00fcstung und hohe Mobilit\u00e4t der Handwerker erm\u00f6glichten die hochwertige Bauleistung bei der Theater-Sanierung in Gelsenkirchen.","og_url":"https:\/\/hetzelsponheuer.de\/de\/referenzen\/musiktheater-gelsenkirchen\/","og_site_name":"Hetzel+Sponheuer \u00b7 de","article_modified_time":"2020-03-07T16:13:37+00:00","og_image":[{"url":"https:\/\/hetzelsponheuer.de\/de\/wp-content\/uploads\/sites\/2\/2019\/09\/mu-ge-1629a-links.jpg"}],"twitter_card":"summary_large_image","schema":{"@context":"https:\/\/schema.org","@graph":[{"@type":"WebPage","@id":"https:\/\/hetzelsponheuer.de\/de\/referenzen\/musiktheater-gelsenkirchen\/","url":"https:\/\/hetzelsponheuer.de\/de\/referenzen\/musiktheater-gelsenkirchen\/","name":"Theater-Sanierung \u00b7 Musiktheater im Revier \u00b7 Hetzel+Sponheuer","isPartOf":{"@id":"https:\/\/hetzelsponheuer.de\/de\/#website"},"primaryImageOfPage":{"@id":"https:\/\/hetzelsponheuer.de\/de\/referenzen\/musiktheater-gelsenkirchen\/#primaryimage"},"image":{"@id":"https:\/\/hetzelsponheuer.de\/de\/referenzen\/musiktheater-gelsenkirchen\/#primaryimage"},"thumbnailUrl":"https:\/\/hetzelsponheuer.de\/de\/wp-content\/uploads\/sites\/2\/2019\/09\/mu-ge-1629a-links.jpg","datePublished":"2019-09-12T10:30:33+00:00","dateModified":"2020-03-07T16:13:37+00:00","description":"Materialwahl, Spezialausr\u00fcstung und hohe Mobilit\u00e4t der Handwerker erm\u00f6glichten die hochwertige Bauleistung bei der Theater-Sanierung in Gelsenkirchen.","breadcrumb":{"@id":"https:\/\/hetzelsponheuer.de\/de\/referenzen\/musiktheater-gelsenkirchen\/#breadcrumb"},"inLanguage":"de","potentialAction":[{"@type":"ReadAction","target":["https:\/\/hetzelsponheuer.de\/de\/referenzen\/musiktheater-gelsenkirchen\/"]}]},{"@type":"ImageObject","inLanguage":"de","@id":"https:\/\/hetzelsponheuer.de\/de\/referenzen\/musiktheater-gelsenkirchen\/#primaryimage","url":"https:\/\/hetzelsponheuer.de\/de\/wp-content\/uploads\/sites\/2\/2019\/09\/mu-ge-1629a-links.jpg","contentUrl":"https:\/\/hetzelsponheuer.de\/de\/wp-content\/uploads\/sites\/2\/2019\/09\/mu-ge-1629a-links.jpg","width":373,"height":560},{"@type":"BreadcrumbList","@id":"https:\/\/hetzelsponheuer.de\/de\/referenzen\/musiktheater-gelsenkirchen\/#breadcrumb","itemListElement":[{"@type":"ListItem","position":1,"name":"Startseite","item":"https:\/\/hetzelsponheuer.de\/de\/"},{"@type":"ListItem","position":2,"name":"Referenzen","item":"https:\/\/hetzelsponheuer.de\/de\/referenzen\/"},{"@type":"ListItem","position":3,"name":"Musiktheater Gelsenkirchen"}]},{"@type":"WebSite","@id":"https:\/\/hetzelsponheuer.de\/de\/#website","url":"https:\/\/hetzelsponheuer.de\/de\/","name":"Hetzel+Sponheuer \u00b7 de","description":"L\u00f6sungen f\u00fcr Ihr Bauprojekt","publisher":{"@id":"https:\/\/hetzelsponheuer.de\/de\/#organization"},"inLanguage":"de"},{"@type":"Organization","@id":"https:\/\/hetzelsponheuer.de\/de\/#organization","name":"Hetzel+Sponheuer GmbH & Co. KG","url":"https:\/\/hetzelsponheuer.de\/de\/","logo":{"@type":"ImageObject","inLanguage":"de","@id":"https:\/\/hetzelsponheuer.de\/de\/#\/schema\/logo\/image\/","url":"https:\/\/hetzelsponheuer.de\/en\/wp-content\/uploads\/sites\/2\/2020\/02\/logo_hetzelsponheuer.png","contentUrl":"https:\/\/hetzelsponheuer.de\/en\/wp-content\/uploads\/sites\/2\/2020\/02\/logo_hetzelsponheuer.png","width":360,"height":24,"caption":"Hetzel+Sponheuer GmbH & Co. KG"},"image":{"@id":"https:\/\/hetzelsponheuer.de\/de\/#\/schema\/logo\/image\/"},"sameAs":["https:\/\/www.linkedin.com\/company\/hetzel-sponheuer-gmbh-&amp;-co.-kg"]}]}},"_links":{"self":[{"href":"https:\/\/hetzelsponheuer.de\/de\/wp-json\/wp\/v2\/pages\/3101"}],"collection":[{"href":"https:\/\/hetzelsponheuer.de\/de\/wp-json\/wp\/v2\/pages"}],"about":[{"href":"https:\/\/hetzelsponheuer.de\/de\/wp-json\/wp\/v2\/types\/page"}],"author":[{"embeddable":true,"href":"https:\/\/hetzelsponheuer.de\/de\/wp-json\/wp\/v2\/users\/1"}],"replies":[{"embeddable":true,"href":"https:\/\/hetzelsponheuer.de\/de\/wp-json\/wp\/v2\/comments?post=3101"}],"version-history":[{"count":3,"href":"https:\/\/hetzelsponheuer.de\/de\/wp-json\/wp\/v2\/pages\/3101\/revisions"}],"predecessor-version":[{"id":5301,"href":"https:\/\/hetzelsponheuer.de\/de\/wp-json\/wp\/v2\/pages\/3101\/revisions\/5301"}],"up":[{"embeddable":true,"href":"https:\/\/hetzelsponheuer.de\/de\/wp-json\/wp\/v2\/pages\/63"}],"wp:attachment":[{"href":"https:\/\/hetzelsponheuer.de\/de\/wp-json\/wp\/v2\/media?parent=3101"}],"curies":[{"name":"wp","href":"https:\/\/api.w.org\/{rel}","templated":true}]}}