{"id":3108,"date":"2019-09-12T14:11:16","date_gmt":"2019-09-12T12:11:16","guid":{"rendered":"http:\/\/hetzelsponheuer.de\/de\/?page_id=3108"},"modified":"2024-02-19T11:18:53","modified_gmt":"2024-02-19T10:18:53","slug":"oase-duesseldorf","status":"publish","type":"page","link":"https:\/\/hetzelsponheuer.de\/de\/referenzen\/oase-duesseldorf\/","title":{"rendered":"O.A.S.E D\u00fcsseldorf"},"content":{"rendered":"<div class=\"banner row x-4 md-3-6-3 sm-0-12-0 wp-block-lazyblock-inner-block lazyblock-inner-block-1kSrP1\">\n<div class=\"col wp-block-lazyblock-inner-block lazyblock-inner-block-Z1da7Fw\">\n<div class=\"bg grey img wp-block-lazyblock-inner-block lazyblock-inner-block-xltxB\">\n\n<figure class=\"wp-block-image\"><img decoding=\"async\" loading=\"lazy\" width=\"393\" height=\"421\" src=\"https:\/\/hetzelsponheuer.de\/de\/wp-content\/uploads\/sites\/2\/2019\/09\/oase_6024_2_aus.jpg\" alt=\"Fassade 1\" class=\"wp-image-3407\" srcset=\"https:\/\/hetzelsponheuer.de\/de\/wp-content\/uploads\/sites\/2\/2019\/09\/oase_6024_2_aus.jpg 393w, https:\/\/hetzelsponheuer.de\/de\/wp-content\/uploads\/sites\/2\/2019\/09\/oase_6024_2_aus-280x300.jpg 280w\" sizes=\"(max-width: 393px) 100vw, 393px\" \/><\/figure>\n\n<\/div>\n<\/div>\n\n<div class=\"col wp-block-lazyblock-inner-block lazyblock-inner-block-1gDVMO\">\n<div class=\"bg grey img wp-block-lazyblock-inner-block lazyblock-inner-block-25PnQc\">\n\n<figure class=\"wp-block-image\"><img decoding=\"async\" loading=\"lazy\" width=\"754\" height=\"631\" src=\"https:\/\/hetzelsponheuer.de\/de\/wp-content\/uploads\/sites\/2\/2019\/09\/oase_6024_2_links.jpg\" alt=\"Fassadebau Glasmosaik\" class=\"wp-image-3408\" srcset=\"https:\/\/hetzelsponheuer.de\/de\/wp-content\/uploads\/sites\/2\/2019\/09\/oase_6024_2_links.jpg 754w, https:\/\/hetzelsponheuer.de\/de\/wp-content\/uploads\/sites\/2\/2019\/09\/oase_6024_2_links-300x251.jpg 300w\" sizes=\"(max-width: 754px) 100vw, 754px\" \/><\/figure>\n\n<\/div>\n<\/div>\n\n<div class=\"col wp-block-lazyblock-inner-block lazyblock-inner-block-2lGT91\">\n<div class=\"bg grey img wp-block-lazyblock-inner-block lazyblock-inner-block-Z1n79J4\">\n\n<figure class=\"wp-block-image\"><img decoding=\"async\" loading=\"lazy\" width=\"393\" height=\"652\" src=\"https:\/\/hetzelsponheuer.de\/de\/wp-content\/uploads\/sites\/2\/2019\/09\/oase_6024_2_rechts.jpg\" alt=\"Fassade\" class=\"wp-image-3409\" srcset=\"https:\/\/hetzelsponheuer.de\/de\/wp-content\/uploads\/sites\/2\/2019\/09\/oase_6024_2_rechts.jpg 393w, https:\/\/hetzelsponheuer.de\/de\/wp-content\/uploads\/sites\/2\/2019\/09\/oase_6024_2_rechts-181x300.jpg 181w\" sizes=\"(max-width: 393px) 100vw, 393px\" \/><\/figure>\n\n<\/div>\n<\/div>\n<\/div>\n\n<div class=\"row x-24 md-3-9 sm-0-12 wp-block-lazyblock-inner-block lazyblock-inner-block-Z1YnPRv\">\n<div class=\"col wp-block-lazyblock-inner-block lazyblock-inner-block-1KyAnM\">\n<div class=\"wp-block-lazyblock-inner-block lazyblock-inner-block-ZQJXop\">\n\n<p>  <\/p>\n\n<\/div>\n<\/div>\n\n<div class=\"col wp-block-lazyblock-inner-block lazyblock-inner-block-1k7Wmw\">\n<div class=\"head wp-block-lazyblock-inner-block lazyblock-inner-block-Z1G5WWD\">\n\n<p class=\"topline\">Hinterl\u00fcftete Fassade &#8211; Neubau<\/p>\n\n\n\n<h2 class=\"wp-block-heading h1\">Medi\u00adzi\u00adnische Fach\u00adbibli\u00adothek O.A.S.E. <span class=\"grey\">D\u00fcssel\u00addorf<\/span><\/h2>\n\n<\/div>\n<\/div>\n<\/div>\n\n<div class=\"row x-24 md-3-6-3 sm-12-12-12 wp-block-lazyblock-inner-block lazyblock-inner-block-ZVfRHj\">\n<div class=\"col wp-block-lazyblock-inner-block lazyblock-inner-block-UKsF4\">\n<div class=\"wp-block-lazyblock-inner-block lazyblock-inner-block-Z1brndl\">\n\n<p class=\"md-right grey pl-24\"><strong>Der Neubau einer modernen Fach\u00adbibliothek f\u00fcr Medizin auf dem Uni\u00adversit\u00e4ts\u00adcampus in D\u00fcsseldorf sollte ein Ort der Kommunikation f\u00fcr Studenten werden und eine enge r\u00e4um\u00adliche Verbin\u00addung von Klinik, For\u00adschung und Lehre her\u00adstellen.&nbsp;<\/strong><\/p>\n\n<\/div>\n<\/div>\n\n<div class=\"col wp-block-lazyblock-inner-block lazyblock-inner-block-Z1rj4eR\">\n<div class=\"wp-block-lazyblock-inner-block lazyblock-inner-block-213Klg\">\n\n<p>Der Name O.A.S.E. bedeutet dabei sowohl Begeg\u00adnung als auch R\u00fcck\u00adzugs\u00adm\u00f6glich\u00adkeit f\u00fcr konzen\u00adtrier\u00adtes, ruhiges Arbeiten. Durch eine indivi\u00adduelle Fassaden\u00adgestal\u00adtung sollte das Geb\u00e4ude besonders hohen Aufmerk\u00adsamkeits- und Identi\u00adfika\u00adtions\u00adwert erhalten.<\/p>\n\n\n\n<h3 class=\"wp-block-heading h4\">Herausforderung<\/h3>\n\n\n\n<p>Bei einer H\u00f6he von ca. 40 Metern sollte die neue Fachbibliothek der Universit\u00e4t eine individuelle Fassadenkonstruktion und freie Grundrissgestaltung erhalten und somit dem Geb\u00e4ude einen besonderen Charme und Wiedererkennungswert verleihen. Die extreme Geb\u00e4udeh\u00f6he stellte dabei hohe Anforderungen an die Baulogistik \u2013&nbsp;und der Detailreichtum der Fassade erforderte eine qualit\u00e4tsvolle handwerkliche Ausf\u00fchrung.<\/p>\n\n\n\n<h3 class=\"wp-block-heading h4\">L\u00f6sung<\/h3>\n\n\n\n<p>Die Konzeption und Planung der vorgeh\u00e4ngten Fassade erfolgte bereits zu einem fr\u00fchen Zeitpunkt unter Einbezug s\u00e4mtlicher Beteiligten, wie Fachplaner, Statiker und Materiallieferanten. So konnten die Details der hinterl\u00fcfteten Glasmosaikfassade auf Tr\u00e4gerplatten vor Ausf\u00fchrung gekl\u00e4rt und bei der Logistik ber\u00fccksichtigt werden. Zum Zeitpunkt der Ausf\u00fchrung wurde so sichergestellt, dass im richtigen Moment das jeweils geplante Fassadenelement montiert werden konnte.<\/p>\n\n\n<div class=\"grid x24 md-col-4-4-4-row-1 wp-block-lazyblock-inner-block lazyblock-inner-block-Z264utg\">\n<div class=\"bg grey img wp-block-lazyblock-inner-block lazyblock-inner-block-ZAJHOs\">\n\n<figure class=\"wp-block-image size-large\"><a class=\"gallery\" href=\"https:\/\/hetzelsponheuer.de\/de\/wp-content\/uploads\/sites\/2\/2019\/11\/oase_4227_2.jpg\" rel=\"gallery-1\"><img decoding=\"async\" loading=\"lazy\" width=\"450\" height=\"600\" src=\"https:\/\/hetzelsponheuer.de\/de\/wp-content\/uploads\/sites\/2\/2019\/11\/oase_4227_2.jpg\" alt=\"Einr\u00fcstung\" class=\"wp-image-4659\" srcset=\"https:\/\/hetzelsponheuer.de\/de\/wp-content\/uploads\/sites\/2\/2019\/11\/oase_4227_2.jpg 450w, https:\/\/hetzelsponheuer.de\/de\/wp-content\/uploads\/sites\/2\/2019\/11\/oase_4227_2-300x400.jpg 300w\" sizes=\"(max-width: 450px) 100vw, 450px\" \/><\/a><\/figure>\n\n\n\n<p class=\"figcaption\">Ger\u00fcstete Fassade<\/p>\n\n<\/div>\n\n<div class=\"bg grey img wp-block-lazyblock-inner-block lazyblock-inner-block-Z1GRY1A\">\n\n<figure class=\"wp-block-image size-large\"><a class=\"gallery\" href=\"https:\/\/hetzelsponheuer.de\/de\/wp-content\/uploads\/sites\/2\/2019\/11\/oase_6010.jpg\" rel=\"gallery-1\"><img decoding=\"async\" loading=\"lazy\" width=\"450\" height=\"600\" src=\"https:\/\/hetzelsponheuer.de\/de\/wp-content\/uploads\/sites\/2\/2019\/11\/oase_6010.jpg\" alt=\"Glasmosaik und Fenster\" class=\"wp-image-4660\" srcset=\"https:\/\/hetzelsponheuer.de\/de\/wp-content\/uploads\/sites\/2\/2019\/11\/oase_6010.jpg 450w, https:\/\/hetzelsponheuer.de\/de\/wp-content\/uploads\/sites\/2\/2019\/11\/oase_6010-300x400.jpg 300w\" sizes=\"(max-width: 450px) 100vw, 450px\" \/><\/a><\/figure>\n\n\n\n<p class=\"figcaption\">Fassade<\/p>\n\n<\/div>\n\n<div class=\"bg grey img wp-block-lazyblock-inner-block lazyblock-inner-block-Z1nkxpw\">\n\n<figure class=\"wp-block-image size-large\"><a class=\"gallery\" href=\"https:\/\/hetzelsponheuer.de\/de\/wp-content\/uploads\/sites\/2\/2019\/11\/oase_6047.jpg\" rel=\"gallery-1\"><img decoding=\"async\" loading=\"lazy\" width=\"450\" height=\"600\" src=\"https:\/\/hetzelsponheuer.de\/de\/wp-content\/uploads\/sites\/2\/2019\/11\/oase_6047.jpg\" alt=\"Fassadenbau\" class=\"wp-image-4661\" srcset=\"https:\/\/hetzelsponheuer.de\/de\/wp-content\/uploads\/sites\/2\/2019\/11\/oase_6047.jpg 450w, https:\/\/hetzelsponheuer.de\/de\/wp-content\/uploads\/sites\/2\/2019\/11\/oase_6047-300x400.jpg 300w\" sizes=\"(max-width: 450px) 100vw, 450px\" \/><\/a><\/figure>\n\n\n\n<p class=\"figcaption\">Fassade<\/p>\n\n<\/div>\n<\/div>\n\n\n<p>Die ganz besondere Fassadengestaltung war eine echte High-Tech-L\u00f6sung mit anspruchsvollen, architektonischen Details. Die vorgeh\u00e4ngte Fassade besteht aus individuell angefertigten Tr\u00e4gerelementen, die sich dem vorhandenen, geplanten Radius der Fensterelemente anpassen. Dabei waren nicht nur statische Besonderheiten, sondern vor allem ein geeignetes Befestigungssystem zu ber\u00fccksichtigen. So musste f\u00fcr die Anschl\u00fcsse eine Sonderl\u00f6sung entwickelt werden, bei der alle Beteiligten des Projekts mithalfen. Um die richtige L\u00f6sung zu finden, wurden Musterfl\u00e4chen aufgebaut und daran Praxisversuche durchgef\u00fchrt. Erst danach konnte eine Entscheidung \u00fcber die umzusetzende handwerklich technische L\u00f6sung getroffen werden. Da die Fassadenplatten abschlie\u00dfend mit kleinteiligen, wei\u00dfen Glasmosaikfliesen belegt wurden, mussten diese mit viel handwerklicher Detailarbeit und Geschick an vorhandene Formteile angearbeitet werden. Dabei waren ebenfalls die Detailausbildungen f\u00fcr individuelle Fugenl\u00f6sungen umzusetzen.<\/p>\n\n\n\n<p>Die Hochwertigkeit der geplanten Fassade konnte nur dadurch gew\u00e4hrleistet werden, indem alle Beteiligten mit absoluter Professionalit\u00e4t arbeiteten. Hier konnte das Hetzel + Sponheuer Team sein vollst\u00e4ndiges Know-how einsetzen und zeigen, dass eine qualifizierte Leistung von der Arbeitsvorbereitung und Werkplanung bis hin zur Detailumsetzung und Personaldisposition kein Problem darstellt.<\/p>\n\n\n\n<div style=\"height:32px\" aria-hidden=\"true\" class=\"wp-block-spacer\"><\/div>\n\n<\/div>\n<\/div>\n\n<div class=\"col wp-block-lazyblock-inner-block lazyblock-inner-block-Z2wrBd9\">\n<div class=\"wp-block-lazyblock-inner-block lazyblock-inner-block-ZiJPc3\">\n<div class=\"menu-main-menu-container\"><ul id=\"menu-main-menu\" class=\"grey\"><li id=\"menu-item-2901\" class=\"menu-item \"><a href=\"https:\/\/hetzelsponheuer.de\/de\/referenzen\/projektseiten\/\">Projektseiten<\/a><\/li>\n<li id=\"menu-item-2769\" class=\"menu-item \"><a href=\"https:\/\/hetzelsponheuer.de\/de\/referenzen\/projektliste\/\">Projektliste<\/a><\/li>\n<\/ul><\/div>\n\n\n\n<h4 class=\"wp-block-heading\">Ihr Ansprechpartner<\/h4>\n\n\n\n<ul class=\"link ajx grey\">\n<li><a href=\"https:\/\/hetzelsponheuer.de\/en\/mitarbeiter\/carsten-haddick\" data-display=\"fancybox\" data-post-type=\"mitarbeiter\">Carsten Haddick<\/a><\/li>\n<\/ul>\n\n\n\n<h4 class=\"wp-block-heading\">L\u00f6sungen<\/h4>\n\n\n\n<ul class=\"grey fade-link\">\n<li><a href=\"https:\/\/hetzelsponheuer.de\/de\/loesungen\/#wohnen-gewerbe-industrie\">Wohnen, Gewerbe und Industrie<\/a><\/li>\n<\/ul>\n\n\n\n<h4 class=\"wp-block-heading\">Leistungen<\/h4>\n\n\n\n<ul>\n<li>Ausf\u00fchrungsteilplanung (Werkplanung)<\/li>\n\n\n\n<li>Fassadenunterbau<\/li>\n\n\n\n<li>Glasmosaik<\/li>\n\n\n\n<li>Anschlussdetails<\/li>\n\n\n\n<li>Befestigungssysteme<\/li>\n\n\n\n<li>Montage und Handwerk<\/li>\n<\/ul>\n\n\n\n<h4 class=\"wp-block-heading\">Fotos<\/h4>\n\n\n\n<ul class=\"link grey\">\n<li><a href=\"http:\/\/www.format-seifert.de\/\" target=\"_blank\" rel=\"noreferrer noopener\">Susanne Seifert, Dortmund<br>www.format-seifert.de<\/a><\/li>\n<\/ul>\n\n<\/div>\n<\/div>\n<\/div>\n\n<div class=\"row x-24 md-3-9 sm-0-12 wp-block-lazyblock-inner-block lazyblock-inner-block-1DfzxM\">\n<div class=\"col wp-block-lazyblock-inner-block lazyblock-inner-block-2f9CCq\">\n<div class=\"wp-block-lazyblock-inner-block lazyblock-inner-block-Z1s8cnn\">\n\n<p>  <\/p>\n\n<\/div>\n<\/div>\n\n<div class=\"col wp-block-lazyblock-inner-block lazyblock-inner-block-1w9W4s\">\n<div class=\"wp-block-lazyblock-inner-block lazyblock-inner-block-1YtzFn\">\n\n<p class=\"logo sponheuer\">   <\/p>\n\n<\/div>\n\n\n<div style=\"height:56px\" aria-hidden=\"true\" class=\"wp-block-spacer\"><\/div>\n\n<\/div>\n<\/div>","protected":false},"excerpt":{"rendered":"","protected":false},"author":1,"featured_media":0,"parent":63,"menu_order":9,"comment_status":"closed","ping_status":"closed","template":"page-usecase.php","meta":{"footnotes":""},"yoast_head":"<!-- This site is optimized with the Yoast SEO plugin v22.6 - https:\/\/yoast.com\/wordpress\/plugins\/seo\/ -->\n<title>Fassadenbau Glasmosaik \u00b7 O.A.S.E. D\u00fcsseldorf \u00b7 Hetzel+Sponheuer<\/title>\n<meta name=\"description\" content=\"Eine nicht allt\u00e4gliche Baustelle im Fassadenbau, die ungew\u00f6hnliche Techniken forderte, war die Glasmosaik Fassade der Fachbibliothek O:A:S:E in D\u00fcsseldorf.\" \/>\n<meta name=\"robots\" content=\"index, follow, max-snippet:-1, max-image-preview:large, max-video-preview:-1\" \/>\n<link rel=\"canonical\" href=\"https:\/\/hetzelsponheuer.de\/de\/referenzen\/oase-duesseldorf\/\" \/>\n<meta property=\"og:locale\" content=\"de_DE\" \/>\n<meta property=\"og:type\" content=\"article\" \/>\n<meta property=\"og:title\" content=\"Fassadenbau Glasmosaik \u00b7 O.A.S.E. D\u00fcsseldorf \u00b7 Hetzel+Sponheuer\" \/>\n<meta property=\"og:description\" content=\"Eine nicht allt\u00e4gliche Baustelle im Fassadenbau, die ungew\u00f6hnliche Techniken forderte, war die Glasmosaik Fassade der Fachbibliothek O:A:S:E in D\u00fcsseldorf.\" \/>\n<meta property=\"og:url\" content=\"https:\/\/hetzelsponheuer.de\/de\/referenzen\/oase-duesseldorf\/\" \/>\n<meta property=\"og:site_name\" content=\"Hetzel+Sponheuer \u00b7 de\" \/>\n<meta property=\"article:modified_time\" content=\"2024-02-19T10:18:53+00:00\" \/>\n<meta property=\"og:image\" content=\"https:\/\/hetzelsponheuer.de\/de\/wp-content\/uploads\/sites\/2\/2019\/09\/oase_6024_2_aus.jpg\" \/>\n<meta name=\"twitter:card\" content=\"summary_large_image\" \/>\n<meta name=\"twitter:label1\" content=\"Gesch\u00e4tzte Lesezeit\" \/>\n\t<meta name=\"twitter:data1\" content=\"2\u00a0Minuten\" \/>\n<script type=\"application\/ld+json\" class=\"yoast-schema-graph\">{\"@context\":\"https:\/\/schema.org\",\"@graph\":[{\"@type\":\"WebPage\",\"@id\":\"https:\/\/hetzelsponheuer.de\/de\/referenzen\/oase-duesseldorf\/\",\"url\":\"https:\/\/hetzelsponheuer.de\/de\/referenzen\/oase-duesseldorf\/\",\"name\":\"Fassadenbau Glasmosaik \u00b7 O.A.S.E. D\u00fcsseldorf \u00b7 Hetzel+Sponheuer\",\"isPartOf\":{\"@id\":\"https:\/\/hetzelsponheuer.de\/de\/#website\"},\"primaryImageOfPage\":{\"@id\":\"https:\/\/hetzelsponheuer.de\/de\/referenzen\/oase-duesseldorf\/#primaryimage\"},\"image\":{\"@id\":\"https:\/\/hetzelsponheuer.de\/de\/referenzen\/oase-duesseldorf\/#primaryimage\"},\"thumbnailUrl\":\"https:\/\/hetzelsponheuer.de\/de\/wp-content\/uploads\/sites\/2\/2019\/09\/oase_6024_2_aus.jpg\",\"datePublished\":\"2019-09-12T12:11:16+00:00\",\"dateModified\":\"2024-02-19T10:18:53+00:00\",\"description\":\"Eine nicht allt\u00e4gliche Baustelle im Fassadenbau, die ungew\u00f6hnliche Techniken forderte, war die Glasmosaik Fassade der Fachbibliothek O:A:S:E in D\u00fcsseldorf.\",\"breadcrumb\":{\"@id\":\"https:\/\/hetzelsponheuer.de\/de\/referenzen\/oase-duesseldorf\/#breadcrumb\"},\"inLanguage\":\"de\",\"potentialAction\":[{\"@type\":\"ReadAction\",\"target\":[\"https:\/\/hetzelsponheuer.de\/de\/referenzen\/oase-duesseldorf\/\"]}]},{\"@type\":\"ImageObject\",\"inLanguage\":\"de\",\"@id\":\"https:\/\/hetzelsponheuer.de\/de\/referenzen\/oase-duesseldorf\/#primaryimage\",\"url\":\"https:\/\/hetzelsponheuer.de\/de\/wp-content\/uploads\/sites\/2\/2019\/09\/oase_6024_2_aus.jpg\",\"contentUrl\":\"https:\/\/hetzelsponheuer.de\/de\/wp-content\/uploads\/sites\/2\/2019\/09\/oase_6024_2_aus.jpg\",\"width\":393,\"height\":421},{\"@type\":\"BreadcrumbList\",\"@id\":\"https:\/\/hetzelsponheuer.de\/de\/referenzen\/oase-duesseldorf\/#breadcrumb\",\"itemListElement\":[{\"@type\":\"ListItem\",\"position\":1,\"name\":\"Startseite\",\"item\":\"https:\/\/hetzelsponheuer.de\/de\/\"},{\"@type\":\"ListItem\",\"position\":2,\"name\":\"Referenzen\",\"item\":\"https:\/\/hetzelsponheuer.de\/de\/referenzen\/\"},{\"@type\":\"ListItem\",\"position\":3,\"name\":\"O.A.S.E D\u00fcsseldorf\"}]},{\"@type\":\"WebSite\",\"@id\":\"https:\/\/hetzelsponheuer.de\/de\/#website\",\"url\":\"https:\/\/hetzelsponheuer.de\/de\/\",\"name\":\"Hetzel+Sponheuer \u00b7 de\",\"description\":\"L\u00f6sungen f\u00fcr Ihr Bauprojekt\",\"publisher\":{\"@id\":\"https:\/\/hetzelsponheuer.de\/de\/#organization\"},\"inLanguage\":\"de\"},{\"@type\":\"Organization\",\"@id\":\"https:\/\/hetzelsponheuer.de\/de\/#organization\",\"name\":\"Hetzel+Sponheuer GmbH & Co. KG\",\"url\":\"https:\/\/hetzelsponheuer.de\/de\/\",\"logo\":{\"@type\":\"ImageObject\",\"inLanguage\":\"de\",\"@id\":\"https:\/\/hetzelsponheuer.de\/de\/#\/schema\/logo\/image\/\",\"url\":\"https:\/\/hetzelsponheuer.de\/en\/wp-content\/uploads\/sites\/2\/2020\/02\/logo_hetzelsponheuer.png\",\"contentUrl\":\"https:\/\/hetzelsponheuer.de\/en\/wp-content\/uploads\/sites\/2\/2020\/02\/logo_hetzelsponheuer.png\",\"width\":360,\"height\":24,\"caption\":\"Hetzel+Sponheuer GmbH & Co. KG\"},\"image\":{\"@id\":\"https:\/\/hetzelsponheuer.de\/de\/#\/schema\/logo\/image\/\"},\"sameAs\":[\"https:\/\/www.linkedin.com\/company\/hetzel-sponheuer-gmbh-&amp;-co.-kg\"]}]}<\/script>\n<!-- \/ Yoast SEO plugin. -->","yoast_head_json":{"title":"Fassadenbau Glasmosaik \u00b7 O.A.S.E. D\u00fcsseldorf \u00b7 Hetzel+Sponheuer","description":"Eine nicht allt\u00e4gliche Baustelle im Fassadenbau, die ungew\u00f6hnliche Techniken forderte, war die Glasmosaik Fassade der Fachbibliothek O:A:S:E in D\u00fcsseldorf.","robots":{"index":"index","follow":"follow","max-snippet":"max-snippet:-1","max-image-preview":"max-image-preview:large","max-video-preview":"max-video-preview:-1"},"canonical":"https:\/\/hetzelsponheuer.de\/de\/referenzen\/oase-duesseldorf\/","og_locale":"de_DE","og_type":"article","og_title":"Fassadenbau Glasmosaik \u00b7 O.A.S.E. D\u00fcsseldorf \u00b7 Hetzel+Sponheuer","og_description":"Eine nicht allt\u00e4gliche Baustelle im Fassadenbau, die ungew\u00f6hnliche Techniken forderte, war die Glasmosaik Fassade der Fachbibliothek O:A:S:E in D\u00fcsseldorf.","og_url":"https:\/\/hetzelsponheuer.de\/de\/referenzen\/oase-duesseldorf\/","og_site_name":"Hetzel+Sponheuer \u00b7 de","article_modified_time":"2024-02-19T10:18:53+00:00","og_image":[{"url":"https:\/\/hetzelsponheuer.de\/de\/wp-content\/uploads\/sites\/2\/2019\/09\/oase_6024_2_aus.jpg"}],"twitter_card":"summary_large_image","twitter_misc":{"Gesch\u00e4tzte Lesezeit":"2\u00a0Minuten"},"schema":{"@context":"https:\/\/schema.org","@graph":[{"@type":"WebPage","@id":"https:\/\/hetzelsponheuer.de\/de\/referenzen\/oase-duesseldorf\/","url":"https:\/\/hetzelsponheuer.de\/de\/referenzen\/oase-duesseldorf\/","name":"Fassadenbau Glasmosaik \u00b7 O.A.S.E. D\u00fcsseldorf \u00b7 Hetzel+Sponheuer","isPartOf":{"@id":"https:\/\/hetzelsponheuer.de\/de\/#website"},"primaryImageOfPage":{"@id":"https:\/\/hetzelsponheuer.de\/de\/referenzen\/oase-duesseldorf\/#primaryimage"},"image":{"@id":"https:\/\/hetzelsponheuer.de\/de\/referenzen\/oase-duesseldorf\/#primaryimage"},"thumbnailUrl":"https:\/\/hetzelsponheuer.de\/de\/wp-content\/uploads\/sites\/2\/2019\/09\/oase_6024_2_aus.jpg","datePublished":"2019-09-12T12:11:16+00:00","dateModified":"2024-02-19T10:18:53+00:00","description":"Eine nicht allt\u00e4gliche Baustelle im Fassadenbau, die ungew\u00f6hnliche Techniken forderte, war die Glasmosaik Fassade der Fachbibliothek O:A:S:E in D\u00fcsseldorf.","breadcrumb":{"@id":"https:\/\/hetzelsponheuer.de\/de\/referenzen\/oase-duesseldorf\/#breadcrumb"},"inLanguage":"de","potentialAction":[{"@type":"ReadAction","target":["https:\/\/hetzelsponheuer.de\/de\/referenzen\/oase-duesseldorf\/"]}]},{"@type":"ImageObject","inLanguage":"de","@id":"https:\/\/hetzelsponheuer.de\/de\/referenzen\/oase-duesseldorf\/#primaryimage","url":"https:\/\/hetzelsponheuer.de\/de\/wp-content\/uploads\/sites\/2\/2019\/09\/oase_6024_2_aus.jpg","contentUrl":"https:\/\/hetzelsponheuer.de\/de\/wp-content\/uploads\/sites\/2\/2019\/09\/oase_6024_2_aus.jpg","width":393,"height":421},{"@type":"BreadcrumbList","@id":"https:\/\/hetzelsponheuer.de\/de\/referenzen\/oase-duesseldorf\/#breadcrumb","itemListElement":[{"@type":"ListItem","position":1,"name":"Startseite","item":"https:\/\/hetzelsponheuer.de\/de\/"},{"@type":"ListItem","position":2,"name":"Referenzen","item":"https:\/\/hetzelsponheuer.de\/de\/referenzen\/"},{"@type":"ListItem","position":3,"name":"O.A.S.E D\u00fcsseldorf"}]},{"@type":"WebSite","@id":"https:\/\/hetzelsponheuer.de\/de\/#website","url":"https:\/\/hetzelsponheuer.de\/de\/","name":"Hetzel+Sponheuer \u00b7 de","description":"L\u00f6sungen f\u00fcr Ihr Bauprojekt","publisher":{"@id":"https:\/\/hetzelsponheuer.de\/de\/#organization"},"inLanguage":"de"},{"@type":"Organization","@id":"https:\/\/hetzelsponheuer.de\/de\/#organization","name":"Hetzel+Sponheuer GmbH & Co. KG","url":"https:\/\/hetzelsponheuer.de\/de\/","logo":{"@type":"ImageObject","inLanguage":"de","@id":"https:\/\/hetzelsponheuer.de\/de\/#\/schema\/logo\/image\/","url":"https:\/\/hetzelsponheuer.de\/en\/wp-content\/uploads\/sites\/2\/2020\/02\/logo_hetzelsponheuer.png","contentUrl":"https:\/\/hetzelsponheuer.de\/en\/wp-content\/uploads\/sites\/2\/2020\/02\/logo_hetzelsponheuer.png","width":360,"height":24,"caption":"Hetzel+Sponheuer GmbH & Co. KG"},"image":{"@id":"https:\/\/hetzelsponheuer.de\/de\/#\/schema\/logo\/image\/"},"sameAs":["https:\/\/www.linkedin.com\/company\/hetzel-sponheuer-gmbh-&amp;-co.-kg"]}]}},"_links":{"self":[{"href":"https:\/\/hetzelsponheuer.de\/de\/wp-json\/wp\/v2\/pages\/3108"}],"collection":[{"href":"https:\/\/hetzelsponheuer.de\/de\/wp-json\/wp\/v2\/pages"}],"about":[{"href":"https:\/\/hetzelsponheuer.de\/de\/wp-json\/wp\/v2\/types\/page"}],"author":[{"embeddable":true,"href":"https:\/\/hetzelsponheuer.de\/de\/wp-json\/wp\/v2\/users\/1"}],"replies":[{"embeddable":true,"href":"https:\/\/hetzelsponheuer.de\/de\/wp-json\/wp\/v2\/comments?post=3108"}],"version-history":[{"count":2,"href":"https:\/\/hetzelsponheuer.de\/de\/wp-json\/wp\/v2\/pages\/3108\/revisions"}],"predecessor-version":[{"id":6042,"href":"https:\/\/hetzelsponheuer.de\/de\/wp-json\/wp\/v2\/pages\/3108\/revisions\/6042"}],"up":[{"embeddable":true,"href":"https:\/\/hetzelsponheuer.de\/de\/wp-json\/wp\/v2\/pages\/63"}],"wp:attachment":[{"href":"https:\/\/hetzelsponheuer.de\/de\/wp-json\/wp\/v2\/media?parent=3108"}],"curies":[{"name":"wp","href":"https:\/\/api.w.org\/{rel}","templated":true}]}}