{"id":3115,"date":"2019-09-12T14:38:50","date_gmt":"2019-09-12T12:38:50","guid":{"rendered":"http:\/\/hetzelsponheuer.de\/de\/?page_id=3115"},"modified":"2022-04-12T14:25:27","modified_gmt":"2022-04-12T12:25:27","slug":"opern-passagen-koeln","status":"publish","type":"page","link":"https:\/\/hetzelsponheuer.de\/de\/referenzen\/opern-passagen-koeln\/","title":{"rendered":"Opern Passagen"},"content":{"rendered":"<div class=\"banner row x-4 md-3-6-3 sm-0-12-0 wp-block-lazyblock-inner-block lazyblock-inner-block-1kSrP1\">\n<div class=\"col wp-block-lazyblock-inner-block lazyblock-inner-block-Z1da7Fw\">\n<div class=\"bg grey img wp-block-lazyblock-inner-block lazyblock-inner-block-xltxB\">\n\n<figure class=\"wp-block-image\"><img decoding=\"async\" loading=\"lazy\" width=\"393\" height=\"393\" src=\"https:\/\/hetzelsponheuer.de\/de\/wp-content\/uploads\/sites\/2\/2019\/09\/opern-passagen_1788_2_aus.jpg\" alt=\"Parkhaus Auffahrt Rampe Beton Instandsetzung\" class=\"wp-image-3413\" srcset=\"https:\/\/hetzelsponheuer.de\/de\/wp-content\/uploads\/sites\/2\/2019\/09\/opern-passagen_1788_2_aus.jpg 393w, https:\/\/hetzelsponheuer.de\/de\/wp-content\/uploads\/sites\/2\/2019\/09\/opern-passagen_1788_2_aus-150x150.jpg 150w, https:\/\/hetzelsponheuer.de\/de\/wp-content\/uploads\/sites\/2\/2019\/09\/opern-passagen_1788_2_aus-300x300.jpg 300w\" sizes=\"(max-width: 393px) 100vw, 393px\" \/><\/figure>\n\n<\/div>\n<\/div>\n\n<div class=\"col wp-block-lazyblock-inner-block lazyblock-inner-block-1gDVMO\">\n<div class=\"bg grey img wp-block-lazyblock-inner-block lazyblock-inner-block-25PnQc\">\n\n<figure class=\"wp-block-image\"><img decoding=\"async\" loading=\"lazy\" width=\"754\" height=\"545\" src=\"https:\/\/hetzelsponheuer.de\/de\/wp-content\/uploads\/sites\/2\/2019\/09\/opern-passagen_1788_2_left.jpg\" alt=\"Parkdeck Fahrbahn Beton\" class=\"wp-image-3414\" srcset=\"https:\/\/hetzelsponheuer.de\/de\/wp-content\/uploads\/sites\/2\/2019\/09\/opern-passagen_1788_2_left.jpg 754w, https:\/\/hetzelsponheuer.de\/de\/wp-content\/uploads\/sites\/2\/2019\/09\/opern-passagen_1788_2_left-300x217.jpg 300w\" sizes=\"(max-width: 754px) 100vw, 754px\" \/><\/figure>\n\n<\/div>\n<\/div>\n\n<div class=\"col wp-block-lazyblock-inner-block lazyblock-inner-block-2lGT91\">\n<div class=\"bg grey img wp-block-lazyblock-inner-block lazyblock-inner-block-Z1n79J4\">\n\n<figure class=\"wp-block-image\"><img decoding=\"async\" loading=\"lazy\" width=\"393\" height=\"564\" src=\"https:\/\/hetzelsponheuer.de\/de\/wp-content\/uploads\/sites\/2\/2019\/09\/opern-passagen_1788_2_right.jpg\" alt=\"Parkdeck Parkfl\u00e4chen Beton Sanierung\" class=\"wp-image-3415\" srcset=\"https:\/\/hetzelsponheuer.de\/de\/wp-content\/uploads\/sites\/2\/2019\/09\/opern-passagen_1788_2_right.jpg 393w, https:\/\/hetzelsponheuer.de\/de\/wp-content\/uploads\/sites\/2\/2019\/09\/opern-passagen_1788_2_right-209x300.jpg 209w\" sizes=\"(max-width: 393px) 100vw, 393px\" \/><\/figure>\n\n<\/div>\n<\/div>\n<\/div>\n\n<div class=\"row x-24 md-3-9 sm-0-12 wp-block-lazyblock-inner-block lazyblock-inner-block-Z1YnPRv\">\n<div class=\"col wp-block-lazyblock-inner-block lazyblock-inner-block-1KyAnM\">\n<div class=\"wp-block-lazyblock-inner-block lazyblock-inner-block-ZQJXop\">\n\n<p>  <\/p>\n\n<\/div>\n<\/div>\n\n<div class=\"col wp-block-lazyblock-inner-block lazyblock-inner-block-1k7Wmw\">\n<div class=\"head wp-block-lazyblock-inner-block lazyblock-inner-block-Z1G5WWD\">\n\n<p class=\"topline\">Parkdeck SANIERUNG <\/p>\n\n\n\n<h2 class=\"h1 wp-block-heading\">Opern Passagen <span class=\"grey\">K\u00f6ln<\/span><\/h2>\n\n<\/div>\n<\/div>\n<\/div>\n\n<div class=\"row x-24 md-3-6-3 sm-12-12-12 wp-block-lazyblock-inner-block lazyblock-inner-block-ZVfRHj\">\n<div class=\"col wp-block-lazyblock-inner-block lazyblock-inner-block-UKsF4\">\n<div class=\"wp-block-lazyblock-inner-block lazyblock-inner-block-Z1brndl\">\n\n<p class=\"md-right pl-24\"><\/p>\n\n<\/div>\n<\/div>\n\n<div class=\"col wp-block-lazyblock-inner-block lazyblock-inner-block-Z1rj4eR\">\n<div class=\"wp-block-lazyblock-inner-block lazyblock-inner-block-213Klg\">\n\n<p class=\"grey\"><strong>Im Rahmen der Ansied\u00adlung eines Gro\u00df\u00admieters wurde auf Grund von Undichtig\u00adkeiten das ca. 5000 qm gro\u00dfe Park\u00addeck im 1. OG instand gesetzt. Die Zufahrt erfolgt \u00fcber jeweils eine Zufahrts- und Aus\u00adfahrts\u00adrampe. Das Park\u00ad\u00adhaus liegt mitten in der K\u00f6lner Innen\u00adstadt, ist hoch frequen\u00adtiert, 24 Stunden ge\u00f6ff\u00adnet und blieb w\u00e4h\u00adrend der Parkdeck Sanie\u00adrung in Betrieb. Im Rahmen der Instand\u00adset\u00adzung wurden ca. 5000 qm Fahr\u00adbahn\u00adbeton ein\u00adschlie\u00df\u00adlich Unter\u00adbau abgebrochen.<\/strong><\/p>\n\n\n\n<p class=\"grey\"><strong>Nach der Untergrund\u00advorberei\u00adtung und Beton\u00adinstand\u00adset\u00adzung wurden die Fl\u00e4chen nach dem Prinzip eines Umkehr\u00addaches neu abge\u00addichtet und anschlie\u00ad\u00dfend mit einem neuen Fahr\u00adbahn\u00adbeton versehen. Flankie\u00adrend wurden durch uns neue Induk\u00adtions\u00adschie\u00adnen f\u00fcr die Schranken\u00adanlage verlegt sowie die gesamten Fahr\u00adbahn\u00admar\u00adkie\u00adrungen neu einge\u00admessen und ange\u00adlegt.<\/strong><\/p>\n\n\n\n<div style=\"height:24px\" aria-hidden=\"true\" class=\"wp-block-spacer\"><\/div>\n\n\n\n<h3 class=\"h4 wp-block-heading\">Herausforderung<\/h3>\n\n\n\n<p>Die Arbeiten im Parkhaus erfolg\u00adten im laufenden Betrieb. Dabei wurde w\u00e4hrend der Parkdeck Sanierung fest\u00adgestellt, dass es deutlich mehr Sch\u00e4den am Beton gab, als im Rahmen der Planung und Projek\u00ad\u00adtierung urspr\u00fcng\u00adlich angenommen. Der Fertig\u00ad\u00adstellungs\u00ad\u00adtermin musste trotz der erheblich h\u00f6heren Beton\u00ad\u00adsch\u00e4den einge\u00adhalten werden, da seitens unseres Auftrag\u00adgebers dem neuen Gro\u00df\u00admieter zuge\u00adsagt war, dass die Park\u00adfl\u00e4chen bei Er\u00f6ff\u00adnung der neuen Verkaufs\u00adfl\u00e4che fertig\u00adgestellt sind.<\/p>\n\n\n\n<h3 class=\"h4 wp-block-heading\">L\u00f6sung<\/h3>\n\n\n\n<p>Ein gut durchdachtes und umgesetztes Logistik\u00adkonzept war Grund\u00adlage der erfolg\u00adreichen Sanierung des Parkdecks. Insbeson\u00addere der Abtrans\u00adport des Abbruch\u00admaterials (ca. 1500 cbm) konnte nur \u00fcber eine der beiden zur Verf\u00fc\u00adgung stehen\u00adden Rampen durch\u00adgef\u00fchrt werden. Dies wurde anti\u00adzyklisch zur Frequen\u00adtierung des Park\u00adhauses in den fr\u00fchen Morgen- bzw. in den sp\u00e4ten Abend\u00adstunden durch\u00adgef\u00fchrt. Diese Vor\u00adgehens\u00adweise hatte den Vorteil, dass das mit dem Park\u00addeck verbun\u00addene Einkaufs\u00adcentrum kaum durch l\u00e4rm\u00adinten\u00adsive Arbeiten bel\u00e4stigt wurde. Dasselbe galt f\u00fcr die Beton\u00adinstand\u00adset\u00adzungs\u00adarbeiten, die l\u00e4rm\u00adinten\u00adsiven Abbruch\u00adarbeiten wie Stemmen und die Sand\u00adstrahl\u00adarbeiten. Um die Dauer der Arbeiten m\u00f6glichst gering zu halten, wurde in diesen Zeit\u00adspannen der Personal\u00adeinsatz auf der Bau\u00adstelle ver\u00adst\u00e4rkt. Um die Qualit\u00e4t, ins\u00adbeson\u00addere bei den Beton\u00adinstand\u00adset\u00adzungsarbeiten zu gew\u00e4hr\u00adleisten, wurde diese Baustelle fremd\u00ad\u00fcberwacht und durch das Ingenieur\u00adb\u00fcro IDN begleitet. Die Arbeiten wurden in drei Bau\u00adabschnit\u00adten durch\u00adgef\u00fchrt. Im letzten Bau\u00adabschnitt musste f\u00fcr die Anbindung der neuen Beton\u00adfl\u00e4chen jeweils eine der beiden vorhan\u00addenen Rampen gesperrt werden. Die verblie\u00adbene Rampe wurde dann sowohl als Ein- als auch als Aus\u00adfahrt genutzt. Unter\u00adst\u00fctzend zu der ohnehin vorhan\u00addenen Ampel\u00adanlage wurde \u00fcber einen Zeit\u00adraum von drei Monaten ein externer Sicherungs\u00adposten einge\u00adsetzt, der bei Bedarf in das Verkehrs\u00adgeschehen eingrei\u00adfen konnte. Es wurden Abdichtungs\u00adarbeiten durch\u00adgef\u00fchrt und neuer Fahr\u00adbahn\u00adbeton aufge\u00adtragen. Das f\u00fcr die Abdichtungs\u00adarbei\u00adten ben\u00f6tigte Abdichtungs\u00admaterial wurde analog zu den Abbruch\u00adarbeiten in den fr\u00fchen Morgen\u00adstunden auf die Bau\u00adstelle geliefert. Um die Arbeits\u00adfl\u00e4che nicht zu mini\u00admieren, konnten die Beton\u00adpumpen au\u00dfer\u00adhalb des Parkdecks aufgestellt werden. Die Beton\u00adfl\u00e4chen wurden Hand in Hand mit einem Partner\u00adunter\u00adnehmen herge\u00adstellt, da insbe\u00adsondere bei der Aus\u00adf\u00fchrung von Luft\u00adporen\u00adbeton, der hier auf Grund der Tausalz\u00adbelastung eingesetzt wurde, ein gr\u00f6\u00dferes beton\u00adtechnolo\u00adgisches Wissen als bei Standard\u00adbeton notwendig war.<\/p>\n\n\n<div class=\"grid x24 md-col-6-6-row-1 wp-block-lazyblock-inner-block lazyblock-inner-block-2mwcRE\">\n<div class=\"bg grey img wp-block-lazyblock-inner-block lazyblock-inner-block-ZaAuxL\">\n\n<figure class=\"wp-block-image size-large\"><a class=\"gallery\" href=\"https:\/\/hetzelsponheuer.de\/de\/wp-content\/uploads\/sites\/2\/2019\/11\/opern-passagen-1375.jpg\" rel=\"gallery-1\"><img decoding=\"async\" loading=\"lazy\" width=\"450\" height=\"600\" src=\"https:\/\/hetzelsponheuer.de\/de\/wp-content\/uploads\/sites\/2\/2019\/11\/opern-passagen-1375.jpg\" alt=\"Induktionsschleife Verkehrstechnik\" class=\"wp-image-4666\" srcset=\"https:\/\/hetzelsponheuer.de\/de\/wp-content\/uploads\/sites\/2\/2019\/11\/opern-passagen-1375.jpg 450w, https:\/\/hetzelsponheuer.de\/de\/wp-content\/uploads\/sites\/2\/2019\/11\/opern-passagen-1375-300x400.jpg 300w\" sizes=\"(max-width: 450px) 100vw, 450px\" \/><\/a><\/figure>\n\n\n\n<p class=\"figcaption\">Induktionsschleife<\/p>\n\n<\/div>\n\n<div class=\"bg grey img wp-block-lazyblock-inner-block lazyblock-inner-block-ZcLURa\">\n\n<figure class=\"wp-block-image size-large\"><a class=\"gallery\" href=\"https:\/\/hetzelsponheuer.de\/de\/wp-content\/uploads\/sites\/2\/2019\/11\/opern-passagen-1956.jpg\" rel=\"gallery-1\"><img decoding=\"async\" loading=\"lazy\" width=\"450\" height=\"600\" src=\"https:\/\/hetzelsponheuer.de\/de\/wp-content\/uploads\/sites\/2\/2019\/11\/opern-passagen-1956.jpg\" alt=\"Fahrbahnmarkierungen aufbringen\" class=\"wp-image-4667\" srcset=\"https:\/\/hetzelsponheuer.de\/de\/wp-content\/uploads\/sites\/2\/2019\/11\/opern-passagen-1956.jpg 450w, https:\/\/hetzelsponheuer.de\/de\/wp-content\/uploads\/sites\/2\/2019\/11\/opern-passagen-1956-300x400.jpg 300w\" sizes=\"(max-width: 450px) 100vw, 450px\" \/><\/a><\/figure>\n\n\n\n<p class=\"figcaption\">Fahrbahnmarkierung<\/p>\n\n<\/div>\n<\/div>\n\n\n<div style=\"height:20px\" aria-hidden=\"true\" class=\"wp-block-spacer\"><\/div>\n\n\n\n<h3 class=\"h4 wp-block-heading\">Ausgef\u00fchrte Arbeiten<\/h3>\n\n\n\n<ul class=\"border\"><li>Abbruch Fahrbahnbeton&nbsp;<\/li><li>Entfernen des chloridbelasteten Betons&nbsp;<\/li><li>Bewehrungserg\u00e4nzung&nbsp;<\/li><li>Strahl- und Korrosionsschutzarbeiten an den Bewehrungseisen&nbsp;<\/li><li>Aufm\u00f6rteln der Schadstellen mit einem statisch anrechenbaren PCC-M\u00f6rtel (MS-M\u00f6rtel)&nbsp;<\/li><li>Einbau von Boden-Induktions-Schleifen&nbsp;<\/li><li>Aufbringen einer druckfesten D\u00e4mmung&nbsp;<\/li><li>Eindichten der Randanschl\u00fcsse mit Fl\u00fcssigkunststoff&nbsp;<\/li><li>Aufbringen eines neuen Fahrbahnbetons mit Betonestrich&nbsp;<\/li><li>Umbau der Schrankenanlage&nbsp;<\/li><li>Fahrbahnmarkierungen&nbsp;<\/li><li>Abdichten der Fl\u00e4chen mittels zweilagiger Schwei\u00dfbahnen<\/li><\/ul>\n\n\n\n<div style=\"height:40px\" aria-hidden=\"true\" class=\"wp-block-spacer\"><\/div>\n\n<\/div>\n<\/div>\n\n<div class=\"col wp-block-lazyblock-inner-block lazyblock-inner-block-Z2wrBd9\">\n<div class=\"wp-block-lazyblock-inner-block lazyblock-inner-block-ZiJPc3\">\n<div class=\"menu-main-menu-container\"><ul id=\"menu-main-menu\" class=\"grey\"><li id=\"menu-item-2901\" class=\"menu-item \"><a href=\"https:\/\/hetzelsponheuer.de\/de\/referenzen\/projektseiten\/\">Projektseiten<\/a><\/li>\n<li id=\"menu-item-2769\" class=\"menu-item \"><a href=\"https:\/\/hetzelsponheuer.de\/de\/referenzen\/projektliste\/\">Projektliste<\/a><\/li>\n<\/ul><\/div>\n\n\n\n<h4 class=\"wp-block-heading\">Ihr Ansprechpartner<\/h4>\n\n\n\n<ul class=\"link ajx grey\"><li><a data-post-type=\"mitarbeiter\" data-display=\"fancybox\" href=\"https:\/\/hetzelsponheuer.de\/de\/mitarbeiter\/dirk-aschenbeck\">Dirk Aschenbeck<\/a><\/li><\/ul>\n\n\n\n<h4 class=\"wp-block-heading\">L\u00f6sungen<\/h4>\n\n\n\n<ul class=\"fade-link grey\"><li><a href=\"https:\/\/hetzelsponheuer.de\/de\/loesungen\/bauwerterhaltung-denkmalschutz\/\">Bauwerterhaltung und Denkmalschutz<\/a><\/li><\/ul>\n\n\n\n<h4 class=\"wp-block-heading\">Leistungen<\/h4>\n\n\n\n<ul class=\"fade-link grey\"><li><a href=\"https:\/\/hetzelsponheuer.de\/de\/leistungen\/#organisation-baubegleitung\">Organisation und Baubegleitung<\/a><\/li><\/ul>\n\n\n\n<ul><li>Baulogistik<\/li><li>Baukoordination<\/li><\/ul>\n\n\n\n<ul class=\"fade-link grey\"><li><a href=\"https:\/\/hetzelsponheuer.de\/de\/leistungen\/#handwerk-technik\">Handwerk und Bautechnik<\/a><\/li><\/ul>\n\n\n\n<ul><li>R\u00fcckbau<\/li><li>Betonsanierung<\/li><li>Dehnungsfugen<\/li><li>Abdichtung&nbsp;<\/li><li>Fahrbahnmarkierungen&nbsp;<\/li><\/ul>\n\n\n\n<h4 class=\"wp-block-heading\">Fotos<\/h4>\n\n\n\n<ul><li>Astrid Theisen<\/li><\/ul>\n\n<\/div>\n<\/div>\n<\/div>\n\n<div class=\"row x-24 md-3-9 sm-0-12 wp-block-lazyblock-inner-block lazyblock-inner-block-1DfzxM\">\n<div class=\"col wp-block-lazyblock-inner-block lazyblock-inner-block-2f9CCq\">\n<div class=\"wp-block-lazyblock-inner-block lazyblock-inner-block-Z1s8cnn\">\n\n<p>  <\/p>\n\n<\/div>\n<\/div>\n\n<div class=\"col wp-block-lazyblock-inner-block lazyblock-inner-block-1w9W4s\">\n<div class=\"wp-block-lazyblock-inner-block lazyblock-inner-block-1YtzFn\">\n\n<p class=\"logo sponheuer\">   <\/p>\n\n<\/div>\n\n\n<div style=\"height:56px\" aria-hidden=\"true\" class=\"wp-block-spacer\"><\/div>\n\n<\/div>\n<\/div>","protected":false},"excerpt":{"rendered":"","protected":false},"author":1,"featured_media":0,"parent":63,"menu_order":9,"comment_status":"closed","ping_status":"closed","template":"page-usecase.php","meta":{"footnotes":""},"yoast_head":"<!-- This site is optimized with the Yoast SEO plugin v22.6 - https:\/\/yoast.com\/wordpress\/plugins\/seo\/ -->\n<title>Parkdeck Sanierung Beton \u00b7 Opern Passagen K\u00f6ln \u00b7 Hetzel+Sponheuer<\/title>\n<meta name=\"description\" content=\"Parkdeck Sanierung &#039;Parkhaus Opern Passage K\u00f6ln&#039;. Fahr\u00adbahn\u00adbeton, Induk\u00adtions\u00adschie\u00adnen f\u00fcr die Verkehrstechnik der Schranken\u00adanlage, Fahrbahnmarkierungen\" \/>\n<meta name=\"robots\" content=\"index, follow, max-snippet:-1, max-image-preview:large, max-video-preview:-1\" \/>\n<link rel=\"canonical\" href=\"https:\/\/hetzelsponheuer.de\/de\/referenzen\/opern-passagen-koeln\/\" \/>\n<meta property=\"og:locale\" content=\"de_DE\" \/>\n<meta property=\"og:type\" content=\"article\" \/>\n<meta property=\"og:title\" content=\"Parkdeck Sanierung Beton \u00b7 Opern Passagen K\u00f6ln \u00b7 Hetzel+Sponheuer\" \/>\n<meta property=\"og:description\" content=\"Parkdeck Sanierung &#039;Parkhaus Opern Passage K\u00f6ln&#039;. Fahr\u00adbahn\u00adbeton, Induk\u00adtions\u00adschie\u00adnen f\u00fcr die Verkehrstechnik der Schranken\u00adanlage, Fahrbahnmarkierungen\" \/>\n<meta property=\"og:url\" content=\"https:\/\/hetzelsponheuer.de\/de\/referenzen\/opern-passagen-koeln\/\" \/>\n<meta property=\"og:site_name\" content=\"Hetzel+Sponheuer \u00b7 de\" \/>\n<meta property=\"article:modified_time\" content=\"2022-04-12T12:25:27+00:00\" \/>\n<meta property=\"og:image\" content=\"https:\/\/hetzelsponheuer.de\/de\/wp-content\/uploads\/sites\/2\/2019\/09\/opern-passagen_1788_2_aus.jpg\" \/>\n<meta name=\"twitter:card\" content=\"summary_large_image\" \/>\n<meta name=\"twitter:label1\" content=\"Gesch\u00e4tzte Lesezeit\" \/>\n\t<meta name=\"twitter:data1\" content=\"4\u00a0Minuten\" \/>\n<script type=\"application\/ld+json\" class=\"yoast-schema-graph\">{\"@context\":\"https:\/\/schema.org\",\"@graph\":[{\"@type\":\"WebPage\",\"@id\":\"https:\/\/hetzelsponheuer.de\/de\/referenzen\/opern-passagen-koeln\/\",\"url\":\"https:\/\/hetzelsponheuer.de\/de\/referenzen\/opern-passagen-koeln\/\",\"name\":\"Parkdeck Sanierung Beton \u00b7 Opern Passagen K\u00f6ln \u00b7 Hetzel+Sponheuer\",\"isPartOf\":{\"@id\":\"https:\/\/hetzelsponheuer.de\/de\/#website\"},\"primaryImageOfPage\":{\"@id\":\"https:\/\/hetzelsponheuer.de\/de\/referenzen\/opern-passagen-koeln\/#primaryimage\"},\"image\":{\"@id\":\"https:\/\/hetzelsponheuer.de\/de\/referenzen\/opern-passagen-koeln\/#primaryimage\"},\"thumbnailUrl\":\"https:\/\/hetzelsponheuer.de\/de\/wp-content\/uploads\/sites\/2\/2019\/09\/opern-passagen_1788_2_aus.jpg\",\"datePublished\":\"2019-09-12T12:38:50+00:00\",\"dateModified\":\"2022-04-12T12:25:27+00:00\",\"description\":\"Parkdeck Sanierung 'Parkhaus Opern Passage K\u00f6ln'. Fahr\u00adbahn\u00adbeton, Induk\u00adtions\u00adschie\u00adnen f\u00fcr die Verkehrstechnik der Schranken\u00adanlage, Fahrbahnmarkierungen\",\"breadcrumb\":{\"@id\":\"https:\/\/hetzelsponheuer.de\/de\/referenzen\/opern-passagen-koeln\/#breadcrumb\"},\"inLanguage\":\"de\",\"potentialAction\":[{\"@type\":\"ReadAction\",\"target\":[\"https:\/\/hetzelsponheuer.de\/de\/referenzen\/opern-passagen-koeln\/\"]}]},{\"@type\":\"ImageObject\",\"inLanguage\":\"de\",\"@id\":\"https:\/\/hetzelsponheuer.de\/de\/referenzen\/opern-passagen-koeln\/#primaryimage\",\"url\":\"https:\/\/hetzelsponheuer.de\/de\/wp-content\/uploads\/sites\/2\/2019\/09\/opern-passagen_1788_2_aus.jpg\",\"contentUrl\":\"https:\/\/hetzelsponheuer.de\/de\/wp-content\/uploads\/sites\/2\/2019\/09\/opern-passagen_1788_2_aus.jpg\",\"width\":393,\"height\":393},{\"@type\":\"BreadcrumbList\",\"@id\":\"https:\/\/hetzelsponheuer.de\/de\/referenzen\/opern-passagen-koeln\/#breadcrumb\",\"itemListElement\":[{\"@type\":\"ListItem\",\"position\":1,\"name\":\"Startseite\",\"item\":\"https:\/\/hetzelsponheuer.de\/de\/\"},{\"@type\":\"ListItem\",\"position\":2,\"name\":\"Referenzen\",\"item\":\"https:\/\/hetzelsponheuer.de\/de\/referenzen\/\"},{\"@type\":\"ListItem\",\"position\":3,\"name\":\"Opern Passagen\"}]},{\"@type\":\"WebSite\",\"@id\":\"https:\/\/hetzelsponheuer.de\/de\/#website\",\"url\":\"https:\/\/hetzelsponheuer.de\/de\/\",\"name\":\"Hetzel+Sponheuer \u00b7 de\",\"description\":\"L\u00f6sungen f\u00fcr Ihr Bauprojekt\",\"publisher\":{\"@id\":\"https:\/\/hetzelsponheuer.de\/de\/#organization\"},\"inLanguage\":\"de\"},{\"@type\":\"Organization\",\"@id\":\"https:\/\/hetzelsponheuer.de\/de\/#organization\",\"name\":\"Hetzel+Sponheuer GmbH & Co. KG\",\"url\":\"https:\/\/hetzelsponheuer.de\/de\/\",\"logo\":{\"@type\":\"ImageObject\",\"inLanguage\":\"de\",\"@id\":\"https:\/\/hetzelsponheuer.de\/de\/#\/schema\/logo\/image\/\",\"url\":\"https:\/\/hetzelsponheuer.de\/en\/wp-content\/uploads\/sites\/2\/2020\/02\/logo_hetzelsponheuer.png\",\"contentUrl\":\"https:\/\/hetzelsponheuer.de\/en\/wp-content\/uploads\/sites\/2\/2020\/02\/logo_hetzelsponheuer.png\",\"width\":360,\"height\":24,\"caption\":\"Hetzel+Sponheuer GmbH & Co. KG\"},\"image\":{\"@id\":\"https:\/\/hetzelsponheuer.de\/de\/#\/schema\/logo\/image\/\"},\"sameAs\":[\"https:\/\/www.linkedin.com\/company\/hetzel-sponheuer-gmbh-&amp;-co.-kg\"]}]}<\/script>\n<!-- \/ Yoast SEO plugin. -->","yoast_head_json":{"title":"Parkdeck Sanierung Beton \u00b7 Opern Passagen K\u00f6ln \u00b7 Hetzel+Sponheuer","description":"Parkdeck Sanierung 'Parkhaus Opern Passage K\u00f6ln'. Fahr\u00adbahn\u00adbeton, Induk\u00adtions\u00adschie\u00adnen f\u00fcr die Verkehrstechnik der Schranken\u00adanlage, Fahrbahnmarkierungen","robots":{"index":"index","follow":"follow","max-snippet":"max-snippet:-1","max-image-preview":"max-image-preview:large","max-video-preview":"max-video-preview:-1"},"canonical":"https:\/\/hetzelsponheuer.de\/de\/referenzen\/opern-passagen-koeln\/","og_locale":"de_DE","og_type":"article","og_title":"Parkdeck Sanierung Beton \u00b7 Opern Passagen K\u00f6ln \u00b7 Hetzel+Sponheuer","og_description":"Parkdeck Sanierung 'Parkhaus Opern Passage K\u00f6ln'. Fahr\u00adbahn\u00adbeton, Induk\u00adtions\u00adschie\u00adnen f\u00fcr die Verkehrstechnik der Schranken\u00adanlage, Fahrbahnmarkierungen","og_url":"https:\/\/hetzelsponheuer.de\/de\/referenzen\/opern-passagen-koeln\/","og_site_name":"Hetzel+Sponheuer \u00b7 de","article_modified_time":"2022-04-12T12:25:27+00:00","og_image":[{"url":"https:\/\/hetzelsponheuer.de\/de\/wp-content\/uploads\/sites\/2\/2019\/09\/opern-passagen_1788_2_aus.jpg"}],"twitter_card":"summary_large_image","twitter_misc":{"Gesch\u00e4tzte Lesezeit":"4\u00a0Minuten"},"schema":{"@context":"https:\/\/schema.org","@graph":[{"@type":"WebPage","@id":"https:\/\/hetzelsponheuer.de\/de\/referenzen\/opern-passagen-koeln\/","url":"https:\/\/hetzelsponheuer.de\/de\/referenzen\/opern-passagen-koeln\/","name":"Parkdeck Sanierung Beton \u00b7 Opern Passagen K\u00f6ln \u00b7 Hetzel+Sponheuer","isPartOf":{"@id":"https:\/\/hetzelsponheuer.de\/de\/#website"},"primaryImageOfPage":{"@id":"https:\/\/hetzelsponheuer.de\/de\/referenzen\/opern-passagen-koeln\/#primaryimage"},"image":{"@id":"https:\/\/hetzelsponheuer.de\/de\/referenzen\/opern-passagen-koeln\/#primaryimage"},"thumbnailUrl":"https:\/\/hetzelsponheuer.de\/de\/wp-content\/uploads\/sites\/2\/2019\/09\/opern-passagen_1788_2_aus.jpg","datePublished":"2019-09-12T12:38:50+00:00","dateModified":"2022-04-12T12:25:27+00:00","description":"Parkdeck Sanierung 'Parkhaus Opern Passage K\u00f6ln'. Fahr\u00adbahn\u00adbeton, Induk\u00adtions\u00adschie\u00adnen f\u00fcr die Verkehrstechnik der Schranken\u00adanlage, Fahrbahnmarkierungen","breadcrumb":{"@id":"https:\/\/hetzelsponheuer.de\/de\/referenzen\/opern-passagen-koeln\/#breadcrumb"},"inLanguage":"de","potentialAction":[{"@type":"ReadAction","target":["https:\/\/hetzelsponheuer.de\/de\/referenzen\/opern-passagen-koeln\/"]}]},{"@type":"ImageObject","inLanguage":"de","@id":"https:\/\/hetzelsponheuer.de\/de\/referenzen\/opern-passagen-koeln\/#primaryimage","url":"https:\/\/hetzelsponheuer.de\/de\/wp-content\/uploads\/sites\/2\/2019\/09\/opern-passagen_1788_2_aus.jpg","contentUrl":"https:\/\/hetzelsponheuer.de\/de\/wp-content\/uploads\/sites\/2\/2019\/09\/opern-passagen_1788_2_aus.jpg","width":393,"height":393},{"@type":"BreadcrumbList","@id":"https:\/\/hetzelsponheuer.de\/de\/referenzen\/opern-passagen-koeln\/#breadcrumb","itemListElement":[{"@type":"ListItem","position":1,"name":"Startseite","item":"https:\/\/hetzelsponheuer.de\/de\/"},{"@type":"ListItem","position":2,"name":"Referenzen","item":"https:\/\/hetzelsponheuer.de\/de\/referenzen\/"},{"@type":"ListItem","position":3,"name":"Opern Passagen"}]},{"@type":"WebSite","@id":"https:\/\/hetzelsponheuer.de\/de\/#website","url":"https:\/\/hetzelsponheuer.de\/de\/","name":"Hetzel+Sponheuer \u00b7 de","description":"L\u00f6sungen f\u00fcr Ihr Bauprojekt","publisher":{"@id":"https:\/\/hetzelsponheuer.de\/de\/#organization"},"inLanguage":"de"},{"@type":"Organization","@id":"https:\/\/hetzelsponheuer.de\/de\/#organization","name":"Hetzel+Sponheuer GmbH & Co. KG","url":"https:\/\/hetzelsponheuer.de\/de\/","logo":{"@type":"ImageObject","inLanguage":"de","@id":"https:\/\/hetzelsponheuer.de\/de\/#\/schema\/logo\/image\/","url":"https:\/\/hetzelsponheuer.de\/en\/wp-content\/uploads\/sites\/2\/2020\/02\/logo_hetzelsponheuer.png","contentUrl":"https:\/\/hetzelsponheuer.de\/en\/wp-content\/uploads\/sites\/2\/2020\/02\/logo_hetzelsponheuer.png","width":360,"height":24,"caption":"Hetzel+Sponheuer GmbH & Co. KG"},"image":{"@id":"https:\/\/hetzelsponheuer.de\/de\/#\/schema\/logo\/image\/"},"sameAs":["https:\/\/www.linkedin.com\/company\/hetzel-sponheuer-gmbh-&amp;-co.-kg"]}]}},"_links":{"self":[{"href":"https:\/\/hetzelsponheuer.de\/de\/wp-json\/wp\/v2\/pages\/3115"}],"collection":[{"href":"https:\/\/hetzelsponheuer.de\/de\/wp-json\/wp\/v2\/pages"}],"about":[{"href":"https:\/\/hetzelsponheuer.de\/de\/wp-json\/wp\/v2\/types\/page"}],"author":[{"embeddable":true,"href":"https:\/\/hetzelsponheuer.de\/de\/wp-json\/wp\/v2\/users\/1"}],"replies":[{"embeddable":true,"href":"https:\/\/hetzelsponheuer.de\/de\/wp-json\/wp\/v2\/comments?post=3115"}],"version-history":[{"count":2,"href":"https:\/\/hetzelsponheuer.de\/de\/wp-json\/wp\/v2\/pages\/3115\/revisions"}],"predecessor-version":[{"id":5838,"href":"https:\/\/hetzelsponheuer.de\/de\/wp-json\/wp\/v2\/pages\/3115\/revisions\/5838"}],"up":[{"embeddable":true,"href":"https:\/\/hetzelsponheuer.de\/de\/wp-json\/wp\/v2\/pages\/63"}],"wp:attachment":[{"href":"https:\/\/hetzelsponheuer.de\/de\/wp-json\/wp\/v2\/media?parent=3115"}],"curies":[{"name":"wp","href":"https:\/\/api.w.org\/{rel}","templated":true}]}}