{"id":3125,"date":"2019-09-12T14:57:33","date_gmt":"2019-09-12T12:57:33","guid":{"rendered":"http:\/\/hetzelsponheuer.de\/de\/?page_id=3125"},"modified":"2022-04-12T14:26:37","modified_gmt":"2022-04-12T12:26:37","slug":"parkdeck-sachsenallee-chemnitz","status":"publish","type":"page","link":"https:\/\/hetzelsponheuer.de\/de\/referenzen\/parkdeck-sachsenallee-chemnitz\/","title":{"rendered":"Parkdeck Chemnitz"},"content":{"rendered":"<div class=\"banner row x-4 md-3-6-3 sm-0-12-0 wp-block-lazyblock-inner-block lazyblock-inner-block-1kSrP1\">\n<div class=\"col wp-block-lazyblock-inner-block lazyblock-inner-block-Z1da7Fw\">\n<div class=\"bg grey img wp-block-lazyblock-inner-block lazyblock-inner-block-xltxB\">\n\n<figure class=\"wp-block-image\"><img decoding=\"async\" loading=\"lazy\" width=\"373\" height=\"542\" src=\"https:\/\/hetzelsponheuer.de\/de\/wp-content\/uploads\/sites\/2\/2019\/09\/sachsenallee-4680_links.jpg\" alt=\"Sanierung frei bewitterter Parkdecks 1\" class=\"wp-image-3463\" srcset=\"https:\/\/hetzelsponheuer.de\/de\/wp-content\/uploads\/sites\/2\/2019\/09\/sachsenallee-4680_links.jpg 373w, https:\/\/hetzelsponheuer.de\/de\/wp-content\/uploads\/sites\/2\/2019\/09\/sachsenallee-4680_links-206x300.jpg 206w\" sizes=\"(max-width: 373px) 100vw, 373px\" \/><\/figure>\n\n<\/div>\n<\/div>\n\n<div class=\"col wp-block-lazyblock-inner-block lazyblock-inner-block-1gDVMO\">\n<div class=\"bg grey img wp-block-lazyblock-inner-block lazyblock-inner-block-25PnQc\">\n\n<figure class=\"wp-block-image\"><img decoding=\"async\" loading=\"lazy\" width=\"754\" height=\"542\" src=\"https:\/\/hetzelsponheuer.de\/de\/wp-content\/uploads\/sites\/2\/2019\/09\/sachsenallee-4680_mitte.jpg\" alt=\"Sanierung frei bewitterter Parkdecks\" class=\"wp-image-3464\" srcset=\"https:\/\/hetzelsponheuer.de\/de\/wp-content\/uploads\/sites\/2\/2019\/09\/sachsenallee-4680_mitte.jpg 754w, https:\/\/hetzelsponheuer.de\/de\/wp-content\/uploads\/sites\/2\/2019\/09\/sachsenallee-4680_mitte-300x216.jpg 300w\" sizes=\"(max-width: 754px) 100vw, 754px\" \/><\/figure>\n\n<\/div>\n<\/div>\n\n<div class=\"col wp-block-lazyblock-inner-block lazyblock-inner-block-2lGT91\">\n<div class=\"bg grey img wp-block-lazyblock-inner-block lazyblock-inner-block-Z1n79J4\">\n\n<figure class=\"wp-block-image\"><img decoding=\"async\" loading=\"lazy\" width=\"373\" height=\"542\" src=\"https:\/\/hetzelsponheuer.de\/de\/wp-content\/uploads\/sites\/2\/2019\/09\/sachsenallee-4680_rechts.jpg\" alt=\"Sanierung Parkhaus Parkdeck\" class=\"wp-image-3465\" srcset=\"https:\/\/hetzelsponheuer.de\/de\/wp-content\/uploads\/sites\/2\/2019\/09\/sachsenallee-4680_rechts.jpg 373w, https:\/\/hetzelsponheuer.de\/de\/wp-content\/uploads\/sites\/2\/2019\/09\/sachsenallee-4680_rechts-206x300.jpg 206w\" sizes=\"(max-width: 373px) 100vw, 373px\" \/><\/figure>\n\n<\/div>\n<\/div>\n<\/div>\n\n<div class=\"row x-24 md-3-9 sm-0-12 wp-block-lazyblock-inner-block lazyblock-inner-block-Z1YnPRv\">\n<div class=\"col wp-block-lazyblock-inner-block lazyblock-inner-block-1KyAnM\">\n<div class=\"wp-block-lazyblock-inner-block lazyblock-inner-block-ZQJXop\">\n\n<p>  <\/p>\n\n<\/div>\n<\/div>\n\n<div class=\"col wp-block-lazyblock-inner-block lazyblock-inner-block-1k7Wmw\">\n<div class=\"head wp-block-lazyblock-inner-block lazyblock-inner-block-Z1G5WWD\">\n\n<p class=\"topline\">Beton Sanierung Parkhaus<\/p>\n\n\n\n<h2 class=\"h1 wp-block-heading\">Park\u00addeck Sachsen\u00adallee <span class=\"grey\"><wtr>Chem\u00adnitz<\/wtr><\/span><\/h2>\n\n<\/div>\n<\/div>\n<\/div>\n\n<div class=\"row x-24 md-3-6-3 sm-0-12-0 wp-block-lazyblock-inner-block lazyblock-inner-block-ZVfRHj\">\n<div class=\"col wp-block-lazyblock-inner-block lazyblock-inner-block-UKsF4\">\n<div class=\"wp-block-lazyblock-inner-block lazyblock-inner-block-Z1brndl\">\n\n<p class=\"md-right pl-24\"><\/p>\n\n<\/div>\n<\/div>\n\n<div class=\"col wp-block-lazyblock-inner-block lazyblock-inner-block-Z1rj4eR\">\n<div class=\"wp-block-lazyblock-inner-block lazyblock-inner-block-213Klg\">\n\n<p class=\"color\"><strong>Im Herzen der Stadt Chemnitz be\u00adfindet sich das Einkaufszentrum Sachsenallee. Auf dem Center\u00addach erstreckt sich ein ca. 12.500 qm gro\u00dfes, frei\u00adbewitter\u00adtes Parkdeck, welches insbeson\u00addere im Bereich von zwei Dehnungs\u00adfugen Undichtig\u00adkeiten aufwies.&nbsp;<\/strong><\/p>\n\n\n\n<p>Das als Warmdeck ausgebildete und mit einer 10 cm starken Fahrbahnbetonplatte versehene Freideck wies in gro\u00dfen Fl\u00e4\u00adchen Sch\u00e4den wie Betonabplatzungen, Abrasion, Riss\u00adbil\u00addun\u00adgen sowie oberfl\u00e4chliche Frostsch\u00e4den auf, so dass in zwei Bauabschnitten auf jeweils ca. 8.650 qm der Fahrbahnbeton erneuert wurde. Im Zuge der Instandsetzung wurde die vor\u00adhan\u00addene Abdich\u00adtung \u00fcberarbeitet und zwei quer zum Freideck ver\u00adlaufende Dehnungsfugen ausgetauscht.<\/p>\n\n\n\n<h3 class=\"h4 wp-block-heading\">Herausforderung<\/h3>\n\n\n\n<p>Frei bewitterte Parkdecks stellen immer eine besondere Heraus\u00adforderung an Konstruk\u00adtion sowie Durch\u00adf\u00fchrung von Sanierungs\u00adarbeiten dar. Insbe\u00adsondere bei Beton\u00adarbeiten sind neu zu erstel\u00adlende Fl\u00e4chen der Witterung ausgesetzt. Sowohl Regen als auch starke Sonnen\u00adeinwirkung w\u00e4hrend der Aus\u00adh\u00e4rtungs\u00adphase des Betons kann zu Sch\u00e4den an neu erstellen Fl\u00e4chen f\u00fchren. Weiter\u00adhin ist f\u00fcr den Einsatz von frost- und tausalz\u00adbest\u00e4n\u00addigem Luft\u00adporenbeton ein beson\u00adderes Know how erforderlich.&nbsp;<\/p>\n\n\n\n<h3 class=\"h4 wp-block-heading\">L\u00f6sung<\/h3>\n\n\n\n<p>F\u00fcr die Durchf\u00fchrung der Beton\u00adarbeiten wurden zwei 100 qm gro\u00dfe Zelte aufge\u00adbaut, um im Ernst\u00adfall die frisch beto\u00adnierten Fl\u00e4chen vor Regen\u00ad\u00adeinfall und starker Sonnen\u00ad\u00adeinstrah\u00ad\u00adlung zu sch\u00fctzen. Der Einsatz von Zelten stellte eine Ausnahme dar &#8211; viel\u00admehr von Be\u00addeu\u00adtung war es, die Betonier\u00ad\u00adarbeiten voraus\u00adschauend zu planen und unter Ber\u00fcck\u00ad\u00adsichti\u00adgung der Wetter\u00ad\u00adprog\u00adnosen im Zeit\u00adfenster von 1-2 Tagen einzu\u00adtakten. Da es sich um eine Sanie\u00adrung im laufen\u00adden Betrieb handelte, wurden die zwei gro\u00dfen Bau\u00adab\u00ad\u00adschnitte nochmals in zwei bis drei kleinere unterteilt. Dadurch wurde eine aus\u00adreichend gro\u00dfe Rest\u00ad\u00adpark\u00ad\u00adfl\u00e4che erhalten und die Beein\u00adtr\u00e4ch\u00ad\u00adti\u00adgung der Mieter m\u00f6glichst gering gehalten. Die Aufteilung der Bauabschnitte erfolgte in enger Abstim\u00admung mit dem Center\u00ad\u00admanage\u00ad\u00adment sowie der betrof\u00adfenen Mieter. Die Arbeits\u00adfl\u00e4chen wurden jeweils mit einem Bauzaun umschlossen, die Verkehrs\u00adplanung und Beschil\u00adde\u00adrung wurde den Erfor\u00adder\u00ad\u00adnissen angepasst. Der Abtrans\u00adport des Ab\u00adbruch\u00ad\u00admaterials sowie die Anlie\u00adferung des neuen Fahrbahn\u00ad\u00adbetons erfolg\u00adten \u00fcber einen Turm\u00addrehkran und Dumper. Im Zuge der Trans\u00adporte musste jeweils die Haupt\u00adfahr\u00adspur gequert werden, daher wurden s\u00e4mt\u00adliche Material\u00ad\u00adtrans\u00adporte in den fr\u00fchen Morgen\u00adstunden, vor der Center\u00ad\u00ad\u00f6ffnung, durch\u00adgef\u00fchrt.<\/p>\n\n\n<div class=\"grid x24 md-col-6-6-row-1 wp-block-lazyblock-inner-block lazyblock-inner-block-Z1PNlNw\">\n<div class=\"bg grey img wp-block-lazyblock-inner-block lazyblock-inner-block-1CsORb\">\n\n<figure class=\"wp-block-image size-large\"><a class=\"gallery\" href=\"https:\/\/hetzelsponheuer.de\/de\/wp-content\/uploads\/sites\/2\/2019\/11\/parkdeck_4377.jpg\" rel=\"gallery-1\"><img decoding=\"async\" loading=\"lazy\" width=\"500\" height=\"500\" src=\"https:\/\/hetzelsponheuer.de\/de\/wp-content\/uploads\/sites\/2\/2019\/11\/parkdeck_4377.jpg\" alt=\"Sanierung Parkhaus \u00b7 Fahrbahnbeton\" class=\"wp-image-4671\" srcset=\"https:\/\/hetzelsponheuer.de\/de\/wp-content\/uploads\/sites\/2\/2019\/11\/parkdeck_4377.jpg 500w, https:\/\/hetzelsponheuer.de\/de\/wp-content\/uploads\/sites\/2\/2019\/11\/parkdeck_4377-400x400.jpg 400w, https:\/\/hetzelsponheuer.de\/de\/wp-content\/uploads\/sites\/2\/2019\/11\/parkdeck_4377-200x200.jpg 200w\" sizes=\"(max-width: 500px) 100vw, 500px\" \/><\/a><\/figure>\n\n\n\n<p class=\"figcaption\">Betonierte Fl\u00e4che<\/p>\n\n<\/div>\n\n<div class=\"bg grey img wp-block-lazyblock-inner-block lazyblock-inner-block-XmD1j\">\n\n<figure class=\"wp-block-image size-large\"><a class=\"gallery\" href=\"https:\/\/hetzelsponheuer.de\/de\/wp-content\/uploads\/sites\/2\/2019\/11\/parkdeck_4370.jpg\" rel=\"gallery-1\"><img decoding=\"async\" loading=\"lazy\" width=\"500\" height=\"500\" src=\"https:\/\/hetzelsponheuer.de\/de\/wp-content\/uploads\/sites\/2\/2019\/11\/parkdeck_4370.jpg\" alt=\"Sanierung Parkhaus \u00b7 Dehnungsfuge auf frei bewittertem Parkdeck\" class=\"wp-image-4672\" srcset=\"https:\/\/hetzelsponheuer.de\/de\/wp-content\/uploads\/sites\/2\/2019\/11\/parkdeck_4370.jpg 500w, https:\/\/hetzelsponheuer.de\/de\/wp-content\/uploads\/sites\/2\/2019\/11\/parkdeck_4370-400x400.jpg 400w, https:\/\/hetzelsponheuer.de\/de\/wp-content\/uploads\/sites\/2\/2019\/11\/parkdeck_4370-200x200.jpg 200w\" sizes=\"(max-width: 500px) 100vw, 500px\" \/><\/a><\/figure>\n\n\n\n<p class=\"figcaption\">Dehnungsfuge<\/p>\n\n<\/div>\n<\/div>\n\n\n<div style=\"height:20px\" aria-hidden=\"true\" class=\"wp-block-spacer\"><\/div>\n\n\n\n<h4 class=\"wp-block-heading\">Ausgef\u00fchrte Arbeiten<\/h4>\n\n\n\n<ul class=\"border\"><li>Abbruch Fahrbahnbeton<\/li><li>Betoninstandsetzung&nbsp;<\/li><li>Austausch der Dehnungsfugen&nbsp;<\/li><li>Herstellen einer zweilagigen Schwei\u00dfbahnabdichtung&nbsp;<\/li><li>Aufbringen eines neuen Fahrbahnbetons<\/li><li>Stahl-Systemschalung&nbsp;<\/li><li>Fahrbahnmarkierungen&nbsp;<\/li><li>Versiegelungsarbeiten<\/li><\/ul>\n\n\n\n<div style=\"height:40px\" aria-hidden=\"true\" class=\"wp-block-spacer\"><\/div>\n\n<\/div>\n<\/div>\n\n<div class=\"col wp-block-lazyblock-inner-block lazyblock-inner-block-Z2wrBd9\">\n<div class=\"wp-block-lazyblock-inner-block lazyblock-inner-block-ZiJPc3\">\n<div class=\"menu-main-menu-container\"><ul id=\"menu-main-menu\" class=\"grey\"><li id=\"menu-item-2901\" class=\"menu-item \"><a href=\"https:\/\/hetzelsponheuer.de\/de\/referenzen\/projektseiten\/\">Projektseiten<\/a><\/li>\n<li id=\"menu-item-2769\" class=\"menu-item \"><a href=\"https:\/\/hetzelsponheuer.de\/de\/referenzen\/projektliste\/\">Projektliste<\/a><\/li>\n<\/ul><\/div>\n\n\n\n<h4 class=\"wp-block-heading\">Ihr Ansprechpartner<\/h4>\n\n\n\n<ul class=\"link ajx grey\"><li><a data-post-type=\"mitarbeiter\" data-display=\"fancybox\" href=\"https:\/\/hetzelsponheuer.de\/de\/mitarbeiter\/dirk-aschenbeck\">Dirk Aschenbeck<\/a><\/li><\/ul>\n\n\n\n<h4 class=\"wp-block-heading\">L\u00f6sungen<\/h4>\n\n\n\n<ul class=\"fade-link grey\"><li><a href=\"https:\/\/hetzelsponheuer.de\/de\/loesungen\/bauwerterhaltung-denkmalschutz\/\">Bauwerterhaltung und Denkmalschutz<\/a><\/li><\/ul>\n\n\n\n<h4 class=\"wp-block-heading\">Leistungen<\/h4>\n\n\n\n<ul class=\"fade-link grey\"><li><a href=\"https:\/\/hetzelsponheuer.de\/de\/leistungen\/#organisation-baubegleitung\">Organisation und Baubegleitung<\/a><\/li><\/ul>\n\n\n\n<ul><li>Baulogistik<\/li><li>Baukoordination<\/li><\/ul>\n\n\n\n<ul class=\"fade-link grey\"><li><a href=\"https:\/\/hetzelsponheuer.de\/de\/leistungen\/#handwerk-technik\">Handwerk und Bautechnik<\/a><\/li><\/ul>\n\n\n\n<ul><li>R\u00fcckbau<\/li><li>Betonsanierung<\/li><li>Dehnungsfugen<\/li><li>Abdichtung&nbsp;<\/li><li>Fahrbahnmarkierungen&nbsp;<\/li><\/ul>\n\n\n\n<h4 class=\"wp-block-heading\">Fotos<\/h4>\n\n\n\n<ul><li>Astrid Theisen<\/li><\/ul>\n\n\n\n<div style=\"height:48px\" aria-hidden=\"true\" class=\"wp-block-spacer\"><\/div>\n\n<\/div>\n<\/div>\n<\/div>\n\n<div class=\"row x-24 md-3-9 sm-0-12 wp-block-lazyblock-inner-block lazyblock-inner-block-1DfzxM\">\n<div class=\"col wp-block-lazyblock-inner-block lazyblock-inner-block-2f9CCq\">\n<div class=\"wp-block-lazyblock-inner-block lazyblock-inner-block-Z1s8cnn\">\n\n<p>  <\/p>\n\n<\/div>\n<\/div>\n\n<div class=\"col wp-block-lazyblock-inner-block lazyblock-inner-block-1w9W4s\">\n<div class=\"wp-block-lazyblock-inner-block lazyblock-inner-block-1YtzFn\">\n\n<p class=\"logo sponheuer\">   <\/p>\n\n<\/div>\n\n\n<div style=\"height:56px\" aria-hidden=\"true\" class=\"wp-block-spacer\"><\/div>\n\n<\/div>\n<\/div>","protected":false},"excerpt":{"rendered":"","protected":false},"author":1,"featured_media":0,"parent":63,"menu_order":9,"comment_status":"closed","ping_status":"closed","template":"page-usecase.php","meta":{"footnotes":""},"yoast_head":"<!-- This site is optimized with the Yoast SEO plugin v22.6 - https:\/\/yoast.com\/wordpress\/plugins\/seo\/ -->\n<title>Parkhaus Sanierung Beton \u00b7 Parkdeck Chemnitz \u00b7 Hetzel+Sponheuer<\/title>\n<meta name=\"description\" content=\"Bei der Parkhaus Sanierung &#039;Einkaufscenter Sachsenallee Chemnitz&#039; waren die freibewitterten Parkdecks bei der Betoninstandsetzung eine Herausforderung.\" \/>\n<meta name=\"robots\" content=\"index, follow, max-snippet:-1, max-image-preview:large, max-video-preview:-1\" \/>\n<link rel=\"canonical\" href=\"https:\/\/hetzelsponheuer.de\/de\/referenzen\/parkdeck-sachsenallee-chemnitz\/\" \/>\n<meta property=\"og:locale\" content=\"de_DE\" \/>\n<meta property=\"og:type\" content=\"article\" \/>\n<meta property=\"og:title\" content=\"Parkhaus Sanierung Beton \u00b7 Parkdeck Chemnitz \u00b7 Hetzel+Sponheuer\" \/>\n<meta property=\"og:description\" content=\"Bei der Parkhaus Sanierung &#039;Einkaufscenter Sachsenallee Chemnitz&#039; waren die freibewitterten Parkdecks bei der Betoninstandsetzung eine Herausforderung.\" \/>\n<meta property=\"og:url\" content=\"https:\/\/hetzelsponheuer.de\/de\/referenzen\/parkdeck-sachsenallee-chemnitz\/\" \/>\n<meta property=\"og:site_name\" content=\"Hetzel+Sponheuer \u00b7 de\" \/>\n<meta property=\"article:modified_time\" content=\"2022-04-12T12:26:37+00:00\" \/>\n<meta property=\"og:image\" content=\"https:\/\/hetzelsponheuer.de\/de\/wp-content\/uploads\/sites\/2\/2019\/09\/sachsenallee-4680_links.jpg\" \/>\n<meta name=\"twitter:card\" content=\"summary_large_image\" \/>\n<meta name=\"twitter:label1\" content=\"Gesch\u00e4tzte Lesezeit\" \/>\n\t<meta name=\"twitter:data1\" content=\"4\u00a0Minuten\" \/>\n<script type=\"application\/ld+json\" class=\"yoast-schema-graph\">{\"@context\":\"https:\/\/schema.org\",\"@graph\":[{\"@type\":\"WebPage\",\"@id\":\"https:\/\/hetzelsponheuer.de\/de\/referenzen\/parkdeck-sachsenallee-chemnitz\/\",\"url\":\"https:\/\/hetzelsponheuer.de\/de\/referenzen\/parkdeck-sachsenallee-chemnitz\/\",\"name\":\"Parkhaus Sanierung Beton \u00b7 Parkdeck Chemnitz \u00b7 Hetzel+Sponheuer\",\"isPartOf\":{\"@id\":\"https:\/\/hetzelsponheuer.de\/de\/#website\"},\"primaryImageOfPage\":{\"@id\":\"https:\/\/hetzelsponheuer.de\/de\/referenzen\/parkdeck-sachsenallee-chemnitz\/#primaryimage\"},\"image\":{\"@id\":\"https:\/\/hetzelsponheuer.de\/de\/referenzen\/parkdeck-sachsenallee-chemnitz\/#primaryimage\"},\"thumbnailUrl\":\"https:\/\/hetzelsponheuer.de\/de\/wp-content\/uploads\/sites\/2\/2019\/09\/sachsenallee-4680_links.jpg\",\"datePublished\":\"2019-09-12T12:57:33+00:00\",\"dateModified\":\"2022-04-12T12:26:37+00:00\",\"description\":\"Bei der Parkhaus Sanierung 'Einkaufscenter Sachsenallee Chemnitz' waren die freibewitterten Parkdecks bei der Betoninstandsetzung eine Herausforderung.\",\"breadcrumb\":{\"@id\":\"https:\/\/hetzelsponheuer.de\/de\/referenzen\/parkdeck-sachsenallee-chemnitz\/#breadcrumb\"},\"inLanguage\":\"de\",\"potentialAction\":[{\"@type\":\"ReadAction\",\"target\":[\"https:\/\/hetzelsponheuer.de\/de\/referenzen\/parkdeck-sachsenallee-chemnitz\/\"]}]},{\"@type\":\"ImageObject\",\"inLanguage\":\"de\",\"@id\":\"https:\/\/hetzelsponheuer.de\/de\/referenzen\/parkdeck-sachsenallee-chemnitz\/#primaryimage\",\"url\":\"https:\/\/hetzelsponheuer.de\/de\/wp-content\/uploads\/sites\/2\/2019\/09\/sachsenallee-4680_links.jpg\",\"contentUrl\":\"https:\/\/hetzelsponheuer.de\/de\/wp-content\/uploads\/sites\/2\/2019\/09\/sachsenallee-4680_links.jpg\",\"width\":373,\"height\":542},{\"@type\":\"BreadcrumbList\",\"@id\":\"https:\/\/hetzelsponheuer.de\/de\/referenzen\/parkdeck-sachsenallee-chemnitz\/#breadcrumb\",\"itemListElement\":[{\"@type\":\"ListItem\",\"position\":1,\"name\":\"Startseite\",\"item\":\"https:\/\/hetzelsponheuer.de\/de\/\"},{\"@type\":\"ListItem\",\"position\":2,\"name\":\"Referenzen\",\"item\":\"https:\/\/hetzelsponheuer.de\/de\/referenzen\/\"},{\"@type\":\"ListItem\",\"position\":3,\"name\":\"Parkdeck Chemnitz\"}]},{\"@type\":\"WebSite\",\"@id\":\"https:\/\/hetzelsponheuer.de\/de\/#website\",\"url\":\"https:\/\/hetzelsponheuer.de\/de\/\",\"name\":\"Hetzel+Sponheuer \u00b7 de\",\"description\":\"L\u00f6sungen f\u00fcr Ihr Bauprojekt\",\"publisher\":{\"@id\":\"https:\/\/hetzelsponheuer.de\/de\/#organization\"},\"inLanguage\":\"de\"},{\"@type\":\"Organization\",\"@id\":\"https:\/\/hetzelsponheuer.de\/de\/#organization\",\"name\":\"Hetzel+Sponheuer GmbH & Co. KG\",\"url\":\"https:\/\/hetzelsponheuer.de\/de\/\",\"logo\":{\"@type\":\"ImageObject\",\"inLanguage\":\"de\",\"@id\":\"https:\/\/hetzelsponheuer.de\/de\/#\/schema\/logo\/image\/\",\"url\":\"https:\/\/hetzelsponheuer.de\/en\/wp-content\/uploads\/sites\/2\/2020\/02\/logo_hetzelsponheuer.png\",\"contentUrl\":\"https:\/\/hetzelsponheuer.de\/en\/wp-content\/uploads\/sites\/2\/2020\/02\/logo_hetzelsponheuer.png\",\"width\":360,\"height\":24,\"caption\":\"Hetzel+Sponheuer GmbH & Co. KG\"},\"image\":{\"@id\":\"https:\/\/hetzelsponheuer.de\/de\/#\/schema\/logo\/image\/\"},\"sameAs\":[\"https:\/\/www.linkedin.com\/company\/hetzel-sponheuer-gmbh-&amp;-co.-kg\"]}]}<\/script>\n<!-- \/ Yoast SEO plugin. -->","yoast_head_json":{"title":"Parkhaus Sanierung Beton \u00b7 Parkdeck Chemnitz \u00b7 Hetzel+Sponheuer","description":"Bei der Parkhaus Sanierung 'Einkaufscenter Sachsenallee Chemnitz' waren die freibewitterten Parkdecks bei der Betoninstandsetzung eine Herausforderung.","robots":{"index":"index","follow":"follow","max-snippet":"max-snippet:-1","max-image-preview":"max-image-preview:large","max-video-preview":"max-video-preview:-1"},"canonical":"https:\/\/hetzelsponheuer.de\/de\/referenzen\/parkdeck-sachsenallee-chemnitz\/","og_locale":"de_DE","og_type":"article","og_title":"Parkhaus Sanierung Beton \u00b7 Parkdeck Chemnitz \u00b7 Hetzel+Sponheuer","og_description":"Bei der Parkhaus Sanierung 'Einkaufscenter Sachsenallee Chemnitz' waren die freibewitterten Parkdecks bei der Betoninstandsetzung eine Herausforderung.","og_url":"https:\/\/hetzelsponheuer.de\/de\/referenzen\/parkdeck-sachsenallee-chemnitz\/","og_site_name":"Hetzel+Sponheuer \u00b7 de","article_modified_time":"2022-04-12T12:26:37+00:00","og_image":[{"url":"https:\/\/hetzelsponheuer.de\/de\/wp-content\/uploads\/sites\/2\/2019\/09\/sachsenallee-4680_links.jpg"}],"twitter_card":"summary_large_image","twitter_misc":{"Gesch\u00e4tzte Lesezeit":"4\u00a0Minuten"},"schema":{"@context":"https:\/\/schema.org","@graph":[{"@type":"WebPage","@id":"https:\/\/hetzelsponheuer.de\/de\/referenzen\/parkdeck-sachsenallee-chemnitz\/","url":"https:\/\/hetzelsponheuer.de\/de\/referenzen\/parkdeck-sachsenallee-chemnitz\/","name":"Parkhaus Sanierung Beton \u00b7 Parkdeck Chemnitz \u00b7 Hetzel+Sponheuer","isPartOf":{"@id":"https:\/\/hetzelsponheuer.de\/de\/#website"},"primaryImageOfPage":{"@id":"https:\/\/hetzelsponheuer.de\/de\/referenzen\/parkdeck-sachsenallee-chemnitz\/#primaryimage"},"image":{"@id":"https:\/\/hetzelsponheuer.de\/de\/referenzen\/parkdeck-sachsenallee-chemnitz\/#primaryimage"},"thumbnailUrl":"https:\/\/hetzelsponheuer.de\/de\/wp-content\/uploads\/sites\/2\/2019\/09\/sachsenallee-4680_links.jpg","datePublished":"2019-09-12T12:57:33+00:00","dateModified":"2022-04-12T12:26:37+00:00","description":"Bei der Parkhaus Sanierung 'Einkaufscenter Sachsenallee Chemnitz' waren die freibewitterten Parkdecks bei der Betoninstandsetzung eine Herausforderung.","breadcrumb":{"@id":"https:\/\/hetzelsponheuer.de\/de\/referenzen\/parkdeck-sachsenallee-chemnitz\/#breadcrumb"},"inLanguage":"de","potentialAction":[{"@type":"ReadAction","target":["https:\/\/hetzelsponheuer.de\/de\/referenzen\/parkdeck-sachsenallee-chemnitz\/"]}]},{"@type":"ImageObject","inLanguage":"de","@id":"https:\/\/hetzelsponheuer.de\/de\/referenzen\/parkdeck-sachsenallee-chemnitz\/#primaryimage","url":"https:\/\/hetzelsponheuer.de\/de\/wp-content\/uploads\/sites\/2\/2019\/09\/sachsenallee-4680_links.jpg","contentUrl":"https:\/\/hetzelsponheuer.de\/de\/wp-content\/uploads\/sites\/2\/2019\/09\/sachsenallee-4680_links.jpg","width":373,"height":542},{"@type":"BreadcrumbList","@id":"https:\/\/hetzelsponheuer.de\/de\/referenzen\/parkdeck-sachsenallee-chemnitz\/#breadcrumb","itemListElement":[{"@type":"ListItem","position":1,"name":"Startseite","item":"https:\/\/hetzelsponheuer.de\/de\/"},{"@type":"ListItem","position":2,"name":"Referenzen","item":"https:\/\/hetzelsponheuer.de\/de\/referenzen\/"},{"@type":"ListItem","position":3,"name":"Parkdeck Chemnitz"}]},{"@type":"WebSite","@id":"https:\/\/hetzelsponheuer.de\/de\/#website","url":"https:\/\/hetzelsponheuer.de\/de\/","name":"Hetzel+Sponheuer \u00b7 de","description":"L\u00f6sungen f\u00fcr Ihr Bauprojekt","publisher":{"@id":"https:\/\/hetzelsponheuer.de\/de\/#organization"},"inLanguage":"de"},{"@type":"Organization","@id":"https:\/\/hetzelsponheuer.de\/de\/#organization","name":"Hetzel+Sponheuer GmbH & Co. KG","url":"https:\/\/hetzelsponheuer.de\/de\/","logo":{"@type":"ImageObject","inLanguage":"de","@id":"https:\/\/hetzelsponheuer.de\/de\/#\/schema\/logo\/image\/","url":"https:\/\/hetzelsponheuer.de\/en\/wp-content\/uploads\/sites\/2\/2020\/02\/logo_hetzelsponheuer.png","contentUrl":"https:\/\/hetzelsponheuer.de\/en\/wp-content\/uploads\/sites\/2\/2020\/02\/logo_hetzelsponheuer.png","width":360,"height":24,"caption":"Hetzel+Sponheuer GmbH & Co. KG"},"image":{"@id":"https:\/\/hetzelsponheuer.de\/de\/#\/schema\/logo\/image\/"},"sameAs":["https:\/\/www.linkedin.com\/company\/hetzel-sponheuer-gmbh-&amp;-co.-kg"]}]}},"_links":{"self":[{"href":"https:\/\/hetzelsponheuer.de\/de\/wp-json\/wp\/v2\/pages\/3125"}],"collection":[{"href":"https:\/\/hetzelsponheuer.de\/de\/wp-json\/wp\/v2\/pages"}],"about":[{"href":"https:\/\/hetzelsponheuer.de\/de\/wp-json\/wp\/v2\/types\/page"}],"author":[{"embeddable":true,"href":"https:\/\/hetzelsponheuer.de\/de\/wp-json\/wp\/v2\/users\/1"}],"replies":[{"embeddable":true,"href":"https:\/\/hetzelsponheuer.de\/de\/wp-json\/wp\/v2\/comments?post=3125"}],"version-history":[{"count":2,"href":"https:\/\/hetzelsponheuer.de\/de\/wp-json\/wp\/v2\/pages\/3125\/revisions"}],"predecessor-version":[{"id":5839,"href":"https:\/\/hetzelsponheuer.de\/de\/wp-json\/wp\/v2\/pages\/3125\/revisions\/5839"}],"up":[{"embeddable":true,"href":"https:\/\/hetzelsponheuer.de\/de\/wp-json\/wp\/v2\/pages\/63"}],"wp:attachment":[{"href":"https:\/\/hetzelsponheuer.de\/de\/wp-json\/wp\/v2\/media?parent=3125"}],"curies":[{"name":"wp","href":"https:\/\/api.w.org\/{rel}","templated":true}]}}