{"id":3139,"date":"2019-09-12T15:41:31","date_gmt":"2019-09-12T13:41:31","guid":{"rendered":"http:\/\/hetzelsponheuer.de\/de\/?page_id=3139"},"modified":"2020-11-27T18:12:55","modified_gmt":"2020-11-27T17:12:55","slug":"rems-murr-klinikum-winneden","status":"publish","type":"page","link":"https:\/\/hetzelsponheuer.de\/de\/referenzen\/rems-murr-klinikum-winneden\/","title":{"rendered":"Rems-Murr Klinikum Winneden"},"content":{"rendered":"<div class=\"banner row x-4 md-3-6-3 sm-0-12-0 wp-block-lazyblock-inner-block lazyblock-inner-block-Z2iYQL7\">\n<div class=\"col wp-block-lazyblock-inner-block lazyblock-inner-block-ZJMpcR\">\n<div class=\"bg grey img wp-block-lazyblock-inner-block lazyblock-inner-block-Z1xL5yb\">\n\n<figure class=\"wp-block-image\"><img decoding=\"async\" loading=\"lazy\" width=\"373\" height=\"974\" src=\"https:\/\/hetzelsponheuer.de\/de\/wp-content\/uploads\/sites\/2\/2019\/09\/rmk-140613-quer-aus.jpg\" alt=\"Innenausbau Logistik am Bau \u00b7  Krankenhaus\" class=\"wp-image-3435\" srcset=\"https:\/\/hetzelsponheuer.de\/de\/wp-content\/uploads\/sites\/2\/2019\/09\/rmk-140613-quer-aus.jpg 373w, https:\/\/hetzelsponheuer.de\/de\/wp-content\/uploads\/sites\/2\/2019\/09\/rmk-140613-quer-aus-115x300.jpg 115w\" sizes=\"(max-width: 373px) 100vw, 373px\" \/><\/figure>\n\n<\/div>\n<\/div>\n\n<div class=\"col wp-block-lazyblock-inner-block lazyblock-inner-block-Z1U47nk\">\n<div class=\"bg grey img wp-block-lazyblock-inner-block lazyblock-inner-block-1Om5Wc\">\n\n<figure class=\"wp-block-image\"><img decoding=\"async\" loading=\"lazy\" width=\"754\" height=\"505\" src=\"https:\/\/hetzelsponheuer.de\/de\/wp-content\/uploads\/sites\/2\/2019\/09\/rmk-140613-quer-links.jpg\" alt=\"Innenausbau Remss-Murr Kliniken\" class=\"wp-image-3436\" srcset=\"https:\/\/hetzelsponheuer.de\/de\/wp-content\/uploads\/sites\/2\/2019\/09\/rmk-140613-quer-links.jpg 754w, https:\/\/hetzelsponheuer.de\/de\/wp-content\/uploads\/sites\/2\/2019\/09\/rmk-140613-quer-links-300x201.jpg 300w\" sizes=\"(max-width: 754px) 100vw, 754px\" \/><\/figure>\n\n<\/div>\n<\/div>\n\n<div class=\"col wp-block-lazyblock-inner-block lazyblock-inner-block-ZQ629B\">\n<div class=\"bg grey img wp-block-lazyblock-inner-block lazyblock-inner-block-Z1FBFWJ\">\n\n<figure class=\"wp-block-image\"><img decoding=\"async\" loading=\"lazy\" width=\"373\" height=\"505\" src=\"https:\/\/hetzelsponheuer.de\/de\/wp-content\/uploads\/sites\/2\/2019\/09\/rmk-140613-quer-rechts.jpg\" alt=\"Ausbau Remss-Murr Klinikum\" class=\"wp-image-3437\" srcset=\"https:\/\/hetzelsponheuer.de\/de\/wp-content\/uploads\/sites\/2\/2019\/09\/rmk-140613-quer-rechts.jpg 373w, https:\/\/hetzelsponheuer.de\/de\/wp-content\/uploads\/sites\/2\/2019\/09\/rmk-140613-quer-rechts-222x300.jpg 222w\" sizes=\"(max-width: 373px) 100vw, 373px\" \/><\/figure>\n\n<\/div>\n<\/div>\n<\/div>\n\n<div class=\"row x-24 md-3-9 sm-0-12 wp-block-lazyblock-inner-block lazyblock-inner-block-7qmPM\">\n<div class=\"col wp-block-lazyblock-inner-block lazyblock-inner-block-14CrgX\">\n\n<\/div>\n\n<div class=\"col wp-block-lazyblock-inner-block lazyblock-inner-block-Vp2Ro\">\n<div class=\"head wp-block-lazyblock-inner-block lazyblock-inner-block-ZMmbwM\">\n\n<p class=\"topline\">Innenausbau Baulogistik<\/p>\n\n\n\n<h2 class=\"h1 wp-block-heading\">Remss-Murr Klinikum <span class=\"grey\">Winneden<\/span><\/h2>\n\n<\/div>\n<\/div>\n<\/div>\n\n<div class=\"row x-24 md-3-6-3 sm-12-12-12 wp-block-lazyblock-inner-block lazyblock-inner-block-2wWfn9\">\n<div class=\"col wp-block-lazyblock-inner-block lazyblock-inner-block-Z2b6yQe\">\n<div class=\"wp-block-lazyblock-inner-block lazyblock-inner-block-YTE8\">\n\n<p class=\"md-right pl-24\"><\/p>\n\n<\/div>\n<\/div>\n\n<div class=\"col wp-block-lazyblock-inner-block lazyblock-inner-block-Z1MxJ8o\">\n<div class=\"wp-block-lazyblock-inner-block lazyblock-inner-block-Z1higJ1\">\n\n<p class=\"color\"><strong>Das Klinikum in Winnenden sorgt f\u00fcr die qualifizierte Zentral- und Regelver\u00adsor\u00adgung im Rems-Murr-Kreis und dar\u00fcber hinaus.<\/strong> <strong>Mit insgesamt 900 Betten wer\u00adden j\u00e4hr\u00adlich rund 40.000 Pa\u00adtien\u00adten sta\u00adtio\u00adn\u00e4r versorgt.<\/strong><\/p>\n\n\n\n<div style=\"height:24px\" aria-hidden=\"true\" class=\"wp-block-spacer\"><\/div>\n\n\n\n<p>Seit der Er\u00f6ffnung 2014 bietet das Rems-Murr-Klinikum Winnenden mit 19 spezialisierten Fachkliniken und interdisziplin\u00e4ren Zentren eine optimale Versorgungsqualit\u00e4t mit moderner Ausstattung und hohem Patientenkomfort.<\/p>\n\n\n\n<h3 class=\"h4 wp-block-heading\">Herausforderung<\/h3>\n\n\n\n<p>Medizi\u00adnische Neubau\u00adprojekte dieser Gr\u00f6\u00dfen\u00adordnung stellen an Planung, Gestal\u00adtung und Aus\u00adf\u00fch\u00adrung des Innenausbaus hohe Anspr\u00fcche. Eine hoch\u00adkomplexe Auf\u00adgabe ist beispiels\u00adweise, Patienten und Besuchern das intui\u00adtive Orien\u00adtieren in den vielen Trakten und Fluren zu erm\u00f6g\u00adlichen. In Winnenden sollten sowohl verschie\u00addene Geb\u00e4ude\u00adteile, Fassaden und Innen\u00adfl\u00e4chen, als auch deren jewei\u00adlige Funk\u00adtion, in ein farb\u00adbasier\u00adtes Orien\u00adtierungs\u00adkon\u00adzept einbe\u00adzogen werden. Dazu sollten 61.000 qm Wand\u00adfl\u00e4\u00adchen beschich\u00adtet (das ent\u00adspricht fast 9 Fu\u00dfball\u00adfel\u00addern), mehr als 35.000 qm Decken\u00adfl\u00e4chen, Unter\u00adz\u00fcge usw. gestrichen, mehr als 11 Kilo\u00admeter Stahl\u00adzar\u00adgen lackiert, \u00fcber 20.000 qm Glas\u00adgewebe verar\u00adbeitet, \u00fcber 25 Kilo\u00admeter Beton\u00adgrate entfernt und an\u00adn\u00e4hernd 37 Kilo\u00admeter Fugen ver\u00adsiegelt werden.&nbsp;<\/p>\n\n\n\n<h3 class=\"h4 wp-block-heading\">L\u00f6sung<\/h3>\n\n\n\n<p>F\u00fcr eine erfolg\u00adreiche Durch\u00adf\u00fch\u00adrung umfang\u00adreicher, zeit\u00adkriti\u00adscher und kommu\u00adnika\u00adtions\u00adinten\u00adsiver Auf\u00adgaben sind praxisnah opti\u00admierte Pro\u00adzesse (Arbeits\u00advor\u00adberei\u00adtung, Aus\u00adf\u00fch\u00adrungs\u00adplanung) und projekt\u00adspezi\u00adfische L\u00f6sun\u00adgen (Logistik, Organi\u00adsation, Zeit\u00admanage\u00adment) ent\u00adschei\u00addend. Unser zerti\u00adfi\u00adziertes Qualit\u00e4ts\u00admanage\u00adment formu\u00adliert Ana\u00adlysen und Strate\u00adgien f\u00fcr das F\u00fchrungs\u00adpersonal.<\/p>\n\n\n<div class=\"grid x24 md-col-6-6-row-1 wp-block-lazyblock-inner-block lazyblock-inner-block-2gRDSW\">\n<div class=\"bg grey img wp-block-lazyblock-inner-block lazyblock-inner-block-Z2uWksc\">\n\n<figure class=\"wp-block-image size-large\"><a class=\"gallery\" href=\"https:\/\/hetzelsponheuer.de\/de\/wp-content\/uploads\/sites\/2\/2019\/11\/remss-murr-w-0001.jpg\" rel=\"gallery-1\"><img decoding=\"async\" loading=\"lazy\" width=\"600\" height=\"400\" src=\"https:\/\/hetzelsponheuer.de\/de\/wp-content\/uploads\/sites\/2\/2019\/11\/remss-murr-w-0001.jpg\" alt=\"\" class=\"wp-image-4679\" srcset=\"https:\/\/hetzelsponheuer.de\/de\/wp-content\/uploads\/sites\/2\/2019\/11\/remss-murr-w-0001.jpg 600w, https:\/\/hetzelsponheuer.de\/de\/wp-content\/uploads\/sites\/2\/2019\/11\/remss-murr-w-0001-400x267.jpg 400w\" sizes=\"(max-width: 600px) 100vw, 600px\" \/><\/a><\/figure>\n\n\n\n<p class=\"figcaption\">Radiologie 1<\/p>\n\n<\/div>\n\n<div class=\"bg grey img wp-block-lazyblock-inner-block lazyblock-inner-block-Z1WckKd\">\n\n<figure class=\"wp-block-image size-large\"><a class=\"gallery\" href=\"https:\/\/hetzelsponheuer.de\/de\/wp-content\/uploads\/sites\/2\/2019\/11\/remss-murr-w-0045.jpg\" rel=\"gallery-1\"><img decoding=\"async\" loading=\"lazy\" width=\"600\" height=\"400\" src=\"https:\/\/hetzelsponheuer.de\/de\/wp-content\/uploads\/sites\/2\/2019\/11\/remss-murr-w-0045.jpg\" alt=\"\" class=\"wp-image-4680\" srcset=\"https:\/\/hetzelsponheuer.de\/de\/wp-content\/uploads\/sites\/2\/2019\/11\/remss-murr-w-0045.jpg 600w, https:\/\/hetzelsponheuer.de\/de\/wp-content\/uploads\/sites\/2\/2019\/11\/remss-murr-w-0045-400x267.jpg 400w\" sizes=\"(max-width: 600px) 100vw, 600px\" \/><\/a><\/figure>\n\n\n\n<p class=\"figcaption\">Radiologie 2<\/p>\n\n<\/div>\n\n<div class=\"bg grey img wp-block-lazyblock-inner-block lazyblock-inner-block-Z1mnaUc\">\n\n<figure class=\"wp-block-image size-large\"><a class=\"gallery\" href=\"https:\/\/hetzelsponheuer.de\/de\/wp-content\/uploads\/sites\/2\/2019\/11\/remss-murr-w-12091020.jpg\" rel=\"gallery-1\"><img decoding=\"async\" loading=\"lazy\" width=\"600\" height=\"400\" src=\"https:\/\/hetzelsponheuer.de\/de\/wp-content\/uploads\/sites\/2\/2019\/11\/remss-murr-w-12091020.jpg\" alt=\"\" class=\"wp-image-4682\" srcset=\"https:\/\/hetzelsponheuer.de\/de\/wp-content\/uploads\/sites\/2\/2019\/11\/remss-murr-w-12091020.jpg 600w, https:\/\/hetzelsponheuer.de\/de\/wp-content\/uploads\/sites\/2\/2019\/11\/remss-murr-w-12091020-400x267.jpg 400w\" sizes=\"(max-width: 600px) 100vw, 600px\" \/><\/a><\/figure>\n\n\n\n<p class=\"figcaption\">Magistrale 1<\/p>\n\n<\/div>\n\n<div class=\"bg grey img wp-block-lazyblock-inner-block lazyblock-inner-block-Z2hTzFs\">\n\n<figure class=\"wp-block-image size-large\"><a class=\"gallery\" href=\"https:\/\/hetzelsponheuer.de\/de\/wp-content\/uploads\/sites\/2\/2019\/11\/remss-murr-w-141-magistrale.jpg\" rel=\"gallery-1\"><img decoding=\"async\" loading=\"lazy\" width=\"600\" height=\"400\" src=\"https:\/\/hetzelsponheuer.de\/de\/wp-content\/uploads\/sites\/2\/2019\/11\/remss-murr-w-141-magistrale.jpg\" alt=\"\" class=\"wp-image-4681\" srcset=\"https:\/\/hetzelsponheuer.de\/de\/wp-content\/uploads\/sites\/2\/2019\/11\/remss-murr-w-141-magistrale.jpg 600w, https:\/\/hetzelsponheuer.de\/de\/wp-content\/uploads\/sites\/2\/2019\/11\/remss-murr-w-141-magistrale-400x267.jpg 400w\" sizes=\"(max-width: 600px) 100vw, 600px\" \/><\/a><\/figure>\n\n\n\n<p class=\"figcaption\">Magistrale 2<\/p>\n\n<\/div>\n<\/div>\n\n\n<p>Unsere geschulte Bau- und Projekt\u00adleitung garan\u00adtier\u00adte auch bei diesem Gro\u00df\u00adprojekt die reibungs\u00adlose Aus\u00adf\u00fch\u00adrung und sorgte f\u00fcr die laufende Qualit\u00e4ts\u00adkon\u00adtrolle und Projekt\u00addokumen\u00adtation. Unsere Hand\u00adwerker konnten erneut ihr hand\u00adwerk\u00adliches K\u00f6nnen beim Innenausbau unter Beweis stellen.<\/p>\n\n\n\n<p>Alle vereinbarten Termine konnten einge\u00adhal\u00adten und alle Lei\u00adstun\u00adgen konnten in gewohnt hoher Quali\u00adt\u00e4t fertig\u00adgestellt werden.<\/p>\n\n\n\n<div style=\"height:32px\" aria-hidden=\"true\" class=\"wp-block-spacer\"><\/div>\n\n<\/div>\n<\/div>\n\n<div class=\"col wp-block-lazyblock-inner-block lazyblock-inner-block-Z1dwOHL\">\n<div class=\"wp-block-lazyblock-inner-block lazyblock-inner-block-Z2wEbTT\">\n<div class=\"menu-main-menu-container\"><ul id=\"menu-main-menu\" class=\"grey\"><li id=\"menu-item-2901\" class=\"menu-item \"><a href=\"https:\/\/hetzelsponheuer.de\/de\/referenzen\/projektseiten\/\">Projektseiten<\/a><\/li>\n<li id=\"menu-item-2769\" class=\"menu-item \"><a href=\"https:\/\/hetzelsponheuer.de\/de\/referenzen\/projektliste\/\">Projektliste<\/a><\/li>\n<\/ul><\/div>\n\n\n\n<h4 class=\"wp-block-heading\">Ihr Ansprechpartner<\/h4>\n\n\n\n<ul class=\"link ajx grey\"><li><a href=\"carsten-haddick\" data-display=\"fancybox\" data-post-type=\"mitarbeiter\">Carsten Haddick<\/a><\/li><\/ul>\n\n\n\n<h4 class=\"wp-block-heading\">L\u00f6sungen<\/h4>\n\n\n\n<ul class=\"fade-link grey\"><li><a href=\"https:\/\/hetzelsponheuer.de\/de\/loesungen\/#wohnen-gewerbe-industrie\">Wohnen, Gewerbe und Industrie<\/a><\/li><\/ul>\n\n\n\n<h4 class=\"wp-block-heading\">Leistungen<\/h4>\n\n\n\n<ul class=\"fade-link grey\"><li><a href=\"https:\/\/hetzelsponheuer.de\/de\/leistungen\/#bewertung-und-beratung\">Bewertung und Beratung<\/a><\/li><li><a href=\"https:\/\/hetzelsponheuer.de\/de\/leistungen\/#organisation-und-baubegleitung\">Organisation und Baubegleitung<\/a><\/li><li><a href=\"https:\/\/hetzelsponheuer.de\/de\/leistungen\/#handwerk-und-technik\">Handwerk und Bautechnik<\/a><\/li><\/ul>\n\n\n\n<ul><li>Bestands- und Materialanalyse<\/li><li>Fassadensanierung<\/li><li>Fugensanierung<\/li><li>Fassadenreinigung<\/li><\/ul>\n\n\n\n<h4 class=\"wp-block-heading\">Weitere Informationen<\/h4>\n\n\n\n<ul class=\"fade-link grey\"><li><a href=\"https:\/\/hetzelsponheuer.de\/de\/unternehmen\/#qualitaetsmanagement\">Qualit\u00e4tsmanagement<\/a><\/li><\/ul>\n\n\n\n<h4 class=\"wp-block-heading\">Fotos<\/h4>\n\n\n\n<ul><li>Rems-Murr-Klinikum<\/li><\/ul>\n\n<\/div>\n<\/div>\n<\/div>\n\n<div class=\"row x-24 md-3-9 sm-0-12 wp-block-lazyblock-inner-block lazyblock-inner-block-2mrwsP\">\n<div class=\"col wp-block-lazyblock-inner-block lazyblock-inner-block-ZuCFTF\">\n<div class=\"wp-block-lazyblock-inner-block lazyblock-inner-block-Z1QKVGh\">\n\n<p>  <\/p>\n\n<\/div>\n<\/div>\n\n<div class=\"col wp-block-lazyblock-inner-block lazyblock-inner-block-Z1dEO6S\">\n<div class=\"wp-block-lazyblock-inner-block lazyblock-inner-block-1GrFqs\">\n\n<p class=\"logo hetzel\">   <\/p>\n\n<\/div>\n\n\n<div style=\"height:56px\" aria-hidden=\"true\" class=\"wp-block-spacer\"><\/div>\n\n<\/div>\n<\/div>","protected":false},"excerpt":{"rendered":"","protected":false},"author":1,"featured_media":0,"parent":63,"menu_order":9,"comment_status":"closed","ping_status":"closed","template":"page-usecase.php","meta":{"footnotes":""},"yoast_head":"<!-- This site is optimized with the Yoast SEO plugin v22.6 - https:\/\/yoast.com\/wordpress\/plugins\/seo\/ -->\n<title>Innenausbau Baulogistik \u00b7 Rems Murr Klinikum \u00b7 Hetzel+Sponheuer<\/title>\n<meta name=\"description\" content=\"Innenausbau, Baulogistik, Materiallogistik, und Orientierungssystem des Rems-Murr-Klinikums Winnenden. Baul\u00f6sung &#039;Wohnen, Gewerbe und Industrie&#039;.\" \/>\n<meta name=\"robots\" content=\"index, follow, max-snippet:-1, max-image-preview:large, max-video-preview:-1\" \/>\n<link rel=\"canonical\" href=\"https:\/\/hetzelsponheuer.de\/de\/referenzen\/rems-murr-klinikum-winneden\/\" \/>\n<meta property=\"og:locale\" content=\"de_DE\" \/>\n<meta property=\"og:type\" content=\"article\" \/>\n<meta property=\"og:title\" content=\"Innenausbau Baulogistik \u00b7 Rems Murr Klinikum \u00b7 Hetzel+Sponheuer\" \/>\n<meta property=\"og:description\" content=\"Innenausbau, Baulogistik, Materiallogistik, und Orientierungssystem des Rems-Murr-Klinikums Winnenden. Baul\u00f6sung &#039;Wohnen, Gewerbe und Industrie&#039;.\" \/>\n<meta property=\"og:url\" content=\"https:\/\/hetzelsponheuer.de\/de\/referenzen\/rems-murr-klinikum-winneden\/\" \/>\n<meta property=\"og:site_name\" content=\"Hetzel+Sponheuer \u00b7 de\" \/>\n<meta property=\"article:modified_time\" content=\"2020-11-27T17:12:55+00:00\" \/>\n<meta property=\"og:image\" content=\"https:\/\/hetzelsponheuer.de\/de\/wp-content\/uploads\/sites\/2\/2019\/09\/rmk-140613-quer-aus.jpg\" \/>\n<meta name=\"twitter:card\" content=\"summary_large_image\" \/>\n<script type=\"application\/ld+json\" class=\"yoast-schema-graph\">{\"@context\":\"https:\/\/schema.org\",\"@graph\":[{\"@type\":\"WebPage\",\"@id\":\"https:\/\/hetzelsponheuer.de\/de\/referenzen\/rems-murr-klinikum-winneden\/\",\"url\":\"https:\/\/hetzelsponheuer.de\/de\/referenzen\/rems-murr-klinikum-winneden\/\",\"name\":\"Innenausbau Baulogistik \u00b7 Rems Murr Klinikum \u00b7 Hetzel+Sponheuer\",\"isPartOf\":{\"@id\":\"https:\/\/hetzelsponheuer.de\/de\/#website\"},\"primaryImageOfPage\":{\"@id\":\"https:\/\/hetzelsponheuer.de\/de\/referenzen\/rems-murr-klinikum-winneden\/#primaryimage\"},\"image\":{\"@id\":\"https:\/\/hetzelsponheuer.de\/de\/referenzen\/rems-murr-klinikum-winneden\/#primaryimage\"},\"thumbnailUrl\":\"https:\/\/hetzelsponheuer.de\/de\/wp-content\/uploads\/sites\/2\/2019\/09\/rmk-140613-quer-aus.jpg\",\"datePublished\":\"2019-09-12T13:41:31+00:00\",\"dateModified\":\"2020-11-27T17:12:55+00:00\",\"description\":\"Innenausbau, Baulogistik, Materiallogistik, und Orientierungssystem des Rems-Murr-Klinikums Winnenden. Baul\u00f6sung 'Wohnen, Gewerbe und Industrie'.\",\"breadcrumb\":{\"@id\":\"https:\/\/hetzelsponheuer.de\/de\/referenzen\/rems-murr-klinikum-winneden\/#breadcrumb\"},\"inLanguage\":\"de\",\"potentialAction\":[{\"@type\":\"ReadAction\",\"target\":[\"https:\/\/hetzelsponheuer.de\/de\/referenzen\/rems-murr-klinikum-winneden\/\"]}]},{\"@type\":\"ImageObject\",\"inLanguage\":\"de\",\"@id\":\"https:\/\/hetzelsponheuer.de\/de\/referenzen\/rems-murr-klinikum-winneden\/#primaryimage\",\"url\":\"https:\/\/hetzelsponheuer.de\/de\/wp-content\/uploads\/sites\/2\/2019\/09\/rmk-140613-quer-aus.jpg\",\"contentUrl\":\"https:\/\/hetzelsponheuer.de\/de\/wp-content\/uploads\/sites\/2\/2019\/09\/rmk-140613-quer-aus.jpg\",\"width\":373,\"height\":974},{\"@type\":\"BreadcrumbList\",\"@id\":\"https:\/\/hetzelsponheuer.de\/de\/referenzen\/rems-murr-klinikum-winneden\/#breadcrumb\",\"itemListElement\":[{\"@type\":\"ListItem\",\"position\":1,\"name\":\"Startseite\",\"item\":\"https:\/\/hetzelsponheuer.de\/de\/\"},{\"@type\":\"ListItem\",\"position\":2,\"name\":\"Referenzen\",\"item\":\"https:\/\/hetzelsponheuer.de\/de\/referenzen\/\"},{\"@type\":\"ListItem\",\"position\":3,\"name\":\"Rems-Murr Klinikum Winneden\"}]},{\"@type\":\"WebSite\",\"@id\":\"https:\/\/hetzelsponheuer.de\/de\/#website\",\"url\":\"https:\/\/hetzelsponheuer.de\/de\/\",\"name\":\"Hetzel+Sponheuer \u00b7 de\",\"description\":\"L\u00f6sungen f\u00fcr Ihr Bauprojekt\",\"publisher\":{\"@id\":\"https:\/\/hetzelsponheuer.de\/de\/#organization\"},\"inLanguage\":\"de\"},{\"@type\":\"Organization\",\"@id\":\"https:\/\/hetzelsponheuer.de\/de\/#organization\",\"name\":\"Hetzel+Sponheuer GmbH & Co. KG\",\"url\":\"https:\/\/hetzelsponheuer.de\/de\/\",\"logo\":{\"@type\":\"ImageObject\",\"inLanguage\":\"de\",\"@id\":\"https:\/\/hetzelsponheuer.de\/de\/#\/schema\/logo\/image\/\",\"url\":\"https:\/\/hetzelsponheuer.de\/en\/wp-content\/uploads\/sites\/2\/2020\/02\/logo_hetzelsponheuer.png\",\"contentUrl\":\"https:\/\/hetzelsponheuer.de\/en\/wp-content\/uploads\/sites\/2\/2020\/02\/logo_hetzelsponheuer.png\",\"width\":360,\"height\":24,\"caption\":\"Hetzel+Sponheuer GmbH & Co. KG\"},\"image\":{\"@id\":\"https:\/\/hetzelsponheuer.de\/de\/#\/schema\/logo\/image\/\"},\"sameAs\":[\"https:\/\/www.linkedin.com\/company\/hetzel-sponheuer-gmbh-&amp;-co.-kg\"]}]}<\/script>\n<!-- \/ Yoast SEO plugin. -->","yoast_head_json":{"title":"Innenausbau Baulogistik \u00b7 Rems Murr Klinikum \u00b7 Hetzel+Sponheuer","description":"Innenausbau, Baulogistik, Materiallogistik, und Orientierungssystem des Rems-Murr-Klinikums Winnenden. Baul\u00f6sung 'Wohnen, Gewerbe und Industrie'.","robots":{"index":"index","follow":"follow","max-snippet":"max-snippet:-1","max-image-preview":"max-image-preview:large","max-video-preview":"max-video-preview:-1"},"canonical":"https:\/\/hetzelsponheuer.de\/de\/referenzen\/rems-murr-klinikum-winneden\/","og_locale":"de_DE","og_type":"article","og_title":"Innenausbau Baulogistik \u00b7 Rems Murr Klinikum \u00b7 Hetzel+Sponheuer","og_description":"Innenausbau, Baulogistik, Materiallogistik, und Orientierungssystem des Rems-Murr-Klinikums Winnenden. Baul\u00f6sung 'Wohnen, Gewerbe und Industrie'.","og_url":"https:\/\/hetzelsponheuer.de\/de\/referenzen\/rems-murr-klinikum-winneden\/","og_site_name":"Hetzel+Sponheuer \u00b7 de","article_modified_time":"2020-11-27T17:12:55+00:00","og_image":[{"url":"https:\/\/hetzelsponheuer.de\/de\/wp-content\/uploads\/sites\/2\/2019\/09\/rmk-140613-quer-aus.jpg"}],"twitter_card":"summary_large_image","schema":{"@context":"https:\/\/schema.org","@graph":[{"@type":"WebPage","@id":"https:\/\/hetzelsponheuer.de\/de\/referenzen\/rems-murr-klinikum-winneden\/","url":"https:\/\/hetzelsponheuer.de\/de\/referenzen\/rems-murr-klinikum-winneden\/","name":"Innenausbau Baulogistik \u00b7 Rems Murr Klinikum \u00b7 Hetzel+Sponheuer","isPartOf":{"@id":"https:\/\/hetzelsponheuer.de\/de\/#website"},"primaryImageOfPage":{"@id":"https:\/\/hetzelsponheuer.de\/de\/referenzen\/rems-murr-klinikum-winneden\/#primaryimage"},"image":{"@id":"https:\/\/hetzelsponheuer.de\/de\/referenzen\/rems-murr-klinikum-winneden\/#primaryimage"},"thumbnailUrl":"https:\/\/hetzelsponheuer.de\/de\/wp-content\/uploads\/sites\/2\/2019\/09\/rmk-140613-quer-aus.jpg","datePublished":"2019-09-12T13:41:31+00:00","dateModified":"2020-11-27T17:12:55+00:00","description":"Innenausbau, Baulogistik, Materiallogistik, und Orientierungssystem des Rems-Murr-Klinikums Winnenden. Baul\u00f6sung 'Wohnen, Gewerbe und Industrie'.","breadcrumb":{"@id":"https:\/\/hetzelsponheuer.de\/de\/referenzen\/rems-murr-klinikum-winneden\/#breadcrumb"},"inLanguage":"de","potentialAction":[{"@type":"ReadAction","target":["https:\/\/hetzelsponheuer.de\/de\/referenzen\/rems-murr-klinikum-winneden\/"]}]},{"@type":"ImageObject","inLanguage":"de","@id":"https:\/\/hetzelsponheuer.de\/de\/referenzen\/rems-murr-klinikum-winneden\/#primaryimage","url":"https:\/\/hetzelsponheuer.de\/de\/wp-content\/uploads\/sites\/2\/2019\/09\/rmk-140613-quer-aus.jpg","contentUrl":"https:\/\/hetzelsponheuer.de\/de\/wp-content\/uploads\/sites\/2\/2019\/09\/rmk-140613-quer-aus.jpg","width":373,"height":974},{"@type":"BreadcrumbList","@id":"https:\/\/hetzelsponheuer.de\/de\/referenzen\/rems-murr-klinikum-winneden\/#breadcrumb","itemListElement":[{"@type":"ListItem","position":1,"name":"Startseite","item":"https:\/\/hetzelsponheuer.de\/de\/"},{"@type":"ListItem","position":2,"name":"Referenzen","item":"https:\/\/hetzelsponheuer.de\/de\/referenzen\/"},{"@type":"ListItem","position":3,"name":"Rems-Murr Klinikum Winneden"}]},{"@type":"WebSite","@id":"https:\/\/hetzelsponheuer.de\/de\/#website","url":"https:\/\/hetzelsponheuer.de\/de\/","name":"Hetzel+Sponheuer \u00b7 de","description":"L\u00f6sungen f\u00fcr Ihr Bauprojekt","publisher":{"@id":"https:\/\/hetzelsponheuer.de\/de\/#organization"},"inLanguage":"de"},{"@type":"Organization","@id":"https:\/\/hetzelsponheuer.de\/de\/#organization","name":"Hetzel+Sponheuer GmbH & Co. KG","url":"https:\/\/hetzelsponheuer.de\/de\/","logo":{"@type":"ImageObject","inLanguage":"de","@id":"https:\/\/hetzelsponheuer.de\/de\/#\/schema\/logo\/image\/","url":"https:\/\/hetzelsponheuer.de\/en\/wp-content\/uploads\/sites\/2\/2020\/02\/logo_hetzelsponheuer.png","contentUrl":"https:\/\/hetzelsponheuer.de\/en\/wp-content\/uploads\/sites\/2\/2020\/02\/logo_hetzelsponheuer.png","width":360,"height":24,"caption":"Hetzel+Sponheuer GmbH & Co. KG"},"image":{"@id":"https:\/\/hetzelsponheuer.de\/de\/#\/schema\/logo\/image\/"},"sameAs":["https:\/\/www.linkedin.com\/company\/hetzel-sponheuer-gmbh-&amp;-co.-kg"]}]}},"_links":{"self":[{"href":"https:\/\/hetzelsponheuer.de\/de\/wp-json\/wp\/v2\/pages\/3139"}],"collection":[{"href":"https:\/\/hetzelsponheuer.de\/de\/wp-json\/wp\/v2\/pages"}],"about":[{"href":"https:\/\/hetzelsponheuer.de\/de\/wp-json\/wp\/v2\/types\/page"}],"author":[{"embeddable":true,"href":"https:\/\/hetzelsponheuer.de\/de\/wp-json\/wp\/v2\/users\/1"}],"replies":[{"embeddable":true,"href":"https:\/\/hetzelsponheuer.de\/de\/wp-json\/wp\/v2\/comments?post=3139"}],"version-history":[{"count":4,"href":"https:\/\/hetzelsponheuer.de\/de\/wp-json\/wp\/v2\/pages\/3139\/revisions"}],"predecessor-version":[{"id":5647,"href":"https:\/\/hetzelsponheuer.de\/de\/wp-json\/wp\/v2\/pages\/3139\/revisions\/5647"}],"up":[{"embeddable":true,"href":"https:\/\/hetzelsponheuer.de\/de\/wp-json\/wp\/v2\/pages\/63"}],"wp:attachment":[{"href":"https:\/\/hetzelsponheuer.de\/de\/wp-json\/wp\/v2\/media?parent=3139"}],"curies":[{"name":"wp","href":"https:\/\/api.w.org\/{rel}","templated":true}]}}