{"id":3159,"date":"2019-09-13T08:57:01","date_gmt":"2019-09-13T06:57:01","guid":{"rendered":"http:\/\/hetzelsponheuer.de\/de\/?page_id=3159"},"modified":"2020-03-10T10:25:18","modified_gmt":"2020-03-10T09:25:18","slug":"rhein-center-koeln","status":"publish","type":"page","link":"https:\/\/hetzelsponheuer.de\/de\/referenzen\/rhein-center-koeln\/","title":{"rendered":"Rhein Center K\u00f6ln"},"content":{"rendered":"<div class=\"banner row x-4 md-3-6-3 sm-0-12-0 wp-block-lazyblock-inner-block lazyblock-inner-block-1kSrP1\">\n<div class=\"col wp-block-lazyblock-inner-block lazyblock-inner-block-Z1da7Fw\">\n<div class=\"bg grey img wp-block-lazyblock-inner-block lazyblock-inner-block-xltxB\">\n\n<figure class=\"wp-block-image\"><img decoding=\"async\" loading=\"lazy\" width=\"373\" height=\"618\" src=\"https:\/\/hetzelsponheuer.de\/de\/wp-content\/uploads\/sites\/2\/2019\/09\/rheincenter_0181_aus.jpg\" alt=\"\" class=\"wp-image-3440\" srcset=\"https:\/\/hetzelsponheuer.de\/de\/wp-content\/uploads\/sites\/2\/2019\/09\/rheincenter_0181_aus.jpg 373w, https:\/\/hetzelsponheuer.de\/de\/wp-content\/uploads\/sites\/2\/2019\/09\/rheincenter_0181_aus-181x300.jpg 181w\" sizes=\"(max-width: 373px) 100vw, 373px\" \/><\/figure>\n\n<\/div>\n<\/div>\n\n<div class=\"col wp-block-lazyblock-inner-block lazyblock-inner-block-1gDVMO\">\n<div class=\"bg grey img wp-block-lazyblock-inner-block lazyblock-inner-block-25PnQc\">\n\n<figure class=\"wp-block-image\"><img decoding=\"async\" loading=\"lazy\" width=\"754\" height=\"618\" src=\"https:\/\/hetzelsponheuer.de\/de\/wp-content\/uploads\/sites\/2\/2019\/09\/rheincenter_0181_links.jpg\" alt=\"Umbau im laufenden Betrieb Food Lounge\" class=\"wp-image-3441\" srcset=\"https:\/\/hetzelsponheuer.de\/de\/wp-content\/uploads\/sites\/2\/2019\/09\/rheincenter_0181_links.jpg 754w, https:\/\/hetzelsponheuer.de\/de\/wp-content\/uploads\/sites\/2\/2019\/09\/rheincenter_0181_links-300x246.jpg 300w\" sizes=\"(max-width: 754px) 100vw, 754px\" \/><\/figure>\n\n<\/div>\n<\/div>\n\n<div class=\"col wp-block-lazyblock-inner-block lazyblock-inner-block-2lGT91\">\n<div class=\"bg grey img wp-block-lazyblock-inner-block lazyblock-inner-block-Z1n79J4\">\n\n<figure class=\"wp-block-image\"><img decoding=\"async\" loading=\"lazy\" width=\"373\" height=\"618\" src=\"https:\/\/hetzelsponheuer.de\/de\/wp-content\/uploads\/sites\/2\/2019\/09\/rheincenter_0181_rechts.jpg\" alt=\"\" class=\"wp-image-3442\" srcset=\"https:\/\/hetzelsponheuer.de\/de\/wp-content\/uploads\/sites\/2\/2019\/09\/rheincenter_0181_rechts.jpg 373w, https:\/\/hetzelsponheuer.de\/de\/wp-content\/uploads\/sites\/2\/2019\/09\/rheincenter_0181_rechts-181x300.jpg 181w\" sizes=\"(max-width: 373px) 100vw, 373px\" \/><\/figure>\n\n<\/div>\n<\/div>\n<\/div>\n\n<div class=\"row x-24 md-3-9 sm-0-12 wp-block-lazyblock-inner-block lazyblock-inner-block-Z1YnPRv\">\n<div class=\"col wp-block-lazyblock-inner-block lazyblock-inner-block-1KyAnM\">\n<div class=\"wp-block-lazyblock-inner-block lazyblock-inner-block-ZQJXop\">\n\n<p>  <\/p>\n\n<\/div>\n<\/div>\n\n<div class=\"col wp-block-lazyblock-inner-block lazyblock-inner-block-1k7Wmw\">\n<div class=\"head wp-block-lazyblock-inner-block lazyblock-inner-block-Z1G5WWD\">\n\n<p class=\"topline\">Umbau im laufenden Betrieb<\/p>\n\n\n\n<h2 class=\"h1 wp-block-heading\">Rhein Center <span class=\"grey\">K\u00f6ln-Weiden<\/span><\/h2>\n\n<\/div>\n<\/div>\n<\/div>\n\n<div class=\"row x-24 md-3-6-3 sm-12-12-12 wp-block-lazyblock-inner-block lazyblock-inner-block-ZVfRHj\">\n<div class=\"col wp-block-lazyblock-inner-block lazyblock-inner-block-UKsF4\">\n<div class=\"wp-block-lazyblock-inner-block lazyblock-inner-block-Z1brndl\">\n\n<p class=\"md-right pl-24\"><\/p>\n\n<\/div>\n<\/div>\n\n<div class=\"col wp-block-lazyblock-inner-block lazyblock-inner-block-Z1rj4eR\">\n<div class=\"wp-block-lazyblock-inner-block lazyblock-inner-block-213Klg\">\n\n<p class=\"grey\"><strong>Das Rhein-Center ist ein Einkauf\u00adzentrum im Stadtteil Weiden.<br>Es wurde Anfang der 1970er Jahre errichtet und war seinerzeit das viertgr\u00f6\u00dfte Einkaufs\u00adzentrum seiner Art in der Bundes\u00adrepublik Deutsch\u00adland. Mit 180 Shops unter einem Dach, auf einer Verkaufs\u00adfl\u00e4che von 40.000 qm ist es K\u00f6lns gr\u00f6\u00dftes Einkauf\u00adscenter. Neben K\u00f6lns einzigem Apple-Store sind Sport- und Mode\u00adfilialen die Publikums\u00admagneten des Centers.<\/strong><\/p>\n\n\n\n<div style=\"height:24px\" aria-hidden=\"true\" class=\"wp-block-spacer\"><\/div>\n\n\n\n<h3 class=\"h4 wp-block-heading\">Herausforderung<\/h3>\n\n\n\n<p>Im laufenden Centerbetrieb soll ein moderner, zeitgem\u00e4\u00dfer Food\u00adcourt errichtet werden. Aufgrund organi\u00adsatorischer Rahmen\u00adbedin\u00adgungen sollen die Leistungen in den Auftrags\u00adabl\u00e4ufen in zeit\u00adver\u00adsetzter- und \u00fcberlappender\u00adweise zur Ausf\u00fchrung kommen; Mall\u00adrefurbish\u00adment, Ansiedlung eines Food\u00adcourts und die Anpassung bzw. Instand\u00adhaltung der Geb\u00e4ude\u00adtechnik.<\/p>\n\n\n\n<p>Die Mall- und Flucht\u00adflure sollen farblich modern gestaltet und mit neuen M\u00f6beln versehen werden. Dadurch soll dem Kunden eine bessere Orien\u00adtierung m\u00f6glich sein und die Aufenthalts\u00adqualit\u00e4t er\u00adh\u00f6ht werden. In dem beste\u00adhenden Center wurde im Basement auf einer Fl\u00e4che von ca. 2800 qm ein Foodcourt mit ca. 16 Gastro\u00adnomie- und Frischmarkt\u00adfl\u00e4chen sowie einem zentralen Aufenthalts\u00adbereich angesiedelt. Erg\u00e4nzend wurden eine neue Kunden-WC-Anlage, Sozial\u00adr\u00e4ume f\u00fcr Personal und eine moderne Sortier\u00adk\u00fcche gebaut und ausgebaut. Hierzu wurden Teil\u00adfl\u00e4chen der Tief\u00adgarage umgenutzt und dem neuen Food\u00adcourt zugeschlagen.<\/p>\n\n\n<div class=\"grid x24 md-col-6-6-row-1 wp-block-lazyblock-inner-block lazyblock-inner-block-Z2lQUeC\">\n<div class=\"bg grey img wp-block-lazyblock-inner-block lazyblock-inner-block-Z2sV9Bo\">\n\n<figure class=\"wp-block-image size-large\"><a class=\"gallery\" href=\"https:\/\/hetzelsponheuer.de\/de\/wp-content\/uploads\/sites\/2\/2019\/11\/rhein-ruhr_3785_2.jpg\" rel=\"gallery-1\"><img decoding=\"async\" loading=\"lazy\" width=\"600\" height=\"500\" src=\"https:\/\/hetzelsponheuer.de\/de\/wp-content\/uploads\/sites\/2\/2019\/11\/rhein-ruhr_3785_2.jpg\" alt=\"Umbau im laufenden Betrieb \u00b7 Lichthof Centerbereich\" class=\"wp-image-4686\" srcset=\"https:\/\/hetzelsponheuer.de\/de\/wp-content\/uploads\/sites\/2\/2019\/11\/rhein-ruhr_3785_2.jpg 600w, https:\/\/hetzelsponheuer.de\/de\/wp-content\/uploads\/sites\/2\/2019\/11\/rhein-ruhr_3785_2-400x333.jpg 400w\" sizes=\"(max-width: 600px) 100vw, 600px\" \/><\/a><\/figure>\n\n\n\n<p class=\"figcaption\">Lichthof Centerbereich<\/p>\n\n<\/div>\n\n<div class=\"bg grey img wp-block-lazyblock-inner-block lazyblock-inner-block-ZTCF8B\">\n\n<figure class=\"wp-block-image size-large\"><a class=\"gallery\" href=\"https:\/\/hetzelsponheuer.de\/de\/wp-content\/uploads\/sites\/2\/2019\/11\/rhein-ruhr_0504_3.jpg\" rel=\"gallery-1\"><img decoding=\"async\" loading=\"lazy\" width=\"600\" height=\"500\" src=\"https:\/\/hetzelsponheuer.de\/de\/wp-content\/uploads\/sites\/2\/2019\/11\/rhein-ruhr_0504_3.jpg\" alt=\"Umbau im laufenden Betrieb \u00b7 Neue L\u00fcftungsanlage\" class=\"wp-image-4687\" srcset=\"https:\/\/hetzelsponheuer.de\/de\/wp-content\/uploads\/sites\/2\/2019\/11\/rhein-ruhr_0504_3.jpg 600w, https:\/\/hetzelsponheuer.de\/de\/wp-content\/uploads\/sites\/2\/2019\/11\/rhein-ruhr_0504_3-400x333.jpg 400w\" sizes=\"(max-width: 600px) 100vw, 600px\" \/><\/a><\/figure>\n\n\n\n<p class=\"figcaption\">L\u00fcftungsanlage<\/p>\n\n<\/div>\n<\/div>\n\n\n<p>Die bestehende L\u00fcftungs- und K\u00e4lte\u00adtechnik wurde ange\u00adpasst, umgebaut und erweitert. Die neuen Anlagen wurden dazu auf der Dach\u00adfl\u00e4che angesiedelt und mit den vorhan\u00addenen System-\/Lei\u00adtungs\u00adnetzen verbunden. Die bisher genutzte Technik wurde zur\u00fcck\u00adgebaut und die frei\u00adgezo\u00adgenen Fl\u00e4chen zu Miet-, Lager- bzw. sonstigen Fl\u00e4chen umgebaut.<\/p>\n\n\n\n<h3 class=\"h4 wp-block-heading\">L\u00f6sung<\/h3>\n\n\n\n<p>Dem Auftrag\u00adgeber und uns war von Beginn an klar, dass diese komplexe Aufgaben\u00adstellung nur mit einem vertrag\u00adlichen Partner\u00adschafts\u00admodell reali\u00adsierbar sein w\u00fcrde, wollte man Qualit\u00e4t und Termin wie geplant realisieren. Deshalb wurde die Ma\u00df\u00adnahme durch uns als General\u00adunternehmer auf der Basis eines &#8220;Cost+Fee-Vertra\u00adges&#8221; schl\u00fcssel\u00adfertig reali\u00adsiert. Aufgrund der Bestands\u00adsituation und der Ma\u00dfnahmen\u00adumset\u00adzung im laufen\u00adden Center\u00adbetrieb kam es wesent\u00adlich auf die Erfahrung der Bau- und Projekt\u00adleitung und die Bereit\u00adschaft zur Zusammen\u00adarbeit mit dem Auftrag\u00adgeber an, um auf \u00dcber\u00adraschun\u00adgen und unge\u00adplante bauliche Situ\u00adationen unmittelbar reagieren zu k\u00f6nnen. Die F\u00e4hig\u00adkeit hierzu stellte das Hetzel + Sponheuer-Team auch bei dieser Ma\u00df\u00adnahme wieder unter Beweis.<\/p>\n\n\n\n<div style=\"height:20px\" aria-hidden=\"true\" class=\"wp-block-spacer\"><\/div>\n\n\n\n<h4 class=\"wp-block-heading\">Ausgef\u00fchrte Arbeiten<\/h4>\n\n\n\n<ul class=\"border\"><li>Generalunternehmerleistungen&nbsp;<\/li><li>Bauleitung, Technikkoordinierung, Projektmanagement, Qualit\u00e4ts\u00fcberwachung&nbsp;<\/li><li>Arbeitssicherheit SiGeKo<\/li><li>R\u00fcckbau, Demontage und Abbrucharbeiten&nbsp;<\/li><li>Komplettausbau im laufenden Centerbetrieb&nbsp;<\/li><li>Maurerarbeiten&nbsp;<\/li><li>Betonarbeiten, Stahlbauarbeiten&nbsp;<\/li><li>Dachabdichtungsarbeiten&nbsp;<\/li><li>Trockenbauarbeiten&nbsp;<\/li><li>W\u00e4rmed\u00e4mmungs- und Putzarbeiten&nbsp;<\/li><li>Fliesen- und Plattenarbeiten<\/li><li>Estricharbeiten, Gussasphaltarbeiten, Bodenbelagarbeiten&nbsp;<\/li><li>T\u00fcr- und Schlie\u00dfsysteme, Beschlagsarbeiten&nbsp;<\/li><li>Metallbauarbeiten&nbsp;<\/li><li>Malerarbeiten, Lackierarbeiten, Tapezierarbeiten&nbsp;<\/li><li>Raumlufttechnische Anlagen, Heizanlagen und zentrale Warmwassersanlagen&nbsp;<\/li><li>Gas- Wasser- und Entw\u00e4sserungsanlagen<\/li><li>Nieder- und Mittelspannungsanlagen&nbsp;<\/li><li>Blitzschutzanlagen&nbsp;<\/li><li>D\u00e4mm- und Bestandschutzarbeiten der technischen Anlagen&nbsp;<\/li><li>Ger\u00fcstarbeiten&nbsp;<\/li><li>Sprinkleranlagenanpassungen<\/li><\/ul>\n\n\n\n<div style=\"height:40px\" aria-hidden=\"true\" class=\"wp-block-spacer\"><\/div>\n\n<\/div>\n<\/div>\n\n<div class=\"col wp-block-lazyblock-inner-block lazyblock-inner-block-Z2wrBd9\">\n<div class=\"wp-block-lazyblock-inner-block lazyblock-inner-block-ZiJPc3\">\n<div class=\"menu-main-menu-container\"><ul id=\"menu-main-menu\" class=\"grey\"><li id=\"menu-item-2901\" class=\"menu-item \"><a href=\"https:\/\/hetzelsponheuer.de\/de\/referenzen\/projektseiten\/\">Projektseiten<\/a><\/li>\n<li id=\"menu-item-2769\" class=\"menu-item \"><a href=\"https:\/\/hetzelsponheuer.de\/de\/referenzen\/projektliste\/\">Projektliste<\/a><\/li>\n<\/ul><\/div>\n\n\n\n<h4 class=\"wp-block-heading\">Ihr Ansprechpartner<\/h4>\n\n\n\n<ul class=\"ajx grey\"><li><a data-post-type=\"mitarbeiter\" data-display=\"fancybox\" href=\"http:\/\/stephan-berndt\">Stephan Berndt<br>Diplom-Ingenieur<\/a><\/li><\/ul>\n\n\n\n<h4 class=\"wp-block-heading\">L\u00f6sungen<\/h4>\n\n\n\n<ul class=\"fade-link grey\"><li><a href=\"https:\/\/hetzelsponheuer.de\/de\/loesungen\/#einkaufscenter-ladenlokal\">Einkaufscenter und Ladenlokal<\/a><\/li><\/ul>\n\n\n\n<h4 class=\"wp-block-heading\">Leistungen<\/h4>\n\n\n\n<ul class=\"fade-link grey\"><li><a href=\"https:\/\/hetzelsponheuer.de\/de\/leistungen\/#bewertung-und-beratung\">Bewertung und Beratung<\/a><\/li><li><a href=\"https:\/\/hetzelsponheuer.de\/de\/leistungen\/#planung-und-gestaltung\">Planung und Gestaltung<\/a><\/li><li><a href=\"https:\/\/hetzelsponheuer.de\/de\/leistungen\/#organisation-und-baubegleitung\">Organisation und Baubegleitung<\/a><\/li><li><a href=\"https:\/\/hetzelsponheuer.de\/de\/leistungen\/#handwerk-und-technik\">Handwerk und Bautechnik<\/a><\/li><\/ul>\n\n\n\n<h4 class=\"wp-block-heading\">Fotos<\/h4>\n\n\n\n<ul><li>Astrid Theisen<\/li><\/ul>\n\n\n\n<div style=\"height:48px\" aria-hidden=\"true\" class=\"wp-block-spacer\"><\/div>\n\n<\/div>\n<\/div>\n<\/div>\n\n<div class=\"row x-24 md-3-9 sm-0-12 wp-block-lazyblock-inner-block lazyblock-inner-block-1DfzxM\">\n<div class=\"col wp-block-lazyblock-inner-block lazyblock-inner-block-2f9CCq\">\n<div class=\"wp-block-lazyblock-inner-block lazyblock-inner-block-Z1s8cnn\">\n\n<p>  <\/p>\n\n<\/div>\n<\/div>\n\n<div class=\"col wp-block-lazyblock-inner-block lazyblock-inner-block-1w9W4s\">\n<div class=\"wp-block-lazyblock-inner-block lazyblock-inner-block-1YtzFn\">\n\n<p class=\"logo sponheuer\">   <\/p>\n\n<\/div>\n\n\n<div style=\"height:56px\" aria-hidden=\"true\" class=\"wp-block-spacer\"><\/div>\n\n<\/div>\n<\/div>","protected":false},"excerpt":{"rendered":"","protected":false},"author":1,"featured_media":0,"parent":63,"menu_order":9,"comment_status":"closed","ping_status":"closed","template":"page-usecase.php","meta":{"footnotes":""},"yoast_head":"<!-- This site is optimized with the Yoast SEO plugin v22.6 - https:\/\/yoast.com\/wordpress\/plugins\/seo\/ -->\n<title>Umbau im laufenden Betrieb \u00b7 Rhein Center K\u00f6ln \u00b7 Hetzel+Sponheuer<\/title>\n<meta name=\"description\" content=\"Umbau im laufenden Betrieb Einkaufscenter - Food Court Rhein Center, K\u00f6ln-Weiden. Baul\u00f6sung &#039;Einkaufcenter und Ladenlokal&#039;\" \/>\n<meta name=\"robots\" content=\"index, follow, max-snippet:-1, max-image-preview:large, max-video-preview:-1\" \/>\n<link rel=\"canonical\" href=\"https:\/\/hetzelsponheuer.de\/de\/referenzen\/rhein-center-koeln\/\" \/>\n<meta property=\"og:locale\" content=\"de_DE\" \/>\n<meta property=\"og:type\" content=\"article\" \/>\n<meta property=\"og:title\" content=\"Umbau im laufenden Betrieb \u00b7 Rhein Center K\u00f6ln \u00b7 Hetzel+Sponheuer\" \/>\n<meta property=\"og:description\" content=\"Umbau im laufenden Betrieb Einkaufscenter - Food Court Rhein Center, K\u00f6ln-Weiden. Baul\u00f6sung &#039;Einkaufcenter und Ladenlokal&#039;\" \/>\n<meta property=\"og:url\" content=\"https:\/\/hetzelsponheuer.de\/de\/referenzen\/rhein-center-koeln\/\" \/>\n<meta property=\"og:site_name\" content=\"Hetzel+Sponheuer \u00b7 de\" \/>\n<meta property=\"article:modified_time\" content=\"2020-03-10T09:25:18+00:00\" \/>\n<meta property=\"og:image\" content=\"https:\/\/hetzelsponheuer.de\/de\/wp-content\/uploads\/sites\/2\/2019\/09\/rheincenter_0181_aus.jpg\" \/>\n<meta name=\"twitter:card\" content=\"summary_large_image\" \/>\n<script type=\"application\/ld+json\" class=\"yoast-schema-graph\">{\"@context\":\"https:\/\/schema.org\",\"@graph\":[{\"@type\":\"WebPage\",\"@id\":\"https:\/\/hetzelsponheuer.de\/de\/referenzen\/rhein-center-koeln\/\",\"url\":\"https:\/\/hetzelsponheuer.de\/de\/referenzen\/rhein-center-koeln\/\",\"name\":\"Umbau im laufenden Betrieb \u00b7 Rhein Center K\u00f6ln \u00b7 Hetzel+Sponheuer\",\"isPartOf\":{\"@id\":\"https:\/\/hetzelsponheuer.de\/de\/#website\"},\"primaryImageOfPage\":{\"@id\":\"https:\/\/hetzelsponheuer.de\/de\/referenzen\/rhein-center-koeln\/#primaryimage\"},\"image\":{\"@id\":\"https:\/\/hetzelsponheuer.de\/de\/referenzen\/rhein-center-koeln\/#primaryimage\"},\"thumbnailUrl\":\"https:\/\/hetzelsponheuer.de\/de\/wp-content\/uploads\/sites\/2\/2019\/09\/rheincenter_0181_aus.jpg\",\"datePublished\":\"2019-09-13T06:57:01+00:00\",\"dateModified\":\"2020-03-10T09:25:18+00:00\",\"description\":\"Umbau im laufenden Betrieb Einkaufscenter - Food Court Rhein Center, K\u00f6ln-Weiden. Baul\u00f6sung 'Einkaufcenter und Ladenlokal'\",\"breadcrumb\":{\"@id\":\"https:\/\/hetzelsponheuer.de\/de\/referenzen\/rhein-center-koeln\/#breadcrumb\"},\"inLanguage\":\"de\",\"potentialAction\":[{\"@type\":\"ReadAction\",\"target\":[\"https:\/\/hetzelsponheuer.de\/de\/referenzen\/rhein-center-koeln\/\"]}]},{\"@type\":\"ImageObject\",\"inLanguage\":\"de\",\"@id\":\"https:\/\/hetzelsponheuer.de\/de\/referenzen\/rhein-center-koeln\/#primaryimage\",\"url\":\"https:\/\/hetzelsponheuer.de\/de\/wp-content\/uploads\/sites\/2\/2019\/09\/rheincenter_0181_aus.jpg\",\"contentUrl\":\"https:\/\/hetzelsponheuer.de\/de\/wp-content\/uploads\/sites\/2\/2019\/09\/rheincenter_0181_aus.jpg\",\"width\":373,\"height\":618},{\"@type\":\"BreadcrumbList\",\"@id\":\"https:\/\/hetzelsponheuer.de\/de\/referenzen\/rhein-center-koeln\/#breadcrumb\",\"itemListElement\":[{\"@type\":\"ListItem\",\"position\":1,\"name\":\"Startseite\",\"item\":\"https:\/\/hetzelsponheuer.de\/de\/\"},{\"@type\":\"ListItem\",\"position\":2,\"name\":\"Referenzen\",\"item\":\"https:\/\/hetzelsponheuer.de\/de\/referenzen\/\"},{\"@type\":\"ListItem\",\"position\":3,\"name\":\"Rhein Center K\u00f6ln\"}]},{\"@type\":\"WebSite\",\"@id\":\"https:\/\/hetzelsponheuer.de\/de\/#website\",\"url\":\"https:\/\/hetzelsponheuer.de\/de\/\",\"name\":\"Hetzel+Sponheuer \u00b7 de\",\"description\":\"L\u00f6sungen f\u00fcr Ihr Bauprojekt\",\"publisher\":{\"@id\":\"https:\/\/hetzelsponheuer.de\/de\/#organization\"},\"inLanguage\":\"de\"},{\"@type\":\"Organization\",\"@id\":\"https:\/\/hetzelsponheuer.de\/de\/#organization\",\"name\":\"Hetzel+Sponheuer GmbH & Co. KG\",\"url\":\"https:\/\/hetzelsponheuer.de\/de\/\",\"logo\":{\"@type\":\"ImageObject\",\"inLanguage\":\"de\",\"@id\":\"https:\/\/hetzelsponheuer.de\/de\/#\/schema\/logo\/image\/\",\"url\":\"https:\/\/hetzelsponheuer.de\/en\/wp-content\/uploads\/sites\/2\/2020\/02\/logo_hetzelsponheuer.png\",\"contentUrl\":\"https:\/\/hetzelsponheuer.de\/en\/wp-content\/uploads\/sites\/2\/2020\/02\/logo_hetzelsponheuer.png\",\"width\":360,\"height\":24,\"caption\":\"Hetzel+Sponheuer GmbH & Co. KG\"},\"image\":{\"@id\":\"https:\/\/hetzelsponheuer.de\/de\/#\/schema\/logo\/image\/\"},\"sameAs\":[\"https:\/\/www.linkedin.com\/company\/hetzel-sponheuer-gmbh-&amp;-co.-kg\"]}]}<\/script>\n<!-- \/ Yoast SEO plugin. -->","yoast_head_json":{"title":"Umbau im laufenden Betrieb \u00b7 Rhein Center K\u00f6ln \u00b7 Hetzel+Sponheuer","description":"Umbau im laufenden Betrieb Einkaufscenter - Food Court Rhein Center, K\u00f6ln-Weiden. Baul\u00f6sung 'Einkaufcenter und Ladenlokal'","robots":{"index":"index","follow":"follow","max-snippet":"max-snippet:-1","max-image-preview":"max-image-preview:large","max-video-preview":"max-video-preview:-1"},"canonical":"https:\/\/hetzelsponheuer.de\/de\/referenzen\/rhein-center-koeln\/","og_locale":"de_DE","og_type":"article","og_title":"Umbau im laufenden Betrieb \u00b7 Rhein Center K\u00f6ln \u00b7 Hetzel+Sponheuer","og_description":"Umbau im laufenden Betrieb Einkaufscenter - Food Court Rhein Center, K\u00f6ln-Weiden. Baul\u00f6sung 'Einkaufcenter und Ladenlokal'","og_url":"https:\/\/hetzelsponheuer.de\/de\/referenzen\/rhein-center-koeln\/","og_site_name":"Hetzel+Sponheuer \u00b7 de","article_modified_time":"2020-03-10T09:25:18+00:00","og_image":[{"url":"https:\/\/hetzelsponheuer.de\/de\/wp-content\/uploads\/sites\/2\/2019\/09\/rheincenter_0181_aus.jpg"}],"twitter_card":"summary_large_image","schema":{"@context":"https:\/\/schema.org","@graph":[{"@type":"WebPage","@id":"https:\/\/hetzelsponheuer.de\/de\/referenzen\/rhein-center-koeln\/","url":"https:\/\/hetzelsponheuer.de\/de\/referenzen\/rhein-center-koeln\/","name":"Umbau im laufenden Betrieb \u00b7 Rhein Center K\u00f6ln \u00b7 Hetzel+Sponheuer","isPartOf":{"@id":"https:\/\/hetzelsponheuer.de\/de\/#website"},"primaryImageOfPage":{"@id":"https:\/\/hetzelsponheuer.de\/de\/referenzen\/rhein-center-koeln\/#primaryimage"},"image":{"@id":"https:\/\/hetzelsponheuer.de\/de\/referenzen\/rhein-center-koeln\/#primaryimage"},"thumbnailUrl":"https:\/\/hetzelsponheuer.de\/de\/wp-content\/uploads\/sites\/2\/2019\/09\/rheincenter_0181_aus.jpg","datePublished":"2019-09-13T06:57:01+00:00","dateModified":"2020-03-10T09:25:18+00:00","description":"Umbau im laufenden Betrieb Einkaufscenter - Food Court Rhein Center, K\u00f6ln-Weiden. Baul\u00f6sung 'Einkaufcenter und Ladenlokal'","breadcrumb":{"@id":"https:\/\/hetzelsponheuer.de\/de\/referenzen\/rhein-center-koeln\/#breadcrumb"},"inLanguage":"de","potentialAction":[{"@type":"ReadAction","target":["https:\/\/hetzelsponheuer.de\/de\/referenzen\/rhein-center-koeln\/"]}]},{"@type":"ImageObject","inLanguage":"de","@id":"https:\/\/hetzelsponheuer.de\/de\/referenzen\/rhein-center-koeln\/#primaryimage","url":"https:\/\/hetzelsponheuer.de\/de\/wp-content\/uploads\/sites\/2\/2019\/09\/rheincenter_0181_aus.jpg","contentUrl":"https:\/\/hetzelsponheuer.de\/de\/wp-content\/uploads\/sites\/2\/2019\/09\/rheincenter_0181_aus.jpg","width":373,"height":618},{"@type":"BreadcrumbList","@id":"https:\/\/hetzelsponheuer.de\/de\/referenzen\/rhein-center-koeln\/#breadcrumb","itemListElement":[{"@type":"ListItem","position":1,"name":"Startseite","item":"https:\/\/hetzelsponheuer.de\/de\/"},{"@type":"ListItem","position":2,"name":"Referenzen","item":"https:\/\/hetzelsponheuer.de\/de\/referenzen\/"},{"@type":"ListItem","position":3,"name":"Rhein Center K\u00f6ln"}]},{"@type":"WebSite","@id":"https:\/\/hetzelsponheuer.de\/de\/#website","url":"https:\/\/hetzelsponheuer.de\/de\/","name":"Hetzel+Sponheuer \u00b7 de","description":"L\u00f6sungen f\u00fcr Ihr Bauprojekt","publisher":{"@id":"https:\/\/hetzelsponheuer.de\/de\/#organization"},"inLanguage":"de"},{"@type":"Organization","@id":"https:\/\/hetzelsponheuer.de\/de\/#organization","name":"Hetzel+Sponheuer GmbH & Co. KG","url":"https:\/\/hetzelsponheuer.de\/de\/","logo":{"@type":"ImageObject","inLanguage":"de","@id":"https:\/\/hetzelsponheuer.de\/de\/#\/schema\/logo\/image\/","url":"https:\/\/hetzelsponheuer.de\/en\/wp-content\/uploads\/sites\/2\/2020\/02\/logo_hetzelsponheuer.png","contentUrl":"https:\/\/hetzelsponheuer.de\/en\/wp-content\/uploads\/sites\/2\/2020\/02\/logo_hetzelsponheuer.png","width":360,"height":24,"caption":"Hetzel+Sponheuer GmbH & Co. KG"},"image":{"@id":"https:\/\/hetzelsponheuer.de\/de\/#\/schema\/logo\/image\/"},"sameAs":["https:\/\/www.linkedin.com\/company\/hetzel-sponheuer-gmbh-&amp;-co.-kg"]}]}},"_links":{"self":[{"href":"https:\/\/hetzelsponheuer.de\/de\/wp-json\/wp\/v2\/pages\/3159"}],"collection":[{"href":"https:\/\/hetzelsponheuer.de\/de\/wp-json\/wp\/v2\/pages"}],"about":[{"href":"https:\/\/hetzelsponheuer.de\/de\/wp-json\/wp\/v2\/types\/page"}],"author":[{"embeddable":true,"href":"https:\/\/hetzelsponheuer.de\/de\/wp-json\/wp\/v2\/users\/1"}],"replies":[{"embeddable":true,"href":"https:\/\/hetzelsponheuer.de\/de\/wp-json\/wp\/v2\/comments?post=3159"}],"version-history":[{"count":3,"href":"https:\/\/hetzelsponheuer.de\/de\/wp-json\/wp\/v2\/pages\/3159\/revisions"}],"predecessor-version":[{"id":5324,"href":"https:\/\/hetzelsponheuer.de\/de\/wp-json\/wp\/v2\/pages\/3159\/revisions\/5324"}],"up":[{"embeddable":true,"href":"https:\/\/hetzelsponheuer.de\/de\/wp-json\/wp\/v2\/pages\/63"}],"wp:attachment":[{"href":"https:\/\/hetzelsponheuer.de\/de\/wp-json\/wp\/v2\/media?parent=3159"}],"curies":[{"name":"wp","href":"https:\/\/api.w.org\/{rel}","templated":true}]}}