{"id":3180,"date":"2019-09-13T09:32:26","date_gmt":"2019-09-13T07:32:26","guid":{"rendered":"http:\/\/hetzelsponheuer.de\/de\/?page_id=3180"},"modified":"2020-03-10T10:40:05","modified_gmt":"2020-03-10T09:40:05","slug":"schloss-dyck-juechen","status":"publish","type":"page","link":"https:\/\/hetzelsponheuer.de\/de\/referenzen\/schloss-dyck-juechen\/","title":{"rendered":"Schlo\u00df Dyck J\u00fcchen"},"content":{"rendered":"<div class=\"banner row x-4 md-3-6-3 sm-0-12-0 wp-block-lazyblock-inner-block lazyblock-inner-block-1kSrP1\">\n<div class=\"col wp-block-lazyblock-inner-block lazyblock-inner-block-Z1da7Fw\">\n<div class=\"bg grey img wp-block-lazyblock-inner-block lazyblock-inner-block-xltxB\">\n\n<figure class=\"wp-block-image\"><img decoding=\"async\" loading=\"lazy\" width=\"373\" height=\"744\" src=\"https:\/\/hetzelsponheuer.de\/de\/wp-content\/uploads\/sites\/2\/2019\/09\/dyck_4087782-links.jpg\" alt=\"\" class=\"wp-image-3450\" srcset=\"https:\/\/hetzelsponheuer.de\/de\/wp-content\/uploads\/sites\/2\/2019\/09\/dyck_4087782-links.jpg 373w, https:\/\/hetzelsponheuer.de\/de\/wp-content\/uploads\/sites\/2\/2019\/09\/dyck_4087782-links-150x300.jpg 150w\" sizes=\"(max-width: 373px) 100vw, 373px\" \/><\/figure>\n\n<\/div>\n<\/div>\n\n<div class=\"col wp-block-lazyblock-inner-block lazyblock-inner-block-1gDVMO\">\n<div class=\"bg grey img wp-block-lazyblock-inner-block lazyblock-inner-block-25PnQc\">\n\n<figure class=\"wp-block-image\"><img decoding=\"async\" loading=\"lazy\" width=\"754\" height=\"744\" src=\"https:\/\/hetzelsponheuer.de\/de\/wp-content\/uploads\/sites\/2\/2019\/09\/dyck_4087782-mitte.jpg\" alt=\"Sanierung Denkmalschutz Schlo\u00df Dyck\" class=\"wp-image-3451\" srcset=\"https:\/\/hetzelsponheuer.de\/de\/wp-content\/uploads\/sites\/2\/2019\/09\/dyck_4087782-mitte.jpg 754w, https:\/\/hetzelsponheuer.de\/de\/wp-content\/uploads\/sites\/2\/2019\/09\/dyck_4087782-mitte-300x296.jpg 300w\" sizes=\"(max-width: 754px) 100vw, 754px\" \/><\/figure>\n\n<\/div>\n<\/div>\n\n<div class=\"col wp-block-lazyblock-inner-block lazyblock-inner-block-2lGT91\">\n<div class=\"bg grey img wp-block-lazyblock-inner-block lazyblock-inner-block-Z1n79J4\">\n\n<figure class=\"wp-block-image\"><img decoding=\"async\" loading=\"lazy\" width=\"373\" height=\"744\" src=\"https:\/\/hetzelsponheuer.de\/de\/wp-content\/uploads\/sites\/2\/2019\/09\/dyck_4087782-rechts.jpg\" alt=\"\" class=\"wp-image-3452\" srcset=\"https:\/\/hetzelsponheuer.de\/de\/wp-content\/uploads\/sites\/2\/2019\/09\/dyck_4087782-rechts.jpg 373w, https:\/\/hetzelsponheuer.de\/de\/wp-content\/uploads\/sites\/2\/2019\/09\/dyck_4087782-rechts-150x300.jpg 150w\" sizes=\"(max-width: 373px) 100vw, 373px\" \/><\/figure>\n\n<\/div>\n<\/div>\n<\/div>\n\n<div class=\"row x-24 md-3-9 sm-0-12 wp-block-lazyblock-inner-block lazyblock-inner-block-Z1YnPRv\">\n<div class=\"col wp-block-lazyblock-inner-block lazyblock-inner-block-1KyAnM\">\n<div class=\"wp-block-lazyblock-inner-block lazyblock-inner-block-ZQJXop\">\n\n<p>  <\/p>\n\n<\/div>\n<\/div>\n\n<div class=\"col wp-block-lazyblock-inner-block lazyblock-inner-block-1k7Wmw\">\n<div class=\"head wp-block-lazyblock-inner-block lazyblock-inner-block-Z1G5WWD\">\n\n<p class=\"topline\">Sanierung Denkmalschutz<\/p>\n\n\n\n<h2 class=\"h1 wp-block-heading\">Schlo\u00df Dyck <span class=\"grey\">J\u00fcchen<\/span><\/h2>\n\n<\/div>\n<\/div>\n<\/div>\n\n<div class=\"row x-24 md-3-6-3 sm-12-12-12 wp-block-lazyblock-inner-block lazyblock-inner-block-ZVfRHj\">\n<div class=\"col wp-block-lazyblock-inner-block lazyblock-inner-block-UKsF4\">\n<div class=\"wp-block-lazyblock-inner-block lazyblock-inner-block-Z1brndl\">\n\n<p class=\"md-right pl-24\"><\/p>\n\n<\/div>\n<\/div>\n\n<div class=\"col wp-block-lazyblock-inner-block lazyblock-inner-block-Z1rj4eR\">\n<div class=\"wp-block-lazyblock-inner-block lazyblock-inner-block-213Klg\">\n\n<p class=\"color\"><strong>Das Wasserschloss mit mehreren Vorburgen und seinem bedeutenden englischen Landschafts\u00adgarten geh\u00f6rt im Rheinland zu den wichtigsten Kultur\u00addenkm\u00e4lern. Als Zentrum f\u00fcr Gartenkunst und Landschafts\u00adkultur bietet es heute Garten\u00adlieb\u00adhabern wie Fach\u00adleuten eine stilvolle Plattform, die es weiterhin zu erhalten gilt.<\/strong><\/p>\n\n\n\n<div style=\"height:24px\" aria-hidden=\"true\" class=\"wp-block-spacer\"><\/div>\n\n\n\n<h3 class=\"h4 wp-block-heading\">Herausforderung<\/h3>\n\n\n\n<p>Grundlage f\u00fcr die erforderlichen Sanierungsarbeiten am Schloss Dyck war ein umfangreiches, mit der Denkmalbeh\u00f6rde abgestimmtes, Schadenskataster. Schwerpunkt aller T\u00e4tigkeiten lag darauf, den vorhandenen Bestand unbedingt zu erhalten und zu konservieren. Hierf\u00fcr ist Zur\u00fcckhaltung und Respekt vor den Bestandsfl\u00e4chen in jeder Weise Voraussetzung f\u00fcr den gew\u00fcnschten Arbeitserfolg.<\/p>\n\n\n\n<h3 class=\"h4 wp-block-heading\">L\u00f6sung<\/h3>\n\n\n\n<p>Wegen der Bedeutung und der Historie der Anlage musste hier mit dem Bestand nachempfundenen Materialien (Injektionsm\u00f6rtel, M\u00f6rtel, Spachtel, Anstriche) gearbeitet werden. Diese wurden f\u00fcr die jeweilige Anwendung speziell konfektioniert und mit entsprechend historisch basierten Arbeitswerkzeugen und Techniken umgesetzt. So wurde mit speziellen Luftkalkm\u00f6rteln, Injektionsleimen sowie Leim- und Kalkfarben gearbeitet.<\/p>\n\n\n\n<p>Sowohl an den Au\u00dfenfassaden als auch im Innenbereich wurden Decken und W\u00e4nde restauratorisch behandelt. Dabei mussten Raumh\u00f6hen von \u00fcber 5 Metern \u00fcberwunden werden. Die Ger\u00fcste mussten dazu so ausgelegt werden, dass an den Bodenfl\u00e4chen keine bleibenden Sch\u00e4den durch Punktlasten und \u00e4hnlichem entstehen. Teilweise konnte nur von Rollger\u00fcsten aus gearbeitet werden, die ebenfalls mit \u00e4u\u00dferster Sorgfalt platziert wurden.<\/p>\n\n\n<div class=\"grid x24 md-col-6-6-row-1 wp-block-lazyblock-inner-block lazyblock-inner-block-Z1W35dh\">\n<div class=\"bg grey img wp-block-lazyblock-inner-block lazyblock-inner-block-Z2uBL08\">\n\n<figure class=\"wp-block-image size-large\"><a class=\"gallery\" href=\"https:\/\/hetzelsponheuer.de\/de\/wp-content\/uploads\/sites\/2\/2019\/11\/dyck-4087785.jpg\" rel=\"gallery-1\"><img decoding=\"async\" loading=\"lazy\" width=\"400\" height=\"600\" src=\"https:\/\/hetzelsponheuer.de\/de\/wp-content\/uploads\/sites\/2\/2019\/11\/dyck-4087785.jpg\" alt=\"Sanierung Denkmalschutz Gallerie\" class=\"wp-image-4699\" srcset=\"https:\/\/hetzelsponheuer.de\/de\/wp-content\/uploads\/sites\/2\/2019\/11\/dyck-4087785.jpg 400w, https:\/\/hetzelsponheuer.de\/de\/wp-content\/uploads\/sites\/2\/2019\/11\/dyck-4087785-267x400.jpg 267w\" sizes=\"(max-width: 400px) 100vw, 400px\" \/><\/a><\/figure>\n\n\n\n<p class=\"figcaption\">Gallerie<\/p>\n\n<\/div>\n\n<div class=\"bg grey img wp-block-lazyblock-inner-block lazyblock-inner-block-1vUsxT\">\n\n<figure class=\"wp-block-image size-large\"><a class=\"gallery\" href=\"https:\/\/hetzelsponheuer.de\/de\/wp-content\/uploads\/sites\/2\/2019\/11\/dyck-4087783.jpg\" rel=\"gallery-1\"><img decoding=\"async\" loading=\"lazy\" width=\"400\" height=\"600\" src=\"https:\/\/hetzelsponheuer.de\/de\/wp-content\/uploads\/sites\/2\/2019\/11\/dyck-4087783.jpg\" alt=\"Sanierung Denkmalschutz Treppenaufgang\" class=\"wp-image-4700\" srcset=\"https:\/\/hetzelsponheuer.de\/de\/wp-content\/uploads\/sites\/2\/2019\/11\/dyck-4087783.jpg 400w, https:\/\/hetzelsponheuer.de\/de\/wp-content\/uploads\/sites\/2\/2019\/11\/dyck-4087783-267x400.jpg 267w\" sizes=\"(max-width: 400px) 100vw, 400px\" \/><\/a><\/figure>\n\n\n\n<p class=\"figcaption\">Treppenaufgang<\/p>\n\n<\/div>\n<\/div>\n\n\n<p>W\u00e4hrend der eigentlichen Ausf\u00fchrung wurden auch besondere Bauteile bearbeitet und \u00fcberfasst. So zum Beispiel Marouflagen, Spiegel- und Kaminumrahmungen, Holzeinbauten, Gew\u00f6lbedecken, Bolserien, Stuckaturen, Wandervert\u00e4felungen und historische Tapetenfelder. Auch die restaurierten historischen Heizk\u00f6rperverkleidungen wurden entsprechend ber\u00fccksichtigt. Lamberien und Schreinervierungen wurden in kleinen Teilfl\u00e4chen, insbesondere Kassettierungen und Leisten, mittels partiellem Farbaufbau sowie der notwendigen Farbangleichung durch Retuschierung denkmalgerecht behandelt.<\/p>\n\n\n\n<p>Auf die Erfahrungen aus solchen Projekten kann die Hetzel + Sponheuer GmbH &amp; Co. KG jederzeit zugreifen. Hierzu gibt es f\u00fcr Interessierte umfangreiche Projektdaten und Dokumentationen, die beispielsweise erste Grundlagen f\u00fcr zuk\u00fcnftige Bauaufgaben mit einem \u00e4hnlich hohen Anspruch darstellen k\u00f6nnen.<\/p>\n\n\n\n<div style=\"height:32px\" aria-hidden=\"true\" class=\"wp-block-spacer\"><\/div>\n\n<\/div>\n<\/div>\n\n<div class=\"col wp-block-lazyblock-inner-block lazyblock-inner-block-Z2wrBd9\">\n<div class=\"wp-block-lazyblock-inner-block lazyblock-inner-block-ZiJPc3\">\n<div class=\"menu-main-menu-container\"><ul id=\"menu-main-menu\" class=\"grey\"><li id=\"menu-item-2901\" class=\"menu-item \"><a href=\"https:\/\/hetzelsponheuer.de\/de\/referenzen\/projektseiten\/\">Projektseiten<\/a><\/li>\n<li id=\"menu-item-2769\" class=\"menu-item \"><a href=\"https:\/\/hetzelsponheuer.de\/de\/referenzen\/projektliste\/\">Projektliste<\/a><\/li>\n<\/ul><\/div>\n\n\n\n<h4 class=\"wp-block-heading\">Ihr Ansprechpartner<\/h4>\n\n\n\n<ul class=\"link ajx grey\"><li><a data-post-type=\"mitarbeiter\" data-display=\"fancybox\" href=\"https:\/\/hetzelsponheuer.de\/de\/mitarbeiter\/dirk-aschenbeck\">Dirk Aschenbeck<\/a><\/li><\/ul>\n\n\n\n<h4 class=\"wp-block-heading\">L\u00f6sungen<\/h4>\n\n\n\n<ul class=\"fade-link grey\"><li><a href=\"https:\/\/hetzelsponheuer.de\/de\/loesungen\/#bauwerterhaltung-denkmalschutz\">Bauwerterhaltung Denkmalschutz<\/a><\/li><\/ul>\n\n\n\n<h4 class=\"wp-block-heading\">Leistungen<\/h4>\n\n\n\n<ul class=\"fade-link grey\"><li><a href=\"https:\/\/hetzelsponheuer.de\/de\/leistungen\/#bewertung-und-beratung\">Bewertung und Beratung<\/a><\/li><li><a href=\"https:\/\/hetzelsponheuer.de\/de\/leistungen\/#planung-und-gestaltung\">Planung und Gestaltung<\/a><\/li><li><a href=\"https:\/\/hetzelsponheuer.de\/de\/leistungen\/#organisation-und-baubegleitung\">Organisation und Baubegleitung<\/a><\/li><li><a href=\"https:\/\/hetzelsponheuer.de\/de\/leistungen\/#handwerk-und-technik\">Handwerk und Bautechnik<\/a><\/li><\/ul>\n\n\n\n<ul><li>Bestandspr\u00fcfung und Bestandsanalyse<\/li><li>Sanierungskonzeption<\/li><li>Bauwerksabdichtung&nbsp;<\/li><li>Systemputze<\/li><li>Steinersatzarbeiten<\/li><li>Restauratorisches Handwerk<\/li><\/ul>\n\n\n\n<h4 class=\"wp-block-heading\">Fotos<\/h4>\n\n\n\n<ul class=\"grey link\"><li><a rel=\"noreferrer noopener\" href=\"http:\/\/www.kratz-photographie.de\/\" target=\"_blank\">Markus Kratz<br>www.kratz-photographie.de<\/a><\/li><\/ul>\n\n<\/div>\n<\/div>\n<\/div>\n\n<div class=\"row x-24 md-3-9 sm-0-12 wp-block-lazyblock-inner-block lazyblock-inner-block-2mrwsP\">\n<div class=\"col wp-block-lazyblock-inner-block lazyblock-inner-block-ZuCFTF\">\n<div class=\"wp-block-lazyblock-inner-block lazyblock-inner-block-Z1QKVGh\">\n\n<p>  <\/p>\n\n<\/div>\n<\/div>\n\n<div class=\"col wp-block-lazyblock-inner-block lazyblock-inner-block-Z1dEO6S\">\n<div class=\"wp-block-lazyblock-inner-block lazyblock-inner-block-1GrFqs\">\n\n<p class=\"logo hetzel\">   <\/p>\n\n<\/div>\n\n\n<div style=\"height:56px\" aria-hidden=\"true\" class=\"wp-block-spacer\"><\/div>\n\n<\/div>\n<\/div>","protected":false},"excerpt":{"rendered":"","protected":false},"author":1,"featured_media":0,"parent":63,"menu_order":9,"comment_status":"closed","ping_status":"closed","template":"page-usecase.php","meta":{"footnotes":""},"yoast_head":"<!-- This site is optimized with the Yoast SEO plugin v22.6 - https:\/\/yoast.com\/wordpress\/plugins\/seo\/ -->\n<title>Sanierung Denkmalschutz \u00b7 Schlo\u00df Dyck J\u00fcchen \u00b7 Hetzel+Sponheuer<\/title>\n<meta name=\"description\" content=\"Sanierung und Konservierung denkmalgesch\u00fctzter Geb\u00e4ude Schloss Dyck, J\u00fcchen. Baul\u00f6sung &#039;Bauwerterhaltung und Denkmalschutz` ...\" \/>\n<meta name=\"robots\" content=\"index, follow, max-snippet:-1, max-image-preview:large, max-video-preview:-1\" \/>\n<link rel=\"canonical\" href=\"https:\/\/hetzelsponheuer.de\/de\/referenzen\/schloss-dyck-juechen\/\" \/>\n<meta property=\"og:locale\" content=\"de_DE\" \/>\n<meta property=\"og:type\" content=\"article\" \/>\n<meta property=\"og:title\" content=\"Sanierung Denkmalschutz \u00b7 Schlo\u00df Dyck J\u00fcchen \u00b7 Hetzel+Sponheuer\" \/>\n<meta property=\"og:description\" content=\"Sanierung und Konservierung denkmalgesch\u00fctzter Geb\u00e4ude Schloss Dyck, J\u00fcchen. Baul\u00f6sung &#039;Bauwerterhaltung und Denkmalschutz` ...\" \/>\n<meta property=\"og:url\" content=\"https:\/\/hetzelsponheuer.de\/de\/referenzen\/schloss-dyck-juechen\/\" \/>\n<meta property=\"og:site_name\" content=\"Hetzel+Sponheuer \u00b7 de\" \/>\n<meta property=\"article:modified_time\" content=\"2020-03-10T09:40:05+00:00\" \/>\n<meta property=\"og:image\" content=\"https:\/\/hetzelsponheuer.de\/de\/wp-content\/uploads\/sites\/2\/2019\/09\/dyck_4087782-links.jpg\" \/>\n<meta name=\"twitter:card\" content=\"summary_large_image\" \/>\n<script type=\"application\/ld+json\" class=\"yoast-schema-graph\">{\"@context\":\"https:\/\/schema.org\",\"@graph\":[{\"@type\":\"WebPage\",\"@id\":\"https:\/\/hetzelsponheuer.de\/de\/referenzen\/schloss-dyck-juechen\/\",\"url\":\"https:\/\/hetzelsponheuer.de\/de\/referenzen\/schloss-dyck-juechen\/\",\"name\":\"Sanierung Denkmalschutz \u00b7 Schlo\u00df Dyck J\u00fcchen \u00b7 Hetzel+Sponheuer\",\"isPartOf\":{\"@id\":\"https:\/\/hetzelsponheuer.de\/de\/#website\"},\"primaryImageOfPage\":{\"@id\":\"https:\/\/hetzelsponheuer.de\/de\/referenzen\/schloss-dyck-juechen\/#primaryimage\"},\"image\":{\"@id\":\"https:\/\/hetzelsponheuer.de\/de\/referenzen\/schloss-dyck-juechen\/#primaryimage\"},\"thumbnailUrl\":\"https:\/\/hetzelsponheuer.de\/de\/wp-content\/uploads\/sites\/2\/2019\/09\/dyck_4087782-links.jpg\",\"datePublished\":\"2019-09-13T07:32:26+00:00\",\"dateModified\":\"2020-03-10T09:40:05+00:00\",\"description\":\"Sanierung und Konservierung denkmalgesch\u00fctzter Geb\u00e4ude Schloss Dyck, J\u00fcchen. Baul\u00f6sung 'Bauwerterhaltung und Denkmalschutz` ...\",\"breadcrumb\":{\"@id\":\"https:\/\/hetzelsponheuer.de\/de\/referenzen\/schloss-dyck-juechen\/#breadcrumb\"},\"inLanguage\":\"de\",\"potentialAction\":[{\"@type\":\"ReadAction\",\"target\":[\"https:\/\/hetzelsponheuer.de\/de\/referenzen\/schloss-dyck-juechen\/\"]}]},{\"@type\":\"ImageObject\",\"inLanguage\":\"de\",\"@id\":\"https:\/\/hetzelsponheuer.de\/de\/referenzen\/schloss-dyck-juechen\/#primaryimage\",\"url\":\"https:\/\/hetzelsponheuer.de\/de\/wp-content\/uploads\/sites\/2\/2019\/09\/dyck_4087782-links.jpg\",\"contentUrl\":\"https:\/\/hetzelsponheuer.de\/de\/wp-content\/uploads\/sites\/2\/2019\/09\/dyck_4087782-links.jpg\",\"width\":373,\"height\":744},{\"@type\":\"BreadcrumbList\",\"@id\":\"https:\/\/hetzelsponheuer.de\/de\/referenzen\/schloss-dyck-juechen\/#breadcrumb\",\"itemListElement\":[{\"@type\":\"ListItem\",\"position\":1,\"name\":\"Startseite\",\"item\":\"https:\/\/hetzelsponheuer.de\/de\/\"},{\"@type\":\"ListItem\",\"position\":2,\"name\":\"Referenzen\",\"item\":\"https:\/\/hetzelsponheuer.de\/de\/referenzen\/\"},{\"@type\":\"ListItem\",\"position\":3,\"name\":\"Schlo\u00df Dyck J\u00fcchen\"}]},{\"@type\":\"WebSite\",\"@id\":\"https:\/\/hetzelsponheuer.de\/de\/#website\",\"url\":\"https:\/\/hetzelsponheuer.de\/de\/\",\"name\":\"Hetzel+Sponheuer \u00b7 de\",\"description\":\"L\u00f6sungen f\u00fcr Ihr Bauprojekt\",\"publisher\":{\"@id\":\"https:\/\/hetzelsponheuer.de\/de\/#organization\"},\"inLanguage\":\"de\"},{\"@type\":\"Organization\",\"@id\":\"https:\/\/hetzelsponheuer.de\/de\/#organization\",\"name\":\"Hetzel+Sponheuer GmbH & Co. KG\",\"url\":\"https:\/\/hetzelsponheuer.de\/de\/\",\"logo\":{\"@type\":\"ImageObject\",\"inLanguage\":\"de\",\"@id\":\"https:\/\/hetzelsponheuer.de\/de\/#\/schema\/logo\/image\/\",\"url\":\"https:\/\/hetzelsponheuer.de\/en\/wp-content\/uploads\/sites\/2\/2020\/02\/logo_hetzelsponheuer.png\",\"contentUrl\":\"https:\/\/hetzelsponheuer.de\/en\/wp-content\/uploads\/sites\/2\/2020\/02\/logo_hetzelsponheuer.png\",\"width\":360,\"height\":24,\"caption\":\"Hetzel+Sponheuer GmbH & Co. KG\"},\"image\":{\"@id\":\"https:\/\/hetzelsponheuer.de\/de\/#\/schema\/logo\/image\/\"},\"sameAs\":[\"https:\/\/www.linkedin.com\/company\/hetzel-sponheuer-gmbh-&amp;-co.-kg\"]}]}<\/script>\n<!-- \/ Yoast SEO plugin. -->","yoast_head_json":{"title":"Sanierung Denkmalschutz \u00b7 Schlo\u00df Dyck J\u00fcchen \u00b7 Hetzel+Sponheuer","description":"Sanierung und Konservierung denkmalgesch\u00fctzter Geb\u00e4ude Schloss Dyck, J\u00fcchen. Baul\u00f6sung 'Bauwerterhaltung und Denkmalschutz` ...","robots":{"index":"index","follow":"follow","max-snippet":"max-snippet:-1","max-image-preview":"max-image-preview:large","max-video-preview":"max-video-preview:-1"},"canonical":"https:\/\/hetzelsponheuer.de\/de\/referenzen\/schloss-dyck-juechen\/","og_locale":"de_DE","og_type":"article","og_title":"Sanierung Denkmalschutz \u00b7 Schlo\u00df Dyck J\u00fcchen \u00b7 Hetzel+Sponheuer","og_description":"Sanierung und Konservierung denkmalgesch\u00fctzter Geb\u00e4ude Schloss Dyck, J\u00fcchen. Baul\u00f6sung 'Bauwerterhaltung und Denkmalschutz` ...","og_url":"https:\/\/hetzelsponheuer.de\/de\/referenzen\/schloss-dyck-juechen\/","og_site_name":"Hetzel+Sponheuer \u00b7 de","article_modified_time":"2020-03-10T09:40:05+00:00","og_image":[{"url":"https:\/\/hetzelsponheuer.de\/de\/wp-content\/uploads\/sites\/2\/2019\/09\/dyck_4087782-links.jpg"}],"twitter_card":"summary_large_image","schema":{"@context":"https:\/\/schema.org","@graph":[{"@type":"WebPage","@id":"https:\/\/hetzelsponheuer.de\/de\/referenzen\/schloss-dyck-juechen\/","url":"https:\/\/hetzelsponheuer.de\/de\/referenzen\/schloss-dyck-juechen\/","name":"Sanierung Denkmalschutz \u00b7 Schlo\u00df Dyck J\u00fcchen \u00b7 Hetzel+Sponheuer","isPartOf":{"@id":"https:\/\/hetzelsponheuer.de\/de\/#website"},"primaryImageOfPage":{"@id":"https:\/\/hetzelsponheuer.de\/de\/referenzen\/schloss-dyck-juechen\/#primaryimage"},"image":{"@id":"https:\/\/hetzelsponheuer.de\/de\/referenzen\/schloss-dyck-juechen\/#primaryimage"},"thumbnailUrl":"https:\/\/hetzelsponheuer.de\/de\/wp-content\/uploads\/sites\/2\/2019\/09\/dyck_4087782-links.jpg","datePublished":"2019-09-13T07:32:26+00:00","dateModified":"2020-03-10T09:40:05+00:00","description":"Sanierung und Konservierung denkmalgesch\u00fctzter Geb\u00e4ude Schloss Dyck, J\u00fcchen. Baul\u00f6sung 'Bauwerterhaltung und Denkmalschutz` ...","breadcrumb":{"@id":"https:\/\/hetzelsponheuer.de\/de\/referenzen\/schloss-dyck-juechen\/#breadcrumb"},"inLanguage":"de","potentialAction":[{"@type":"ReadAction","target":["https:\/\/hetzelsponheuer.de\/de\/referenzen\/schloss-dyck-juechen\/"]}]},{"@type":"ImageObject","inLanguage":"de","@id":"https:\/\/hetzelsponheuer.de\/de\/referenzen\/schloss-dyck-juechen\/#primaryimage","url":"https:\/\/hetzelsponheuer.de\/de\/wp-content\/uploads\/sites\/2\/2019\/09\/dyck_4087782-links.jpg","contentUrl":"https:\/\/hetzelsponheuer.de\/de\/wp-content\/uploads\/sites\/2\/2019\/09\/dyck_4087782-links.jpg","width":373,"height":744},{"@type":"BreadcrumbList","@id":"https:\/\/hetzelsponheuer.de\/de\/referenzen\/schloss-dyck-juechen\/#breadcrumb","itemListElement":[{"@type":"ListItem","position":1,"name":"Startseite","item":"https:\/\/hetzelsponheuer.de\/de\/"},{"@type":"ListItem","position":2,"name":"Referenzen","item":"https:\/\/hetzelsponheuer.de\/de\/referenzen\/"},{"@type":"ListItem","position":3,"name":"Schlo\u00df Dyck J\u00fcchen"}]},{"@type":"WebSite","@id":"https:\/\/hetzelsponheuer.de\/de\/#website","url":"https:\/\/hetzelsponheuer.de\/de\/","name":"Hetzel+Sponheuer \u00b7 de","description":"L\u00f6sungen f\u00fcr Ihr Bauprojekt","publisher":{"@id":"https:\/\/hetzelsponheuer.de\/de\/#organization"},"inLanguage":"de"},{"@type":"Organization","@id":"https:\/\/hetzelsponheuer.de\/de\/#organization","name":"Hetzel+Sponheuer GmbH & Co. KG","url":"https:\/\/hetzelsponheuer.de\/de\/","logo":{"@type":"ImageObject","inLanguage":"de","@id":"https:\/\/hetzelsponheuer.de\/de\/#\/schema\/logo\/image\/","url":"https:\/\/hetzelsponheuer.de\/en\/wp-content\/uploads\/sites\/2\/2020\/02\/logo_hetzelsponheuer.png","contentUrl":"https:\/\/hetzelsponheuer.de\/en\/wp-content\/uploads\/sites\/2\/2020\/02\/logo_hetzelsponheuer.png","width":360,"height":24,"caption":"Hetzel+Sponheuer GmbH & Co. KG"},"image":{"@id":"https:\/\/hetzelsponheuer.de\/de\/#\/schema\/logo\/image\/"},"sameAs":["https:\/\/www.linkedin.com\/company\/hetzel-sponheuer-gmbh-&amp;-co.-kg"]}]}},"_links":{"self":[{"href":"https:\/\/hetzelsponheuer.de\/de\/wp-json\/wp\/v2\/pages\/3180"}],"collection":[{"href":"https:\/\/hetzelsponheuer.de\/de\/wp-json\/wp\/v2\/pages"}],"about":[{"href":"https:\/\/hetzelsponheuer.de\/de\/wp-json\/wp\/v2\/types\/page"}],"author":[{"embeddable":true,"href":"https:\/\/hetzelsponheuer.de\/de\/wp-json\/wp\/v2\/users\/1"}],"replies":[{"embeddable":true,"href":"https:\/\/hetzelsponheuer.de\/de\/wp-json\/wp\/v2\/comments?post=3180"}],"version-history":[{"count":3,"href":"https:\/\/hetzelsponheuer.de\/de\/wp-json\/wp\/v2\/pages\/3180\/revisions"}],"predecessor-version":[{"id":5329,"href":"https:\/\/hetzelsponheuer.de\/de\/wp-json\/wp\/v2\/pages\/3180\/revisions\/5329"}],"up":[{"embeddable":true,"href":"https:\/\/hetzelsponheuer.de\/de\/wp-json\/wp\/v2\/pages\/63"}],"wp:attachment":[{"href":"https:\/\/hetzelsponheuer.de\/de\/wp-json\/wp\/v2\/media?parent=3180"}],"curies":[{"name":"wp","href":"https:\/\/api.w.org\/{rel}","templated":true}]}}