{"id":3200,"date":"2019-09-13T10:12:45","date_gmt":"2019-09-13T08:12:45","guid":{"rendered":"http:\/\/hetzelsponheuer.de\/de\/?page_id=3200"},"modified":"2020-03-13T18:33:19","modified_gmt":"2020-03-13T17:33:19","slug":"stadtschloss-coesfeld","status":"publish","type":"page","link":"https:\/\/hetzelsponheuer.de\/de\/referenzen\/stadtschloss-coesfeld\/","title":{"rendered":"Stadtschlo\u00df Coesfeld"},"content":{"rendered":"<div class=\"banner row x-4 md-3-6-3 sm-0-12-0 wp-block-lazyblock-inner-block lazyblock-inner-block-1kSrP1\">\n<div class=\"col wp-block-lazyblock-inner-block lazyblock-inner-block-Z1da7Fw\">\n<div class=\"bg grey img wp-block-lazyblock-inner-block lazyblock-inner-block-xltxB\">\n\n<figure class=\"wp-block-image\"><img decoding=\"async\" loading=\"lazy\" width=\"373\" height=\"567\" src=\"https:\/\/hetzelsponheuer.de\/de\/wp-content\/uploads\/sites\/2\/2019\/09\/schloss-coesfeld-3596_links.jpg\" alt=\"\" class=\"wp-image-3458\" srcset=\"https:\/\/hetzelsponheuer.de\/de\/wp-content\/uploads\/sites\/2\/2019\/09\/schloss-coesfeld-3596_links.jpg 373w, https:\/\/hetzelsponheuer.de\/de\/wp-content\/uploads\/sites\/2\/2019\/09\/schloss-coesfeld-3596_links-197x300.jpg 197w\" sizes=\"(max-width: 373px) 100vw, 373px\" \/><\/figure>\n\n<\/div>\n<\/div>\n\n<div class=\"col wp-block-lazyblock-inner-block lazyblock-inner-block-1gDVMO\">\n<div class=\"bg grey img wp-block-lazyblock-inner-block lazyblock-inner-block-25PnQc\">\n\n<figure class=\"wp-block-image\"><img decoding=\"async\" loading=\"lazy\" width=\"754\" height=\"567\" src=\"https:\/\/hetzelsponheuer.de\/de\/wp-content\/uploads\/sites\/2\/2019\/09\/schloss-coesfeld-3596_mitte.jpg\" alt=\"Sanierung Fassade Stadtschloss Coesfeld\" class=\"wp-image-3459\" srcset=\"https:\/\/hetzelsponheuer.de\/de\/wp-content\/uploads\/sites\/2\/2019\/09\/schloss-coesfeld-3596_mitte.jpg 754w, https:\/\/hetzelsponheuer.de\/de\/wp-content\/uploads\/sites\/2\/2019\/09\/schloss-coesfeld-3596_mitte-300x226.jpg 300w\" sizes=\"(max-width: 754px) 100vw, 754px\" \/><\/figure>\n\n<\/div>\n<\/div>\n\n<div class=\"col wp-block-lazyblock-inner-block lazyblock-inner-block-2lGT91\">\n<div class=\"bg grey img wp-block-lazyblock-inner-block lazyblock-inner-block-Z1n79J4\">\n\n<figure class=\"wp-block-image\"><img decoding=\"async\" loading=\"lazy\" width=\"373\" height=\"567\" src=\"https:\/\/hetzelsponheuer.de\/de\/wp-content\/uploads\/sites\/2\/2019\/09\/schloss-coesfeld-3596_rechts.jpg\" alt=\"\" class=\"wp-image-3460\" srcset=\"https:\/\/hetzelsponheuer.de\/de\/wp-content\/uploads\/sites\/2\/2019\/09\/schloss-coesfeld-3596_rechts.jpg 373w, https:\/\/hetzelsponheuer.de\/de\/wp-content\/uploads\/sites\/2\/2019\/09\/schloss-coesfeld-3596_rechts-197x300.jpg 197w\" sizes=\"(max-width: 373px) 100vw, 373px\" \/><\/figure>\n\n<\/div>\n<\/div>\n<\/div>\n\n<div class=\"row x-24 md-3-9 sm-0-12 wp-block-lazyblock-inner-block lazyblock-inner-block-Z1YnPRv\">\n<div class=\"col wp-block-lazyblock-inner-block lazyblock-inner-block-1KyAnM\">\n<div class=\"wp-block-lazyblock-inner-block lazyblock-inner-block-ZQJXop\">\n\n<p>  <\/p>\n\n<\/div>\n<\/div>\n\n<div class=\"col wp-block-lazyblock-inner-block lazyblock-inner-block-1k7Wmw\">\n<div class=\"head wp-block-lazyblock-inner-block lazyblock-inner-block-Z1G5WWD\">\n\n<p class=\"topline\">Fassadensanierung Denkmalschutz<\/p>\n\n\n\n<h2 class=\"h1 wp-block-heading\">Stadtschlo\u00df <span class=\"grey\">Coesfeld<\/span><\/h2>\n\n<\/div>\n<\/div>\n<\/div>\n\n<div class=\"row x-24 md-3-6-3 sm-12-12-12 wp-block-lazyblock-inner-block lazyblock-inner-block-ZVfRHj\">\n<div class=\"col wp-block-lazyblock-inner-block lazyblock-inner-block-UKsF4\">\n<div class=\"wp-block-lazyblock-inner-block lazyblock-inner-block-Z1brndl\">\n\n<p class=\"md-right pl-24\"><\/p>\n\n<\/div>\n<\/div>\n\n<div class=\"col wp-block-lazyblock-inner-block lazyblock-inner-block-Z1rj4eR\">\n<div class=\"wp-block-lazyblock-inner-block lazyblock-inner-block-213Klg\">\n\n<p class=\"grey\"><strong>Das Stadtschloss Coesfeld liegt in der Coesfelder Innenstadt an zentraler Stelle im Stadtbild. Bei dem Bauvorhaben handelt es sich um die letzte Sanierungsstufe des Stadtschlosses der Stadt Coesfeld an der Bernhard-von-Galen-Stra\u00dfe in Coesfeld. Das Geb\u00e4ude stellt eine U-f\u00f6rmige Anlage dar, die um 1665 errichtet wurde. Seit 1980 sind stetig Renovierungsarbeiten seitens der Stadt Coesfeld vorgenommen worden.<\/strong><\/p>\n\n\n\n<div style=\"height:24px\" aria-hidden=\"true\" class=\"wp-block-spacer\"><\/div>\n\n\n\n<h3 class=\"h4 wp-block-heading\">Herausforderung<\/h3>\n\n\n\n<p>Die Putzoberfl\u00e4che mit vorhan\u00addenem Anstrich war extrem schad\u00adhaft, sodass in Abstimmung mit der Denkmal\u00adbeh\u00f6rde der Alt\u00adan\u00adstrich im Nieder\u00addruck\u00adstrahl\u00adver\u00adfahren entfernt werden musste. Beim Neu\u00adaufbau sollte die vormals vorhan\u00addene Putz\u00adstruk\u00adtur sowie der Farb\u00adton m\u00f6g\u00adlichst erhal\u00adten bzw. nach\u00adgestellt werden. Eben\u00adfalls zu beachten war der Schutz von Sand\u00adstein\u00adgew\u00e4n\u00adden, Skulp\u00adturen und Gesim\u00adsen, die im Vorfeld bereits saniert wurden.&nbsp;<\/p>\n\n\n\n<h3 class=\"h4 wp-block-heading\">L\u00f6sung<\/h3>\n\n\n\n<p>Das Geb\u00e4ude wurde im laufenden Betrieb saniert, so dass R\u00fcck\u00adsicht\u00adnahme auf An\u00adwohner, Per\u00adsonen- sowie Stra\u00dfen\u00adverkehr ge\u00adnom\u00admen werden musste. Da sich dieses Geb\u00e4ude im Innen\u00adstadt\u00adbereich befin\u00addet, waren Abspra\u00adchen mit dem Ordnungs\u00adamt f\u00fcr die teil\u00adweise Sperrung der histo\u00adrischen Tor\u00addurch\u00adfahrten uner\u00adl\u00e4ss\u00adlich. Lager\u00adfl\u00e4\u00adchen standen auf Grund der extrem beengten Platz\u00adverh\u00e4lt\u00adnisse rund um das Stadt\u00adschloss nur in gerin\u00adgem Umfang zur Verf\u00fc\u00adgung. Aufgrund nega\u00adtiver Erfah\u00adrungen im Zusammen\u00adhang mit Ver\u00adsuchen, die Fassaden\u00adfl\u00e4che von Wett\u00adbewer\u00adbern sanieren zu las\u00adsen, stand die Ma\u00df\u00adnahme unter beson\u00adderer Beglei\u00adtung durch die zust\u00e4n\u00addige Denkmal\u00adschutz- und Aufsichts\u00adbeh\u00f6rde. Abschlie\u00dfen konnten wir die Sanierungs\u00adarbeiten zur vollsten Zufrieden\u00adheiten des Auftrag\u00adgebers. Ein histo\u00adrisches Denk\u00admal in neuem Kleid!<\/p>\n\n\n<div class=\"grid x24 md-col-6-6-row-1 wp-block-lazyblock-inner-block lazyblock-inner-block-1yStGP\">\n<div class=\"bg grey img wp-block-lazyblock-inner-block lazyblock-inner-block-AF3W6\">\n\n<figure class=\"wp-block-image size-large\"><a class=\"gallery\" href=\"https:\/\/hetzelsponheuer.de\/de\/wp-content\/uploads\/sites\/2\/2019\/11\/coesfeld_3292_2.jpg\" rel=\"gallery-1\"><img decoding=\"async\" loading=\"lazy\" width=\"600\" height=\"500\" src=\"https:\/\/hetzelsponheuer.de\/de\/wp-content\/uploads\/sites\/2\/2019\/11\/coesfeld_3292_2.jpg\" alt=\"Sanierung Fassade Detail\" class=\"wp-image-4710\" srcset=\"https:\/\/hetzelsponheuer.de\/de\/wp-content\/uploads\/sites\/2\/2019\/11\/coesfeld_3292_2.jpg 600w, https:\/\/hetzelsponheuer.de\/de\/wp-content\/uploads\/sites\/2\/2019\/11\/coesfeld_3292_2-400x333.jpg 400w\" sizes=\"(max-width: 600px) 100vw, 600px\" \/><\/a><\/figure>\n\n\n\n<p class=\"figcaption\">Witterungssch\u00e4den<\/p>\n\n<\/div>\n\n<div class=\"bg grey img wp-block-lazyblock-inner-block lazyblock-inner-block-Z1vtnle\">\n\n<figure class=\"wp-block-image size-large\"><a class=\"gallery\" href=\"https:\/\/hetzelsponheuer.de\/de\/wp-content\/uploads\/sites\/2\/2019\/11\/coesfeld_3685_2.jpg\" rel=\"gallery-1\"><img decoding=\"async\" loading=\"lazy\" width=\"600\" height=\"500\" src=\"https:\/\/hetzelsponheuer.de\/de\/wp-content\/uploads\/sites\/2\/2019\/11\/coesfeld_3685_2.jpg\" alt=\"Sanierung Fassade Eingang\" class=\"wp-image-4711\" srcset=\"https:\/\/hetzelsponheuer.de\/de\/wp-content\/uploads\/sites\/2\/2019\/11\/coesfeld_3685_2.jpg 600w, https:\/\/hetzelsponheuer.de\/de\/wp-content\/uploads\/sites\/2\/2019\/11\/coesfeld_3685_2-400x333.jpg 400w\" sizes=\"(max-width: 600px) 100vw, 600px\" \/><\/a><\/figure>\n\n\n\n<p class=\"figcaption\">Durchgang<\/p>\n\n<\/div>\n<\/div>\n\n\n<div style=\"height:40px\" aria-hidden=\"true\" class=\"wp-block-spacer\"><\/div>\n\n<\/div>\n<\/div>\n\n<div class=\"col wp-block-lazyblock-inner-block lazyblock-inner-block-Z2wrBd9\">\n<div class=\"wp-block-lazyblock-inner-block lazyblock-inner-block-ZiJPc3\">\n<div class=\"menu-main-menu-container\"><ul id=\"menu-main-menu\" class=\"grey\"><li id=\"menu-item-2901\" class=\"menu-item \"><a href=\"https:\/\/hetzelsponheuer.de\/de\/referenzen\/projektseiten\/\">Projektseiten<\/a><\/li>\n<li id=\"menu-item-2769\" class=\"menu-item \"><a href=\"https:\/\/hetzelsponheuer.de\/de\/referenzen\/projektliste\/\">Projektliste<\/a><\/li>\n<\/ul><\/div>\n\n\n\n<h4 class=\"wp-block-heading\">Ihr Ansprechpartner<\/h4>\n\n\n\n<ul class=\"link ajx grey\"><li><a data-post-type=\"mitarbeiter\" data-display=\"fancybox\" href=\"https:\/\/hetzelsponheuer.de\/de\/mitarbeiter\/dirk-aschenbeck\">Dirk Aschenbeck<\/a><\/li><\/ul>\n\n\n\n<h4 class=\"wp-block-heading\">L\u00f6sungen<\/h4>\n\n\n\n<ul class=\"fade-link grey\"><li><a href=\"https:\/\/hetzelsponheuer.de\/de\/loesungen\/#bauwerterhaltung-denkmalschutz\">Bauwerterhaltung Denkmalschutz<\/a><\/li><\/ul>\n\n\n\n<h4 class=\"wp-block-heading\">Leistungen<\/h4>\n\n\n\n<ul class=\"fade-link grey\"><li><a href=\"https:\/\/hetzelsponheuer.de\/de\/leistungen\/#handwerk-und-technik\">Handwerk und Bautechnik<\/a><\/li><\/ul>\n\n\n\n<ul><li>Untergrund\u00advorbehandlung<\/li><li>Denkmal\u00adgerechte Sanie\u00adrung Putz\u00adfassade<\/li><li>Denkmalgerechte farbliche Gestaltung<\/li><\/ul>\n\n\n\n<h4 class=\"wp-block-heading\">Fotos<\/h4>\n\n\n\n<ul class=\"link grey\"><li><a href=\"http:\/\/www.format-seifert.de\/\" target=\"_blank\" rel=\"noreferrer noopener\">Susanne Seifert, Dortmund<br>www.format-seifert.de<\/a><\/li><\/ul>\n\n<\/div>\n<\/div>\n<\/div>\n\n<div class=\"row x-24 md-3-9 sm-0-12 wp-block-lazyblock-inner-block lazyblock-inner-block-2mrwsP\">\n<div class=\"col wp-block-lazyblock-inner-block lazyblock-inner-block-ZuCFTF\">\n<div class=\"wp-block-lazyblock-inner-block lazyblock-inner-block-Z1QKVGh\">\n\n<p>  <\/p>\n\n<\/div>\n<\/div>\n\n<div class=\"col wp-block-lazyblock-inner-block lazyblock-inner-block-Z1dEO6S\">\n<div class=\"wp-block-lazyblock-inner-block lazyblock-inner-block-1GrFqs\">\n\n<p class=\"logo hetzel\">   <\/p>\n\n<\/div>\n\n\n<div style=\"height:56px\" aria-hidden=\"true\" class=\"wp-block-spacer\"><\/div>\n\n<\/div>\n<\/div>","protected":false},"excerpt":{"rendered":"","protected":false},"author":1,"featured_media":0,"parent":63,"menu_order":9,"comment_status":"closed","ping_status":"closed","template":"page-usecase.php","meta":{"footnotes":""},"yoast_head":"<!-- This site is optimized with the Yoast SEO plugin v22.6 - https:\/\/yoast.com\/wordpress\/plugins\/seo\/ -->\n<title>Sanierung historische Fassade \u00b7 Stadtschlo\u00df Coesfeld \u00b7 Hetzel+Sponheuer<\/title>\n<meta name=\"description\" content=\"Erneuerung der Fassade des denkmalgescgh\u00fctzten Stadtschlosses Coesfeld - Eine Referenz f\u00fcr die optimierte Baul\u00f6sung &#039;Bauwerterhaltung und Denkmalschutz&#039;\" \/>\n<meta name=\"robots\" content=\"index, follow, max-snippet:-1, max-image-preview:large, max-video-preview:-1\" \/>\n<link rel=\"canonical\" href=\"https:\/\/hetzelsponheuer.de\/de\/referenzen\/stadtschloss-coesfeld\/\" \/>\n<meta property=\"og:locale\" content=\"de_DE\" \/>\n<meta property=\"og:type\" content=\"article\" \/>\n<meta property=\"og:title\" content=\"Sanierung historische Fassade \u00b7 Stadtschlo\u00df Coesfeld \u00b7 Hetzel+Sponheuer\" \/>\n<meta property=\"og:description\" content=\"Erneuerung der Fassade des denkmalgescgh\u00fctzten Stadtschlosses Coesfeld - Eine Referenz f\u00fcr die optimierte Baul\u00f6sung &#039;Bauwerterhaltung und Denkmalschutz&#039;\" \/>\n<meta property=\"og:url\" content=\"https:\/\/hetzelsponheuer.de\/de\/referenzen\/stadtschloss-coesfeld\/\" \/>\n<meta property=\"og:site_name\" content=\"Hetzel+Sponheuer \u00b7 de\" \/>\n<meta property=\"article:modified_time\" content=\"2020-03-13T17:33:19+00:00\" \/>\n<meta property=\"og:image\" content=\"https:\/\/hetzelsponheuer.de\/de\/wp-content\/uploads\/sites\/2\/2019\/09\/schloss-coesfeld-3596_links.jpg\" \/>\n<meta name=\"twitter:card\" content=\"summary_large_image\" \/>\n<script type=\"application\/ld+json\" class=\"yoast-schema-graph\">{\"@context\":\"https:\/\/schema.org\",\"@graph\":[{\"@type\":\"WebPage\",\"@id\":\"https:\/\/hetzelsponheuer.de\/de\/referenzen\/stadtschloss-coesfeld\/\",\"url\":\"https:\/\/hetzelsponheuer.de\/de\/referenzen\/stadtschloss-coesfeld\/\",\"name\":\"Sanierung historische Fassade \u00b7 Stadtschlo\u00df Coesfeld \u00b7 Hetzel+Sponheuer\",\"isPartOf\":{\"@id\":\"https:\/\/hetzelsponheuer.de\/de\/#website\"},\"primaryImageOfPage\":{\"@id\":\"https:\/\/hetzelsponheuer.de\/de\/referenzen\/stadtschloss-coesfeld\/#primaryimage\"},\"image\":{\"@id\":\"https:\/\/hetzelsponheuer.de\/de\/referenzen\/stadtschloss-coesfeld\/#primaryimage\"},\"thumbnailUrl\":\"https:\/\/hetzelsponheuer.de\/de\/wp-content\/uploads\/sites\/2\/2019\/09\/schloss-coesfeld-3596_links.jpg\",\"datePublished\":\"2019-09-13T08:12:45+00:00\",\"dateModified\":\"2020-03-13T17:33:19+00:00\",\"description\":\"Erneuerung der Fassade des denkmalgescgh\u00fctzten Stadtschlosses Coesfeld - Eine Referenz f\u00fcr die optimierte Baul\u00f6sung 'Bauwerterhaltung und Denkmalschutz'\",\"breadcrumb\":{\"@id\":\"https:\/\/hetzelsponheuer.de\/de\/referenzen\/stadtschloss-coesfeld\/#breadcrumb\"},\"inLanguage\":\"de\",\"potentialAction\":[{\"@type\":\"ReadAction\",\"target\":[\"https:\/\/hetzelsponheuer.de\/de\/referenzen\/stadtschloss-coesfeld\/\"]}]},{\"@type\":\"ImageObject\",\"inLanguage\":\"de\",\"@id\":\"https:\/\/hetzelsponheuer.de\/de\/referenzen\/stadtschloss-coesfeld\/#primaryimage\",\"url\":\"https:\/\/hetzelsponheuer.de\/de\/wp-content\/uploads\/sites\/2\/2019\/09\/schloss-coesfeld-3596_links.jpg\",\"contentUrl\":\"https:\/\/hetzelsponheuer.de\/de\/wp-content\/uploads\/sites\/2\/2019\/09\/schloss-coesfeld-3596_links.jpg\",\"width\":373,\"height\":567},{\"@type\":\"BreadcrumbList\",\"@id\":\"https:\/\/hetzelsponheuer.de\/de\/referenzen\/stadtschloss-coesfeld\/#breadcrumb\",\"itemListElement\":[{\"@type\":\"ListItem\",\"position\":1,\"name\":\"Startseite\",\"item\":\"https:\/\/hetzelsponheuer.de\/de\/\"},{\"@type\":\"ListItem\",\"position\":2,\"name\":\"Referenzen\",\"item\":\"https:\/\/hetzelsponheuer.de\/de\/referenzen\/\"},{\"@type\":\"ListItem\",\"position\":3,\"name\":\"Stadtschlo\u00df Coesfeld\"}]},{\"@type\":\"WebSite\",\"@id\":\"https:\/\/hetzelsponheuer.de\/de\/#website\",\"url\":\"https:\/\/hetzelsponheuer.de\/de\/\",\"name\":\"Hetzel+Sponheuer \u00b7 de\",\"description\":\"L\u00f6sungen f\u00fcr Ihr Bauprojekt\",\"publisher\":{\"@id\":\"https:\/\/hetzelsponheuer.de\/de\/#organization\"},\"inLanguage\":\"de\"},{\"@type\":\"Organization\",\"@id\":\"https:\/\/hetzelsponheuer.de\/de\/#organization\",\"name\":\"Hetzel+Sponheuer GmbH & Co. KG\",\"url\":\"https:\/\/hetzelsponheuer.de\/de\/\",\"logo\":{\"@type\":\"ImageObject\",\"inLanguage\":\"de\",\"@id\":\"https:\/\/hetzelsponheuer.de\/de\/#\/schema\/logo\/image\/\",\"url\":\"https:\/\/hetzelsponheuer.de\/en\/wp-content\/uploads\/sites\/2\/2020\/02\/logo_hetzelsponheuer.png\",\"contentUrl\":\"https:\/\/hetzelsponheuer.de\/en\/wp-content\/uploads\/sites\/2\/2020\/02\/logo_hetzelsponheuer.png\",\"width\":360,\"height\":24,\"caption\":\"Hetzel+Sponheuer GmbH & Co. KG\"},\"image\":{\"@id\":\"https:\/\/hetzelsponheuer.de\/de\/#\/schema\/logo\/image\/\"},\"sameAs\":[\"https:\/\/www.linkedin.com\/company\/hetzel-sponheuer-gmbh-&amp;-co.-kg\"]}]}<\/script>\n<!-- \/ Yoast SEO plugin. -->","yoast_head_json":{"title":"Sanierung historische Fassade \u00b7 Stadtschlo\u00df Coesfeld \u00b7 Hetzel+Sponheuer","description":"Erneuerung der Fassade des denkmalgescgh\u00fctzten Stadtschlosses Coesfeld - Eine Referenz f\u00fcr die optimierte Baul\u00f6sung 'Bauwerterhaltung und Denkmalschutz'","robots":{"index":"index","follow":"follow","max-snippet":"max-snippet:-1","max-image-preview":"max-image-preview:large","max-video-preview":"max-video-preview:-1"},"canonical":"https:\/\/hetzelsponheuer.de\/de\/referenzen\/stadtschloss-coesfeld\/","og_locale":"de_DE","og_type":"article","og_title":"Sanierung historische Fassade \u00b7 Stadtschlo\u00df Coesfeld \u00b7 Hetzel+Sponheuer","og_description":"Erneuerung der Fassade des denkmalgescgh\u00fctzten Stadtschlosses Coesfeld - Eine Referenz f\u00fcr die optimierte Baul\u00f6sung 'Bauwerterhaltung und Denkmalschutz'","og_url":"https:\/\/hetzelsponheuer.de\/de\/referenzen\/stadtschloss-coesfeld\/","og_site_name":"Hetzel+Sponheuer \u00b7 de","article_modified_time":"2020-03-13T17:33:19+00:00","og_image":[{"url":"https:\/\/hetzelsponheuer.de\/de\/wp-content\/uploads\/sites\/2\/2019\/09\/schloss-coesfeld-3596_links.jpg"}],"twitter_card":"summary_large_image","schema":{"@context":"https:\/\/schema.org","@graph":[{"@type":"WebPage","@id":"https:\/\/hetzelsponheuer.de\/de\/referenzen\/stadtschloss-coesfeld\/","url":"https:\/\/hetzelsponheuer.de\/de\/referenzen\/stadtschloss-coesfeld\/","name":"Sanierung historische Fassade \u00b7 Stadtschlo\u00df Coesfeld \u00b7 Hetzel+Sponheuer","isPartOf":{"@id":"https:\/\/hetzelsponheuer.de\/de\/#website"},"primaryImageOfPage":{"@id":"https:\/\/hetzelsponheuer.de\/de\/referenzen\/stadtschloss-coesfeld\/#primaryimage"},"image":{"@id":"https:\/\/hetzelsponheuer.de\/de\/referenzen\/stadtschloss-coesfeld\/#primaryimage"},"thumbnailUrl":"https:\/\/hetzelsponheuer.de\/de\/wp-content\/uploads\/sites\/2\/2019\/09\/schloss-coesfeld-3596_links.jpg","datePublished":"2019-09-13T08:12:45+00:00","dateModified":"2020-03-13T17:33:19+00:00","description":"Erneuerung der Fassade des denkmalgescgh\u00fctzten Stadtschlosses Coesfeld - Eine Referenz f\u00fcr die optimierte Baul\u00f6sung 'Bauwerterhaltung und Denkmalschutz'","breadcrumb":{"@id":"https:\/\/hetzelsponheuer.de\/de\/referenzen\/stadtschloss-coesfeld\/#breadcrumb"},"inLanguage":"de","potentialAction":[{"@type":"ReadAction","target":["https:\/\/hetzelsponheuer.de\/de\/referenzen\/stadtschloss-coesfeld\/"]}]},{"@type":"ImageObject","inLanguage":"de","@id":"https:\/\/hetzelsponheuer.de\/de\/referenzen\/stadtschloss-coesfeld\/#primaryimage","url":"https:\/\/hetzelsponheuer.de\/de\/wp-content\/uploads\/sites\/2\/2019\/09\/schloss-coesfeld-3596_links.jpg","contentUrl":"https:\/\/hetzelsponheuer.de\/de\/wp-content\/uploads\/sites\/2\/2019\/09\/schloss-coesfeld-3596_links.jpg","width":373,"height":567},{"@type":"BreadcrumbList","@id":"https:\/\/hetzelsponheuer.de\/de\/referenzen\/stadtschloss-coesfeld\/#breadcrumb","itemListElement":[{"@type":"ListItem","position":1,"name":"Startseite","item":"https:\/\/hetzelsponheuer.de\/de\/"},{"@type":"ListItem","position":2,"name":"Referenzen","item":"https:\/\/hetzelsponheuer.de\/de\/referenzen\/"},{"@type":"ListItem","position":3,"name":"Stadtschlo\u00df Coesfeld"}]},{"@type":"WebSite","@id":"https:\/\/hetzelsponheuer.de\/de\/#website","url":"https:\/\/hetzelsponheuer.de\/de\/","name":"Hetzel+Sponheuer \u00b7 de","description":"L\u00f6sungen f\u00fcr Ihr Bauprojekt","publisher":{"@id":"https:\/\/hetzelsponheuer.de\/de\/#organization"},"inLanguage":"de"},{"@type":"Organization","@id":"https:\/\/hetzelsponheuer.de\/de\/#organization","name":"Hetzel+Sponheuer GmbH & Co. KG","url":"https:\/\/hetzelsponheuer.de\/de\/","logo":{"@type":"ImageObject","inLanguage":"de","@id":"https:\/\/hetzelsponheuer.de\/de\/#\/schema\/logo\/image\/","url":"https:\/\/hetzelsponheuer.de\/en\/wp-content\/uploads\/sites\/2\/2020\/02\/logo_hetzelsponheuer.png","contentUrl":"https:\/\/hetzelsponheuer.de\/en\/wp-content\/uploads\/sites\/2\/2020\/02\/logo_hetzelsponheuer.png","width":360,"height":24,"caption":"Hetzel+Sponheuer GmbH & Co. KG"},"image":{"@id":"https:\/\/hetzelsponheuer.de\/de\/#\/schema\/logo\/image\/"},"sameAs":["https:\/\/www.linkedin.com\/company\/hetzel-sponheuer-gmbh-&amp;-co.-kg"]}]}},"_links":{"self":[{"href":"https:\/\/hetzelsponheuer.de\/de\/wp-json\/wp\/v2\/pages\/3200"}],"collection":[{"href":"https:\/\/hetzelsponheuer.de\/de\/wp-json\/wp\/v2\/pages"}],"about":[{"href":"https:\/\/hetzelsponheuer.de\/de\/wp-json\/wp\/v2\/types\/page"}],"author":[{"embeddable":true,"href":"https:\/\/hetzelsponheuer.de\/de\/wp-json\/wp\/v2\/users\/1"}],"replies":[{"embeddable":true,"href":"https:\/\/hetzelsponheuer.de\/de\/wp-json\/wp\/v2\/comments?post=3200"}],"version-history":[{"count":3,"href":"https:\/\/hetzelsponheuer.de\/de\/wp-json\/wp\/v2\/pages\/3200\/revisions"}],"predecessor-version":[{"id":5332,"href":"https:\/\/hetzelsponheuer.de\/de\/wp-json\/wp\/v2\/pages\/3200\/revisions\/5332"}],"up":[{"embeddable":true,"href":"https:\/\/hetzelsponheuer.de\/de\/wp-json\/wp\/v2\/pages\/63"}],"wp:attachment":[{"href":"https:\/\/hetzelsponheuer.de\/de\/wp-json\/wp\/v2\/media?parent=3200"}],"curies":[{"name":"wp","href":"https:\/\/api.w.org\/{rel}","templated":true}]}}