{"id":3207,"date":"2019-09-13T10:24:02","date_gmt":"2019-09-13T08:24:02","guid":{"rendered":"http:\/\/hetzelsponheuer.de\/de\/?page_id=3207"},"modified":"2020-07-24T12:13:39","modified_gmt":"2020-07-24T10:13:39","slug":"stahlwerk-phoenix-dortmund","status":"publish","type":"page","link":"https:\/\/hetzelsponheuer.de\/de\/referenzen\/stahlwerk-phoenix-dortmund\/","title":{"rendered":"Stahlwerk Phoenix Dortmund"},"content":{"rendered":"<div class=\"banner row x-4 md-3-6-3 sm-0-12-0 wp-block-lazyblock-inner-block lazyblock-inner-block-1kSrP1\">\n<div class=\"col wp-block-lazyblock-inner-block lazyblock-inner-block-Z1da7Fw\">\n<div class=\"bg grey img wp-block-lazyblock-inner-block lazyblock-inner-block-xltxB\">\n\n<figure class=\"wp-block-image\"><img decoding=\"async\" loading=\"lazy\" width=\"373\" height=\"639\" src=\"https:\/\/hetzelsponheuer.de\/de\/wp-content\/uploads\/sites\/2\/2019\/09\/phoenix_2024_links.jpg\" alt=\"Stahlwerk \u00b7 Umnutzung Industriedenkmal \u00b7 Denkmalschutz\" class=\"wp-image-3471\" srcset=\"https:\/\/hetzelsponheuer.de\/de\/wp-content\/uploads\/sites\/2\/2019\/09\/phoenix_2024_links.jpg 373w, https:\/\/hetzelsponheuer.de\/de\/wp-content\/uploads\/sites\/2\/2019\/09\/phoenix_2024_links-175x300.jpg 175w\" sizes=\"(max-width: 373px) 100vw, 373px\" \/><\/figure>\n\n<\/div>\n<\/div>\n\n<div class=\"col wp-block-lazyblock-inner-block lazyblock-inner-block-1gDVMO\">\n<div class=\"bg grey img wp-block-lazyblock-inner-block lazyblock-inner-block-25PnQc\">\n\n<figure class=\"wp-block-image\"><img decoding=\"async\" loading=\"lazy\" width=\"754\" height=\"639\" src=\"https:\/\/hetzelsponheuer.de\/de\/wp-content\/uploads\/sites\/2\/2019\/09\/phoenix_2024_mitte.jpg\" alt=\"Umnutzung Stahlwerk Phoenix Denkmalschutz\" class=\"wp-image-3472\" srcset=\"https:\/\/hetzelsponheuer.de\/de\/wp-content\/uploads\/sites\/2\/2019\/09\/phoenix_2024_mitte.jpg 754w, https:\/\/hetzelsponheuer.de\/de\/wp-content\/uploads\/sites\/2\/2019\/09\/phoenix_2024_mitte-300x254.jpg 300w\" sizes=\"(max-width: 754px) 100vw, 754px\" \/><\/figure>\n\n<\/div>\n<\/div>\n\n<div class=\"col wp-block-lazyblock-inner-block lazyblock-inner-block-2lGT91\">\n<div class=\"bg grey img wp-block-lazyblock-inner-block lazyblock-inner-block-Z1n79J4\">\n\n<figure class=\"wp-block-image\"><img decoding=\"async\" loading=\"lazy\" width=\"373\" height=\"639\" src=\"https:\/\/hetzelsponheuer.de\/de\/wp-content\/uploads\/sites\/2\/2019\/09\/phoenix_2024_rechts.jpg\" alt=\"Stahlwerk \u00b7 Umnutzung Industriedenkmal \u00b7 Denkmalschutz\" class=\"wp-image-3473\" srcset=\"https:\/\/hetzelsponheuer.de\/de\/wp-content\/uploads\/sites\/2\/2019\/09\/phoenix_2024_rechts.jpg 373w, https:\/\/hetzelsponheuer.de\/de\/wp-content\/uploads\/sites\/2\/2019\/09\/phoenix_2024_rechts-175x300.jpg 175w\" sizes=\"(max-width: 373px) 100vw, 373px\" \/><\/figure>\n\n<\/div>\n<\/div>\n<\/div>\n\n<div class=\"row x-24 md-3-9 sm-0-12 wp-block-lazyblock-inner-block lazyblock-inner-block-Z1YnPRv\">\n<div class=\"col wp-block-lazyblock-inner-block lazyblock-inner-block-1KyAnM\">\n<div class=\"wp-block-lazyblock-inner-block lazyblock-inner-block-ZQJXop\">\n\n<p>  <\/p>\n\n<\/div>\n<\/div>\n\n<div class=\"col wp-block-lazyblock-inner-block lazyblock-inner-block-1k7Wmw\">\n<div class=\"head wp-block-lazyblock-inner-block lazyblock-inner-block-Z1G5WWD\">\n\n<p class=\"topline\">Umnutzung Industriedenkmal Denkmalschutz<\/p>\n\n\n\n<h2 class=\"h1 wp-block-heading\">Stahlwerk Phoenix <span class=\"grey\">Dortmund<\/span><\/h2>\n\n<\/div>\n<\/div>\n<\/div>\n\n<div class=\"row x-24 md-3-6-3 sm-12-12-12 wp-block-lazyblock-inner-block lazyblock-inner-block-ZVfRHj\">\n<div class=\"col wp-block-lazyblock-inner-block lazyblock-inner-block-UKsF4\">\n<div class=\"wp-block-lazyblock-inner-block lazyblock-inner-block-Z1brndl\">\n\n<p class=\"md-right pl-24\"><\/p>\n\n<\/div>\n<\/div>\n\n<div class=\"col wp-block-lazyblock-inner-block lazyblock-inner-block-Z1rj4eR\">\n<div class=\"wp-block-lazyblock-inner-block lazyblock-inner-block-213Klg\">\n\n<p class=\"color\"><strong>Wenn eine alte Industrieimmobilie wie das Stahlwerk Phoenix einer neuen Nutzung zugef\u00fchrt werden soll, so geht es fast immer darum, den vorhandenen Bestand an neueste Standards anzupassen ohne jedoch die vorhandene Bausubstanz zu sch\u00e4digen oder gravierend zu \u00e4ndern. Das Stahlwerk Phoenix ist hier bestes Beispiel f\u00fcr eine gelungene Bauwerkserhaltung.<\/strong><\/p>\n\n\n\n<div style=\"height:24px\" aria-hidden=\"true\" class=\"wp-block-spacer\"><\/div>\n\n\n\n<h3 class=\"h4 wp-block-heading\">Herausforderung<\/h3>\n\n\n\n<p>Die denkmalgesch\u00fctzte Industrie-Ruine sollte durch eine Dach- und Fassaden\u00adsanierung wieder zum Leben erweckt werden. Dazu sind Eingriffe in die vorhandene Fassaden\u00adstruktur, an Mauer\u00adwerk, Beton- und Stahl\u00adfach\u00adwerk unver\u00admeidlich, die jedoch den Auflagen des Denkmal\u00adschutzes entsprechen m\u00fcssen. Ganz besonders wichtig war zus\u00e4tzlich die statische Sicherung des Geb\u00e4udes w\u00e4hrend der Arbeiten.<\/p>\n\n\n\n<h3 class=\"h4 wp-block-heading\">L\u00f6sung<\/h3>\n\n\n\n<p>Mit Finger\u00adspitzen\u00adgef\u00fchl und technischem Sach\u00adver\u00adst\u00e4ndnis haben Fach\u00adleute der Hetzel + Sponheuer GmbH den R\u00fcckbau der alten Klinker\u00ad\u00adaus\u00adfachungen in den Fassaden vorgenommen. Kein Problem war auch die Lieferung von ausge\u00ad\u00adfallenen Stein\u00ad\u00adformaten zur Wieder\u00ad\u00adher\u00adstellung der alten Klinker\u00ad\u00adaus\u00ad\u00adfachungen. Zudem wurde das Stahl\u00adfachwerk teil\u00aderneuert und saniert sowie eine Beton\u00adinstand\u00ad\u00adsetzung an St\u00fctzen-, Wand- und Decken\u00adfl\u00e4chen durchgef\u00fchrt. Die statische Sicherung ist dabei genauso selbst\u00ad\u00adverst\u00e4nd\u00adlich wie die Einhal\u00adtung der Denkmal\u00ad\u00adschutz\u00adauflagen f\u00fcr die Umnutzung des Industrie\u00ad\u00addenkmals. Umfang\u00adreiche klein\u00ad\u00adteilige T\u00e4tig\u00ad\u00adkeiten wie der Austausch bzw. die Rekon\u00ad\u00adstruktion von unter\u00adschied\u00ad\u00adlichsten Formstein\u00ad\u00advarianten mussten ausgef\u00fchrt werden, um die industrie\u00ad\u00adhistorische Fassade zu erhalten. Diese Leistungen, sowohl Auswahl, Koordi\u00adnierung und notwendige Qualit\u00e4ts\u00ad\u00adsicherung wurde durch das Team der Hetzel + Sponheuer GmbH &amp; Co. KG gew\u00e4hr\u00ad\u00adleistet und verant\u00adwortlich f\u00fcr die denkmal\u00ad\u00adgerechte Umnutzung umgesetzt.&nbsp;<\/p>\n\n\n<div class=\"grid x24 md-col-6-6-row-1 wp-block-lazyblock-inner-block lazyblock-inner-block-1Ws0yy\">\n<div class=\"bg grey img wp-block-lazyblock-inner-block lazyblock-inner-block-Suyx2\">\n\n<figure class=\"wp-block-image size-large\"><a class=\"gallery\" href=\"https:\/\/hetzelsponheuer.de\/de\/wp-content\/uploads\/sites\/2\/2019\/11\/phoenix-2035.jpg\" rel=\"gallery-1\"><img decoding=\"async\" loading=\"lazy\" width=\"400\" height=\"600\" src=\"https:\/\/hetzelsponheuer.de\/de\/wp-content\/uploads\/sites\/2\/2019\/11\/phoenix-2035.jpg\" alt=\"Umnutzung Denkmalschutz 1\" class=\"wp-image-4715\" srcset=\"https:\/\/hetzelsponheuer.de\/de\/wp-content\/uploads\/sites\/2\/2019\/11\/phoenix-2035.jpg 400w, https:\/\/hetzelsponheuer.de\/de\/wp-content\/uploads\/sites\/2\/2019\/11\/phoenix-2035-267x400.jpg 267w\" sizes=\"(max-width: 400px) 100vw, 400px\" \/><\/a><\/figure>\n\n\n\n<p class=\"figcaption\">1<\/p>\n\n<\/div>\n\n<div class=\"bg grey img wp-block-lazyblock-inner-block lazyblock-inner-block-FbsNx\">\n\n<figure class=\"wp-block-image size-large\"><a class=\"gallery\" href=\"https:\/\/hetzelsponheuer.de\/de\/wp-content\/uploads\/sites\/2\/2019\/11\/phoenix-2090.jpg\" rel=\"gallery-1\"><img decoding=\"async\" loading=\"lazy\" width=\"400\" height=\"600\" src=\"https:\/\/hetzelsponheuer.de\/de\/wp-content\/uploads\/sites\/2\/2019\/11\/phoenix-2090.jpg\" alt=\"Umnutzung Denkmalschutz 2\" class=\"wp-image-4716\" srcset=\"https:\/\/hetzelsponheuer.de\/de\/wp-content\/uploads\/sites\/2\/2019\/11\/phoenix-2090.jpg 400w, https:\/\/hetzelsponheuer.de\/de\/wp-content\/uploads\/sites\/2\/2019\/11\/phoenix-2090-267x400.jpg 267w\" sizes=\"(max-width: 400px) 100vw, 400px\" \/><\/a><\/figure>\n\n\n\n<p class=\"figcaption\">2<\/p>\n\n<\/div>\n<\/div>\n\n\n<p>Unsere Mitarbeiter verf\u00fcgen \u00fcber die notwendigen Kenntnisse und das organisatorische Know-how, um die geeigneten Spezialisten f\u00fcr das Projekt auszuw\u00e4hlen. Die Umsetzung des vorhandenen Spezialwissens begeisterte nicht nur Auftraggeber und Denkmalbeh\u00f6rde, sondern auch die neuen Nutzer des Geb\u00e4udes. So haben wir wieder einen kleinen Beitrag geleistet, um die Werte des Menschen auch f\u00fcr die Zukunft zu erhalten.<\/p>\n\n\n\n<div style=\"height:32px\" aria-hidden=\"true\" class=\"wp-block-spacer\"><\/div>\n\n<\/div>\n<\/div>\n\n<div class=\"col wp-block-lazyblock-inner-block lazyblock-inner-block-Z2wrBd9\">\n<div class=\"wp-block-lazyblock-inner-block lazyblock-inner-block-ZiJPc3\">\n<div class=\"menu-main-menu-container\"><ul id=\"menu-main-menu\" class=\"grey\"><li id=\"menu-item-2901\" class=\"menu-item \"><a href=\"https:\/\/hetzelsponheuer.de\/de\/referenzen\/projektseiten\/\">Projektseiten<\/a><\/li>\n<li id=\"menu-item-2769\" class=\"menu-item \"><a href=\"https:\/\/hetzelsponheuer.de\/de\/referenzen\/projektliste\/\">Projektliste<\/a><\/li>\n<\/ul><\/div>\n\n\n\n<h4 class=\"wp-block-heading\">Ihr Ansprechpartner<\/h4>\n\n\n\n<ul class=\"link ajx grey\"><li><a href=\"carsten-haddick\" data-display=\"fancybox\" data-post-type=\"mitarbeiter\">Carsten Haddick<\/a><\/li><\/ul>\n\n\n\n<h4 class=\"wp-block-heading\">L\u00f6sungen<\/h4>\n\n\n\n<ul class=\"fade-link grey\"><li><a href=\"https:\/\/hetzelsponheuer.de\/de\/loesungen\/#wohnen-gewerbe-industrie\">Wohnen, Gewerbe und Industrie<\/a><\/li><\/ul>\n\n\n\n<h4 class=\"wp-block-heading\">Leistungen<\/h4>\n\n\n\n<ul class=\"fade-link grey\"><li><a href=\"https:\/\/hetzelsponheuer.de\/de\/leistungen\/#bewertung-und-beratung\">Bewertung und Beratung<\/a><\/li><li><a href=\"https:\/\/hetzelsponheuer.de\/de\/leistungen\/#organisation-und-baubegleitung\">Organisation und Baubegleitung<\/a><\/li><li><a href=\"https:\/\/hetzelsponheuer.de\/de\/leistungen\/#handwerk-und-technik\">Handwerk und Bautechnik<\/a><\/li><\/ul>\n\n\n\n<ul><li>Bestands- und Materialanalyse<\/li><li>Fassadensanierung<\/li><li>Fugensanierung<\/li><li>Fassadenreinigung<\/li><\/ul>\n\n\n\n<h4 class=\"wp-block-heading\">Fotos<\/h4>\n\n\n\n<ul class=\"grey link\"><li><a href=\"http:\/\/www.format-seifert.de\/\" target=\"_blank\" rel=\"noreferrer noopener\">Susanne Seifert, Dortmund<br>www.format-seifert.de<\/a><\/li><\/ul>\n\n<\/div>\n<\/div>\n<\/div>\n\n<div class=\"row x-24 md-3-9 sm-0-12 wp-block-lazyblock-inner-block lazyblock-inner-block-1DfzxM\">\n<div class=\"col wp-block-lazyblock-inner-block lazyblock-inner-block-2f9CCq\">\n<div class=\"wp-block-lazyblock-inner-block lazyblock-inner-block-Z1s8cnn\">\n\n<p>  <\/p>\n\n<\/div>\n<\/div>\n\n<div class=\"col wp-block-lazyblock-inner-block lazyblock-inner-block-1w9W4s\">\n<div class=\"wp-block-lazyblock-inner-block lazyblock-inner-block-1YtzFn\">\n\n<p class=\"logo sponheuer\">   <\/p>\n\n<\/div>\n\n\n<div style=\"height:56px\" aria-hidden=\"true\" class=\"wp-block-spacer\"><\/div>\n\n<\/div>\n<\/div>","protected":false},"excerpt":{"rendered":"","protected":false},"author":1,"featured_media":0,"parent":63,"menu_order":9,"comment_status":"closed","ping_status":"closed","template":"page-usecase.php","meta":{"footnotes":""},"yoast_head":"<!-- This site is optimized with the Yoast SEO plugin v22.6 - https:\/\/yoast.com\/wordpress\/plugins\/seo\/ -->\n<title>Umnutzung Denkmalschutz \u00b7 Stahlwerk Phoenix \u00b7 Hetzel+Sponheuer<\/title>\n<meta name=\"description\" content=\"Umnutzung der denkmalgesch\u00fctzten Industrie-Immobilie Stahlwerk Phoenix, Dortmund - Referenz f\u00fcr die Baul\u00f6sung &#039;Wohnen, Gewerbe, Industrie&#039;.\" \/>\n<meta name=\"robots\" content=\"index, follow, max-snippet:-1, max-image-preview:large, max-video-preview:-1\" \/>\n<link rel=\"canonical\" href=\"https:\/\/hetzelsponheuer.de\/de\/referenzen\/stahlwerk-phoenix-dortmund\/\" \/>\n<meta property=\"og:locale\" content=\"de_DE\" \/>\n<meta property=\"og:type\" content=\"article\" \/>\n<meta property=\"og:title\" content=\"Umnutzung Denkmalschutz \u00b7 Stahlwerk Phoenix \u00b7 Hetzel+Sponheuer\" \/>\n<meta property=\"og:description\" content=\"Umnutzung der denkmalgesch\u00fctzten Industrie-Immobilie Stahlwerk Phoenix, Dortmund - Referenz f\u00fcr die Baul\u00f6sung &#039;Wohnen, Gewerbe, Industrie&#039;.\" \/>\n<meta property=\"og:url\" content=\"https:\/\/hetzelsponheuer.de\/de\/referenzen\/stahlwerk-phoenix-dortmund\/\" \/>\n<meta property=\"og:site_name\" content=\"Hetzel+Sponheuer \u00b7 de\" \/>\n<meta property=\"article:modified_time\" content=\"2020-07-24T10:13:39+00:00\" \/>\n<meta property=\"og:image\" content=\"https:\/\/hetzelsponheuer.de\/de\/wp-content\/uploads\/sites\/2\/2019\/09\/phoenix_2024_links.jpg\" \/>\n<meta name=\"twitter:card\" content=\"summary_large_image\" \/>\n<script type=\"application\/ld+json\" class=\"yoast-schema-graph\">{\"@context\":\"https:\/\/schema.org\",\"@graph\":[{\"@type\":\"WebPage\",\"@id\":\"https:\/\/hetzelsponheuer.de\/de\/referenzen\/stahlwerk-phoenix-dortmund\/\",\"url\":\"https:\/\/hetzelsponheuer.de\/de\/referenzen\/stahlwerk-phoenix-dortmund\/\",\"name\":\"Umnutzung Denkmalschutz \u00b7 Stahlwerk Phoenix \u00b7 Hetzel+Sponheuer\",\"isPartOf\":{\"@id\":\"https:\/\/hetzelsponheuer.de\/de\/#website\"},\"primaryImageOfPage\":{\"@id\":\"https:\/\/hetzelsponheuer.de\/de\/referenzen\/stahlwerk-phoenix-dortmund\/#primaryimage\"},\"image\":{\"@id\":\"https:\/\/hetzelsponheuer.de\/de\/referenzen\/stahlwerk-phoenix-dortmund\/#primaryimage\"},\"thumbnailUrl\":\"https:\/\/hetzelsponheuer.de\/de\/wp-content\/uploads\/sites\/2\/2019\/09\/phoenix_2024_links.jpg\",\"datePublished\":\"2019-09-13T08:24:02+00:00\",\"dateModified\":\"2020-07-24T10:13:39+00:00\",\"description\":\"Umnutzung der denkmalgesch\u00fctzten Industrie-Immobilie Stahlwerk Phoenix, Dortmund - Referenz f\u00fcr die Baul\u00f6sung 'Wohnen, Gewerbe, Industrie'.\",\"breadcrumb\":{\"@id\":\"https:\/\/hetzelsponheuer.de\/de\/referenzen\/stahlwerk-phoenix-dortmund\/#breadcrumb\"},\"inLanguage\":\"de\",\"potentialAction\":[{\"@type\":\"ReadAction\",\"target\":[\"https:\/\/hetzelsponheuer.de\/de\/referenzen\/stahlwerk-phoenix-dortmund\/\"]}]},{\"@type\":\"ImageObject\",\"inLanguage\":\"de\",\"@id\":\"https:\/\/hetzelsponheuer.de\/de\/referenzen\/stahlwerk-phoenix-dortmund\/#primaryimage\",\"url\":\"https:\/\/hetzelsponheuer.de\/de\/wp-content\/uploads\/sites\/2\/2019\/09\/phoenix_2024_links.jpg\",\"contentUrl\":\"https:\/\/hetzelsponheuer.de\/de\/wp-content\/uploads\/sites\/2\/2019\/09\/phoenix_2024_links.jpg\",\"width\":373,\"height\":639},{\"@type\":\"BreadcrumbList\",\"@id\":\"https:\/\/hetzelsponheuer.de\/de\/referenzen\/stahlwerk-phoenix-dortmund\/#breadcrumb\",\"itemListElement\":[{\"@type\":\"ListItem\",\"position\":1,\"name\":\"Startseite\",\"item\":\"https:\/\/hetzelsponheuer.de\/de\/\"},{\"@type\":\"ListItem\",\"position\":2,\"name\":\"Referenzen\",\"item\":\"https:\/\/hetzelsponheuer.de\/de\/referenzen\/\"},{\"@type\":\"ListItem\",\"position\":3,\"name\":\"Stahlwerk Phoenix Dortmund\"}]},{\"@type\":\"WebSite\",\"@id\":\"https:\/\/hetzelsponheuer.de\/de\/#website\",\"url\":\"https:\/\/hetzelsponheuer.de\/de\/\",\"name\":\"Hetzel+Sponheuer \u00b7 de\",\"description\":\"L\u00f6sungen f\u00fcr Ihr Bauprojekt\",\"publisher\":{\"@id\":\"https:\/\/hetzelsponheuer.de\/de\/#organization\"},\"inLanguage\":\"de\"},{\"@type\":\"Organization\",\"@id\":\"https:\/\/hetzelsponheuer.de\/de\/#organization\",\"name\":\"Hetzel+Sponheuer GmbH & Co. KG\",\"url\":\"https:\/\/hetzelsponheuer.de\/de\/\",\"logo\":{\"@type\":\"ImageObject\",\"inLanguage\":\"de\",\"@id\":\"https:\/\/hetzelsponheuer.de\/de\/#\/schema\/logo\/image\/\",\"url\":\"https:\/\/hetzelsponheuer.de\/en\/wp-content\/uploads\/sites\/2\/2020\/02\/logo_hetzelsponheuer.png\",\"contentUrl\":\"https:\/\/hetzelsponheuer.de\/en\/wp-content\/uploads\/sites\/2\/2020\/02\/logo_hetzelsponheuer.png\",\"width\":360,\"height\":24,\"caption\":\"Hetzel+Sponheuer GmbH & Co. KG\"},\"image\":{\"@id\":\"https:\/\/hetzelsponheuer.de\/de\/#\/schema\/logo\/image\/\"},\"sameAs\":[\"https:\/\/www.linkedin.com\/company\/hetzel-sponheuer-gmbh-&amp;-co.-kg\"]}]}<\/script>\n<!-- \/ Yoast SEO plugin. -->","yoast_head_json":{"title":"Umnutzung Denkmalschutz \u00b7 Stahlwerk Phoenix \u00b7 Hetzel+Sponheuer","description":"Umnutzung der denkmalgesch\u00fctzten Industrie-Immobilie Stahlwerk Phoenix, Dortmund - Referenz f\u00fcr die Baul\u00f6sung 'Wohnen, Gewerbe, Industrie'.","robots":{"index":"index","follow":"follow","max-snippet":"max-snippet:-1","max-image-preview":"max-image-preview:large","max-video-preview":"max-video-preview:-1"},"canonical":"https:\/\/hetzelsponheuer.de\/de\/referenzen\/stahlwerk-phoenix-dortmund\/","og_locale":"de_DE","og_type":"article","og_title":"Umnutzung Denkmalschutz \u00b7 Stahlwerk Phoenix \u00b7 Hetzel+Sponheuer","og_description":"Umnutzung der denkmalgesch\u00fctzten Industrie-Immobilie Stahlwerk Phoenix, Dortmund - Referenz f\u00fcr die Baul\u00f6sung 'Wohnen, Gewerbe, Industrie'.","og_url":"https:\/\/hetzelsponheuer.de\/de\/referenzen\/stahlwerk-phoenix-dortmund\/","og_site_name":"Hetzel+Sponheuer \u00b7 de","article_modified_time":"2020-07-24T10:13:39+00:00","og_image":[{"url":"https:\/\/hetzelsponheuer.de\/de\/wp-content\/uploads\/sites\/2\/2019\/09\/phoenix_2024_links.jpg"}],"twitter_card":"summary_large_image","schema":{"@context":"https:\/\/schema.org","@graph":[{"@type":"WebPage","@id":"https:\/\/hetzelsponheuer.de\/de\/referenzen\/stahlwerk-phoenix-dortmund\/","url":"https:\/\/hetzelsponheuer.de\/de\/referenzen\/stahlwerk-phoenix-dortmund\/","name":"Umnutzung Denkmalschutz \u00b7 Stahlwerk Phoenix \u00b7 Hetzel+Sponheuer","isPartOf":{"@id":"https:\/\/hetzelsponheuer.de\/de\/#website"},"primaryImageOfPage":{"@id":"https:\/\/hetzelsponheuer.de\/de\/referenzen\/stahlwerk-phoenix-dortmund\/#primaryimage"},"image":{"@id":"https:\/\/hetzelsponheuer.de\/de\/referenzen\/stahlwerk-phoenix-dortmund\/#primaryimage"},"thumbnailUrl":"https:\/\/hetzelsponheuer.de\/de\/wp-content\/uploads\/sites\/2\/2019\/09\/phoenix_2024_links.jpg","datePublished":"2019-09-13T08:24:02+00:00","dateModified":"2020-07-24T10:13:39+00:00","description":"Umnutzung der denkmalgesch\u00fctzten Industrie-Immobilie Stahlwerk Phoenix, Dortmund - Referenz f\u00fcr die Baul\u00f6sung 'Wohnen, Gewerbe, Industrie'.","breadcrumb":{"@id":"https:\/\/hetzelsponheuer.de\/de\/referenzen\/stahlwerk-phoenix-dortmund\/#breadcrumb"},"inLanguage":"de","potentialAction":[{"@type":"ReadAction","target":["https:\/\/hetzelsponheuer.de\/de\/referenzen\/stahlwerk-phoenix-dortmund\/"]}]},{"@type":"ImageObject","inLanguage":"de","@id":"https:\/\/hetzelsponheuer.de\/de\/referenzen\/stahlwerk-phoenix-dortmund\/#primaryimage","url":"https:\/\/hetzelsponheuer.de\/de\/wp-content\/uploads\/sites\/2\/2019\/09\/phoenix_2024_links.jpg","contentUrl":"https:\/\/hetzelsponheuer.de\/de\/wp-content\/uploads\/sites\/2\/2019\/09\/phoenix_2024_links.jpg","width":373,"height":639},{"@type":"BreadcrumbList","@id":"https:\/\/hetzelsponheuer.de\/de\/referenzen\/stahlwerk-phoenix-dortmund\/#breadcrumb","itemListElement":[{"@type":"ListItem","position":1,"name":"Startseite","item":"https:\/\/hetzelsponheuer.de\/de\/"},{"@type":"ListItem","position":2,"name":"Referenzen","item":"https:\/\/hetzelsponheuer.de\/de\/referenzen\/"},{"@type":"ListItem","position":3,"name":"Stahlwerk Phoenix Dortmund"}]},{"@type":"WebSite","@id":"https:\/\/hetzelsponheuer.de\/de\/#website","url":"https:\/\/hetzelsponheuer.de\/de\/","name":"Hetzel+Sponheuer \u00b7 de","description":"L\u00f6sungen f\u00fcr Ihr Bauprojekt","publisher":{"@id":"https:\/\/hetzelsponheuer.de\/de\/#organization"},"inLanguage":"de"},{"@type":"Organization","@id":"https:\/\/hetzelsponheuer.de\/de\/#organization","name":"Hetzel+Sponheuer GmbH & Co. KG","url":"https:\/\/hetzelsponheuer.de\/de\/","logo":{"@type":"ImageObject","inLanguage":"de","@id":"https:\/\/hetzelsponheuer.de\/de\/#\/schema\/logo\/image\/","url":"https:\/\/hetzelsponheuer.de\/en\/wp-content\/uploads\/sites\/2\/2020\/02\/logo_hetzelsponheuer.png","contentUrl":"https:\/\/hetzelsponheuer.de\/en\/wp-content\/uploads\/sites\/2\/2020\/02\/logo_hetzelsponheuer.png","width":360,"height":24,"caption":"Hetzel+Sponheuer GmbH & Co. KG"},"image":{"@id":"https:\/\/hetzelsponheuer.de\/de\/#\/schema\/logo\/image\/"},"sameAs":["https:\/\/www.linkedin.com\/company\/hetzel-sponheuer-gmbh-&amp;-co.-kg"]}]}},"_links":{"self":[{"href":"https:\/\/hetzelsponheuer.de\/de\/wp-json\/wp\/v2\/pages\/3207"}],"collection":[{"href":"https:\/\/hetzelsponheuer.de\/de\/wp-json\/wp\/v2\/pages"}],"about":[{"href":"https:\/\/hetzelsponheuer.de\/de\/wp-json\/wp\/v2\/types\/page"}],"author":[{"embeddable":true,"href":"https:\/\/hetzelsponheuer.de\/de\/wp-json\/wp\/v2\/users\/1"}],"replies":[{"embeddable":true,"href":"https:\/\/hetzelsponheuer.de\/de\/wp-json\/wp\/v2\/comments?post=3207"}],"version-history":[{"count":3,"href":"https:\/\/hetzelsponheuer.de\/de\/wp-json\/wp\/v2\/pages\/3207\/revisions"}],"predecessor-version":[{"id":5551,"href":"https:\/\/hetzelsponheuer.de\/de\/wp-json\/wp\/v2\/pages\/3207\/revisions\/5551"}],"up":[{"embeddable":true,"href":"https:\/\/hetzelsponheuer.de\/de\/wp-json\/wp\/v2\/pages\/63"}],"wp:attachment":[{"href":"https:\/\/hetzelsponheuer.de\/de\/wp-json\/wp\/v2\/media?parent=3207"}],"curies":[{"name":"wp","href":"https:\/\/api.w.org\/{rel}","templated":true}]}}