{"id":3217,"date":"2019-09-13T12:48:26","date_gmt":"2019-09-13T10:48:26","guid":{"rendered":"http:\/\/hetzelsponheuer.de\/de\/?page_id=3217"},"modified":"2021-09-03T17:44:05","modified_gmt":"2021-09-03T15:44:05","slug":"starbucks-coffee-stores-bundesweit","status":"publish","type":"page","link":"https:\/\/hetzelsponheuer.de\/de\/referenzen\/starbucks-coffee-stores-bundesweit\/","title":{"rendered":"Starbucks Coffee Stores bundesweit"},"content":{"rendered":"<div class=\"banner row x-4 md-3-6-3 sm-0-12-0 wp-block-lazyblock-inner-block lazyblock-inner-block-1kSrP1\">\n<div class=\"col wp-block-lazyblock-inner-block lazyblock-inner-block-Z1da7Fw\">\n<div class=\"bg grey img wp-block-lazyblock-inner-block lazyblock-inner-block-xltxB\">\n\n<figure class=\"wp-block-image\"><img decoding=\"async\" loading=\"lazy\" width=\"373\" height=\"470\" src=\"https:\/\/hetzelsponheuer.de\/de\/wp-content\/uploads\/sites\/2\/2019\/09\/starbucks_2518_links.jpg\" alt=\"\" class=\"wp-image-3475\" srcset=\"https:\/\/hetzelsponheuer.de\/de\/wp-content\/uploads\/sites\/2\/2019\/09\/starbucks_2518_links.jpg 373w, https:\/\/hetzelsponheuer.de\/de\/wp-content\/uploads\/sites\/2\/2019\/09\/starbucks_2518_links-238x300.jpg 238w\" sizes=\"(max-width: 373px) 100vw, 373px\" \/><\/figure>\n\n<\/div>\n<\/div>\n\n<div class=\"col wp-block-lazyblock-inner-block lazyblock-inner-block-1gDVMO\">\n<div class=\"bg grey img wp-block-lazyblock-inner-block lazyblock-inner-block-25PnQc\">\n\n<figure class=\"wp-block-image\"><img decoding=\"async\" loading=\"lazy\" width=\"754\" height=\"754\" src=\"https:\/\/hetzelsponheuer.de\/de\/wp-content\/uploads\/sites\/2\/2019\/09\/starbucks_2517_mitte.jpg\" alt=\"Shopausbau bundesweit \u00b7 Starbucks Coffee Stores\" class=\"wp-image-3476\" srcset=\"https:\/\/hetzelsponheuer.de\/de\/wp-content\/uploads\/sites\/2\/2019\/09\/starbucks_2517_mitte.jpg 754w, https:\/\/hetzelsponheuer.de\/de\/wp-content\/uploads\/sites\/2\/2019\/09\/starbucks_2517_mitte-150x150.jpg 150w, https:\/\/hetzelsponheuer.de\/de\/wp-content\/uploads\/sites\/2\/2019\/09\/starbucks_2517_mitte-300x300.jpg 300w\" sizes=\"(max-width: 754px) 100vw, 754px\" \/><\/figure>\n\n<\/div>\n<\/div>\n\n<div class=\"col wp-block-lazyblock-inner-block lazyblock-inner-block-2lGT91\">\n<div class=\"bg grey  img wp-block-lazyblock-inner-block lazyblock-inner-block-Z1n79J4\">\n\n<figure class=\"wp-block-image\"><img decoding=\"async\" loading=\"lazy\" width=\"373\" height=\"754\" src=\"https:\/\/hetzelsponheuer.de\/de\/wp-content\/uploads\/sites\/2\/2019\/09\/starbucks_2517_rechts.jpg\" alt=\"Shopausbau bundesweit \u00b7 Starbucks Coffee Stores \u00b7 Detail\" class=\"wp-image-3477\" srcset=\"https:\/\/hetzelsponheuer.de\/de\/wp-content\/uploads\/sites\/2\/2019\/09\/starbucks_2517_rechts.jpg 373w, https:\/\/hetzelsponheuer.de\/de\/wp-content\/uploads\/sites\/2\/2019\/09\/starbucks_2517_rechts-148x300.jpg 148w\" sizes=\"(max-width: 373px) 100vw, 373px\" \/><\/figure>\n\n<\/div>\n<\/div>\n<\/div>\n\n<div class=\"row x-24 md-3-9 sm-0-12 wp-block-lazyblock-inner-block lazyblock-inner-block-Z1YnPRv\">\n<div class=\"col wp-block-lazyblock-inner-block lazyblock-inner-block-1KyAnM\">\n<div class=\"wp-block-lazyblock-inner-block lazyblock-inner-block-ZQJXop\">\n\n<p>  <\/p>\n\n<\/div>\n<\/div>\n\n<div class=\"col wp-block-lazyblock-inner-block lazyblock-inner-block-1k7Wmw\">\n<div class=\"head wp-block-lazyblock-inner-block lazyblock-inner-block-Z1G5WWD\">\n\n<p class=\"topline\">Shopausbauten bundesweit<\/p>\n\n\n\n<h2 class=\"h1 wp-block-heading\">Starbucks <span class=\"grey\">Coffee Stores<\/span><\/h2>\n\n<\/div>\n<\/div>\n<\/div>\n\n<div class=\"row x-24 md-3-6-3 sm-12-12-12 wp-block-lazyblock-inner-block lazyblock-inner-block-ZVfRHj\">\n<div class=\"col wp-block-lazyblock-inner-block lazyblock-inner-block-UKsF4\">\n<div class=\"wp-block-lazyblock-inner-block lazyblock-inner-block-Z1brndl\">\n\n<p class=\"md-right pl-24\"><\/p>\n\n<\/div>\n<\/div>\n\n<div class=\"col wp-block-lazyblock-inner-block lazyblock-inner-block-Z1rj4eR\">\n<div class=\"wp-block-lazyblock-inner-block lazyblock-inner-block-213Klg\">\n\n<p class=\"color\"><strong>Ein Beispiel f\u00fcr hervorragende Shopausbauten ist die Errichtung eines Starbucks in Hamburg.&nbsp;Der Store liegt an der Binnenalster gleich neben dem Vierjahreszeiten-Hotel am Neuen Jungfernstieg.&nbsp;<br>\u00dcber drei Ebenen entstand in einem historischen Ambiente ein moderner Coffee Store mit ausgefallenen Kaffee-Spezialit\u00e4ten.<\/strong><\/p>\n\n\n\n<div style=\"height:24px\" aria-hidden=\"true\" class=\"wp-block-spacer\"><\/div>\n\n\n\n<h3 class=\"h4 wp-block-heading\">Herausforderung<\/h3>\n\n\n\n<p>Alles dreht sich um den Er\u00f6ffnungstermin. Danach muss sich das gesamte Bauteam richten. Gerade bei solchen Projekten ist es notwendig, dass das Produkt &#8220;Shopausbau&#8221; sofort abgerufen werden kann, um an verschiedenen Standorten die gleiche Qualit\u00e4t bis ins kleinste Detail zu liefern. Denn der Anspruch an Ausf\u00fchrung und Design bei einer Marke wie Starbucks ist hoch. Der komplette Shopausbau unter Einbezug aller Gewerke, einschlie\u00dflich der technischen Geb\u00e4udeausr\u00fcstung, musste in einem Zeitfenster von 6 Wochen fertiggestellt werden.&nbsp;<\/p>\n\n\n\n<h3 class=\"h4 wp-block-heading\">L\u00f6sung<\/h3>\n\n\n\n<p>Unser eingespieltes Team arbeitete mit Hochdruck daran, die drei Ebenen im typischen Starbucks-Stil umzubauen. Dabei ist die absolute Pr\u00e4senz der Bauleitung vor Ort notwendig, um offene Fragen sofort zu kl\u00e4ren \u2013&nbsp;wenn n\u00f6tig rund um die Uhr.&nbsp;<\/p>\n\n\n\n<p>Im Untergeschoss befinden sich die G\u00e4ste-WCs, das gro\u00dfe Lager, das B\u00fcro des Store-Managers sowie die Personalumkleider\u00e4ume. Auch diverse Technikr\u00e4ume wurden hier eingerichtet. Im Erdgeschoss befindet sich die Sp\u00fclk\u00fcche, der Verkauf und der Gastraum mit einer Fl\u00e4che von 120 qm. Im Obergeschoss liegt als eine Art Galerie ein zus\u00e4tzlicher G\u00e4stebereich mit ca. 100 qm.&nbsp;<\/p>\n\n\n\n<p>Die historischen S\u00e4ulen und die Decke im Obergeschoss wurden w\u00e4hrend der Bauphase besonders gesch\u00fctzt und anschlie\u00dfend speziell gereinigt. Gipskartondecken und \u2013w\u00e4nde wurden in allen Geschossen angebracht und somit ein v\u00f6llig neues Raumgef\u00fchl geschaffen. Die Malerarbeiten sowie s\u00e4mtliche Bodenbelagsarbeiten wie Parkett, Teppiche und Fliesen wurden mit einem hohen Anspruch an \u00c4sthetik umgesetzt.&nbsp;<\/p>\n\n\n<div class=\"grid x24 md-col-4-4-4-row-1 wp-block-lazyblock-inner-block lazyblock-inner-block-28slpK\">\n<div class=\"bg grey img wp-block-lazyblock-inner-block lazyblock-inner-block-27yuTV\">\n\n<figure class=\"wp-block-image size-large\"><a class=\"gallery\" href=\"https:\/\/hetzelsponheuer.de\/de\/wp-content\/uploads\/sites\/2\/2019\/11\/starbucks_hh-2517.jpg\" rel=\"gallery-1\"><img decoding=\"async\" loading=\"lazy\" width=\"450\" height=\"600\" src=\"https:\/\/hetzelsponheuer.de\/de\/wp-content\/uploads\/sites\/2\/2019\/11\/starbucks_hh-2517.jpg\" alt=\"Shopausbau Verkaufsfl\u00e4che\" class=\"wp-image-4720\" srcset=\"https:\/\/hetzelsponheuer.de\/de\/wp-content\/uploads\/sites\/2\/2019\/11\/starbucks_hh-2517.jpg 450w, https:\/\/hetzelsponheuer.de\/de\/wp-content\/uploads\/sites\/2\/2019\/11\/starbucks_hh-2517-300x400.jpg 300w\" sizes=\"(max-width: 450px) 100vw, 450px\" \/><\/a><\/figure>\n\n\n\n<p class=\"figcaption\">Verkaufsfl\u00e4che<\/p>\n\n<\/div>\n\n<div class=\"bg grey img wp-block-lazyblock-inner-block lazyblock-inner-block-1qfHe4\">\n\n<figure class=\"wp-block-image size-large\"><a class=\"gallery\" href=\"https:\/\/hetzelsponheuer.de\/de\/wp-content\/uploads\/sites\/2\/2019\/11\/starbucks_hh-2313.jpg\" rel=\"gallery-1\"><img decoding=\"async\" loading=\"lazy\" width=\"450\" height=\"600\" src=\"https:\/\/hetzelsponheuer.de\/de\/wp-content\/uploads\/sites\/2\/2019\/11\/starbucks_hh-2313.jpg\" alt=\"Shopausbau Rohbau\" class=\"wp-image-4721\" srcset=\"https:\/\/hetzelsponheuer.de\/de\/wp-content\/uploads\/sites\/2\/2019\/11\/starbucks_hh-2313.jpg 450w, https:\/\/hetzelsponheuer.de\/de\/wp-content\/uploads\/sites\/2\/2019\/11\/starbucks_hh-2313-300x400.jpg 300w\" sizes=\"(max-width: 450px) 100vw, 450px\" \/><\/a><\/figure>\n\n\n\n<p class=\"figcaption\">Bauma\u00dfahme<\/p>\n\n<\/div>\n\n<div class=\"bg grey img wp-block-lazyblock-inner-block lazyblock-inner-block-Z29lE3P\">\n\n<figure class=\"wp-block-image size-large\"><a class=\"gallery\" href=\"https:\/\/hetzelsponheuer.de\/de\/wp-content\/uploads\/sites\/2\/2019\/11\/starbucks_hh-2839.jpg\" rel=\"gallery-1\"><img decoding=\"async\" loading=\"lazy\" width=\"450\" height=\"600\" src=\"https:\/\/hetzelsponheuer.de\/de\/wp-content\/uploads\/sites\/2\/2019\/11\/starbucks_hh-2839.jpg\" alt=\"Shopausbau Rohbau 2\" class=\"wp-image-4722\" srcset=\"https:\/\/hetzelsponheuer.de\/de\/wp-content\/uploads\/sites\/2\/2019\/11\/starbucks_hh-2839.jpg 450w, https:\/\/hetzelsponheuer.de\/de\/wp-content\/uploads\/sites\/2\/2019\/11\/starbucks_hh-2839-300x400.jpg 300w\" sizes=\"(max-width: 450px) 100vw, 450px\" \/><\/a><\/figure>\n\n\n\n<p class=\"figcaption\">Stahlbetonarbeiten<\/p>\n\n<\/div>\n<\/div>\n\n\n<p>Zus\u00e4tzliche Rohbauarbeiten waren n\u00f6tig, indem eine neue Nottreppe einschlie\u00dflich Deckenloch und Verst\u00e4rkungen eingebaut wurde. Der Auftraggeber konnte sich jederzeit darauf verlassen, dass trotz zeitnaher Umsetzung mit Qualit\u00e4t und Liebe f\u00fcrs Detail gearbeitet wurde.<\/p>\n\n\n\n<div style=\"height:32px\" aria-hidden=\"true\" class=\"wp-block-spacer\"><\/div>\n\n<\/div>\n<\/div>\n\n<div class=\"col wp-block-lazyblock-inner-block lazyblock-inner-block-Z2wrBd9\">\n<div class=\"wp-block-lazyblock-inner-block lazyblock-inner-block-ZiJPc3\">\n<div class=\"menu-main-menu-container\"><ul id=\"menu-main-menu\" class=\"grey\"><li id=\"menu-item-2901\" class=\"menu-item \"><a href=\"https:\/\/hetzelsponheuer.de\/de\/referenzen\/projektseiten\/\">Projektseiten<\/a><\/li>\n<li id=\"menu-item-2769\" class=\"menu-item \"><a href=\"https:\/\/hetzelsponheuer.de\/de\/referenzen\/projektliste\/\">Projektliste<\/a><\/li>\n<\/ul><\/div>\n\n\n\n<h4 class=\"wp-block-heading\">Ihr Ansprechpartner<\/h4>\n\n\n\n<ul class=\"ajx grey\"><li><a data-post-type=\"mitarbeiter\" data-display=\"fancybox\" href=\"http:\/\/stephan-berndt\">Stephan Berndt<br>Diplom-Ingenieur<\/a><\/li><\/ul>\n\n\n\n<h4 class=\"wp-block-heading\">L\u00f6sungen<\/h4>\n\n\n\n<ul class=\"fade-link grey\"><li><a href=\"https:\/\/hetzelsponheuer.de\/de\/loesungen\/einkaufscenter-ladenlokal\">Einkaufscenter und Ladenlokal<\/a><\/li><\/ul>\n\n\n\n<h4 class=\"wp-block-heading\">Leistungen<\/h4>\n\n\n\n<ul class=\"fade-link grey\"><li><a href=\"https:\/\/hetzelsponheuer.de\/de\/leistungen\/#bewertung-und-beratung\">Bewertung und Beratung<\/a><\/li><li><a href=\"https:\/\/hetzelsponheuer.de\/de\/leistungen\/#planung-und-gestaltung\">Planung und Gestaltung<\/a><\/li><li><a href=\"https:\/\/hetzelsponheuer.de\/de\/leistungen\/#organisation-und-baubegleitung\">Organisation und Baubegleitung<\/a><\/li><li><a href=\"https:\/\/hetzelsponheuer.de\/de\/leistungen\/#handwerk-und-technik\">Handwerk und Bautechnik<\/a><\/li><\/ul>\n\n\n\n<ul><li>Statik<\/li><li>Projektorganisation und Gewerkekoordinierung<\/li><li>Denkmalgerechtes Bauen<\/li><li>Technischer Brandsschutz<\/li><li>Schutz vorhandener Bausubstanz<\/li><li>Maler- und Bodenbelagsarbeiten<\/li><li>Fliesenverlegung<\/li><li>Schlosserarbeiten<\/li><\/ul>\n\n\n\n<h4 class=\"wp-block-heading\">Fotos<\/h4>\n\n\n\n<ul class=\"link grey\"><li><a href=\"http:\/\/www.format-seifert.de\/\" target=\"_blank\" rel=\"noreferrer noopener\">Susanne Seifert, Dortmund<br>www.format-seifert.de<\/a><\/li><\/ul>\n\n<\/div>\n<\/div>\n<\/div>\n\n<div class=\"row x-24 md-3-9 sm-0-12 wp-block-lazyblock-inner-block lazyblock-inner-block-2mrwsP\">\n<div class=\"col wp-block-lazyblock-inner-block lazyblock-inner-block-ZuCFTF\">\n<div class=\"wp-block-lazyblock-inner-block lazyblock-inner-block-Z1QKVGh\">\n\n<p>  <\/p>\n\n<\/div>\n<\/div>\n\n<div class=\"col wp-block-lazyblock-inner-block lazyblock-inner-block-Z1dEO6S\">\n<div class=\"wp-block-lazyblock-inner-block lazyblock-inner-block-1GrFqs\">\n\n<p class=\"logo hetzel\">   <\/p>\n\n<\/div>\n\n\n<div style=\"height:56px\" aria-hidden=\"true\" class=\"wp-block-spacer\"><\/div>\n\n<\/div>\n<\/div>","protected":false},"excerpt":{"rendered":"","protected":false},"author":1,"featured_media":0,"parent":63,"menu_order":9,"comment_status":"closed","ping_status":"closed","template":"page-usecase.php","meta":{"footnotes":""},"yoast_head":"<!-- This site is optimized with the Yoast SEO plugin v22.6 - https:\/\/yoast.com\/wordpress\/plugins\/seo\/ -->\n<title>Shopausbauten bundesweit \u00b7 Starbucks Coffee Stores \u00b7 Hetzel+Sponheuer<\/title>\n<meta name=\"description\" content=\"Shopausbauten Starbucks Coffee Stores, bundesweit - Gleiche hohe Qualt\u00e4t im Innenausbau an unterschiedlichen Standorten. Hetzel+Sponheuer Baul\u00f6sung.\" \/>\n<meta name=\"robots\" content=\"index, follow, max-snippet:-1, max-image-preview:large, max-video-preview:-1\" \/>\n<link rel=\"canonical\" href=\"https:\/\/hetzelsponheuer.de\/de\/referenzen\/starbucks-coffee-stores-bundesweit\/\" \/>\n<meta property=\"og:locale\" content=\"de_DE\" \/>\n<meta property=\"og:type\" content=\"article\" \/>\n<meta property=\"og:title\" content=\"Shopausbauten bundesweit \u00b7 Starbucks Coffee Stores \u00b7 Hetzel+Sponheuer\" \/>\n<meta property=\"og:description\" content=\"Shopausbauten Starbucks Coffee Stores, bundesweit - Gleiche hohe Qualt\u00e4t im Innenausbau an unterschiedlichen Standorten. Hetzel+Sponheuer Baul\u00f6sung.\" \/>\n<meta property=\"og:url\" content=\"https:\/\/hetzelsponheuer.de\/de\/referenzen\/starbucks-coffee-stores-bundesweit\/\" \/>\n<meta property=\"og:site_name\" content=\"Hetzel+Sponheuer \u00b7 de\" \/>\n<meta property=\"article:modified_time\" content=\"2021-09-03T15:44:05+00:00\" \/>\n<meta property=\"og:image\" content=\"https:\/\/hetzelsponheuer.de\/de\/wp-content\/uploads\/sites\/2\/2019\/09\/starbucks_2518_links.jpg\" \/>\n<meta name=\"twitter:card\" content=\"summary_large_image\" \/>\n<meta name=\"twitter:label1\" content=\"Gesch\u00e4tzte Lesezeit\" \/>\n\t<meta name=\"twitter:data1\" content=\"3\u00a0Minuten\" \/>\n<script type=\"application\/ld+json\" class=\"yoast-schema-graph\">{\"@context\":\"https:\/\/schema.org\",\"@graph\":[{\"@type\":\"WebPage\",\"@id\":\"https:\/\/hetzelsponheuer.de\/de\/referenzen\/starbucks-coffee-stores-bundesweit\/\",\"url\":\"https:\/\/hetzelsponheuer.de\/de\/referenzen\/starbucks-coffee-stores-bundesweit\/\",\"name\":\"Shopausbauten bundesweit \u00b7 Starbucks Coffee Stores \u00b7 Hetzel+Sponheuer\",\"isPartOf\":{\"@id\":\"https:\/\/hetzelsponheuer.de\/de\/#website\"},\"primaryImageOfPage\":{\"@id\":\"https:\/\/hetzelsponheuer.de\/de\/referenzen\/starbucks-coffee-stores-bundesweit\/#primaryimage\"},\"image\":{\"@id\":\"https:\/\/hetzelsponheuer.de\/de\/referenzen\/starbucks-coffee-stores-bundesweit\/#primaryimage\"},\"thumbnailUrl\":\"https:\/\/hetzelsponheuer.de\/de\/wp-content\/uploads\/sites\/2\/2019\/09\/starbucks_2518_links.jpg\",\"datePublished\":\"2019-09-13T10:48:26+00:00\",\"dateModified\":\"2021-09-03T15:44:05+00:00\",\"description\":\"Shopausbauten Starbucks Coffee Stores, bundesweit - Gleiche hohe Qualt\u00e4t im Innenausbau an unterschiedlichen Standorten. Hetzel+Sponheuer Baul\u00f6sung.\",\"breadcrumb\":{\"@id\":\"https:\/\/hetzelsponheuer.de\/de\/referenzen\/starbucks-coffee-stores-bundesweit\/#breadcrumb\"},\"inLanguage\":\"de\",\"potentialAction\":[{\"@type\":\"ReadAction\",\"target\":[\"https:\/\/hetzelsponheuer.de\/de\/referenzen\/starbucks-coffee-stores-bundesweit\/\"]}]},{\"@type\":\"ImageObject\",\"inLanguage\":\"de\",\"@id\":\"https:\/\/hetzelsponheuer.de\/de\/referenzen\/starbucks-coffee-stores-bundesweit\/#primaryimage\",\"url\":\"https:\/\/hetzelsponheuer.de\/de\/wp-content\/uploads\/sites\/2\/2019\/09\/starbucks_2518_links.jpg\",\"contentUrl\":\"https:\/\/hetzelsponheuer.de\/de\/wp-content\/uploads\/sites\/2\/2019\/09\/starbucks_2518_links.jpg\",\"width\":373,\"height\":470},{\"@type\":\"BreadcrumbList\",\"@id\":\"https:\/\/hetzelsponheuer.de\/de\/referenzen\/starbucks-coffee-stores-bundesweit\/#breadcrumb\",\"itemListElement\":[{\"@type\":\"ListItem\",\"position\":1,\"name\":\"Startseite\",\"item\":\"https:\/\/hetzelsponheuer.de\/de\/\"},{\"@type\":\"ListItem\",\"position\":2,\"name\":\"Referenzen\",\"item\":\"https:\/\/hetzelsponheuer.de\/de\/referenzen\/\"},{\"@type\":\"ListItem\",\"position\":3,\"name\":\"Starbucks Coffee Stores bundesweit\"}]},{\"@type\":\"WebSite\",\"@id\":\"https:\/\/hetzelsponheuer.de\/de\/#website\",\"url\":\"https:\/\/hetzelsponheuer.de\/de\/\",\"name\":\"Hetzel+Sponheuer \u00b7 de\",\"description\":\"L\u00f6sungen f\u00fcr Ihr Bauprojekt\",\"publisher\":{\"@id\":\"https:\/\/hetzelsponheuer.de\/de\/#organization\"},\"inLanguage\":\"de\"},{\"@type\":\"Organization\",\"@id\":\"https:\/\/hetzelsponheuer.de\/de\/#organization\",\"name\":\"Hetzel+Sponheuer GmbH & Co. KG\",\"url\":\"https:\/\/hetzelsponheuer.de\/de\/\",\"logo\":{\"@type\":\"ImageObject\",\"inLanguage\":\"de\",\"@id\":\"https:\/\/hetzelsponheuer.de\/de\/#\/schema\/logo\/image\/\",\"url\":\"https:\/\/hetzelsponheuer.de\/en\/wp-content\/uploads\/sites\/2\/2020\/02\/logo_hetzelsponheuer.png\",\"contentUrl\":\"https:\/\/hetzelsponheuer.de\/en\/wp-content\/uploads\/sites\/2\/2020\/02\/logo_hetzelsponheuer.png\",\"width\":360,\"height\":24,\"caption\":\"Hetzel+Sponheuer GmbH & Co. KG\"},\"image\":{\"@id\":\"https:\/\/hetzelsponheuer.de\/de\/#\/schema\/logo\/image\/\"},\"sameAs\":[\"https:\/\/www.linkedin.com\/company\/hetzel-sponheuer-gmbh-&amp;-co.-kg\"]}]}<\/script>\n<!-- \/ Yoast SEO plugin. -->","yoast_head_json":{"title":"Shopausbauten bundesweit \u00b7 Starbucks Coffee Stores \u00b7 Hetzel+Sponheuer","description":"Shopausbauten Starbucks Coffee Stores, bundesweit - Gleiche hohe Qualt\u00e4t im Innenausbau an unterschiedlichen Standorten. Hetzel+Sponheuer Baul\u00f6sung.","robots":{"index":"index","follow":"follow","max-snippet":"max-snippet:-1","max-image-preview":"max-image-preview:large","max-video-preview":"max-video-preview:-1"},"canonical":"https:\/\/hetzelsponheuer.de\/de\/referenzen\/starbucks-coffee-stores-bundesweit\/","og_locale":"de_DE","og_type":"article","og_title":"Shopausbauten bundesweit \u00b7 Starbucks Coffee Stores \u00b7 Hetzel+Sponheuer","og_description":"Shopausbauten Starbucks Coffee Stores, bundesweit - Gleiche hohe Qualt\u00e4t im Innenausbau an unterschiedlichen Standorten. Hetzel+Sponheuer Baul\u00f6sung.","og_url":"https:\/\/hetzelsponheuer.de\/de\/referenzen\/starbucks-coffee-stores-bundesweit\/","og_site_name":"Hetzel+Sponheuer \u00b7 de","article_modified_time":"2021-09-03T15:44:05+00:00","og_image":[{"url":"https:\/\/hetzelsponheuer.de\/de\/wp-content\/uploads\/sites\/2\/2019\/09\/starbucks_2518_links.jpg"}],"twitter_card":"summary_large_image","twitter_misc":{"Gesch\u00e4tzte Lesezeit":"3\u00a0Minuten"},"schema":{"@context":"https:\/\/schema.org","@graph":[{"@type":"WebPage","@id":"https:\/\/hetzelsponheuer.de\/de\/referenzen\/starbucks-coffee-stores-bundesweit\/","url":"https:\/\/hetzelsponheuer.de\/de\/referenzen\/starbucks-coffee-stores-bundesweit\/","name":"Shopausbauten bundesweit \u00b7 Starbucks Coffee Stores \u00b7 Hetzel+Sponheuer","isPartOf":{"@id":"https:\/\/hetzelsponheuer.de\/de\/#website"},"primaryImageOfPage":{"@id":"https:\/\/hetzelsponheuer.de\/de\/referenzen\/starbucks-coffee-stores-bundesweit\/#primaryimage"},"image":{"@id":"https:\/\/hetzelsponheuer.de\/de\/referenzen\/starbucks-coffee-stores-bundesweit\/#primaryimage"},"thumbnailUrl":"https:\/\/hetzelsponheuer.de\/de\/wp-content\/uploads\/sites\/2\/2019\/09\/starbucks_2518_links.jpg","datePublished":"2019-09-13T10:48:26+00:00","dateModified":"2021-09-03T15:44:05+00:00","description":"Shopausbauten Starbucks Coffee Stores, bundesweit - Gleiche hohe Qualt\u00e4t im Innenausbau an unterschiedlichen Standorten. Hetzel+Sponheuer Baul\u00f6sung.","breadcrumb":{"@id":"https:\/\/hetzelsponheuer.de\/de\/referenzen\/starbucks-coffee-stores-bundesweit\/#breadcrumb"},"inLanguage":"de","potentialAction":[{"@type":"ReadAction","target":["https:\/\/hetzelsponheuer.de\/de\/referenzen\/starbucks-coffee-stores-bundesweit\/"]}]},{"@type":"ImageObject","inLanguage":"de","@id":"https:\/\/hetzelsponheuer.de\/de\/referenzen\/starbucks-coffee-stores-bundesweit\/#primaryimage","url":"https:\/\/hetzelsponheuer.de\/de\/wp-content\/uploads\/sites\/2\/2019\/09\/starbucks_2518_links.jpg","contentUrl":"https:\/\/hetzelsponheuer.de\/de\/wp-content\/uploads\/sites\/2\/2019\/09\/starbucks_2518_links.jpg","width":373,"height":470},{"@type":"BreadcrumbList","@id":"https:\/\/hetzelsponheuer.de\/de\/referenzen\/starbucks-coffee-stores-bundesweit\/#breadcrumb","itemListElement":[{"@type":"ListItem","position":1,"name":"Startseite","item":"https:\/\/hetzelsponheuer.de\/de\/"},{"@type":"ListItem","position":2,"name":"Referenzen","item":"https:\/\/hetzelsponheuer.de\/de\/referenzen\/"},{"@type":"ListItem","position":3,"name":"Starbucks Coffee Stores bundesweit"}]},{"@type":"WebSite","@id":"https:\/\/hetzelsponheuer.de\/de\/#website","url":"https:\/\/hetzelsponheuer.de\/de\/","name":"Hetzel+Sponheuer \u00b7 de","description":"L\u00f6sungen f\u00fcr Ihr Bauprojekt","publisher":{"@id":"https:\/\/hetzelsponheuer.de\/de\/#organization"},"inLanguage":"de"},{"@type":"Organization","@id":"https:\/\/hetzelsponheuer.de\/de\/#organization","name":"Hetzel+Sponheuer GmbH & Co. KG","url":"https:\/\/hetzelsponheuer.de\/de\/","logo":{"@type":"ImageObject","inLanguage":"de","@id":"https:\/\/hetzelsponheuer.de\/de\/#\/schema\/logo\/image\/","url":"https:\/\/hetzelsponheuer.de\/en\/wp-content\/uploads\/sites\/2\/2020\/02\/logo_hetzelsponheuer.png","contentUrl":"https:\/\/hetzelsponheuer.de\/en\/wp-content\/uploads\/sites\/2\/2020\/02\/logo_hetzelsponheuer.png","width":360,"height":24,"caption":"Hetzel+Sponheuer GmbH & Co. KG"},"image":{"@id":"https:\/\/hetzelsponheuer.de\/de\/#\/schema\/logo\/image\/"},"sameAs":["https:\/\/www.linkedin.com\/company\/hetzel-sponheuer-gmbh-&amp;-co.-kg"]}]}},"_links":{"self":[{"href":"https:\/\/hetzelsponheuer.de\/de\/wp-json\/wp\/v2\/pages\/3217"}],"collection":[{"href":"https:\/\/hetzelsponheuer.de\/de\/wp-json\/wp\/v2\/pages"}],"about":[{"href":"https:\/\/hetzelsponheuer.de\/de\/wp-json\/wp\/v2\/types\/page"}],"author":[{"embeddable":true,"href":"https:\/\/hetzelsponheuer.de\/de\/wp-json\/wp\/v2\/users\/1"}],"replies":[{"embeddable":true,"href":"https:\/\/hetzelsponheuer.de\/de\/wp-json\/wp\/v2\/comments?post=3217"}],"version-history":[{"count":3,"href":"https:\/\/hetzelsponheuer.de\/de\/wp-json\/wp\/v2\/pages\/3217\/revisions"}],"predecessor-version":[{"id":5808,"href":"https:\/\/hetzelsponheuer.de\/de\/wp-json\/wp\/v2\/pages\/3217\/revisions\/5808"}],"up":[{"embeddable":true,"href":"https:\/\/hetzelsponheuer.de\/de\/wp-json\/wp\/v2\/pages\/63"}],"wp:attachment":[{"href":"https:\/\/hetzelsponheuer.de\/de\/wp-json\/wp\/v2\/media?parent=3217"}],"curies":[{"name":"wp","href":"https:\/\/api.w.org\/{rel}","templated":true}]}}