{"id":3227,"date":"2019-09-13T13:18:58","date_gmt":"2019-09-13T11:18:58","guid":{"rendered":"http:\/\/hetzelsponheuer.de\/de\/?page_id=3227"},"modified":"2020-06-12T12:11:20","modified_gmt":"2020-06-12T10:11:20","slug":"studenten-wohnanlage-muenster","status":"publish","type":"page","link":"https:\/\/hetzelsponheuer.de\/de\/referenzen\/studenten-wohnanlage-muenster\/","title":{"rendered":"Studenten Wohnanlage M\u00fcnster"},"content":{"rendered":"<div class=\"banner row x-4 md-3-6-3 sm-0-12-0 wp-block-lazyblock-inner-block lazyblock-inner-block-1kSrP1\">\n<div class=\"col wp-block-lazyblock-inner-block lazyblock-inner-block-Z1da7Fw\">\n<div class=\"bg grey img wp-block-lazyblock-inner-block lazyblock-inner-block-xltxB\">\n\n<figure class=\"wp-block-image\"><img decoding=\"async\" loading=\"lazy\" width=\"373\" height=\"701\" src=\"https:\/\/hetzelsponheuer.de\/de\/wp-content\/uploads\/sites\/2\/2019\/09\/swa-ms-004-links.jpg\" alt=\"Fassadebau Wohnanlage\" class=\"wp-image-3479\" srcset=\"https:\/\/hetzelsponheuer.de\/de\/wp-content\/uploads\/sites\/2\/2019\/09\/swa-ms-004-links.jpg 373w, https:\/\/hetzelsponheuer.de\/de\/wp-content\/uploads\/sites\/2\/2019\/09\/swa-ms-004-links-160x300.jpg 160w\" sizes=\"(max-width: 373px) 100vw, 373px\" \/><\/figure>\n\n<\/div>\n<\/div>\n\n<div class=\"col wp-block-lazyblock-inner-block lazyblock-inner-block-1gDVMO\">\n<div class=\"bg grey img wp-block-lazyblock-inner-block lazyblock-inner-block-25PnQc\">\n\n<figure class=\"wp-block-image\"><img decoding=\"async\" loading=\"lazy\" width=\"754\" height=\"701\" src=\"https:\/\/hetzelsponheuer.de\/de\/wp-content\/uploads\/sites\/2\/2019\/09\/swa-ms-004-mitte.jpg\" alt=\"Renovierung Wohnanlage\" class=\"wp-image-3480\" srcset=\"https:\/\/hetzelsponheuer.de\/de\/wp-content\/uploads\/sites\/2\/2019\/09\/swa-ms-004-mitte.jpg 754w, https:\/\/hetzelsponheuer.de\/de\/wp-content\/uploads\/sites\/2\/2019\/09\/swa-ms-004-mitte-300x279.jpg 300w\" sizes=\"(max-width: 754px) 100vw, 754px\" \/><\/figure>\n\n<\/div>\n<\/div>\n\n<div class=\"col wp-block-lazyblock-inner-block lazyblock-inner-block-2lGT91\">\n<div class=\"bg grey img wp-block-lazyblock-inner-block lazyblock-inner-block-Z1n79J4\">\n\n<figure class=\"wp-block-image\"><img decoding=\"async\" loading=\"lazy\" width=\"373\" height=\"701\" src=\"https:\/\/hetzelsponheuer.de\/de\/wp-content\/uploads\/sites\/2\/2019\/09\/swa-ms-004-rechts.jpg\" alt=\"Malerarbeiten Innen und Aussen - GU Wohnanlage\" class=\"wp-image-3481\" srcset=\"https:\/\/hetzelsponheuer.de\/de\/wp-content\/uploads\/sites\/2\/2019\/09\/swa-ms-004-rechts.jpg 373w, https:\/\/hetzelsponheuer.de\/de\/wp-content\/uploads\/sites\/2\/2019\/09\/swa-ms-004-rechts-160x300.jpg 160w\" sizes=\"(max-width: 373px) 100vw, 373px\" \/><\/figure>\n\n<\/div>\n<\/div>\n<\/div>\n\n<div class=\"row x-24 md-3-9 sm-0-12 wp-block-lazyblock-inner-block lazyblock-inner-block-Z1YnPRv\">\n<div class=\"col wp-block-lazyblock-inner-block lazyblock-inner-block-1KyAnM\">\n<div class=\"wp-block-lazyblock-inner-block lazyblock-inner-block-ZQJXop\">\n\n<p>  <\/p>\n\n<\/div>\n<\/div>\n\n<div class=\"col wp-block-lazyblock-inner-block lazyblock-inner-block-1k7Wmw\">\n<div class=\"head wp-block-lazyblock-inner-block lazyblock-inner-block-Z1G5WWD\">\n\n<p class=\"topline\">Sanierung Aussen und Innen<\/p>\n\n\n\n<h2 class=\"h1 wp-block-heading\">Studenten Wohnanlage <span class=\"grey\">M\u00fcnster<\/span><\/h2>\n\n<\/div>\n<\/div>\n<\/div>\n\n<div class=\"row x-24 md-3-6-3 sm-12-12-12 wp-block-lazyblock-inner-block lazyblock-inner-block-ZVfRHj\">\n<div class=\"col wp-block-lazyblock-inner-block lazyblock-inner-block-UKsF4\">\n<div class=\"wp-block-lazyblock-inner-block lazyblock-inner-block-Z1brndl\">\n\n<p class=\"md-right pl-24\"><\/p>\n\n<\/div>\n<\/div>\n\n<div class=\"col wp-block-lazyblock-inner-block lazyblock-inner-block-Z1rj4eR\">\n<div class=\"wp-block-lazyblock-inner-block lazyblock-inner-block-213Klg\">\n\n<p class=\"grey\"><strong>Die Stadt M\u00fcnster z\u00e4hlt mit etwa 49.000 Studenten zu den gro\u00dfen Hochschu\u00adlstand\u00adorten in Deutsch\u00adland.&nbsp;Die Stu\u00addenten Wohnanlage Boese\u00adlager\u00adstra\u00dfe 69-75 bietet 535 Wohn\u00adpl\u00e4tze f\u00fcr Stu\u00addie\u00adrende.<\/strong><\/p>\n\n\n\n<div style=\"height:24px\" aria-hidden=\"true\" class=\"wp-block-spacer\"><\/div>\n\n\n\n<p>Der Entwurf der Studenten-Wohnanlage wurde 2009 im Rahmen eines Lande\u00adswett\u00adbewerbs f\u00fcr inno\u00advative Wohn\u00adformen pr\u00e4miert.&nbsp;<\/p>\n\n\n\n<p>Die 2014 fertig gestellte &#8220;gr\u00f6\u00dfte Passiv\u00adhaus\u00adsied\u00adlung Euro\u00adpas&#8221; bietet in vier unter\u00adschied\u00adlich gestal\u00adteten Wohn\u00adkomplexen attrak\u00adtiven Wohn\u00adraum f\u00fcr Wohn\u00adgruppen, Einzel\u00adper\u00adsonen und studen\u00adtische Paare.<\/p>\n\n\n\n<h3 class=\"h4 wp-block-heading\">Herausforderung<\/h3>\n\n\n\n<p>Die kurze Bauzeit verlangte, dass die umfang\u00adreichen Maler-, Beschich\u00adtungs- und Tapezier\u00adarbeiten w\u00e4hrend der Bauphase auszuf\u00fchren waren.&nbsp;<\/p>\n\n\n\n<p>Auf einer Brutto\u00adgesamt\u00adfl\u00e4che von ca. 24.600 qm sollten ca. 40.000 qm Wan\u00addfl\u00e4\u00adchen tape\u00adziert und ca. 65.000 qm Wand- und Decken\u00adfl\u00e4chen beschichtet werden. Eine sch\u00f6ne Aufgabe f\u00fcr die komp\u00ade\u00adtenten Hetzel Hand\u00adwerker und eine Heraus\u00adforde\u00adrung an Dispo\u00adsition, Logistik, Bau\u00adablauf\u00adplanung und Koordi\u00adnation der Arbeiten mit ande\u00adren gleich\u00adzeitig aktiven Gewerken.<\/p>\n\n\n\n<h3 class=\"h4 wp-block-heading\">L\u00f6sung<\/h3>\n\n\n\n<p>Unser Team ist darin erfahren, auch unter erschwerten Bedin\u00adgungen hohe Qualit\u00e4ts\u00adstandards zu halten. Die handwerk\u00adlichen Kompe\u00adtenzen stehen au\u00dfer Frage. Organi\u00adsation, Planung und Dispo\u00adsition sind in zahl\u00adreichen Projekten gereift. Optimieren hei\u00dft: Voraus\u00adschauend planen &#8211; flexibel reagieren.&nbsp;<\/p>\n\n\n\n<p>So konnten auch in diesem Projekt&nbsp; unsere Hand\u00adwerker ihr handwerk\u00adliches K\u00f6nnen stressfrei&nbsp;unter Beweis stellen und nicht nur ihr F\u00fch\u00adrungs\u00adteam beeindrucken. Beispiels\u00adweise mit den decken\u00adhoch aus\u00adgef\u00fchr\u00adten geschwun\u00adgenen Ziffern, die in den Fluren das jeweilige Stockwerk anzeigen.&nbsp;<\/p>\n\n\n<div class=\"grid x24 md-col-6-6-row-1 wp-block-lazyblock-inner-block lazyblock-inner-block-2esSgs\">\n<div class=\"bg grey img wp-block-lazyblock-inner-block lazyblock-inner-block-1pan6k\">\n\n<figure class=\"wp-block-image size-large\"><a class=\"gallery\" href=\"https:\/\/hetzelsponheuer.de\/de\/wp-content\/uploads\/sites\/2\/2019\/11\/stuwo-ms-008.jpg\" rel=\"gallery-1\"><img decoding=\"async\" loading=\"lazy\" width=\"600\" height=\"400\" src=\"https:\/\/hetzelsponheuer.de\/de\/wp-content\/uploads\/sites\/2\/2019\/11\/stuwo-ms-008.jpg\" alt=\"Beschichtungen Aussen Eingangsbereich\" class=\"wp-image-4726\" srcset=\"https:\/\/hetzelsponheuer.de\/de\/wp-content\/uploads\/sites\/2\/2019\/11\/stuwo-ms-008.jpg 600w, https:\/\/hetzelsponheuer.de\/de\/wp-content\/uploads\/sites\/2\/2019\/11\/stuwo-ms-008-400x267.jpg 400w\" sizes=\"(max-width: 600px) 100vw, 600px\" \/><\/a><\/figure>\n\n\n\n<p class=\"figcaption\">Wohnanlage<\/p>\n\n<\/div>\n\n<div class=\"bg grey img wp-block-lazyblock-inner-block lazyblock-inner-block-28YFop\">\n\n<figure class=\"wp-block-image size-large\"><a class=\"gallery\" href=\"https:\/\/hetzelsponheuer.de\/de\/wp-content\/uploads\/sites\/2\/2019\/11\/stuwo-ms-036.jpg\" rel=\"gallery-1\"><img decoding=\"async\" loading=\"lazy\" width=\"600\" height=\"400\" src=\"https:\/\/hetzelsponheuer.de\/de\/wp-content\/uploads\/sites\/2\/2019\/11\/stuwo-ms-036.jpg\" alt=\"Beschichtungen Innen Flurbereiche\" class=\"wp-image-4727\" srcset=\"https:\/\/hetzelsponheuer.de\/de\/wp-content\/uploads\/sites\/2\/2019\/11\/stuwo-ms-036.jpg 600w, https:\/\/hetzelsponheuer.de\/de\/wp-content\/uploads\/sites\/2\/2019\/11\/stuwo-ms-036-400x267.jpg 400w\" sizes=\"(max-width: 600px) 100vw, 600px\" \/><\/a><\/figure>\n\n\n\n<p class=\"figcaption\">Treppenhaus<\/p>\n\n<\/div>\n\n<div class=\"bg grey img wp-block-lazyblock-inner-block lazyblock-inner-block-7p4Ah\">\n\n<figure class=\"wp-block-image size-large\"><a class=\"gallery\" href=\"https:\/\/hetzelsponheuer.de\/de\/wp-content\/uploads\/sites\/2\/2019\/11\/stuwo-ms-035.jpg\" rel=\"gallery-1\"><img decoding=\"async\" loading=\"lazy\" width=\"600\" height=\"400\" src=\"https:\/\/hetzelsponheuer.de\/de\/wp-content\/uploads\/sites\/2\/2019\/11\/stuwo-ms-035.jpg\" alt=\"Beschichtung Fassade Aussen\" class=\"wp-image-4728\" srcset=\"https:\/\/hetzelsponheuer.de\/de\/wp-content\/uploads\/sites\/2\/2019\/11\/stuwo-ms-035.jpg 600w, https:\/\/hetzelsponheuer.de\/de\/wp-content\/uploads\/sites\/2\/2019\/11\/stuwo-ms-035-400x267.jpg 400w\" sizes=\"(max-width: 600px) 100vw, 600px\" \/><\/a><\/figure>\n\n\n\n<p class=\"figcaption\">Innenhof<\/p>\n\n<\/div>\n\n<div class=\"bg grey img wp-block-lazyblock-inner-block lazyblock-inner-block-2woCxj\">\n\n<figure class=\"wp-block-image size-large\"><a class=\"gallery\" href=\"https:\/\/hetzelsponheuer.de\/de\/wp-content\/uploads\/sites\/2\/2019\/11\/stuwo-ms-032.jpg\" rel=\"gallery-1\"><img decoding=\"async\" loading=\"lazy\" width=\"600\" height=\"400\" src=\"https:\/\/hetzelsponheuer.de\/de\/wp-content\/uploads\/sites\/2\/2019\/11\/stuwo-ms-032.jpg\" alt=\"Beschichtungen Innen Treppenh\u00e4user\" class=\"wp-image-4729\" srcset=\"https:\/\/hetzelsponheuer.de\/de\/wp-content\/uploads\/sites\/2\/2019\/11\/stuwo-ms-032.jpg 600w, https:\/\/hetzelsponheuer.de\/de\/wp-content\/uploads\/sites\/2\/2019\/11\/stuwo-ms-032-400x267.jpg 400w\" sizes=\"(max-width: 600px) 100vw, 600px\" \/><\/a><\/figure>\n\n\n\n<p class=\"figcaption\">Treppenhaus<\/p>\n\n<\/div>\n<\/div>\n\n\n<p>Die F\u00fchrungs\u00admann\u00adschaft hat eben\u00adfalls ihr Bestes gegeben und orga\u00adnisa\u00adtorisch alle &#8220;Register gezogen&#8221;. Dazu z\u00e4hlte auch der Einsatz mordern\u00adster Maschi\u00adnen\u00adtechnik, um die Flexi\u00adbili\u00adt\u00e4t zu erh\u00f6\u00adhen. Denn nur kurz taten sich &#8220;Zeit\u00adfenster f\u00fcr bearbeit\u00adbare Fl\u00e4chen&#8221; an verschie\u00addensten Orten der Bau\u00adstelle auf, die sich nach kurzer Zeit wieder schlossen. Andere Gewerke wurden aktiv. Ein h\u00e4u\u00adfiger Wechsel zwischen den Geb\u00e4u\u00adden und ein Bear\u00adbeiten der Fl\u00e4chen in mehreren Arbeits\u00adg\u00e4ngen war zu managen.<\/p>\n\n\n\n<div style=\"height:32px\" aria-hidden=\"true\" class=\"wp-block-spacer\"><\/div>\n\n<\/div>\n<\/div>\n\n<div class=\"col wp-block-lazyblock-inner-block lazyblock-inner-block-Z2wrBd9\">\n<div class=\"wp-block-lazyblock-inner-block lazyblock-inner-block-ZiJPc3\">\n<div class=\"menu-main-menu-container\"><ul id=\"menu-main-menu\" class=\"grey\"><li id=\"menu-item-2901\" class=\"menu-item \"><a href=\"https:\/\/hetzelsponheuer.de\/de\/referenzen\/projektseiten\/\">Projektseiten<\/a><\/li>\n<li id=\"menu-item-2769\" class=\"menu-item \"><a href=\"https:\/\/hetzelsponheuer.de\/de\/referenzen\/projektliste\/\">Projektliste<\/a><\/li>\n<\/ul><\/div>\n\n\n\n<h4 class=\"wp-block-heading\">Ihr Ansprechpartner<\/h4>\n\n\n\n<ul class=\"link ajx grey\"><li><a href=\"carsten-haddick\" data-display=\"fancybox\" data-post-type=\"mitarbeiter\">Carsten Haddick<\/a><\/li><\/ul>\n\n\n\n<h4 class=\"wp-block-heading\">L\u00f6sungen<\/h4>\n\n\n\n<ul class=\"fade-link grey\"><li><a href=\"https:\/\/hetzelsponheuer.de\/de\/loesungen\/#wohnen-gewerbe-industrie\">Wohnen, Gewerbe und Industrie<\/a><\/li><\/ul>\n\n\n\n<h4 class=\"wp-block-heading\">Leistungen<\/h4>\n\n\n\n<ul class=\"fade-link grey\"><li><a href=\"https:\/\/hetzelsponheuer.de\/de\/leistungen\/#organisation-und-baubegleitung\">Organisation und Baubegleitung<\/a><\/li><li><a href=\"https:\/\/hetzelsponheuer.de\/de\/leistungen\/#handwerk-und-technik\">Handwerk und Bautechnik<\/a><\/li><\/ul>\n\n\n\n<ul><li>Bauorganisation<\/li><li>Materiallogistik<\/li><li>Malerarbeiten<\/li><li>Oberfl\u00e4chenbeschichtung&nbsp;<\/li><li>Tapezierarbeiten<\/li><\/ul>\n\n\n\n<h4 class=\"wp-block-heading\">Fotos<\/h4>\n\n\n\n<ul class=\"link grey\"><li><a href=\"http:\/\/www.format-seifert.de\/\" target=\"_blank\" rel=\"noreferrer noopener\">Susanne Seifert, Dortmund<br>www.format-seifert.de<\/a><\/li><\/ul>\n\n<\/div>\n<\/div>\n<\/div>\n\n<div class=\"row x-24 md-3-9 sm-0-12 wp-block-lazyblock-inner-block lazyblock-inner-block-2mrwsP\">\n<div class=\"col wp-block-lazyblock-inner-block lazyblock-inner-block-ZuCFTF\">\n<div class=\"wp-block-lazyblock-inner-block lazyblock-inner-block-Z1QKVGh\">\n\n<p>  <\/p>\n\n<\/div>\n<\/div>\n\n<div class=\"col wp-block-lazyblock-inner-block lazyblock-inner-block-Z1dEO6S\">\n<div class=\"wp-block-lazyblock-inner-block lazyblock-inner-block-1GrFqs\">\n\n<p class=\"logo hetzel\">   <\/p>\n\n<\/div>\n\n\n<div style=\"height:56px\" aria-hidden=\"true\" class=\"wp-block-spacer\"><\/div>\n\n<\/div>\n<\/div>","protected":false},"excerpt":{"rendered":"","protected":false},"author":1,"featured_media":0,"parent":63,"menu_order":9,"comment_status":"closed","ping_status":"closed","template":"page-usecase.php","meta":{"footnotes":""},"yoast_head":"<!-- This site is optimized with the Yoast SEO plugin v22.6 - https:\/\/yoast.com\/wordpress\/plugins\/seo\/ -->\n<title>Beschichtungen Aussen und Innen \u00b7 Studenten Wohnanlage M\u00fcnster<\/title>\n<meta name=\"description\" content=\"Beschichtungen, Fassadenarbeiten, Maler- und Tapezierarbeiten bei einem Gro\u00dfprojekt optimiert planen, organisieren, begleiten und ausf\u00fchren. Baul\u00f6sungen ...\" \/>\n<meta name=\"robots\" content=\"index, follow, max-snippet:-1, max-image-preview:large, max-video-preview:-1\" \/>\n<link rel=\"canonical\" href=\"https:\/\/hetzelsponheuer.de\/de\/referenzen\/studenten-wohnanlage-muenster\/\" \/>\n<meta property=\"og:locale\" content=\"de_DE\" \/>\n<meta property=\"og:type\" content=\"article\" \/>\n<meta property=\"og:title\" content=\"Beschichtungen Aussen und Innen \u00b7 Studenten Wohnanlage M\u00fcnster\" \/>\n<meta property=\"og:description\" content=\"Beschichtungen, Fassadenarbeiten, Maler- und Tapezierarbeiten bei einem Gro\u00dfprojekt optimiert planen, organisieren, begleiten und ausf\u00fchren. Baul\u00f6sungen ...\" \/>\n<meta property=\"og:url\" content=\"https:\/\/hetzelsponheuer.de\/de\/referenzen\/studenten-wohnanlage-muenster\/\" \/>\n<meta property=\"og:site_name\" content=\"Hetzel+Sponheuer \u00b7 de\" \/>\n<meta property=\"article:modified_time\" content=\"2020-06-12T10:11:20+00:00\" \/>\n<meta property=\"og:image\" content=\"https:\/\/hetzelsponheuer.de\/de\/wp-content\/uploads\/sites\/2\/2019\/09\/swa-ms-004-links.jpg\" \/>\n<meta name=\"twitter:card\" content=\"summary_large_image\" \/>\n<script type=\"application\/ld+json\" class=\"yoast-schema-graph\">{\"@context\":\"https:\/\/schema.org\",\"@graph\":[{\"@type\":\"WebPage\",\"@id\":\"https:\/\/hetzelsponheuer.de\/de\/referenzen\/studenten-wohnanlage-muenster\/\",\"url\":\"https:\/\/hetzelsponheuer.de\/de\/referenzen\/studenten-wohnanlage-muenster\/\",\"name\":\"Beschichtungen Aussen und Innen \u00b7 Studenten Wohnanlage M\u00fcnster\",\"isPartOf\":{\"@id\":\"https:\/\/hetzelsponheuer.de\/de\/#website\"},\"primaryImageOfPage\":{\"@id\":\"https:\/\/hetzelsponheuer.de\/de\/referenzen\/studenten-wohnanlage-muenster\/#primaryimage\"},\"image\":{\"@id\":\"https:\/\/hetzelsponheuer.de\/de\/referenzen\/studenten-wohnanlage-muenster\/#primaryimage\"},\"thumbnailUrl\":\"https:\/\/hetzelsponheuer.de\/de\/wp-content\/uploads\/sites\/2\/2019\/09\/swa-ms-004-links.jpg\",\"datePublished\":\"2019-09-13T11:18:58+00:00\",\"dateModified\":\"2020-06-12T10:11:20+00:00\",\"description\":\"Beschichtungen, Fassadenarbeiten, Maler- und Tapezierarbeiten bei einem Gro\u00dfprojekt optimiert planen, organisieren, begleiten und ausf\u00fchren. Baul\u00f6sungen ...\",\"breadcrumb\":{\"@id\":\"https:\/\/hetzelsponheuer.de\/de\/referenzen\/studenten-wohnanlage-muenster\/#breadcrumb\"},\"inLanguage\":\"de\",\"potentialAction\":[{\"@type\":\"ReadAction\",\"target\":[\"https:\/\/hetzelsponheuer.de\/de\/referenzen\/studenten-wohnanlage-muenster\/\"]}]},{\"@type\":\"ImageObject\",\"inLanguage\":\"de\",\"@id\":\"https:\/\/hetzelsponheuer.de\/de\/referenzen\/studenten-wohnanlage-muenster\/#primaryimage\",\"url\":\"https:\/\/hetzelsponheuer.de\/de\/wp-content\/uploads\/sites\/2\/2019\/09\/swa-ms-004-links.jpg\",\"contentUrl\":\"https:\/\/hetzelsponheuer.de\/de\/wp-content\/uploads\/sites\/2\/2019\/09\/swa-ms-004-links.jpg\",\"width\":373,\"height\":701},{\"@type\":\"BreadcrumbList\",\"@id\":\"https:\/\/hetzelsponheuer.de\/de\/referenzen\/studenten-wohnanlage-muenster\/#breadcrumb\",\"itemListElement\":[{\"@type\":\"ListItem\",\"position\":1,\"name\":\"Startseite\",\"item\":\"https:\/\/hetzelsponheuer.de\/de\/\"},{\"@type\":\"ListItem\",\"position\":2,\"name\":\"Referenzen\",\"item\":\"https:\/\/hetzelsponheuer.de\/de\/referenzen\/\"},{\"@type\":\"ListItem\",\"position\":3,\"name\":\"Studenten Wohnanlage M\u00fcnster\"}]},{\"@type\":\"WebSite\",\"@id\":\"https:\/\/hetzelsponheuer.de\/de\/#website\",\"url\":\"https:\/\/hetzelsponheuer.de\/de\/\",\"name\":\"Hetzel+Sponheuer \u00b7 de\",\"description\":\"L\u00f6sungen f\u00fcr Ihr Bauprojekt\",\"publisher\":{\"@id\":\"https:\/\/hetzelsponheuer.de\/de\/#organization\"},\"inLanguage\":\"de\"},{\"@type\":\"Organization\",\"@id\":\"https:\/\/hetzelsponheuer.de\/de\/#organization\",\"name\":\"Hetzel+Sponheuer GmbH & Co. KG\",\"url\":\"https:\/\/hetzelsponheuer.de\/de\/\",\"logo\":{\"@type\":\"ImageObject\",\"inLanguage\":\"de\",\"@id\":\"https:\/\/hetzelsponheuer.de\/de\/#\/schema\/logo\/image\/\",\"url\":\"https:\/\/hetzelsponheuer.de\/en\/wp-content\/uploads\/sites\/2\/2020\/02\/logo_hetzelsponheuer.png\",\"contentUrl\":\"https:\/\/hetzelsponheuer.de\/en\/wp-content\/uploads\/sites\/2\/2020\/02\/logo_hetzelsponheuer.png\",\"width\":360,\"height\":24,\"caption\":\"Hetzel+Sponheuer GmbH & Co. KG\"},\"image\":{\"@id\":\"https:\/\/hetzelsponheuer.de\/de\/#\/schema\/logo\/image\/\"},\"sameAs\":[\"https:\/\/www.linkedin.com\/company\/hetzel-sponheuer-gmbh-&amp;-co.-kg\"]}]}<\/script>\n<!-- \/ Yoast SEO plugin. -->","yoast_head_json":{"title":"Beschichtungen Aussen und Innen \u00b7 Studenten Wohnanlage M\u00fcnster","description":"Beschichtungen, Fassadenarbeiten, Maler- und Tapezierarbeiten bei einem Gro\u00dfprojekt optimiert planen, organisieren, begleiten und ausf\u00fchren. Baul\u00f6sungen ...","robots":{"index":"index","follow":"follow","max-snippet":"max-snippet:-1","max-image-preview":"max-image-preview:large","max-video-preview":"max-video-preview:-1"},"canonical":"https:\/\/hetzelsponheuer.de\/de\/referenzen\/studenten-wohnanlage-muenster\/","og_locale":"de_DE","og_type":"article","og_title":"Beschichtungen Aussen und Innen \u00b7 Studenten Wohnanlage M\u00fcnster","og_description":"Beschichtungen, Fassadenarbeiten, Maler- und Tapezierarbeiten bei einem Gro\u00dfprojekt optimiert planen, organisieren, begleiten und ausf\u00fchren. Baul\u00f6sungen ...","og_url":"https:\/\/hetzelsponheuer.de\/de\/referenzen\/studenten-wohnanlage-muenster\/","og_site_name":"Hetzel+Sponheuer \u00b7 de","article_modified_time":"2020-06-12T10:11:20+00:00","og_image":[{"url":"https:\/\/hetzelsponheuer.de\/de\/wp-content\/uploads\/sites\/2\/2019\/09\/swa-ms-004-links.jpg"}],"twitter_card":"summary_large_image","schema":{"@context":"https:\/\/schema.org","@graph":[{"@type":"WebPage","@id":"https:\/\/hetzelsponheuer.de\/de\/referenzen\/studenten-wohnanlage-muenster\/","url":"https:\/\/hetzelsponheuer.de\/de\/referenzen\/studenten-wohnanlage-muenster\/","name":"Beschichtungen Aussen und Innen \u00b7 Studenten Wohnanlage M\u00fcnster","isPartOf":{"@id":"https:\/\/hetzelsponheuer.de\/de\/#website"},"primaryImageOfPage":{"@id":"https:\/\/hetzelsponheuer.de\/de\/referenzen\/studenten-wohnanlage-muenster\/#primaryimage"},"image":{"@id":"https:\/\/hetzelsponheuer.de\/de\/referenzen\/studenten-wohnanlage-muenster\/#primaryimage"},"thumbnailUrl":"https:\/\/hetzelsponheuer.de\/de\/wp-content\/uploads\/sites\/2\/2019\/09\/swa-ms-004-links.jpg","datePublished":"2019-09-13T11:18:58+00:00","dateModified":"2020-06-12T10:11:20+00:00","description":"Beschichtungen, Fassadenarbeiten, Maler- und Tapezierarbeiten bei einem Gro\u00dfprojekt optimiert planen, organisieren, begleiten und ausf\u00fchren. Baul\u00f6sungen ...","breadcrumb":{"@id":"https:\/\/hetzelsponheuer.de\/de\/referenzen\/studenten-wohnanlage-muenster\/#breadcrumb"},"inLanguage":"de","potentialAction":[{"@type":"ReadAction","target":["https:\/\/hetzelsponheuer.de\/de\/referenzen\/studenten-wohnanlage-muenster\/"]}]},{"@type":"ImageObject","inLanguage":"de","@id":"https:\/\/hetzelsponheuer.de\/de\/referenzen\/studenten-wohnanlage-muenster\/#primaryimage","url":"https:\/\/hetzelsponheuer.de\/de\/wp-content\/uploads\/sites\/2\/2019\/09\/swa-ms-004-links.jpg","contentUrl":"https:\/\/hetzelsponheuer.de\/de\/wp-content\/uploads\/sites\/2\/2019\/09\/swa-ms-004-links.jpg","width":373,"height":701},{"@type":"BreadcrumbList","@id":"https:\/\/hetzelsponheuer.de\/de\/referenzen\/studenten-wohnanlage-muenster\/#breadcrumb","itemListElement":[{"@type":"ListItem","position":1,"name":"Startseite","item":"https:\/\/hetzelsponheuer.de\/de\/"},{"@type":"ListItem","position":2,"name":"Referenzen","item":"https:\/\/hetzelsponheuer.de\/de\/referenzen\/"},{"@type":"ListItem","position":3,"name":"Studenten Wohnanlage M\u00fcnster"}]},{"@type":"WebSite","@id":"https:\/\/hetzelsponheuer.de\/de\/#website","url":"https:\/\/hetzelsponheuer.de\/de\/","name":"Hetzel+Sponheuer \u00b7 de","description":"L\u00f6sungen f\u00fcr Ihr Bauprojekt","publisher":{"@id":"https:\/\/hetzelsponheuer.de\/de\/#organization"},"inLanguage":"de"},{"@type":"Organization","@id":"https:\/\/hetzelsponheuer.de\/de\/#organization","name":"Hetzel+Sponheuer GmbH & Co. KG","url":"https:\/\/hetzelsponheuer.de\/de\/","logo":{"@type":"ImageObject","inLanguage":"de","@id":"https:\/\/hetzelsponheuer.de\/de\/#\/schema\/logo\/image\/","url":"https:\/\/hetzelsponheuer.de\/en\/wp-content\/uploads\/sites\/2\/2020\/02\/logo_hetzelsponheuer.png","contentUrl":"https:\/\/hetzelsponheuer.de\/en\/wp-content\/uploads\/sites\/2\/2020\/02\/logo_hetzelsponheuer.png","width":360,"height":24,"caption":"Hetzel+Sponheuer GmbH & Co. KG"},"image":{"@id":"https:\/\/hetzelsponheuer.de\/de\/#\/schema\/logo\/image\/"},"sameAs":["https:\/\/www.linkedin.com\/company\/hetzel-sponheuer-gmbh-&amp;-co.-kg"]}]}},"_links":{"self":[{"href":"https:\/\/hetzelsponheuer.de\/de\/wp-json\/wp\/v2\/pages\/3227"}],"collection":[{"href":"https:\/\/hetzelsponheuer.de\/de\/wp-json\/wp\/v2\/pages"}],"about":[{"href":"https:\/\/hetzelsponheuer.de\/de\/wp-json\/wp\/v2\/types\/page"}],"author":[{"embeddable":true,"href":"https:\/\/hetzelsponheuer.de\/de\/wp-json\/wp\/v2\/users\/1"}],"replies":[{"embeddable":true,"href":"https:\/\/hetzelsponheuer.de\/de\/wp-json\/wp\/v2\/comments?post=3227"}],"version-history":[{"count":3,"href":"https:\/\/hetzelsponheuer.de\/de\/wp-json\/wp\/v2\/pages\/3227\/revisions"}],"predecessor-version":[{"id":5452,"href":"https:\/\/hetzelsponheuer.de\/de\/wp-json\/wp\/v2\/pages\/3227\/revisions\/5452"}],"up":[{"embeddable":true,"href":"https:\/\/hetzelsponheuer.de\/de\/wp-json\/wp\/v2\/pages\/63"}],"wp:attachment":[{"href":"https:\/\/hetzelsponheuer.de\/de\/wp-json\/wp\/v2\/media?parent=3227"}],"curies":[{"name":"wp","href":"https:\/\/api.w.org\/{rel}","templated":true}]}}