{"id":3233,"date":"2019-09-13T13:34:54","date_gmt":"2019-09-13T11:34:54","guid":{"rendered":"http:\/\/hetzelsponheuer.de\/de\/?page_id=3233"},"modified":"2022-04-12T14:27:39","modified_gmt":"2022-04-12T12:27:39","slug":"tiefgarage-sparkasse-duisburg","status":"publish","type":"page","link":"https:\/\/hetzelsponheuer.de\/de\/referenzen\/tiefgarage-sparkasse-duisburg\/","title":{"rendered":"Tiefgarage Sparkasse Duisburg"},"content":{"rendered":"<div class=\"banner row x-4 md-3-6-3 sm-0-12-0 wp-block-lazyblock-inner-block lazyblock-inner-block-1kSrP1\">\n<div class=\"col wp-block-lazyblock-inner-block lazyblock-inner-block-Z1da7Fw\">\n<div class=\"bg grey img wp-block-lazyblock-inner-block lazyblock-inner-block-xltxB\">\n\n<figure class=\"wp-block-image\"><img decoding=\"async\" loading=\"lazy\" width=\"373\" height=\"743\" src=\"https:\/\/hetzelsponheuer.de\/de\/wp-content\/uploads\/sites\/2\/2019\/09\/tiefgarage-duisburg-331-links.jpg\" alt=\"Sanierung Tiefgarage Parkdeck\" class=\"wp-image-3486\" srcset=\"https:\/\/hetzelsponheuer.de\/de\/wp-content\/uploads\/sites\/2\/2019\/09\/tiefgarage-duisburg-331-links.jpg 373w, https:\/\/hetzelsponheuer.de\/de\/wp-content\/uploads\/sites\/2\/2019\/09\/tiefgarage-duisburg-331-links-151x300.jpg 151w\" sizes=\"(max-width: 373px) 100vw, 373px\" \/><\/figure>\n\n<\/div>\n<\/div>\n\n<div class=\"col wp-block-lazyblock-inner-block lazyblock-inner-block-1gDVMO\">\n<div class=\"bg grey img wp-block-lazyblock-inner-block lazyblock-inner-block-25PnQc\">\n\n<figure class=\"wp-block-image\"><img decoding=\"async\" loading=\"lazy\" width=\"754\" height=\"743\" src=\"https:\/\/hetzelsponheuer.de\/de\/wp-content\/uploads\/sites\/2\/2019\/09\/tiefgarage-duisburg-331-mitte.jpg\" alt=\"Sanierung Parkhaus\" class=\"wp-image-3487\" srcset=\"https:\/\/hetzelsponheuer.de\/de\/wp-content\/uploads\/sites\/2\/2019\/09\/tiefgarage-duisburg-331-mitte.jpg 754w, https:\/\/hetzelsponheuer.de\/de\/wp-content\/uploads\/sites\/2\/2019\/09\/tiefgarage-duisburg-331-mitte-300x296.jpg 300w\" sizes=\"(max-width: 754px) 100vw, 754px\" \/><\/figure>\n\n<\/div>\n<\/div>\n\n<div class=\"col wp-block-lazyblock-inner-block lazyblock-inner-block-2lGT91\">\n<div class=\"bg grey img wp-block-lazyblock-inner-block lazyblock-inner-block-Z1n79J4\">\n\n<figure class=\"wp-block-image\"><img decoding=\"async\" loading=\"lazy\" width=\"373\" height=\"743\" src=\"https:\/\/hetzelsponheuer.de\/de\/wp-content\/uploads\/sites\/2\/2019\/09\/tiefgarage-duisburg-331-rechts.jpg\" alt=\"Sanierung Parkdeck Tiefgarage\" class=\"wp-image-3488\" srcset=\"https:\/\/hetzelsponheuer.de\/de\/wp-content\/uploads\/sites\/2\/2019\/09\/tiefgarage-duisburg-331-rechts.jpg 373w, https:\/\/hetzelsponheuer.de\/de\/wp-content\/uploads\/sites\/2\/2019\/09\/tiefgarage-duisburg-331-rechts-151x300.jpg 151w\" sizes=\"(max-width: 373px) 100vw, 373px\" \/><\/figure>\n\n<\/div>\n<\/div>\n<\/div>\n\n<div class=\"row x-24 md-3-9 sm-0-12 wp-block-lazyblock-inner-block lazyblock-inner-block-Z1YnPRv\">\n<div class=\"col wp-block-lazyblock-inner-block lazyblock-inner-block-1KyAnM\">\n<div class=\"wp-block-lazyblock-inner-block lazyblock-inner-block-ZQJXop\">\n\n<p>  <\/p>\n\n<\/div>\n<\/div>\n\n<div class=\"col wp-block-lazyblock-inner-block lazyblock-inner-block-1k7Wmw\">\n<div class=\"head wp-block-lazyblock-inner-block lazyblock-inner-block-Z1G5WWD\">\n\n<p class=\"topline\">Sanierung Tiefgarage<\/p>\n\n\n\n<h2 class=\"h1 wp-block-heading\">Sparkasse <span class=\"grey\">Duisburg<\/span><\/h2>\n\n<\/div>\n<\/div>\n<\/div>\n\n<div class=\"row x-24 md-3-6-3 sm-12-12-12 wp-block-lazyblock-inner-block lazyblock-inner-block-ZVfRHj\">\n<div class=\"col wp-block-lazyblock-inner-block lazyblock-inner-block-UKsF4\">\n<div class=\"wp-block-lazyblock-inner-block lazyblock-inner-block-Z1brndl\">\n\n<p class=\"md-right pl-24\"><\/p>\n\n<\/div>\n<\/div>\n\n<div class=\"col wp-block-lazyblock-inner-block lazyblock-inner-block-Z1rj4eR\">\n<div class=\"wp-block-lazyblock-inner-block lazyblock-inner-block-213Klg\">\n\n<p><strong>Beim Kuhlenwall-Karree handelt es sich um ein mehrgeschossiges B\u00fcrogeb\u00e4ude. Die beiden Untergeschosse bilden mit einer Fl\u00e4che von ca. 3.500 qm je Etage die Tiefgarage. Die Zufahrt erfolgt \u00fcber eine Zufahrts- und eine Ausfahrtsrampe.<\/strong><\/p>\n\n\n\n<p><strong>In der Projektierungsphase wurde seitens des Auftraggebers ein sachver\u00adst\u00e4ndiger Planer mit einge\u00adbunden, der f\u00fcr die Be\u00adton\u00adinstand\u00adsetzungs\u00adarbei\u00adten diverse Analysen und Vor\u00adunter\u00adsuchun\u00adgen, wie die Bestim\u00admung des Chlorid\u00adgehal\u00adtes, Druck\u00adfestig\u00adkeit etc. , durch\u00adgef\u00fchrt hat. Auf dieser Basis wurde ein Instand\u00adsetzungs\u00adkonzept erarbeitet, auf dessen Grundlage unsere Fachleute die Beton\u00adinstand\u00adsetzungs\u00adarbeiten durch\u00adgef\u00fchrt haben.<\/strong><\/p>\n\n\n\n<div style=\"height:24px\" aria-hidden=\"true\" class=\"wp-block-spacer\"><\/div>\n\n\n\n<h3 class=\"h4 wp-block-heading\">Herausforderung<\/h3>\n\n\n\n<p>Im Geb\u00e4ude der Bauma\u00df\u00adnahme befindet sich der Haupt\u00adserver un\u00adse\u00adres Kunden. Die hoch\u00adkomplexe Technik durfte unter keinen Um\u00adst\u00e4nden Ersch\u00fct\u00adte\u00adrungen ausge\u00adsetzt werden. Eben\u00adfalls eine gro\u00dfe Heraus\u00adforde\u00adrung stell\u00adten die Arbeiten zur Ent\u00adfernung der chlorid\u00adbelasteten Beton\u00adfl\u00e4chen im H\u00f6chst\u00addruck\u00adwasser\u00adstrahl\u00adver\u00adfahren dar. Diese Arbeiten werden in der Regel auf Boden\u00adfl\u00e4chen mit Strahl\u00adrobotern ausge\u00adf\u00fchrt. Hierbei fallen Wasser\u00admassen von bis zu 4000 Litern pro Stunde an, welche aufgefangen und fachgerecht entsorgt werden m\u00fcssen.&nbsp;<\/p>\n\n\n\n<h3 class=\"h4 wp-block-heading\">L\u00f6sung<\/h3>\n\n\n\n<p>Um den Sever auch w\u00e4hrend der Beton\u00adinstand\u00adsetzungs\u00adarbei\u00adten 24 Stunden in Betrieb zu halten, wurden im Vorfeld Probe\u00adfr\u00e4\u00adsungen und Probe\u00adstrah\u00adlungen durch\u00adgef\u00fchrt. Hierbei wurde durch unseren Auftrag\u00adgeber ein Schwingungs\u00adgut\u00adachten erstellt und w\u00e4hrend der Probe\u00adarbeiten ein Not\u00adserver ein\u00adgerich\u00adtet. Die durch unsere Arbei\u00adten angefal\u00adlenen Schwin\u00adgun\u00adgen bzw. Ersch\u00fct\u00adterun\u00adgen lagen im unkriti\u00adschen Bereich, so dass die Arbeiten ent\u00adsprechend der Planung durch\u00adgef\u00fchrt werden konnten und keine weiteren Schutz\u00adma\u00df\u00adnahmen erforder\u00adlich wurden. F\u00fcr die H\u00f6chst\u00addruck\u00adwasser\u00adstrahl\u00adarbei\u00adten wurde ein ca. 30 cbm gro\u00dfer, im Bestand vorhan\u00addener Instal\u00adlations\u00adkanal in drei Kammern unter\u00adteilt, so dass dieser sich in der Boden\u00adplatte befind\u00adliche Kanal als Auffang\u00adbecken f\u00fcr das anfal\u00adlende Schmutz\u00adwasser diente. Vor der Einlei\u00adtung in den Misch\u00adwasser\u00adkanal wurde das Abwasser aus dem Unter\u00adgeschoss in das Erd\u00adgeschoss gepumpt und dort mit Hilfe einer mobilen Filter- und Klein\u00adkl\u00e4r\u00adanlage gereinigt. Zur Qualit\u00e4ts\u00adsiche\u00adrung der Beton\u00adinstand\u00adset\u00adzung, es handelte sich um statisch relevante Beton\u00adsch\u00e4den, wurden die Ma\u00df\u00adnahmen fremd\u00ad\u00fcberwacht.<\/p>\n\n\n\n<div style=\"height:20px\" aria-hidden=\"true\" class=\"wp-block-spacer\"><\/div>\n\n\n\n<h4 class=\"wp-block-heading\">Ausgef\u00fchrte Arbeiten<\/h4>\n\n\n\n<ul class=\"border\"><li>R\u00fcckbau des Bestandsestrichs im Fr\u00e4sverfahren<\/li><li>Abst\u00fctzen der gesamten Tiefgaragenfl\u00e4che in einem St\u00fctzraster von 1,40 m x 1,40 m&nbsp;<\/li><li>Entfernen des chlorid\u00adbelas\u00adteten Betons im H\u00f6chst\u00addruck\u00adwasser\u00adstrahl\u00adverfahren<\/li><li>Strahl- und Passivierungs\u00adarbeiten an den Beweh\u00adrungs\u00adst\u00e4hlen<\/li><li>Herstellen von geschwei\u00dften Bewehrungs\u00adan\u00adschl\u00fcssen&nbsp;<\/li><li>Aufm\u00f6rteln der Schadstellen mit statisch anrechenbarem PCC-M\u00f6rtel (M3-M\u00f6rtel)<\/li><li>Montage von Dehnungsfugen<\/li><li>Aufbringen eines Industrie\u00adestrichs mit anschlie\u00ad\u00dfendem Oberfl\u00e4chen\u00adschutzsystem (OS 8 und OS 11) sowie Herstellen aller dazu\u00adgeh\u00f6\u00adrigen Anschl\u00fcsse<\/li><\/ul>\n\n\n\n<div style=\"height:40px\" aria-hidden=\"true\" class=\"wp-block-spacer\"><\/div>\n\n<\/div>\n<\/div>\n\n<div class=\"col wp-block-lazyblock-inner-block lazyblock-inner-block-Z2wrBd9\">\n<div class=\"wp-block-lazyblock-inner-block lazyblock-inner-block-ZiJPc3\">\n<div class=\"menu-main-menu-container\"><ul id=\"menu-main-menu\" class=\"grey\"><li id=\"menu-item-2901\" class=\"menu-item \"><a href=\"https:\/\/hetzelsponheuer.de\/de\/referenzen\/projektseiten\/\">Projektseiten<\/a><\/li>\n<li id=\"menu-item-2769\" class=\"menu-item \"><a href=\"https:\/\/hetzelsponheuer.de\/de\/referenzen\/projektliste\/\">Projektliste<\/a><\/li>\n<\/ul><\/div>\n\n\n\n<h4 class=\"wp-block-heading\">Ihr Ansprechpartner<\/h4>\n\n\n\n<ul class=\"link ajx grey\"><li><a data-post-type=\"mitarbeiter\" data-display=\"fancybox\" href=\"https:\/\/hetzelsponheuer.de\/de\/mitarbeiter\/dirk-aschenbeck\">Dirk Aschenbeck<\/a><\/li><\/ul>\n\n\n\n<h4 class=\"wp-block-heading\">L\u00f6sungen<\/h4>\n\n\n\n<ul class=\"fade-link grey\"><li><a href=\"https:\/\/hetzelsponheuer.de\/de\/loesungen\/bauwerterhaltung-denkmalschutz\/\">Bauwerterhaltung Denkmalschutz<\/a><\/li><\/ul>\n\n\n\n<h4 class=\"wp-block-heading\">Leistungen<\/h4>\n\n\n\n<ul class=\"fade-link grey\"><li><a href=\"https:\/\/hetzelsponheuer.de\/de\/leistungen\/#organisation-und-baubegleitung\">Organisation und Baubegleitung<\/a><\/li><li><a href=\"https:\/\/hetzelsponheuer.de\/de\/leistungen\/#handwerk-und-technik\">Handwerk und Bautechnik<\/a><\/li><\/ul>\n\n\n\n<h4 class=\"wp-block-heading\">Fotos<\/h4>\n\n\n\n<ul><li>Astrid Theisen<\/li><\/ul>\n\n\n\n<div style=\"height:48px\" aria-hidden=\"true\" class=\"wp-block-spacer\"><\/div>\n\n<\/div>\n<\/div>\n<\/div>\n\n<div class=\"row x-24 md-3-9 sm-0-12 wp-block-lazyblock-inner-block lazyblock-inner-block-1DfzxM\">\n<div class=\"col wp-block-lazyblock-inner-block lazyblock-inner-block-2f9CCq\">\n<div class=\"wp-block-lazyblock-inner-block lazyblock-inner-block-Z1s8cnn\">\n\n<p>  <\/p>\n\n<\/div>\n<\/div>\n\n<div class=\"col wp-block-lazyblock-inner-block lazyblock-inner-block-1w9W4s\">\n<div class=\"wp-block-lazyblock-inner-block lazyblock-inner-block-1YtzFn\">\n\n<p class=\"logo sponheuer\">   <\/p>\n\n<\/div>\n\n\n<div style=\"height:56px\" aria-hidden=\"true\" class=\"wp-block-spacer\"><\/div>\n\n<\/div>\n<\/div>","protected":false},"excerpt":{"rendered":"","protected":false},"author":1,"featured_media":0,"parent":63,"menu_order":9,"comment_status":"closed","ping_status":"closed","template":"page-usecase.php","meta":{"footnotes":""},"yoast_head":"<!-- This site is optimized with the Yoast SEO plugin v22.6 - https:\/\/yoast.com\/wordpress\/plugins\/seo\/ -->\n<title>Sanierung Tiefgarage Parkdeck \u00b7 Sparkasse Duisburg \u00b7 Hetzel+Sponheuer<\/title>\n<meta name=\"description\" content=\"Optimierte Sanierung der Parkdecks der Tiefgarage &#039;Sparkasse Duisburg&#039;. R\u00fcckbau, Schadstoff-, Bewehrung- und Beton-Sanierung, Oberfl\u00e4chen\u00adschutz, ...\" \/>\n<meta name=\"robots\" content=\"index, follow, max-snippet:-1, max-image-preview:large, max-video-preview:-1\" \/>\n<link rel=\"canonical\" href=\"https:\/\/hetzelsponheuer.de\/de\/referenzen\/tiefgarage-sparkasse-duisburg\/\" \/>\n<meta property=\"og:locale\" content=\"de_DE\" \/>\n<meta property=\"og:type\" content=\"article\" \/>\n<meta property=\"og:title\" content=\"Sanierung Tiefgarage Parkdeck \u00b7 Sparkasse Duisburg \u00b7 Hetzel+Sponheuer\" \/>\n<meta property=\"og:description\" content=\"Optimierte Sanierung der Parkdecks der Tiefgarage &#039;Sparkasse Duisburg&#039;. R\u00fcckbau, Schadstoff-, Bewehrung- und Beton-Sanierung, Oberfl\u00e4chen\u00adschutz, ...\" \/>\n<meta property=\"og:url\" content=\"https:\/\/hetzelsponheuer.de\/de\/referenzen\/tiefgarage-sparkasse-duisburg\/\" \/>\n<meta property=\"og:site_name\" content=\"Hetzel+Sponheuer \u00b7 de\" \/>\n<meta property=\"article:modified_time\" content=\"2022-04-12T12:27:39+00:00\" \/>\n<meta property=\"og:image\" content=\"https:\/\/hetzelsponheuer.de\/de\/wp-content\/uploads\/sites\/2\/2019\/09\/tiefgarage-duisburg-331-links.jpg\" \/>\n<meta name=\"twitter:card\" content=\"summary_large_image\" \/>\n<meta name=\"twitter:label1\" content=\"Gesch\u00e4tzte Lesezeit\" \/>\n\t<meta name=\"twitter:data1\" content=\"3\u00a0Minuten\" \/>\n<script type=\"application\/ld+json\" class=\"yoast-schema-graph\">{\"@context\":\"https:\/\/schema.org\",\"@graph\":[{\"@type\":\"WebPage\",\"@id\":\"https:\/\/hetzelsponheuer.de\/de\/referenzen\/tiefgarage-sparkasse-duisburg\/\",\"url\":\"https:\/\/hetzelsponheuer.de\/de\/referenzen\/tiefgarage-sparkasse-duisburg\/\",\"name\":\"Sanierung Tiefgarage Parkdeck \u00b7 Sparkasse Duisburg \u00b7 Hetzel+Sponheuer\",\"isPartOf\":{\"@id\":\"https:\/\/hetzelsponheuer.de\/de\/#website\"},\"primaryImageOfPage\":{\"@id\":\"https:\/\/hetzelsponheuer.de\/de\/referenzen\/tiefgarage-sparkasse-duisburg\/#primaryimage\"},\"image\":{\"@id\":\"https:\/\/hetzelsponheuer.de\/de\/referenzen\/tiefgarage-sparkasse-duisburg\/#primaryimage\"},\"thumbnailUrl\":\"https:\/\/hetzelsponheuer.de\/de\/wp-content\/uploads\/sites\/2\/2019\/09\/tiefgarage-duisburg-331-links.jpg\",\"datePublished\":\"2019-09-13T11:34:54+00:00\",\"dateModified\":\"2022-04-12T12:27:39+00:00\",\"description\":\"Optimierte Sanierung der Parkdecks der Tiefgarage 'Sparkasse Duisburg'. R\u00fcckbau, Schadstoff-, Bewehrung- und Beton-Sanierung, Oberfl\u00e4chen\u00adschutz, ...\",\"breadcrumb\":{\"@id\":\"https:\/\/hetzelsponheuer.de\/de\/referenzen\/tiefgarage-sparkasse-duisburg\/#breadcrumb\"},\"inLanguage\":\"de\",\"potentialAction\":[{\"@type\":\"ReadAction\",\"target\":[\"https:\/\/hetzelsponheuer.de\/de\/referenzen\/tiefgarage-sparkasse-duisburg\/\"]}]},{\"@type\":\"ImageObject\",\"inLanguage\":\"de\",\"@id\":\"https:\/\/hetzelsponheuer.de\/de\/referenzen\/tiefgarage-sparkasse-duisburg\/#primaryimage\",\"url\":\"https:\/\/hetzelsponheuer.de\/de\/wp-content\/uploads\/sites\/2\/2019\/09\/tiefgarage-duisburg-331-links.jpg\",\"contentUrl\":\"https:\/\/hetzelsponheuer.de\/de\/wp-content\/uploads\/sites\/2\/2019\/09\/tiefgarage-duisburg-331-links.jpg\",\"width\":373,\"height\":743},{\"@type\":\"BreadcrumbList\",\"@id\":\"https:\/\/hetzelsponheuer.de\/de\/referenzen\/tiefgarage-sparkasse-duisburg\/#breadcrumb\",\"itemListElement\":[{\"@type\":\"ListItem\",\"position\":1,\"name\":\"Startseite\",\"item\":\"https:\/\/hetzelsponheuer.de\/de\/\"},{\"@type\":\"ListItem\",\"position\":2,\"name\":\"Referenzen\",\"item\":\"https:\/\/hetzelsponheuer.de\/de\/referenzen\/\"},{\"@type\":\"ListItem\",\"position\":3,\"name\":\"Tiefgarage Sparkasse Duisburg\"}]},{\"@type\":\"WebSite\",\"@id\":\"https:\/\/hetzelsponheuer.de\/de\/#website\",\"url\":\"https:\/\/hetzelsponheuer.de\/de\/\",\"name\":\"Hetzel+Sponheuer \u00b7 de\",\"description\":\"L\u00f6sungen f\u00fcr Ihr Bauprojekt\",\"publisher\":{\"@id\":\"https:\/\/hetzelsponheuer.de\/de\/#organization\"},\"inLanguage\":\"de\"},{\"@type\":\"Organization\",\"@id\":\"https:\/\/hetzelsponheuer.de\/de\/#organization\",\"name\":\"Hetzel+Sponheuer GmbH & Co. KG\",\"url\":\"https:\/\/hetzelsponheuer.de\/de\/\",\"logo\":{\"@type\":\"ImageObject\",\"inLanguage\":\"de\",\"@id\":\"https:\/\/hetzelsponheuer.de\/de\/#\/schema\/logo\/image\/\",\"url\":\"https:\/\/hetzelsponheuer.de\/en\/wp-content\/uploads\/sites\/2\/2020\/02\/logo_hetzelsponheuer.png\",\"contentUrl\":\"https:\/\/hetzelsponheuer.de\/en\/wp-content\/uploads\/sites\/2\/2020\/02\/logo_hetzelsponheuer.png\",\"width\":360,\"height\":24,\"caption\":\"Hetzel+Sponheuer GmbH & Co. KG\"},\"image\":{\"@id\":\"https:\/\/hetzelsponheuer.de\/de\/#\/schema\/logo\/image\/\"},\"sameAs\":[\"https:\/\/www.linkedin.com\/company\/hetzel-sponheuer-gmbh-&amp;-co.-kg\"]}]}<\/script>\n<!-- \/ Yoast SEO plugin. -->","yoast_head_json":{"title":"Sanierung Tiefgarage Parkdeck \u00b7 Sparkasse Duisburg \u00b7 Hetzel+Sponheuer","description":"Optimierte Sanierung der Parkdecks der Tiefgarage 'Sparkasse Duisburg'. R\u00fcckbau, Schadstoff-, Bewehrung- und Beton-Sanierung, Oberfl\u00e4chen\u00adschutz, ...","robots":{"index":"index","follow":"follow","max-snippet":"max-snippet:-1","max-image-preview":"max-image-preview:large","max-video-preview":"max-video-preview:-1"},"canonical":"https:\/\/hetzelsponheuer.de\/de\/referenzen\/tiefgarage-sparkasse-duisburg\/","og_locale":"de_DE","og_type":"article","og_title":"Sanierung Tiefgarage Parkdeck \u00b7 Sparkasse Duisburg \u00b7 Hetzel+Sponheuer","og_description":"Optimierte Sanierung der Parkdecks der Tiefgarage 'Sparkasse Duisburg'. R\u00fcckbau, Schadstoff-, Bewehrung- und Beton-Sanierung, Oberfl\u00e4chen\u00adschutz, ...","og_url":"https:\/\/hetzelsponheuer.de\/de\/referenzen\/tiefgarage-sparkasse-duisburg\/","og_site_name":"Hetzel+Sponheuer \u00b7 de","article_modified_time":"2022-04-12T12:27:39+00:00","og_image":[{"url":"https:\/\/hetzelsponheuer.de\/de\/wp-content\/uploads\/sites\/2\/2019\/09\/tiefgarage-duisburg-331-links.jpg"}],"twitter_card":"summary_large_image","twitter_misc":{"Gesch\u00e4tzte Lesezeit":"3\u00a0Minuten"},"schema":{"@context":"https:\/\/schema.org","@graph":[{"@type":"WebPage","@id":"https:\/\/hetzelsponheuer.de\/de\/referenzen\/tiefgarage-sparkasse-duisburg\/","url":"https:\/\/hetzelsponheuer.de\/de\/referenzen\/tiefgarage-sparkasse-duisburg\/","name":"Sanierung Tiefgarage Parkdeck \u00b7 Sparkasse Duisburg \u00b7 Hetzel+Sponheuer","isPartOf":{"@id":"https:\/\/hetzelsponheuer.de\/de\/#website"},"primaryImageOfPage":{"@id":"https:\/\/hetzelsponheuer.de\/de\/referenzen\/tiefgarage-sparkasse-duisburg\/#primaryimage"},"image":{"@id":"https:\/\/hetzelsponheuer.de\/de\/referenzen\/tiefgarage-sparkasse-duisburg\/#primaryimage"},"thumbnailUrl":"https:\/\/hetzelsponheuer.de\/de\/wp-content\/uploads\/sites\/2\/2019\/09\/tiefgarage-duisburg-331-links.jpg","datePublished":"2019-09-13T11:34:54+00:00","dateModified":"2022-04-12T12:27:39+00:00","description":"Optimierte Sanierung der Parkdecks der Tiefgarage 'Sparkasse Duisburg'. R\u00fcckbau, Schadstoff-, Bewehrung- und Beton-Sanierung, Oberfl\u00e4chen\u00adschutz, ...","breadcrumb":{"@id":"https:\/\/hetzelsponheuer.de\/de\/referenzen\/tiefgarage-sparkasse-duisburg\/#breadcrumb"},"inLanguage":"de","potentialAction":[{"@type":"ReadAction","target":["https:\/\/hetzelsponheuer.de\/de\/referenzen\/tiefgarage-sparkasse-duisburg\/"]}]},{"@type":"ImageObject","inLanguage":"de","@id":"https:\/\/hetzelsponheuer.de\/de\/referenzen\/tiefgarage-sparkasse-duisburg\/#primaryimage","url":"https:\/\/hetzelsponheuer.de\/de\/wp-content\/uploads\/sites\/2\/2019\/09\/tiefgarage-duisburg-331-links.jpg","contentUrl":"https:\/\/hetzelsponheuer.de\/de\/wp-content\/uploads\/sites\/2\/2019\/09\/tiefgarage-duisburg-331-links.jpg","width":373,"height":743},{"@type":"BreadcrumbList","@id":"https:\/\/hetzelsponheuer.de\/de\/referenzen\/tiefgarage-sparkasse-duisburg\/#breadcrumb","itemListElement":[{"@type":"ListItem","position":1,"name":"Startseite","item":"https:\/\/hetzelsponheuer.de\/de\/"},{"@type":"ListItem","position":2,"name":"Referenzen","item":"https:\/\/hetzelsponheuer.de\/de\/referenzen\/"},{"@type":"ListItem","position":3,"name":"Tiefgarage Sparkasse Duisburg"}]},{"@type":"WebSite","@id":"https:\/\/hetzelsponheuer.de\/de\/#website","url":"https:\/\/hetzelsponheuer.de\/de\/","name":"Hetzel+Sponheuer \u00b7 de","description":"L\u00f6sungen f\u00fcr Ihr Bauprojekt","publisher":{"@id":"https:\/\/hetzelsponheuer.de\/de\/#organization"},"inLanguage":"de"},{"@type":"Organization","@id":"https:\/\/hetzelsponheuer.de\/de\/#organization","name":"Hetzel+Sponheuer GmbH & Co. KG","url":"https:\/\/hetzelsponheuer.de\/de\/","logo":{"@type":"ImageObject","inLanguage":"de","@id":"https:\/\/hetzelsponheuer.de\/de\/#\/schema\/logo\/image\/","url":"https:\/\/hetzelsponheuer.de\/en\/wp-content\/uploads\/sites\/2\/2020\/02\/logo_hetzelsponheuer.png","contentUrl":"https:\/\/hetzelsponheuer.de\/en\/wp-content\/uploads\/sites\/2\/2020\/02\/logo_hetzelsponheuer.png","width":360,"height":24,"caption":"Hetzel+Sponheuer GmbH & Co. KG"},"image":{"@id":"https:\/\/hetzelsponheuer.de\/de\/#\/schema\/logo\/image\/"},"sameAs":["https:\/\/www.linkedin.com\/company\/hetzel-sponheuer-gmbh-&amp;-co.-kg"]}]}},"_links":{"self":[{"href":"https:\/\/hetzelsponheuer.de\/de\/wp-json\/wp\/v2\/pages\/3233"}],"collection":[{"href":"https:\/\/hetzelsponheuer.de\/de\/wp-json\/wp\/v2\/pages"}],"about":[{"href":"https:\/\/hetzelsponheuer.de\/de\/wp-json\/wp\/v2\/types\/page"}],"author":[{"embeddable":true,"href":"https:\/\/hetzelsponheuer.de\/de\/wp-json\/wp\/v2\/users\/1"}],"replies":[{"embeddable":true,"href":"https:\/\/hetzelsponheuer.de\/de\/wp-json\/wp\/v2\/comments?post=3233"}],"version-history":[{"count":2,"href":"https:\/\/hetzelsponheuer.de\/de\/wp-json\/wp\/v2\/pages\/3233\/revisions"}],"predecessor-version":[{"id":5840,"href":"https:\/\/hetzelsponheuer.de\/de\/wp-json\/wp\/v2\/pages\/3233\/revisions\/5840"}],"up":[{"embeddable":true,"href":"https:\/\/hetzelsponheuer.de\/de\/wp-json\/wp\/v2\/pages\/63"}],"wp:attachment":[{"href":"https:\/\/hetzelsponheuer.de\/de\/wp-json\/wp\/v2\/media?parent=3233"}],"curies":[{"name":"wp","href":"https:\/\/api.w.org\/{rel}","templated":true}]}}