{"id":3564,"date":"2019-09-20T09:31:01","date_gmt":"2019-09-20T07:31:01","guid":{"rendered":"http:\/\/hetzelsponheuer.de\/de\/?page_id=3564"},"modified":"2020-03-13T18:19:16","modified_gmt":"2020-03-13T17:19:16","slug":"wohnen-gewerbe-industrie-p","status":"publish","type":"page","link":"https:\/\/hetzelsponheuer.de\/de\/referenzen\/projektseiten\/wohnen-gewerbe-industrie-p\/","title":{"rendered":"Wohnen Gewerbe Industrie (P)"},"content":{"rendered":"<div class=\"row x-4 md-3-6-3 sm-0-12-0 wp-block-lazyblock-inner-block lazyblock-inner-block-Z2kyNgm\">\n<div class=\"col wp-block-lazyblock-inner-block lazyblock-inner-block-Z1jFTzV\">\n<div class=\"bg wp-block-lazyblock-inner-block lazyblock-inner-block-16Noyj\">\n\n<p>  <\/p>\n\n<\/div>\n<\/div>\n\n<div class=\"col wp-block-lazyblock-inner-block lazyblock-inner-block-15Ofuo\">\n<div class=\"bg wp-block-lazyblock-inner-block lazyblock-inner-block-ZFOutd\">\n\n<p>            <\/p>\n\n<\/div>\n<\/div>\n\n<div class=\"col wp-block-lazyblock-inner-block lazyblock-inner-block-Z1fbKWF\">\n<div class=\"bg wp-block-lazyblock-inner-block lazyblock-inner-block-1gH7HN\">\n\n<p>  <\/p>\n\n<\/div>\n<\/div>\n<\/div>\n\n<div class=\"row x-24 md-3-9 sm-0-12 wp-block-lazyblock-inner-block lazyblock-inner-block-1rY86k\">\n<div class=\"col wp-block-lazyblock-inner-block lazyblock-inner-block-eIKJc\">\n<div class=\"wp-block-lazyblock-inner-block lazyblock-inner-block-Z4pStR\">\n\n<p>  <\/p>\n\n<\/div>\n<\/div>\n\n<div class=\"col wp-block-lazyblock-inner-block lazyblock-inner-block-cEhfU\">\n<div class=\"head wp-block-lazyblock-inner-block lazyblock-inner-block-Z1Lr1c9\">\n\n<h1 class=\"wp-block-heading\">Wohnen Gewerbe Industrie<\/h1>\n\n<\/div>\n<\/div>\n<\/div>\n\n<div class=\"row x-24 md-3-9 sm-12-12 wp-block-lazyblock-inner-block lazyblock-inner-block-W0lHe\">\n<div class=\"col wp-block-lazyblock-inner-block lazyblock-inner-block-1pxzo8\">\n<div class=\"wp-block-lazyblock-inner-block lazyblock-inner-block-IpoY2\">\n\n<ul class=\"fade-link grey\"><li class=\"current-menu-item\"><a href=\"https:\/\/hetzelsponheuer.de\/de\/referenzen\/projektseiten\">Projektseiten<\/a><\/li><li><a href=\"https:\/\/hetzelsponheuer.de\/de\/referenzen\/projektliste\">Projektliste<\/a><\/li><\/ul>\n\n\n\n<h4 class=\"wp-block-heading\">Nach L\u00f6sung sortiert<\/h4>\n\n\n\n<ul class=\"fade-link grey\"><li><a href=\"https:\/\/hetzelsponheuer.de\/de\/referenzen\/projektseiten\/\">Alle Projekte<\/a><\/li><li class=\"current-menu-item\"><a href=\"https:\/\/hetzelsponheuer.de\/de\/referenzen\/projektseiten\/wohnen-gewerbe-industrie-p\">Wohnen Gewerbe Industrie<\/a><\/li><li><a href=\"https:\/\/hetzelsponheuer.de\/de\/referenzen\/projektseiten\/einkaufscenter-ladenlokal-p\">Einkaufscenter Ladenlokal<\/a><\/li><li><a href=\"https:\/\/hetzelsponheuer.de\/de\/referenzen\/projektseiten\/hotel-gastronomie-p\">Hotel Gastronomie<\/a><\/li><li><a href=\"https:\/\/hetzelsponheuer.de\/de\/referenzen\/projektseiten\/bauwerterhaltung-denkmalschutz-p\">Bauwerterhaltung Denkmalschutz<\/a><\/li><\/ul>\n\n\n\n<p class=\"md-right pl-24\"> <\/p>\n\n<\/div>\n<\/div>\n\n<div class=\"col wp-block-lazyblock-inner-block lazyblock-inner-block-Z2ddoPr\">\n<div class=\"referenzen wp-block-lazyblock-inner-block lazyblock-inner-block-2fEBe9\">\n<div class=\"display-posts-listing grid\"><div class=\"listing-item\"><a class=\"fade-link \" href=\"https:\/\/hetzelsponheuer.de\/de\/referenzen\/best-bottrop\"><span class=\"image\"><img width=\"240\" height=\"240\" src=\"https:\/\/hetzelsponheuer.de\/de\/wp-content\/uploads\/sites\/2\/2019\/09\/thumb-best-14.jpg\" class=\"attachment-medium size-medium wp-post-image\" alt=\"Best Bottrop\" decoding=\"async\" srcset=\"https:\/\/hetzelsponheuer.de\/de\/wp-content\/uploads\/sites\/2\/2019\/09\/thumb-best-14.jpg 240w, https:\/\/hetzelsponheuer.de\/de\/wp-content\/uploads\/sites\/2\/2019\/09\/thumb-best-14-200x200.jpg 200w\" sizes=\"(max-width: 240px) 100vw, 240px\" \/><\/span> <\/a><a class=\"fade-link\" href=\"https:\/\/hetzelsponheuer.de\/de\/referenzen\/best-bottrop\"><span class=\"title\">BEST Bottrop<\/span><\/a><\/div><div class=\"listing-item\"><a class=\"fade-link \" href=\"https:\/\/hetzelsponheuer.de\/de\/referenzen\/casino-duisburg-duisburg\"><span class=\"image\"><img width=\"240\" height=\"240\" src=\"https:\/\/hetzelsponheuer.de\/de\/wp-content\/uploads\/sites\/2\/2019\/09\/thumb-casino-6301.jpg\" class=\"attachment-medium size-medium wp-post-image\" alt=\"Casino Duisburg\" decoding=\"async\" srcset=\"https:\/\/hetzelsponheuer.de\/de\/wp-content\/uploads\/sites\/2\/2019\/09\/thumb-casino-6301.jpg 240w, https:\/\/hetzelsponheuer.de\/de\/wp-content\/uploads\/sites\/2\/2019\/09\/thumb-casino-6301-200x200.jpg 200w\" sizes=\"(max-width: 240px) 100vw, 240px\" \/><\/span> <\/a><a class=\"fade-link\" href=\"https:\/\/hetzelsponheuer.de\/de\/referenzen\/casino-duisburg-duisburg\"><span class=\"title\">Casino Duisburg<\/span><\/a><\/div><div class=\"listing-item\"><a class=\"fade-link \" href=\"https:\/\/hetzelsponheuer.de\/de\/referenzen\/f-v-s-gymnasium-muenster\"><span class=\"image\"><img width=\"240\" height=\"240\" src=\"https:\/\/hetzelsponheuer.de\/de\/wp-content\/uploads\/sites\/2\/2019\/09\/thumb-fvs-gymnasium_135.jpg\" class=\"attachment-medium size-medium wp-post-image\" alt=\"Freiherr-vom-Stein Gymnasium\" decoding=\"async\" srcset=\"https:\/\/hetzelsponheuer.de\/de\/wp-content\/uploads\/sites\/2\/2019\/09\/thumb-fvs-gymnasium_135.jpg 240w, https:\/\/hetzelsponheuer.de\/de\/wp-content\/uploads\/sites\/2\/2019\/09\/thumb-fvs-gymnasium_135-200x200.jpg 200w\" sizes=\"(max-width: 240px) 100vw, 240px\" \/><\/span> <\/a><a class=\"fade-link\" href=\"https:\/\/hetzelsponheuer.de\/de\/referenzen\/f-v-s-gymnasium-muenster\"><span class=\"title\">F-v-S Gymnasium<\/span><\/a><\/div><div class=\"listing-item\"><a class=\"fade-link \" href=\"https:\/\/hetzelsponheuer.de\/de\/referenzen\/fachhochschule-gelsenkirchen\/\"><span class=\"image\"><img width=\"240\" height=\"240\" src=\"https:\/\/hetzelsponheuer.de\/de\/wp-content\/uploads\/sites\/2\/2019\/09\/thumb-fh-gelsenkirchen_0357.jpg\" class=\"attachment-medium size-medium wp-post-image\" alt=\"FH Gelsenkirchen\" decoding=\"async\" srcset=\"https:\/\/hetzelsponheuer.de\/de\/wp-content\/uploads\/sites\/2\/2019\/09\/thumb-fh-gelsenkirchen_0357.jpg 240w, https:\/\/hetzelsponheuer.de\/de\/wp-content\/uploads\/sites\/2\/2019\/09\/thumb-fh-gelsenkirchen_0357-200x200.jpg 200w\" sizes=\"(max-width: 240px) 100vw, 240px\" \/><\/span> <\/a><a class=\"fade-link\" href=\"https:\/\/hetzelsponheuer.de\/de\/referenzen\/fachhochschule-gelsenkirchen\/\"><span class=\"title\">FH Gelsenkirchen<\/span><\/a><\/div><div class=\"listing-item\"><a class=\"fade-link \" href=\"https:\/\/hetzelsponheuer.de\/de\/referenzen\/kantine-dortmund\"><span class=\"image\"><img width=\"240\" height=\"240\" src=\"https:\/\/hetzelsponheuer.de\/de\/wp-content\/uploads\/sites\/2\/2019\/09\/thumb-kantine-dortmund-007.jpg\" class=\"attachment-medium size-medium wp-post-image\" alt=\"Kantine Dortmund\" decoding=\"async\" srcset=\"https:\/\/hetzelsponheuer.de\/de\/wp-content\/uploads\/sites\/2\/2019\/09\/thumb-kantine-dortmund-007.jpg 240w, https:\/\/hetzelsponheuer.de\/de\/wp-content\/uploads\/sites\/2\/2019\/09\/thumb-kantine-dortmund-007-200x200.jpg 200w\" sizes=\"(max-width: 240px) 100vw, 240px\" \/><\/span> <\/a><a class=\"fade-link\" href=\"https:\/\/hetzelsponheuer.de\/de\/referenzen\/kantine-dortmund\"><span class=\"title\">Kantine Dortmund<\/span><\/a><\/div><div class=\"listing-item\"><a class=\"fade-link \" href=\"https:\/\/hetzelsponheuer.de\/de\/referenzen\/muehlenspeicher-duisburg\"><span class=\"image\"><img width=\"240\" height=\"240\" src=\"https:\/\/hetzelsponheuer.de\/de\/wp-content\/uploads\/sites\/2\/2019\/09\/thumb-muehlenspeicher-87818.jpg\" class=\"attachment-medium size-medium wp-post-image\" alt=\"M\u00fchlenspeicher Duisburg\" decoding=\"async\" srcset=\"https:\/\/hetzelsponheuer.de\/de\/wp-content\/uploads\/sites\/2\/2019\/09\/thumb-muehlenspeicher-87818.jpg 240w, https:\/\/hetzelsponheuer.de\/de\/wp-content\/uploads\/sites\/2\/2019\/09\/thumb-muehlenspeicher-87818-200x200.jpg 200w\" sizes=\"(max-width: 240px) 100vw, 240px\" \/><\/span> <\/a><a class=\"fade-link\" href=\"https:\/\/hetzelsponheuer.de\/de\/referenzen\/muehlenspeicher-duisburg\"><span class=\"title\">M\u00fchlenspeicher<\/span><\/a><\/div><div class=\"listing-item\"><a class=\"fade-link \" href=\"https:\/\/hetzelsponheuer.de\/de\/referenzen\/musiktheater-gelsenkirchen\"><span class=\"image\"><img width=\"240\" height=\"240\" src=\"https:\/\/hetzelsponheuer.de\/de\/wp-content\/uploads\/sites\/2\/2019\/09\/thumb-musiktheater-gelsenkirchen_87809.jpg\" class=\"attachment-medium size-medium wp-post-image\" alt=\"Musiktheater Gelsenkirchen\" decoding=\"async\" srcset=\"https:\/\/hetzelsponheuer.de\/de\/wp-content\/uploads\/sites\/2\/2019\/09\/thumb-musiktheater-gelsenkirchen_87809.jpg 240w, https:\/\/hetzelsponheuer.de\/de\/wp-content\/uploads\/sites\/2\/2019\/09\/thumb-musiktheater-gelsenkirchen_87809-200x200.jpg 200w\" sizes=\"(max-width: 240px) 100vw, 240px\" \/><\/span> <\/a><a class=\"fade-link\" href=\"https:\/\/hetzelsponheuer.de\/de\/referenzen\/musiktheater-gelsenkirchen\"><span class=\"title\">Musiktheater<\/span><\/a><\/div><div class=\"listing-item\"><a class=\"fade-link \" href=\"https:\/\/hetzelsponheuer.de\/de\/referenzen\/oase-duesseldorf\"><span class=\"image\"><img width=\"240\" height=\"240\" src=\"https:\/\/hetzelsponheuer.de\/de\/wp-content\/uploads\/sites\/2\/2019\/09\/thumb-oase-duesseldorf-6024.jpg\" class=\"attachment-medium size-medium wp-post-image\" alt=\"OASE D\u00fcsseldorf\" decoding=\"async\" srcset=\"https:\/\/hetzelsponheuer.de\/de\/wp-content\/uploads\/sites\/2\/2019\/09\/thumb-oase-duesseldorf-6024.jpg 240w, https:\/\/hetzelsponheuer.de\/de\/wp-content\/uploads\/sites\/2\/2019\/09\/thumb-oase-duesseldorf-6024-200x200.jpg 200w\" sizes=\"(max-width: 240px) 100vw, 240px\" \/><\/span> <\/a><a class=\"fade-link\" href=\"https:\/\/hetzelsponheuer.de\/de\/referenzen\/oase-duesseldorf\"><span class=\"title\">O.A.S.E<\/span><\/a><\/div><div class=\"listing-item\"><a class=\"fade-link \" href=\"https:\/\/hetzelsponheuer.de\/de\/referenzen\/rems-murr-klinikum-winneden\"><span class=\"image\"><img width=\"240\" height=\"240\" src=\"https:\/\/hetzelsponheuer.de\/de\/wp-content\/uploads\/sites\/2\/2019\/09\/thumb-rmk-wi-140613.jpg\" class=\"attachment-medium size-medium wp-post-image\" alt=\"Rems Murr Klinikum Winneden\" decoding=\"async\" srcset=\"https:\/\/hetzelsponheuer.de\/de\/wp-content\/uploads\/sites\/2\/2019\/09\/thumb-rmk-wi-140613.jpg 240w, https:\/\/hetzelsponheuer.de\/de\/wp-content\/uploads\/sites\/2\/2019\/09\/thumb-rmk-wi-140613-200x200.jpg 200w\" sizes=\"(max-width: 240px) 100vw, 240px\" \/><\/span> <\/a><a class=\"fade-link\" href=\"https:\/\/hetzelsponheuer.de\/de\/referenzen\/rems-murr-klinikum-winneden\"><span class=\"title\">Rems-Murr-Klinikum<\/span><\/a><\/div><div class=\"listing-item\"><a class=\"fade-link \" href=\"https:\/\/hetzelsponheuer.de\/de\/referenzen\/stahlwerk-phoenix-dortmund\"><span class=\"image\"><img width=\"240\" height=\"240\" src=\"https:\/\/hetzelsponheuer.de\/de\/wp-content\/uploads\/sites\/2\/2019\/09\/thumb-stahlwerk-phoenix-2090.jpg\" class=\"attachment-medium size-medium wp-post-image\" alt=\"\" decoding=\"async\" srcset=\"https:\/\/hetzelsponheuer.de\/de\/wp-content\/uploads\/sites\/2\/2019\/09\/thumb-stahlwerk-phoenix-2090.jpg 240w, https:\/\/hetzelsponheuer.de\/de\/wp-content\/uploads\/sites\/2\/2019\/09\/thumb-stahlwerk-phoenix-2090-200x200.jpg 200w\" sizes=\"(max-width: 240px) 100vw, 240px\" \/><\/span> <\/a><a class=\"fade-link\" href=\"https:\/\/hetzelsponheuer.de\/de\/referenzen\/stahlwerk-phoenix-dortmund\"><span class=\"title\">Stahlwerk Phoenix<\/span><\/a><\/div><div class=\"listing-item\"><a class=\"fade-link \" href=\"https:\/\/hetzelsponheuer.de\/de\/referenzen\/studenten-wohnanlage-muenster\"><span class=\"image\"><img width=\"240\" height=\"240\" src=\"https:\/\/hetzelsponheuer.de\/de\/wp-content\/uploads\/sites\/2\/2019\/09\/thumb-swa-ms-004.jpg\" class=\"attachment-medium size-medium wp-post-image\" alt=\"Studentenwohnanlage M\u00fcnster\" decoding=\"async\" srcset=\"https:\/\/hetzelsponheuer.de\/de\/wp-content\/uploads\/sites\/2\/2019\/09\/thumb-swa-ms-004.jpg 240w, https:\/\/hetzelsponheuer.de\/de\/wp-content\/uploads\/sites\/2\/2019\/09\/thumb-swa-ms-004-200x200.jpg 200w\" sizes=\"(max-width: 240px) 100vw, 240px\" \/><\/span> <\/a><a class=\"fade-link\" href=\"https:\/\/hetzelsponheuer.de\/de\/referenzen\/studenten-wohnanlage-muenster\"><span class=\"title\">Studenten Wohnanlage<\/span><\/a><\/div><\/div>\n\n\n\n<div style=\"height:63px\" aria-hidden=\"true\" class=\"wp-block-spacer\"><\/div>\n\n<\/div>\n<\/div>\n<\/div>","protected":false},"excerpt":{"rendered":"","protected":false},"author":1,"featured_media":0,"parent":2897,"menu_order":1,"comment_status":"closed","ping_status":"closed","template":"page-fullwidth.php","meta":{"footnotes":""},"yoast_head":"<!-- This site is optimized with the Yoast SEO plugin v22.6 - https:\/\/yoast.com\/wordpress\/plugins\/seo\/ -->\n<title>Referenzen \u00b7 Wohnen Gewerbe Industrie \u00b7 Expos\u00e9s \u00b7 Hetzel+Sponheuer<\/title>\n<meta name=\"description\" content=\"Ein \u00dcberblick beispielhafter Expos\u00e9s \u00fcber Bauprojekte mit unterschiedlichen Herausforderungen unserer Baul\u00f6sung &#039;Wohnen Gewerbe Industrie&#039;.\" \/>\n<meta name=\"robots\" content=\"index, follow, max-snippet:-1, max-image-preview:large, max-video-preview:-1\" \/>\n<link rel=\"canonical\" href=\"https:\/\/hetzelsponheuer.de\/de\/referenzen\/projektseiten\/wohnen-gewerbe-industrie-p\/\" \/>\n<meta property=\"og:locale\" content=\"de_DE\" \/>\n<meta property=\"og:type\" content=\"article\" \/>\n<meta property=\"og:title\" content=\"Referenzen \u00b7 Wohnen Gewerbe Industrie \u00b7 Expos\u00e9s \u00b7 Hetzel+Sponheuer\" \/>\n<meta property=\"og:description\" content=\"Ein \u00dcberblick beispielhafter Expos\u00e9s \u00fcber Bauprojekte mit unterschiedlichen Herausforderungen unserer Baul\u00f6sung &#039;Wohnen Gewerbe Industrie&#039;.\" \/>\n<meta property=\"og:url\" content=\"https:\/\/hetzelsponheuer.de\/de\/referenzen\/projektseiten\/wohnen-gewerbe-industrie-p\/\" \/>\n<meta property=\"og:site_name\" content=\"Hetzel+Sponheuer \u00b7 de\" \/>\n<meta property=\"article:modified_time\" content=\"2020-03-13T17:19:16+00:00\" \/>\n<meta name=\"twitter:card\" content=\"summary_large_image\" \/>\n<script type=\"application\/ld+json\" class=\"yoast-schema-graph\">{\"@context\":\"https:\/\/schema.org\",\"@graph\":[{\"@type\":\"WebPage\",\"@id\":\"https:\/\/hetzelsponheuer.de\/de\/referenzen\/projektseiten\/wohnen-gewerbe-industrie-p\/\",\"url\":\"https:\/\/hetzelsponheuer.de\/de\/referenzen\/projektseiten\/wohnen-gewerbe-industrie-p\/\",\"name\":\"Referenzen \u00b7 Wohnen Gewerbe Industrie \u00b7 Expos\u00e9s \u00b7 Hetzel+Sponheuer\",\"isPartOf\":{\"@id\":\"https:\/\/hetzelsponheuer.de\/de\/#website\"},\"datePublished\":\"2019-09-20T07:31:01+00:00\",\"dateModified\":\"2020-03-13T17:19:16+00:00\",\"description\":\"Ein \u00dcberblick beispielhafter Expos\u00e9s \u00fcber Bauprojekte mit unterschiedlichen Herausforderungen unserer Baul\u00f6sung 'Wohnen Gewerbe Industrie'.\",\"breadcrumb\":{\"@id\":\"https:\/\/hetzelsponheuer.de\/de\/referenzen\/projektseiten\/wohnen-gewerbe-industrie-p\/#breadcrumb\"},\"inLanguage\":\"de\",\"potentialAction\":[{\"@type\":\"ReadAction\",\"target\":[\"https:\/\/hetzelsponheuer.de\/de\/referenzen\/projektseiten\/wohnen-gewerbe-industrie-p\/\"]}]},{\"@type\":\"BreadcrumbList\",\"@id\":\"https:\/\/hetzelsponheuer.de\/de\/referenzen\/projektseiten\/wohnen-gewerbe-industrie-p\/#breadcrumb\",\"itemListElement\":[{\"@type\":\"ListItem\",\"position\":1,\"name\":\"Startseite\",\"item\":\"https:\/\/hetzelsponheuer.de\/de\/\"},{\"@type\":\"ListItem\",\"position\":2,\"name\":\"Referenzen\",\"item\":\"https:\/\/hetzelsponheuer.de\/de\/referenzen\/\"},{\"@type\":\"ListItem\",\"position\":3,\"name\":\"Projektseiten\",\"item\":\"https:\/\/hetzelsponheuer.de\/de\/referenzen\/projektseiten\/\"},{\"@type\":\"ListItem\",\"position\":4,\"name\":\"Wohnen Gewerbe Industrie (P)\"}]},{\"@type\":\"WebSite\",\"@id\":\"https:\/\/hetzelsponheuer.de\/de\/#website\",\"url\":\"https:\/\/hetzelsponheuer.de\/de\/\",\"name\":\"Hetzel+Sponheuer \u00b7 de\",\"description\":\"L\u00f6sungen f\u00fcr Ihr Bauprojekt\",\"publisher\":{\"@id\":\"https:\/\/hetzelsponheuer.de\/de\/#organization\"},\"inLanguage\":\"de\"},{\"@type\":\"Organization\",\"@id\":\"https:\/\/hetzelsponheuer.de\/de\/#organization\",\"name\":\"Hetzel+Sponheuer GmbH & Co. KG\",\"url\":\"https:\/\/hetzelsponheuer.de\/de\/\",\"logo\":{\"@type\":\"ImageObject\",\"inLanguage\":\"de\",\"@id\":\"https:\/\/hetzelsponheuer.de\/de\/#\/schema\/logo\/image\/\",\"url\":\"https:\/\/hetzelsponheuer.de\/en\/wp-content\/uploads\/sites\/2\/2020\/02\/logo_hetzelsponheuer.png\",\"contentUrl\":\"https:\/\/hetzelsponheuer.de\/en\/wp-content\/uploads\/sites\/2\/2020\/02\/logo_hetzelsponheuer.png\",\"width\":360,\"height\":24,\"caption\":\"Hetzel+Sponheuer GmbH & Co. KG\"},\"image\":{\"@id\":\"https:\/\/hetzelsponheuer.de\/de\/#\/schema\/logo\/image\/\"},\"sameAs\":[\"https:\/\/www.linkedin.com\/company\/hetzel-sponheuer-gmbh-&amp;-co.-kg\"]}]}<\/script>\n<!-- \/ Yoast SEO plugin. -->","yoast_head_json":{"title":"Referenzen \u00b7 Wohnen Gewerbe Industrie \u00b7 Expos\u00e9s \u00b7 Hetzel+Sponheuer","description":"Ein \u00dcberblick beispielhafter Expos\u00e9s \u00fcber Bauprojekte mit unterschiedlichen Herausforderungen unserer Baul\u00f6sung 'Wohnen Gewerbe Industrie'.","robots":{"index":"index","follow":"follow","max-snippet":"max-snippet:-1","max-image-preview":"max-image-preview:large","max-video-preview":"max-video-preview:-1"},"canonical":"https:\/\/hetzelsponheuer.de\/de\/referenzen\/projektseiten\/wohnen-gewerbe-industrie-p\/","og_locale":"de_DE","og_type":"article","og_title":"Referenzen \u00b7 Wohnen Gewerbe Industrie \u00b7 Expos\u00e9s \u00b7 Hetzel+Sponheuer","og_description":"Ein \u00dcberblick beispielhafter Expos\u00e9s \u00fcber Bauprojekte mit unterschiedlichen Herausforderungen unserer Baul\u00f6sung 'Wohnen Gewerbe Industrie'.","og_url":"https:\/\/hetzelsponheuer.de\/de\/referenzen\/projektseiten\/wohnen-gewerbe-industrie-p\/","og_site_name":"Hetzel+Sponheuer \u00b7 de","article_modified_time":"2020-03-13T17:19:16+00:00","twitter_card":"summary_large_image","schema":{"@context":"https:\/\/schema.org","@graph":[{"@type":"WebPage","@id":"https:\/\/hetzelsponheuer.de\/de\/referenzen\/projektseiten\/wohnen-gewerbe-industrie-p\/","url":"https:\/\/hetzelsponheuer.de\/de\/referenzen\/projektseiten\/wohnen-gewerbe-industrie-p\/","name":"Referenzen \u00b7 Wohnen Gewerbe Industrie \u00b7 Expos\u00e9s \u00b7 Hetzel+Sponheuer","isPartOf":{"@id":"https:\/\/hetzelsponheuer.de\/de\/#website"},"datePublished":"2019-09-20T07:31:01+00:00","dateModified":"2020-03-13T17:19:16+00:00","description":"Ein \u00dcberblick beispielhafter Expos\u00e9s \u00fcber Bauprojekte mit unterschiedlichen Herausforderungen unserer Baul\u00f6sung 'Wohnen Gewerbe Industrie'.","breadcrumb":{"@id":"https:\/\/hetzelsponheuer.de\/de\/referenzen\/projektseiten\/wohnen-gewerbe-industrie-p\/#breadcrumb"},"inLanguage":"de","potentialAction":[{"@type":"ReadAction","target":["https:\/\/hetzelsponheuer.de\/de\/referenzen\/projektseiten\/wohnen-gewerbe-industrie-p\/"]}]},{"@type":"BreadcrumbList","@id":"https:\/\/hetzelsponheuer.de\/de\/referenzen\/projektseiten\/wohnen-gewerbe-industrie-p\/#breadcrumb","itemListElement":[{"@type":"ListItem","position":1,"name":"Startseite","item":"https:\/\/hetzelsponheuer.de\/de\/"},{"@type":"ListItem","position":2,"name":"Referenzen","item":"https:\/\/hetzelsponheuer.de\/de\/referenzen\/"},{"@type":"ListItem","position":3,"name":"Projektseiten","item":"https:\/\/hetzelsponheuer.de\/de\/referenzen\/projektseiten\/"},{"@type":"ListItem","position":4,"name":"Wohnen Gewerbe Industrie (P)"}]},{"@type":"WebSite","@id":"https:\/\/hetzelsponheuer.de\/de\/#website","url":"https:\/\/hetzelsponheuer.de\/de\/","name":"Hetzel+Sponheuer \u00b7 de","description":"L\u00f6sungen f\u00fcr Ihr Bauprojekt","publisher":{"@id":"https:\/\/hetzelsponheuer.de\/de\/#organization"},"inLanguage":"de"},{"@type":"Organization","@id":"https:\/\/hetzelsponheuer.de\/de\/#organization","name":"Hetzel+Sponheuer GmbH & Co. KG","url":"https:\/\/hetzelsponheuer.de\/de\/","logo":{"@type":"ImageObject","inLanguage":"de","@id":"https:\/\/hetzelsponheuer.de\/de\/#\/schema\/logo\/image\/","url":"https:\/\/hetzelsponheuer.de\/en\/wp-content\/uploads\/sites\/2\/2020\/02\/logo_hetzelsponheuer.png","contentUrl":"https:\/\/hetzelsponheuer.de\/en\/wp-content\/uploads\/sites\/2\/2020\/02\/logo_hetzelsponheuer.png","width":360,"height":24,"caption":"Hetzel+Sponheuer GmbH & Co. KG"},"image":{"@id":"https:\/\/hetzelsponheuer.de\/de\/#\/schema\/logo\/image\/"},"sameAs":["https:\/\/www.linkedin.com\/company\/hetzel-sponheuer-gmbh-&amp;-co.-kg"]}]}},"_links":{"self":[{"href":"https:\/\/hetzelsponheuer.de\/de\/wp-json\/wp\/v2\/pages\/3564"}],"collection":[{"href":"https:\/\/hetzelsponheuer.de\/de\/wp-json\/wp\/v2\/pages"}],"about":[{"href":"https:\/\/hetzelsponheuer.de\/de\/wp-json\/wp\/v2\/types\/page"}],"author":[{"embeddable":true,"href":"https:\/\/hetzelsponheuer.de\/de\/wp-json\/wp\/v2\/users\/1"}],"replies":[{"embeddable":true,"href":"https:\/\/hetzelsponheuer.de\/de\/wp-json\/wp\/v2\/comments?post=3564"}],"version-history":[{"count":11,"href":"https:\/\/hetzelsponheuer.de\/de\/wp-json\/wp\/v2\/pages\/3564\/revisions"}],"predecessor-version":[{"id":3646,"href":"https:\/\/hetzelsponheuer.de\/de\/wp-json\/wp\/v2\/pages\/3564\/revisions\/3646"}],"up":[{"embeddable":true,"href":"https:\/\/hetzelsponheuer.de\/de\/wp-json\/wp\/v2\/pages\/2897"}],"wp:attachment":[{"href":"https:\/\/hetzelsponheuer.de\/de\/wp-json\/wp\/v2\/media?parent=3564"}],"curies":[{"name":"wp","href":"https:\/\/api.w.org\/{rel}","templated":true}]}}