{"id":3587,"date":"2019-09-20T10:57:47","date_gmt":"2019-09-20T08:57:47","guid":{"rendered":"http:\/\/hetzelsponheuer.de\/de\/?page_id=3587"},"modified":"2019-10-28T15:44:57","modified_gmt":"2019-10-28T14:44:57","slug":"einkaufscenter-ladenlokal-l","status":"publish","type":"page","link":"https:\/\/hetzelsponheuer.de\/de\/referenzen\/projektliste\/einkaufscenter-ladenlokal-l\/","title":{"rendered":"Einkaufscenter Ladenlokal (L)"},"content":{"rendered":"<div class=\"row x-4 md-3-6-3 sm-0-12-0 wp-block-lazyblock-inner-block lazyblock-inner-block-Z2kyNgm\">\n<div class=\"col wp-block-lazyblock-inner-block lazyblock-inner-block-Z1jFTzV\">\n<div class=\"bg wp-block-lazyblock-inner-block lazyblock-inner-block-16Noyj\">\n\n<p>   <\/p>\n\n<\/div>\n<\/div>\n\n<div class=\"col wp-block-lazyblock-inner-block lazyblock-inner-block-15Ofuo\">\n<div class=\"bg wp-block-lazyblock-inner-block lazyblock-inner-block-ZFOutd\">\n\n<p>         <\/p>\n\n<\/div>\n<\/div>\n\n<div class=\"col wp-block-lazyblock-inner-block lazyblock-inner-block-Z1fbKWF\">\n<div class=\"bg wp-block-lazyblock-inner-block lazyblock-inner-block-1gH7HN\">\n\n<p>     <\/p>\n\n<\/div>\n<\/div>\n<\/div>\n\n<div class=\"row x-24 md-3-9 sm-0-12 wp-block-lazyblock-inner-block lazyblock-inner-block-1rY86k\">\n<div class=\"col wp-block-lazyblock-inner-block lazyblock-inner-block-eIKJc\">\n<div class=\"wp-block-lazyblock-inner-block lazyblock-inner-block-Z4pStR\">\n\n<p>  <\/p>\n\n<\/div>\n<\/div>\n\n<div class=\"col wp-block-lazyblock-inner-block lazyblock-inner-block-cEhfU\">\n<div class=\"head wp-block-lazyblock-inner-block lazyblock-inner-block-Z1Lr1c9\">\n\n<h1 class=\"wp-block-heading\">Einkaufscenter Ladenlokal<\/h1>\n\n<\/div>\n<\/div>\n<\/div>\n\n<div class=\"row x-24 md-3-9 sm-12-12 wp-block-lazyblock-inner-block lazyblock-inner-block-W0lHe\">\n<div class=\"col wp-block-lazyblock-inner-block lazyblock-inner-block-1pxzo8\">\n<div class=\"wp-block-lazyblock-inner-block lazyblock-inner-block-IpoY2\">\n\n<ul class=\"fade-link grey\"><li><a href=\"https:\/\/hetzelsponheuer.de\/de\/referenzen\/projektseiten\">Projektseiten<\/a><\/li><li class=\"current-menu-item\"><a href=\"https:\/\/hetzelsponheuer.de\/de\/referenzen\/projektliste\">Projektliste<\/a><\/li><\/ul>\n\n\n\n<h4 class=\"wp-block-heading\">Nach L\u00f6sung sortiert<\/h4>\n\n\n\n<ul class=\"fade-link grey\"><li><a href=\"https:\/\/hetzelsponheuer.de\/de\/referenzen\/projektliste\/\">Alle Projekte<\/a><\/li><li><a href=\"https:\/\/hetzelsponheuer.de\/de\/referenzen\/projektliste\/wohnen-gewerbe-industrie-l\">Wohnen Gewerbe Industrie<\/a><\/li><li class=\"current-menu-item\"><a href=\"https:\/\/hetzelsponheuer.de\/de\/referenzen\/projektliste\/einkaufscenter-ladenlokal-l\">Einkaufscenter Ladenlokal<\/a><\/li><li><a href=\"https:\/\/hetzelsponheuer.de\/de\/referenzen\/projektliste\/hotel-gastronomie-l\">Hotel Gastronomie<\/a><\/li><li><a href=\"https:\/\/hetzelsponheuer.de\/de\/referenzen\/projektliste\/wohnen-gewerbe-industrie-l\">Bauwerterhaltung Denkmalschutz<\/a><\/li><\/ul>\n\n\n\n<p> <\/p>\n\n<\/div>\n<\/div>\n\n<div class=\"col wp-block-lazyblock-inner-block lazyblock-inner-block-Z2ddoPr\">\n<div class=\"referenzen wp-block-lazyblock-inner-block lazyblock-inner-block-2fEBe9\">\n<ul class=\"projektliste\"><li class=\"listing-item\"><div class=\"content\"><ul>\n \t<li>Allee-Center Altenessen<\/li>\n \t<li>Essen<\/li>\n \t<li>Vorbeugender Brandschutz<\/li>\n \t<li>&#8211;<\/li>\n \t<li>none<\/li>\n \t<li>2<\/li>\n<\/ul><\/div><\/li><li class=\"listing-item\"><div class=\"content\"><ul>\n<li>Allee-Center<\/li>\n<li>Hamm<\/li>\n<li>Standardmieterausbau von 5.000 m\u00b2 Verkaufsfl\u00e4che<\/li>\n<li>&#8211;<\/li>\n<li>none<\/li>\n<li>2<\/li>\n<\/ul>\n<\/div><\/li><li class=\"listing-item\"><div class=\"content\"><ul>\n<li>Allee-Center<\/li>\n<li>Remscheid<\/li>\n<li>GU-Ausbau, Decken, Boden, Wand, Shopfassade<\/li>\n<li>&#8211;<\/li>\n<li>none<\/li>\n<li>2<\/li>\n<\/ul>\n<\/div><\/li><li class=\"listing-item\"><div class=\"content\">\n<ul><li>Autohaus Bendel<\/li><li>Essen<\/li><li>Neubau Verkaufszentrum, Thermohautfassade, Beschichtung, Trockenbau, Malerarbeiten<\/li><li>&#8211;<\/li><li>none<\/li><li>2<\/li><\/ul>\n<\/div><\/li><li class=\"listing-item\"><div class=\"content\">\n<ul><li>City Galerie<\/li><li>Siegen<\/li><li>GU-Ausbau Boden, Decke, Wand, Technik, R\u00fcckbau, Trockenbau, Malerarbeiten, Bodenbelag, Vorbeugender Brandschutz<\/li><li>&#8211;<\/li><li>none<\/li><li>2<\/li><\/ul>\n<\/div><\/li><li class=\"listing-item\"><div class=\"content\"><ul>\n<li>City Point<\/li>\n<li>Bochum<\/li>\n<li>Maler- und Trockenbauarbeiten<\/li>\n<li>&#8211;<\/li>\n<li>none<\/li>\n<li>2<\/li>\n<\/ul>\n<\/div><\/li><li class=\"listing-item\"><div class=\"content\"><ul>\n<li>City-Center<\/li>\n<li>Essen<\/li>\n<li>GU-Ausbau &#8211; R\u00fcckbau, Decke, Boden, Wand, Shop-fassade mit HSW-Anlage<\/li>\n<li>&#8211;<\/li>\n<li>none<\/li>\n<li>2<\/li>\n<\/ul>\n<\/div><\/li><li class=\"listing-item\"><div class=\"content\"><ul>\n<li>City-Galerie<\/li>\n<li>Hameln<\/li>\n<li>GU-Ausbau &#8211; Decke, Boden, Wand<\/li>\n<li>&#8211;<\/li>\n<li>none<\/li>\n<li>2<\/li>\n<\/ul>\n<\/div><\/li><li class=\"listing-item\"><div class=\"content\">\n<ul><li>Debitel<\/li><li>bundesweit<\/li><li>GU-Leistungen Ausbau, Malerarbeiten, Trockenbau Bodenbelag, Heizung, Klima, Sanit\u00e4r, Elektro<\/li><li>&#8211;<\/li><li>none<\/li><li>2<\/li><\/ul>\n<\/div><\/li><li class=\"listing-item\"><div class=\"content\">\n<ul class=\"fade-link grey\"><li>Einkaufscenter<\/li><li>bundesweit<\/li><li>Konzeption, Organisation, Logistik, Gewerke und Technik f\u00fcr den Um- und Ausbau verschiedener Einkaufscenter im Bundesgebiet.<\/li><li><a href=\"https:\/\/hetzelsponheuer.de\/de\/referenzen\/einkaufscenter-bundesweit\" data-wplink-url-error=\"true\">mehr<\/a><\/li><li>&#8211;<\/li><li>2<\/li><\/ul>\n<\/div><\/li><li class=\"listing-item\"><div class=\"content\">\n<ul class=\"fade-link grey\"><li>Einzelhandelsfl\u00e4che<\/li><li>Trier<\/li><li>Umbau im laufenden Betrieb, Generalunternehmerschaft (GU), Technikkoordinierung, Projektmanagement, Qualit\u00e4ts\u00fcberwachung, Arbeitssicherheit SiGeKo, K\u00e4lte- und Klimatechnik<\/li><li><a href=\"https:\/\/hetzelsponheuer.de\/de\/referenzen\/einzelhandelsflaeche-trier\" data-wplink-url-error=\"true\">mehr<\/a><\/li><li>&#8211;<\/li><li>2<\/li><\/ul>\n<\/div><\/li><li class=\"listing-item\"><div class=\"content\">\n<ul><li>Fiolino Shop<\/li><li>D\u00fcsseldorf<\/li><li>GU-Leistungen Ausbau<\/li><li>&#8211;<\/li><li>none<\/li><li>2<\/li><\/ul>\n<\/div><\/li><li class=\"listing-item\"><div class=\"content\">\n<ul class=\"fade-link grey\"><li>Food Lounge \u00b7 Arcaden D\u00fcsseldorf<\/li><li>D\u00fcsseldorf<\/li><li>Fassaden\u00f6ffnung, Innenausbau<\/li><li><a href=\"https:\/\/hetzelsponheuer.de\/de\/referenzen\/food-lounge-arcaden-duesseldorf\">mehr<\/a><\/li><li>&#8211;<\/li><li>2<\/li><\/ul>\n<\/div><\/li><li class=\"listing-item\"><div class=\"content\">\n<ul><li>Galileo Center<\/li><li>D\u00fcsseldorf<\/li><li>Fl\u00e4chengestaltung, Spachtel-, Malerarbeiten<\/li><li>&#8211;<\/li><li>none<\/li><li>2<\/li><\/ul>\n<\/div><\/li><li class=\"listing-item\"><div class=\"content\">\n<ul><li>Gerry Weber<\/li><li>bundesweit<\/li><li>GU-Leistungen &#8220;Boden, Decke, Wand&#8221;, Trockenbau, Bodenbelag, Malerarbeiten, Ausbau, Renovierung<\/li><li>&#8211;<\/li><li>none<\/li><li>2<\/li><\/ul>\n<\/div><\/li><li class=\"listing-item\"><div class=\"content\">\n<ul class=\"fade-link grey\"><li>Hennes und Mauritz<\/li><li>bundesweit<\/li><li>GU-Leistungen &#8220;Einkaufscenter und Ladenlokal&#8221;<\/li><li><a href=\"https:\/\/hetzelsponheuer.de\/de\/referenzen\/hennes-und-mauritz-bundesweit\" data-wplink-url-error=\"true\">mehr<\/a><\/li><li>&#8211;<\/li><li>2<\/li><\/ul>\n<\/div><\/li><li class=\"listing-item\"><div class=\"content\">\n<ul><li>Herold Center<\/li><li>Norderstedt<\/li><li>GU Leistungen &#8211; Planung, Statik, Bauleitung, Abbruch, Ausbau, Rohbau,<\/li><li>&#8211;<\/li><li>none<\/li><li>2<\/li><\/ul>\n<\/div><\/li><li class=\"listing-item\"><div class=\"content\">\n<ul><li>JOOP!<\/li><li>D\u00fcsseldorf<\/li><li>Showroom, GU-Leistungen Ausbau<\/li><li>&#8211;<\/li><li>none<\/li><li>2<\/li><\/ul>\n<\/div><\/li><li class=\"listing-item\"><div class=\"content\">\n<ul><li>Karstadt AG<\/li><li>bundesweit<\/li><li>Neugestaltung Verkaufsfl\u00e4chen &#8211; Malerarbeiten, Fl\u00e4chengestaltung Spachteltechniken, Fassadengestaltung, Brandschutz, Bodenbelag, Trockenbau<\/li><li>&#8211;<\/li><li>none<\/li><li>2<\/li><\/ul>\n<\/div><\/li><li class=\"listing-item\"><div class=\"content\">\n<ul class=\"fade-link grey\"><li>K\u00f6 Galerie<\/li><li>D\u00fcsseldorf<\/li><li>GU-Ausbau von 2 B\u00fcrofl\u00e4chen, Dach- und Fassadenarbeiten (Pfosten-Riegel Fassade, Aluminium-Dachsystem)<\/li><li><a href=\"https:\/\/hetzelsponheuer.de\/de\/referenzen\/koe-galerie-duesseldorf\" data-wplink-url-error=\"true\">mehr<\/a><\/li><li>none<\/li><li>2<\/li><\/ul>\n<\/div><\/li><li class=\"listing-item\"><div class=\"content\">\n<ul class=\"fade-link grey\"><li>K\u00f6ln Arcaden<\/li><li>K\u00f6ln Kalk<\/li><li>Umbau im laufenden Betrieb<\/li><li><a href=\"https:\/\/hetzelsponheuer.de\/de\/referenzen\/koeln-arcaden-kalk\/\">mehr<\/a><\/li><li>&#8211;<\/li><li>2<\/li><\/ul>\n<\/div><\/li><li class=\"listing-item\"><div class=\"content\">\n<ul><li>Leo-Center<\/li><li>Leonberg<\/li><li>GU-Ausbau: Boden, Decke, Wand, Technik<\/li><li>&#8211;<\/li><li>none<\/li><li>2<\/li><\/ul>\n<\/div><\/li><li class=\"listing-item\"><div class=\"content\">\n<ul><li>L\u00f6hr-Center<\/li><li>Koblenz<\/li><li>Ausbau Boden, Decke, Wand, Technik, Brandschutz<\/li><li>&#8211;<\/li><li>none<\/li><li>2<\/li><\/ul>\n<\/div><\/li><li class=\"listing-item\"><div class=\"content\">\n<ul><li>M\u00f6we Store<\/li><li>D\u00fcsseldorf<\/li><li>GU-Leistungen Ausbau<\/li><li>&#8211;<\/li><li>none<\/li><li>2<\/li><\/ul>\n<\/div><\/li><li class=\"listing-item\"><div class=\"content\">\n<ul><li>Rhein Ruhr Zentrum<\/li><li>M\u00fclheim<\/li><li>Oberfl\u00e4chen, Trockenbau, Betonsanierung<\/li><li>&#8211;<\/li><li>none<\/li><li>2<\/li><\/ul>\n<\/div><\/li><li class=\"listing-item\"><div class=\"content\">\n<ul class=\"fade-link grey\"><li>Rhein-Center<\/li><li>K\u00f6ln-Weiden<\/li><li>Umbau im laufenden Betrieb, Generalunternehmerschaft (GU), Technikkoordinierung, Projektmanagement, Qualit\u00e4ts\u00fcberwachung, Arbeitssicherheit SiGeKo, K\u00e4lte- und Klimatechnik<\/li><li><a href=\"https:\/\/hetzelsponheuer.de\/de\/referenzen\/rhein-center-koeln\" data-wplink-url-error=\"true\">mehr<\/a><\/li><li>&#8211;<\/li><li>2<\/li><\/ul>\n<\/div><\/li><li class=\"listing-item\"><div class=\"content\">\n<ul><li>Rhein-Ruhr-Zentrum<\/li><li>M\u00fclheim<\/li><li>GU-Ausbau, Decke, Boden, Wand, Brand-schutz, Stahlbetonarbeiten<\/li><li>&#8211;<\/li><li>none<\/li><li>2<\/li><\/ul>\n<\/div><\/li><li class=\"listing-item\"><div class=\"content\">\n<ul><li>Runners Point<\/li><li>Hamburg<\/li><li>Trockenbau, Malerarbeiten, Bodenbelag<\/li><li>&#8211;<\/li><li>none<\/li><li>2<\/li><\/ul>\n<\/div><\/li><li class=\"listing-item\"><div class=\"content\"><ul>\n<li>Sauer\u00adland Center<\/li>\n<li>L\u00fcden\u00adscheid<\/li>\n<li>GU Ausbau &#8211; Boden, Decke, Wand, Technik<\/li>\n<li>&#8211;<\/li>\n<li>none<\/li>\n<li>2<\/li>\n<\/ul>\n<\/div><\/li><li class=\"listing-item\"><div class=\"content\">\n<ul><li>Schwanenmarkt<\/li><li>Krefeld<\/li><li>GU-Ausbau, Decke, Boden, Wand<\/li><li>&#8211;<\/li><li>none<\/li><li>2<\/li><\/ul>\n<\/div><\/li><li class=\"listing-item\"><div class=\"content\">\n<ul class=\"fade-link grey\"><li>Starbucks Filialen<\/li><li>bundesweit<\/li><li>GU-Leistungen &#8220;Einkaufscenter und Ladenlokal&#8221;<\/li><li><a href=\"https:\/\/hetzelsponheuer.de\/de\/referenzen\/starbucks-coffee-stores-bundesweit\/\" data-type=\"URL\">mehr<\/a><\/li><li>&#8211;<\/li><li>2<\/li><\/ul>\n<\/div><\/li><li class=\"listing-item\"><div class=\"content\">\n<ul><li>Tui Reisecenter<\/li><li>bundesweit<\/li><li>GU-Leistungen, Rohbau, Ausbau Boden, Decke, Wand<\/li><li>&#8211;<\/li><li>none<\/li><li>2<\/li><\/ul>\n<\/div><\/li><li class=\"listing-item\"><div class=\"content\">\n<ul class=\"fade-link grey\"><li>WE fashion<\/li><li>bundesweit<\/li><li>Umsetzung eines neuen Shopkonzeptes<\/li><li><a href=\"https:\/\/hetzelsponheuer.de\/de\/referenzen\/we-fashion-bundesweit\">mehr<\/a><\/li><li>&#8211;<\/li><li>2<\/li><\/ul>\n<\/div><\/li><li class=\"listing-item\"><div class=\"content\"><ul>\n<li>Werre Park<\/li>\n<li>Bad Oeynhausen<\/li>\n<li>GU-Ausbau\/Umbau &#8211; Diverse Mietbereiche<\/li>\n<li>&#8211;<\/li>\n<li>none<\/li>\n<li>2<\/li>\n<\/ul>\n<\/div><\/li><\/ul>\n\n\n\n<div style=\"height:63px\" aria-hidden=\"true\" class=\"wp-block-spacer\"><\/div>\n\n<\/div>\n<\/div>\n<\/div>","protected":false},"excerpt":{"rendered":"","protected":false},"author":1,"featured_media":0,"parent":2760,"menu_order":2,"comment_status":"closed","ping_status":"closed","template":"page-fullwidth.php","meta":{"footnotes":""},"yoast_head":"<!-- This site is optimized with the Yoast SEO plugin v22.6 - https:\/\/yoast.com\/wordpress\/plugins\/seo\/ -->\n<title>Referenzen Liste \u00b7 Einkaufscenter Ladenlokal \u00b7 Hetzel+Sponheuer \u00b7 Essen<\/title>\n<meta name=\"robots\" content=\"index, follow, max-snippet:-1, max-image-preview:large, max-video-preview:-1\" \/>\n<link rel=\"canonical\" href=\"https:\/\/hetzelsponheuer.de\/de\/referenzen\/projektliste\/einkaufscenter-ladenlokal-l\/\" \/>\n<meta property=\"og:locale\" content=\"de_DE\" \/>\n<meta property=\"og:type\" content=\"article\" \/>\n<meta property=\"og:title\" content=\"Referenzen Liste \u00b7 Einkaufscenter Ladenlokal \u00b7 Hetzel+Sponheuer \u00b7 Essen\" \/>\n<meta property=\"og:url\" content=\"https:\/\/hetzelsponheuer.de\/de\/referenzen\/projektliste\/einkaufscenter-ladenlokal-l\/\" \/>\n<meta property=\"og:site_name\" content=\"Hetzel+Sponheuer \u00b7 de\" \/>\n<meta property=\"article:modified_time\" content=\"2019-10-28T14:44:57+00:00\" \/>\n<meta name=\"twitter:card\" content=\"summary_large_image\" \/>\n<script type=\"application\/ld+json\" class=\"yoast-schema-graph\">{\"@context\":\"https:\/\/schema.org\",\"@graph\":[{\"@type\":\"WebPage\",\"@id\":\"https:\/\/hetzelsponheuer.de\/de\/referenzen\/projektliste\/einkaufscenter-ladenlokal-l\/\",\"url\":\"https:\/\/hetzelsponheuer.de\/de\/referenzen\/projektliste\/einkaufscenter-ladenlokal-l\/\",\"name\":\"Referenzen Liste \u00b7 Einkaufscenter Ladenlokal \u00b7 Hetzel+Sponheuer \u00b7 Essen\",\"isPartOf\":{\"@id\":\"https:\/\/hetzelsponheuer.de\/de\/#website\"},\"datePublished\":\"2019-09-20T08:57:47+00:00\",\"dateModified\":\"2019-10-28T14:44:57+00:00\",\"breadcrumb\":{\"@id\":\"https:\/\/hetzelsponheuer.de\/de\/referenzen\/projektliste\/einkaufscenter-ladenlokal-l\/#breadcrumb\"},\"inLanguage\":\"de\",\"potentialAction\":[{\"@type\":\"ReadAction\",\"target\":[\"https:\/\/hetzelsponheuer.de\/de\/referenzen\/projektliste\/einkaufscenter-ladenlokal-l\/\"]}]},{\"@type\":\"BreadcrumbList\",\"@id\":\"https:\/\/hetzelsponheuer.de\/de\/referenzen\/projektliste\/einkaufscenter-ladenlokal-l\/#breadcrumb\",\"itemListElement\":[{\"@type\":\"ListItem\",\"position\":1,\"name\":\"Startseite\",\"item\":\"https:\/\/hetzelsponheuer.de\/de\/\"},{\"@type\":\"ListItem\",\"position\":2,\"name\":\"Referenzen\",\"item\":\"https:\/\/hetzelsponheuer.de\/de\/referenzen\/\"},{\"@type\":\"ListItem\",\"position\":3,\"name\":\"Projektliste\",\"item\":\"https:\/\/hetzelsponheuer.de\/de\/referenzen\/projektliste\/\"},{\"@type\":\"ListItem\",\"position\":4,\"name\":\"Einkaufscenter Ladenlokal (L)\"}]},{\"@type\":\"WebSite\",\"@id\":\"https:\/\/hetzelsponheuer.de\/de\/#website\",\"url\":\"https:\/\/hetzelsponheuer.de\/de\/\",\"name\":\"Hetzel+Sponheuer \u00b7 de\",\"description\":\"L\u00f6sungen f\u00fcr Ihr Bauprojekt\",\"publisher\":{\"@id\":\"https:\/\/hetzelsponheuer.de\/de\/#organization\"},\"inLanguage\":\"de\"},{\"@type\":\"Organization\",\"@id\":\"https:\/\/hetzelsponheuer.de\/de\/#organization\",\"name\":\"Hetzel+Sponheuer GmbH & Co. KG\",\"url\":\"https:\/\/hetzelsponheuer.de\/de\/\",\"logo\":{\"@type\":\"ImageObject\",\"inLanguage\":\"de\",\"@id\":\"https:\/\/hetzelsponheuer.de\/de\/#\/schema\/logo\/image\/\",\"url\":\"https:\/\/hetzelsponheuer.de\/en\/wp-content\/uploads\/sites\/2\/2020\/02\/logo_hetzelsponheuer.png\",\"contentUrl\":\"https:\/\/hetzelsponheuer.de\/en\/wp-content\/uploads\/sites\/2\/2020\/02\/logo_hetzelsponheuer.png\",\"width\":360,\"height\":24,\"caption\":\"Hetzel+Sponheuer GmbH & Co. KG\"},\"image\":{\"@id\":\"https:\/\/hetzelsponheuer.de\/de\/#\/schema\/logo\/image\/\"},\"sameAs\":[\"https:\/\/www.linkedin.com\/company\/hetzel-sponheuer-gmbh-&amp;-co.-kg\"]}]}<\/script>\n<!-- \/ Yoast SEO plugin. -->","yoast_head_json":{"title":"Referenzen Liste \u00b7 Einkaufscenter Ladenlokal \u00b7 Hetzel+Sponheuer \u00b7 Essen","robots":{"index":"index","follow":"follow","max-snippet":"max-snippet:-1","max-image-preview":"max-image-preview:large","max-video-preview":"max-video-preview:-1"},"canonical":"https:\/\/hetzelsponheuer.de\/de\/referenzen\/projektliste\/einkaufscenter-ladenlokal-l\/","og_locale":"de_DE","og_type":"article","og_title":"Referenzen Liste \u00b7 Einkaufscenter Ladenlokal \u00b7 Hetzel+Sponheuer \u00b7 Essen","og_url":"https:\/\/hetzelsponheuer.de\/de\/referenzen\/projektliste\/einkaufscenter-ladenlokal-l\/","og_site_name":"Hetzel+Sponheuer \u00b7 de","article_modified_time":"2019-10-28T14:44:57+00:00","twitter_card":"summary_large_image","schema":{"@context":"https:\/\/schema.org","@graph":[{"@type":"WebPage","@id":"https:\/\/hetzelsponheuer.de\/de\/referenzen\/projektliste\/einkaufscenter-ladenlokal-l\/","url":"https:\/\/hetzelsponheuer.de\/de\/referenzen\/projektliste\/einkaufscenter-ladenlokal-l\/","name":"Referenzen Liste \u00b7 Einkaufscenter Ladenlokal \u00b7 Hetzel+Sponheuer \u00b7 Essen","isPartOf":{"@id":"https:\/\/hetzelsponheuer.de\/de\/#website"},"datePublished":"2019-09-20T08:57:47+00:00","dateModified":"2019-10-28T14:44:57+00:00","breadcrumb":{"@id":"https:\/\/hetzelsponheuer.de\/de\/referenzen\/projektliste\/einkaufscenter-ladenlokal-l\/#breadcrumb"},"inLanguage":"de","potentialAction":[{"@type":"ReadAction","target":["https:\/\/hetzelsponheuer.de\/de\/referenzen\/projektliste\/einkaufscenter-ladenlokal-l\/"]}]},{"@type":"BreadcrumbList","@id":"https:\/\/hetzelsponheuer.de\/de\/referenzen\/projektliste\/einkaufscenter-ladenlokal-l\/#breadcrumb","itemListElement":[{"@type":"ListItem","position":1,"name":"Startseite","item":"https:\/\/hetzelsponheuer.de\/de\/"},{"@type":"ListItem","position":2,"name":"Referenzen","item":"https:\/\/hetzelsponheuer.de\/de\/referenzen\/"},{"@type":"ListItem","position":3,"name":"Projektliste","item":"https:\/\/hetzelsponheuer.de\/de\/referenzen\/projektliste\/"},{"@type":"ListItem","position":4,"name":"Einkaufscenter Ladenlokal (L)"}]},{"@type":"WebSite","@id":"https:\/\/hetzelsponheuer.de\/de\/#website","url":"https:\/\/hetzelsponheuer.de\/de\/","name":"Hetzel+Sponheuer \u00b7 de","description":"L\u00f6sungen f\u00fcr Ihr Bauprojekt","publisher":{"@id":"https:\/\/hetzelsponheuer.de\/de\/#organization"},"inLanguage":"de"},{"@type":"Organization","@id":"https:\/\/hetzelsponheuer.de\/de\/#organization","name":"Hetzel+Sponheuer GmbH & Co. KG","url":"https:\/\/hetzelsponheuer.de\/de\/","logo":{"@type":"ImageObject","inLanguage":"de","@id":"https:\/\/hetzelsponheuer.de\/de\/#\/schema\/logo\/image\/","url":"https:\/\/hetzelsponheuer.de\/en\/wp-content\/uploads\/sites\/2\/2020\/02\/logo_hetzelsponheuer.png","contentUrl":"https:\/\/hetzelsponheuer.de\/en\/wp-content\/uploads\/sites\/2\/2020\/02\/logo_hetzelsponheuer.png","width":360,"height":24,"caption":"Hetzel+Sponheuer GmbH & Co. KG"},"image":{"@id":"https:\/\/hetzelsponheuer.de\/de\/#\/schema\/logo\/image\/"},"sameAs":["https:\/\/www.linkedin.com\/company\/hetzel-sponheuer-gmbh-&amp;-co.-kg"]}]}},"_links":{"self":[{"href":"https:\/\/hetzelsponheuer.de\/de\/wp-json\/wp\/v2\/pages\/3587"}],"collection":[{"href":"https:\/\/hetzelsponheuer.de\/de\/wp-json\/wp\/v2\/pages"}],"about":[{"href":"https:\/\/hetzelsponheuer.de\/de\/wp-json\/wp\/v2\/types\/page"}],"author":[{"embeddable":true,"href":"https:\/\/hetzelsponheuer.de\/de\/wp-json\/wp\/v2\/users\/1"}],"replies":[{"embeddable":true,"href":"https:\/\/hetzelsponheuer.de\/de\/wp-json\/wp\/v2\/comments?post=3587"}],"version-history":[{"count":12,"href":"https:\/\/hetzelsponheuer.de\/de\/wp-json\/wp\/v2\/pages\/3587\/revisions"}],"predecessor-version":[{"id":3635,"href":"https:\/\/hetzelsponheuer.de\/de\/wp-json\/wp\/v2\/pages\/3587\/revisions\/3635"}],"up":[{"embeddable":true,"href":"https:\/\/hetzelsponheuer.de\/de\/wp-json\/wp\/v2\/pages\/2760"}],"wp:attachment":[{"href":"https:\/\/hetzelsponheuer.de\/de\/wp-json\/wp\/v2\/media?parent=3587"}],"curies":[{"name":"wp","href":"https:\/\/api.w.org\/{rel}","templated":true}]}}