{"id":4220,"date":"2019-09-29T15:36:55","date_gmt":"2019-09-29T13:36:55","guid":{"rendered":"http:\/\/hetzelsponheuer.de\/de\/?page_id=4220"},"modified":"2021-07-08T11:56:16","modified_gmt":"2021-07-08T09:56:16","slug":"farbkonzepte","status":"publish","type":"page","link":"https:\/\/hetzelsponheuer.de\/de\/leistungen\/planung-und-gestaltung\/farbkonzepte\/","title":{"rendered":"Farbkonzepte"},"content":{"rendered":"\n<div style=\"height:32px\" aria-hidden=\"true\" class=\"wp-block-spacer\"><\/div>\n\n\n<div class=\"banner row x-4 md-3-3-3-3 sm-0-0-6-6 wp-block-lazyblock-inner-block lazyblock-inner-block-1VnMmQ\">\n<div class=\"col wp-block-lazyblock-inner-block lazyblock-inner-block-nvywj\">\n<div class=\"wp-block-lazyblock-inner-block lazyblock-inner-block-2f1bMe\">\n\n<p>  <\/p>\n\n<\/div>\n<\/div>\n\n<div class=\"col wp-block-lazyblock-inner-block lazyblock-inner-block-Z1pHcQp\">\n<div class=\"bg grey img wp-block-lazyblock-inner-block lazyblock-inner-block-ZUTuSG\">\n\n<figure class=\"wp-block-image\"><img decoding=\"async\" loading=\"lazy\" width=\"373\" height=\"526\" src=\"https:\/\/hetzelsponheuer.de\/de\/wp-content\/uploads\/sites\/2\/2019\/09\/farbkonzepte-0943-links.jpg\" alt=\"\" class=\"wp-image-4223\" srcset=\"https:\/\/hetzelsponheuer.de\/de\/wp-content\/uploads\/sites\/2\/2019\/09\/farbkonzepte-0943-links.jpg 373w, https:\/\/hetzelsponheuer.de\/de\/wp-content\/uploads\/sites\/2\/2019\/09\/farbkonzepte-0943-links-284x400.jpg 284w\" sizes=\"(max-width: 373px) 100vw, 373px\" \/><\/figure>\n\n<\/div>\n<\/div>\n\n<div class=\"col wp-block-lazyblock-inner-block lazyblock-inner-block-1znxxg\">\n<div class=\"bg grey img wp-block-lazyblock-inner-block lazyblock-inner-block-1lMtYQ\">\n\n<figure class=\"wp-block-image\"><img decoding=\"async\" loading=\"lazy\" width=\"373\" height=\"526\" src=\"https:\/\/hetzelsponheuer.de\/de\/wp-content\/uploads\/sites\/2\/2019\/09\/farbkonzepte-0943-mitte.jpg\" alt=\"\" class=\"wp-image-4224\" srcset=\"https:\/\/hetzelsponheuer.de\/de\/wp-content\/uploads\/sites\/2\/2019\/09\/farbkonzepte-0943-mitte.jpg 373w, https:\/\/hetzelsponheuer.de\/de\/wp-content\/uploads\/sites\/2\/2019\/09\/farbkonzepte-0943-mitte-284x400.jpg 284w\" sizes=\"(max-width: 373px) 100vw, 373px\" \/><\/figure>\n\n<\/div>\n<\/div>\n\n<div class=\"col wp-block-lazyblock-inner-block lazyblock-inner-block-Z2bMYIL\">\n<div class=\"bg grey img wp-block-lazyblock-inner-block lazyblock-inner-block-ZKAn6g\">\n\n<figure class=\"wp-block-image\"><img decoding=\"async\" loading=\"lazy\" width=\"373\" height=\"526\" src=\"https:\/\/hetzelsponheuer.de\/de\/wp-content\/uploads\/sites\/2\/2019\/09\/farbkonzepte-0943-rechts.jpg\" alt=\"\" class=\"wp-image-4225\" srcset=\"https:\/\/hetzelsponheuer.de\/de\/wp-content\/uploads\/sites\/2\/2019\/09\/farbkonzepte-0943-rechts.jpg 373w, https:\/\/hetzelsponheuer.de\/de\/wp-content\/uploads\/sites\/2\/2019\/09\/farbkonzepte-0943-rechts-284x400.jpg 284w\" sizes=\"(max-width: 373px) 100vw, 373px\" \/><\/figure>\n\n<\/div>\n<\/div>\n<\/div>\n\n<div class=\"row x-24 md-3-9 sm-0-12 wp-block-lazyblock-inner-block lazyblock-inner-block-ZTepAb\">\n<div class=\"col wp-block-lazyblock-inner-block lazyblock-inner-block-Z23kHAU\">\n<div class=\"wp-block-lazyblock-inner-block lazyblock-inner-block-2rAEvE\">\n\n<p>  <\/p>\n\n<\/div>\n<\/div>\n\n<div class=\"col wp-block-lazyblock-inner-block lazyblock-inner-block-Z21Dhan\">\n<div class=\"wp-block-lazyblock-inner-block lazyblock-inner-block-ZQPGWH\">\n\n<p class=\"topline js close grey\"><a href=\"https:\/\/hetzelsponheuer.de\/de\/leistungen\/intro-leistungen\/\">Leistungen<\/a> \u00b7 <a href=\"https:\/\/hetzelsponheuer.de\/de\/leistungen\/planung-und-gestaltung\">Planung Gestaltung<\/a> \u00b7 Farbkonzepte<\/p>\n\n\n\n<h2 class=\"h1 wp-block-heading\">\u00adWirkung <span class=\"grey\">erzielen<\/span><\/h2>\n\n<\/div>\n<\/div>\n<\/div>\n\n<div class=\"row x-24 md-3-6-3 sm-12-12-12 wp-block-lazyblock-inner-block lazyblock-inner-block-Z1boxei\">\n<div class=\"col wp-block-lazyblock-inner-block lazyblock-inner-block-ZvDjde\">\n<div class=\"wp-block-lazyblock-inner-block lazyblock-inner-block-Zxfats\">\n\n<p class=\"md-right pl-24 color\">Erfrischend, belebend, beruhigend, w\u00e4rmend, inspirierend \u2013 mit Farbe lassen sich Stimmungen erzeugen, Gef\u00fchle darstellen und Verhaltensweisen beeinflussen.<\/p>\n\n\n\n<p><\/p>\n\n<\/div>\n<\/div>\n\n<div class=\"col wp-block-lazyblock-inner-block lazyblock-inner-block-Z106B1y\">\n<div class=\"wp-block-lazyblock-inner-block lazyblock-inner-block-1tB0RI\">\n\n<p>Das Zusammenspiel von Farbe und Architektur ist unser st\u00e4ndiger Begleiter wenn wir Bauherrenw\u00fcnsche in der Praxis umsetzen. \u00dcber Farbe erh\u00e4lt Architektur unendliche Gestaltungsm\u00f6glichkeiten. Dies k\u00f6nnen wir unterst\u00fctzen und mit unseren Kunden gemeinsam weiter entwickeln.<\/p>\n\n\n\n<p>Die Hetzel + Sponheuer GmbH &amp; Co. KG ist Berater, Planer und Ausf\u00fchrender zugleich, wenn es um die farblichen Gestaltungsm\u00f6glichkeiten von Geb\u00e4uden geht \u2013 sowohl innen als auch au\u00dfen. Zus\u00e4tzlich zur Farbwahl achten wir auf die richtige Produktwahl, um beispielsweise abwaschbare, besonders robuste oder nat\u00fcrliche Beschichtungsstoffe einzusetzen. Wir stimmen bereits zu Beginn m\u00f6gliche Applikationstechniken sowie unterschiedliche Materialisierungen ab \u2013 je nach Verarbeitungstechnik und Untergrundbeschaffenheit. Anforderungen von Denkmalbeh\u00f6rden bringen wir in Deckung mit den Anspr\u00fcchen an optische Gestaltung und Dauerhaftigkeit. Auch Umweltaspekte werden von Anfang an ber\u00fccksichtigt \u2013&nbsp;von der richtigen Gebindegr\u00f6\u00dfe bis zur Entsorgung.<\/p>\n\n\n\n<h3 class=\"h4 wp-block-heading\">Grenzenlose Farb- und Beschichtungs-Vielfalt<\/h3>\n\n\n\n<p>Der Beschichtungsstoff ist heute so vielf\u00e4ltig wie seine Einsatzgebiete. So verarbeiten wir in den unterschiedlichsten Anwendungsbereichen rein mineralische Farben, dispergierte Stoffe, mehrkomponentige Produkte in unterschiedlichsten Qualit\u00e4tsklassen (Nassabriebklassen) oder gar witterungsbest\u00e4ndigen Ausf\u00fchrungen.<\/p>\n\n\n\n<h3 class=\"h4 wp-block-heading\">Leistungen &#8220;Farbkonzepte&#8221;<\/h3>\n\n\n\n<ul class=\"border\"><li>Innenraumdesign<\/li><li>Fassadengestaltung<\/li><li>Entw\u00fcrfe und Farbanalyse<\/li><li>Dekorative und raumbildende Elemente<\/li><\/ul>\n\n\n\n<h3 class=\"h4 wp-block-heading\">Es kommt auch auf die Technik an<\/h3>\n\n\n\n<p class=\"fade-link js close\">Um besondere Effekte und farblich \u00e4sthetische Akzente zu setzen, muss sowohl die Farbwahl als auch die Appllikationstechnik stimmen. Ob spezielle Strukturen, Spachteltechniken oder Marmorierungen \u2013&nbsp;unsere Fachleute beherrschen neuzeitliche und historische Arten der Oberfl\u00e4chenveredelung. F\u00fcr eine nachhaltige Raumwirkung, die zu dem jeweiligen Objekt passt. Wir&nbsp;<a href=\"https:\/\/hetzelsponheuer.de\/de\/leistungen\/#bewertung-und-beratung\">beraten<\/a>&nbsp;Sie gerne.<\/p>\n\n\n\n<div style=\"height:120px\" aria-hidden=\"true\" class=\"wp-block-spacer\"><\/div>\n\n<\/div>\n<\/div>\n\n<div class=\"col wp-block-lazyblock-inner-block lazyblock-inner-block-ZYYA2b\">\n<div class=\"wp-block-lazyblock-inner-block lazyblock-inner-block-Z1zUc3V\">\n\n<h4 class=\"wp-block-heading\">Beratung und Gewerke Farbkonzepte<\/h4>\n\n\n\n<ul><li>Beratungsleistung<br>z.B. Farbpsychologie<\/li><li>Ausf\u00fchrung Applikations-\/Beschichtungstechniken<\/li><li>Oberfl\u00e4chenveredelung<\/li><li>Malerarbeiten Innen\/Aussen<\/li><\/ul>\n\n\n\n<h4 class=\"wp-block-heading\">Referenzen<\/h4>\n\n\n\n<p>Ausgew\u00e4hlte Referenzen zum Thema Farbkonzept<\/p>\n\n\n\n<ul class=\"grey fade-link\"><li><a href=\"https:\/\/hetzelsponheuer.de\/de\/referenzen\/f-v-s-gymnasium-muenster\/\">Freiherr-vom-Stein Gymnasium, M\u00fcnster<\/a><\/li><li><a href=\"https:\/\/hetzelsponheuer.de\/de\/referenzen\/alte-synagoge-essen\/\">Alte Synagoge, Essen<\/a><\/li><\/ul>\n\n\n\n<h4 class=\"wp-block-heading\">Optimierte Leistungspakete<\/h4>\n\n\n\n<ul class=\"fade-link grey\"><li><a href=\"https:\/\/hetzelsponheuer.de\/de\/loesungen\/#wohnen-gewerbe-industrie\">Wohnen Gewerbe Industrie<\/a><\/li><li><a href=\"https:\/\/hetzelsponheuer.de\/de\/loesungen\/#einkaufscenter-ladenlokal\">Einkaufscenter Ladenlokal<\/a><\/li><li><a href=\"https:\/\/hetzelsponheuer.de\/de\/loesungen\/#hotel-gastronomie\">Hotel Gastronomie<\/a><\/li><li><a href=\"https:\/\/hetzelsponheuer.de\/de\/loesungen\/#bauwerterhaltung-denkmalschutz\">Bauwerterhaltung Denkmalschutz<\/a><\/li><\/ul>\n\n\n\n<p><br><\/p>\n\n<\/div>\n<\/div>\n<\/div>","protected":false},"excerpt":{"rendered":"","protected":false},"author":1,"featured_media":0,"parent":446,"menu_order":1,"comment_status":"closed","ping_status":"closed","template":"page-fullwidth.php","meta":{"footnotes":""},"yoast_head":"<!-- This site is optimized with the Yoast SEO plugin v22.6 - https:\/\/yoast.com\/wordpress\/plugins\/seo\/ -->\n<title>Leistungen \u00b7 Planung und Gestaltung \u00b7 Farbkonzepte \u00b7 Hetzel+Sponheuer<\/title>\n<meta name=\"description\" content=\"Wir beraten bei Farben, Formen und Oberfl\u00e4chen. Eine professionelle Darstellung, kombiniert mit Farb- und Materialmustern, macht die Entscheidung leichter.\" \/>\n<meta name=\"robots\" content=\"index, follow, max-snippet:-1, max-image-preview:large, max-video-preview:-1\" \/>\n<link rel=\"canonical\" href=\"https:\/\/hetzelsponheuer.de\/de\/leistungen\/planung-und-gestaltung\/farbkonzepte\/\" \/>\n<meta property=\"og:locale\" content=\"de_DE\" \/>\n<meta property=\"og:type\" content=\"article\" \/>\n<meta property=\"og:title\" content=\"Leistungen \u00b7 Planung und Gestaltung \u00b7 Farbkonzepte \u00b7 Hetzel+Sponheuer\" \/>\n<meta property=\"og:description\" content=\"Wir beraten bei Farben, Formen und Oberfl\u00e4chen. Eine professionelle Darstellung, kombiniert mit Farb- und Materialmustern, macht die Entscheidung leichter.\" \/>\n<meta property=\"og:url\" content=\"https:\/\/hetzelsponheuer.de\/de\/leistungen\/planung-und-gestaltung\/farbkonzepte\/\" \/>\n<meta property=\"og:site_name\" content=\"Hetzel+Sponheuer \u00b7 de\" \/>\n<meta property=\"article:modified_time\" content=\"2021-07-08T09:56:16+00:00\" \/>\n<meta property=\"og:image\" content=\"https:\/\/hetzelsponheuer.de\/de\/wp-content\/uploads\/sites\/2\/2019\/09\/farbkonzepte-0943-links.jpg\" \/>\n<meta name=\"twitter:card\" content=\"summary_large_image\" \/>\n<meta name=\"twitter:label1\" content=\"Gesch\u00e4tzte Lesezeit\" \/>\n\t<meta name=\"twitter:data1\" content=\"2\u00a0Minuten\" \/>\n<script type=\"application\/ld+json\" class=\"yoast-schema-graph\">{\"@context\":\"https:\/\/schema.org\",\"@graph\":[{\"@type\":\"WebPage\",\"@id\":\"https:\/\/hetzelsponheuer.de\/de\/leistungen\/planung-und-gestaltung\/farbkonzepte\/\",\"url\":\"https:\/\/hetzelsponheuer.de\/de\/leistungen\/planung-und-gestaltung\/farbkonzepte\/\",\"name\":\"Leistungen \u00b7 Planung und Gestaltung \u00b7 Farbkonzepte \u00b7 Hetzel+Sponheuer\",\"isPartOf\":{\"@id\":\"https:\/\/hetzelsponheuer.de\/de\/#website\"},\"primaryImageOfPage\":{\"@id\":\"https:\/\/hetzelsponheuer.de\/de\/leistungen\/planung-und-gestaltung\/farbkonzepte\/#primaryimage\"},\"image\":{\"@id\":\"https:\/\/hetzelsponheuer.de\/de\/leistungen\/planung-und-gestaltung\/farbkonzepte\/#primaryimage\"},\"thumbnailUrl\":\"https:\/\/hetzelsponheuer.de\/de\/wp-content\/uploads\/sites\/2\/2019\/09\/farbkonzepte-0943-links.jpg\",\"datePublished\":\"2019-09-29T13:36:55+00:00\",\"dateModified\":\"2021-07-08T09:56:16+00:00\",\"description\":\"Wir beraten bei Farben, Formen und Oberfl\u00e4chen. Eine professionelle Darstellung, kombiniert mit Farb- und Materialmustern, macht die Entscheidung leichter.\",\"breadcrumb\":{\"@id\":\"https:\/\/hetzelsponheuer.de\/de\/leistungen\/planung-und-gestaltung\/farbkonzepte\/#breadcrumb\"},\"inLanguage\":\"de\",\"potentialAction\":[{\"@type\":\"ReadAction\",\"target\":[\"https:\/\/hetzelsponheuer.de\/de\/leistungen\/planung-und-gestaltung\/farbkonzepte\/\"]}]},{\"@type\":\"ImageObject\",\"inLanguage\":\"de\",\"@id\":\"https:\/\/hetzelsponheuer.de\/de\/leistungen\/planung-und-gestaltung\/farbkonzepte\/#primaryimage\",\"url\":\"https:\/\/hetzelsponheuer.de\/de\/wp-content\/uploads\/sites\/2\/2019\/09\/farbkonzepte-0943-links.jpg\",\"contentUrl\":\"https:\/\/hetzelsponheuer.de\/de\/wp-content\/uploads\/sites\/2\/2019\/09\/farbkonzepte-0943-links.jpg\",\"width\":373,\"height\":526,\"caption\":\"Farbkonzepte Farbauswahl\"},{\"@type\":\"BreadcrumbList\",\"@id\":\"https:\/\/hetzelsponheuer.de\/de\/leistungen\/planung-und-gestaltung\/farbkonzepte\/#breadcrumb\",\"itemListElement\":[{\"@type\":\"ListItem\",\"position\":1,\"name\":\"Startseite\",\"item\":\"https:\/\/hetzelsponheuer.de\/de\/\"},{\"@type\":\"ListItem\",\"position\":2,\"name\":\"Leistungen\",\"item\":\"https:\/\/hetzelsponheuer.de\/de\/leistungen\/\"},{\"@type\":\"ListItem\",\"position\":3,\"name\":\"Planung und Gestaltung\",\"item\":\"https:\/\/hetzelsponheuer.de\/de\/leistungen\/planung-und-gestaltung\/\"},{\"@type\":\"ListItem\",\"position\":4,\"name\":\"Farbkonzepte\"}]},{\"@type\":\"WebSite\",\"@id\":\"https:\/\/hetzelsponheuer.de\/de\/#website\",\"url\":\"https:\/\/hetzelsponheuer.de\/de\/\",\"name\":\"Hetzel+Sponheuer \u00b7 de\",\"description\":\"L\u00f6sungen f\u00fcr Ihr Bauprojekt\",\"publisher\":{\"@id\":\"https:\/\/hetzelsponheuer.de\/de\/#organization\"},\"inLanguage\":\"de\"},{\"@type\":\"Organization\",\"@id\":\"https:\/\/hetzelsponheuer.de\/de\/#organization\",\"name\":\"Hetzel+Sponheuer GmbH & Co. KG\",\"url\":\"https:\/\/hetzelsponheuer.de\/de\/\",\"logo\":{\"@type\":\"ImageObject\",\"inLanguage\":\"de\",\"@id\":\"https:\/\/hetzelsponheuer.de\/de\/#\/schema\/logo\/image\/\",\"url\":\"https:\/\/hetzelsponheuer.de\/en\/wp-content\/uploads\/sites\/2\/2020\/02\/logo_hetzelsponheuer.png\",\"contentUrl\":\"https:\/\/hetzelsponheuer.de\/en\/wp-content\/uploads\/sites\/2\/2020\/02\/logo_hetzelsponheuer.png\",\"width\":360,\"height\":24,\"caption\":\"Hetzel+Sponheuer GmbH & Co. KG\"},\"image\":{\"@id\":\"https:\/\/hetzelsponheuer.de\/de\/#\/schema\/logo\/image\/\"},\"sameAs\":[\"https:\/\/www.linkedin.com\/company\/hetzel-sponheuer-gmbh-&amp;-co.-kg\"]}]}<\/script>\n<!-- \/ Yoast SEO plugin. -->","yoast_head_json":{"title":"Leistungen \u00b7 Planung und Gestaltung \u00b7 Farbkonzepte \u00b7 Hetzel+Sponheuer","description":"Wir beraten bei Farben, Formen und Oberfl\u00e4chen. Eine professionelle Darstellung, kombiniert mit Farb- und Materialmustern, macht die Entscheidung leichter.","robots":{"index":"index","follow":"follow","max-snippet":"max-snippet:-1","max-image-preview":"max-image-preview:large","max-video-preview":"max-video-preview:-1"},"canonical":"https:\/\/hetzelsponheuer.de\/de\/leistungen\/planung-und-gestaltung\/farbkonzepte\/","og_locale":"de_DE","og_type":"article","og_title":"Leistungen \u00b7 Planung und Gestaltung \u00b7 Farbkonzepte \u00b7 Hetzel+Sponheuer","og_description":"Wir beraten bei Farben, Formen und Oberfl\u00e4chen. Eine professionelle Darstellung, kombiniert mit Farb- und Materialmustern, macht die Entscheidung leichter.","og_url":"https:\/\/hetzelsponheuer.de\/de\/leistungen\/planung-und-gestaltung\/farbkonzepte\/","og_site_name":"Hetzel+Sponheuer \u00b7 de","article_modified_time":"2021-07-08T09:56:16+00:00","og_image":[{"url":"https:\/\/hetzelsponheuer.de\/de\/wp-content\/uploads\/sites\/2\/2019\/09\/farbkonzepte-0943-links.jpg"}],"twitter_card":"summary_large_image","twitter_misc":{"Gesch\u00e4tzte Lesezeit":"2\u00a0Minuten"},"schema":{"@context":"https:\/\/schema.org","@graph":[{"@type":"WebPage","@id":"https:\/\/hetzelsponheuer.de\/de\/leistungen\/planung-und-gestaltung\/farbkonzepte\/","url":"https:\/\/hetzelsponheuer.de\/de\/leistungen\/planung-und-gestaltung\/farbkonzepte\/","name":"Leistungen \u00b7 Planung und Gestaltung \u00b7 Farbkonzepte \u00b7 Hetzel+Sponheuer","isPartOf":{"@id":"https:\/\/hetzelsponheuer.de\/de\/#website"},"primaryImageOfPage":{"@id":"https:\/\/hetzelsponheuer.de\/de\/leistungen\/planung-und-gestaltung\/farbkonzepte\/#primaryimage"},"image":{"@id":"https:\/\/hetzelsponheuer.de\/de\/leistungen\/planung-und-gestaltung\/farbkonzepte\/#primaryimage"},"thumbnailUrl":"https:\/\/hetzelsponheuer.de\/de\/wp-content\/uploads\/sites\/2\/2019\/09\/farbkonzepte-0943-links.jpg","datePublished":"2019-09-29T13:36:55+00:00","dateModified":"2021-07-08T09:56:16+00:00","description":"Wir beraten bei Farben, Formen und Oberfl\u00e4chen. Eine professionelle Darstellung, kombiniert mit Farb- und Materialmustern, macht die Entscheidung leichter.","breadcrumb":{"@id":"https:\/\/hetzelsponheuer.de\/de\/leistungen\/planung-und-gestaltung\/farbkonzepte\/#breadcrumb"},"inLanguage":"de","potentialAction":[{"@type":"ReadAction","target":["https:\/\/hetzelsponheuer.de\/de\/leistungen\/planung-und-gestaltung\/farbkonzepte\/"]}]},{"@type":"ImageObject","inLanguage":"de","@id":"https:\/\/hetzelsponheuer.de\/de\/leistungen\/planung-und-gestaltung\/farbkonzepte\/#primaryimage","url":"https:\/\/hetzelsponheuer.de\/de\/wp-content\/uploads\/sites\/2\/2019\/09\/farbkonzepte-0943-links.jpg","contentUrl":"https:\/\/hetzelsponheuer.de\/de\/wp-content\/uploads\/sites\/2\/2019\/09\/farbkonzepte-0943-links.jpg","width":373,"height":526,"caption":"Farbkonzepte Farbauswahl"},{"@type":"BreadcrumbList","@id":"https:\/\/hetzelsponheuer.de\/de\/leistungen\/planung-und-gestaltung\/farbkonzepte\/#breadcrumb","itemListElement":[{"@type":"ListItem","position":1,"name":"Startseite","item":"https:\/\/hetzelsponheuer.de\/de\/"},{"@type":"ListItem","position":2,"name":"Leistungen","item":"https:\/\/hetzelsponheuer.de\/de\/leistungen\/"},{"@type":"ListItem","position":3,"name":"Planung und Gestaltung","item":"https:\/\/hetzelsponheuer.de\/de\/leistungen\/planung-und-gestaltung\/"},{"@type":"ListItem","position":4,"name":"Farbkonzepte"}]},{"@type":"WebSite","@id":"https:\/\/hetzelsponheuer.de\/de\/#website","url":"https:\/\/hetzelsponheuer.de\/de\/","name":"Hetzel+Sponheuer \u00b7 de","description":"L\u00f6sungen f\u00fcr Ihr Bauprojekt","publisher":{"@id":"https:\/\/hetzelsponheuer.de\/de\/#organization"},"inLanguage":"de"},{"@type":"Organization","@id":"https:\/\/hetzelsponheuer.de\/de\/#organization","name":"Hetzel+Sponheuer GmbH & Co. KG","url":"https:\/\/hetzelsponheuer.de\/de\/","logo":{"@type":"ImageObject","inLanguage":"de","@id":"https:\/\/hetzelsponheuer.de\/de\/#\/schema\/logo\/image\/","url":"https:\/\/hetzelsponheuer.de\/en\/wp-content\/uploads\/sites\/2\/2020\/02\/logo_hetzelsponheuer.png","contentUrl":"https:\/\/hetzelsponheuer.de\/en\/wp-content\/uploads\/sites\/2\/2020\/02\/logo_hetzelsponheuer.png","width":360,"height":24,"caption":"Hetzel+Sponheuer GmbH & Co. KG"},"image":{"@id":"https:\/\/hetzelsponheuer.de\/de\/#\/schema\/logo\/image\/"},"sameAs":["https:\/\/www.linkedin.com\/company\/hetzel-sponheuer-gmbh-&amp;-co.-kg"]}]}},"_links":{"self":[{"href":"https:\/\/hetzelsponheuer.de\/de\/wp-json\/wp\/v2\/pages\/4220"}],"collection":[{"href":"https:\/\/hetzelsponheuer.de\/de\/wp-json\/wp\/v2\/pages"}],"about":[{"href":"https:\/\/hetzelsponheuer.de\/de\/wp-json\/wp\/v2\/types\/page"}],"author":[{"embeddable":true,"href":"https:\/\/hetzelsponheuer.de\/de\/wp-json\/wp\/v2\/users\/1"}],"replies":[{"embeddable":true,"href":"https:\/\/hetzelsponheuer.de\/de\/wp-json\/wp\/v2\/comments?post=4220"}],"version-history":[{"count":3,"href":"https:\/\/hetzelsponheuer.de\/de\/wp-json\/wp\/v2\/pages\/4220\/revisions"}],"predecessor-version":[{"id":5782,"href":"https:\/\/hetzelsponheuer.de\/de\/wp-json\/wp\/v2\/pages\/4220\/revisions\/5782"}],"up":[{"embeddable":true,"href":"https:\/\/hetzelsponheuer.de\/de\/wp-json\/wp\/v2\/pages\/446"}],"wp:attachment":[{"href":"https:\/\/hetzelsponheuer.de\/de\/wp-json\/wp\/v2\/media?parent=4220"}],"curies":[{"name":"wp","href":"https:\/\/api.w.org\/{rel}","templated":true}]}}