{"id":4267,"date":"2019-09-29T18:23:07","date_gmt":"2019-09-29T16:23:07","guid":{"rendered":"http:\/\/hetzelsponheuer.de\/de\/?page_id=4267"},"modified":"2021-07-08T12:03:46","modified_gmt":"2021-07-08T10:03:46","slug":"rohbau","status":"publish","type":"page","link":"https:\/\/hetzelsponheuer.de\/de\/leistungen\/handwerk-und-technik\/rohbau\/","title":{"rendered":"Rohbau"},"content":{"rendered":"\n<div style=\"height:32px\" aria-hidden=\"true\" class=\"wp-block-spacer\"><\/div>\n\n\n<div class=\"banner row x-4 md-3-3-3-3 sm-0-0-6-6 wp-block-lazyblock-inner-block lazyblock-inner-block-Za7AOO\">\n<div class=\"col wp-block-lazyblock-inner-block lazyblock-inner-block-tK8zu\">\n<div class=\"wp-block-lazyblock-inner-block lazyblock-inner-block-uDOmM\">\n\n<p>  <\/p>\n\n<\/div>\n<\/div>\n\n<div class=\"col wp-block-lazyblock-inner-block lazyblock-inner-block-1DKrA6\">\n<div class=\"bg grey img wp-block-lazyblock-inner-block lazyblock-inner-block-Z57B2e\">\n\n<figure class=\"wp-block-image\"><img decoding=\"async\" loading=\"lazy\" width=\"373\" height=\"500\" src=\"https:\/\/hetzelsponheuer.de\/de\/wp-content\/uploads\/sites\/2\/2019\/09\/rohbau-3-links.jpg\" alt=\"Rohbau\" class=\"wp-image-4270\" srcset=\"https:\/\/hetzelsponheuer.de\/de\/wp-content\/uploads\/sites\/2\/2019\/09\/rohbau-3-links.jpg 373w, https:\/\/hetzelsponheuer.de\/de\/wp-content\/uploads\/sites\/2\/2019\/09\/rohbau-3-links-298x400.jpg 298w\" sizes=\"(max-width: 373px) 100vw, 373px\" \/><\/figure>\n\n<\/div>\n<\/div>\n\n<div class=\"col wp-block-lazyblock-inner-block lazyblock-inner-block-1M0ke4\">\n<div class=\"bg grey img wp-block-lazyblock-inner-block lazyblock-inner-block-Z2dIkNc\">\n\n<figure class=\"wp-block-image\"><img decoding=\"async\" loading=\"lazy\" width=\"373\" height=\"500\" src=\"https:\/\/hetzelsponheuer.de\/de\/wp-content\/uploads\/sites\/2\/2019\/09\/rohbau-3-mitte.jpg\" alt=\"Rohbau\" class=\"wp-image-4271\" srcset=\"https:\/\/hetzelsponheuer.de\/de\/wp-content\/uploads\/sites\/2\/2019\/09\/rohbau-3-mitte.jpg 373w, https:\/\/hetzelsponheuer.de\/de\/wp-content\/uploads\/sites\/2\/2019\/09\/rohbau-3-mitte-298x400.jpg 298w\" sizes=\"(max-width: 373px) 100vw, 373px\" \/><\/figure>\n\n<\/div>\n<\/div>\n\n<div class=\"col wp-block-lazyblock-inner-block lazyblock-inner-block-1rR5oI\">\n<div class=\"bg grey img wp-block-lazyblock-inner-block lazyblock-inner-block-Z1t6YE8\">\n\n<figure class=\"wp-block-image\"><img decoding=\"async\" loading=\"lazy\" width=\"373\" height=\"500\" src=\"https:\/\/hetzelsponheuer.de\/de\/wp-content\/uploads\/sites\/2\/2019\/09\/rohbau-3-rechts.jpg\" alt=\"Rohbau\" class=\"wp-image-4272\" srcset=\"https:\/\/hetzelsponheuer.de\/de\/wp-content\/uploads\/sites\/2\/2019\/09\/rohbau-3-rechts.jpg 373w, https:\/\/hetzelsponheuer.de\/de\/wp-content\/uploads\/sites\/2\/2019\/09\/rohbau-3-rechts-298x400.jpg 298w\" sizes=\"(max-width: 373px) 100vw, 373px\" \/><\/figure>\n\n<\/div>\n<\/div>\n<\/div>\n\n<div class=\"row x-24 md-3-9 sm-0-12 wp-block-lazyblock-inner-block lazyblock-inner-block-ZRRawX\">\n<div class=\"col wp-block-lazyblock-inner-block lazyblock-inner-block-ZrJMHN\">\n<div class=\"wp-block-lazyblock-inner-block lazyblock-inner-block-2eXEi0\">\n\n<p>  <\/p>\n\n<\/div>\n<\/div>\n\n<div class=\"col wp-block-lazyblock-inner-block lazyblock-inner-block-Zvpwga\">\n<div class=\"wp-block-lazyblock-inner-block lazyblock-inner-block-Z1vlYIl\">\n\n<p class=\"topline js close\"><a href=\"https:\/\/hetzelsponheuer.de\/de\/leistungen\/intro-leistungen\">Leistungen<\/a> \u00b7 <a href=\"https:\/\/hetzelsponheuer.de\/de\/leistungen\/handwerk-und-technik\">Handwerk und Technik <\/a>\u00b7 Rohbau<\/p>\n\n\n\n<h2 class=\"h1 wp-block-heading\"><span class=\"grey\">Von Grund auf<\/span> solide<\/h2>\n\n<\/div>\n<\/div>\n<\/div>\n\n<div class=\"row x-24 md-3-6-3 sm-0-12-0 wp-block-lazyblock-inner-block lazyblock-inner-block-Zm0oDf\">\n<div class=\"col wp-block-lazyblock-inner-block lazyblock-inner-block-1dD4Eq\">\n<div class=\"wp-block-lazyblock-inner-block lazyblock-inner-block-1V77G9\">\n\n<p class=\"md-right pl-24 color\"><strong>Im Rohbau sollten keine Fehler entstehen \u2013 denn die Nachbesserung kann \u00e4u\u00dferst kostspielig werden. Dabei hat gerade der Rohbau eine mehr als tragende Funktion. Hier muss von Grund auf solide gearbeitet werden und das ganze Wissen eingesetzt werden, um konstruktive, statische wie auch materielle Aspekte zu ber\u00fccksichtigen.<\/strong><\/p>\n\n\n\n<p><\/p>\n\n<\/div>\n<\/div>\n\n<div class=\"col wp-block-lazyblock-inner-block lazyblock-inner-block-ZeCEQf\">\n<div class=\"wp-block-lazyblock-inner-block lazyblock-inner-block-Z1knot1\">\n\n<p>Bei der Umnutzung von Immobilien und Umstrukturierung von Geb\u00e4uden kann die Hetzel + Sponheuer GmbH &amp; Co. KG auf jahrelange Expertise zur\u00fcckblicken. Deshalb z\u00e4hlt f\u00fcr uns zu den Rohbauarbeiten auch die denkmalgerechte Sanierung historischer Fassaden sowie die Betonsanierung und Ert\u00fcchtigung von Br\u00fccken, S\u00e4ulen und monumentalen Objekten wie Schornsteinen. Den Neueinbau von Rolltreppen oder Fahrst\u00fchlen z\u00e4hlen wir ebenfalls dazu. H\u00e4ufig wird ein Rohbau auch in Bestandsgeb\u00e4uden durchgef\u00fchrt. Zum Beispiel durch die \u00c4nderung von Grundrissen, das Schlie\u00dfen oder \u00d6ffnen von Deckenkonstruktionen oder zus\u00e4tzliche Anbauten. Die Herstellung bzw. die Rekonstruktion von Fenster\u00f6ffnungen oder Fassadenteilen wie Gesimsen, Fensterleibungen, Fensterfaschen und Fensterb\u00e4nken, findet ebenfalls im Rohbau statt.&nbsp;<\/p>\n\n\n\n<h3 class=\"h4 wp-block-heading\">Wirtschaftliches Arbeiten ist f\u00fcr uns Grundvoraussetzung<\/h3>\n\n\n\n<p>Rohbauarbeiten f\u00fchren wir im Zusammenhang mit Sanierungsma\u00dfnahmen an Fassaden oder im Zusammenhang mit Ausbauleistungen aus. Dazu schaffen wir die erforderliche Logistik und setzen unsere vorhandene Technik so ein, dass diese Ma\u00dfnahmen substanzschonend \u2013 und vor allem kostenschonend \u2013&nbsp;ausgef\u00fchrt werden. Ihre Qualit\u00e4tsvorgaben sowie die Einhaltung der geltenden Normen und Gesetze werden durch uns selbstverst\u00e4ndlich umgesetzt. Wenn Ma\u00dfnahmen im laufenden Betrieb ausgef\u00fchrt werden m\u00fcssen, z.B. bei Einkaufzentren, werden diese durch uns h\u00e4ufig im Mehrschichtbetrieb erbracht. Dabei achten wir stets auf eine perfekte Koordination aller Gewerke und Bauphasen, sodass wir f\u00fcr unsere Kunden zeitlich und wirtschaftlich effizient arbeiten.<\/p>\n\n\n\n<h3 class=\"h4 wp-block-heading\">Leistungen &#8220;Rohbau&#8221;<\/h3>\n\n\n\n<ul class=\"border\"><li>Mauerwerksbau<\/li><li>Mauerwerksabdichtung<\/li><li>Stahlbetonbau, Betonsanierung<\/li><li>Statik<\/li><li>Deckenkonstruktion<\/li><li>Zimmerei\/Holzbau<\/li><li>Stahlbau<\/li><\/ul>\n\n\n\n<div style=\"height:20px\" aria-hidden=\"true\" class=\"wp-block-spacer\"><\/div>\n\n<\/div>\n<\/div>\n\n<div class=\"col wp-block-lazyblock-inner-block lazyblock-inner-block-21tRfU\">\n<div class=\"wp-block-lazyblock-inner-block lazyblock-inner-block-Z1OR4tg\">\n\n<h4 class=\"wp-block-heading\">Beratung, Planung und Organisation Ihres Ausbaus<\/h4>\n\n\n\n<ul><li>Innenarchitektur und Planung<\/li><li>Baugenehmigungsverfahren<\/li><li>Gewerkekoordination<\/li><li>Terminmanagement<\/li><li>Energetische Sanierung<\/li><\/ul>\n\n\n\n<h4 class=\"wp-block-heading\">Optimierte Leistungspakete<\/h4>\n\n\n\n<ul class=\"fade-link grey\"><li><a href=\"https:\/\/hetzelsponheuer.de\/de\/loesungen\/#wohnen-gewerbe-industrie\">Wohnen Gewerbe Industrie<\/a><\/li><li><a href=\"https:\/\/hetzelsponheuer.de\/de\/loesungen\/#einkaufscenter-ladenlokal\">Einkaufscenter Ladenlokal<\/a><\/li><li><a href=\"https:\/\/hetzelsponheuer.de\/de\/loesungen\/#hotel-gastronomie\">Hotel Gastronomie<\/a><\/li><li><a href=\"https:\/\/hetzelsponheuer.de\/de\/loesungen\/#bauwerterhaltung-denkmalschutz\">Bauwerterhaltung Denkmalschutz<\/a><\/li><\/ul>\n\n\n\n<div style=\"height:20px\" aria-hidden=\"true\" class=\"wp-block-spacer\"><\/div>\n\n<\/div>\n<\/div>\n<\/div>","protected":false},"excerpt":{"rendered":"","protected":false},"author":1,"featured_media":0,"parent":454,"menu_order":2,"comment_status":"closed","ping_status":"closed","template":"page-fullwidth.php","meta":{"footnotes":""},"yoast_head":"<!-- This site is optimized with the Yoast SEO plugin v22.6 - https:\/\/yoast.com\/wordpress\/plugins\/seo\/ -->\n<title>Leistungen \u00b7 Handwerk und Technik \u00b7 Rohbau \u00b7 Hetzel+Sponheuer \u00b7 Essen<\/title>\n<meta name=\"description\" content=\"Hetzel+Sponheuer ist ein Fullservice Baudienstleister. Im Rahmen von Sanierungsprojekten bieten wir auch den R\u00fcckbau und alle Rohbauarbeiten an ...\" \/>\n<meta name=\"robots\" content=\"index, follow, max-snippet:-1, max-image-preview:large, max-video-preview:-1\" \/>\n<link rel=\"canonical\" href=\"https:\/\/hetzelsponheuer.de\/de\/leistungen\/handwerk-und-technik\/rohbau\/\" \/>\n<meta property=\"og:locale\" content=\"de_DE\" \/>\n<meta property=\"og:type\" content=\"article\" \/>\n<meta property=\"og:title\" content=\"Leistungen \u00b7 Handwerk und Technik \u00b7 Rohbau \u00b7 Hetzel+Sponheuer \u00b7 Essen\" \/>\n<meta property=\"og:description\" content=\"Hetzel+Sponheuer ist ein Fullservice Baudienstleister. Im Rahmen von Sanierungsprojekten bieten wir auch den R\u00fcckbau und alle Rohbauarbeiten an ...\" \/>\n<meta property=\"og:url\" content=\"https:\/\/hetzelsponheuer.de\/de\/leistungen\/handwerk-und-technik\/rohbau\/\" \/>\n<meta property=\"og:site_name\" content=\"Hetzel+Sponheuer \u00b7 de\" \/>\n<meta property=\"article:modified_time\" content=\"2021-07-08T10:03:46+00:00\" \/>\n<meta property=\"og:image\" content=\"https:\/\/hetzelsponheuer.de\/de\/wp-content\/uploads\/sites\/2\/2019\/09\/rohbau-3-links.jpg\" \/>\n<meta name=\"twitter:card\" content=\"summary_large_image\" \/>\n<meta name=\"twitter:label1\" content=\"Gesch\u00e4tzte Lesezeit\" \/>\n\t<meta name=\"twitter:data1\" content=\"2\u00a0Minuten\" \/>\n<script type=\"application\/ld+json\" class=\"yoast-schema-graph\">{\"@context\":\"https:\/\/schema.org\",\"@graph\":[{\"@type\":\"WebPage\",\"@id\":\"https:\/\/hetzelsponheuer.de\/de\/leistungen\/handwerk-und-technik\/rohbau\/\",\"url\":\"https:\/\/hetzelsponheuer.de\/de\/leistungen\/handwerk-und-technik\/rohbau\/\",\"name\":\"Leistungen \u00b7 Handwerk und Technik \u00b7 Rohbau \u00b7 Hetzel+Sponheuer \u00b7 Essen\",\"isPartOf\":{\"@id\":\"https:\/\/hetzelsponheuer.de\/de\/#website\"},\"primaryImageOfPage\":{\"@id\":\"https:\/\/hetzelsponheuer.de\/de\/leistungen\/handwerk-und-technik\/rohbau\/#primaryimage\"},\"image\":{\"@id\":\"https:\/\/hetzelsponheuer.de\/de\/leistungen\/handwerk-und-technik\/rohbau\/#primaryimage\"},\"thumbnailUrl\":\"https:\/\/hetzelsponheuer.de\/de\/wp-content\/uploads\/sites\/2\/2019\/09\/rohbau-3-links.jpg\",\"datePublished\":\"2019-09-29T16:23:07+00:00\",\"dateModified\":\"2021-07-08T10:03:46+00:00\",\"description\":\"Hetzel+Sponheuer ist ein Fullservice Baudienstleister. Im Rahmen von Sanierungsprojekten bieten wir auch den R\u00fcckbau und alle Rohbauarbeiten an ...\",\"breadcrumb\":{\"@id\":\"https:\/\/hetzelsponheuer.de\/de\/leistungen\/handwerk-und-technik\/rohbau\/#breadcrumb\"},\"inLanguage\":\"de\",\"potentialAction\":[{\"@type\":\"ReadAction\",\"target\":[\"https:\/\/hetzelsponheuer.de\/de\/leistungen\/handwerk-und-technik\/rohbau\/\"]}]},{\"@type\":\"ImageObject\",\"inLanguage\":\"de\",\"@id\":\"https:\/\/hetzelsponheuer.de\/de\/leistungen\/handwerk-und-technik\/rohbau\/#primaryimage\",\"url\":\"https:\/\/hetzelsponheuer.de\/de\/wp-content\/uploads\/sites\/2\/2019\/09\/rohbau-3-links.jpg\",\"contentUrl\":\"https:\/\/hetzelsponheuer.de\/de\/wp-content\/uploads\/sites\/2\/2019\/09\/rohbau-3-links.jpg\",\"width\":373,\"height\":500,\"caption\":\"Umbau \u00b7 Rohbau\"},{\"@type\":\"BreadcrumbList\",\"@id\":\"https:\/\/hetzelsponheuer.de\/de\/leistungen\/handwerk-und-technik\/rohbau\/#breadcrumb\",\"itemListElement\":[{\"@type\":\"ListItem\",\"position\":1,\"name\":\"Startseite\",\"item\":\"https:\/\/hetzelsponheuer.de\/de\/\"},{\"@type\":\"ListItem\",\"position\":2,\"name\":\"Leistungen\",\"item\":\"https:\/\/hetzelsponheuer.de\/de\/leistungen\/\"},{\"@type\":\"ListItem\",\"position\":3,\"name\":\"Handwerk und Technik\",\"item\":\"https:\/\/hetzelsponheuer.de\/de\/leistungen\/handwerk-und-technik\/\"},{\"@type\":\"ListItem\",\"position\":4,\"name\":\"Rohbau\"}]},{\"@type\":\"WebSite\",\"@id\":\"https:\/\/hetzelsponheuer.de\/de\/#website\",\"url\":\"https:\/\/hetzelsponheuer.de\/de\/\",\"name\":\"Hetzel+Sponheuer \u00b7 de\",\"description\":\"L\u00f6sungen f\u00fcr Ihr Bauprojekt\",\"publisher\":{\"@id\":\"https:\/\/hetzelsponheuer.de\/de\/#organization\"},\"inLanguage\":\"de\"},{\"@type\":\"Organization\",\"@id\":\"https:\/\/hetzelsponheuer.de\/de\/#organization\",\"name\":\"Hetzel+Sponheuer GmbH & Co. KG\",\"url\":\"https:\/\/hetzelsponheuer.de\/de\/\",\"logo\":{\"@type\":\"ImageObject\",\"inLanguage\":\"de\",\"@id\":\"https:\/\/hetzelsponheuer.de\/de\/#\/schema\/logo\/image\/\",\"url\":\"https:\/\/hetzelsponheuer.de\/en\/wp-content\/uploads\/sites\/2\/2020\/02\/logo_hetzelsponheuer.png\",\"contentUrl\":\"https:\/\/hetzelsponheuer.de\/en\/wp-content\/uploads\/sites\/2\/2020\/02\/logo_hetzelsponheuer.png\",\"width\":360,\"height\":24,\"caption\":\"Hetzel+Sponheuer GmbH & Co. KG\"},\"image\":{\"@id\":\"https:\/\/hetzelsponheuer.de\/de\/#\/schema\/logo\/image\/\"},\"sameAs\":[\"https:\/\/www.linkedin.com\/company\/hetzel-sponheuer-gmbh-&amp;-co.-kg\"]}]}<\/script>\n<!-- \/ Yoast SEO plugin. -->","yoast_head_json":{"title":"Leistungen \u00b7 Handwerk und Technik \u00b7 Rohbau \u00b7 Hetzel+Sponheuer \u00b7 Essen","description":"Hetzel+Sponheuer ist ein Fullservice Baudienstleister. Im Rahmen von Sanierungsprojekten bieten wir auch den R\u00fcckbau und alle Rohbauarbeiten an ...","robots":{"index":"index","follow":"follow","max-snippet":"max-snippet:-1","max-image-preview":"max-image-preview:large","max-video-preview":"max-video-preview:-1"},"canonical":"https:\/\/hetzelsponheuer.de\/de\/leistungen\/handwerk-und-technik\/rohbau\/","og_locale":"de_DE","og_type":"article","og_title":"Leistungen \u00b7 Handwerk und Technik \u00b7 Rohbau \u00b7 Hetzel+Sponheuer \u00b7 Essen","og_description":"Hetzel+Sponheuer ist ein Fullservice Baudienstleister. Im Rahmen von Sanierungsprojekten bieten wir auch den R\u00fcckbau und alle Rohbauarbeiten an ...","og_url":"https:\/\/hetzelsponheuer.de\/de\/leistungen\/handwerk-und-technik\/rohbau\/","og_site_name":"Hetzel+Sponheuer \u00b7 de","article_modified_time":"2021-07-08T10:03:46+00:00","og_image":[{"url":"https:\/\/hetzelsponheuer.de\/de\/wp-content\/uploads\/sites\/2\/2019\/09\/rohbau-3-links.jpg"}],"twitter_card":"summary_large_image","twitter_misc":{"Gesch\u00e4tzte Lesezeit":"2\u00a0Minuten"},"schema":{"@context":"https:\/\/schema.org","@graph":[{"@type":"WebPage","@id":"https:\/\/hetzelsponheuer.de\/de\/leistungen\/handwerk-und-technik\/rohbau\/","url":"https:\/\/hetzelsponheuer.de\/de\/leistungen\/handwerk-und-technik\/rohbau\/","name":"Leistungen \u00b7 Handwerk und Technik \u00b7 Rohbau \u00b7 Hetzel+Sponheuer \u00b7 Essen","isPartOf":{"@id":"https:\/\/hetzelsponheuer.de\/de\/#website"},"primaryImageOfPage":{"@id":"https:\/\/hetzelsponheuer.de\/de\/leistungen\/handwerk-und-technik\/rohbau\/#primaryimage"},"image":{"@id":"https:\/\/hetzelsponheuer.de\/de\/leistungen\/handwerk-und-technik\/rohbau\/#primaryimage"},"thumbnailUrl":"https:\/\/hetzelsponheuer.de\/de\/wp-content\/uploads\/sites\/2\/2019\/09\/rohbau-3-links.jpg","datePublished":"2019-09-29T16:23:07+00:00","dateModified":"2021-07-08T10:03:46+00:00","description":"Hetzel+Sponheuer ist ein Fullservice Baudienstleister. Im Rahmen von Sanierungsprojekten bieten wir auch den R\u00fcckbau und alle Rohbauarbeiten an ...","breadcrumb":{"@id":"https:\/\/hetzelsponheuer.de\/de\/leistungen\/handwerk-und-technik\/rohbau\/#breadcrumb"},"inLanguage":"de","potentialAction":[{"@type":"ReadAction","target":["https:\/\/hetzelsponheuer.de\/de\/leistungen\/handwerk-und-technik\/rohbau\/"]}]},{"@type":"ImageObject","inLanguage":"de","@id":"https:\/\/hetzelsponheuer.de\/de\/leistungen\/handwerk-und-technik\/rohbau\/#primaryimage","url":"https:\/\/hetzelsponheuer.de\/de\/wp-content\/uploads\/sites\/2\/2019\/09\/rohbau-3-links.jpg","contentUrl":"https:\/\/hetzelsponheuer.de\/de\/wp-content\/uploads\/sites\/2\/2019\/09\/rohbau-3-links.jpg","width":373,"height":500,"caption":"Umbau \u00b7 Rohbau"},{"@type":"BreadcrumbList","@id":"https:\/\/hetzelsponheuer.de\/de\/leistungen\/handwerk-und-technik\/rohbau\/#breadcrumb","itemListElement":[{"@type":"ListItem","position":1,"name":"Startseite","item":"https:\/\/hetzelsponheuer.de\/de\/"},{"@type":"ListItem","position":2,"name":"Leistungen","item":"https:\/\/hetzelsponheuer.de\/de\/leistungen\/"},{"@type":"ListItem","position":3,"name":"Handwerk und Technik","item":"https:\/\/hetzelsponheuer.de\/de\/leistungen\/handwerk-und-technik\/"},{"@type":"ListItem","position":4,"name":"Rohbau"}]},{"@type":"WebSite","@id":"https:\/\/hetzelsponheuer.de\/de\/#website","url":"https:\/\/hetzelsponheuer.de\/de\/","name":"Hetzel+Sponheuer \u00b7 de","description":"L\u00f6sungen f\u00fcr Ihr Bauprojekt","publisher":{"@id":"https:\/\/hetzelsponheuer.de\/de\/#organization"},"inLanguage":"de"},{"@type":"Organization","@id":"https:\/\/hetzelsponheuer.de\/de\/#organization","name":"Hetzel+Sponheuer GmbH & Co. KG","url":"https:\/\/hetzelsponheuer.de\/de\/","logo":{"@type":"ImageObject","inLanguage":"de","@id":"https:\/\/hetzelsponheuer.de\/de\/#\/schema\/logo\/image\/","url":"https:\/\/hetzelsponheuer.de\/en\/wp-content\/uploads\/sites\/2\/2020\/02\/logo_hetzelsponheuer.png","contentUrl":"https:\/\/hetzelsponheuer.de\/en\/wp-content\/uploads\/sites\/2\/2020\/02\/logo_hetzelsponheuer.png","width":360,"height":24,"caption":"Hetzel+Sponheuer GmbH & Co. KG"},"image":{"@id":"https:\/\/hetzelsponheuer.de\/de\/#\/schema\/logo\/image\/"},"sameAs":["https:\/\/www.linkedin.com\/company\/hetzel-sponheuer-gmbh-&amp;-co.-kg"]}]}},"_links":{"self":[{"href":"https:\/\/hetzelsponheuer.de\/de\/wp-json\/wp\/v2\/pages\/4267"}],"collection":[{"href":"https:\/\/hetzelsponheuer.de\/de\/wp-json\/wp\/v2\/pages"}],"about":[{"href":"https:\/\/hetzelsponheuer.de\/de\/wp-json\/wp\/v2\/types\/page"}],"author":[{"embeddable":true,"href":"https:\/\/hetzelsponheuer.de\/de\/wp-json\/wp\/v2\/users\/1"}],"replies":[{"embeddable":true,"href":"https:\/\/hetzelsponheuer.de\/de\/wp-json\/wp\/v2\/comments?post=4267"}],"version-history":[{"count":3,"href":"https:\/\/hetzelsponheuer.de\/de\/wp-json\/wp\/v2\/pages\/4267\/revisions"}],"predecessor-version":[{"id":5786,"href":"https:\/\/hetzelsponheuer.de\/de\/wp-json\/wp\/v2\/pages\/4267\/revisions\/5786"}],"up":[{"embeddable":true,"href":"https:\/\/hetzelsponheuer.de\/de\/wp-json\/wp\/v2\/pages\/454"}],"wp:attachment":[{"href":"https:\/\/hetzelsponheuer.de\/de\/wp-json\/wp\/v2\/media?parent=4267"}],"curies":[{"name":"wp","href":"https:\/\/api.w.org\/{rel}","templated":true}]}}