{"id":4277,"date":"2019-09-29T18:51:34","date_gmt":"2019-09-29T16:51:34","guid":{"rendered":"http:\/\/hetzelsponheuer.de\/de\/?page_id=4277"},"modified":"2021-07-08T12:05:17","modified_gmt":"2021-07-08T10:05:17","slug":"fassade-ht","status":"publish","type":"page","link":"https:\/\/hetzelsponheuer.de\/de\/leistungen\/handwerk-und-technik\/fassade-ht\/","title":{"rendered":"Fassade HT"},"content":{"rendered":"\n<div style=\"height:32px\" aria-hidden=\"true\" class=\"wp-block-spacer\"><\/div>\n\n\n<div class=\"banner row x-4 md-3-3-3-3 sm-0-0-6-6 wp-block-lazyblock-inner-block lazyblock-inner-block-Za7AOO\">\n<div class=\"col wp-block-lazyblock-inner-block lazyblock-inner-block-tK8zu\">\n<div class=\"wp-block-lazyblock-inner-block lazyblock-inner-block-uDOmM\">\n\n<p>  <\/p>\n\n<\/div>\n<\/div>\n\n<div class=\"col wp-block-lazyblock-inner-block lazyblock-inner-block-1DKrA6\">\n<div class=\"bg grey img wp-block-lazyblock-inner-block lazyblock-inner-block-Z57B2e\">\n\n<figure class=\"wp-block-image\"><img decoding=\"async\" loading=\"lazy\" width=\"373\" height=\"512\" src=\"https:\/\/hetzelsponheuer.de\/de\/wp-content\/uploads\/sites\/2\/2019\/09\/fassade-grillo3084-links.jpg\" alt=\"\" class=\"wp-image-4280\" srcset=\"https:\/\/hetzelsponheuer.de\/de\/wp-content\/uploads\/sites\/2\/2019\/09\/fassade-grillo3084-links.jpg 373w, https:\/\/hetzelsponheuer.de\/de\/wp-content\/uploads\/sites\/2\/2019\/09\/fassade-grillo3084-links-291x400.jpg 291w\" sizes=\"(max-width: 373px) 100vw, 373px\" \/><\/figure>\n\n<\/div>\n<\/div>\n\n<div class=\"col wp-block-lazyblock-inner-block lazyblock-inner-block-1M0ke4\">\n<div class=\"bg grey img wp-block-lazyblock-inner-block lazyblock-inner-block-Z2dIkNc\">\n\n<figure class=\"wp-block-image\"><img decoding=\"async\" loading=\"lazy\" width=\"373\" height=\"512\" src=\"https:\/\/hetzelsponheuer.de\/de\/wp-content\/uploads\/sites\/2\/2019\/09\/fassade-grillo3084-mitte.jpg\" alt=\"\" class=\"wp-image-4281\" srcset=\"https:\/\/hetzelsponheuer.de\/de\/wp-content\/uploads\/sites\/2\/2019\/09\/fassade-grillo3084-mitte.jpg 373w, https:\/\/hetzelsponheuer.de\/de\/wp-content\/uploads\/sites\/2\/2019\/09\/fassade-grillo3084-mitte-291x400.jpg 291w\" sizes=\"(max-width: 373px) 100vw, 373px\" \/><\/figure>\n\n<\/div>\n<\/div>\n\n<div class=\"col wp-block-lazyblock-inner-block lazyblock-inner-block-1rR5oI\">\n<div class=\"bg grey img wp-block-lazyblock-inner-block lazyblock-inner-block-Z1t6YE8\">\n\n<figure class=\"wp-block-image\"><img decoding=\"async\" loading=\"lazy\" width=\"373\" height=\"512\" src=\"https:\/\/hetzelsponheuer.de\/de\/wp-content\/uploads\/sites\/2\/2019\/09\/fassade-grillo3084-rechts.jpg\" alt=\"\" class=\"wp-image-4282\" srcset=\"https:\/\/hetzelsponheuer.de\/de\/wp-content\/uploads\/sites\/2\/2019\/09\/fassade-grillo3084-rechts.jpg 373w, https:\/\/hetzelsponheuer.de\/de\/wp-content\/uploads\/sites\/2\/2019\/09\/fassade-grillo3084-rechts-291x400.jpg 291w\" sizes=\"(max-width: 373px) 100vw, 373px\" \/><\/figure>\n\n<\/div>\n<\/div>\n<\/div>\n\n<div class=\"row x-24 md-3-9 sm-0-12 wp-block-lazyblock-inner-block lazyblock-inner-block-ZRRawX\">\n<div class=\"col wp-block-lazyblock-inner-block lazyblock-inner-block-ZrJMHN\">\n<div class=\"wp-block-lazyblock-inner-block lazyblock-inner-block-2eXEi0\">\n\n<p>  <\/p>\n\n<\/div>\n<\/div>\n\n<div class=\"col wp-block-lazyblock-inner-block lazyblock-inner-block-Zvpwga\">\n<div class=\"wp-block-lazyblock-inner-block lazyblock-inner-block-Z1vlYIl\">\n\n<p class=\"topline js close\"><a href=\"https:\/\/hetzelsponheuer.de\/de\/leistungen\/intro-leistungen\">Leistungen<\/a> \u00b7 <a href=\"https:\/\/hetzelsponheuer.de\/de\/leistungen\/handwerk-und-technik\/\">Handwerk und Technik <\/a>\u00b7 Fassade<\/p>\n\n\n\n<h2 class=\"h1 wp-block-heading\"><span class=\"grey\">Sch\u00f6ner<\/span> sch\u00fctzen<\/h2>\n\n<\/div>\n<\/div>\n<\/div>\n\n<div class=\"row x-24 md-3-6-3 sm-0-12-0 wp-block-lazyblock-inner-block lazyblock-inner-block-Zm0oDf\">\n<div class=\"col wp-block-lazyblock-inner-block lazyblock-inner-block-1dD4Eq\">\n<div class=\"wp-block-lazyblock-inner-block lazyblock-inner-block-1V77G9\">\n\n<p class=\"md-right pl-24 color\"><strong>Die Fassade war schon immer ein wichtiges Thema in der Architektur, denn sie gibt dem Geb\u00e4ude ihren unverwechselbaren Charakter. Als Geb\u00e4udeh\u00fclle kommt der Fassade auch eine besondere Schutzfunktion zu, die Wind und Wetter abh\u00e4lt und ideale klimatische Bedingungen f\u00fcr den Innenraum schafft.&nbsp;<\/strong><\/p>\n\n<\/div>\n<\/div>\n\n<div class=\"col wp-block-lazyblock-inner-block lazyblock-inner-block-ZeCEQf\">\n<div class=\"wp-block-lazyblock-inner-block lazyblock-inner-block-Z1knot1\">\n\n<p>Heutzutage gibt es durch neue Technologien eine Vielzahl an Fassadenl\u00f6sungen, die sch\u00fctzen, d\u00e4mmen und auch unter gestalterischem Gesichtspunkt architektonische Highlights sind.<\/p>\n\n\n\n<p>Die Hetzel + Sponheuer GmbH &amp; Co. KG kann alle m\u00f6glichen Ausf\u00fchrungsvarianten f\u00fcr Fassaden anbieten und gemeinsam mit dem Kunden, Planer und Architekten die beste L\u00f6sung finden, um allen funktionalen wie \u00e4sthetischen Anspr\u00fcchen gerecht zu werden.&nbsp;<\/p>\n\n\n\n<p>Die Fassadenkonstruktionen setzen wir durch eine zielgenaue Analyse und Planung m\u00f6glichst einfach und kosteneffizient um. Die Vielfalt ist dabei grenzenlos:<\/p>\n\n\n\n<h3 class=\"h4 wp-block-heading\">Fassadensysteme<\/h3>\n\n\n\n<ul class=\"border\"><li>Hinterl\u00fcftete Au\u00dfenw\u00e4nde durch vorgeh\u00e4ngte Fassaden aus Metall, Glas, Holz und vielen weiteren modernen Materialien<\/li><li>Spezielle Vorhangfassaden<\/li><li>W\u00e4rmed\u00e4mmverbundsystemfassaden (WDVS) zur energetischen Sanierung von Geb\u00e4uden<\/li><li>Medienfassaden mit integrierten Lichtelementen<\/li><li>Fassaden mit integrierten Sonnenkollektoren \/ Photovoltaiksysteme<\/li><li>Metallfassaden<\/li><li>Glasmosaikfassaden<\/li><\/ul>\n\n\n\n<h3 class=\"h4 wp-block-heading\">Leistungen &#8220;Rund um die Fassade&#8221;<\/h3>\n\n\n\n<ul class=\"border\"><li>Fassadenerneuerung von denkmalgesch\u00fctzten Geb\u00e4uden<\/li><li>Putz- und Farbsysteme (<a class=\"ajx link\" href=\"https:\/\/hetzelsponheuer.de\/de\/leistungen\/planung-und-gestaltung\/farbkonzepte\">&gt; Farbkonzepte<\/a>)<\/li><li>Brandschutzfassaden<\/li><li>Natursteinfassaden<\/li><\/ul>\n\n\n\n<h3 class=\"h4 wp-block-heading\">Fassadensanierung unter Denkmalschutz<\/h3>\n\n\n\n<p>Im Sanierungsbereich verf\u00fcgen wir \u00fcber umfangreiche Erfahrungen in der Umsetzung anspruchsvoller denkmalgesch\u00fctzter Bauvorhaben. Unsere Sanierungskonzeptionen stellen dabei eine qualifizierte Grundlage f\u00fcr notwendige Ma\u00dfnahmen dar. Namhafte Objekte wurden durch uns saniert \u2013&nbsp;immer unter Ber\u00fccksichtigung denkmalpflegerischer Grunds\u00e4tze und Auflagen. Wir k\u00f6nnen Mauerwerke in unterschiedlichsten Dimensionierungen und mit unterschiedlichsten Steinformaten, wie Klosterformat, Reichsformat, BNF etc. instand setzen. Wir stellen den Kontakt zum Lieferanten her oder suchen einen Hersteller, der in der Lage ist, das vorhandene Material nachzustellen. So erstrahlen alte Fassaden in neuem Glanz ohne den urspr\u00fcnglichen Charakter zu beeinflussen.<\/p>\n\n\n\n<div style=\"height:48px\" aria-hidden=\"true\" class=\"wp-block-spacer\"><\/div>\n\n<\/div>\n<\/div>\n\n<div class=\"col wp-block-lazyblock-inner-block lazyblock-inner-block-21tRfU\">\n<div class=\"wp-block-lazyblock-inner-block lazyblock-inner-block-Z1OR4tg\">\n\n<h4 class=\"wp-block-heading\">Beratung, Planung und Organisation f\u00fcr den Bau Ihrer Fassade<\/h4>\n\n\n\n<ul><li>Vorgeh\u00e4ngte Fassaden-Systeme (VHFS)<\/li><li>Mauerwerksverbund-Systeme<\/li><li>W\u00e4rmed\u00e4mmverbund-Systeme (WDVS)<\/li><li>Fassadensanierung und -reinigung<\/li><li>Energetische Fassaden- Sanierung<\/li><li>Farbkonzepte<\/li><\/ul>\n\n\n\n<h4 class=\"wp-block-heading\">Optimierte Leistungspakete<\/h4>\n\n\n\n<ul class=\"fade-link grey\"><li><a href=\"https:\/\/hetzelsponheuer.de\/de\/loesungen\/#wohnen-gewerbe-industrie\">Wohnen Gewerbe Industrie<\/a><\/li><li><a href=\"https:\/\/hetzelsponheuer.de\/de\/loesungen\/#einkaufscenter-ladenlokal\">Einkaufscenter Ladenlokal<\/a><\/li><li><a href=\"https:\/\/hetzelsponheuer.de\/de\/loesungen\/#hotel-gastronomie\">Hotel Gastronomie<\/a><\/li><li><a href=\"https:\/\/hetzelsponheuer.de\/de\/loesungen\/#bauwerterhaltung-denkmalschutz\">Bauwerterhaltung Denkmalschutz<\/a><\/li><\/ul>\n\n\n\n<div style=\"height:48px\" aria-hidden=\"true\" class=\"wp-block-spacer\"><\/div>\n\n<\/div>\n<\/div>\n<\/div>","protected":false},"excerpt":{"rendered":"","protected":false},"author":1,"featured_media":0,"parent":454,"menu_order":3,"comment_status":"closed","ping_status":"closed","template":"page-fullwidth.php","meta":{"footnotes":""},"yoast_head":"<!-- This site is optimized with the Yoast SEO plugin v22.6 - https:\/\/yoast.com\/wordpress\/plugins\/seo\/ -->\n<title>Leistungen \u00b7 Handwerk und Technik \u00b7 Fassadenbau \u00b7 Hetzel+Sponheuer<\/title>\n<meta name=\"description\" content=\"Im Fassadenbau z\u00e4hlt handwerkliche Qualit\u00e4t und nachhaltige Planung. Wir haben Erfahrung mit denkmalgesch\u00fctzten Objekten und modernen Fassadensystemen.\" \/>\n<meta name=\"robots\" content=\"index, follow, max-snippet:-1, max-image-preview:large, max-video-preview:-1\" \/>\n<link rel=\"canonical\" href=\"https:\/\/hetzelsponheuer.de\/de\/leistungen\/handwerk-und-technik\/fassade-ht\/\" \/>\n<meta property=\"og:locale\" content=\"de_DE\" \/>\n<meta property=\"og:type\" content=\"article\" \/>\n<meta property=\"og:title\" content=\"Leistungen \u00b7 Handwerk und Technik \u00b7 Fassadenbau \u00b7 Hetzel+Sponheuer\" \/>\n<meta property=\"og:description\" content=\"Im Fassadenbau z\u00e4hlt handwerkliche Qualit\u00e4t und nachhaltige Planung. Wir haben Erfahrung mit denkmalgesch\u00fctzten Objekten und modernen Fassadensystemen.\" \/>\n<meta property=\"og:url\" content=\"https:\/\/hetzelsponheuer.de\/de\/leistungen\/handwerk-und-technik\/fassade-ht\/\" \/>\n<meta property=\"og:site_name\" content=\"Hetzel+Sponheuer \u00b7 de\" \/>\n<meta property=\"article:modified_time\" content=\"2021-07-08T10:05:17+00:00\" \/>\n<meta property=\"og:image\" content=\"https:\/\/hetzelsponheuer.de\/de\/wp-content\/uploads\/sites\/2\/2019\/09\/fassade-grillo3084-links.jpg\" \/>\n<meta name=\"twitter:card\" content=\"summary_large_image\" \/>\n<meta name=\"twitter:label1\" content=\"Gesch\u00e4tzte Lesezeit\" \/>\n\t<meta name=\"twitter:data1\" content=\"2\u00a0Minuten\" \/>\n<script type=\"application\/ld+json\" class=\"yoast-schema-graph\">{\"@context\":\"https:\/\/schema.org\",\"@graph\":[{\"@type\":\"WebPage\",\"@id\":\"https:\/\/hetzelsponheuer.de\/de\/leistungen\/handwerk-und-technik\/fassade-ht\/\",\"url\":\"https:\/\/hetzelsponheuer.de\/de\/leistungen\/handwerk-und-technik\/fassade-ht\/\",\"name\":\"Leistungen \u00b7 Handwerk und Technik \u00b7 Fassadenbau \u00b7 Hetzel+Sponheuer\",\"isPartOf\":{\"@id\":\"https:\/\/hetzelsponheuer.de\/de\/#website\"},\"primaryImageOfPage\":{\"@id\":\"https:\/\/hetzelsponheuer.de\/de\/leistungen\/handwerk-und-technik\/fassade-ht\/#primaryimage\"},\"image\":{\"@id\":\"https:\/\/hetzelsponheuer.de\/de\/leistungen\/handwerk-und-technik\/fassade-ht\/#primaryimage\"},\"thumbnailUrl\":\"https:\/\/hetzelsponheuer.de\/de\/wp-content\/uploads\/sites\/2\/2019\/09\/fassade-grillo3084-links.jpg\",\"datePublished\":\"2019-09-29T16:51:34+00:00\",\"dateModified\":\"2021-07-08T10:05:17+00:00\",\"description\":\"Im Fassadenbau z\u00e4hlt handwerkliche Qualit\u00e4t und nachhaltige Planung. Wir haben Erfahrung mit denkmalgesch\u00fctzten Objekten und modernen Fassadensystemen.\",\"breadcrumb\":{\"@id\":\"https:\/\/hetzelsponheuer.de\/de\/leistungen\/handwerk-und-technik\/fassade-ht\/#breadcrumb\"},\"inLanguage\":\"de\",\"potentialAction\":[{\"@type\":\"ReadAction\",\"target\":[\"https:\/\/hetzelsponheuer.de\/de\/leistungen\/handwerk-und-technik\/fassade-ht\/\"]}]},{\"@type\":\"ImageObject\",\"inLanguage\":\"de\",\"@id\":\"https:\/\/hetzelsponheuer.de\/de\/leistungen\/handwerk-und-technik\/fassade-ht\/#primaryimage\",\"url\":\"https:\/\/hetzelsponheuer.de\/de\/wp-content\/uploads\/sites\/2\/2019\/09\/fassade-grillo3084-links.jpg\",\"contentUrl\":\"https:\/\/hetzelsponheuer.de\/de\/wp-content\/uploads\/sites\/2\/2019\/09\/fassade-grillo3084-links.jpg\",\"width\":373,\"height\":512,\"caption\":\"Putz und Stuck \u00b7 Denkmalschutz\"},{\"@type\":\"BreadcrumbList\",\"@id\":\"https:\/\/hetzelsponheuer.de\/de\/leistungen\/handwerk-und-technik\/fassade-ht\/#breadcrumb\",\"itemListElement\":[{\"@type\":\"ListItem\",\"position\":1,\"name\":\"Startseite\",\"item\":\"https:\/\/hetzelsponheuer.de\/de\/\"},{\"@type\":\"ListItem\",\"position\":2,\"name\":\"Leistungen\",\"item\":\"https:\/\/hetzelsponheuer.de\/de\/leistungen\/\"},{\"@type\":\"ListItem\",\"position\":3,\"name\":\"Handwerk und Technik\",\"item\":\"https:\/\/hetzelsponheuer.de\/de\/leistungen\/handwerk-und-technik\/\"},{\"@type\":\"ListItem\",\"position\":4,\"name\":\"Fassade HT\"}]},{\"@type\":\"WebSite\",\"@id\":\"https:\/\/hetzelsponheuer.de\/de\/#website\",\"url\":\"https:\/\/hetzelsponheuer.de\/de\/\",\"name\":\"Hetzel+Sponheuer \u00b7 de\",\"description\":\"L\u00f6sungen f\u00fcr Ihr Bauprojekt\",\"publisher\":{\"@id\":\"https:\/\/hetzelsponheuer.de\/de\/#organization\"},\"inLanguage\":\"de\"},{\"@type\":\"Organization\",\"@id\":\"https:\/\/hetzelsponheuer.de\/de\/#organization\",\"name\":\"Hetzel+Sponheuer GmbH & Co. KG\",\"url\":\"https:\/\/hetzelsponheuer.de\/de\/\",\"logo\":{\"@type\":\"ImageObject\",\"inLanguage\":\"de\",\"@id\":\"https:\/\/hetzelsponheuer.de\/de\/#\/schema\/logo\/image\/\",\"url\":\"https:\/\/hetzelsponheuer.de\/en\/wp-content\/uploads\/sites\/2\/2020\/02\/logo_hetzelsponheuer.png\",\"contentUrl\":\"https:\/\/hetzelsponheuer.de\/en\/wp-content\/uploads\/sites\/2\/2020\/02\/logo_hetzelsponheuer.png\",\"width\":360,\"height\":24,\"caption\":\"Hetzel+Sponheuer GmbH & Co. KG\"},\"image\":{\"@id\":\"https:\/\/hetzelsponheuer.de\/de\/#\/schema\/logo\/image\/\"},\"sameAs\":[\"https:\/\/www.linkedin.com\/company\/hetzel-sponheuer-gmbh-&amp;-co.-kg\"]}]}<\/script>\n<!-- \/ Yoast SEO plugin. -->","yoast_head_json":{"title":"Leistungen \u00b7 Handwerk und Technik \u00b7 Fassadenbau \u00b7 Hetzel+Sponheuer","description":"Im Fassadenbau z\u00e4hlt handwerkliche Qualit\u00e4t und nachhaltige Planung. Wir haben Erfahrung mit denkmalgesch\u00fctzten Objekten und modernen Fassadensystemen.","robots":{"index":"index","follow":"follow","max-snippet":"max-snippet:-1","max-image-preview":"max-image-preview:large","max-video-preview":"max-video-preview:-1"},"canonical":"https:\/\/hetzelsponheuer.de\/de\/leistungen\/handwerk-und-technik\/fassade-ht\/","og_locale":"de_DE","og_type":"article","og_title":"Leistungen \u00b7 Handwerk und Technik \u00b7 Fassadenbau \u00b7 Hetzel+Sponheuer","og_description":"Im Fassadenbau z\u00e4hlt handwerkliche Qualit\u00e4t und nachhaltige Planung. Wir haben Erfahrung mit denkmalgesch\u00fctzten Objekten und modernen Fassadensystemen.","og_url":"https:\/\/hetzelsponheuer.de\/de\/leistungen\/handwerk-und-technik\/fassade-ht\/","og_site_name":"Hetzel+Sponheuer \u00b7 de","article_modified_time":"2021-07-08T10:05:17+00:00","og_image":[{"url":"https:\/\/hetzelsponheuer.de\/de\/wp-content\/uploads\/sites\/2\/2019\/09\/fassade-grillo3084-links.jpg"}],"twitter_card":"summary_large_image","twitter_misc":{"Gesch\u00e4tzte Lesezeit":"2\u00a0Minuten"},"schema":{"@context":"https:\/\/schema.org","@graph":[{"@type":"WebPage","@id":"https:\/\/hetzelsponheuer.de\/de\/leistungen\/handwerk-und-technik\/fassade-ht\/","url":"https:\/\/hetzelsponheuer.de\/de\/leistungen\/handwerk-und-technik\/fassade-ht\/","name":"Leistungen \u00b7 Handwerk und Technik \u00b7 Fassadenbau \u00b7 Hetzel+Sponheuer","isPartOf":{"@id":"https:\/\/hetzelsponheuer.de\/de\/#website"},"primaryImageOfPage":{"@id":"https:\/\/hetzelsponheuer.de\/de\/leistungen\/handwerk-und-technik\/fassade-ht\/#primaryimage"},"image":{"@id":"https:\/\/hetzelsponheuer.de\/de\/leistungen\/handwerk-und-technik\/fassade-ht\/#primaryimage"},"thumbnailUrl":"https:\/\/hetzelsponheuer.de\/de\/wp-content\/uploads\/sites\/2\/2019\/09\/fassade-grillo3084-links.jpg","datePublished":"2019-09-29T16:51:34+00:00","dateModified":"2021-07-08T10:05:17+00:00","description":"Im Fassadenbau z\u00e4hlt handwerkliche Qualit\u00e4t und nachhaltige Planung. Wir haben Erfahrung mit denkmalgesch\u00fctzten Objekten und modernen Fassadensystemen.","breadcrumb":{"@id":"https:\/\/hetzelsponheuer.de\/de\/leistungen\/handwerk-und-technik\/fassade-ht\/#breadcrumb"},"inLanguage":"de","potentialAction":[{"@type":"ReadAction","target":["https:\/\/hetzelsponheuer.de\/de\/leistungen\/handwerk-und-technik\/fassade-ht\/"]}]},{"@type":"ImageObject","inLanguage":"de","@id":"https:\/\/hetzelsponheuer.de\/de\/leistungen\/handwerk-und-technik\/fassade-ht\/#primaryimage","url":"https:\/\/hetzelsponheuer.de\/de\/wp-content\/uploads\/sites\/2\/2019\/09\/fassade-grillo3084-links.jpg","contentUrl":"https:\/\/hetzelsponheuer.de\/de\/wp-content\/uploads\/sites\/2\/2019\/09\/fassade-grillo3084-links.jpg","width":373,"height":512,"caption":"Putz und Stuck \u00b7 Denkmalschutz"},{"@type":"BreadcrumbList","@id":"https:\/\/hetzelsponheuer.de\/de\/leistungen\/handwerk-und-technik\/fassade-ht\/#breadcrumb","itemListElement":[{"@type":"ListItem","position":1,"name":"Startseite","item":"https:\/\/hetzelsponheuer.de\/de\/"},{"@type":"ListItem","position":2,"name":"Leistungen","item":"https:\/\/hetzelsponheuer.de\/de\/leistungen\/"},{"@type":"ListItem","position":3,"name":"Handwerk und Technik","item":"https:\/\/hetzelsponheuer.de\/de\/leistungen\/handwerk-und-technik\/"},{"@type":"ListItem","position":4,"name":"Fassade HT"}]},{"@type":"WebSite","@id":"https:\/\/hetzelsponheuer.de\/de\/#website","url":"https:\/\/hetzelsponheuer.de\/de\/","name":"Hetzel+Sponheuer \u00b7 de","description":"L\u00f6sungen f\u00fcr Ihr Bauprojekt","publisher":{"@id":"https:\/\/hetzelsponheuer.de\/de\/#organization"},"inLanguage":"de"},{"@type":"Organization","@id":"https:\/\/hetzelsponheuer.de\/de\/#organization","name":"Hetzel+Sponheuer GmbH & Co. KG","url":"https:\/\/hetzelsponheuer.de\/de\/","logo":{"@type":"ImageObject","inLanguage":"de","@id":"https:\/\/hetzelsponheuer.de\/de\/#\/schema\/logo\/image\/","url":"https:\/\/hetzelsponheuer.de\/en\/wp-content\/uploads\/sites\/2\/2020\/02\/logo_hetzelsponheuer.png","contentUrl":"https:\/\/hetzelsponheuer.de\/en\/wp-content\/uploads\/sites\/2\/2020\/02\/logo_hetzelsponheuer.png","width":360,"height":24,"caption":"Hetzel+Sponheuer GmbH & Co. KG"},"image":{"@id":"https:\/\/hetzelsponheuer.de\/de\/#\/schema\/logo\/image\/"},"sameAs":["https:\/\/www.linkedin.com\/company\/hetzel-sponheuer-gmbh-&amp;-co.-kg"]}]}},"_links":{"self":[{"href":"https:\/\/hetzelsponheuer.de\/de\/wp-json\/wp\/v2\/pages\/4277"}],"collection":[{"href":"https:\/\/hetzelsponheuer.de\/de\/wp-json\/wp\/v2\/pages"}],"about":[{"href":"https:\/\/hetzelsponheuer.de\/de\/wp-json\/wp\/v2\/types\/page"}],"author":[{"embeddable":true,"href":"https:\/\/hetzelsponheuer.de\/de\/wp-json\/wp\/v2\/users\/1"}],"replies":[{"embeddable":true,"href":"https:\/\/hetzelsponheuer.de\/de\/wp-json\/wp\/v2\/comments?post=4277"}],"version-history":[{"count":3,"href":"https:\/\/hetzelsponheuer.de\/de\/wp-json\/wp\/v2\/pages\/4277\/revisions"}],"predecessor-version":[{"id":5787,"href":"https:\/\/hetzelsponheuer.de\/de\/wp-json\/wp\/v2\/pages\/4277\/revisions\/5787"}],"up":[{"embeddable":true,"href":"https:\/\/hetzelsponheuer.de\/de\/wp-json\/wp\/v2\/pages\/454"}],"wp:attachment":[{"href":"https:\/\/hetzelsponheuer.de\/de\/wp-json\/wp\/v2\/media?parent=4277"}],"curies":[{"name":"wp","href":"https:\/\/api.w.org\/{rel}","templated":true}]}}