{"id":4327,"date":"2019-09-30T17:43:55","date_gmt":"2019-09-30T15:43:55","guid":{"rendered":"http:\/\/hetzelsponheuer.de\/de\/?page_id=4327"},"modified":"2021-07-08T12:07:37","modified_gmt":"2021-07-08T10:07:37","slug":"technik","status":"publish","type":"page","link":"https:\/\/hetzelsponheuer.de\/de\/leistungen\/handwerk-und-technik\/technik\/","title":{"rendered":"Technik"},"content":{"rendered":"\n<div style=\"height:32px\" aria-hidden=\"true\" class=\"wp-block-spacer\"><\/div>\n\n\n<div class=\"banner row x-4 md-3-3-3-3 sm-0-0-6-6 wp-block-lazyblock-inner-block lazyblock-inner-block-Za7AOO\">\n<div class=\"col wp-block-lazyblock-inner-block lazyblock-inner-block-tK8zu\">\n<div class=\"wp-block-lazyblock-inner-block lazyblock-inner-block-uDOmM\">\n\n<p>  <\/p>\n\n<\/div>\n<\/div>\n\n<div class=\"col wp-block-lazyblock-inner-block lazyblock-inner-block-1DKrA6\">\n<div class=\"bg grey img wp-block-lazyblock-inner-block lazyblock-inner-block-Z57B2e\">\n\n<figure class=\"wp-block-image\"><img decoding=\"async\" loading=\"lazy\" width=\"373\" height=\"420\" src=\"https:\/\/hetzelsponheuer.de\/de\/wp-content\/uploads\/sites\/2\/2019\/09\/technik-30461-links.jpg\" alt=\"Haus- und Versorgungstechnik 1\" class=\"wp-image-4331\" srcset=\"https:\/\/hetzelsponheuer.de\/de\/wp-content\/uploads\/sites\/2\/2019\/09\/technik-30461-links.jpg 373w, https:\/\/hetzelsponheuer.de\/de\/wp-content\/uploads\/sites\/2\/2019\/09\/technik-30461-links-355x400.jpg 355w\" sizes=\"(max-width: 373px) 100vw, 373px\" \/><\/figure>\n\n<\/div>\n<\/div>\n\n<div class=\"col wp-block-lazyblock-inner-block lazyblock-inner-block-1M0ke4\">\n<div class=\"bg grey img wp-block-lazyblock-inner-block lazyblock-inner-block-Z2dIkNc\">\n\n<figure class=\"wp-block-image\"><img decoding=\"async\" loading=\"lazy\" width=\"373\" height=\"420\" src=\"https:\/\/hetzelsponheuer.de\/de\/wp-content\/uploads\/sites\/2\/2019\/09\/technik-30461-mitte.jpg\" alt=\"Haus- und Versorgungstechnik 2\" class=\"wp-image-4332\" srcset=\"https:\/\/hetzelsponheuer.de\/de\/wp-content\/uploads\/sites\/2\/2019\/09\/technik-30461-mitte.jpg 373w, https:\/\/hetzelsponheuer.de\/de\/wp-content\/uploads\/sites\/2\/2019\/09\/technik-30461-mitte-355x400.jpg 355w\" sizes=\"(max-width: 373px) 100vw, 373px\" \/><\/figure>\n\n<\/div>\n<\/div>\n\n<div class=\"col wp-block-lazyblock-inner-block lazyblock-inner-block-1rR5oI\">\n<div class=\"bg grey img wp-block-lazyblock-inner-block lazyblock-inner-block-Z1t6YE8\">\n\n<figure class=\"wp-block-image\"><img decoding=\"async\" loading=\"lazy\" width=\"373\" height=\"420\" src=\"https:\/\/hetzelsponheuer.de\/de\/wp-content\/uploads\/sites\/2\/2019\/09\/technik-30461-rechts.jpg\" alt=\"Haus- und Versorgungstechnik 3\" class=\"wp-image-4333\" srcset=\"https:\/\/hetzelsponheuer.de\/de\/wp-content\/uploads\/sites\/2\/2019\/09\/technik-30461-rechts.jpg 373w, https:\/\/hetzelsponheuer.de\/de\/wp-content\/uploads\/sites\/2\/2019\/09\/technik-30461-rechts-355x400.jpg 355w\" sizes=\"(max-width: 373px) 100vw, 373px\" \/><\/figure>\n\n<\/div>\n<\/div>\n<\/div>\n\n<div class=\"row x-24 md-3-9 sm-0-12 wp-block-lazyblock-inner-block lazyblock-inner-block-ZRRawX\">\n<div class=\"col wp-block-lazyblock-inner-block lazyblock-inner-block-ZrJMHN\">\n<div class=\"wp-block-lazyblock-inner-block lazyblock-inner-block-2eXEi0\">\n\n<p>  <\/p>\n\n<\/div>\n<\/div>\n\n<div class=\"col wp-block-lazyblock-inner-block lazyblock-inner-block-Zvpwga\">\n<div class=\"wp-block-lazyblock-inner-block lazyblock-inner-block-Z1vlYIl\">\n\n<p class=\"topline js close\"><a href=\"https:\/\/hetzelsponheuer.de\/de\/intro-leistungen\">Leistungen<\/a> \u00b7 <a href=\"https:\/\/hetzelsponheuer.de\/de\/leistungen\/handwerk-und-technik\">Handwerk und Technik <\/a>\u00b7 Technik<\/p>\n\n\n\n<h2 class=\"h1 wp-block-heading\">Technisch <span class=\"grey\">einwandfreie Arbeit<\/span><\/h2>\n\n<\/div>\n<\/div>\n<\/div>\n\n<div class=\"row x-24 md-3-6-3 sm-0-12-0 wp-block-lazyblock-inner-block lazyblock-inner-block-Zm0oDf\">\n<div class=\"col wp-block-lazyblock-inner-block lazyblock-inner-block-1dD4Eq\">\n<div class=\"wp-block-lazyblock-inner-block lazyblock-inner-block-1V77G9\">\n\n<p class=\"md-right pl-24 color\"><strong>Bauen ist mehr als handwerkliches K\u00f6nnen &#8211; es besteht auch aus dem Einsatz der richtigen Technik. &nbsp;<\/strong><\/p>\n\n<\/div>\n<\/div>\n\n<div class=\"col wp-block-lazyblock-inner-block lazyblock-inner-block-ZeCEQf\">\n<div class=\"wp-block-lazyblock-inner-block lazyblock-inner-block-Z1knot1\">\n\n<p>Gerade am Bau macht die Technik heute vieles m\u00f6glich und unterst\u00fctzt den Menschen bei seiner Arbeit. Gut wenn man eine Mannschaft hat, die fortschrittlich denkt und sich bei jedem Projekt auf die beste Technik f\u00fcr die beste Ausf\u00fchrung konzentriert.<\/p>\n\n\n\n<p>Die Hetzel + Sponheuer GmbH &amp; Co. KG wei\u00df, wie spezielle Technologien und Techniken zur richtigen Zeit am richtigen Ort einsetzt werden, um wirtschaftliches Arbeiten und zukunftsweisendes Bauen m\u00f6glich zu machen. Immer mit der notwendigen Planm\u00e4\u00dfigkeit, Zweckrationalit\u00e4t, Wiederholbarkeit und Qualit\u00e4t \u2013&nbsp;das stellen wir als Baudienstleister jederzeit sicher.<\/p>\n\n\n\n<h3 class=\"h4 wp-block-heading\">Technisch auf dem neuesten Stand<\/h3>\n\n\n\n<p>Wir verwenden neueste Kommunikations-, Analyse- und Messger\u00e4te und entwickeln uns im Bereich der Bautechnik st\u00e4ndig weiter. Technisch-konstruktive Aspekte werden durch unsere versierten Ingenieure ebenfalls ber\u00fccksichtigt. Wir finden f\u00fcr jedes Projekt die richtigen Antworten zu Fragen der Bauphysik, Baubiologie und Statik.&nbsp;<\/p>\n\n\n\n<p>Wir setzten modernste Baustofftechnologien ein und besitzen einen Maschinenpark, der auf dem neuesten technischen Stand ist. Um die Besten zu sein, investieren wir zum einen in das technologische Know-how unserer Mitarbeiter und zum anderen in eine technisch fortschrittliche Betriebsausstattung. So k\u00f6nnen sich unsere Kunden nicht nur auf unsere handwerkliche, sondern auch auf unsere technische Leistung verlassen.<\/p>\n\n\n\n<h3 class=\"h4 wp-block-heading\">Haus- und Versorgungstechnik \u2013&nbsp;komplett aus einer Hand<\/h3>\n\n\n\n<p>Gemeinsam mit unseren Partnern \u00fcbernehmen wir bei Umbau, Rohbau und Sanierung gern die &#8220;Lebensadern&#8221; des Geb\u00e4udes: Die Haus- und Versorgungstechnik. Die Optimierung von technischen Anlagen, wasser- und luftf\u00fchrende Leitungen sind ein komplexes Vorhaben, das von uns verl\u00e4sslich umgesetzt wird. Die wirtschaftliche Erneuerung der Technik wird gew\u00e4hrleistet durch eine straffe Organisationsstruktur, die Planung, Logistik und betriebssichere Umsetzung vereint.<\/p>\n\n\n\n<div style=\"height:20px\" aria-hidden=\"true\" class=\"wp-block-spacer\"><\/div>\n\n\n\n<h4 class=\"wp-block-heading\">Haus- und Versorgungstechnik<\/h4>\n\n\n\n<ul class=\"border\"><li>Elektroinstallationstechnik<\/li><li>Gas-, Wasser-, Abwasser- und Feuerl\u00f6schtechnik (GWA)<\/li><li>W\u00e4rmeversorgungs- und Raumlufttechnik, (Sanit\u00e4rinstallation)<\/li><li>Bel\u00fcftung, K\u00e4lte, Heizung, Klima<\/li><li>Sicherheitstechnik, Brandschutztechnik, Blitzschutztechnik<\/li><li>Geb\u00e4udeautomation<\/li><\/ul>\n\n\n\n<div style=\"height:48px\" aria-hidden=\"true\" class=\"wp-block-spacer\"><\/div>\n\n<\/div>\n<\/div>\n\n<div class=\"col wp-block-lazyblock-inner-block lazyblock-inner-block-21tRfU\">\n<div class=\"wp-block-lazyblock-inner-block lazyblock-inner-block-Z1OR4tg\">\n\n<h4 class=\"wp-block-heading\">Beratung, Planung und Organi\u00adsation f\u00fcr den Bereich Haus- und Versor\u00adgungs\u00adtechnik<\/h4>\n\n\n\n<ul><li>Bauphysik und Bau\u00adbiologie<\/li><li>Baustoff\u00adtechno\u00adlogie<\/li><li>Statik und Tragwerks\u00adplanung<\/li><li>Bau\u00adlogis\u00adtische Kon\u00adzeption<\/li><li>Bau\u00admaschinen\u00adtechnik<\/li><\/ul>\n\n\n\n<h4 class=\"wp-block-heading\">Optimierte Leistungspakete<\/h4>\n\n\n\n<ul class=\"fade-link grey\"><li><a href=\"https:\/\/hetzelsponheuer.de\/de\/loesungen\/#wohnen-gewerbe-industrie\">Wohnen Gewerbe Industrie<\/a><\/li><li><a href=\"https:\/\/hetzelsponheuer.de\/de\/loesungen\/#einkaufscenter-ladenlokal\">Einkaufscenter Ladenlokal<\/a><\/li><li><a href=\"https:\/\/hetzelsponheuer.de\/de\/loesungen\/#hotel-gastronomie\">Hotel Gastronomie<\/a><\/li><li><a href=\"https:\/\/hetzelsponheuer.de\/de\/loesungen\/#bauwerterhaltung-denkmalschutz\">Bauwerterhaltung Denkmalschutz<\/a><\/li><\/ul>\n\n\n\n<div style=\"height:48px\" aria-hidden=\"true\" class=\"wp-block-spacer\"><\/div>\n\n<\/div>\n<\/div>\n<\/div>","protected":false},"excerpt":{"rendered":"","protected":false},"author":1,"featured_media":0,"parent":454,"menu_order":4,"comment_status":"closed","ping_status":"closed","template":"page-fullwidth.php","meta":{"footnotes":""},"yoast_head":"<!-- This site is optimized with the Yoast SEO plugin v22.6 - https:\/\/yoast.com\/wordpress\/plugins\/seo\/ -->\n<title>Leistungen \u00b7 Handwerk und Technik \u00b7 Technik \u00b7 Hetzel+Sponheuer \u00b7 Essen<\/title>\n<meta name=\"description\" content=\"Im Rahmen der Umbauarbeiten \u00fcbernehmen und dirigieren wir die Installation von Haus- und Versorgungstechnik und anderer technischen Anlagen ...\" \/>\n<meta name=\"robots\" content=\"index, follow, max-snippet:-1, max-image-preview:large, max-video-preview:-1\" \/>\n<link rel=\"canonical\" href=\"https:\/\/hetzelsponheuer.de\/de\/leistungen\/handwerk-und-technik\/technik\/\" \/>\n<meta property=\"og:locale\" content=\"de_DE\" \/>\n<meta property=\"og:type\" content=\"article\" \/>\n<meta property=\"og:title\" content=\"Leistungen \u00b7 Handwerk und Technik \u00b7 Technik \u00b7 Hetzel+Sponheuer \u00b7 Essen\" \/>\n<meta property=\"og:description\" content=\"Im Rahmen der Umbauarbeiten \u00fcbernehmen und dirigieren wir die Installation von Haus- und Versorgungstechnik und anderer technischen Anlagen ...\" \/>\n<meta property=\"og:url\" content=\"https:\/\/hetzelsponheuer.de\/de\/leistungen\/handwerk-und-technik\/technik\/\" \/>\n<meta property=\"og:site_name\" content=\"Hetzel+Sponheuer \u00b7 de\" \/>\n<meta property=\"article:modified_time\" content=\"2021-07-08T10:07:37+00:00\" \/>\n<meta property=\"og:image\" content=\"https:\/\/hetzelsponheuer.de\/de\/wp-content\/uploads\/sites\/2\/2019\/09\/technik-30461-links.jpg\" \/>\n<meta name=\"twitter:card\" content=\"summary_large_image\" \/>\n<meta name=\"twitter:label1\" content=\"Gesch\u00e4tzte Lesezeit\" \/>\n\t<meta name=\"twitter:data1\" content=\"3\u00a0Minuten\" \/>\n<script type=\"application\/ld+json\" class=\"yoast-schema-graph\">{\"@context\":\"https:\/\/schema.org\",\"@graph\":[{\"@type\":\"WebPage\",\"@id\":\"https:\/\/hetzelsponheuer.de\/de\/leistungen\/handwerk-und-technik\/technik\/\",\"url\":\"https:\/\/hetzelsponheuer.de\/de\/leistungen\/handwerk-und-technik\/technik\/\",\"name\":\"Leistungen \u00b7 Handwerk und Technik \u00b7 Technik \u00b7 Hetzel+Sponheuer \u00b7 Essen\",\"isPartOf\":{\"@id\":\"https:\/\/hetzelsponheuer.de\/de\/#website\"},\"primaryImageOfPage\":{\"@id\":\"https:\/\/hetzelsponheuer.de\/de\/leistungen\/handwerk-und-technik\/technik\/#primaryimage\"},\"image\":{\"@id\":\"https:\/\/hetzelsponheuer.de\/de\/leistungen\/handwerk-und-technik\/technik\/#primaryimage\"},\"thumbnailUrl\":\"https:\/\/hetzelsponheuer.de\/de\/wp-content\/uploads\/sites\/2\/2019\/09\/technik-30461-links.jpg\",\"datePublished\":\"2019-09-30T15:43:55+00:00\",\"dateModified\":\"2021-07-08T10:07:37+00:00\",\"description\":\"Im Rahmen der Umbauarbeiten \u00fcbernehmen und dirigieren wir die Installation von Haus- und Versorgungstechnik und anderer technischen Anlagen ...\",\"breadcrumb\":{\"@id\":\"https:\/\/hetzelsponheuer.de\/de\/leistungen\/handwerk-und-technik\/technik\/#breadcrumb\"},\"inLanguage\":\"de\",\"potentialAction\":[{\"@type\":\"ReadAction\",\"target\":[\"https:\/\/hetzelsponheuer.de\/de\/leistungen\/handwerk-und-technik\/technik\/\"]}]},{\"@type\":\"ImageObject\",\"inLanguage\":\"de\",\"@id\":\"https:\/\/hetzelsponheuer.de\/de\/leistungen\/handwerk-und-technik\/technik\/#primaryimage\",\"url\":\"https:\/\/hetzelsponheuer.de\/de\/wp-content\/uploads\/sites\/2\/2019\/09\/technik-30461-links.jpg\",\"contentUrl\":\"https:\/\/hetzelsponheuer.de\/de\/wp-content\/uploads\/sites\/2\/2019\/09\/technik-30461-links.jpg\",\"width\":373,\"height\":420,\"caption\":\"Umbau \u00b7 Modernisierung \u00b7 Technik\"},{\"@type\":\"BreadcrumbList\",\"@id\":\"https:\/\/hetzelsponheuer.de\/de\/leistungen\/handwerk-und-technik\/technik\/#breadcrumb\",\"itemListElement\":[{\"@type\":\"ListItem\",\"position\":1,\"name\":\"Startseite\",\"item\":\"https:\/\/hetzelsponheuer.de\/de\/\"},{\"@type\":\"ListItem\",\"position\":2,\"name\":\"Leistungen\",\"item\":\"https:\/\/hetzelsponheuer.de\/de\/leistungen\/\"},{\"@type\":\"ListItem\",\"position\":3,\"name\":\"Handwerk und Technik\",\"item\":\"https:\/\/hetzelsponheuer.de\/de\/leistungen\/handwerk-und-technik\/\"},{\"@type\":\"ListItem\",\"position\":4,\"name\":\"Technik\"}]},{\"@type\":\"WebSite\",\"@id\":\"https:\/\/hetzelsponheuer.de\/de\/#website\",\"url\":\"https:\/\/hetzelsponheuer.de\/de\/\",\"name\":\"Hetzel+Sponheuer \u00b7 de\",\"description\":\"L\u00f6sungen f\u00fcr Ihr Bauprojekt\",\"publisher\":{\"@id\":\"https:\/\/hetzelsponheuer.de\/de\/#organization\"},\"inLanguage\":\"de\"},{\"@type\":\"Organization\",\"@id\":\"https:\/\/hetzelsponheuer.de\/de\/#organization\",\"name\":\"Hetzel+Sponheuer GmbH & Co. KG\",\"url\":\"https:\/\/hetzelsponheuer.de\/de\/\",\"logo\":{\"@type\":\"ImageObject\",\"inLanguage\":\"de\",\"@id\":\"https:\/\/hetzelsponheuer.de\/de\/#\/schema\/logo\/image\/\",\"url\":\"https:\/\/hetzelsponheuer.de\/en\/wp-content\/uploads\/sites\/2\/2020\/02\/logo_hetzelsponheuer.png\",\"contentUrl\":\"https:\/\/hetzelsponheuer.de\/en\/wp-content\/uploads\/sites\/2\/2020\/02\/logo_hetzelsponheuer.png\",\"width\":360,\"height\":24,\"caption\":\"Hetzel+Sponheuer GmbH & Co. KG\"},\"image\":{\"@id\":\"https:\/\/hetzelsponheuer.de\/de\/#\/schema\/logo\/image\/\"},\"sameAs\":[\"https:\/\/www.linkedin.com\/company\/hetzel-sponheuer-gmbh-&amp;-co.-kg\"]}]}<\/script>\n<!-- \/ Yoast SEO plugin. -->","yoast_head_json":{"title":"Leistungen \u00b7 Handwerk und Technik \u00b7 Technik \u00b7 Hetzel+Sponheuer \u00b7 Essen","description":"Im Rahmen der Umbauarbeiten \u00fcbernehmen und dirigieren wir die Installation von Haus- und Versorgungstechnik und anderer technischen Anlagen ...","robots":{"index":"index","follow":"follow","max-snippet":"max-snippet:-1","max-image-preview":"max-image-preview:large","max-video-preview":"max-video-preview:-1"},"canonical":"https:\/\/hetzelsponheuer.de\/de\/leistungen\/handwerk-und-technik\/technik\/","og_locale":"de_DE","og_type":"article","og_title":"Leistungen \u00b7 Handwerk und Technik \u00b7 Technik \u00b7 Hetzel+Sponheuer \u00b7 Essen","og_description":"Im Rahmen der Umbauarbeiten \u00fcbernehmen und dirigieren wir die Installation von Haus- und Versorgungstechnik und anderer technischen Anlagen ...","og_url":"https:\/\/hetzelsponheuer.de\/de\/leistungen\/handwerk-und-technik\/technik\/","og_site_name":"Hetzel+Sponheuer \u00b7 de","article_modified_time":"2021-07-08T10:07:37+00:00","og_image":[{"url":"https:\/\/hetzelsponheuer.de\/de\/wp-content\/uploads\/sites\/2\/2019\/09\/technik-30461-links.jpg"}],"twitter_card":"summary_large_image","twitter_misc":{"Gesch\u00e4tzte Lesezeit":"3\u00a0Minuten"},"schema":{"@context":"https:\/\/schema.org","@graph":[{"@type":"WebPage","@id":"https:\/\/hetzelsponheuer.de\/de\/leistungen\/handwerk-und-technik\/technik\/","url":"https:\/\/hetzelsponheuer.de\/de\/leistungen\/handwerk-und-technik\/technik\/","name":"Leistungen \u00b7 Handwerk und Technik \u00b7 Technik \u00b7 Hetzel+Sponheuer \u00b7 Essen","isPartOf":{"@id":"https:\/\/hetzelsponheuer.de\/de\/#website"},"primaryImageOfPage":{"@id":"https:\/\/hetzelsponheuer.de\/de\/leistungen\/handwerk-und-technik\/technik\/#primaryimage"},"image":{"@id":"https:\/\/hetzelsponheuer.de\/de\/leistungen\/handwerk-und-technik\/technik\/#primaryimage"},"thumbnailUrl":"https:\/\/hetzelsponheuer.de\/de\/wp-content\/uploads\/sites\/2\/2019\/09\/technik-30461-links.jpg","datePublished":"2019-09-30T15:43:55+00:00","dateModified":"2021-07-08T10:07:37+00:00","description":"Im Rahmen der Umbauarbeiten \u00fcbernehmen und dirigieren wir die Installation von Haus- und Versorgungstechnik und anderer technischen Anlagen ...","breadcrumb":{"@id":"https:\/\/hetzelsponheuer.de\/de\/leistungen\/handwerk-und-technik\/technik\/#breadcrumb"},"inLanguage":"de","potentialAction":[{"@type":"ReadAction","target":["https:\/\/hetzelsponheuer.de\/de\/leistungen\/handwerk-und-technik\/technik\/"]}]},{"@type":"ImageObject","inLanguage":"de","@id":"https:\/\/hetzelsponheuer.de\/de\/leistungen\/handwerk-und-technik\/technik\/#primaryimage","url":"https:\/\/hetzelsponheuer.de\/de\/wp-content\/uploads\/sites\/2\/2019\/09\/technik-30461-links.jpg","contentUrl":"https:\/\/hetzelsponheuer.de\/de\/wp-content\/uploads\/sites\/2\/2019\/09\/technik-30461-links.jpg","width":373,"height":420,"caption":"Umbau \u00b7 Modernisierung \u00b7 Technik"},{"@type":"BreadcrumbList","@id":"https:\/\/hetzelsponheuer.de\/de\/leistungen\/handwerk-und-technik\/technik\/#breadcrumb","itemListElement":[{"@type":"ListItem","position":1,"name":"Startseite","item":"https:\/\/hetzelsponheuer.de\/de\/"},{"@type":"ListItem","position":2,"name":"Leistungen","item":"https:\/\/hetzelsponheuer.de\/de\/leistungen\/"},{"@type":"ListItem","position":3,"name":"Handwerk und Technik","item":"https:\/\/hetzelsponheuer.de\/de\/leistungen\/handwerk-und-technik\/"},{"@type":"ListItem","position":4,"name":"Technik"}]},{"@type":"WebSite","@id":"https:\/\/hetzelsponheuer.de\/de\/#website","url":"https:\/\/hetzelsponheuer.de\/de\/","name":"Hetzel+Sponheuer \u00b7 de","description":"L\u00f6sungen f\u00fcr Ihr Bauprojekt","publisher":{"@id":"https:\/\/hetzelsponheuer.de\/de\/#organization"},"inLanguage":"de"},{"@type":"Organization","@id":"https:\/\/hetzelsponheuer.de\/de\/#organization","name":"Hetzel+Sponheuer GmbH & Co. KG","url":"https:\/\/hetzelsponheuer.de\/de\/","logo":{"@type":"ImageObject","inLanguage":"de","@id":"https:\/\/hetzelsponheuer.de\/de\/#\/schema\/logo\/image\/","url":"https:\/\/hetzelsponheuer.de\/en\/wp-content\/uploads\/sites\/2\/2020\/02\/logo_hetzelsponheuer.png","contentUrl":"https:\/\/hetzelsponheuer.de\/en\/wp-content\/uploads\/sites\/2\/2020\/02\/logo_hetzelsponheuer.png","width":360,"height":24,"caption":"Hetzel+Sponheuer GmbH & Co. KG"},"image":{"@id":"https:\/\/hetzelsponheuer.de\/de\/#\/schema\/logo\/image\/"},"sameAs":["https:\/\/www.linkedin.com\/company\/hetzel-sponheuer-gmbh-&amp;-co.-kg"]}]}},"_links":{"self":[{"href":"https:\/\/hetzelsponheuer.de\/de\/wp-json\/wp\/v2\/pages\/4327"}],"collection":[{"href":"https:\/\/hetzelsponheuer.de\/de\/wp-json\/wp\/v2\/pages"}],"about":[{"href":"https:\/\/hetzelsponheuer.de\/de\/wp-json\/wp\/v2\/types\/page"}],"author":[{"embeddable":true,"href":"https:\/\/hetzelsponheuer.de\/de\/wp-json\/wp\/v2\/users\/1"}],"replies":[{"embeddable":true,"href":"https:\/\/hetzelsponheuer.de\/de\/wp-json\/wp\/v2\/comments?post=4327"}],"version-history":[{"count":3,"href":"https:\/\/hetzelsponheuer.de\/de\/wp-json\/wp\/v2\/pages\/4327\/revisions"}],"predecessor-version":[{"id":5789,"href":"https:\/\/hetzelsponheuer.de\/de\/wp-json\/wp\/v2\/pages\/4327\/revisions\/5789"}],"up":[{"embeddable":true,"href":"https:\/\/hetzelsponheuer.de\/de\/wp-json\/wp\/v2\/pages\/454"}],"wp:attachment":[{"href":"https:\/\/hetzelsponheuer.de\/de\/wp-json\/wp\/v2\/media?parent=4327"}],"curies":[{"name":"wp","href":"https:\/\/api.w.org\/{rel}","templated":true}]}}