{"id":440,"date":"2019-08-01T16:49:28","date_gmt":"2019-08-01T14:49:28","guid":{"rendered":"http:\/\/hetzelsponheuer.de\/de\/?page_id=440"},"modified":"2023-09-28T08:35:56","modified_gmt":"2023-09-28T06:35:56","slug":"bewertung-und-beratung","status":"publish","type":"page","link":"https:\/\/hetzelsponheuer.de\/de\/leistungen\/bewertung-und-beratung\/","title":{"rendered":"Bewertung und Beratung"},"content":{"rendered":"<div class=\"langhash\" data-val=\"#estimating-and-consulting\"><\/div>\n\n<div class=\"banner row x-4 md-3-6-3 sm-0-12-0 wp-block-lazyblock-inner-block lazyblock-inner-block-1AvGBs\">\n<div class=\"col wp-block-lazyblock-inner-block lazyblock-inner-block-Z15LpEY\">\n<div class=\"bg blue wp-block-lazyblock-inner-block lazyblock-inner-block-2odm4k\">\n\n<p>  <\/p>\n\n<\/div>\n<\/div>\n\n<div class=\"col wp-block-lazyblock-inner-block lazyblock-inner-block-ZnHmi8\">\n<div class=\"bg grey img wp-block-lazyblock-inner-block lazyblock-inner-block-1Iqjcr\">\n\n<figure class=\"wp-block-image\"><img decoding=\"async\" loading=\"lazy\" width=\"754\" height=\"521\" src=\"https:\/\/hetzelsponheuer.de\/de\/wp-content\/uploads\/sites\/2\/2019\/09\/bewerten-beraten_3111-mitte.jpg\" alt=\"\" class=\"wp-image-3855\" srcset=\"https:\/\/hetzelsponheuer.de\/de\/wp-content\/uploads\/sites\/2\/2019\/09\/bewerten-beraten_3111-mitte.jpg 754w, https:\/\/hetzelsponheuer.de\/de\/wp-content\/uploads\/sites\/2\/2019\/09\/bewerten-beraten_3111-mitte-400x276.jpg 400w\" sizes=\"(max-width: 754px) 100vw, 754px\" \/><\/figure>\n\n<\/div>\n<\/div>\n\n<div class=\"col wp-block-lazyblock-inner-block lazyblock-inner-block-ZY60ar\">\n<div class=\"bg grey img wp-block-lazyblock-inner-block lazyblock-inner-block-8W7G3\">\n\n<figure class=\"wp-block-image\"><img decoding=\"async\" loading=\"lazy\" width=\"373\" height=\"585\" src=\"https:\/\/hetzelsponheuer.de\/de\/wp-content\/uploads\/sites\/2\/2019\/09\/bewerten-beraten_3111-rechts.jpg\" alt=\"\" class=\"wp-image-3856\" srcset=\"https:\/\/hetzelsponheuer.de\/de\/wp-content\/uploads\/sites\/2\/2019\/09\/bewerten-beraten_3111-rechts.jpg 373w, https:\/\/hetzelsponheuer.de\/de\/wp-content\/uploads\/sites\/2\/2019\/09\/bewerten-beraten_3111-rechts-255x400.jpg 255w\" sizes=\"(max-width: 373px) 100vw, 373px\" \/><\/figure>\n\n<\/div>\n<\/div>\n<\/div>\n\n<div class=\"row x-24 md-3-9 sm-0-12 wp-block-lazyblock-inner-block lazyblock-inner-block-Zl5Ne7\">\n<div class=\"col wp-block-lazyblock-inner-block lazyblock-inner-block-Z82reH\">\n<div class=\"wp-block-lazyblock-inner-block lazyblock-inner-block-1wJjKx\">\n\n<p>  <\/p>\n\n<\/div>\n<\/div>\n\n<div class=\"col wp-block-lazyblock-inner-block lazyblock-inner-block-18kraq\">\n<div class=\"head wp-block-lazyblock-inner-block lazyblock-inner-block-1WrMHC\">\n\n<p class=\"topline grey scroll\"><a href=\"#intro-leistungen\">Leistungen<\/a> \u00b7 Bewertung und Beratung<\/p>\n\n\n\n<h2 class=\"wp-block-heading h1\">Fundierte Expertise<\/h2>\n\n<\/div>\n<\/div>\n<\/div>\n\n<div class=\"row x-24 md-3-6-3 sm-12-12-12 wp-block-lazyblock-inner-block lazyblock-inner-block-1TAU97\">\n<div class=\"col wp-block-lazyblock-inner-block lazyblock-inner-block-Z4Sauv\">\n<div class=\"wp-block-lazyblock-inner-block lazyblock-inner-block-Z1TLXVU\">\n\n<p class=\"md-right color pl-24\"><strong>Die fundierte Bewertung von Bauaufgaben und die dazugeh\u00f6rige Beratung sind f\u00fcr uns der Grundstein, um neue, kalkulierbare L\u00f6sungen zu entwickeln. Gerade weil unser Unternehmen seit \u00fcber 30 Jahren vorwiegend mit &#8220;Bauen im Bestand&#8221; t\u00e4tig ist, k\u00f6nnen wir ganz wesentlich zum wirtschaftlichen und technischen Erfolg Ihres Projektes beitragen. <\/strong><\/p>\n\n<\/div>\n<\/div>\n\n<div class=\"col wp-block-lazyblock-inner-block lazyblock-inner-block-Zuu7Pe\">\n<div class=\"wp-block-lazyblock-inner-block lazyblock-inner-block-Z1JkHit\">\n\n<p>Unser Motto: &#8220;Erst denken, dann handeln&#8221;. Deshalb analysieren wir gerne f\u00fcr Sie, um eine fundierte Grundlage f\u00fcr nachfolgende Schritte zu haben.<\/p>\n\n\n\n<h3 class=\"wp-block-heading h4\">Angebotserstellung<\/h3>\n\n\n\n<p>Um das Projekt f\u00fcr Sie planbar und kostensicher zu gestalten, erhalten Sie von uns ein transparentes Angebot, das gleichzeitig einen Handlungsleitfaden f\u00fcr alle notwendigen Bauleistungen und organisatorischen Abl\u00e4ufe darstellt. Gerne erarbeiten wir auch zus\u00e4tzliche Angebotsalternativen \u2013&nbsp;f\u00fcr eine optimale L\u00f6sung.<\/p>\n\n\n\n<h3 class=\"wp-block-heading h4\">Sanierungskonzepte<\/h3>\n\n\n\n<p>Umbauen und Modernisieren im Bestand ist eine gro\u00dfe Herausforderung f\u00fcr jeden Bauherren. Hier k\u00f6nnen wir Sie mit unseren Spezialkenntnissen z.B. im denkmalgerechten Bauen, der Betoninstandsetzung und dem GU-Ausbau von Anfang an unterst\u00fctzen. Wir erstellen ein Sanierungskonzept, das alle Anforderungen ber\u00fccksichtigt, damit keine b\u00f6sen \u00dcberraschungen w\u00e4hrend der Projektphase entstehen.<\/p>\n\n\n\n<h3 class=\"wp-block-heading h4\">Brandschutzkonzepte<\/h3>\n\n\n\n<p>Um ein Brandschutzkonzept zu erstellen, braucht man viel Erfahrung, technisches Hintergrundwissen und Kenntnisse \u00fcber Auflagen und Vorschriften. Wir haben uns im Laufe der Jahre zu Brandschutzexperten entwickelt, die Brandschutzkonzepte nicht nur umsetzen, sondern vor allem durch eine qualifizierte Beratung und Konzepterstellung helfen.<\/p>\n\n\n\n<h3 class=\"wp-block-heading h4\">Bauablaufkonzepte<\/h3>\n\n\n\n<p>Wir gestalten den gesamten Ablauf des Projekts f\u00fcr Sie m\u00f6glichst transparent und effizient. Die Vernetzung von Gewerken, Logistik und Bautechnik sind dabei wesentliche S\u00e4ulen unserer Gesamtleistung. Die von uns erstellten Bauablaufkonzepte k\u00f6nnen dann jederzeit optimiert werden und ziehen sich wie ein roter Faden durch das gesamte Projekt.<\/p>\n\n<\/div>\n<\/div>\n\n<div class=\"col wp-block-lazyblock-inner-block lazyblock-inner-block-xYo12\">\n<div class=\"wp-block-lazyblock-inner-block lazyblock-inner-block-sq9lP\">\n\n<h4 class=\"wp-block-heading\">Leistungen<\/h4>\n\n\n<div class=\"menu-main-menu-container\"><ul id=\"menu-main-menu\" class=\"grey\"><li id=\"menu-item-460\" class=\"menu-item \"><a href=\"#intro-leistungen\">Intro<\/a><\/li>\n<li id=\"menu-item-459\" class=\"menu-item \"><a href=\"#bewertung-und-beratung\">Bewertung und Beratung<\/a><\/li>\n<li id=\"menu-item-461\" class=\"menu-item \"><a href=\"#planung-und-gestaltung\">Planung und Gestaltung<\/a><\/li>\n<li id=\"menu-item-462\" class=\"menu-item \"><a href=\"#organisation-und-baubegleitung\">Organisation und Baubegleitung<\/a><\/li>\n<li id=\"menu-item-463\" class=\"menu-item \"><a href=\"#handwerk-und-technik\">Handwerk und Technik<\/a><\/li>\n<\/ul><\/div>\n\n\n\n<h4 class=\"wp-block-heading\">Ihr Ansprechpartner<\/h4>\n\n\n\n<ul class=\"ajx link grey\">\n<li><a href=\"uwe-steinfeld\" data-display=\"fancybox\" data-post-type=\"mitarbeiter\">Uwe Steinfeld<\/a><\/li>\n<\/ul>\n\n\n\n<h4 class=\"wp-block-heading\">Qualit\u00e4tssicherung<\/h4>\n\n\n\n<ul class=\"fade-link grey\">\n<li><a href=\".\/unternehmen\/#qualitaetsmanagement\">Qualit\u00e4tsmanagemen<\/a>t<\/li>\n\n\n\n<li><a href=\".\/unternehmen\/#qualitaetsmanagement\">Zertifizierungen<\/a><\/li>\n\n\n\n<li><a href=\".\/unternehmen\/#qualitaetsmanagement\">Mitarbeiterschulung<\/a><\/li>\n\n\n\n<li><a href=\".\/unternehmen\/#qualitaetsmanagement\">Inhouse-Seminare<\/a><\/li>\n<\/ul>\n\n\n\n<h4 class=\"wp-block-heading\">Optimierte Leistungspakete<\/h4>\n\n\n<div class=\"menu-main-menu-container\"><ul id=\"menu-main-menu-1\" class=\"grey hide-first-item\"><li id=\"menu-item-252\" class=\"menu-item \"><a href=\"#intro-loesungen\">Intro<\/a><\/li>\n<li id=\"menu-item-227\" class=\"menu-item \"><a href=\"#wohnen-gewerbe-industrie\">Wohnen Gewerbe Industrie<\/a><\/li>\n<li id=\"menu-item-244\" class=\"menu-item \"><a href=\"#einkaufscenter-ladenlokal\">Einkaufscenter Ladenlokal<\/a><\/li>\n<li id=\"menu-item-262\" class=\"menu-item \"><a href=\"#hotel-gastronomie\">Hotel Gastronomie<\/a><\/li>\n<li id=\"menu-item-277\" class=\"menu-item \"><a href=\"#bauwerterhaltung-denkmalschutz\">Bauwerterhaltung Denkmalschutz<\/a><\/li>\n<\/ul><\/div>\n\n<\/div>\n<\/div>\n<\/div>","protected":false},"excerpt":{"rendered":"","protected":false},"author":1,"featured_media":0,"parent":46,"menu_order":2,"comment_status":"closed","ping_status":"closed","template":"page-fullwidth.php","meta":{"footnotes":""},"yoast_head":"<!-- This site is optimized with the Yoast SEO plugin v22.6 - https:\/\/yoast.com\/wordpress\/plugins\/seo\/ -->\n<title>Leistungen \u00b7 Bewertung und Beratung \u00b7 Hetzel+Sponheuer \u00b7 Essen<\/title>\n<meta name=\"description\" content=\"Architekten und Bauingenieure messen, analysieren und bewerten alle Aspekte Ihres Bauprojektes und beraten Sie im Hinblick auf eine optimierte Bau-L\u00f6sung\" \/>\n<meta name=\"robots\" content=\"index, follow, max-snippet:-1, max-image-preview:large, max-video-preview:-1\" \/>\n<link rel=\"canonical\" href=\"https:\/\/hetzelsponheuer.de\/de\/leistungen\/bewertung-und-beratung\/\" \/>\n<meta property=\"og:locale\" content=\"de_DE\" \/>\n<meta property=\"og:type\" content=\"article\" \/>\n<meta property=\"og:title\" content=\"Leistungen \u00b7 Bewertung und Beratung \u00b7 Hetzel+Sponheuer \u00b7 Essen\" \/>\n<meta property=\"og:description\" content=\"Architekten und Bauingenieure messen, analysieren und bewerten alle Aspekte Ihres Bauprojektes und beraten Sie im Hinblick auf eine optimierte Bau-L\u00f6sung\" \/>\n<meta property=\"og:url\" content=\"https:\/\/hetzelsponheuer.de\/de\/leistungen\/bewertung-und-beratung\/\" \/>\n<meta property=\"og:site_name\" content=\"Hetzel+Sponheuer \u00b7 de\" \/>\n<meta property=\"article:modified_time\" content=\"2023-09-28T06:35:56+00:00\" \/>\n<meta property=\"og:image\" content=\"https:\/\/hetzelsponheuer.de\/de\/wp-content\/uploads\/sites\/2\/2019\/09\/bewerten-beraten_3111-mitte.jpg\" \/>\n<meta name=\"twitter:card\" content=\"summary_large_image\" \/>\n<script type=\"application\/ld+json\" class=\"yoast-schema-graph\">{\"@context\":\"https:\/\/schema.org\",\"@graph\":[{\"@type\":\"WebPage\",\"@id\":\"https:\/\/hetzelsponheuer.de\/de\/leistungen\/bewertung-und-beratung\/\",\"url\":\"https:\/\/hetzelsponheuer.de\/de\/leistungen\/bewertung-und-beratung\/\",\"name\":\"Leistungen \u00b7 Bewertung und Beratung \u00b7 Hetzel+Sponheuer \u00b7 Essen\",\"isPartOf\":{\"@id\":\"https:\/\/hetzelsponheuer.de\/de\/#website\"},\"primaryImageOfPage\":{\"@id\":\"https:\/\/hetzelsponheuer.de\/de\/leistungen\/bewertung-und-beratung\/#primaryimage\"},\"image\":{\"@id\":\"https:\/\/hetzelsponheuer.de\/de\/leistungen\/bewertung-und-beratung\/#primaryimage\"},\"thumbnailUrl\":\"https:\/\/hetzelsponheuer.de\/de\/wp-content\/uploads\/sites\/2\/2019\/09\/bewerten-beraten_3111-mitte.jpg\",\"datePublished\":\"2019-08-01T14:49:28+00:00\",\"dateModified\":\"2023-09-28T06:35:56+00:00\",\"description\":\"Architekten und Bauingenieure messen, analysieren und bewerten alle Aspekte Ihres Bauprojektes und beraten Sie im Hinblick auf eine optimierte Bau-L\u00f6sung\",\"breadcrumb\":{\"@id\":\"https:\/\/hetzelsponheuer.de\/de\/leistungen\/bewertung-und-beratung\/#breadcrumb\"},\"inLanguage\":\"de\",\"potentialAction\":[{\"@type\":\"ReadAction\",\"target\":[\"https:\/\/hetzelsponheuer.de\/de\/leistungen\/bewertung-und-beratung\/\"]}]},{\"@type\":\"ImageObject\",\"inLanguage\":\"de\",\"@id\":\"https:\/\/hetzelsponheuer.de\/de\/leistungen\/bewertung-und-beratung\/#primaryimage\",\"url\":\"https:\/\/hetzelsponheuer.de\/de\/wp-content\/uploads\/sites\/2\/2019\/09\/bewerten-beraten_3111-mitte.jpg\",\"contentUrl\":\"https:\/\/hetzelsponheuer.de\/de\/wp-content\/uploads\/sites\/2\/2019\/09\/bewerten-beraten_3111-mitte.jpg\",\"width\":754,\"height\":521},{\"@type\":\"BreadcrumbList\",\"@id\":\"https:\/\/hetzelsponheuer.de\/de\/leistungen\/bewertung-und-beratung\/#breadcrumb\",\"itemListElement\":[{\"@type\":\"ListItem\",\"position\":1,\"name\":\"Startseite\",\"item\":\"https:\/\/hetzelsponheuer.de\/de\/\"},{\"@type\":\"ListItem\",\"position\":2,\"name\":\"Leistungen\",\"item\":\"https:\/\/hetzelsponheuer.de\/de\/leistungen\/\"},{\"@type\":\"ListItem\",\"position\":3,\"name\":\"Bewertung und Beratung\"}]},{\"@type\":\"WebSite\",\"@id\":\"https:\/\/hetzelsponheuer.de\/de\/#website\",\"url\":\"https:\/\/hetzelsponheuer.de\/de\/\",\"name\":\"Hetzel+Sponheuer \u00b7 de\",\"description\":\"L\u00f6sungen f\u00fcr Ihr Bauprojekt\",\"publisher\":{\"@id\":\"https:\/\/hetzelsponheuer.de\/de\/#organization\"},\"inLanguage\":\"de\"},{\"@type\":\"Organization\",\"@id\":\"https:\/\/hetzelsponheuer.de\/de\/#organization\",\"name\":\"Hetzel+Sponheuer GmbH & Co. KG\",\"url\":\"https:\/\/hetzelsponheuer.de\/de\/\",\"logo\":{\"@type\":\"ImageObject\",\"inLanguage\":\"de\",\"@id\":\"https:\/\/hetzelsponheuer.de\/de\/#\/schema\/logo\/image\/\",\"url\":\"https:\/\/hetzelsponheuer.de\/en\/wp-content\/uploads\/sites\/2\/2020\/02\/logo_hetzelsponheuer.png\",\"contentUrl\":\"https:\/\/hetzelsponheuer.de\/en\/wp-content\/uploads\/sites\/2\/2020\/02\/logo_hetzelsponheuer.png\",\"width\":360,\"height\":24,\"caption\":\"Hetzel+Sponheuer GmbH & Co. KG\"},\"image\":{\"@id\":\"https:\/\/hetzelsponheuer.de\/de\/#\/schema\/logo\/image\/\"},\"sameAs\":[\"https:\/\/www.linkedin.com\/company\/hetzel-sponheuer-gmbh-&amp;-co.-kg\"]}]}<\/script>\n<!-- \/ Yoast SEO plugin. -->","yoast_head_json":{"title":"Leistungen \u00b7 Bewertung und Beratung \u00b7 Hetzel+Sponheuer \u00b7 Essen","description":"Architekten und Bauingenieure messen, analysieren und bewerten alle Aspekte Ihres Bauprojektes und beraten Sie im Hinblick auf eine optimierte Bau-L\u00f6sung","robots":{"index":"index","follow":"follow","max-snippet":"max-snippet:-1","max-image-preview":"max-image-preview:large","max-video-preview":"max-video-preview:-1"},"canonical":"https:\/\/hetzelsponheuer.de\/de\/leistungen\/bewertung-und-beratung\/","og_locale":"de_DE","og_type":"article","og_title":"Leistungen \u00b7 Bewertung und Beratung \u00b7 Hetzel+Sponheuer \u00b7 Essen","og_description":"Architekten und Bauingenieure messen, analysieren und bewerten alle Aspekte Ihres Bauprojektes und beraten Sie im Hinblick auf eine optimierte Bau-L\u00f6sung","og_url":"https:\/\/hetzelsponheuer.de\/de\/leistungen\/bewertung-und-beratung\/","og_site_name":"Hetzel+Sponheuer \u00b7 de","article_modified_time":"2023-09-28T06:35:56+00:00","og_image":[{"url":"https:\/\/hetzelsponheuer.de\/de\/wp-content\/uploads\/sites\/2\/2019\/09\/bewerten-beraten_3111-mitte.jpg"}],"twitter_card":"summary_large_image","schema":{"@context":"https:\/\/schema.org","@graph":[{"@type":"WebPage","@id":"https:\/\/hetzelsponheuer.de\/de\/leistungen\/bewertung-und-beratung\/","url":"https:\/\/hetzelsponheuer.de\/de\/leistungen\/bewertung-und-beratung\/","name":"Leistungen \u00b7 Bewertung und Beratung \u00b7 Hetzel+Sponheuer \u00b7 Essen","isPartOf":{"@id":"https:\/\/hetzelsponheuer.de\/de\/#website"},"primaryImageOfPage":{"@id":"https:\/\/hetzelsponheuer.de\/de\/leistungen\/bewertung-und-beratung\/#primaryimage"},"image":{"@id":"https:\/\/hetzelsponheuer.de\/de\/leistungen\/bewertung-und-beratung\/#primaryimage"},"thumbnailUrl":"https:\/\/hetzelsponheuer.de\/de\/wp-content\/uploads\/sites\/2\/2019\/09\/bewerten-beraten_3111-mitte.jpg","datePublished":"2019-08-01T14:49:28+00:00","dateModified":"2023-09-28T06:35:56+00:00","description":"Architekten und Bauingenieure messen, analysieren und bewerten alle Aspekte Ihres Bauprojektes und beraten Sie im Hinblick auf eine optimierte Bau-L\u00f6sung","breadcrumb":{"@id":"https:\/\/hetzelsponheuer.de\/de\/leistungen\/bewertung-und-beratung\/#breadcrumb"},"inLanguage":"de","potentialAction":[{"@type":"ReadAction","target":["https:\/\/hetzelsponheuer.de\/de\/leistungen\/bewertung-und-beratung\/"]}]},{"@type":"ImageObject","inLanguage":"de","@id":"https:\/\/hetzelsponheuer.de\/de\/leistungen\/bewertung-und-beratung\/#primaryimage","url":"https:\/\/hetzelsponheuer.de\/de\/wp-content\/uploads\/sites\/2\/2019\/09\/bewerten-beraten_3111-mitte.jpg","contentUrl":"https:\/\/hetzelsponheuer.de\/de\/wp-content\/uploads\/sites\/2\/2019\/09\/bewerten-beraten_3111-mitte.jpg","width":754,"height":521},{"@type":"BreadcrumbList","@id":"https:\/\/hetzelsponheuer.de\/de\/leistungen\/bewertung-und-beratung\/#breadcrumb","itemListElement":[{"@type":"ListItem","position":1,"name":"Startseite","item":"https:\/\/hetzelsponheuer.de\/de\/"},{"@type":"ListItem","position":2,"name":"Leistungen","item":"https:\/\/hetzelsponheuer.de\/de\/leistungen\/"},{"@type":"ListItem","position":3,"name":"Bewertung und Beratung"}]},{"@type":"WebSite","@id":"https:\/\/hetzelsponheuer.de\/de\/#website","url":"https:\/\/hetzelsponheuer.de\/de\/","name":"Hetzel+Sponheuer \u00b7 de","description":"L\u00f6sungen f\u00fcr Ihr Bauprojekt","publisher":{"@id":"https:\/\/hetzelsponheuer.de\/de\/#organization"},"inLanguage":"de"},{"@type":"Organization","@id":"https:\/\/hetzelsponheuer.de\/de\/#organization","name":"Hetzel+Sponheuer GmbH & Co. KG","url":"https:\/\/hetzelsponheuer.de\/de\/","logo":{"@type":"ImageObject","inLanguage":"de","@id":"https:\/\/hetzelsponheuer.de\/de\/#\/schema\/logo\/image\/","url":"https:\/\/hetzelsponheuer.de\/en\/wp-content\/uploads\/sites\/2\/2020\/02\/logo_hetzelsponheuer.png","contentUrl":"https:\/\/hetzelsponheuer.de\/en\/wp-content\/uploads\/sites\/2\/2020\/02\/logo_hetzelsponheuer.png","width":360,"height":24,"caption":"Hetzel+Sponheuer GmbH & Co. KG"},"image":{"@id":"https:\/\/hetzelsponheuer.de\/de\/#\/schema\/logo\/image\/"},"sameAs":["https:\/\/www.linkedin.com\/company\/hetzel-sponheuer-gmbh-&amp;-co.-kg"]}]}},"_links":{"self":[{"href":"https:\/\/hetzelsponheuer.de\/de\/wp-json\/wp\/v2\/pages\/440"}],"collection":[{"href":"https:\/\/hetzelsponheuer.de\/de\/wp-json\/wp\/v2\/pages"}],"about":[{"href":"https:\/\/hetzelsponheuer.de\/de\/wp-json\/wp\/v2\/types\/page"}],"author":[{"embeddable":true,"href":"https:\/\/hetzelsponheuer.de\/de\/wp-json\/wp\/v2\/users\/1"}],"replies":[{"embeddable":true,"href":"https:\/\/hetzelsponheuer.de\/de\/wp-json\/wp\/v2\/comments?post=440"}],"version-history":[{"count":2,"href":"https:\/\/hetzelsponheuer.de\/de\/wp-json\/wp\/v2\/pages\/440\/revisions"}],"predecessor-version":[{"id":5981,"href":"https:\/\/hetzelsponheuer.de\/de\/wp-json\/wp\/v2\/pages\/440\/revisions\/5981"}],"up":[{"embeddable":true,"href":"https:\/\/hetzelsponheuer.de\/de\/wp-json\/wp\/v2\/pages\/46"}],"wp:attachment":[{"href":"https:\/\/hetzelsponheuer.de\/de\/wp-json\/wp\/v2\/media?parent=440"}],"curies":[{"name":"wp","href":"https:\/\/api.w.org\/{rel}","templated":true}]}}