{"id":446,"date":"2019-08-01T16:58:00","date_gmt":"2019-08-01T14:58:00","guid":{"rendered":"http:\/\/hetzelsponheuer.de\/de\/?page_id=446"},"modified":"2021-07-08T11:54:52","modified_gmt":"2021-07-08T09:54:52","slug":"planung-und-gestaltung","status":"publish","type":"page","link":"https:\/\/hetzelsponheuer.de\/de\/leistungen\/planung-und-gestaltung\/","title":{"rendered":"Planung und Gestaltung"},"content":{"rendered":"<div class=\"langhash\" data-val=\"#planing-and-designing\"><\/div>\n\n<div class=\"banner row x-4 md-3-6-3 sm-0-12-0 wp-block-lazyblock-inner-block lazyblock-inner-block-1AvGBs\">\n<div class=\"col wp-block-lazyblock-inner-block lazyblock-inner-block-Z15LpEY\">\n<div class=\"bg blue wp-block-lazyblock-inner-block lazyblock-inner-block-2odm4k\">\n\n<p>  <\/p>\n\n<\/div>\n<\/div>\n\n<div class=\"col wp-block-lazyblock-inner-block lazyblock-inner-block-ZnHmi8\">\n<div class=\"bg grey img wp-block-lazyblock-inner-block lazyblock-inner-block-1Iqjcr\">\n\n<figure class=\"wp-block-image\"><img decoding=\"async\" loading=\"lazy\" width=\"754\" height=\"424\" src=\"https:\/\/hetzelsponheuer.de\/de\/wp-content\/uploads\/sites\/2\/2019\/09\/planen-gestalten_2428-mitte.jpg\" alt=\"\" class=\"wp-image-3862\" srcset=\"https:\/\/hetzelsponheuer.de\/de\/wp-content\/uploads\/sites\/2\/2019\/09\/planen-gestalten_2428-mitte.jpg 754w, https:\/\/hetzelsponheuer.de\/de\/wp-content\/uploads\/sites\/2\/2019\/09\/planen-gestalten_2428-mitte-400x225.jpg 400w\" sizes=\"(max-width: 754px) 100vw, 754px\" \/><\/figure>\n\n<\/div>\n<\/div>\n\n<div class=\"col wp-block-lazyblock-inner-block lazyblock-inner-block-ZY60ar\">\n<div class=\"bg grey img wp-block-lazyblock-inner-block lazyblock-inner-block-8W7G3\">\n\n<figure class=\"wp-block-image\"><img decoding=\"async\" loading=\"lazy\" width=\"373\" height=\"424\" src=\"https:\/\/hetzelsponheuer.de\/de\/wp-content\/uploads\/sites\/2\/2019\/09\/planen-gestalten_2428-rechts.jpg\" alt=\"\" class=\"wp-image-3863\" srcset=\"https:\/\/hetzelsponheuer.de\/de\/wp-content\/uploads\/sites\/2\/2019\/09\/planen-gestalten_2428-rechts.jpg 373w, https:\/\/hetzelsponheuer.de\/de\/wp-content\/uploads\/sites\/2\/2019\/09\/planen-gestalten_2428-rechts-352x400.jpg 352w\" sizes=\"(max-width: 373px) 100vw, 373px\" \/><\/figure>\n\n<\/div>\n<\/div>\n<\/div>\n\n<div class=\"row x-24 md-3-9 sm-0-12 wp-block-lazyblock-inner-block lazyblock-inner-block-Zl5Ne7\">\n<div class=\"col wp-block-lazyblock-inner-block lazyblock-inner-block-Z82reH\">\n<div class=\"wp-block-lazyblock-inner-block lazyblock-inner-block-1wJjKx\">\n\n<p>  <\/p>\n\n<\/div>\n<\/div>\n\n<div class=\"col wp-block-lazyblock-inner-block lazyblock-inner-block-18kraq\">\n<div class=\"head wp-block-lazyblock-inner-block lazyblock-inner-block-1WrMHC\">\n\n<p class=\"topline grey scroll\"><a href=\"#intro-leistungen\">Leistungen<\/a> \u00b7 Planen und Gestalten <\/p>\n\n\n\n<h2 class=\"h1 wp-block-heading\">Planen und Gestalten<\/h2>\n\n<\/div>\n<\/div>\n<\/div>\n\n<div class=\"row x-24 md-3-6-3 sm-12-12-12 wp-block-lazyblock-inner-block lazyblock-inner-block-1TAU97\">\n<div class=\"col wp-block-lazyblock-inner-block lazyblock-inner-block-Z4Sauv\">\n<div class=\"wp-block-lazyblock-inner-block lazyblock-inner-block-Z1TLXVU\">\n\n<p class=\"has-text-align-right color pl-24 md-right\"><strong>Kostensicher bis ins Detail. Wir bringen Ihre Ideen auf den Punkt und entwickeln gerne Ihre gestalterischen und planerischen Ideen gemeinsam mit Ihnen weiter. Dazu stehen Ihnen bei Bedarf auch unsere Architekten und Planer zur Verf\u00fcgung.&nbsp;<\/strong><\/p>\n\n<\/div>\n<\/div>\n\n<div class=\"col wp-block-lazyblock-inner-block lazyblock-inner-block-Zuu7Pe\">\n<div class=\"wp-block-lazyblock-inner-block lazyblock-inner-block-Z1JkHit\">\n\n<p>Wir planen unsere Leistungen transparent und mit m\u00f6glichst hoher Kostensicherheit, so dass Missverst\u00e4ndnisse erst gar nicht aufkommen.<\/p>\n\n\n\n<h3 class=\"h4 wp-block-heading\">Ausf\u00fchrungsplanung<\/h3>\n\n\n\n<p>Unter Ber\u00fccksichtigung Ihres Entwurfs und der Materialwahl erarbeiten wir f\u00fcr Sie gerne ein konkretes Konzept zur Ausf\u00fchrung. So k\u00f6nnen Details oder n\u00f6tige Anschlussarbeiten fr\u00fchzeitig erkannt und eingeplant werden. Das vereinfacht den Bauablauf, spart Zeit und Kosten. In der Ausf\u00fchrungsplanung sind auch die Auflagen aus der Baugenehmigung und f\u00fcr ein Brandschutzkonzept, W\u00e4rme- und Schallschutznachweise integriert. Alle Anforderungen der Fachingenieure werden zusammengetragen, um gemeinsam mit Ihnen die Details abstimmen zu k\u00f6nnen und somit die Ausf\u00fchrungsqualit\u00e4t zu gew\u00e4hrleisten.<\/p>\n\n\n\n<h3 class=\"h4 wp-block-heading\">Bauablaufplanung<\/h3>\n\n\n\n<p>Wer plant, geht auf Nummer Sicher. Erst wenn der Ablauf steht, kann man Leistungen und Gewerke optimal miteinander vernetzen und selbst schwierige Aufgabenstellungen in einem engen Zeitrahmen l\u00f6sen. Der st\u00e4ndige Abgleich der Bauablaufplanung mit der tats\u00e4chlichen Situation auf der Baustelle l\u00e4sst uns alle Termine im Blick behalten und sichert die termingerechte Fertigstellung.&nbsp;<\/p>\n\n\n\n<h3 class=\"h4 wp-block-heading\">Detailplanung<\/h3>\n\n\n\n<p>Gerade im Baugewerbe liegt der Teufel im Detail. Mit einer konkreten Darstellung von Baul\u00f6sungen wissen Sie genau, was Sie erwartet. Mit unserer Detailplanung erleben Sie keine unerwarteten \u00dcberraschungen. Handwerker und Techniker wissen genau, was zu tun ist. Materialdisposition, Baustellenvorbereitung und Bauausf\u00fchrung werden ausf\u00fchrlich beschrieben, so dass Angebote konkret und verbindlich erstellt werden k\u00f6nnen.<\/p>\n\n\n\n<h3 class=\"h4 wp-block-heading\">Farbkonzepte<\/h3>\n\n\n\n<p class=\"link ajx\">Wir zeigen Ihnen wie Farbe einen Raum oder eine Fassade ver\u00e4ndern kann. Wir beraten Sie hinsichtlich Farben, Formen und Oberfl\u00e4chen. Mit einer professionellen Darstellung, kombiniert mit Farb- und Materialmustern, machen wir Ihnen die Entscheidung leichter. Farbkonzepte bieten auch die M\u00f6glichkeit durch alternative Material- und Oberfl\u00e4chengestaltungen Kosten zu sparen.\u00a0<br><a href=\"https:\/\/hetzelsponheuer.de\/de\/leistungen\/planung-und-gestaltung\/farbkonzepte\">Erfahren Sie mehr<\/a><\/p>\n\n<\/div>\n<\/div>\n\n<div class=\"col wp-block-lazyblock-inner-block lazyblock-inner-block-xYo12\">\n<div class=\"wp-block-lazyblock-inner-block lazyblock-inner-block-sq9lP\">\n\n<h4 class=\"wp-block-heading\">Leistungen<\/h4>\n\n\n<div class=\"menu-main-menu-container\"><ul id=\"menu-main-menu\" class=\"grey\"><li id=\"menu-item-460\" class=\"menu-item \"><a href=\"#intro-leistungen\">Intro<\/a><\/li>\n<li id=\"menu-item-459\" class=\"menu-item \"><a href=\"#bewertung-und-beratung\">Bewertung und Beratung<\/a><\/li>\n<li id=\"menu-item-461\" class=\"menu-item \"><a href=\"#planung-und-gestaltung\">Planung und Gestaltung<\/a><\/li>\n<li id=\"menu-item-462\" class=\"menu-item \"><a href=\"#organisation-und-baubegleitung\">Organisation und Baubegleitung<\/a><\/li>\n<li id=\"menu-item-463\" class=\"menu-item \"><a href=\"#handwerk-und-technik\">Handwerk und Technik<\/a><\/li>\n<\/ul><\/div>\n\n\n\n<h4 class=\"wp-block-heading\">Optimierte Leistungspakete<\/h4>\n\n\n<div class=\"menu-main-menu-container\"><ul id=\"menu-main-menu-1\" class=\"grey hide-first-item\"><li id=\"menu-item-252\" class=\"menu-item \"><a href=\"#intro-loesungen\">Intro<\/a><\/li>\n<li id=\"menu-item-227\" class=\"menu-item \"><a href=\"#wohnen-gewerbe-industrie\">Wohnen Gewerbe Industrie<\/a><\/li>\n<li id=\"menu-item-244\" class=\"menu-item \"><a href=\"#einkaufscenter-ladenlokal\">Einkaufscenter Ladenlokal<\/a><\/li>\n<li id=\"menu-item-262\" class=\"menu-item \"><a href=\"#hotel-gastronomie\">Hotel Gastronomie<\/a><\/li>\n<li id=\"menu-item-277\" class=\"menu-item \"><a href=\"#bauwerterhaltung-denkmalschutz\">Bauwerterhaltung Denkmalschutz<\/a><\/li>\n<\/ul><\/div>\n\n<\/div>\n<\/div>\n<\/div>","protected":false},"excerpt":{"rendered":"","protected":false},"author":1,"featured_media":0,"parent":46,"menu_order":3,"comment_status":"closed","ping_status":"closed","template":"page-fullwidth.php","meta":{"footnotes":""},"yoast_head":"<!-- This site is optimized with the Yoast SEO plugin v22.6 - https:\/\/yoast.com\/wordpress\/plugins\/seo\/ -->\n<title>Leistungen \u00b7 Planung und Gestaltung \u00b7 Hetzel+Sponheuer \u00b7 Essen<\/title>\n<meta name=\"description\" content=\"Planung und Gestaltung ist Leistungen und Gewerke optimal miteinander zu vernetzen, um Bauabl\u00e4ufe reibungslos zu koordinieren ...\" \/>\n<meta name=\"robots\" content=\"index, follow, max-snippet:-1, max-image-preview:large, max-video-preview:-1\" \/>\n<link rel=\"canonical\" href=\"https:\/\/hetzelsponheuer.de\/de\/leistungen\/planung-und-gestaltung\/\" \/>\n<meta property=\"og:locale\" content=\"de_DE\" \/>\n<meta property=\"og:type\" content=\"article\" \/>\n<meta property=\"og:title\" content=\"Leistungen \u00b7 Planung und Gestaltung \u00b7 Hetzel+Sponheuer \u00b7 Essen\" \/>\n<meta property=\"og:description\" content=\"Planung und Gestaltung ist Leistungen und Gewerke optimal miteinander zu vernetzen, um Bauabl\u00e4ufe reibungslos zu koordinieren ...\" \/>\n<meta property=\"og:url\" content=\"https:\/\/hetzelsponheuer.de\/de\/leistungen\/planung-und-gestaltung\/\" \/>\n<meta property=\"og:site_name\" content=\"Hetzel+Sponheuer \u00b7 de\" \/>\n<meta property=\"article:modified_time\" content=\"2021-07-08T09:54:52+00:00\" \/>\n<meta property=\"og:image\" content=\"https:\/\/hetzelsponheuer.de\/de\/wp-content\/uploads\/sites\/2\/2019\/09\/planen-gestalten_2428-mitte.jpg\" \/>\n<meta name=\"twitter:card\" content=\"summary_large_image\" \/>\n<meta name=\"twitter:label1\" content=\"Gesch\u00e4tzte Lesezeit\" \/>\n\t<meta name=\"twitter:data1\" content=\"2\u00a0Minuten\" \/>\n<script type=\"application\/ld+json\" class=\"yoast-schema-graph\">{\"@context\":\"https:\/\/schema.org\",\"@graph\":[{\"@type\":\"WebPage\",\"@id\":\"https:\/\/hetzelsponheuer.de\/de\/leistungen\/planung-und-gestaltung\/\",\"url\":\"https:\/\/hetzelsponheuer.de\/de\/leistungen\/planung-und-gestaltung\/\",\"name\":\"Leistungen \u00b7 Planung und Gestaltung \u00b7 Hetzel+Sponheuer \u00b7 Essen\",\"isPartOf\":{\"@id\":\"https:\/\/hetzelsponheuer.de\/de\/#website\"},\"primaryImageOfPage\":{\"@id\":\"https:\/\/hetzelsponheuer.de\/de\/leistungen\/planung-und-gestaltung\/#primaryimage\"},\"image\":{\"@id\":\"https:\/\/hetzelsponheuer.de\/de\/leistungen\/planung-und-gestaltung\/#primaryimage\"},\"thumbnailUrl\":\"https:\/\/hetzelsponheuer.de\/de\/wp-content\/uploads\/sites\/2\/2019\/09\/planen-gestalten_2428-mitte.jpg\",\"datePublished\":\"2019-08-01T14:58:00+00:00\",\"dateModified\":\"2021-07-08T09:54:52+00:00\",\"description\":\"Planung und Gestaltung ist Leistungen und Gewerke optimal miteinander zu vernetzen, um Bauabl\u00e4ufe reibungslos zu koordinieren ...\",\"breadcrumb\":{\"@id\":\"https:\/\/hetzelsponheuer.de\/de\/leistungen\/planung-und-gestaltung\/#breadcrumb\"},\"inLanguage\":\"de\",\"potentialAction\":[{\"@type\":\"ReadAction\",\"target\":[\"https:\/\/hetzelsponheuer.de\/de\/leistungen\/planung-und-gestaltung\/\"]}]},{\"@type\":\"ImageObject\",\"inLanguage\":\"de\",\"@id\":\"https:\/\/hetzelsponheuer.de\/de\/leistungen\/planung-und-gestaltung\/#primaryimage\",\"url\":\"https:\/\/hetzelsponheuer.de\/de\/wp-content\/uploads\/sites\/2\/2019\/09\/planen-gestalten_2428-mitte.jpg\",\"contentUrl\":\"https:\/\/hetzelsponheuer.de\/de\/wp-content\/uploads\/sites\/2\/2019\/09\/planen-gestalten_2428-mitte.jpg\",\"width\":754,\"height\":424},{\"@type\":\"BreadcrumbList\",\"@id\":\"https:\/\/hetzelsponheuer.de\/de\/leistungen\/planung-und-gestaltung\/#breadcrumb\",\"itemListElement\":[{\"@type\":\"ListItem\",\"position\":1,\"name\":\"Startseite\",\"item\":\"https:\/\/hetzelsponheuer.de\/de\/\"},{\"@type\":\"ListItem\",\"position\":2,\"name\":\"Leistungen\",\"item\":\"https:\/\/hetzelsponheuer.de\/de\/leistungen\/\"},{\"@type\":\"ListItem\",\"position\":3,\"name\":\"Planung und Gestaltung\"}]},{\"@type\":\"WebSite\",\"@id\":\"https:\/\/hetzelsponheuer.de\/de\/#website\",\"url\":\"https:\/\/hetzelsponheuer.de\/de\/\",\"name\":\"Hetzel+Sponheuer \u00b7 de\",\"description\":\"L\u00f6sungen f\u00fcr Ihr Bauprojekt\",\"publisher\":{\"@id\":\"https:\/\/hetzelsponheuer.de\/de\/#organization\"},\"inLanguage\":\"de\"},{\"@type\":\"Organization\",\"@id\":\"https:\/\/hetzelsponheuer.de\/de\/#organization\",\"name\":\"Hetzel+Sponheuer GmbH & Co. KG\",\"url\":\"https:\/\/hetzelsponheuer.de\/de\/\",\"logo\":{\"@type\":\"ImageObject\",\"inLanguage\":\"de\",\"@id\":\"https:\/\/hetzelsponheuer.de\/de\/#\/schema\/logo\/image\/\",\"url\":\"https:\/\/hetzelsponheuer.de\/en\/wp-content\/uploads\/sites\/2\/2020\/02\/logo_hetzelsponheuer.png\",\"contentUrl\":\"https:\/\/hetzelsponheuer.de\/en\/wp-content\/uploads\/sites\/2\/2020\/02\/logo_hetzelsponheuer.png\",\"width\":360,\"height\":24,\"caption\":\"Hetzel+Sponheuer GmbH & Co. KG\"},\"image\":{\"@id\":\"https:\/\/hetzelsponheuer.de\/de\/#\/schema\/logo\/image\/\"},\"sameAs\":[\"https:\/\/www.linkedin.com\/company\/hetzel-sponheuer-gmbh-&amp;-co.-kg\"]}]}<\/script>\n<!-- \/ Yoast SEO plugin. -->","yoast_head_json":{"title":"Leistungen \u00b7 Planung und Gestaltung \u00b7 Hetzel+Sponheuer \u00b7 Essen","description":"Planung und Gestaltung ist Leistungen und Gewerke optimal miteinander zu vernetzen, um Bauabl\u00e4ufe reibungslos zu koordinieren ...","robots":{"index":"index","follow":"follow","max-snippet":"max-snippet:-1","max-image-preview":"max-image-preview:large","max-video-preview":"max-video-preview:-1"},"canonical":"https:\/\/hetzelsponheuer.de\/de\/leistungen\/planung-und-gestaltung\/","og_locale":"de_DE","og_type":"article","og_title":"Leistungen \u00b7 Planung und Gestaltung \u00b7 Hetzel+Sponheuer \u00b7 Essen","og_description":"Planung und Gestaltung ist Leistungen und Gewerke optimal miteinander zu vernetzen, um Bauabl\u00e4ufe reibungslos zu koordinieren ...","og_url":"https:\/\/hetzelsponheuer.de\/de\/leistungen\/planung-und-gestaltung\/","og_site_name":"Hetzel+Sponheuer \u00b7 de","article_modified_time":"2021-07-08T09:54:52+00:00","og_image":[{"url":"https:\/\/hetzelsponheuer.de\/de\/wp-content\/uploads\/sites\/2\/2019\/09\/planen-gestalten_2428-mitte.jpg"}],"twitter_card":"summary_large_image","twitter_misc":{"Gesch\u00e4tzte Lesezeit":"2\u00a0Minuten"},"schema":{"@context":"https:\/\/schema.org","@graph":[{"@type":"WebPage","@id":"https:\/\/hetzelsponheuer.de\/de\/leistungen\/planung-und-gestaltung\/","url":"https:\/\/hetzelsponheuer.de\/de\/leistungen\/planung-und-gestaltung\/","name":"Leistungen \u00b7 Planung und Gestaltung \u00b7 Hetzel+Sponheuer \u00b7 Essen","isPartOf":{"@id":"https:\/\/hetzelsponheuer.de\/de\/#website"},"primaryImageOfPage":{"@id":"https:\/\/hetzelsponheuer.de\/de\/leistungen\/planung-und-gestaltung\/#primaryimage"},"image":{"@id":"https:\/\/hetzelsponheuer.de\/de\/leistungen\/planung-und-gestaltung\/#primaryimage"},"thumbnailUrl":"https:\/\/hetzelsponheuer.de\/de\/wp-content\/uploads\/sites\/2\/2019\/09\/planen-gestalten_2428-mitte.jpg","datePublished":"2019-08-01T14:58:00+00:00","dateModified":"2021-07-08T09:54:52+00:00","description":"Planung und Gestaltung ist Leistungen und Gewerke optimal miteinander zu vernetzen, um Bauabl\u00e4ufe reibungslos zu koordinieren ...","breadcrumb":{"@id":"https:\/\/hetzelsponheuer.de\/de\/leistungen\/planung-und-gestaltung\/#breadcrumb"},"inLanguage":"de","potentialAction":[{"@type":"ReadAction","target":["https:\/\/hetzelsponheuer.de\/de\/leistungen\/planung-und-gestaltung\/"]}]},{"@type":"ImageObject","inLanguage":"de","@id":"https:\/\/hetzelsponheuer.de\/de\/leistungen\/planung-und-gestaltung\/#primaryimage","url":"https:\/\/hetzelsponheuer.de\/de\/wp-content\/uploads\/sites\/2\/2019\/09\/planen-gestalten_2428-mitte.jpg","contentUrl":"https:\/\/hetzelsponheuer.de\/de\/wp-content\/uploads\/sites\/2\/2019\/09\/planen-gestalten_2428-mitte.jpg","width":754,"height":424},{"@type":"BreadcrumbList","@id":"https:\/\/hetzelsponheuer.de\/de\/leistungen\/planung-und-gestaltung\/#breadcrumb","itemListElement":[{"@type":"ListItem","position":1,"name":"Startseite","item":"https:\/\/hetzelsponheuer.de\/de\/"},{"@type":"ListItem","position":2,"name":"Leistungen","item":"https:\/\/hetzelsponheuer.de\/de\/leistungen\/"},{"@type":"ListItem","position":3,"name":"Planung und Gestaltung"}]},{"@type":"WebSite","@id":"https:\/\/hetzelsponheuer.de\/de\/#website","url":"https:\/\/hetzelsponheuer.de\/de\/","name":"Hetzel+Sponheuer \u00b7 de","description":"L\u00f6sungen f\u00fcr Ihr Bauprojekt","publisher":{"@id":"https:\/\/hetzelsponheuer.de\/de\/#organization"},"inLanguage":"de"},{"@type":"Organization","@id":"https:\/\/hetzelsponheuer.de\/de\/#organization","name":"Hetzel+Sponheuer GmbH & Co. KG","url":"https:\/\/hetzelsponheuer.de\/de\/","logo":{"@type":"ImageObject","inLanguage":"de","@id":"https:\/\/hetzelsponheuer.de\/de\/#\/schema\/logo\/image\/","url":"https:\/\/hetzelsponheuer.de\/en\/wp-content\/uploads\/sites\/2\/2020\/02\/logo_hetzelsponheuer.png","contentUrl":"https:\/\/hetzelsponheuer.de\/en\/wp-content\/uploads\/sites\/2\/2020\/02\/logo_hetzelsponheuer.png","width":360,"height":24,"caption":"Hetzel+Sponheuer GmbH & Co. KG"},"image":{"@id":"https:\/\/hetzelsponheuer.de\/de\/#\/schema\/logo\/image\/"},"sameAs":["https:\/\/www.linkedin.com\/company\/hetzel-sponheuer-gmbh-&amp;-co.-kg"]}]}},"_links":{"self":[{"href":"https:\/\/hetzelsponheuer.de\/de\/wp-json\/wp\/v2\/pages\/446"}],"collection":[{"href":"https:\/\/hetzelsponheuer.de\/de\/wp-json\/wp\/v2\/pages"}],"about":[{"href":"https:\/\/hetzelsponheuer.de\/de\/wp-json\/wp\/v2\/types\/page"}],"author":[{"embeddable":true,"href":"https:\/\/hetzelsponheuer.de\/de\/wp-json\/wp\/v2\/users\/1"}],"replies":[{"embeddable":true,"href":"https:\/\/hetzelsponheuer.de\/de\/wp-json\/wp\/v2\/comments?post=446"}],"version-history":[{"count":2,"href":"https:\/\/hetzelsponheuer.de\/de\/wp-json\/wp\/v2\/pages\/446\/revisions"}],"predecessor-version":[{"id":5781,"href":"https:\/\/hetzelsponheuer.de\/de\/wp-json\/wp\/v2\/pages\/446\/revisions\/5781"}],"up":[{"embeddable":true,"href":"https:\/\/hetzelsponheuer.de\/de\/wp-json\/wp\/v2\/pages\/46"}],"wp:attachment":[{"href":"https:\/\/hetzelsponheuer.de\/de\/wp-json\/wp\/v2\/media?parent=446"}],"curies":[{"name":"wp","href":"https:\/\/api.w.org\/{rel}","templated":true}]}}