{"id":451,"date":"2019-08-01T17:01:08","date_gmt":"2019-08-01T15:01:08","guid":{"rendered":"http:\/\/hetzelsponheuer.de\/de\/?page_id=451"},"modified":"2020-03-06T11:41:04","modified_gmt":"2020-03-06T10:41:04","slug":"organisation-und-baubegleitung","status":"publish","type":"page","link":"https:\/\/hetzelsponheuer.de\/de\/leistungen\/organisation-und-baubegleitung\/","title":{"rendered":"Organisation und Baubegleitung"},"content":{"rendered":"<div class=\"langhash\" data-val=\"#organisation-and-supervision\"><\/div>\n\n<div class=\"banner row x-4 md-3-6-3 sm-0-12-0 wp-block-lazyblock-inner-block lazyblock-inner-block-Z1BYqdF\">\n<div class=\"col wp-block-lazyblock-inner-block lazyblock-inner-block-1hBdH8\">\n<div class=\"bg blue wp-block-lazyblock-inner-block lazyblock-inner-block-mfkyz\">\n\n<p>  <\/p>\n\n<\/div>\n<\/div>\n\n<div class=\"col wp-block-lazyblock-inner-block lazyblock-inner-block-2ulieK\">\n<div class=\"bg grey img wp-block-lazyblock-inner-block lazyblock-inner-block-Z1Mj9n2\">\n\n<figure class=\"wp-block-image\"><img decoding=\"async\" loading=\"lazy\" width=\"754\" height=\"456\" src=\"https:\/\/hetzelsponheuer.de\/de\/wp-content\/uploads\/sites\/2\/2019\/09\/organisieren-begleiten_2612-mitte.jpg\" alt=\"\" class=\"wp-image-3867\" srcset=\"https:\/\/hetzelsponheuer.de\/de\/wp-content\/uploads\/sites\/2\/2019\/09\/organisieren-begleiten_2612-mitte.jpg 754w, https:\/\/hetzelsponheuer.de\/de\/wp-content\/uploads\/sites\/2\/2019\/09\/organisieren-begleiten_2612-mitte-400x242.jpg 400w\" sizes=\"(max-width: 754px) 100vw, 754px\" \/><\/figure>\n\n<\/div>\n<\/div>\n\n<div class=\"col wp-block-lazyblock-inner-block lazyblock-inner-block-2dFoc0\">\n<div class=\"bg grey img wp-block-lazyblock-inner-block lazyblock-inner-block-X9T6\">\n\n<figure class=\"wp-block-image\"><img decoding=\"async\" loading=\"lazy\" width=\"373\" height=\"456\" src=\"https:\/\/hetzelsponheuer.de\/de\/wp-content\/uploads\/sites\/2\/2019\/09\/organisieren-begleiten_2612-rechts.jpg\" alt=\"\" class=\"wp-image-3868\" srcset=\"https:\/\/hetzelsponheuer.de\/de\/wp-content\/uploads\/sites\/2\/2019\/09\/organisieren-begleiten_2612-rechts.jpg 373w, https:\/\/hetzelsponheuer.de\/de\/wp-content\/uploads\/sites\/2\/2019\/09\/organisieren-begleiten_2612-rechts-327x400.jpg 327w\" sizes=\"(max-width: 373px) 100vw, 373px\" \/><\/figure>\n\n<\/div>\n<\/div>\n<\/div>\n\n<div class=\"row x-24 md-3-9 sm-0-12 wp-block-lazyblock-inner-block lazyblock-inner-block-Z1rBprv\">\n<div class=\"col wp-block-lazyblock-inner-block lazyblock-inner-block-18NrDz\">\n<div class=\"wp-block-lazyblock-inner-block lazyblock-inner-block-krArk\">\n\n<p>  <\/p>\n\n<\/div>\n<\/div>\n\n<div class=\"col wp-block-lazyblock-inner-block lazyblock-inner-block-141KIt\">\n<div class=\"head wp-block-lazyblock-inner-block lazyblock-inner-block-Z1v5syQ\">\n\n<p class=\"topline grey scroll\"><a href=\"#intro-leistungen\">LEISTUNGEN<\/a><\/p>\n\n\n\n<h2 class=\"h1 wp-block-heading\">Organisieren und begleiten<\/h2>\n\n<\/div>\n<\/div>\n<\/div>\n\n<div class=\"row x-24 md-3-6-3 sm-12-12-12 wp-block-lazyblock-inner-block lazyblock-inner-block-ywSxQ\">\n<div class=\"col wp-block-lazyblock-inner-block lazyblock-inner-block-Zhj3mx\">\n<div class=\"wp-block-lazyblock-inner-block lazyblock-inner-block-ZeIme1\">\n\n<p class=\"md-right color pl-24\"><strong>Timing und Qualit\u00e4t. Organisation ist alles. Gerade wenn es darum geht, bei knappen Planungszeiten die Qualit\u00e4tsanforderungen einzuhalten, viele Gewerke miteinander zu vernetzen und Kosten wie Termine jederzeit fest im Griff zu haben. Zur Entlastung und Sicherheit f\u00fcr den Bauherren.<\/strong><\/p>\n\n<\/div>\n<\/div>\n\n<div class=\"col wp-block-lazyblock-inner-block lazyblock-inner-block-kxS8W\">\n<div class=\"wp-block-lazyblock-inner-block lazyblock-inner-block-Z18TuNl\">\n\n<h3 class=\"h4 wp-block-heading\">Terminmanagement<\/h3>\n\n\n\n<p>Wenn wir Ihnen Termine vertraglich zusichern, halten wir sie auch ein. Im Voraus analysieren und planen unsere Fachleute den Ablauf Ihres Bauvorhabens. Schritt f\u00fcr Schritt in jeder Einzelheit. So k\u00f6nnen von Ihnen alle Entscheidungen termingerecht getroffen werden. Wir koordinieren die Ausf\u00fchrung der einzelnen Arbeitsschritte und Gewerke optimal \u2013&nbsp;auch wenn sich Abl\u00e4ufe \u00e4ndern. So vermeiden wir Leerlauf und Stillstand.<\/p>\n\n\n\n<h3 class=\"h4 wp-block-heading\">Kostenmanagement<\/h3>\n\n\n\n<p>Sie haben ein festes Budget f\u00fcr Ihr Projekt &#8211;&nbsp;wir sorgen daf\u00fcr, dass dies eingehalten wird. Bereits in der Angebotsphase versuchen wir im Rahmen einer qualifizierten Angebotserstellung, Kostensicherheit f\u00fcr Sie herzustellen. Wir lassen die Kosten auch w\u00e4hrend der Realisierung nicht aus den Augen &#8211;&nbsp;so besteht f\u00fcr Sie zu jeder Zeit eine hohe Kostentransparenz.<\/p>\n\n\n\n<h3 class=\"h4 wp-block-heading\">Gewerkekoordination<\/h3>\n\n\n\n<p>Bauprojekte werden immer umfangreicher: enge Terminpl\u00e4ne m\u00fcssen eingehalten, viele Gewerke miteinander koordiniert werden. Das erfordert ein professionelles und intensives Projektmanagement. Verlassen Sie sich auf unsere Ingenieure und Architekten. Sie beherrschen die Koordination der eigenen Bauleistung ebenso wie die Einbindung der \u00fcbrigen Projektbeteiligten in den gesamten Bauablauf.<\/p>\n\n\n\n<div style=\"height:32px\" aria-hidden=\"true\" class=\"wp-block-spacer\"><\/div>\n\n<\/div>\n<\/div>\n\n<div class=\"col wp-block-lazyblock-inner-block lazyblock-inner-block-16Mxv\">\n<div class=\"wp-block-lazyblock-inner-block lazyblock-inner-block-1B6r5i\">\n\n<h4 class=\"wp-block-heading\">Leistungen<\/h4>\n\n\n<div class=\"menu-main-menu-container\"><ul id=\"menu-main-menu\" class=\"grey\"><li id=\"menu-item-460\" class=\"menu-item \"><a href=\"#intro-leistungen\">Intro<\/a><\/li>\n<li id=\"menu-item-459\" class=\"menu-item \"><a href=\"#bewertung-und-beratung\">Bewertung und Beratung<\/a><\/li>\n<li id=\"menu-item-461\" class=\"menu-item \"><a href=\"#planung-und-gestaltung\">Planung und Gestaltung<\/a><\/li>\n<li id=\"menu-item-462\" class=\"menu-item \"><a href=\"#organisation-und-baubegleitung\">Organisation und Baubegleitung<\/a><\/li>\n<li id=\"menu-item-463\" class=\"menu-item \"><a href=\"#handwerk-und-technik\">Handwerk und Technik<\/a><\/li>\n<\/ul><\/div>\n\n\n\n<h4 class=\"wp-block-heading\">Ihr Ansprechpartner<\/h4>\n\n\n\n<ul class=\"link grey ajx\"><li><a href=\"markus-ender\" data-display=\"fancybox\" data-post-type=\"mitarbeiter\">Markus Ender<\/a><\/li><\/ul>\n\n\n\n<h4 class=\"wp-block-heading\">Qualit\u00e4tssicherung<\/h4>\n\n\n\n<ul class=\"fade-link grey\"><li><a href=\".\/unternehmen\/#qualitaetsmanagement\">Qualit\u00e4tsmanagement<\/a><\/li><li><a href=\".\/unternehmen\/#qualitaetsmanagement\">Zertifizierung&nbsp;DIN EN ISO 9001:2015<\/a><\/li><li><a href=\".\/unternehmen\/#qualitaetsmanagement\">Mitarbeiterschulung<\/a><\/li><\/ul>\n\n\n\n<h4 class=\"wp-block-heading\">Optimierte Leistungspakete<\/h4>\n\n\n<div class=\"menu-main-menu-container\"><ul id=\"menu-main-menu-1\" class=\"grey hide-first-item\"><li id=\"menu-item-252\" class=\"menu-item \"><a href=\"#intro-loesungen\">Intro<\/a><\/li>\n<li id=\"menu-item-227\" class=\"menu-item \"><a href=\"#wohnen-gewerbe-industrie\">Wohnen Gewerbe Industrie<\/a><\/li>\n<li id=\"menu-item-244\" class=\"menu-item \"><a href=\"#einkaufscenter-ladenlokal\">Einkaufscenter Ladenlokal<\/a><\/li>\n<li id=\"menu-item-262\" class=\"menu-item \"><a href=\"#hotel-gastronomie\">Hotel Gastronomie<\/a><\/li>\n<li id=\"menu-item-277\" class=\"menu-item \"><a href=\"#bauwerterhaltung-denkmalschutz\">Bauwerterhaltung Denkmalschutz<\/a><\/li>\n<\/ul><\/div>\n\n<\/div>\n<\/div>\n<\/div>","protected":false},"excerpt":{"rendered":"","protected":false},"author":1,"featured_media":0,"parent":46,"menu_order":4,"comment_status":"closed","ping_status":"closed","template":"page-fullwidth.php","meta":{"footnotes":""},"yoast_head":"<!-- This site is optimized with the Yoast SEO plugin v22.6 - https:\/\/yoast.com\/wordpress\/plugins\/seo\/ -->\n<title>Leistungen \u00b7 Organisation und Baubegleitung \u00b7 Hetzel+Sponheuer \u00b7 Essen<\/title>\n<meta name=\"description\" content=\"Organisation und Baubegleitung ist die Grundlage f\u00fcr reibungslos koordinierte Bauabl\u00e4ufe und damit f\u00fcr hochwertige Ausf\u00fchrung und Kostensicherheit ...\" \/>\n<meta name=\"robots\" content=\"index, follow, max-snippet:-1, max-image-preview:large, max-video-preview:-1\" \/>\n<link rel=\"canonical\" href=\"https:\/\/hetzelsponheuer.de\/de\/leistungen\/organisation-und-baubegleitung\/\" \/>\n<meta property=\"og:locale\" content=\"de_DE\" \/>\n<meta property=\"og:type\" content=\"article\" \/>\n<meta property=\"og:title\" content=\"Leistungen \u00b7 Organisation und Baubegleitung \u00b7 Hetzel+Sponheuer \u00b7 Essen\" \/>\n<meta property=\"og:description\" content=\"Organisation und Baubegleitung ist die Grundlage f\u00fcr reibungslos koordinierte Bauabl\u00e4ufe und damit f\u00fcr hochwertige Ausf\u00fchrung und Kostensicherheit ...\" \/>\n<meta property=\"og:url\" content=\"https:\/\/hetzelsponheuer.de\/de\/leistungen\/organisation-und-baubegleitung\/\" \/>\n<meta property=\"og:site_name\" content=\"Hetzel+Sponheuer \u00b7 de\" \/>\n<meta property=\"article:modified_time\" content=\"2020-03-06T10:41:04+00:00\" \/>\n<meta property=\"og:image\" content=\"https:\/\/hetzelsponheuer.de\/de\/wp-content\/uploads\/sites\/2\/2019\/09\/organisieren-begleiten_2612-mitte.jpg\" \/>\n<meta name=\"twitter:card\" content=\"summary_large_image\" \/>\n<script type=\"application\/ld+json\" class=\"yoast-schema-graph\">{\"@context\":\"https:\/\/schema.org\",\"@graph\":[{\"@type\":\"WebPage\",\"@id\":\"https:\/\/hetzelsponheuer.de\/de\/leistungen\/organisation-und-baubegleitung\/\",\"url\":\"https:\/\/hetzelsponheuer.de\/de\/leistungen\/organisation-und-baubegleitung\/\",\"name\":\"Leistungen \u00b7 Organisation und Baubegleitung \u00b7 Hetzel+Sponheuer \u00b7 Essen\",\"isPartOf\":{\"@id\":\"https:\/\/hetzelsponheuer.de\/de\/#website\"},\"primaryImageOfPage\":{\"@id\":\"https:\/\/hetzelsponheuer.de\/de\/leistungen\/organisation-und-baubegleitung\/#primaryimage\"},\"image\":{\"@id\":\"https:\/\/hetzelsponheuer.de\/de\/leistungen\/organisation-und-baubegleitung\/#primaryimage\"},\"thumbnailUrl\":\"https:\/\/hetzelsponheuer.de\/de\/wp-content\/uploads\/sites\/2\/2019\/09\/organisieren-begleiten_2612-mitte.jpg\",\"datePublished\":\"2019-08-01T15:01:08+00:00\",\"dateModified\":\"2020-03-06T10:41:04+00:00\",\"description\":\"Organisation und Baubegleitung ist die Grundlage f\u00fcr reibungslos koordinierte Bauabl\u00e4ufe und damit f\u00fcr hochwertige Ausf\u00fchrung und Kostensicherheit ...\",\"breadcrumb\":{\"@id\":\"https:\/\/hetzelsponheuer.de\/de\/leistungen\/organisation-und-baubegleitung\/#breadcrumb\"},\"inLanguage\":\"de\",\"potentialAction\":[{\"@type\":\"ReadAction\",\"target\":[\"https:\/\/hetzelsponheuer.de\/de\/leistungen\/organisation-und-baubegleitung\/\"]}]},{\"@type\":\"ImageObject\",\"inLanguage\":\"de\",\"@id\":\"https:\/\/hetzelsponheuer.de\/de\/leistungen\/organisation-und-baubegleitung\/#primaryimage\",\"url\":\"https:\/\/hetzelsponheuer.de\/de\/wp-content\/uploads\/sites\/2\/2019\/09\/organisieren-begleiten_2612-mitte.jpg\",\"contentUrl\":\"https:\/\/hetzelsponheuer.de\/de\/wp-content\/uploads\/sites\/2\/2019\/09\/organisieren-begleiten_2612-mitte.jpg\",\"width\":754,\"height\":456},{\"@type\":\"BreadcrumbList\",\"@id\":\"https:\/\/hetzelsponheuer.de\/de\/leistungen\/organisation-und-baubegleitung\/#breadcrumb\",\"itemListElement\":[{\"@type\":\"ListItem\",\"position\":1,\"name\":\"Startseite\",\"item\":\"https:\/\/hetzelsponheuer.de\/de\/\"},{\"@type\":\"ListItem\",\"position\":2,\"name\":\"Leistungen\",\"item\":\"https:\/\/hetzelsponheuer.de\/de\/leistungen\/\"},{\"@type\":\"ListItem\",\"position\":3,\"name\":\"Organisation und Baubegleitung\"}]},{\"@type\":\"WebSite\",\"@id\":\"https:\/\/hetzelsponheuer.de\/de\/#website\",\"url\":\"https:\/\/hetzelsponheuer.de\/de\/\",\"name\":\"Hetzel+Sponheuer \u00b7 de\",\"description\":\"L\u00f6sungen f\u00fcr Ihr Bauprojekt\",\"publisher\":{\"@id\":\"https:\/\/hetzelsponheuer.de\/de\/#organization\"},\"inLanguage\":\"de\"},{\"@type\":\"Organization\",\"@id\":\"https:\/\/hetzelsponheuer.de\/de\/#organization\",\"name\":\"Hetzel+Sponheuer GmbH & Co. KG\",\"url\":\"https:\/\/hetzelsponheuer.de\/de\/\",\"logo\":{\"@type\":\"ImageObject\",\"inLanguage\":\"de\",\"@id\":\"https:\/\/hetzelsponheuer.de\/de\/#\/schema\/logo\/image\/\",\"url\":\"https:\/\/hetzelsponheuer.de\/en\/wp-content\/uploads\/sites\/2\/2020\/02\/logo_hetzelsponheuer.png\",\"contentUrl\":\"https:\/\/hetzelsponheuer.de\/en\/wp-content\/uploads\/sites\/2\/2020\/02\/logo_hetzelsponheuer.png\",\"width\":360,\"height\":24,\"caption\":\"Hetzel+Sponheuer GmbH & Co. KG\"},\"image\":{\"@id\":\"https:\/\/hetzelsponheuer.de\/de\/#\/schema\/logo\/image\/\"},\"sameAs\":[\"https:\/\/www.linkedin.com\/company\/hetzel-sponheuer-gmbh-&amp;-co.-kg\"]}]}<\/script>\n<!-- \/ Yoast SEO plugin. -->","yoast_head_json":{"title":"Leistungen \u00b7 Organisation und Baubegleitung \u00b7 Hetzel+Sponheuer \u00b7 Essen","description":"Organisation und Baubegleitung ist die Grundlage f\u00fcr reibungslos koordinierte Bauabl\u00e4ufe und damit f\u00fcr hochwertige Ausf\u00fchrung und Kostensicherheit ...","robots":{"index":"index","follow":"follow","max-snippet":"max-snippet:-1","max-image-preview":"max-image-preview:large","max-video-preview":"max-video-preview:-1"},"canonical":"https:\/\/hetzelsponheuer.de\/de\/leistungen\/organisation-und-baubegleitung\/","og_locale":"de_DE","og_type":"article","og_title":"Leistungen \u00b7 Organisation und Baubegleitung \u00b7 Hetzel+Sponheuer \u00b7 Essen","og_description":"Organisation und Baubegleitung ist die Grundlage f\u00fcr reibungslos koordinierte Bauabl\u00e4ufe und damit f\u00fcr hochwertige Ausf\u00fchrung und Kostensicherheit ...","og_url":"https:\/\/hetzelsponheuer.de\/de\/leistungen\/organisation-und-baubegleitung\/","og_site_name":"Hetzel+Sponheuer \u00b7 de","article_modified_time":"2020-03-06T10:41:04+00:00","og_image":[{"url":"https:\/\/hetzelsponheuer.de\/de\/wp-content\/uploads\/sites\/2\/2019\/09\/organisieren-begleiten_2612-mitte.jpg"}],"twitter_card":"summary_large_image","schema":{"@context":"https:\/\/schema.org","@graph":[{"@type":"WebPage","@id":"https:\/\/hetzelsponheuer.de\/de\/leistungen\/organisation-und-baubegleitung\/","url":"https:\/\/hetzelsponheuer.de\/de\/leistungen\/organisation-und-baubegleitung\/","name":"Leistungen \u00b7 Organisation und Baubegleitung \u00b7 Hetzel+Sponheuer \u00b7 Essen","isPartOf":{"@id":"https:\/\/hetzelsponheuer.de\/de\/#website"},"primaryImageOfPage":{"@id":"https:\/\/hetzelsponheuer.de\/de\/leistungen\/organisation-und-baubegleitung\/#primaryimage"},"image":{"@id":"https:\/\/hetzelsponheuer.de\/de\/leistungen\/organisation-und-baubegleitung\/#primaryimage"},"thumbnailUrl":"https:\/\/hetzelsponheuer.de\/de\/wp-content\/uploads\/sites\/2\/2019\/09\/organisieren-begleiten_2612-mitte.jpg","datePublished":"2019-08-01T15:01:08+00:00","dateModified":"2020-03-06T10:41:04+00:00","description":"Organisation und Baubegleitung ist die Grundlage f\u00fcr reibungslos koordinierte Bauabl\u00e4ufe und damit f\u00fcr hochwertige Ausf\u00fchrung und Kostensicherheit ...","breadcrumb":{"@id":"https:\/\/hetzelsponheuer.de\/de\/leistungen\/organisation-und-baubegleitung\/#breadcrumb"},"inLanguage":"de","potentialAction":[{"@type":"ReadAction","target":["https:\/\/hetzelsponheuer.de\/de\/leistungen\/organisation-und-baubegleitung\/"]}]},{"@type":"ImageObject","inLanguage":"de","@id":"https:\/\/hetzelsponheuer.de\/de\/leistungen\/organisation-und-baubegleitung\/#primaryimage","url":"https:\/\/hetzelsponheuer.de\/de\/wp-content\/uploads\/sites\/2\/2019\/09\/organisieren-begleiten_2612-mitte.jpg","contentUrl":"https:\/\/hetzelsponheuer.de\/de\/wp-content\/uploads\/sites\/2\/2019\/09\/organisieren-begleiten_2612-mitte.jpg","width":754,"height":456},{"@type":"BreadcrumbList","@id":"https:\/\/hetzelsponheuer.de\/de\/leistungen\/organisation-und-baubegleitung\/#breadcrumb","itemListElement":[{"@type":"ListItem","position":1,"name":"Startseite","item":"https:\/\/hetzelsponheuer.de\/de\/"},{"@type":"ListItem","position":2,"name":"Leistungen","item":"https:\/\/hetzelsponheuer.de\/de\/leistungen\/"},{"@type":"ListItem","position":3,"name":"Organisation und Baubegleitung"}]},{"@type":"WebSite","@id":"https:\/\/hetzelsponheuer.de\/de\/#website","url":"https:\/\/hetzelsponheuer.de\/de\/","name":"Hetzel+Sponheuer \u00b7 de","description":"L\u00f6sungen f\u00fcr Ihr Bauprojekt","publisher":{"@id":"https:\/\/hetzelsponheuer.de\/de\/#organization"},"inLanguage":"de"},{"@type":"Organization","@id":"https:\/\/hetzelsponheuer.de\/de\/#organization","name":"Hetzel+Sponheuer GmbH & Co. KG","url":"https:\/\/hetzelsponheuer.de\/de\/","logo":{"@type":"ImageObject","inLanguage":"de","@id":"https:\/\/hetzelsponheuer.de\/de\/#\/schema\/logo\/image\/","url":"https:\/\/hetzelsponheuer.de\/en\/wp-content\/uploads\/sites\/2\/2020\/02\/logo_hetzelsponheuer.png","contentUrl":"https:\/\/hetzelsponheuer.de\/en\/wp-content\/uploads\/sites\/2\/2020\/02\/logo_hetzelsponheuer.png","width":360,"height":24,"caption":"Hetzel+Sponheuer GmbH & Co. KG"},"image":{"@id":"https:\/\/hetzelsponheuer.de\/de\/#\/schema\/logo\/image\/"},"sameAs":["https:\/\/www.linkedin.com\/company\/hetzel-sponheuer-gmbh-&amp;-co.-kg"]}]}},"_links":{"self":[{"href":"https:\/\/hetzelsponheuer.de\/de\/wp-json\/wp\/v2\/pages\/451"}],"collection":[{"href":"https:\/\/hetzelsponheuer.de\/de\/wp-json\/wp\/v2\/pages"}],"about":[{"href":"https:\/\/hetzelsponheuer.de\/de\/wp-json\/wp\/v2\/types\/page"}],"author":[{"embeddable":true,"href":"https:\/\/hetzelsponheuer.de\/de\/wp-json\/wp\/v2\/users\/1"}],"replies":[{"embeddable":true,"href":"https:\/\/hetzelsponheuer.de\/de\/wp-json\/wp\/v2\/comments?post=451"}],"version-history":[{"count":3,"href":"https:\/\/hetzelsponheuer.de\/de\/wp-json\/wp\/v2\/pages\/451\/revisions"}],"predecessor-version":[{"id":5292,"href":"https:\/\/hetzelsponheuer.de\/de\/wp-json\/wp\/v2\/pages\/451\/revisions\/5292"}],"up":[{"embeddable":true,"href":"https:\/\/hetzelsponheuer.de\/de\/wp-json\/wp\/v2\/pages\/46"}],"wp:attachment":[{"href":"https:\/\/hetzelsponheuer.de\/de\/wp-json\/wp\/v2\/media?parent=451"}],"curies":[{"name":"wp","href":"https:\/\/api.w.org\/{rel}","templated":true}]}}