{"id":454,"date":"2019-08-01T17:03:06","date_gmt":"2019-08-01T15:03:06","guid":{"rendered":"http:\/\/hetzelsponheuer.de\/de\/?page_id=454"},"modified":"2023-04-27T16:40:25","modified_gmt":"2023-04-27T14:40:25","slug":"handwerk-und-technik","status":"publish","type":"page","link":"https:\/\/hetzelsponheuer.de\/de\/leistungen\/handwerk-und-technik\/","title":{"rendered":"Handwerk und Technik"},"content":{"rendered":"<div class=\"langhash\" data-val=\"#crafts-and-technology\"><\/div>\n\n<div class=\"banner row x-4 md-3-6-3 sm-0-12-0 wp-block-lazyblock-inner-block lazyblock-inner-block-1AvGBs\">\n<div class=\"col wp-block-lazyblock-inner-block lazyblock-inner-block-Z15LpEY\">\n<div class=\"bg blue wp-block-lazyblock-inner-block lazyblock-inner-block-2odm4k\">\n\n<p>  <\/p>\n\n<\/div>\n<\/div>\n\n<div class=\"col wp-block-lazyblock-inner-block lazyblock-inner-block-ZnHmi8\">\n<div class=\"bg grey img wp-block-lazyblock-inner-block lazyblock-inner-block-1Iqjcr\">\n\n<figure class=\"wp-block-image\"><img decoding=\"async\" loading=\"lazy\" width=\"754\" height=\"379\" src=\"https:\/\/hetzelsponheuer.de\/de\/wp-content\/uploads\/sites\/2\/2019\/09\/handwerk-technik-han2-mitte.jpg\" alt=\"Bauhandwerk und Technik am Bau\" class=\"wp-image-3873\" srcset=\"https:\/\/hetzelsponheuer.de\/de\/wp-content\/uploads\/sites\/2\/2019\/09\/handwerk-technik-han2-mitte.jpg 754w, https:\/\/hetzelsponheuer.de\/de\/wp-content\/uploads\/sites\/2\/2019\/09\/handwerk-technik-han2-mitte-400x201.jpg 400w\" sizes=\"(max-width: 754px) 100vw, 754px\" \/><\/figure>\n\n<\/div>\n<\/div>\n\n<div class=\"col wp-block-lazyblock-inner-block lazyblock-inner-block-ZY60ar\">\n<div class=\"bg grey img wp-block-lazyblock-inner-block lazyblock-inner-block-8W7G3\">\n\n<figure class=\"wp-block-image\"><img decoding=\"async\" loading=\"lazy\" width=\"373\" height=\"379\" src=\"https:\/\/hetzelsponheuer.de\/de\/wp-content\/uploads\/sites\/2\/2019\/09\/handwerk-technik-han2-rechts.jpg\" alt=\"Bauhandwerk und Technik am Bau\" class=\"wp-image-3874\"\/><\/figure>\n\n<\/div>\n<\/div>\n<\/div>\n\n<div class=\"row x-24 md-3-9 sm-0-12 wp-block-lazyblock-inner-block lazyblock-inner-block-Zl5Ne7\">\n<div class=\"col wp-block-lazyblock-inner-block lazyblock-inner-block-Z82reH\">\n<div class=\"wp-block-lazyblock-inner-block lazyblock-inner-block-1wJjKx\">\n\n<p>  <\/p>\n\n<\/div>\n<\/div>\n\n<div class=\"col wp-block-lazyblock-inner-block lazyblock-inner-block-18kraq\">\n<div class=\"head wp-block-lazyblock-inner-block lazyblock-inner-block-1WrMHC\">\n\n<p class=\"topline grey scroll\"><a href=\"#intro-leistungen\">LEISTUNGEN<\/a> \u00b7 Handwerk und Technik<\/p>\n\n\n\n<h2 class=\"wp-block-heading h1\">Handwerk und Technik<\/h2>\n\n<\/div>\n<\/div>\n<\/div>\n\n<div class=\"row x-24 md-3-6-3 sm-12-12-12 wp-block-lazyblock-inner-block lazyblock-inner-block-1TAU97\">\n<div class=\"col wp-block-lazyblock-inner-block lazyblock-inner-block-Z4Sauv\">\n<div class=\"wp-block-lazyblock-inner-block lazyblock-inner-block-Z1TLXVU\">\n\n<p class=\"md-right pl-24 color\"><strong>Virtuos und Sensibel. Handwerk und Bautechnik geh\u00f6ren zu unseren Kernkompetenzen. Seit Jahrzehnten sind Auftraggeber von unserer fachlich versierten Ausf\u00fchrung \u00fcberzeugt.<\/strong><\/p>\n\n<\/div>\n<\/div>\n\n<div class=\"col wp-block-lazyblock-inner-block lazyblock-inner-block-Zuu7Pe\">\n<div class=\"wp-block-lazyblock-inner-block lazyblock-inner-block-Z1JkHit\">\n\n<p>Unsere Handwerker sind immer auf dem neuesten Stand der Technik, gut informiert \u00fcber aktuelle Werkstoffe und neueste Methoden. Durch spezielle Inhouse-Seminare, kontinuierliche Weiter- und Fortbildungen werden sie auf Qualit\u00e4t geschult. Eine Investition, die sich in der Praxis auszahlt.<\/p>\n\n\n\n<h3 class=\"wp-block-heading h4\">Ausbau<\/h3>\n\n\n\n<p class=\"ajx\">Wir bieten Ihnen das Komplettprogramm f\u00fcr Boden, Decke und Wand, innen und au\u00dfen. \u00dcber alle Gewerke hinweg oder auch als Einzelleistung. Zur Sanierung und Modernisierung von Geb\u00e4uden. Mit handwerklicher Pr\u00e4zision und Garantie in der Ausf\u00fchrung.&nbsp;<a href=\"https:\/\/hetzelsponheuer.de\/de\/leistungen\/handwerk-und-technik\/ausbau\">&gt; Erfahren Sie mehr<\/a><\/p>\n\n\n\n<h3 class=\"wp-block-heading h4\">Rohbau<\/h3>\n\n\n\n<p class=\"ajx\">Etwas Neues entstehen zu lassen, ist unsere Spezialit\u00e4t. Ob aus Beton, Holz, Stahl, Glas oder Stein \u2013 wir integrieren die erforderlichen Rohbauleistungen in den gesamten Bauablauf. Auch im Hinblick auf Brandschutz, Statik und Niedrigenergiebauweise.&nbsp;<a href=\"https:\/\/hetzelsponheuer.de\/de\/leistungen\/handwerk-und-technik\/rohbau\">&gt; Erfahren Sie mehr<\/a><\/p>\n\n\n\n<h3 class=\"wp-block-heading h4\">Fassade<\/h3>\n\n\n\n<p class=\"ajx\">Die Fassade gibt einem Geb\u00e4ude erst den individuellen Charakter&nbsp;und bietet gleichzeitig Schutz f\u00fcr Wind und Wetter. Sowohl die optische und architektonische Modernisierung als auch die energetische Sanierung einer Fassade ist Bestandteil unserer t\u00e4glichen Arbeit und tr\u00e4gt zur Wertsteigerung Ihrer Immobilie bei. Hierzu geh\u00f6ren neben denkmalgerechten L\u00f6sungen auch innovative Hightech-Fassaden.&nbsp;<a href=\"https:\/\/hetzelsponheuer.de\/de\/leistungen\/handwerk-und-technik\/fassade-ht\">&gt; Erfahren Sie mehr<\/a><\/p>\n\n\n\n<h3 class=\"wp-block-heading h4\">Technik<\/h3>\n\n\n\n<p class=\"ajx\">Selbstverst\u00e4ndlich koordinieren wir f\u00fcr Ihre Bauma\u00dfnahme gerne die gesamte Geb\u00e4udetechnik\u00a0von der Strom\u00adversorgung bis zur Beleuchtung. Gemeinsam mit unseren qualifizierten Partnern aus dem Technikgewerbe\u00a0erwecken wir Ihr Geb\u00e4ude zum Leben.\u00a0<a href=\"https:\/\/hetzelsponheuer.de\/de\/leistungen\/handwerk-und-technik\/technik\">> Erfahren Sie mehr<\/a>\u00a0<\/p>\n\n<\/div>\n\n\n<div style=\"height:48px\" aria-hidden=\"true\" class=\"wp-block-spacer\"><\/div>\n\n\n<div class=\"x-4  sm-3-3-3-3 xs-6-6-6-6 wp-block-lazyblock-inner-block lazyblock-inner-block-89ojh\">\n<div class=\"col wp-block-lazyblock-inner-block lazyblock-inner-block-20BnkK\">\n<div class=\"bg btn grey wp-block-lazyblock-inner-block lazyblock-inner-block-Z27n1I0\">\n\n<p class=\"ajx\"><a href=\"https:\/\/hetzelsponheuer.de\/de\/leistungen\/handwerk-und-technik\/ausbau\">Ausbau<\/a><\/p>\n\n<\/div>\n<\/div>\n\n<div class=\"col wp-block-lazyblock-inner-block lazyblock-inner-block-Z2d8fUk\">\n<div class=\"bg btn grey wp-block-lazyblock-inner-block lazyblock-inner-block-XJfSm\">\n\n<p class=\"ajx\"><a href=\"https:\/\/hetzelsponheuer.de\/de\/leistungen\/handwerk-und-technik\/rohbau\">Rohbau<\/a><\/p>\n\n<\/div>\n<\/div>\n\n<div class=\"col wp-block-lazyblock-inner-block lazyblock-inner-block-Z21Pbiw\">\n<div class=\"bg btn grey wp-block-lazyblock-inner-block lazyblock-inner-block-Z1QacrH\">\n\n<p class=\"ajx\"><a href=\"https:\/\/hetzelsponheuer.de\/de\/leistungen\/handwerk-und-technik\/fassade-ht\">Fassade<\/a><\/p>\n\n<\/div>\n<\/div>\n\n<div class=\"col wp-block-lazyblock-inner-block lazyblock-inner-block-28AMOB\">\n<div class=\"bg btn grey wp-block-lazyblock-inner-block lazyblock-inner-block-QhigL\">\n\n<p class=\"ajx\"><a href=\"https:\/\/hetzelsponheuer.de\/de\/leistungen\/handwerk-und-technik\/technik\">Technik<\/a><\/p>\n\n<\/div>\n<\/div>\n<\/div>\n<\/div>\n\n<div class=\"col wp-block-lazyblock-inner-block lazyblock-inner-block-xYo12\">\n<div class=\"wp-block-lazyblock-inner-block lazyblock-inner-block-sq9lP\">\n\n<h4 class=\"wp-block-heading\">Leistungen<\/h4>\n\n\n<div class=\"menu-main-menu-container\"><ul id=\"menu-main-menu\" class=\"grey\"><li id=\"menu-item-460\" class=\"menu-item \"><a href=\"#intro-leistungen\">Intro<\/a><\/li>\n<li id=\"menu-item-459\" class=\"menu-item \"><a href=\"#bewertung-und-beratung\">Bewertung und Beratung<\/a><\/li>\n<li id=\"menu-item-461\" class=\"menu-item \"><a href=\"#planung-und-gestaltung\">Planung und Gestaltung<\/a><\/li>\n<li id=\"menu-item-462\" class=\"menu-item \"><a href=\"#organisation-und-baubegleitung\">Organisation und Baubegleitung<\/a><\/li>\n<li id=\"menu-item-463\" class=\"menu-item \"><a href=\"#handwerk-und-technik\">Handwerk und Technik<\/a><\/li>\n<\/ul><\/div>\n\n\n\n<h4 class=\"wp-block-heading\">Ihr Ansprechpartner<\/h4>\n\n\n\n<ul class=\"link grey ajx\">\n<li><a href=\"markus-ender\" data-post-type=\"mitarbeiter\" data-display=\"fancybox\">Markus Ender<\/a><\/li>\n<\/ul>\n\n\n\n<h4 class=\"wp-block-heading\">Qualit\u00e4tssicherung<\/h4>\n\n\n\n<ul class=\"fade-link grey\">\n<li><a href=\"https:\/\/hetzelsponheuer.de\/de\/unternehmen\/#qualitaetsmanagement\">Qualit\u00e4tsmanagement<\/a><\/li>\n\n\n\n<li><a href=\"https:\/\/hetzelsponheuer.de\/de\/unternehmen\/#qualitaetsmanagement\">Mitarbeiterschulung<\/a><\/li>\n<\/ul>\n\n\n\n<h4 class=\"wp-block-heading\">Optimierte Leistungspakete<\/h4>\n\n\n<div class=\"menu-main-menu-container\"><ul id=\"menu-main-menu-1\" class=\"grey hide-first-item\"><li id=\"menu-item-252\" class=\"menu-item \"><a href=\"#intro-loesungen\">Intro<\/a><\/li>\n<li id=\"menu-item-227\" class=\"menu-item \"><a href=\"#wohnen-gewerbe-industrie\">Wohnen Gewerbe Industrie<\/a><\/li>\n<li id=\"menu-item-244\" class=\"menu-item \"><a href=\"#einkaufscenter-ladenlokal\">Einkaufscenter Ladenlokal<\/a><\/li>\n<li id=\"menu-item-262\" class=\"menu-item \"><a href=\"#hotel-gastronomie\">Hotel Gastronomie<\/a><\/li>\n<li id=\"menu-item-277\" class=\"menu-item \"><a href=\"#bauwerterhaltung-denkmalschutz\">Bauwerterhaltung Denkmalschutz<\/a><\/li>\n<\/ul><\/div>\n\n<\/div>\n<\/div>\n<\/div>","protected":false},"excerpt":{"rendered":"","protected":false},"author":1,"featured_media":0,"parent":46,"menu_order":5,"comment_status":"closed","ping_status":"closed","template":"page-fullwidth.php","meta":{"footnotes":""},"yoast_head":"<!-- This site is optimized with the Yoast SEO plugin v22.6 - https:\/\/yoast.com\/wordpress\/plugins\/seo\/ -->\n<title>Leistungen \u00b7 Handwerk und Technik \u00b7 Hetzel+Sponheuer \u00b7 Essen<\/title>\n<meta name=\"description\" content=\"Aktuelle Werkstoffe, moderne Baumethoden und Technik kombiniert mit handwerklicher Erfahrung garantieren Kostensicherheit und Nachhaltigkeit beim Bauen\" \/>\n<meta name=\"robots\" content=\"index, follow, max-snippet:-1, max-image-preview:large, max-video-preview:-1\" \/>\n<link rel=\"canonical\" href=\"https:\/\/hetzelsponheuer.de\/de\/leistungen\/handwerk-und-technik\/\" \/>\n<meta property=\"og:locale\" content=\"de_DE\" \/>\n<meta property=\"og:type\" content=\"article\" \/>\n<meta property=\"og:title\" content=\"Leistungen \u00b7 Handwerk und Technik \u00b7 Hetzel+Sponheuer \u00b7 Essen\" \/>\n<meta property=\"og:description\" content=\"Aktuelle Werkstoffe, moderne Baumethoden und Technik kombiniert mit handwerklicher Erfahrung garantieren Kostensicherheit und Nachhaltigkeit beim Bauen\" \/>\n<meta property=\"og:url\" content=\"https:\/\/hetzelsponheuer.de\/de\/leistungen\/handwerk-und-technik\/\" \/>\n<meta property=\"og:site_name\" content=\"Hetzel+Sponheuer \u00b7 de\" \/>\n<meta property=\"article:modified_time\" content=\"2023-04-27T14:40:25+00:00\" \/>\n<meta property=\"og:image\" content=\"https:\/\/hetzelsponheuer.de\/de\/wp-content\/uploads\/sites\/2\/2019\/09\/handwerk-technik-han2-mitte.jpg\" \/>\n<meta name=\"twitter:card\" content=\"summary_large_image\" \/>\n<meta name=\"twitter:label1\" content=\"Gesch\u00e4tzte Lesezeit\" \/>\n\t<meta name=\"twitter:data1\" content=\"2\u00a0Minuten\" \/>\n<script type=\"application\/ld+json\" class=\"yoast-schema-graph\">{\"@context\":\"https:\/\/schema.org\",\"@graph\":[{\"@type\":\"WebPage\",\"@id\":\"https:\/\/hetzelsponheuer.de\/de\/leistungen\/handwerk-und-technik\/\",\"url\":\"https:\/\/hetzelsponheuer.de\/de\/leistungen\/handwerk-und-technik\/\",\"name\":\"Leistungen \u00b7 Handwerk und Technik \u00b7 Hetzel+Sponheuer \u00b7 Essen\",\"isPartOf\":{\"@id\":\"https:\/\/hetzelsponheuer.de\/de\/#website\"},\"primaryImageOfPage\":{\"@id\":\"https:\/\/hetzelsponheuer.de\/de\/leistungen\/handwerk-und-technik\/#primaryimage\"},\"image\":{\"@id\":\"https:\/\/hetzelsponheuer.de\/de\/leistungen\/handwerk-und-technik\/#primaryimage\"},\"thumbnailUrl\":\"https:\/\/hetzelsponheuer.de\/de\/wp-content\/uploads\/sites\/2\/2019\/09\/handwerk-technik-han2-mitte.jpg\",\"datePublished\":\"2019-08-01T15:03:06+00:00\",\"dateModified\":\"2023-04-27T14:40:25+00:00\",\"description\":\"Aktuelle Werkstoffe, moderne Baumethoden und Technik kombiniert mit handwerklicher Erfahrung garantieren Kostensicherheit und Nachhaltigkeit beim Bauen\",\"breadcrumb\":{\"@id\":\"https:\/\/hetzelsponheuer.de\/de\/leistungen\/handwerk-und-technik\/#breadcrumb\"},\"inLanguage\":\"de\",\"potentialAction\":[{\"@type\":\"ReadAction\",\"target\":[\"https:\/\/hetzelsponheuer.de\/de\/leistungen\/handwerk-und-technik\/\"]}]},{\"@type\":\"ImageObject\",\"inLanguage\":\"de\",\"@id\":\"https:\/\/hetzelsponheuer.de\/de\/leistungen\/handwerk-und-technik\/#primaryimage\",\"url\":\"https:\/\/hetzelsponheuer.de\/de\/wp-content\/uploads\/sites\/2\/2019\/09\/handwerk-technik-han2-mitte.jpg\",\"contentUrl\":\"https:\/\/hetzelsponheuer.de\/de\/wp-content\/uploads\/sites\/2\/2019\/09\/handwerk-technik-han2-mitte.jpg\",\"width\":754,\"height\":379},{\"@type\":\"BreadcrumbList\",\"@id\":\"https:\/\/hetzelsponheuer.de\/de\/leistungen\/handwerk-und-technik\/#breadcrumb\",\"itemListElement\":[{\"@type\":\"ListItem\",\"position\":1,\"name\":\"Startseite\",\"item\":\"https:\/\/hetzelsponheuer.de\/de\/\"},{\"@type\":\"ListItem\",\"position\":2,\"name\":\"Leistungen\",\"item\":\"https:\/\/hetzelsponheuer.de\/de\/leistungen\/\"},{\"@type\":\"ListItem\",\"position\":3,\"name\":\"Handwerk und Technik\"}]},{\"@type\":\"WebSite\",\"@id\":\"https:\/\/hetzelsponheuer.de\/de\/#website\",\"url\":\"https:\/\/hetzelsponheuer.de\/de\/\",\"name\":\"Hetzel+Sponheuer \u00b7 de\",\"description\":\"L\u00f6sungen f\u00fcr Ihr Bauprojekt\",\"publisher\":{\"@id\":\"https:\/\/hetzelsponheuer.de\/de\/#organization\"},\"inLanguage\":\"de\"},{\"@type\":\"Organization\",\"@id\":\"https:\/\/hetzelsponheuer.de\/de\/#organization\",\"name\":\"Hetzel+Sponheuer GmbH & Co. KG\",\"url\":\"https:\/\/hetzelsponheuer.de\/de\/\",\"logo\":{\"@type\":\"ImageObject\",\"inLanguage\":\"de\",\"@id\":\"https:\/\/hetzelsponheuer.de\/de\/#\/schema\/logo\/image\/\",\"url\":\"https:\/\/hetzelsponheuer.de\/en\/wp-content\/uploads\/sites\/2\/2020\/02\/logo_hetzelsponheuer.png\",\"contentUrl\":\"https:\/\/hetzelsponheuer.de\/en\/wp-content\/uploads\/sites\/2\/2020\/02\/logo_hetzelsponheuer.png\",\"width\":360,\"height\":24,\"caption\":\"Hetzel+Sponheuer GmbH & Co. KG\"},\"image\":{\"@id\":\"https:\/\/hetzelsponheuer.de\/de\/#\/schema\/logo\/image\/\"},\"sameAs\":[\"https:\/\/www.linkedin.com\/company\/hetzel-sponheuer-gmbh-&amp;-co.-kg\"]}]}<\/script>\n<!-- \/ Yoast SEO plugin. -->","yoast_head_json":{"title":"Leistungen \u00b7 Handwerk und Technik \u00b7 Hetzel+Sponheuer \u00b7 Essen","description":"Aktuelle Werkstoffe, moderne Baumethoden und Technik kombiniert mit handwerklicher Erfahrung garantieren Kostensicherheit und Nachhaltigkeit beim Bauen","robots":{"index":"index","follow":"follow","max-snippet":"max-snippet:-1","max-image-preview":"max-image-preview:large","max-video-preview":"max-video-preview:-1"},"canonical":"https:\/\/hetzelsponheuer.de\/de\/leistungen\/handwerk-und-technik\/","og_locale":"de_DE","og_type":"article","og_title":"Leistungen \u00b7 Handwerk und Technik \u00b7 Hetzel+Sponheuer \u00b7 Essen","og_description":"Aktuelle Werkstoffe, moderne Baumethoden und Technik kombiniert mit handwerklicher Erfahrung garantieren Kostensicherheit und Nachhaltigkeit beim Bauen","og_url":"https:\/\/hetzelsponheuer.de\/de\/leistungen\/handwerk-und-technik\/","og_site_name":"Hetzel+Sponheuer \u00b7 de","article_modified_time":"2023-04-27T14:40:25+00:00","og_image":[{"url":"https:\/\/hetzelsponheuer.de\/de\/wp-content\/uploads\/sites\/2\/2019\/09\/handwerk-technik-han2-mitte.jpg"}],"twitter_card":"summary_large_image","twitter_misc":{"Gesch\u00e4tzte Lesezeit":"2\u00a0Minuten"},"schema":{"@context":"https:\/\/schema.org","@graph":[{"@type":"WebPage","@id":"https:\/\/hetzelsponheuer.de\/de\/leistungen\/handwerk-und-technik\/","url":"https:\/\/hetzelsponheuer.de\/de\/leistungen\/handwerk-und-technik\/","name":"Leistungen \u00b7 Handwerk und Technik \u00b7 Hetzel+Sponheuer \u00b7 Essen","isPartOf":{"@id":"https:\/\/hetzelsponheuer.de\/de\/#website"},"primaryImageOfPage":{"@id":"https:\/\/hetzelsponheuer.de\/de\/leistungen\/handwerk-und-technik\/#primaryimage"},"image":{"@id":"https:\/\/hetzelsponheuer.de\/de\/leistungen\/handwerk-und-technik\/#primaryimage"},"thumbnailUrl":"https:\/\/hetzelsponheuer.de\/de\/wp-content\/uploads\/sites\/2\/2019\/09\/handwerk-technik-han2-mitte.jpg","datePublished":"2019-08-01T15:03:06+00:00","dateModified":"2023-04-27T14:40:25+00:00","description":"Aktuelle Werkstoffe, moderne Baumethoden und Technik kombiniert mit handwerklicher Erfahrung garantieren Kostensicherheit und Nachhaltigkeit beim Bauen","breadcrumb":{"@id":"https:\/\/hetzelsponheuer.de\/de\/leistungen\/handwerk-und-technik\/#breadcrumb"},"inLanguage":"de","potentialAction":[{"@type":"ReadAction","target":["https:\/\/hetzelsponheuer.de\/de\/leistungen\/handwerk-und-technik\/"]}]},{"@type":"ImageObject","inLanguage":"de","@id":"https:\/\/hetzelsponheuer.de\/de\/leistungen\/handwerk-und-technik\/#primaryimage","url":"https:\/\/hetzelsponheuer.de\/de\/wp-content\/uploads\/sites\/2\/2019\/09\/handwerk-technik-han2-mitte.jpg","contentUrl":"https:\/\/hetzelsponheuer.de\/de\/wp-content\/uploads\/sites\/2\/2019\/09\/handwerk-technik-han2-mitte.jpg","width":754,"height":379},{"@type":"BreadcrumbList","@id":"https:\/\/hetzelsponheuer.de\/de\/leistungen\/handwerk-und-technik\/#breadcrumb","itemListElement":[{"@type":"ListItem","position":1,"name":"Startseite","item":"https:\/\/hetzelsponheuer.de\/de\/"},{"@type":"ListItem","position":2,"name":"Leistungen","item":"https:\/\/hetzelsponheuer.de\/de\/leistungen\/"},{"@type":"ListItem","position":3,"name":"Handwerk und Technik"}]},{"@type":"WebSite","@id":"https:\/\/hetzelsponheuer.de\/de\/#website","url":"https:\/\/hetzelsponheuer.de\/de\/","name":"Hetzel+Sponheuer \u00b7 de","description":"L\u00f6sungen f\u00fcr Ihr Bauprojekt","publisher":{"@id":"https:\/\/hetzelsponheuer.de\/de\/#organization"},"inLanguage":"de"},{"@type":"Organization","@id":"https:\/\/hetzelsponheuer.de\/de\/#organization","name":"Hetzel+Sponheuer GmbH & Co. KG","url":"https:\/\/hetzelsponheuer.de\/de\/","logo":{"@type":"ImageObject","inLanguage":"de","@id":"https:\/\/hetzelsponheuer.de\/de\/#\/schema\/logo\/image\/","url":"https:\/\/hetzelsponheuer.de\/en\/wp-content\/uploads\/sites\/2\/2020\/02\/logo_hetzelsponheuer.png","contentUrl":"https:\/\/hetzelsponheuer.de\/en\/wp-content\/uploads\/sites\/2\/2020\/02\/logo_hetzelsponheuer.png","width":360,"height":24,"caption":"Hetzel+Sponheuer GmbH & Co. KG"},"image":{"@id":"https:\/\/hetzelsponheuer.de\/de\/#\/schema\/logo\/image\/"},"sameAs":["https:\/\/www.linkedin.com\/company\/hetzel-sponheuer-gmbh-&amp;-co.-kg"]}]}},"_links":{"self":[{"href":"https:\/\/hetzelsponheuer.de\/de\/wp-json\/wp\/v2\/pages\/454"}],"collection":[{"href":"https:\/\/hetzelsponheuer.de\/de\/wp-json\/wp\/v2\/pages"}],"about":[{"href":"https:\/\/hetzelsponheuer.de\/de\/wp-json\/wp\/v2\/types\/page"}],"author":[{"embeddable":true,"href":"https:\/\/hetzelsponheuer.de\/de\/wp-json\/wp\/v2\/users\/1"}],"replies":[{"embeddable":true,"href":"https:\/\/hetzelsponheuer.de\/de\/wp-json\/wp\/v2\/comments?post=454"}],"version-history":[{"count":3,"href":"https:\/\/hetzelsponheuer.de\/de\/wp-json\/wp\/v2\/pages\/454\/revisions"}],"predecessor-version":[{"id":5936,"href":"https:\/\/hetzelsponheuer.de\/de\/wp-json\/wp\/v2\/pages\/454\/revisions\/5936"}],"up":[{"embeddable":true,"href":"https:\/\/hetzelsponheuer.de\/de\/wp-json\/wp\/v2\/pages\/46"}],"wp:attachment":[{"href":"https:\/\/hetzelsponheuer.de\/de\/wp-json\/wp\/v2\/media?parent=454"}],"curies":[{"name":"wp","href":"https:\/\/api.w.org\/{rel}","templated":true}]}}