{"id":4855,"date":"2019-12-16T16:25:40","date_gmt":"2019-12-16T15:25:40","guid":{"rendered":"http:\/\/hetzelsponheuer.de\/de\/?page_id=4855"},"modified":"2023-04-25T13:04:55","modified_gmt":"2023-04-25T11:04:55","slug":"standorte","status":"publish","type":"page","link":"https:\/\/hetzelsponheuer.de\/de\/unternehmen\/standorte\/","title":{"rendered":"Standorte"},"content":{"rendered":"<div class=\"langhash\" data-val=\"#locations\"><\/div>\n\n<div class=\"row x-4 md-3-6-3 sm-0-12-0 wp-block-lazyblock-inner-block lazyblock-inner-block-Z1QKdAh\">\n<div class=\"col wp-block-lazyblock-inner-block lazyblock-inner-block-25E6e7\">\n<div class=\"bg blue wp-block-lazyblock-inner-block lazyblock-inner-block-2rKwNQ\">\n\n<p>  <\/p>\n\n<\/div>\n<\/div>\n\n<div class=\"col wp-block-lazyblock-inner-block lazyblock-inner-block-Z2qqAWz\">\n<div class=\"bg grey wp-block-lazyblock-inner-block lazyblock-inner-block-10gbKj\">\n\n<p>     <\/p>\n\n<\/div>\n<\/div>\n\n<div class=\"col wp-block-lazyblock-inner-block lazyblock-inner-block-21k9zx\">\n<div class=\"bg grey wp-block-lazyblock-inner-block lazyblock-inner-block-1DXB0J\">\n\n<p>  <\/p>\n\n<\/div>\n<\/div>\n<\/div>\n\n<div class=\"row x-24 md-3-9 sm-0-12 wp-block-lazyblock-inner-block lazyblock-inner-block-ZviAFa\">\n<div class=\"col wp-block-lazyblock-inner-block lazyblock-inner-block-fIUGt\">\n<div class=\"wp-block-lazyblock-inner-block lazyblock-inner-block-Zxfn2F\">\n\n<p>  <\/p>\n\n<\/div>\n<\/div>\n\n<div class=\"col wp-block-lazyblock-inner-block lazyblock-inner-block-U8xrA\">\n<div class=\"head wp-block-lazyblock-inner-block lazyblock-inner-block-2tXAUq\">\n\n<p class=\"topline grey scroll\"><a href=\"#unternehmensprofil\">UNTERNEHMEN<\/a> \u00b7 Standorte<\/p>\n\n\n\n<h1 class=\"wp-block-heading\">Hauptsitz <pan class=\"grey\">und B\u00fcros<\/pan><\/h1>\n\n<\/div>\n<\/div>\n<\/div>\n\n<div class=\"row x-24 md-3-6-3 sm-0-12-0 wp-block-lazyblock-inner-block lazyblock-inner-block-24ERMb\">\n<div class=\"col wp-block-lazyblock-inner-block lazyblock-inner-block-Z1GnFTu\">\n<div class=\"wp-block-lazyblock-inner-block lazyblock-inner-block-ZKd4vf\">\n\n<p class=\"md-right color pl-24\"> <\/p>\n\n<\/div>\n<\/div>\n\n<div class=\"col wp-block-lazyblock-inner-block lazyblock-inner-block-1Y0PCs\">\n<div class=\"wp-block-lazyblock-inner-block lazyblock-inner-block-2a9ura\">\n\n<p class=\"bold color\">Seit 1904 sind wir am Standort Essen-Altenessen zuverl\u00e4ssiger Arbeitgeber und Ausbildungsbetrieb. Ein weiteres B\u00fcro an einem zentralen Ort unterst\u00fctzt unsere Kunden und Bauteams bei Organisation und Logistik.<\/p>\n\n\n\n<div style=\"height:24px\" aria-hidden=\"true\" class=\"wp-block-spacer\"><\/div>\n\n\n\n<h3 class=\"wp-block-heading h4\">Hauptsitz Zeche Fritz-Heinrich in Essen<\/h3>\n\n\n\n<p>Der Hauptsitz des Unternehmens in Essen-Alten\u00adessen ist die ehe\u00admalige Zeche Fritz-Heinrich. Das Firmengeb\u00e4ude ist ein Beispiel f\u00fcr die Umnutzung historischer Bausubstanz. Von hier aus planen, organisieren und betreuen wir Projekte unserer Kunden im gesamten Bundesgebiet. Zwei B\u00fcros an zentralen Orten unterst\u00fctzen unsere Baufachleute vor Ort.<\/p>\n\n\n\n<p>Hetzel + Sponheuer\u00a0GmbH &amp; Co. KG, Zeche Fritz-Heinrich<br>Nordsternstra\u00dfe 65, 45329 Essen, fon +49 201 3646-01<\/p>\n\n\n\n<h3 class=\"wp-block-heading h4\">B\u00fcro St. Leon-Rot<\/h3>\n\n\n\n<p>Unser B\u00fcrostandort St. Leon-Roth betreut Kunden und Projekte in der Region Rhein-Main \/ Rhein-Neckar und entwickelt verantwortlich unser Netzwerk Bau in dieser Region.<\/p>\n\n\n\n<p>Opelstra\u00dfe 1, 68789 St. Leon-Rot<br>B\u00fcroleitung: <a class=\"link ajx grey\" href=\"philipp-siebels\" data-display=\"fancybox\" data-post-type=\"mitarbeiter\">Philipp Siebels<\/a><\/p>\n\n\n\n<div style=\"height:48px\" aria-hidden=\"true\" class=\"wp-block-spacer\"><\/div>\n\n<\/div>\n<\/div>\n\n<div class=\"col wp-block-lazyblock-inner-block lazyblock-inner-block-2aodSz\">\n<div class=\"wp-block-lazyblock-inner-block lazyblock-inner-block-IjllQ\">\n<div class=\"menu-main-menu-container\"><ul id=\"menu-main-menu\" class=\"grey link\"><li id=\"menu-item-70\" class=\"menu-item \"><a href=\"#unternehmensprofil\">Unternehmensprofil<\/a><\/li>\n<li id=\"menu-item-4854\" class=\"menu-item \"><a href=\"#standorte\">Standorte<\/a><\/li>\n<li id=\"menu-item-75\" class=\"menu-item \"><a href=\"#geschaeftsfuehrung-und-beirat\">Gesch\u00e4ftsf\u00fchrung und Beirat<\/a><\/li>\n<li id=\"menu-item-137\" class=\"menu-item \"><a href=\"#ansprechpartner\">Ansprechpartner<\/a><\/li>\n<li id=\"menu-item-147\" class=\"menu-item \"><a href=\"#qualitaetsmanagement\">Qualit\u00e4tsmanagement<\/a><\/li>\n<li id=\"menu-item-205\" class=\"menu-item \"><a href=\"#netzwerk-bau\">Netzwerk Bau<\/a><\/li>\n<li id=\"menu-item-210\" class=\"menu-item \"><a href=\"#karriere\">Karriere<\/a><\/li>\n<\/ul><\/div>\n\n\n\n<h4 class=\"wp-block-heading\">Weitere Informationen<\/h4>\n\n\n\n<ul class=\"link grey no-margin\">\n<li><a rel=\"noreferrer noopener\" href=\"https:\/\/hetzelsponheuer.de\/download\/hetzelsponheuer_anfahrt_de.pdf\" target=\"_blank\">Anfahrt Essen pdf<\/a><\/li>\n\n\n\n<li><a href=\"https:\/\/goo.gl\/maps\/ccYUvb7Vv1P4Vvd96\" target=\"_blank\" rel=\"noreferrer noopener\">Google Maps<\/a><\/li>\n<\/ul>\n\n\n\n<ul class=\"fade-link grey\">\n<li><a href=\"https:\/\/hetzelsponheuer.de\/de\/leitbild\/\">Unternehmens Leitbild<\/a><\/li>\n\n\n\n<li><a href=\"https:\/\/hetzelsponheuer.de\/de\/info\/#kontakt\">Kontakt<\/a><\/li>\n<\/ul>\n\n<\/div>\n<\/div>\n<\/div>","protected":false},"excerpt":{"rendered":"","protected":false},"author":1,"featured_media":0,"parent":49,"menu_order":2,"comment_status":"closed","ping_status":"closed","template":"page-fullwidth.php","meta":{"footnotes":""},"yoast_head":"<!-- This site is optimized with the Yoast SEO plugin v22.6 - https:\/\/yoast.com\/wordpress\/plugins\/seo\/ -->\n<title>Unternehmen \u00b7 Standorte \u00b7 Hetzel+Sponheuer \u00b7 Essen<\/title>\n<meta name=\"description\" content=\"Vom Standort Essen aus planen, organisieren und betreuen wir Projekte im gesamten Bundesgebiet. Zwei B\u00fcros unterst\u00fctzen unsere Baufachleute vor Ort.\" \/>\n<meta name=\"robots\" content=\"index, follow, max-snippet:-1, max-image-preview:large, max-video-preview:-1\" \/>\n<link rel=\"canonical\" href=\"https:\/\/hetzelsponheuer.de\/de\/unternehmen\/standorte\/\" \/>\n<meta property=\"og:locale\" content=\"de_DE\" \/>\n<meta property=\"og:type\" content=\"article\" \/>\n<meta property=\"og:title\" content=\"Unternehmen \u00b7 Standorte \u00b7 Hetzel+Sponheuer \u00b7 Essen\" \/>\n<meta property=\"og:description\" content=\"Vom Standort Essen aus planen, organisieren und betreuen wir Projekte im gesamten Bundesgebiet. Zwei B\u00fcros unterst\u00fctzen unsere Baufachleute vor Ort.\" \/>\n<meta property=\"og:url\" content=\"https:\/\/hetzelsponheuer.de\/de\/unternehmen\/standorte\/\" \/>\n<meta property=\"og:site_name\" content=\"Hetzel+Sponheuer \u00b7 de\" \/>\n<meta property=\"article:modified_time\" content=\"2023-04-25T11:04:55+00:00\" \/>\n<meta name=\"twitter:card\" content=\"summary_large_image\" \/>\n<script type=\"application\/ld+json\" class=\"yoast-schema-graph\">{\"@context\":\"https:\/\/schema.org\",\"@graph\":[{\"@type\":\"WebPage\",\"@id\":\"https:\/\/hetzelsponheuer.de\/de\/unternehmen\/standorte\/\",\"url\":\"https:\/\/hetzelsponheuer.de\/de\/unternehmen\/standorte\/\",\"name\":\"Unternehmen \u00b7 Standorte \u00b7 Hetzel+Sponheuer \u00b7 Essen\",\"isPartOf\":{\"@id\":\"https:\/\/hetzelsponheuer.de\/de\/#website\"},\"datePublished\":\"2019-12-16T15:25:40+00:00\",\"dateModified\":\"2023-04-25T11:04:55+00:00\",\"description\":\"Vom Standort Essen aus planen, organisieren und betreuen wir Projekte im gesamten Bundesgebiet. Zwei B\u00fcros unterst\u00fctzen unsere Baufachleute vor Ort.\",\"breadcrumb\":{\"@id\":\"https:\/\/hetzelsponheuer.de\/de\/unternehmen\/standorte\/#breadcrumb\"},\"inLanguage\":\"de\",\"potentialAction\":[{\"@type\":\"ReadAction\",\"target\":[\"https:\/\/hetzelsponheuer.de\/de\/unternehmen\/standorte\/\"]}]},{\"@type\":\"BreadcrumbList\",\"@id\":\"https:\/\/hetzelsponheuer.de\/de\/unternehmen\/standorte\/#breadcrumb\",\"itemListElement\":[{\"@type\":\"ListItem\",\"position\":1,\"name\":\"Startseite\",\"item\":\"https:\/\/hetzelsponheuer.de\/de\/\"},{\"@type\":\"ListItem\",\"position\":2,\"name\":\"Unternehmen\",\"item\":\"https:\/\/hetzelsponheuer.de\/de\/unternehmen\/\"},{\"@type\":\"ListItem\",\"position\":3,\"name\":\"Standorte\"}]},{\"@type\":\"WebSite\",\"@id\":\"https:\/\/hetzelsponheuer.de\/de\/#website\",\"url\":\"https:\/\/hetzelsponheuer.de\/de\/\",\"name\":\"Hetzel+Sponheuer \u00b7 de\",\"description\":\"L\u00f6sungen f\u00fcr Ihr Bauprojekt\",\"publisher\":{\"@id\":\"https:\/\/hetzelsponheuer.de\/de\/#organization\"},\"inLanguage\":\"de\"},{\"@type\":\"Organization\",\"@id\":\"https:\/\/hetzelsponheuer.de\/de\/#organization\",\"name\":\"Hetzel+Sponheuer GmbH & Co. KG\",\"url\":\"https:\/\/hetzelsponheuer.de\/de\/\",\"logo\":{\"@type\":\"ImageObject\",\"inLanguage\":\"de\",\"@id\":\"https:\/\/hetzelsponheuer.de\/de\/#\/schema\/logo\/image\/\",\"url\":\"https:\/\/hetzelsponheuer.de\/en\/wp-content\/uploads\/sites\/2\/2020\/02\/logo_hetzelsponheuer.png\",\"contentUrl\":\"https:\/\/hetzelsponheuer.de\/en\/wp-content\/uploads\/sites\/2\/2020\/02\/logo_hetzelsponheuer.png\",\"width\":360,\"height\":24,\"caption\":\"Hetzel+Sponheuer GmbH & Co. KG\"},\"image\":{\"@id\":\"https:\/\/hetzelsponheuer.de\/de\/#\/schema\/logo\/image\/\"},\"sameAs\":[\"https:\/\/www.linkedin.com\/company\/hetzel-sponheuer-gmbh-&amp;-co.-kg\"]}]}<\/script>\n<!-- \/ Yoast SEO plugin. -->","yoast_head_json":{"title":"Unternehmen \u00b7 Standorte \u00b7 Hetzel+Sponheuer \u00b7 Essen","description":"Vom Standort Essen aus planen, organisieren und betreuen wir Projekte im gesamten Bundesgebiet. Zwei B\u00fcros unterst\u00fctzen unsere Baufachleute vor Ort.","robots":{"index":"index","follow":"follow","max-snippet":"max-snippet:-1","max-image-preview":"max-image-preview:large","max-video-preview":"max-video-preview:-1"},"canonical":"https:\/\/hetzelsponheuer.de\/de\/unternehmen\/standorte\/","og_locale":"de_DE","og_type":"article","og_title":"Unternehmen \u00b7 Standorte \u00b7 Hetzel+Sponheuer \u00b7 Essen","og_description":"Vom Standort Essen aus planen, organisieren und betreuen wir Projekte im gesamten Bundesgebiet. Zwei B\u00fcros unterst\u00fctzen unsere Baufachleute vor Ort.","og_url":"https:\/\/hetzelsponheuer.de\/de\/unternehmen\/standorte\/","og_site_name":"Hetzel+Sponheuer \u00b7 de","article_modified_time":"2023-04-25T11:04:55+00:00","twitter_card":"summary_large_image","schema":{"@context":"https:\/\/schema.org","@graph":[{"@type":"WebPage","@id":"https:\/\/hetzelsponheuer.de\/de\/unternehmen\/standorte\/","url":"https:\/\/hetzelsponheuer.de\/de\/unternehmen\/standorte\/","name":"Unternehmen \u00b7 Standorte \u00b7 Hetzel+Sponheuer \u00b7 Essen","isPartOf":{"@id":"https:\/\/hetzelsponheuer.de\/de\/#website"},"datePublished":"2019-12-16T15:25:40+00:00","dateModified":"2023-04-25T11:04:55+00:00","description":"Vom Standort Essen aus planen, organisieren und betreuen wir Projekte im gesamten Bundesgebiet. Zwei B\u00fcros unterst\u00fctzen unsere Baufachleute vor Ort.","breadcrumb":{"@id":"https:\/\/hetzelsponheuer.de\/de\/unternehmen\/standorte\/#breadcrumb"},"inLanguage":"de","potentialAction":[{"@type":"ReadAction","target":["https:\/\/hetzelsponheuer.de\/de\/unternehmen\/standorte\/"]}]},{"@type":"BreadcrumbList","@id":"https:\/\/hetzelsponheuer.de\/de\/unternehmen\/standorte\/#breadcrumb","itemListElement":[{"@type":"ListItem","position":1,"name":"Startseite","item":"https:\/\/hetzelsponheuer.de\/de\/"},{"@type":"ListItem","position":2,"name":"Unternehmen","item":"https:\/\/hetzelsponheuer.de\/de\/unternehmen\/"},{"@type":"ListItem","position":3,"name":"Standorte"}]},{"@type":"WebSite","@id":"https:\/\/hetzelsponheuer.de\/de\/#website","url":"https:\/\/hetzelsponheuer.de\/de\/","name":"Hetzel+Sponheuer \u00b7 de","description":"L\u00f6sungen f\u00fcr Ihr Bauprojekt","publisher":{"@id":"https:\/\/hetzelsponheuer.de\/de\/#organization"},"inLanguage":"de"},{"@type":"Organization","@id":"https:\/\/hetzelsponheuer.de\/de\/#organization","name":"Hetzel+Sponheuer GmbH & Co. KG","url":"https:\/\/hetzelsponheuer.de\/de\/","logo":{"@type":"ImageObject","inLanguage":"de","@id":"https:\/\/hetzelsponheuer.de\/de\/#\/schema\/logo\/image\/","url":"https:\/\/hetzelsponheuer.de\/en\/wp-content\/uploads\/sites\/2\/2020\/02\/logo_hetzelsponheuer.png","contentUrl":"https:\/\/hetzelsponheuer.de\/en\/wp-content\/uploads\/sites\/2\/2020\/02\/logo_hetzelsponheuer.png","width":360,"height":24,"caption":"Hetzel+Sponheuer GmbH & Co. KG"},"image":{"@id":"https:\/\/hetzelsponheuer.de\/de\/#\/schema\/logo\/image\/"},"sameAs":["https:\/\/www.linkedin.com\/company\/hetzel-sponheuer-gmbh-&amp;-co.-kg"]}]}},"_links":{"self":[{"href":"https:\/\/hetzelsponheuer.de\/de\/wp-json\/wp\/v2\/pages\/4855"}],"collection":[{"href":"https:\/\/hetzelsponheuer.de\/de\/wp-json\/wp\/v2\/pages"}],"about":[{"href":"https:\/\/hetzelsponheuer.de\/de\/wp-json\/wp\/v2\/types\/page"}],"author":[{"embeddable":true,"href":"https:\/\/hetzelsponheuer.de\/de\/wp-json\/wp\/v2\/users\/1"}],"replies":[{"embeddable":true,"href":"https:\/\/hetzelsponheuer.de\/de\/wp-json\/wp\/v2\/comments?post=4855"}],"version-history":[{"count":2,"href":"https:\/\/hetzelsponheuer.de\/de\/wp-json\/wp\/v2\/pages\/4855\/revisions"}],"predecessor-version":[{"id":5928,"href":"https:\/\/hetzelsponheuer.de\/de\/wp-json\/wp\/v2\/pages\/4855\/revisions\/5928"}],"up":[{"embeddable":true,"href":"https:\/\/hetzelsponheuer.de\/de\/wp-json\/wp\/v2\/pages\/49"}],"wp:attachment":[{"href":"https:\/\/hetzelsponheuer.de\/de\/wp-json\/wp\/v2\/media?parent=4855"}],"curies":[{"name":"wp","href":"https:\/\/api.w.org\/{rel}","templated":true}]}}